{"id":5836,"date":"2024-04-25T20:18:11","date_gmt":"2024-04-25T20:18:11","guid":{"rendered":"https:\/\/booksfrommexico.com\/product\/el-ensayo\/"},"modified":"2024-04-26T19:16:09","modified_gmt":"2024-04-26T19:16:09","slug":"el-ensayo","status":"publish","type":"product","link":"https:\/\/booksfrommexico.com\/es\/producto\/el-ensayo\/","title":{"rendered":"El Ensayo"},"content":{"rendered":"<p><span style=\"font-weight: 400;\">Primer tomo de la colecci\u00f3n <\/span><i><span style=\"font-weight: 400;\">El Ensayo<\/span><\/i><span style=\"font-weight: 400;\">, creada con el prop\u00f3sito de traer a los lectores una variedad de escritos de un g\u00e9nero que, siendo popular en otras tradiciones literarias, en el espa\u00f1ol no se suele publicar de forma antol\u00f3gica. En este ejemplar se re\u00fane el trabajo de 24 autores y 22 autoras provenientes de M\u00e9xico, Espa\u00f1a, Argentina, Chile, Colombia, Per\u00fa, Venezuela y Uruguay. Estos textos ahondan en temas variados como la preocupaci\u00f3n de quienes escriben por pensar la vida y la experiencia de otros artistas a la luz de la propia, la reflexi\u00f3n de temas tan espec\u00edficos como la redefinici\u00f3n de la relaci\u00f3n del ensayo con la cr\u00edtica. <\/span><\/p>\n","protected":false},"excerpt":{"rendered":"<p>EL ENSAYO<span style=\"font-weight: 400;\">. \/ H\u00e9ctor Perea (editor). Ciudad de M\u00e9xico, M\u00e9xico : Universidad Nacional Aut\u00f3noma de M\u00e9xico , Coordinaci\u00f3n de Difusi\u00f3n Cultural , Direcci\u00f3n de Literatura, 2019. 467 pages : includes semblances ; 20 cm. (Colecci\u00f3n El ensayo). ISBN :\u00a0 9786073021906 (serie) ; 9786073021890 (volumen).<\/span><\/p>\n","protected":false},"featured_media":5918,"template":"","meta":{"_acf_changed":false,"inline_featured_image":false},"product_brand":[],"product_cat":[52,26],"product_tag":[4112,3855],"class_list":{"0":"post-5836","1":"product","2":"type-product","3":"status-publish","4":"has-post-thumbnail","6":"product_cat-critica-literaria","7":"product_cat-ensayo-literatura","8":"product_tag-antologia","9":"product_tag-ensayos","11":"first","12":"instock","13":"taxable","14":"shipping-taxable","15":"purchasable","16":"product-type-simple"},"acf":[],"yoast_head":"<!-- This site is optimized with the Yoast SEO plugin v27.3 - https:\/\/yoast.com\/product\/yoast-seo-wordpress\/ -->\n<title>El ensayo<\/title>\n<meta name=\"description\" content=\"EH\u00e9ctor Perea (editor). Ciudad de M\u00e9xico, M\u00e9xico : UNAM , Coordinaci\u00f3n de Difusi\u00f3n Cultural , Direcci\u00f3n de Literatura, 2019. (Colecci\u00f3n El ensayo).\" \/>\n<meta name=\"robots\" content=\"index, follow, max-snippet:-1, max-image-preview:large, max-video-preview:-1\" \/>\n<link rel=\"canonical\" href=\"https:\/\/booksfrommexico.com\/es\/producto\/el-ensayo\/\" \/>\n<meta property=\"og:locale\" content=\"es_ES\" \/>\n<meta property=\"og:type\" content=\"article\" \/>\n<meta property=\"og:title\" content=\"El ensayo\" \/>\n<meta property=\"og:description\" content=\"EH\u00e9ctor Perea (editor). Ciudad de M\u00e9xico, M\u00e9xico : UNAM , Coordinaci\u00f3n de Difusi\u00f3n Cultural , Direcci\u00f3n de Literatura, 2019. (Colecci\u00f3n El ensayo).\" \/>\n<meta property=\"og:url\" content=\"https:\/\/booksfrommexico.com\/es\/producto\/el-ensayo\/\" \/>\n<meta property=\"og:site_name\" content=\"Books From Mexico\" \/>\n<meta property=\"article:modified_time\" content=\"2024-04-26T19:16:09+00:00\" \/>\n<meta property=\"og:image\" content=\"http:\/\/booksfrommexico.com\/app\/uploads\/2024\/04\/190922.jpeg\" \/>\n\t<meta property=\"og:image:width\" content=\"462\" \/>\n\t<meta property=\"og:image:height\" content=\"582\" \/>\n\t<meta property=\"og:image:type\" content=\"image\/jpeg\" \/>\n<meta name=\"twitter:card\" content=\"summary_large_image\" \/>\n<meta name=\"twitter:label1\" content=\"Tiempo de lectura\" \/>\n\t<meta name=\"twitter:data1\" content=\"1 minuto\" \/>\n<script type=\"application\/ld+json\" class=\"yoast-schema-graph\">{\"@context\":\"https:\\\/\\\/schema.org\",\"@graph\":[{\"@type\":\"WebPage\",\"@id\":\"https:\\\/\\\/booksfrommexico.com\\\/es\\\/producto\\\/el-ensayo\\\/\",\"url\":\"https:\\\/\\\/booksfrommexico.com\\\/es\\\/producto\\\/el-ensayo\\\/\",\"name\":\"El ensayo\",\"isPartOf\":{\"@id\":\"https:\\\/\\\/booksfrommexico.com\\\/#website\"},\"primaryImageOfPage\":{\"@id\":\"https:\\\/\\\/booksfrommexico.com\\\/es\\\/producto\\\/el-ensayo\\\/#primaryimage\"},\"image\":{\"@id\":\"https:\\\/\\\/booksfrommexico.com\\\/es\\\/producto\\\/el-ensayo\\\/#primaryimage\"},\"thumbnailUrl\":\"https:\\\/\\\/booksfrommexico.com\\\/app\\\/uploads\\\/2024\\\/04\\\/190922.jpeg\",\"datePublished\":\"2024-04-25T20:18:11+00:00\",\"dateModified\":\"2024-04-26T19:16:09+00:00\",\"description\":\"EH\u00e9ctor Perea (editor). Ciudad de M\u00e9xico, M\u00e9xico : UNAM , Coordinaci\u00f3n de Difusi\u00f3n Cultural , Direcci\u00f3n de Literatura, 2019. (Colecci\u00f3n El ensayo).\",\"breadcrumb\":{\"@id\":\"https:\\\/\\\/booksfrommexico.com\\\/es\\\/producto\\\/el-ensayo\\\/#breadcrumb\"},\"inLanguage\":\"es\",\"potentialAction\":[{\"@type\":\"ReadAction\",\"target\":[\"https:\\\/\\\/booksfrommexico.com\\\/es\\\/producto\\\/el-ensayo\\\/\"]}]},{\"@type\":\"ImageObject\",\"inLanguage\":\"es\",\"@id\":\"https:\\\/\\\/booksfrommexico.com\\\/es\\\/producto\\\/el-ensayo\\\/#primaryimage\",\"url\":\"https:\\\/\\\/booksfrommexico.com\\\/app\\\/uploads\\\/2024\\\/04\\\/190922.jpeg\",\"contentUrl\":\"https:\\\/\\\/booksfrommexico.com\\\/app\\\/uploads\\\/2024\\\/04\\\/190922.jpeg\",\"width\":462,\"height\":582,\"caption\":\"EL ENSAYO\"},{\"@type\":\"BreadcrumbList\",\"@id\":\"https:\\\/\\\/booksfrommexico.com\\\/es\\\/producto\\\/el-ensayo\\\/#breadcrumb\",\"itemListElement\":[{\"@type\":\"ListItem\",\"position\":1,\"name\":\"Home\",\"item\":\"https:\\\/\\\/booksfrommexico.com\\\/es\\\/\"},{\"@type\":\"ListItem\",\"position\":2,\"name\":\"Libros\",\"item\":\"https:\\\/\\\/booksfrommexico.com\\\/es\\\/libros\\\/\"},{\"@type\":\"ListItem\",\"position\":3,\"name\":\"El Ensayo\"}]},{\"@type\":\"WebSite\",\"@id\":\"https:\\\/\\\/booksfrommexico.com\\\/#website\",\"url\":\"https:\\\/\\\/booksfrommexico.com\\\/\",\"name\":\"Books From Mexico\",\"description\":\"\",\"publisher\":{\"@id\":\"https:\\\/\\\/booksfrommexico.com\\\/#organization\"},\"potentialAction\":[{\"@type\":\"SearchAction\",\"target\":{\"@type\":\"EntryPoint\",\"urlTemplate\":\"https:\\\/\\\/booksfrommexico.com\\\/?s={search_term_string}\"},\"query-input\":{\"@type\":\"PropertyValueSpecification\",\"valueRequired\":true,\"valueName\":\"search_term_string\"}}],\"inLanguage\":\"es\"},{\"@type\":\"Organization\",\"@id\":\"https:\\\/\\\/booksfrommexico.com\\\/#organization\",\"name\":\"Books From Mexico\",\"url\":\"https:\\\/\\\/booksfrommexico.com\\\/\",\"logo\":{\"@type\":\"ImageObject\",\"inLanguage\":\"es\",\"@id\":\"https:\\\/\\\/booksfrommexico.com\\\/#\\\/schema\\\/logo\\\/image\\\/\",\"url\":\"https:\\\/\\\/booksfrommexico.com\\\/app\\\/uploads\\\/2023\\\/05\\\/logo-booksfrommexico.svg\",\"contentUrl\":\"https:\\\/\\\/booksfrommexico.com\\\/app\\\/uploads\\\/2023\\\/05\\\/logo-booksfrommexico.svg\",\"width\":86,\"height\":56,\"caption\":\"Books From Mexico\"},\"image\":{\"@id\":\"https:\\\/\\\/booksfrommexico.com\\\/#\\\/schema\\\/logo\\\/image\\\/\"}}]}<\/script>\n<!-- \/ Yoast SEO plugin. -->","yoast_head_json":{"title":"El ensayo","description":"EH\u00e9ctor Perea (editor). Ciudad de M\u00e9xico, M\u00e9xico : UNAM , Coordinaci\u00f3n de Difusi\u00f3n Cultural , Direcci\u00f3n de Literatura, 2019. (Colecci\u00f3n El ensayo).","robots":{"index":"index","follow":"follow","max-snippet":"max-snippet:-1","max-image-preview":"max-image-preview:large","max-video-preview":"max-video-preview:-1"},"canonical":"https:\/\/booksfrommexico.com\/es\/producto\/el-ensayo\/","og_locale":"es_ES","og_type":"article","og_title":"El ensayo","og_description":"EH\u00e9ctor Perea (editor). Ciudad de M\u00e9xico, M\u00e9xico : UNAM , Coordinaci\u00f3n de Difusi\u00f3n Cultural , Direcci\u00f3n de Literatura, 2019. (Colecci\u00f3n El ensayo).","og_url":"https:\/\/booksfrommexico.com\/es\/producto\/el-ensayo\/","og_site_name":"Books From Mexico","article_modified_time":"2024-04-26T19:16:09+00:00","og_image":[{"width":462,"height":582,"url":"http:\/\/booksfrommexico.com\/app\/uploads\/2024\/04\/190922.jpeg","type":"image\/jpeg"}],"twitter_card":"summary_large_image","twitter_misc":{"Tiempo de lectura":"1 minuto"},"schema":{"@context":"https:\/\/schema.org","@graph":[{"@type":"WebPage","@id":"https:\/\/booksfrommexico.com\/es\/producto\/el-ensayo\/","url":"https:\/\/booksfrommexico.com\/es\/producto\/el-ensayo\/","name":"El ensayo","isPartOf":{"@id":"https:\/\/booksfrommexico.com\/#website"},"primaryImageOfPage":{"@id":"https:\/\/booksfrommexico.com\/es\/producto\/el-ensayo\/#primaryimage"},"image":{"@id":"https:\/\/booksfrommexico.com\/es\/producto\/el-ensayo\/#primaryimage"},"thumbnailUrl":"https:\/\/booksfrommexico.com\/app\/uploads\/2024\/04\/190922.jpeg","datePublished":"2024-04-25T20:18:11+00:00","dateModified":"2024-04-26T19:16:09+00:00","description":"EH\u00e9ctor Perea (editor). Ciudad de M\u00e9xico, M\u00e9xico : UNAM , Coordinaci\u00f3n de Difusi\u00f3n Cultural , Direcci\u00f3n de Literatura, 2019. (Colecci\u00f3n El ensayo).","breadcrumb":{"@id":"https:\/\/booksfrommexico.com\/es\/producto\/el-ensayo\/#breadcrumb"},"inLanguage":"es","potentialAction":[{"@type":"ReadAction","target":["https:\/\/booksfrommexico.com\/es\/producto\/el-ensayo\/"]}]},{"@type":"ImageObject","inLanguage":"es","@id":"https:\/\/booksfrommexico.com\/es\/producto\/el-ensayo\/#primaryimage","url":"https:\/\/booksfrommexico.com\/app\/uploads\/2024\/04\/190922.jpeg","contentUrl":"https:\/\/booksfrommexico.com\/app\/uploads\/2024\/04\/190922.jpeg","width":462,"height":582,"caption":"EL ENSAYO"},{"@type":"BreadcrumbList","@id":"https:\/\/booksfrommexico.com\/es\/producto\/el-ensayo\/#breadcrumb","itemListElement":[{"@type":"ListItem","position":1,"name":"Home","item":"https:\/\/booksfrommexico.com\/es\/"},{"@type":"ListItem","position":2,"name":"Libros","item":"https:\/\/booksfrommexico.com\/es\/libros\/"},{"@type":"ListItem","position":3,"name":"El Ensayo"}]},{"@type":"WebSite","@id":"https:\/\/booksfrommexico.com\/#website","url":"https:\/\/booksfrommexico.com\/","name":"Books From Mexico","description":"","publisher":{"@id":"https:\/\/booksfrommexico.com\/#organization"},"potentialAction":[{"@type":"SearchAction","target":{"@type":"EntryPoint","urlTemplate":"https:\/\/booksfrommexico.com\/?s={search_term_string}"},"query-input":{"@type":"PropertyValueSpecification","valueRequired":true,"valueName":"search_term_string"}}],"inLanguage":"es"},{"@type":"Organization","@id":"https:\/\/booksfrommexico.com\/#organization","name":"Books From Mexico","url":"https:\/\/booksfrommexico.com\/","logo":{"@type":"ImageObject","inLanguage":"es","@id":"https:\/\/booksfrommexico.com\/#\/schema\/logo\/image\/","url":"https:\/\/booksfrommexico.com\/app\/uploads\/2023\/05\/logo-booksfrommexico.svg","contentUrl":"https:\/\/booksfrommexico.com\/app\/uploads\/2023\/05\/logo-booksfrommexico.svg","width":86,"height":56,"caption":"Books From Mexico"},"image":{"@id":"https:\/\/booksfrommexico.com\/#\/schema\/logo\/image\/"}}]}},"_links":{"self":[{"href":"https:\/\/booksfrommexico.com\/es\/wp-json\/wp\/v2\/product\/5836","targetHints":{"allow":["GET"]}}],"collection":[{"href":"https:\/\/booksfrommexico.com\/es\/wp-json\/wp\/v2\/product"}],"about":[{"href":"https:\/\/booksfrommexico.com\/es\/wp-json\/wp\/v2\/types\/product"}],"wp:featuredmedia":[{"embeddable":true,"href":"https:\/\/booksfrommexico.com\/es\/wp-json\/wp\/v2\/media\/5918"}],"wp:attachment":[{"href":"https:\/\/booksfrommexico.com\/es\/wp-json\/wp\/v2\/media?parent=5836"}],"wp:term":[{"taxonomy":"product_brand","embeddable":true,"href":"https:\/\/booksfrommexico.com\/es\/wp-json\/wp\/v2\/product_brand?post=5836"},{"taxonomy":"product_cat","embeddable":true,"href":"https:\/\/booksfrommexico.com\/es\/wp-json\/wp\/v2\/product_cat?post=5836"},{"taxonomy":"product_tag","embeddable":true,"href":"https:\/\/booksfrommexico.com\/es\/wp-json\/wp\/v2\/product_tag?post=5836"}],"curies":[{"name":"wp","href":"https:\/\/api.w.org\/{rel}","templated":true}]}}