{"id":5837,"date":"2024-04-25T20:18:11","date_gmt":"2024-04-25T20:18:11","guid":{"rendered":"https:\/\/booksfrommexico.com\/product\/entre-el-origen-y-el-destino-familias-mexicanas-migrantes-a-estados-unidos\/"},"modified":"2024-04-29T21:00:29","modified_gmt":"2024-04-29T21:00:29","slug":"entre-el-origen-y-el-destino-familias-mexicanas-migrantes-a-estados-unidos","status":"publish","type":"product","link":"https:\/\/booksfrommexico.com\/es\/producto\/entre-el-origen-y-el-destino-familias-mexicanas-migrantes-a-estados-unidos\/","title":{"rendered":"Entre el origen y el destino"},"content":{"rendered":"<p><span style=\"font-weight: 400;\">La complejidad de la migraci\u00f3n hacia Estados Unidos ha rebasado los l\u00edmites de las explicaciones monocausales, lo cual ha llevado a la necesidad de abordarla desde distintas disciplinas como la demograf\u00eda, sociolog\u00eda, antropolog\u00eda y psicolog\u00eda. Este an\u00e1lisis ofrece evidencias acerca del modo en que el proceso migratorio impacta en la manera en que las familias mexicanas viven su relaci\u00f3n, en tres condiciones: la separaci\u00f3n de las familias cuando uno de los miembros migra a Estados Unidos, las familias que migran juntas a Estados Unidos y la separaci\u00f3n de las familias ante la deportaci\u00f3n de uno de sus miembros. <\/span><\/p>\n","protected":false},"excerpt":{"rendered":"<p>ENTRE EL ORIGEN Y EL DESTINO : FAMILIAS MEXICANAS MIGRANTES A ESTADOS UNIDOS<span style=\"font-weight: 400;\">. \/ Celia Mancillas Baz\u00e1n. Ciudad de M\u00e9xico, M\u00e9xico : Universidad Iberoamericana Ciudad de M\u00e9xico , Biblioteca Francisco Xavier Clavigero, 2019. 281 pages : includes bibliography ; 23 cm. ISBN : 9786074176346.<\/span><\/p>\n<p><br style=\"font-weight: 400;\" \/><br style=\"font-weight: 400;\" \/><\/p>\n","protected":false},"featured_media":5947,"template":"","meta":{"_acf_changed":false,"inline_featured_image":false},"product_brand":[],"product_cat":[1065,42],"product_tag":[3659,3685,3612],"class_list":{"0":"post-5837","1":"product","2":"type-product","3":"status-publish","4":"has-post-thumbnail","6":"product_cat-condiciones-sociales-y-politicas-de-la-migracion","7":"product_cat-temas-de-inmigracion-y-migraciones-humanas","8":"product_tag-condiciones-sociales","9":"product_tag-inmigracion","10":"product_tag-inmigrants","12":"first","13":"instock","14":"taxable","15":"shipping-taxable","16":"purchasable","17":"product-type-simple"},"acf":[],"yoast_head":"<!-- This site is optimized with the Yoast SEO plugin v27.3 - https:\/\/yoast.com\/product\/yoast-seo-wordpress\/ -->\n<title>Entre el origen y el destino<\/title>\n<meta name=\"description\" content=\"ENTRE EL ORIGEN Y EL DESTINO : FAMILIAS MEXICANAS MIGRANTES A ESTADOS UNIDOS. \/ Celia Mancillas Baz\u00e1n. Universidad Iberoamericana ; Biblioteca FXC. 2019.\" \/>\n<meta name=\"robots\" content=\"index, follow, max-snippet:-1, max-image-preview:large, max-video-preview:-1\" \/>\n<link rel=\"canonical\" href=\"https:\/\/booksfrommexico.com\/es\/producto\/entre-el-origen-y-el-destino-familias-mexicanas-migrantes-a-estados-unidos\/\" \/>\n<meta property=\"og:locale\" content=\"es_ES\" \/>\n<meta property=\"og:type\" content=\"article\" \/>\n<meta property=\"og:title\" content=\"Entre el origen y el destino\" \/>\n<meta property=\"og:description\" content=\"ENTRE EL ORIGEN Y EL DESTINO : FAMILIAS MEXICANAS MIGRANTES A ESTADOS UNIDOS. \/ Celia Mancillas Baz\u00e1n. Universidad Iberoamericana ; Biblioteca FXC. 2019.\" \/>\n<meta property=\"og:url\" content=\"https:\/\/booksfrommexico.com\/es\/producto\/entre-el-origen-y-el-destino-familias-mexicanas-migrantes-a-estados-unidos\/\" \/>\n<meta property=\"og:site_name\" content=\"Books From Mexico\" \/>\n<meta property=\"article:modified_time\" content=\"2024-04-29T21:00:29+00:00\" \/>\n<meta property=\"og:image\" content=\"http:\/\/booksfrommexico.com\/app\/uploads\/2024\/04\/191056.jpeg\" \/>\n\t<meta property=\"og:image:width\" content=\"484\" \/>\n\t<meta property=\"og:image:height\" content=\"662\" \/>\n\t<meta property=\"og:image:type\" content=\"image\/jpeg\" \/>\n<meta name=\"twitter:card\" content=\"summary_large_image\" \/>\n<meta name=\"twitter:label1\" content=\"Tiempo de lectura\" \/>\n\t<meta name=\"twitter:data1\" content=\"1 minuto\" \/>\n<script type=\"application\/ld+json\" class=\"yoast-schema-graph\">{\"@context\":\"https:\\\/\\\/schema.org\",\"@graph\":[{\"@type\":\"WebPage\",\"@id\":\"https:\\\/\\\/booksfrommexico.com\\\/es\\\/producto\\\/entre-el-origen-y-el-destino-familias-mexicanas-migrantes-a-estados-unidos\\\/\",\"url\":\"https:\\\/\\\/booksfrommexico.com\\\/es\\\/producto\\\/entre-el-origen-y-el-destino-familias-mexicanas-migrantes-a-estados-unidos\\\/\",\"name\":\"Entre el origen y el destino\",\"isPartOf\":{\"@id\":\"https:\\\/\\\/booksfrommexico.com\\\/#website\"},\"primaryImageOfPage\":{\"@id\":\"https:\\\/\\\/booksfrommexico.com\\\/es\\\/producto\\\/entre-el-origen-y-el-destino-familias-mexicanas-migrantes-a-estados-unidos\\\/#primaryimage\"},\"image\":{\"@id\":\"https:\\\/\\\/booksfrommexico.com\\\/es\\\/producto\\\/entre-el-origen-y-el-destino-familias-mexicanas-migrantes-a-estados-unidos\\\/#primaryimage\"},\"thumbnailUrl\":\"https:\\\/\\\/booksfrommexico.com\\\/app\\\/uploads\\\/2024\\\/04\\\/191056.jpeg\",\"datePublished\":\"2024-04-25T20:18:11+00:00\",\"dateModified\":\"2024-04-29T21:00:29+00:00\",\"description\":\"ENTRE EL ORIGEN Y EL DESTINO : FAMILIAS MEXICANAS MIGRANTES A ESTADOS UNIDOS. \\\/ Celia Mancillas Baz\u00e1n. Universidad Iberoamericana ; Biblioteca FXC. 2019.\",\"breadcrumb\":{\"@id\":\"https:\\\/\\\/booksfrommexico.com\\\/es\\\/producto\\\/entre-el-origen-y-el-destino-familias-mexicanas-migrantes-a-estados-unidos\\\/#breadcrumb\"},\"inLanguage\":\"es\",\"potentialAction\":[{\"@type\":\"ReadAction\",\"target\":[\"https:\\\/\\\/booksfrommexico.com\\\/es\\\/producto\\\/entre-el-origen-y-el-destino-familias-mexicanas-migrantes-a-estados-unidos\\\/\"]}]},{\"@type\":\"ImageObject\",\"inLanguage\":\"es\",\"@id\":\"https:\\\/\\\/booksfrommexico.com\\\/es\\\/producto\\\/entre-el-origen-y-el-destino-familias-mexicanas-migrantes-a-estados-unidos\\\/#primaryimage\",\"url\":\"https:\\\/\\\/booksfrommexico.com\\\/app\\\/uploads\\\/2024\\\/04\\\/191056.jpeg\",\"contentUrl\":\"https:\\\/\\\/booksfrommexico.com\\\/app\\\/uploads\\\/2024\\\/04\\\/191056.jpeg\",\"width\":484,\"height\":662,\"caption\":\"Entre el origen y el destino\"},{\"@type\":\"BreadcrumbList\",\"@id\":\"https:\\\/\\\/booksfrommexico.com\\\/es\\\/producto\\\/entre-el-origen-y-el-destino-familias-mexicanas-migrantes-a-estados-unidos\\\/#breadcrumb\",\"itemListElement\":[{\"@type\":\"ListItem\",\"position\":1,\"name\":\"Home\",\"item\":\"https:\\\/\\\/booksfrommexico.com\\\/es\\\/\"},{\"@type\":\"ListItem\",\"position\":2,\"name\":\"Libros\",\"item\":\"https:\\\/\\\/booksfrommexico.com\\\/es\\\/libros\\\/\"},{\"@type\":\"ListItem\",\"position\":3,\"name\":\"Entre el origen y el destino\"}]},{\"@type\":\"WebSite\",\"@id\":\"https:\\\/\\\/booksfrommexico.com\\\/#website\",\"url\":\"https:\\\/\\\/booksfrommexico.com\\\/\",\"name\":\"Books From Mexico\",\"description\":\"\",\"publisher\":{\"@id\":\"https:\\\/\\\/booksfrommexico.com\\\/#organization\"},\"potentialAction\":[{\"@type\":\"SearchAction\",\"target\":{\"@type\":\"EntryPoint\",\"urlTemplate\":\"https:\\\/\\\/booksfrommexico.com\\\/?s={search_term_string}\"},\"query-input\":{\"@type\":\"PropertyValueSpecification\",\"valueRequired\":true,\"valueName\":\"search_term_string\"}}],\"inLanguage\":\"es\"},{\"@type\":\"Organization\",\"@id\":\"https:\\\/\\\/booksfrommexico.com\\\/#organization\",\"name\":\"Books From Mexico\",\"url\":\"https:\\\/\\\/booksfrommexico.com\\\/\",\"logo\":{\"@type\":\"ImageObject\",\"inLanguage\":\"es\",\"@id\":\"https:\\\/\\\/booksfrommexico.com\\\/#\\\/schema\\\/logo\\\/image\\\/\",\"url\":\"https:\\\/\\\/booksfrommexico.com\\\/app\\\/uploads\\\/2023\\\/05\\\/logo-booksfrommexico.svg\",\"contentUrl\":\"https:\\\/\\\/booksfrommexico.com\\\/app\\\/uploads\\\/2023\\\/05\\\/logo-booksfrommexico.svg\",\"width\":86,\"height\":56,\"caption\":\"Books From Mexico\"},\"image\":{\"@id\":\"https:\\\/\\\/booksfrommexico.com\\\/#\\\/schema\\\/logo\\\/image\\\/\"}}]}<\/script>\n<!-- \/ Yoast SEO plugin. -->","yoast_head_json":{"title":"Entre el origen y el destino","description":"ENTRE EL ORIGEN Y EL DESTINO : FAMILIAS MEXICANAS MIGRANTES A ESTADOS UNIDOS. \/ Celia Mancillas Baz\u00e1n. Universidad Iberoamericana ; Biblioteca FXC. 2019.","robots":{"index":"index","follow":"follow","max-snippet":"max-snippet:-1","max-image-preview":"max-image-preview:large","max-video-preview":"max-video-preview:-1"},"canonical":"https:\/\/booksfrommexico.com\/es\/producto\/entre-el-origen-y-el-destino-familias-mexicanas-migrantes-a-estados-unidos\/","og_locale":"es_ES","og_type":"article","og_title":"Entre el origen y el destino","og_description":"ENTRE EL ORIGEN Y EL DESTINO : FAMILIAS MEXICANAS MIGRANTES A ESTADOS UNIDOS. \/ Celia Mancillas Baz\u00e1n. Universidad Iberoamericana ; Biblioteca FXC. 2019.","og_url":"https:\/\/booksfrommexico.com\/es\/producto\/entre-el-origen-y-el-destino-familias-mexicanas-migrantes-a-estados-unidos\/","og_site_name":"Books From Mexico","article_modified_time":"2024-04-29T21:00:29+00:00","og_image":[{"width":484,"height":662,"url":"http:\/\/booksfrommexico.com\/app\/uploads\/2024\/04\/191056.jpeg","type":"image\/jpeg"}],"twitter_card":"summary_large_image","twitter_misc":{"Tiempo de lectura":"1 minuto"},"schema":{"@context":"https:\/\/schema.org","@graph":[{"@type":"WebPage","@id":"https:\/\/booksfrommexico.com\/es\/producto\/entre-el-origen-y-el-destino-familias-mexicanas-migrantes-a-estados-unidos\/","url":"https:\/\/booksfrommexico.com\/es\/producto\/entre-el-origen-y-el-destino-familias-mexicanas-migrantes-a-estados-unidos\/","name":"Entre el origen y el destino","isPartOf":{"@id":"https:\/\/booksfrommexico.com\/#website"},"primaryImageOfPage":{"@id":"https:\/\/booksfrommexico.com\/es\/producto\/entre-el-origen-y-el-destino-familias-mexicanas-migrantes-a-estados-unidos\/#primaryimage"},"image":{"@id":"https:\/\/booksfrommexico.com\/es\/producto\/entre-el-origen-y-el-destino-familias-mexicanas-migrantes-a-estados-unidos\/#primaryimage"},"thumbnailUrl":"https:\/\/booksfrommexico.com\/app\/uploads\/2024\/04\/191056.jpeg","datePublished":"2024-04-25T20:18:11+00:00","dateModified":"2024-04-29T21:00:29+00:00","description":"ENTRE EL ORIGEN Y EL DESTINO : FAMILIAS MEXICANAS MIGRANTES A ESTADOS UNIDOS. \/ Celia Mancillas Baz\u00e1n. Universidad Iberoamericana ; Biblioteca FXC. 2019.","breadcrumb":{"@id":"https:\/\/booksfrommexico.com\/es\/producto\/entre-el-origen-y-el-destino-familias-mexicanas-migrantes-a-estados-unidos\/#breadcrumb"},"inLanguage":"es","potentialAction":[{"@type":"ReadAction","target":["https:\/\/booksfrommexico.com\/es\/producto\/entre-el-origen-y-el-destino-familias-mexicanas-migrantes-a-estados-unidos\/"]}]},{"@type":"ImageObject","inLanguage":"es","@id":"https:\/\/booksfrommexico.com\/es\/producto\/entre-el-origen-y-el-destino-familias-mexicanas-migrantes-a-estados-unidos\/#primaryimage","url":"https:\/\/booksfrommexico.com\/app\/uploads\/2024\/04\/191056.jpeg","contentUrl":"https:\/\/booksfrommexico.com\/app\/uploads\/2024\/04\/191056.jpeg","width":484,"height":662,"caption":"Entre el origen y el destino"},{"@type":"BreadcrumbList","@id":"https:\/\/booksfrommexico.com\/es\/producto\/entre-el-origen-y-el-destino-familias-mexicanas-migrantes-a-estados-unidos\/#breadcrumb","itemListElement":[{"@type":"ListItem","position":1,"name":"Home","item":"https:\/\/booksfrommexico.com\/es\/"},{"@type":"ListItem","position":2,"name":"Libros","item":"https:\/\/booksfrommexico.com\/es\/libros\/"},{"@type":"ListItem","position":3,"name":"Entre el origen y el destino"}]},{"@type":"WebSite","@id":"https:\/\/booksfrommexico.com\/#website","url":"https:\/\/booksfrommexico.com\/","name":"Books From Mexico","description":"","publisher":{"@id":"https:\/\/booksfrommexico.com\/#organization"},"potentialAction":[{"@type":"SearchAction","target":{"@type":"EntryPoint","urlTemplate":"https:\/\/booksfrommexico.com\/?s={search_term_string}"},"query-input":{"@type":"PropertyValueSpecification","valueRequired":true,"valueName":"search_term_string"}}],"inLanguage":"es"},{"@type":"Organization","@id":"https:\/\/booksfrommexico.com\/#organization","name":"Books From Mexico","url":"https:\/\/booksfrommexico.com\/","logo":{"@type":"ImageObject","inLanguage":"es","@id":"https:\/\/booksfrommexico.com\/#\/schema\/logo\/image\/","url":"https:\/\/booksfrommexico.com\/app\/uploads\/2023\/05\/logo-booksfrommexico.svg","contentUrl":"https:\/\/booksfrommexico.com\/app\/uploads\/2023\/05\/logo-booksfrommexico.svg","width":86,"height":56,"caption":"Books From Mexico"},"image":{"@id":"https:\/\/booksfrommexico.com\/#\/schema\/logo\/image\/"}}]}},"_links":{"self":[{"href":"https:\/\/booksfrommexico.com\/es\/wp-json\/wp\/v2\/product\/5837","targetHints":{"allow":["GET"]}}],"collection":[{"href":"https:\/\/booksfrommexico.com\/es\/wp-json\/wp\/v2\/product"}],"about":[{"href":"https:\/\/booksfrommexico.com\/es\/wp-json\/wp\/v2\/types\/product"}],"wp:featuredmedia":[{"embeddable":true,"href":"https:\/\/booksfrommexico.com\/es\/wp-json\/wp\/v2\/media\/5947"}],"wp:attachment":[{"href":"https:\/\/booksfrommexico.com\/es\/wp-json\/wp\/v2\/media?parent=5837"}],"wp:term":[{"taxonomy":"product_brand","embeddable":true,"href":"https:\/\/booksfrommexico.com\/es\/wp-json\/wp\/v2\/product_brand?post=5837"},{"taxonomy":"product_cat","embeddable":true,"href":"https:\/\/booksfrommexico.com\/es\/wp-json\/wp\/v2\/product_cat?post=5837"},{"taxonomy":"product_tag","embeddable":true,"href":"https:\/\/booksfrommexico.com\/es\/wp-json\/wp\/v2\/product_tag?post=5837"}],"curies":[{"name":"wp","href":"https:\/\/api.w.org\/{rel}","templated":true}]}}