{"id":5838,"date":"2024-04-25T20:18:11","date_gmt":"2024-04-25T20:18:11","guid":{"rendered":"https:\/\/booksfrommexico.com\/product\/estudios-latinoamericanos-nueva-epoca-num-44-julio-diciembre-2019\/"},"modified":"2024-04-26T17:43:58","modified_gmt":"2024-04-26T17:43:58","slug":"estudios-latinoamericanos-nueva-epoca-num-44-julio-diciembre-2019","status":"publish","type":"product","link":"https:\/\/booksfrommexico.com\/es\/producto\/estudios-latinoamericanos-nueva-epoca-num-44-julio-diciembre-2019\/","title":{"rendered":"Estudios Latinoamericanos, Nueva \u00e9poca, N\u00fam 44 Julio-diciembre 2019"},"content":{"rendered":"<p><span style=\"font-weight: 400;\">N\u00famero 44 de la revista Estudios Latinoamericanos de Nueva \u00c9poca, que abarca publicaciones de julio a diciembre de 2019. En la secci\u00f3n <\/span><i><span style=\"font-weight: 400;\">A Debate<\/span><\/i><span style=\"font-weight: 400;\">, se pueden encontrar textos de Omar Ernesto Cano Ram\u00edrez, Maritza Islas Vargas y de John Saxe-Fern\u00e1ndez, quien cuenta con una doble participaci\u00f3n al presentar su trabajo titulado \u201cCapitalismo omnicida y <\/span><span style=\"font-weight: 400;\">\u00abnacional-trumpismo\u00bb: impulso b\u00e9lico-industrial, bancario y financiero hacia el colapso bio-clim\u00e1tico\u201d; al igual que se una rese\u00f1a en la secci\u00f3n correspondiente sobre su trabajo \u201cSociolog\u00eda pol\u00edtica del colapso clim\u00e1tico antropog\u00e9nico\u201c, escrito por Carlos Alberto S\u00e1nchez Ricardo. <\/span><span style=\"font-weight: 400;\">Contando con m\u00e1s colaboraciones en sus diferentes secciones,\u00a0 se presenta este n\u00famero.<\/span><\/p>\n","protected":false},"excerpt":{"rendered":"<p>ESTUDIOS LATINOAMERICANOS, NUEVA \u00c9POCA, N\u00daM 44 JULIO-DICIEMBRE 2019<span style=\"font-weight: 400;\">. \/ Ciudad de M\u00e9xico, M\u00e9xico : Universidad Nacional Aut\u00f3noma de M\u00e9xico , Facultad de Ciencias Pol\u00edticas y Sociales , Centro de Estudios Latinoamericanos, 2019. 207 pages : includes tables, bibliography at the end of each chapter ;\u00a0 23 cm. (Serie Estudios Latinoamericanos). ISSN : 01871811.<\/span><\/p>\n","protected":false},"featured_media":5904,"template":"","meta":{"_acf_changed":false,"inline_featured_image":false},"product_brand":[],"product_cat":[4110,78],"product_tag":[4281,4108,4129],"class_list":{"0":"post-5838","1":"product","2":"type-product","3":"status-publish","4":"has-post-thumbnail","6":"product_cat-estudios-latinoamericanos","7":"product_cat-sociologia","8":"product_tag-capitalismo","9":"product_tag-estudios-latinoamericanos","10":"product_tag-medio-anbiente","12":"first","13":"instock","14":"taxable","15":"shipping-taxable","16":"purchasable","17":"product-type-simple"},"acf":[],"yoast_head":"<!-- This site is optimized with the Yoast SEO plugin v27.3 - https:\/\/yoast.com\/product\/yoast-seo-wordpress\/ -->\n<title>Estudios Latinoamericanos, Nueva \u00e9poca 44 Julio-diciembre 2019<\/title>\n<meta name=\"description\" content=\"ESTUDIOS LATINOAMERICANOS, NUEVA \u00c9POCA, N\u00daM 44 JULIO-DICIEMBRE 2019. \/ (Serie Estudios Latinoamericanos). ISSN : 01871811.\" \/>\n<meta name=\"robots\" content=\"index, follow, max-snippet:-1, max-image-preview:large, max-video-preview:-1\" \/>\n<link rel=\"canonical\" href=\"https:\/\/booksfrommexico.com\/es\/producto\/estudios-latinoamericanos-nueva-epoca-num-44-julio-diciembre-2019\/\" \/>\n<meta property=\"og:locale\" content=\"es_ES\" \/>\n<meta property=\"og:type\" content=\"article\" \/>\n<meta property=\"og:title\" content=\"Estudios Latinoamericanos, Nueva \u00e9poca 44 Julio-diciembre 2019\" \/>\n<meta property=\"og:description\" content=\"ESTUDIOS LATINOAMERICANOS, NUEVA \u00c9POCA, N\u00daM 44 JULIO-DICIEMBRE 2019. \/ (Serie Estudios Latinoamericanos). ISSN : 01871811.\" \/>\n<meta property=\"og:url\" content=\"https:\/\/booksfrommexico.com\/es\/producto\/estudios-latinoamericanos-nueva-epoca-num-44-julio-diciembre-2019\/\" \/>\n<meta property=\"og:site_name\" content=\"Books From Mexico\" \/>\n<meta property=\"article:modified_time\" content=\"2024-04-26T17:43:58+00:00\" \/>\n<meta property=\"og:image\" content=\"http:\/\/booksfrommexico.com\/app\/uploads\/2024\/04\/190516.jpeg\" \/>\n\t<meta property=\"og:image:width\" content=\"466\" \/>\n\t<meta property=\"og:image:height\" content=\"665\" \/>\n\t<meta property=\"og:image:type\" content=\"image\/jpeg\" \/>\n<meta name=\"twitter:card\" content=\"summary_large_image\" \/>\n<meta name=\"twitter:label1\" content=\"Tiempo de lectura\" \/>\n\t<meta name=\"twitter:data1\" content=\"1 minuto\" \/>\n<script type=\"application\/ld+json\" class=\"yoast-schema-graph\">{\"@context\":\"https:\\\/\\\/schema.org\",\"@graph\":[{\"@type\":\"WebPage\",\"@id\":\"https:\\\/\\\/booksfrommexico.com\\\/es\\\/producto\\\/estudios-latinoamericanos-nueva-epoca-num-44-julio-diciembre-2019\\\/\",\"url\":\"https:\\\/\\\/booksfrommexico.com\\\/es\\\/producto\\\/estudios-latinoamericanos-nueva-epoca-num-44-julio-diciembre-2019\\\/\",\"name\":\"Estudios Latinoamericanos, Nueva \u00e9poca 44 Julio-diciembre 2019\",\"isPartOf\":{\"@id\":\"https:\\\/\\\/booksfrommexico.com\\\/#website\"},\"primaryImageOfPage\":{\"@id\":\"https:\\\/\\\/booksfrommexico.com\\\/es\\\/producto\\\/estudios-latinoamericanos-nueva-epoca-num-44-julio-diciembre-2019\\\/#primaryimage\"},\"image\":{\"@id\":\"https:\\\/\\\/booksfrommexico.com\\\/es\\\/producto\\\/estudios-latinoamericanos-nueva-epoca-num-44-julio-diciembre-2019\\\/#primaryimage\"},\"thumbnailUrl\":\"https:\\\/\\\/booksfrommexico.com\\\/app\\\/uploads\\\/2024\\\/04\\\/190516.jpeg\",\"datePublished\":\"2024-04-25T20:18:11+00:00\",\"dateModified\":\"2024-04-26T17:43:58+00:00\",\"description\":\"ESTUDIOS LATINOAMERICANOS, NUEVA \u00c9POCA, N\u00daM 44 JULIO-DICIEMBRE 2019. \\\/ (Serie Estudios Latinoamericanos). ISSN : 01871811.\",\"breadcrumb\":{\"@id\":\"https:\\\/\\\/booksfrommexico.com\\\/es\\\/producto\\\/estudios-latinoamericanos-nueva-epoca-num-44-julio-diciembre-2019\\\/#breadcrumb\"},\"inLanguage\":\"es\",\"potentialAction\":[{\"@type\":\"ReadAction\",\"target\":[\"https:\\\/\\\/booksfrommexico.com\\\/es\\\/producto\\\/estudios-latinoamericanos-nueva-epoca-num-44-julio-diciembre-2019\\\/\"]}]},{\"@type\":\"ImageObject\",\"inLanguage\":\"es\",\"@id\":\"https:\\\/\\\/booksfrommexico.com\\\/es\\\/producto\\\/estudios-latinoamericanos-nueva-epoca-num-44-julio-diciembre-2019\\\/#primaryimage\",\"url\":\"https:\\\/\\\/booksfrommexico.com\\\/app\\\/uploads\\\/2024\\\/04\\\/190516.jpeg\",\"contentUrl\":\"https:\\\/\\\/booksfrommexico.com\\\/app\\\/uploads\\\/2024\\\/04\\\/190516.jpeg\",\"width\":466,\"height\":665,\"caption\":\"nueva \u00e9poca n\u00famero 44 julio-diciembre\"},{\"@type\":\"BreadcrumbList\",\"@id\":\"https:\\\/\\\/booksfrommexico.com\\\/es\\\/producto\\\/estudios-latinoamericanos-nueva-epoca-num-44-julio-diciembre-2019\\\/#breadcrumb\",\"itemListElement\":[{\"@type\":\"ListItem\",\"position\":1,\"name\":\"Home\",\"item\":\"https:\\\/\\\/booksfrommexico.com\\\/es\\\/\"},{\"@type\":\"ListItem\",\"position\":2,\"name\":\"Libros\",\"item\":\"https:\\\/\\\/booksfrommexico.com\\\/es\\\/libros\\\/\"},{\"@type\":\"ListItem\",\"position\":3,\"name\":\"Estudios Latinoamericanos, Nueva \u00e9poca, N\u00fam 44 Julio-diciembre 2019\"}]},{\"@type\":\"WebSite\",\"@id\":\"https:\\\/\\\/booksfrommexico.com\\\/#website\",\"url\":\"https:\\\/\\\/booksfrommexico.com\\\/\",\"name\":\"Books From Mexico\",\"description\":\"\",\"publisher\":{\"@id\":\"https:\\\/\\\/booksfrommexico.com\\\/#organization\"},\"potentialAction\":[{\"@type\":\"SearchAction\",\"target\":{\"@type\":\"EntryPoint\",\"urlTemplate\":\"https:\\\/\\\/booksfrommexico.com\\\/?s={search_term_string}\"},\"query-input\":{\"@type\":\"PropertyValueSpecification\",\"valueRequired\":true,\"valueName\":\"search_term_string\"}}],\"inLanguage\":\"es\"},{\"@type\":\"Organization\",\"@id\":\"https:\\\/\\\/booksfrommexico.com\\\/#organization\",\"name\":\"Books From Mexico\",\"url\":\"https:\\\/\\\/booksfrommexico.com\\\/\",\"logo\":{\"@type\":\"ImageObject\",\"inLanguage\":\"es\",\"@id\":\"https:\\\/\\\/booksfrommexico.com\\\/#\\\/schema\\\/logo\\\/image\\\/\",\"url\":\"https:\\\/\\\/booksfrommexico.com\\\/app\\\/uploads\\\/2023\\\/05\\\/logo-booksfrommexico.svg\",\"contentUrl\":\"https:\\\/\\\/booksfrommexico.com\\\/app\\\/uploads\\\/2023\\\/05\\\/logo-booksfrommexico.svg\",\"width\":86,\"height\":56,\"caption\":\"Books From Mexico\"},\"image\":{\"@id\":\"https:\\\/\\\/booksfrommexico.com\\\/#\\\/schema\\\/logo\\\/image\\\/\"}}]}<\/script>\n<!-- \/ Yoast SEO plugin. -->","yoast_head_json":{"title":"Estudios Latinoamericanos, Nueva \u00e9poca 44 Julio-diciembre 2019","description":"ESTUDIOS LATINOAMERICANOS, NUEVA \u00c9POCA, N\u00daM 44 JULIO-DICIEMBRE 2019. \/ (Serie Estudios Latinoamericanos). ISSN : 01871811.","robots":{"index":"index","follow":"follow","max-snippet":"max-snippet:-1","max-image-preview":"max-image-preview:large","max-video-preview":"max-video-preview:-1"},"canonical":"https:\/\/booksfrommexico.com\/es\/producto\/estudios-latinoamericanos-nueva-epoca-num-44-julio-diciembre-2019\/","og_locale":"es_ES","og_type":"article","og_title":"Estudios Latinoamericanos, Nueva \u00e9poca 44 Julio-diciembre 2019","og_description":"ESTUDIOS LATINOAMERICANOS, NUEVA \u00c9POCA, N\u00daM 44 JULIO-DICIEMBRE 2019. \/ (Serie Estudios Latinoamericanos). ISSN : 01871811.","og_url":"https:\/\/booksfrommexico.com\/es\/producto\/estudios-latinoamericanos-nueva-epoca-num-44-julio-diciembre-2019\/","og_site_name":"Books From Mexico","article_modified_time":"2024-04-26T17:43:58+00:00","og_image":[{"width":466,"height":665,"url":"http:\/\/booksfrommexico.com\/app\/uploads\/2024\/04\/190516.jpeg","type":"image\/jpeg"}],"twitter_card":"summary_large_image","twitter_misc":{"Tiempo de lectura":"1 minuto"},"schema":{"@context":"https:\/\/schema.org","@graph":[{"@type":"WebPage","@id":"https:\/\/booksfrommexico.com\/es\/producto\/estudios-latinoamericanos-nueva-epoca-num-44-julio-diciembre-2019\/","url":"https:\/\/booksfrommexico.com\/es\/producto\/estudios-latinoamericanos-nueva-epoca-num-44-julio-diciembre-2019\/","name":"Estudios Latinoamericanos, Nueva \u00e9poca 44 Julio-diciembre 2019","isPartOf":{"@id":"https:\/\/booksfrommexico.com\/#website"},"primaryImageOfPage":{"@id":"https:\/\/booksfrommexico.com\/es\/producto\/estudios-latinoamericanos-nueva-epoca-num-44-julio-diciembre-2019\/#primaryimage"},"image":{"@id":"https:\/\/booksfrommexico.com\/es\/producto\/estudios-latinoamericanos-nueva-epoca-num-44-julio-diciembre-2019\/#primaryimage"},"thumbnailUrl":"https:\/\/booksfrommexico.com\/app\/uploads\/2024\/04\/190516.jpeg","datePublished":"2024-04-25T20:18:11+00:00","dateModified":"2024-04-26T17:43:58+00:00","description":"ESTUDIOS LATINOAMERICANOS, NUEVA \u00c9POCA, N\u00daM 44 JULIO-DICIEMBRE 2019. \/ (Serie Estudios Latinoamericanos). ISSN : 01871811.","breadcrumb":{"@id":"https:\/\/booksfrommexico.com\/es\/producto\/estudios-latinoamericanos-nueva-epoca-num-44-julio-diciembre-2019\/#breadcrumb"},"inLanguage":"es","potentialAction":[{"@type":"ReadAction","target":["https:\/\/booksfrommexico.com\/es\/producto\/estudios-latinoamericanos-nueva-epoca-num-44-julio-diciembre-2019\/"]}]},{"@type":"ImageObject","inLanguage":"es","@id":"https:\/\/booksfrommexico.com\/es\/producto\/estudios-latinoamericanos-nueva-epoca-num-44-julio-diciembre-2019\/#primaryimage","url":"https:\/\/booksfrommexico.com\/app\/uploads\/2024\/04\/190516.jpeg","contentUrl":"https:\/\/booksfrommexico.com\/app\/uploads\/2024\/04\/190516.jpeg","width":466,"height":665,"caption":"nueva \u00e9poca n\u00famero 44 julio-diciembre"},{"@type":"BreadcrumbList","@id":"https:\/\/booksfrommexico.com\/es\/producto\/estudios-latinoamericanos-nueva-epoca-num-44-julio-diciembre-2019\/#breadcrumb","itemListElement":[{"@type":"ListItem","position":1,"name":"Home","item":"https:\/\/booksfrommexico.com\/es\/"},{"@type":"ListItem","position":2,"name":"Libros","item":"https:\/\/booksfrommexico.com\/es\/libros\/"},{"@type":"ListItem","position":3,"name":"Estudios Latinoamericanos, Nueva \u00e9poca, N\u00fam 44 Julio-diciembre 2019"}]},{"@type":"WebSite","@id":"https:\/\/booksfrommexico.com\/#website","url":"https:\/\/booksfrommexico.com\/","name":"Books From Mexico","description":"","publisher":{"@id":"https:\/\/booksfrommexico.com\/#organization"},"potentialAction":[{"@type":"SearchAction","target":{"@type":"EntryPoint","urlTemplate":"https:\/\/booksfrommexico.com\/?s={search_term_string}"},"query-input":{"@type":"PropertyValueSpecification","valueRequired":true,"valueName":"search_term_string"}}],"inLanguage":"es"},{"@type":"Organization","@id":"https:\/\/booksfrommexico.com\/#organization","name":"Books From Mexico","url":"https:\/\/booksfrommexico.com\/","logo":{"@type":"ImageObject","inLanguage":"es","@id":"https:\/\/booksfrommexico.com\/#\/schema\/logo\/image\/","url":"https:\/\/booksfrommexico.com\/app\/uploads\/2023\/05\/logo-booksfrommexico.svg","contentUrl":"https:\/\/booksfrommexico.com\/app\/uploads\/2023\/05\/logo-booksfrommexico.svg","width":86,"height":56,"caption":"Books From Mexico"},"image":{"@id":"https:\/\/booksfrommexico.com\/#\/schema\/logo\/image\/"}}]}},"_links":{"self":[{"href":"https:\/\/booksfrommexico.com\/es\/wp-json\/wp\/v2\/product\/5838","targetHints":{"allow":["GET"]}}],"collection":[{"href":"https:\/\/booksfrommexico.com\/es\/wp-json\/wp\/v2\/product"}],"about":[{"href":"https:\/\/booksfrommexico.com\/es\/wp-json\/wp\/v2\/types\/product"}],"wp:featuredmedia":[{"embeddable":true,"href":"https:\/\/booksfrommexico.com\/es\/wp-json\/wp\/v2\/media\/5904"}],"wp:attachment":[{"href":"https:\/\/booksfrommexico.com\/es\/wp-json\/wp\/v2\/media?parent=5838"}],"wp:term":[{"taxonomy":"product_brand","embeddable":true,"href":"https:\/\/booksfrommexico.com\/es\/wp-json\/wp\/v2\/product_brand?post=5838"},{"taxonomy":"product_cat","embeddable":true,"href":"https:\/\/booksfrommexico.com\/es\/wp-json\/wp\/v2\/product_cat?post=5838"},{"taxonomy":"product_tag","embeddable":true,"href":"https:\/\/booksfrommexico.com\/es\/wp-json\/wp\/v2\/product_tag?post=5838"}],"curies":[{"name":"wp","href":"https:\/\/api.w.org\/{rel}","templated":true}]}}