{"id":5839,"date":"2024-04-25T20:18:11","date_gmt":"2024-04-25T20:18:11","guid":{"rendered":"https:\/\/booksfrommexico.com\/product\/la-muerte-es-un-negocio\/"},"modified":"2024-11-21T23:29:04","modified_gmt":"2024-11-21T23:29:04","slug":"la-muerte-es-un-negocio","status":"publish","type":"product","link":"https:\/\/booksfrommexico.com\/es\/producto\/la-muerte-es-un-negocio\/","title":{"rendered":"La muerte es un negocio: Miradas cercanas a la violencia criminal en Am\u00e9rica Latina"},"content":{"rendered":"<p><span style=\"font-weight: 400;\">Enfocado en los ciudadanos ordinarios que se involucran en hechos perturbadores\u00a0 (extorsi\u00f3n, secuestro, ejecuciones, tr\u00e1fico de personas, narcotr\u00e1fico, sicariato), en este estudio, se analiza c\u00f3mo se forman los\u00a0 profesionales de la violencia y c\u00f3mo normalizan lo que hacen. A diferencia de otros estudios sobre violencia en Am\u00e9rica Latina, aqu\u00ed se estudia a los perpetradores de violencia criminal, para quienes el asesinato es \u201cun trabajo m\u00e1s\u201d. Se explica, adem\u00e1s, c\u00f3mo funcionan las organizaciones criminales, c\u00f3mo se vinculan con agentes del Estado (que las protegen), con otras bandas del crimen organizado (con las que compiten) y con la sociedad en la que se desenvuelven y de la cual emergieron.<\/span><\/p>\n<p><br style=\"font-weight: 400;\" \/><br style=\"font-weight: 400;\" \/><\/p>\n","protected":false},"excerpt":{"rendered":"<p>LA MUERTE ES UN NEGOCIO : MIRADAS CERCANAS A LA VIOLENCIA CRIMINAL EN AM\u00c9RICA LATINA<span style=\"font-weight: 400;\">. \/ Javier Trevi\u00f1o Rangel, Laura Helena Atuesta Becerra (coordinators). Ciudad de M\u00e9xico, M\u00e9xicp : Centro de Investigaci\u00f3n y Docencia Econ\u00f3micas, 2020. 236 pages : includes charts, bibliography at the end of each chapter ; 23 cm. (Serie Investigaci\u00f3n e Ideas).\u00a0 ISBN : 9786078508648.<\/span><\/p>\n","protected":false},"featured_media":5923,"template":"","meta":{"_acf_changed":false,"inline_featured_image":false},"product_brand":[],"product_cat":[78,699],"product_tag":[3620,3659,4289],"class_list":{"0":"post-5839","1":"product","2":"type-product","3":"status-publish","4":"has-post-thumbnail","6":"product_cat-sociologia","7":"product_cat-violencia-en-la-sociedad-sociologia","8":"product_tag-america-latina","9":"product_tag-condiciones-sociales","10":"product_tag-crimen","12":"first","13":"instock","14":"taxable","15":"shipping-taxable","16":"purchasable","17":"product-type-simple"},"acf":[],"yoast_head":"<!-- This site is optimized with the Yoast SEO plugin v27.3 - https:\/\/yoast.com\/product\/yoast-seo-wordpress\/ -->\n<title>La muerte es un negocio<\/title>\n<meta name=\"description\" content=\"LA MUERTE ES UN NEGOCIO : MIRADAS CERCANAS A LA VIOLENCIA CRIMINAL EN AM\u00c9RICA LATINA. \/ Javier Trevi\u00f1o Rangel, Laura Helena Atuesta Becerra (coordinators).\" \/>\n<meta name=\"robots\" content=\"index, follow, max-snippet:-1, max-image-preview:large, max-video-preview:-1\" \/>\n<link rel=\"canonical\" href=\"https:\/\/booksfrommexico.com\/es\/producto\/la-muerte-es-un-negocio\/\" \/>\n<meta property=\"og:locale\" content=\"es_ES\" \/>\n<meta property=\"og:type\" content=\"article\" \/>\n<meta property=\"og:title\" content=\"La muerte es un negocio\" \/>\n<meta property=\"og:description\" content=\"LA MUERTE ES UN NEGOCIO : MIRADAS CERCANAS A LA VIOLENCIA CRIMINAL EN AM\u00c9RICA LATINA. \/ Javier Trevi\u00f1o Rangel, Laura Helena Atuesta Becerra (coordinators).\" \/>\n<meta property=\"og:url\" content=\"https:\/\/booksfrommexico.com\/es\/producto\/la-muerte-es-un-negocio\/\" \/>\n<meta property=\"og:site_name\" content=\"Books From Mexico\" \/>\n<meta property=\"article:modified_time\" content=\"2024-11-21T23:29:04+00:00\" \/>\n<meta property=\"og:image\" content=\"http:\/\/booksfrommexico.com\/app\/uploads\/2024\/04\/190838.jpeg\" \/>\n\t<meta property=\"og:image:width\" content=\"433\" \/>\n\t<meta property=\"og:image:height\" content=\"669\" \/>\n\t<meta property=\"og:image:type\" content=\"image\/jpeg\" \/>\n<meta name=\"twitter:card\" content=\"summary_large_image\" \/>\n<meta name=\"twitter:label1\" content=\"Tiempo de lectura\" \/>\n\t<meta name=\"twitter:data1\" content=\"1 minuto\" \/>\n<script type=\"application\/ld+json\" class=\"yoast-schema-graph\">{\"@context\":\"https:\\\/\\\/schema.org\",\"@graph\":[{\"@type\":\"WebPage\",\"@id\":\"https:\\\/\\\/booksfrommexico.com\\\/es\\\/producto\\\/la-muerte-es-un-negocio\\\/\",\"url\":\"https:\\\/\\\/booksfrommexico.com\\\/es\\\/producto\\\/la-muerte-es-un-negocio\\\/\",\"name\":\"La muerte es un negocio\",\"isPartOf\":{\"@id\":\"https:\\\/\\\/booksfrommexico.com\\\/#website\"},\"primaryImageOfPage\":{\"@id\":\"https:\\\/\\\/booksfrommexico.com\\\/es\\\/producto\\\/la-muerte-es-un-negocio\\\/#primaryimage\"},\"image\":{\"@id\":\"https:\\\/\\\/booksfrommexico.com\\\/es\\\/producto\\\/la-muerte-es-un-negocio\\\/#primaryimage\"},\"thumbnailUrl\":\"https:\\\/\\\/booksfrommexico.com\\\/app\\\/uploads\\\/2024\\\/04\\\/190838.jpeg\",\"datePublished\":\"2024-04-25T20:18:11+00:00\",\"dateModified\":\"2024-11-21T23:29:04+00:00\",\"description\":\"LA MUERTE ES UN NEGOCIO : MIRADAS CERCANAS A LA VIOLENCIA CRIMINAL EN AM\u00c9RICA LATINA. \\\/ Javier Trevi\u00f1o Rangel, Laura Helena Atuesta Becerra (coordinators).\",\"breadcrumb\":{\"@id\":\"https:\\\/\\\/booksfrommexico.com\\\/es\\\/producto\\\/la-muerte-es-un-negocio\\\/#breadcrumb\"},\"inLanguage\":\"es\",\"potentialAction\":[{\"@type\":\"ReadAction\",\"target\":[\"https:\\\/\\\/booksfrommexico.com\\\/es\\\/producto\\\/la-muerte-es-un-negocio\\\/\"]}]},{\"@type\":\"ImageObject\",\"inLanguage\":\"es\",\"@id\":\"https:\\\/\\\/booksfrommexico.com\\\/es\\\/producto\\\/la-muerte-es-un-negocio\\\/#primaryimage\",\"url\":\"https:\\\/\\\/booksfrommexico.com\\\/app\\\/uploads\\\/2024\\\/04\\\/190838.jpeg\",\"contentUrl\":\"https:\\\/\\\/booksfrommexico.com\\\/app\\\/uploads\\\/2024\\\/04\\\/190838.jpeg\",\"width\":433,\"height\":669,\"caption\":\"La muerte es un negocio\"},{\"@type\":\"BreadcrumbList\",\"@id\":\"https:\\\/\\\/booksfrommexico.com\\\/es\\\/producto\\\/la-muerte-es-un-negocio\\\/#breadcrumb\",\"itemListElement\":[{\"@type\":\"ListItem\",\"position\":1,\"name\":\"Home\",\"item\":\"https:\\\/\\\/booksfrommexico.com\\\/es\\\/\"},{\"@type\":\"ListItem\",\"position\":2,\"name\":\"Libros\",\"item\":\"https:\\\/\\\/booksfrommexico.com\\\/es\\\/libros\\\/\"},{\"@type\":\"ListItem\",\"position\":3,\"name\":\"La muerte es un negocio: Miradas cercanas a la violencia criminal en Am\u00e9rica Latina\"}]},{\"@type\":\"WebSite\",\"@id\":\"https:\\\/\\\/booksfrommexico.com\\\/#website\",\"url\":\"https:\\\/\\\/booksfrommexico.com\\\/\",\"name\":\"Books From Mexico\",\"description\":\"\",\"publisher\":{\"@id\":\"https:\\\/\\\/booksfrommexico.com\\\/#organization\"},\"potentialAction\":[{\"@type\":\"SearchAction\",\"target\":{\"@type\":\"EntryPoint\",\"urlTemplate\":\"https:\\\/\\\/booksfrommexico.com\\\/?s={search_term_string}\"},\"query-input\":{\"@type\":\"PropertyValueSpecification\",\"valueRequired\":true,\"valueName\":\"search_term_string\"}}],\"inLanguage\":\"es\"},{\"@type\":\"Organization\",\"@id\":\"https:\\\/\\\/booksfrommexico.com\\\/#organization\",\"name\":\"Books From Mexico\",\"url\":\"https:\\\/\\\/booksfrommexico.com\\\/\",\"logo\":{\"@type\":\"ImageObject\",\"inLanguage\":\"es\",\"@id\":\"https:\\\/\\\/booksfrommexico.com\\\/#\\\/schema\\\/logo\\\/image\\\/\",\"url\":\"https:\\\/\\\/booksfrommexico.com\\\/app\\\/uploads\\\/2023\\\/05\\\/logo-booksfrommexico.svg\",\"contentUrl\":\"https:\\\/\\\/booksfrommexico.com\\\/app\\\/uploads\\\/2023\\\/05\\\/logo-booksfrommexico.svg\",\"width\":86,\"height\":56,\"caption\":\"Books From Mexico\"},\"image\":{\"@id\":\"https:\\\/\\\/booksfrommexico.com\\\/#\\\/schema\\\/logo\\\/image\\\/\"}}]}<\/script>\n<!-- \/ Yoast SEO plugin. -->","yoast_head_json":{"title":"La muerte es un negocio","description":"LA MUERTE ES UN NEGOCIO : MIRADAS CERCANAS A LA VIOLENCIA CRIMINAL EN AM\u00c9RICA LATINA. \/ Javier Trevi\u00f1o Rangel, Laura Helena Atuesta Becerra (coordinators).","robots":{"index":"index","follow":"follow","max-snippet":"max-snippet:-1","max-image-preview":"max-image-preview:large","max-video-preview":"max-video-preview:-1"},"canonical":"https:\/\/booksfrommexico.com\/es\/producto\/la-muerte-es-un-negocio\/","og_locale":"es_ES","og_type":"article","og_title":"La muerte es un negocio","og_description":"LA MUERTE ES UN NEGOCIO : MIRADAS CERCANAS A LA VIOLENCIA CRIMINAL EN AM\u00c9RICA LATINA. \/ Javier Trevi\u00f1o Rangel, Laura Helena Atuesta Becerra (coordinators).","og_url":"https:\/\/booksfrommexico.com\/es\/producto\/la-muerte-es-un-negocio\/","og_site_name":"Books From Mexico","article_modified_time":"2024-11-21T23:29:04+00:00","og_image":[{"width":433,"height":669,"url":"http:\/\/booksfrommexico.com\/app\/uploads\/2024\/04\/190838.jpeg","type":"image\/jpeg"}],"twitter_card":"summary_large_image","twitter_misc":{"Tiempo de lectura":"1 minuto"},"schema":{"@context":"https:\/\/schema.org","@graph":[{"@type":"WebPage","@id":"https:\/\/booksfrommexico.com\/es\/producto\/la-muerte-es-un-negocio\/","url":"https:\/\/booksfrommexico.com\/es\/producto\/la-muerte-es-un-negocio\/","name":"La muerte es un negocio","isPartOf":{"@id":"https:\/\/booksfrommexico.com\/#website"},"primaryImageOfPage":{"@id":"https:\/\/booksfrommexico.com\/es\/producto\/la-muerte-es-un-negocio\/#primaryimage"},"image":{"@id":"https:\/\/booksfrommexico.com\/es\/producto\/la-muerte-es-un-negocio\/#primaryimage"},"thumbnailUrl":"https:\/\/booksfrommexico.com\/app\/uploads\/2024\/04\/190838.jpeg","datePublished":"2024-04-25T20:18:11+00:00","dateModified":"2024-11-21T23:29:04+00:00","description":"LA MUERTE ES UN NEGOCIO : MIRADAS CERCANAS A LA VIOLENCIA CRIMINAL EN AM\u00c9RICA LATINA. \/ Javier Trevi\u00f1o Rangel, Laura Helena Atuesta Becerra (coordinators).","breadcrumb":{"@id":"https:\/\/booksfrommexico.com\/es\/producto\/la-muerte-es-un-negocio\/#breadcrumb"},"inLanguage":"es","potentialAction":[{"@type":"ReadAction","target":["https:\/\/booksfrommexico.com\/es\/producto\/la-muerte-es-un-negocio\/"]}]},{"@type":"ImageObject","inLanguage":"es","@id":"https:\/\/booksfrommexico.com\/es\/producto\/la-muerte-es-un-negocio\/#primaryimage","url":"https:\/\/booksfrommexico.com\/app\/uploads\/2024\/04\/190838.jpeg","contentUrl":"https:\/\/booksfrommexico.com\/app\/uploads\/2024\/04\/190838.jpeg","width":433,"height":669,"caption":"La muerte es un negocio"},{"@type":"BreadcrumbList","@id":"https:\/\/booksfrommexico.com\/es\/producto\/la-muerte-es-un-negocio\/#breadcrumb","itemListElement":[{"@type":"ListItem","position":1,"name":"Home","item":"https:\/\/booksfrommexico.com\/es\/"},{"@type":"ListItem","position":2,"name":"Libros","item":"https:\/\/booksfrommexico.com\/es\/libros\/"},{"@type":"ListItem","position":3,"name":"La muerte es un negocio: Miradas cercanas a la violencia criminal en Am\u00e9rica Latina"}]},{"@type":"WebSite","@id":"https:\/\/booksfrommexico.com\/#website","url":"https:\/\/booksfrommexico.com\/","name":"Books From Mexico","description":"","publisher":{"@id":"https:\/\/booksfrommexico.com\/#organization"},"potentialAction":[{"@type":"SearchAction","target":{"@type":"EntryPoint","urlTemplate":"https:\/\/booksfrommexico.com\/?s={search_term_string}"},"query-input":{"@type":"PropertyValueSpecification","valueRequired":true,"valueName":"search_term_string"}}],"inLanguage":"es"},{"@type":"Organization","@id":"https:\/\/booksfrommexico.com\/#organization","name":"Books From Mexico","url":"https:\/\/booksfrommexico.com\/","logo":{"@type":"ImageObject","inLanguage":"es","@id":"https:\/\/booksfrommexico.com\/#\/schema\/logo\/image\/","url":"https:\/\/booksfrommexico.com\/app\/uploads\/2023\/05\/logo-booksfrommexico.svg","contentUrl":"https:\/\/booksfrommexico.com\/app\/uploads\/2023\/05\/logo-booksfrommexico.svg","width":86,"height":56,"caption":"Books From Mexico"},"image":{"@id":"https:\/\/booksfrommexico.com\/#\/schema\/logo\/image\/"}}]}},"_links":{"self":[{"href":"https:\/\/booksfrommexico.com\/es\/wp-json\/wp\/v2\/product\/5839","targetHints":{"allow":["GET"]}}],"collection":[{"href":"https:\/\/booksfrommexico.com\/es\/wp-json\/wp\/v2\/product"}],"about":[{"href":"https:\/\/booksfrommexico.com\/es\/wp-json\/wp\/v2\/types\/product"}],"wp:featuredmedia":[{"embeddable":true,"href":"https:\/\/booksfrommexico.com\/es\/wp-json\/wp\/v2\/media\/5923"}],"wp:attachment":[{"href":"https:\/\/booksfrommexico.com\/es\/wp-json\/wp\/v2\/media?parent=5839"}],"wp:term":[{"taxonomy":"product_brand","embeddable":true,"href":"https:\/\/booksfrommexico.com\/es\/wp-json\/wp\/v2\/product_brand?post=5839"},{"taxonomy":"product_cat","embeddable":true,"href":"https:\/\/booksfrommexico.com\/es\/wp-json\/wp\/v2\/product_cat?post=5839"},{"taxonomy":"product_tag","embeddable":true,"href":"https:\/\/booksfrommexico.com\/es\/wp-json\/wp\/v2\/product_tag?post=5839"}],"curies":[{"name":"wp","href":"https:\/\/api.w.org\/{rel}","templated":true}]}}