{"id":5840,"date":"2024-04-25T20:18:12","date_gmt":"2024-04-25T20:18:12","guid":{"rendered":"https:\/\/booksfrommexico.com\/product\/la-respuesta-liberal\/"},"modified":"2024-04-29T21:49:00","modified_gmt":"2024-04-29T21:49:00","slug":"la-respuesta-liberal","status":"publish","type":"product","link":"https:\/\/booksfrommexico.com\/es\/producto\/la-respuesta-liberal\/","title":{"rendered":"La Respuesta Liberal"},"content":{"rendered":"<p><span style=\"font-weight: 400;\">Colecci\u00f3n de ensayos donde se plasma el pensamiento liberal de forma muy diversa, pero que dentro de esa diversidad plantea una posible respuesta a soluciones complejas: ante la duda, la libertad. Entre los escritores podemos encontrar a Daniel Cos\u00edo Villegas, Octavio Paz, John K. Galbrait, Gabriel Zaid y Daniel Bell. En sus escritos desarrollan t\u00f3picos como la libertad que en s\u00ed misma establece que ning\u00fan hombre abuse de su libertad con el fin de da\u00f1ar la libertad de otros; la libertad como derecho fundamental, pero con sus l\u00edmites en la libertad del pr\u00f3jimo; la libertad que promueve la formaci\u00f3n de los hombres; y por \u00faltimo, la libertad que hace posible una mejor sociedad.<\/span><\/p>\n","protected":false},"excerpt":{"rendered":"<p>LA RESPUESTA LIBERAL<span style=\"font-weight: 400;\">. \/ David Medina Portillo (selector). Ciudad de M\u00e9xico, M\u00e9xico : El Equilibrista Otra Vez ; Arte &amp; Cultura , Grupo Salinas, 2019. 397 pages : includes bibliography at the end of each chapter ; 23 cm. ISBN : 9786079839024.<\/span><\/p>\n","protected":false},"featured_media":5956,"template":"","meta":{"_acf_changed":false,"inline_featured_image":false},"product_brand":[],"product_cat":[26,25],"product_tag":[4112,3837,3855],"class_list":{"0":"post-5840","1":"product","2":"type-product","3":"status-publish","4":"has-post-thumbnail","6":"product_cat-ensayo-literatura","7":"product_cat-literatura","8":"product_tag-antologia","9":"product_tag-derechos-humanos","10":"product_tag-ensayos","12":"first","13":"instock","14":"taxable","15":"shipping-taxable","16":"purchasable","17":"product-type-simple"},"acf":[],"yoast_head":"<!-- This site is optimized with the Yoast SEO plugin v27.3 - https:\/\/yoast.com\/product\/yoast-seo-wordpress\/ -->\n<title>La Respuesta Liberal<\/title>\n<meta name=\"description\" content=\"LA RESPUESTA LIBERAL. \/ David Medina Portillo (selector). Ciudad de M\u00e9xico, M\u00e9xico : El Equilibrista Otra Vez ; Arte &amp; Cultura , Grupo Salinas, 2019.\" \/>\n<meta name=\"robots\" content=\"index, follow, max-snippet:-1, max-image-preview:large, max-video-preview:-1\" \/>\n<link rel=\"canonical\" href=\"https:\/\/booksfrommexico.com\/es\/producto\/la-respuesta-liberal\/\" \/>\n<meta property=\"og:locale\" content=\"es_ES\" \/>\n<meta property=\"og:type\" content=\"article\" \/>\n<meta property=\"og:title\" content=\"La Respuesta Liberal\" \/>\n<meta property=\"og:description\" content=\"LA RESPUESTA LIBERAL. \/ David Medina Portillo (selector). Ciudad de M\u00e9xico, M\u00e9xico : El Equilibrista Otra Vez ; Arte &amp; Cultura , Grupo Salinas, 2019.\" \/>\n<meta property=\"og:url\" content=\"https:\/\/booksfrommexico.com\/es\/producto\/la-respuesta-liberal\/\" \/>\n<meta property=\"og:site_name\" content=\"Books From Mexico\" \/>\n<meta property=\"article:modified_time\" content=\"2024-04-29T21:49:00+00:00\" \/>\n<meta property=\"og:image\" content=\"http:\/\/booksfrommexico.com\/app\/uploads\/2024\/04\/191937.jpg\" \/>\n\t<meta property=\"og:image:width\" content=\"644\" \/>\n\t<meta property=\"og:image:height\" content=\"889\" \/>\n\t<meta property=\"og:image:type\" content=\"image\/jpeg\" \/>\n<meta name=\"twitter:card\" content=\"summary_large_image\" \/>\n<meta name=\"twitter:label1\" content=\"Tiempo de lectura\" \/>\n\t<meta name=\"twitter:data1\" content=\"1 minuto\" \/>\n<script type=\"application\/ld+json\" class=\"yoast-schema-graph\">{\"@context\":\"https:\\\/\\\/schema.org\",\"@graph\":[{\"@type\":\"WebPage\",\"@id\":\"https:\\\/\\\/booksfrommexico.com\\\/es\\\/producto\\\/la-respuesta-liberal\\\/\",\"url\":\"https:\\\/\\\/booksfrommexico.com\\\/es\\\/producto\\\/la-respuesta-liberal\\\/\",\"name\":\"La Respuesta Liberal\",\"isPartOf\":{\"@id\":\"https:\\\/\\\/booksfrommexico.com\\\/#website\"},\"primaryImageOfPage\":{\"@id\":\"https:\\\/\\\/booksfrommexico.com\\\/es\\\/producto\\\/la-respuesta-liberal\\\/#primaryimage\"},\"image\":{\"@id\":\"https:\\\/\\\/booksfrommexico.com\\\/es\\\/producto\\\/la-respuesta-liberal\\\/#primaryimage\"},\"thumbnailUrl\":\"https:\\\/\\\/booksfrommexico.com\\\/app\\\/uploads\\\/2024\\\/04\\\/191937.jpg\",\"datePublished\":\"2024-04-25T20:18:12+00:00\",\"dateModified\":\"2024-04-29T21:49:00+00:00\",\"description\":\"LA RESPUESTA LIBERAL. \\\/ David Medina Portillo (selector). Ciudad de M\u00e9xico, M\u00e9xico : El Equilibrista Otra Vez ; Arte & Cultura , Grupo Salinas, 2019.\",\"breadcrumb\":{\"@id\":\"https:\\\/\\\/booksfrommexico.com\\\/es\\\/producto\\\/la-respuesta-liberal\\\/#breadcrumb\"},\"inLanguage\":\"es\",\"potentialAction\":[{\"@type\":\"ReadAction\",\"target\":[\"https:\\\/\\\/booksfrommexico.com\\\/es\\\/producto\\\/la-respuesta-liberal\\\/\"]}]},{\"@type\":\"ImageObject\",\"inLanguage\":\"es\",\"@id\":\"https:\\\/\\\/booksfrommexico.com\\\/es\\\/producto\\\/la-respuesta-liberal\\\/#primaryimage\",\"url\":\"https:\\\/\\\/booksfrommexico.com\\\/app\\\/uploads\\\/2024\\\/04\\\/191937.jpg\",\"contentUrl\":\"https:\\\/\\\/booksfrommexico.com\\\/app\\\/uploads\\\/2024\\\/04\\\/191937.jpg\",\"width\":644,\"height\":889,\"caption\":\"La respuesta liberal\"},{\"@type\":\"BreadcrumbList\",\"@id\":\"https:\\\/\\\/booksfrommexico.com\\\/es\\\/producto\\\/la-respuesta-liberal\\\/#breadcrumb\",\"itemListElement\":[{\"@type\":\"ListItem\",\"position\":1,\"name\":\"Home\",\"item\":\"https:\\\/\\\/booksfrommexico.com\\\/es\\\/\"},{\"@type\":\"ListItem\",\"position\":2,\"name\":\"Libros\",\"item\":\"https:\\\/\\\/booksfrommexico.com\\\/es\\\/libros\\\/\"},{\"@type\":\"ListItem\",\"position\":3,\"name\":\"La Respuesta Liberal\"}]},{\"@type\":\"WebSite\",\"@id\":\"https:\\\/\\\/booksfrommexico.com\\\/#website\",\"url\":\"https:\\\/\\\/booksfrommexico.com\\\/\",\"name\":\"Books From Mexico\",\"description\":\"\",\"publisher\":{\"@id\":\"https:\\\/\\\/booksfrommexico.com\\\/#organization\"},\"potentialAction\":[{\"@type\":\"SearchAction\",\"target\":{\"@type\":\"EntryPoint\",\"urlTemplate\":\"https:\\\/\\\/booksfrommexico.com\\\/?s={search_term_string}\"},\"query-input\":{\"@type\":\"PropertyValueSpecification\",\"valueRequired\":true,\"valueName\":\"search_term_string\"}}],\"inLanguage\":\"es\"},{\"@type\":\"Organization\",\"@id\":\"https:\\\/\\\/booksfrommexico.com\\\/#organization\",\"name\":\"Books From Mexico\",\"url\":\"https:\\\/\\\/booksfrommexico.com\\\/\",\"logo\":{\"@type\":\"ImageObject\",\"inLanguage\":\"es\",\"@id\":\"https:\\\/\\\/booksfrommexico.com\\\/#\\\/schema\\\/logo\\\/image\\\/\",\"url\":\"https:\\\/\\\/booksfrommexico.com\\\/app\\\/uploads\\\/2023\\\/05\\\/logo-booksfrommexico.svg\",\"contentUrl\":\"https:\\\/\\\/booksfrommexico.com\\\/app\\\/uploads\\\/2023\\\/05\\\/logo-booksfrommexico.svg\",\"width\":86,\"height\":56,\"caption\":\"Books From Mexico\"},\"image\":{\"@id\":\"https:\\\/\\\/booksfrommexico.com\\\/#\\\/schema\\\/logo\\\/image\\\/\"}}]}<\/script>\n<!-- \/ Yoast SEO plugin. -->","yoast_head_json":{"title":"La Respuesta Liberal","description":"LA RESPUESTA LIBERAL. \/ David Medina Portillo (selector). Ciudad de M\u00e9xico, M\u00e9xico : El Equilibrista Otra Vez ; Arte & Cultura , Grupo Salinas, 2019.","robots":{"index":"index","follow":"follow","max-snippet":"max-snippet:-1","max-image-preview":"max-image-preview:large","max-video-preview":"max-video-preview:-1"},"canonical":"https:\/\/booksfrommexico.com\/es\/producto\/la-respuesta-liberal\/","og_locale":"es_ES","og_type":"article","og_title":"La Respuesta Liberal","og_description":"LA RESPUESTA LIBERAL. \/ David Medina Portillo (selector). Ciudad de M\u00e9xico, M\u00e9xico : El Equilibrista Otra Vez ; Arte & Cultura , Grupo Salinas, 2019.","og_url":"https:\/\/booksfrommexico.com\/es\/producto\/la-respuesta-liberal\/","og_site_name":"Books From Mexico","article_modified_time":"2024-04-29T21:49:00+00:00","og_image":[{"width":644,"height":889,"url":"http:\/\/booksfrommexico.com\/app\/uploads\/2024\/04\/191937.jpg","type":"image\/jpeg"}],"twitter_card":"summary_large_image","twitter_misc":{"Tiempo de lectura":"1 minuto"},"schema":{"@context":"https:\/\/schema.org","@graph":[{"@type":"WebPage","@id":"https:\/\/booksfrommexico.com\/es\/producto\/la-respuesta-liberal\/","url":"https:\/\/booksfrommexico.com\/es\/producto\/la-respuesta-liberal\/","name":"La Respuesta Liberal","isPartOf":{"@id":"https:\/\/booksfrommexico.com\/#website"},"primaryImageOfPage":{"@id":"https:\/\/booksfrommexico.com\/es\/producto\/la-respuesta-liberal\/#primaryimage"},"image":{"@id":"https:\/\/booksfrommexico.com\/es\/producto\/la-respuesta-liberal\/#primaryimage"},"thumbnailUrl":"https:\/\/booksfrommexico.com\/app\/uploads\/2024\/04\/191937.jpg","datePublished":"2024-04-25T20:18:12+00:00","dateModified":"2024-04-29T21:49:00+00:00","description":"LA RESPUESTA LIBERAL. \/ David Medina Portillo (selector). Ciudad de M\u00e9xico, M\u00e9xico : El Equilibrista Otra Vez ; Arte & Cultura , Grupo Salinas, 2019.","breadcrumb":{"@id":"https:\/\/booksfrommexico.com\/es\/producto\/la-respuesta-liberal\/#breadcrumb"},"inLanguage":"es","potentialAction":[{"@type":"ReadAction","target":["https:\/\/booksfrommexico.com\/es\/producto\/la-respuesta-liberal\/"]}]},{"@type":"ImageObject","inLanguage":"es","@id":"https:\/\/booksfrommexico.com\/es\/producto\/la-respuesta-liberal\/#primaryimage","url":"https:\/\/booksfrommexico.com\/app\/uploads\/2024\/04\/191937.jpg","contentUrl":"https:\/\/booksfrommexico.com\/app\/uploads\/2024\/04\/191937.jpg","width":644,"height":889,"caption":"La respuesta liberal"},{"@type":"BreadcrumbList","@id":"https:\/\/booksfrommexico.com\/es\/producto\/la-respuesta-liberal\/#breadcrumb","itemListElement":[{"@type":"ListItem","position":1,"name":"Home","item":"https:\/\/booksfrommexico.com\/es\/"},{"@type":"ListItem","position":2,"name":"Libros","item":"https:\/\/booksfrommexico.com\/es\/libros\/"},{"@type":"ListItem","position":3,"name":"La Respuesta Liberal"}]},{"@type":"WebSite","@id":"https:\/\/booksfrommexico.com\/#website","url":"https:\/\/booksfrommexico.com\/","name":"Books From Mexico","description":"","publisher":{"@id":"https:\/\/booksfrommexico.com\/#organization"},"potentialAction":[{"@type":"SearchAction","target":{"@type":"EntryPoint","urlTemplate":"https:\/\/booksfrommexico.com\/?s={search_term_string}"},"query-input":{"@type":"PropertyValueSpecification","valueRequired":true,"valueName":"search_term_string"}}],"inLanguage":"es"},{"@type":"Organization","@id":"https:\/\/booksfrommexico.com\/#organization","name":"Books From Mexico","url":"https:\/\/booksfrommexico.com\/","logo":{"@type":"ImageObject","inLanguage":"es","@id":"https:\/\/booksfrommexico.com\/#\/schema\/logo\/image\/","url":"https:\/\/booksfrommexico.com\/app\/uploads\/2023\/05\/logo-booksfrommexico.svg","contentUrl":"https:\/\/booksfrommexico.com\/app\/uploads\/2023\/05\/logo-booksfrommexico.svg","width":86,"height":56,"caption":"Books From Mexico"},"image":{"@id":"https:\/\/booksfrommexico.com\/#\/schema\/logo\/image\/"}}]}},"_links":{"self":[{"href":"https:\/\/booksfrommexico.com\/es\/wp-json\/wp\/v2\/product\/5840","targetHints":{"allow":["GET"]}}],"collection":[{"href":"https:\/\/booksfrommexico.com\/es\/wp-json\/wp\/v2\/product"}],"about":[{"href":"https:\/\/booksfrommexico.com\/es\/wp-json\/wp\/v2\/types\/product"}],"wp:featuredmedia":[{"embeddable":true,"href":"https:\/\/booksfrommexico.com\/es\/wp-json\/wp\/v2\/media\/5956"}],"wp:attachment":[{"href":"https:\/\/booksfrommexico.com\/es\/wp-json\/wp\/v2\/media?parent=5840"}],"wp:term":[{"taxonomy":"product_brand","embeddable":true,"href":"https:\/\/booksfrommexico.com\/es\/wp-json\/wp\/v2\/product_brand?post=5840"},{"taxonomy":"product_cat","embeddable":true,"href":"https:\/\/booksfrommexico.com\/es\/wp-json\/wp\/v2\/product_cat?post=5840"},{"taxonomy":"product_tag","embeddable":true,"href":"https:\/\/booksfrommexico.com\/es\/wp-json\/wp\/v2\/product_tag?post=5840"}],"curies":[{"name":"wp","href":"https:\/\/api.w.org\/{rel}","templated":true}]}}