{"id":5841,"date":"2024-04-25T20:18:12","date_gmt":"2024-04-25T20:18:12","guid":{"rendered":"https:\/\/booksfrommexico.com\/product\/las-relaciones-mexico-estados-unidos-en-la-coyuntura-actual\/"},"modified":"2024-04-26T18:46:26","modified_gmt":"2024-04-26T18:46:26","slug":"las-relaciones-mexico-estados-unidos-en-la-coyuntura-actual","status":"publish","type":"product","link":"https:\/\/booksfrommexico.com\/es\/producto\/las-relaciones-mexico-estados-unidos-en-la-coyuntura-actual\/","title":{"rendered":"Las relaciones M\u00e9xico-Estados Unidos en la coyuntura actual"},"content":{"rendered":"<p><span style=\"font-weight: 400;\">El ICGDE-BUAP propuso organizar un Coloquio sobre las Relaciones M\u00e9xico-Estados Unidos en el que sus investigadores dise\u00f1aron una agenda de investigaci\u00f3n de corto plazo que abone a la discusi\u00f3n informada de los efectos que diferentes escenarios futuros de las relaciones entre ambos pa\u00edses pudieron tener en diversos aspectos de la vida social de los mexicanos. En \u00e9l se presentaron 22 ponencias en total, de las cuales 18 se incluyen en este libro, revisadas y corregidas por sus autores. Los aspectos en los que m\u00e1s se pone \u00e9nfasis es en la pol\u00edtica, cuestiones comerciales y derechos humanos (asociados principalmente a la migraci\u00f3n).\u00a0<\/span><\/p>\n","protected":false},"excerpt":{"rendered":"<p>LAS RELACIONES M\u00c9XICO-ESTADOS UNIDOS EN LA COYUNTURA ACTUAL<span style=\"font-weight: 400;\">. \/ Mario Miguel Carrillo Huerta (coordinator). Puebla, M\u00e9xico : Benem\u00e9rita Universidad Aut\u00f3noma de Puebla ; Instituto de Ciencias de Gobierno y Desarrollo Estrat\u00e9gico ; Buenos Aires, Argentina : Consejo Latinoamericano de Ciencias Sociales, 2017. 298 pages : includes photos, tables, charts, maps, bibliography at the end of each chapter ; 22 cm. ISBN :\u00a0 9786075254494.<\/span><\/p>\n","protected":false},"featured_media":5909,"template":"","meta":{"_acf_changed":false,"inline_featured_image":false},"product_brand":[],"product_cat":[568,42],"product_tag":[4235,3659,3685,3612],"class_list":{"0":"post-5841","1":"product","2":"type-product","3":"status-publish","4":"has-post-thumbnail","6":"product_cat-inmigracion-hacia-desde-otros-paises-temas-de-inmigracion-y-migraciones-humanas","7":"product_cat-temas-de-inmigracion-y-migraciones-humanas","8":"product_tag-coloquios","9":"product_tag-condiciones-sociales","10":"product_tag-inmigracion","11":"product_tag-inmigrants","13":"first","14":"instock","15":"taxable","16":"shipping-taxable","17":"purchasable","18":"product-type-simple"},"acf":[],"yoast_head":"<!-- This site is optimized with the Yoast SEO plugin v27.3 - https:\/\/yoast.com\/product\/yoast-seo-wordpress\/ -->\n<title>Las relaciones M\u00e9xico-Estados Unidos en la coyuntura actual<\/title>\n<meta name=\"description\" content=\"LAS RELACIONES M\u00c9XICO-ESTADOS UNIDOS EN LA COYUNTURA ACTUAL. \/ Mario Miguel Carrillo Huerta (coordinator). BUAP ; ICGDE ; CLACSO, 2017.\" \/>\n<meta name=\"robots\" content=\"index, follow, max-snippet:-1, max-image-preview:large, max-video-preview:-1\" \/>\n<link rel=\"canonical\" href=\"https:\/\/booksfrommexico.com\/es\/producto\/las-relaciones-mexico-estados-unidos-en-la-coyuntura-actual\/\" \/>\n<meta property=\"og:locale\" content=\"es_ES\" \/>\n<meta property=\"og:type\" content=\"article\" \/>\n<meta property=\"og:title\" content=\"Las relaciones M\u00e9xico-Estados Unidos en la coyuntura actual\" \/>\n<meta property=\"og:description\" content=\"LAS RELACIONES M\u00c9XICO-ESTADOS UNIDOS EN LA COYUNTURA ACTUAL. \/ Mario Miguel Carrillo Huerta (coordinator). BUAP ; ICGDE ; CLACSO, 2017.\" \/>\n<meta property=\"og:url\" content=\"https:\/\/booksfrommexico.com\/es\/producto\/las-relaciones-mexico-estados-unidos-en-la-coyuntura-actual\/\" \/>\n<meta property=\"og:site_name\" content=\"Books From Mexico\" \/>\n<meta property=\"article:modified_time\" content=\"2024-04-26T18:46:26+00:00\" \/>\n<meta property=\"og:image\" content=\"http:\/\/booksfrommexico.com\/app\/uploads\/2024\/04\/189588.jpeg\" \/>\n\t<meta property=\"og:image:width\" content=\"446\" \/>\n\t<meta property=\"og:image:height\" content=\"641\" \/>\n\t<meta property=\"og:image:type\" content=\"image\/jpeg\" \/>\n<meta name=\"twitter:card\" content=\"summary_large_image\" \/>\n<meta name=\"twitter:label1\" content=\"Tiempo de lectura\" \/>\n\t<meta name=\"twitter:data1\" content=\"1 minuto\" \/>\n<script type=\"application\/ld+json\" class=\"yoast-schema-graph\">{\"@context\":\"https:\\\/\\\/schema.org\",\"@graph\":[{\"@type\":\"WebPage\",\"@id\":\"https:\\\/\\\/booksfrommexico.com\\\/es\\\/producto\\\/las-relaciones-mexico-estados-unidos-en-la-coyuntura-actual\\\/\",\"url\":\"https:\\\/\\\/booksfrommexico.com\\\/es\\\/producto\\\/las-relaciones-mexico-estados-unidos-en-la-coyuntura-actual\\\/\",\"name\":\"Las relaciones M\u00e9xico-Estados Unidos en la coyuntura actual\",\"isPartOf\":{\"@id\":\"https:\\\/\\\/booksfrommexico.com\\\/#website\"},\"primaryImageOfPage\":{\"@id\":\"https:\\\/\\\/booksfrommexico.com\\\/es\\\/producto\\\/las-relaciones-mexico-estados-unidos-en-la-coyuntura-actual\\\/#primaryimage\"},\"image\":{\"@id\":\"https:\\\/\\\/booksfrommexico.com\\\/es\\\/producto\\\/las-relaciones-mexico-estados-unidos-en-la-coyuntura-actual\\\/#primaryimage\"},\"thumbnailUrl\":\"https:\\\/\\\/booksfrommexico.com\\\/app\\\/uploads\\\/2024\\\/04\\\/189588.jpeg\",\"datePublished\":\"2024-04-25T20:18:12+00:00\",\"dateModified\":\"2024-04-26T18:46:26+00:00\",\"description\":\"LAS RELACIONES M\u00c9XICO-ESTADOS UNIDOS EN LA COYUNTURA ACTUAL. \\\/ Mario Miguel Carrillo Huerta (coordinator). BUAP ; ICGDE ; CLACSO, 2017.\",\"breadcrumb\":{\"@id\":\"https:\\\/\\\/booksfrommexico.com\\\/es\\\/producto\\\/las-relaciones-mexico-estados-unidos-en-la-coyuntura-actual\\\/#breadcrumb\"},\"inLanguage\":\"es\",\"potentialAction\":[{\"@type\":\"ReadAction\",\"target\":[\"https:\\\/\\\/booksfrommexico.com\\\/es\\\/producto\\\/las-relaciones-mexico-estados-unidos-en-la-coyuntura-actual\\\/\"]}]},{\"@type\":\"ImageObject\",\"inLanguage\":\"es\",\"@id\":\"https:\\\/\\\/booksfrommexico.com\\\/es\\\/producto\\\/las-relaciones-mexico-estados-unidos-en-la-coyuntura-actual\\\/#primaryimage\",\"url\":\"https:\\\/\\\/booksfrommexico.com\\\/app\\\/uploads\\\/2024\\\/04\\\/189588.jpeg\",\"contentUrl\":\"https:\\\/\\\/booksfrommexico.com\\\/app\\\/uploads\\\/2024\\\/04\\\/189588.jpeg\",\"width\":446,\"height\":641,\"caption\":\"Las relaciones M\u00e9xico-Estados Unidos en la coyuntura actual\"},{\"@type\":\"BreadcrumbList\",\"@id\":\"https:\\\/\\\/booksfrommexico.com\\\/es\\\/producto\\\/las-relaciones-mexico-estados-unidos-en-la-coyuntura-actual\\\/#breadcrumb\",\"itemListElement\":[{\"@type\":\"ListItem\",\"position\":1,\"name\":\"Home\",\"item\":\"https:\\\/\\\/booksfrommexico.com\\\/es\\\/\"},{\"@type\":\"ListItem\",\"position\":2,\"name\":\"Libros\",\"item\":\"https:\\\/\\\/booksfrommexico.com\\\/es\\\/libros\\\/\"},{\"@type\":\"ListItem\",\"position\":3,\"name\":\"Las relaciones M\u00e9xico-Estados Unidos en la coyuntura actual\"}]},{\"@type\":\"WebSite\",\"@id\":\"https:\\\/\\\/booksfrommexico.com\\\/#website\",\"url\":\"https:\\\/\\\/booksfrommexico.com\\\/\",\"name\":\"Books From Mexico\",\"description\":\"\",\"publisher\":{\"@id\":\"https:\\\/\\\/booksfrommexico.com\\\/#organization\"},\"potentialAction\":[{\"@type\":\"SearchAction\",\"target\":{\"@type\":\"EntryPoint\",\"urlTemplate\":\"https:\\\/\\\/booksfrommexico.com\\\/?s={search_term_string}\"},\"query-input\":{\"@type\":\"PropertyValueSpecification\",\"valueRequired\":true,\"valueName\":\"search_term_string\"}}],\"inLanguage\":\"es\"},{\"@type\":\"Organization\",\"@id\":\"https:\\\/\\\/booksfrommexico.com\\\/#organization\",\"name\":\"Books From Mexico\",\"url\":\"https:\\\/\\\/booksfrommexico.com\\\/\",\"logo\":{\"@type\":\"ImageObject\",\"inLanguage\":\"es\",\"@id\":\"https:\\\/\\\/booksfrommexico.com\\\/#\\\/schema\\\/logo\\\/image\\\/\",\"url\":\"https:\\\/\\\/booksfrommexico.com\\\/app\\\/uploads\\\/2023\\\/05\\\/logo-booksfrommexico.svg\",\"contentUrl\":\"https:\\\/\\\/booksfrommexico.com\\\/app\\\/uploads\\\/2023\\\/05\\\/logo-booksfrommexico.svg\",\"width\":86,\"height\":56,\"caption\":\"Books From Mexico\"},\"image\":{\"@id\":\"https:\\\/\\\/booksfrommexico.com\\\/#\\\/schema\\\/logo\\\/image\\\/\"}}]}<\/script>\n<!-- \/ Yoast SEO plugin. -->","yoast_head_json":{"title":"Las relaciones M\u00e9xico-Estados Unidos en la coyuntura actual","description":"LAS RELACIONES M\u00c9XICO-ESTADOS UNIDOS EN LA COYUNTURA ACTUAL. \/ Mario Miguel Carrillo Huerta (coordinator). BUAP ; ICGDE ; CLACSO, 2017.","robots":{"index":"index","follow":"follow","max-snippet":"max-snippet:-1","max-image-preview":"max-image-preview:large","max-video-preview":"max-video-preview:-1"},"canonical":"https:\/\/booksfrommexico.com\/es\/producto\/las-relaciones-mexico-estados-unidos-en-la-coyuntura-actual\/","og_locale":"es_ES","og_type":"article","og_title":"Las relaciones M\u00e9xico-Estados Unidos en la coyuntura actual","og_description":"LAS RELACIONES M\u00c9XICO-ESTADOS UNIDOS EN LA COYUNTURA ACTUAL. \/ Mario Miguel Carrillo Huerta (coordinator). BUAP ; ICGDE ; CLACSO, 2017.","og_url":"https:\/\/booksfrommexico.com\/es\/producto\/las-relaciones-mexico-estados-unidos-en-la-coyuntura-actual\/","og_site_name":"Books From Mexico","article_modified_time":"2024-04-26T18:46:26+00:00","og_image":[{"width":446,"height":641,"url":"http:\/\/booksfrommexico.com\/app\/uploads\/2024\/04\/189588.jpeg","type":"image\/jpeg"}],"twitter_card":"summary_large_image","twitter_misc":{"Tiempo de lectura":"1 minuto"},"schema":{"@context":"https:\/\/schema.org","@graph":[{"@type":"WebPage","@id":"https:\/\/booksfrommexico.com\/es\/producto\/las-relaciones-mexico-estados-unidos-en-la-coyuntura-actual\/","url":"https:\/\/booksfrommexico.com\/es\/producto\/las-relaciones-mexico-estados-unidos-en-la-coyuntura-actual\/","name":"Las relaciones M\u00e9xico-Estados Unidos en la coyuntura actual","isPartOf":{"@id":"https:\/\/booksfrommexico.com\/#website"},"primaryImageOfPage":{"@id":"https:\/\/booksfrommexico.com\/es\/producto\/las-relaciones-mexico-estados-unidos-en-la-coyuntura-actual\/#primaryimage"},"image":{"@id":"https:\/\/booksfrommexico.com\/es\/producto\/las-relaciones-mexico-estados-unidos-en-la-coyuntura-actual\/#primaryimage"},"thumbnailUrl":"https:\/\/booksfrommexico.com\/app\/uploads\/2024\/04\/189588.jpeg","datePublished":"2024-04-25T20:18:12+00:00","dateModified":"2024-04-26T18:46:26+00:00","description":"LAS RELACIONES M\u00c9XICO-ESTADOS UNIDOS EN LA COYUNTURA ACTUAL. \/ Mario Miguel Carrillo Huerta (coordinator). BUAP ; ICGDE ; CLACSO, 2017.","breadcrumb":{"@id":"https:\/\/booksfrommexico.com\/es\/producto\/las-relaciones-mexico-estados-unidos-en-la-coyuntura-actual\/#breadcrumb"},"inLanguage":"es","potentialAction":[{"@type":"ReadAction","target":["https:\/\/booksfrommexico.com\/es\/producto\/las-relaciones-mexico-estados-unidos-en-la-coyuntura-actual\/"]}]},{"@type":"ImageObject","inLanguage":"es","@id":"https:\/\/booksfrommexico.com\/es\/producto\/las-relaciones-mexico-estados-unidos-en-la-coyuntura-actual\/#primaryimage","url":"https:\/\/booksfrommexico.com\/app\/uploads\/2024\/04\/189588.jpeg","contentUrl":"https:\/\/booksfrommexico.com\/app\/uploads\/2024\/04\/189588.jpeg","width":446,"height":641,"caption":"Las relaciones M\u00e9xico-Estados Unidos en la coyuntura actual"},{"@type":"BreadcrumbList","@id":"https:\/\/booksfrommexico.com\/es\/producto\/las-relaciones-mexico-estados-unidos-en-la-coyuntura-actual\/#breadcrumb","itemListElement":[{"@type":"ListItem","position":1,"name":"Home","item":"https:\/\/booksfrommexico.com\/es\/"},{"@type":"ListItem","position":2,"name":"Libros","item":"https:\/\/booksfrommexico.com\/es\/libros\/"},{"@type":"ListItem","position":3,"name":"Las relaciones M\u00e9xico-Estados Unidos en la coyuntura actual"}]},{"@type":"WebSite","@id":"https:\/\/booksfrommexico.com\/#website","url":"https:\/\/booksfrommexico.com\/","name":"Books From Mexico","description":"","publisher":{"@id":"https:\/\/booksfrommexico.com\/#organization"},"potentialAction":[{"@type":"SearchAction","target":{"@type":"EntryPoint","urlTemplate":"https:\/\/booksfrommexico.com\/?s={search_term_string}"},"query-input":{"@type":"PropertyValueSpecification","valueRequired":true,"valueName":"search_term_string"}}],"inLanguage":"es"},{"@type":"Organization","@id":"https:\/\/booksfrommexico.com\/#organization","name":"Books From Mexico","url":"https:\/\/booksfrommexico.com\/","logo":{"@type":"ImageObject","inLanguage":"es","@id":"https:\/\/booksfrommexico.com\/#\/schema\/logo\/image\/","url":"https:\/\/booksfrommexico.com\/app\/uploads\/2023\/05\/logo-booksfrommexico.svg","contentUrl":"https:\/\/booksfrommexico.com\/app\/uploads\/2023\/05\/logo-booksfrommexico.svg","width":86,"height":56,"caption":"Books From Mexico"},"image":{"@id":"https:\/\/booksfrommexico.com\/#\/schema\/logo\/image\/"}}]}},"_links":{"self":[{"href":"https:\/\/booksfrommexico.com\/es\/wp-json\/wp\/v2\/product\/5841","targetHints":{"allow":["GET"]}}],"collection":[{"href":"https:\/\/booksfrommexico.com\/es\/wp-json\/wp\/v2\/product"}],"about":[{"href":"https:\/\/booksfrommexico.com\/es\/wp-json\/wp\/v2\/types\/product"}],"wp:featuredmedia":[{"embeddable":true,"href":"https:\/\/booksfrommexico.com\/es\/wp-json\/wp\/v2\/media\/5909"}],"wp:attachment":[{"href":"https:\/\/booksfrommexico.com\/es\/wp-json\/wp\/v2\/media?parent=5841"}],"wp:term":[{"taxonomy":"product_brand","embeddable":true,"href":"https:\/\/booksfrommexico.com\/es\/wp-json\/wp\/v2\/product_brand?post=5841"},{"taxonomy":"product_cat","embeddable":true,"href":"https:\/\/booksfrommexico.com\/es\/wp-json\/wp\/v2\/product_cat?post=5841"},{"taxonomy":"product_tag","embeddable":true,"href":"https:\/\/booksfrommexico.com\/es\/wp-json\/wp\/v2\/product_tag?post=5841"}],"curies":[{"name":"wp","href":"https:\/\/api.w.org\/{rel}","templated":true}]}}