{"id":5843,"date":"2024-04-25T20:18:12","date_gmt":"2024-04-25T20:18:12","guid":{"rendered":"https:\/\/booksfrommexico.com\/product\/nunca-jamas\/"},"modified":"2024-04-26T20:11:20","modified_gmt":"2024-04-26T20:11:20","slug":"nunca-jamas","status":"publish","type":"product","link":"https:\/\/booksfrommexico.com\/es\/producto\/nunca-jamas\/","title":{"rendered":"Nunca Jam\u00e1s"},"content":{"rendered":"<p><span style=\"font-weight: 400;\">Andr\u00e9s Villalobos Cuevas estudi\u00f3 Artes Visuales en la UNAM, y se especializ\u00f3 en escultura y dibujo. En este t\u00edtulo, el autor se inspir\u00f3 en otros 3 libros que le interesaron:<\/span><i><span style=\"font-weight: 400;\"> Nihilistas de Internet <\/span><\/i><span style=\"font-weight: 400;\">de Pachiclon, <\/span><i><span style=\"font-weight: 400;\">Un buen d\u00eda <\/span><\/i><span style=\"font-weight: 400;\">de Jazael Olgu\u00edn Zapata y <\/span><i><span style=\"font-weight: 400;\">Y volvieron los fantasmas<\/span><\/i><span style=\"font-weight: 400;\"> de Diego Teo, donde encuentra la inspiraci\u00f3n tras ver representados momentos de lo que \u00e9l define como \u201cuna masculinidad cansada, triste, deprimida, aplastada, oprimida, sin esperanzas y con la dignidad machucada\u201d. En esta serie de ilustraciones en tinta roja toman forma de c\u00f3mic sin ning\u00fan tipo de di\u00e1logo, con mucho movimiento entre cuadros, podemos ver a un protagonista solitario que va graffiteando una ciudad vac\u00eda.<\/span><\/p>\n","protected":false},"excerpt":{"rendered":"<p>NUNCA JAM\u00c1S<span style=\"font-weight: 400;\">. \/ Andr\u00e9s Villalobos Cuevas. Ciudad de M\u00e9xico, M\u00e9xico: Gobierno de M\u00e9xico , Secretar\u00eda de Cultura , Fondo Nacional para la Cultura y las Artes ;\u00a0 Guga C\u00f3mits, 2019. [48 sheets unpaged] : includes chiefly color illustrations ; 28 cm. (Colecci\u00f3n Vacaciones de trabajo).<\/span><\/p>\n","protected":false},"featured_media":5928,"template":"","meta":{"_acf_changed":false,"inline_featured_image":false},"product_brand":[],"product_cat":[4159],"product_tag":[4044,4279],"class_list":{"0":"post-5843","1":"product","2":"type-product","3":"status-publish","4":"has-post-thumbnail","6":"product_cat-comic","7":"product_tag-arte","8":"product_tag-diseno","10":"first","11":"instock","12":"taxable","13":"shipping-taxable","14":"purchasable","15":"product-type-simple"},"acf":[],"yoast_head":"<!-- This site is optimized with the Yoast SEO plugin v27.3 - https:\/\/yoast.com\/product\/yoast-seo-wordpress\/ -->\n<title>Nunca jam\u00e1s<\/title>\n<meta name=\"description\" content=\"Andr\u00e9s Villalobos Cuevas. Fondo Nacional para la Cultura y las Artes ; Guga C\u00f3mits. Includes chiefly color illustrations. (Colecci\u00f3n Vacaciones de trabajo).\" \/>\n<meta name=\"robots\" content=\"index, follow, max-snippet:-1, max-image-preview:large, max-video-preview:-1\" \/>\n<link rel=\"canonical\" href=\"https:\/\/booksfrommexico.com\/es\/producto\/nunca-jamas\/\" \/>\n<meta property=\"og:locale\" content=\"es_ES\" \/>\n<meta property=\"og:type\" content=\"article\" \/>\n<meta property=\"og:title\" content=\"Nunca jam\u00e1s\" \/>\n<meta property=\"og:description\" content=\"Andr\u00e9s Villalobos Cuevas. Fondo Nacional para la Cultura y las Artes ; Guga C\u00f3mits. Includes chiefly color illustrations. (Colecci\u00f3n Vacaciones de trabajo).\" \/>\n<meta property=\"og:url\" content=\"https:\/\/booksfrommexico.com\/es\/producto\/nunca-jamas\/\" \/>\n<meta property=\"og:site_name\" content=\"Books From Mexico\" \/>\n<meta property=\"article:modified_time\" content=\"2024-04-26T20:11:20+00:00\" \/>\n<meta property=\"og:image\" content=\"http:\/\/booksfrommexico.com\/app\/uploads\/2024\/04\/190720.jpeg\" \/>\n\t<meta property=\"og:image:width\" content=\"629\" \/>\n\t<meta property=\"og:image:height\" content=\"810\" \/>\n\t<meta property=\"og:image:type\" content=\"image\/jpeg\" \/>\n<meta name=\"twitter:card\" content=\"summary_large_image\" \/>\n<meta name=\"twitter:label1\" content=\"Tiempo de lectura\" \/>\n\t<meta name=\"twitter:data1\" content=\"1 minuto\" \/>\n<script type=\"application\/ld+json\" class=\"yoast-schema-graph\">{\"@context\":\"https:\\\/\\\/schema.org\",\"@graph\":[{\"@type\":\"WebPage\",\"@id\":\"https:\\\/\\\/booksfrommexico.com\\\/es\\\/producto\\\/nunca-jamas\\\/\",\"url\":\"https:\\\/\\\/booksfrommexico.com\\\/es\\\/producto\\\/nunca-jamas\\\/\",\"name\":\"Nunca jam\u00e1s\",\"isPartOf\":{\"@id\":\"https:\\\/\\\/booksfrommexico.com\\\/#website\"},\"primaryImageOfPage\":{\"@id\":\"https:\\\/\\\/booksfrommexico.com\\\/es\\\/producto\\\/nunca-jamas\\\/#primaryimage\"},\"image\":{\"@id\":\"https:\\\/\\\/booksfrommexico.com\\\/es\\\/producto\\\/nunca-jamas\\\/#primaryimage\"},\"thumbnailUrl\":\"https:\\\/\\\/booksfrommexico.com\\\/app\\\/uploads\\\/2024\\\/04\\\/190720.jpeg\",\"datePublished\":\"2024-04-25T20:18:12+00:00\",\"dateModified\":\"2024-04-26T20:11:20+00:00\",\"description\":\"Andr\u00e9s Villalobos Cuevas. Fondo Nacional para la Cultura y las Artes ; Guga C\u00f3mits. Includes chiefly color illustrations. (Colecci\u00f3n Vacaciones de trabajo).\",\"breadcrumb\":{\"@id\":\"https:\\\/\\\/booksfrommexico.com\\\/es\\\/producto\\\/nunca-jamas\\\/#breadcrumb\"},\"inLanguage\":\"es\",\"potentialAction\":[{\"@type\":\"ReadAction\",\"target\":[\"https:\\\/\\\/booksfrommexico.com\\\/es\\\/producto\\\/nunca-jamas\\\/\"]}]},{\"@type\":\"ImageObject\",\"inLanguage\":\"es\",\"@id\":\"https:\\\/\\\/booksfrommexico.com\\\/es\\\/producto\\\/nunca-jamas\\\/#primaryimage\",\"url\":\"https:\\\/\\\/booksfrommexico.com\\\/app\\\/uploads\\\/2024\\\/04\\\/190720.jpeg\",\"contentUrl\":\"https:\\\/\\\/booksfrommexico.com\\\/app\\\/uploads\\\/2024\\\/04\\\/190720.jpeg\",\"width\":629,\"height\":810,\"caption\":\"nunca jam\u00e1s\"},{\"@type\":\"BreadcrumbList\",\"@id\":\"https:\\\/\\\/booksfrommexico.com\\\/es\\\/producto\\\/nunca-jamas\\\/#breadcrumb\",\"itemListElement\":[{\"@type\":\"ListItem\",\"position\":1,\"name\":\"Home\",\"item\":\"https:\\\/\\\/booksfrommexico.com\\\/es\\\/\"},{\"@type\":\"ListItem\",\"position\":2,\"name\":\"Libros\",\"item\":\"https:\\\/\\\/booksfrommexico.com\\\/es\\\/libros\\\/\"},{\"@type\":\"ListItem\",\"position\":3,\"name\":\"Nunca Jam\u00e1s\"}]},{\"@type\":\"WebSite\",\"@id\":\"https:\\\/\\\/booksfrommexico.com\\\/#website\",\"url\":\"https:\\\/\\\/booksfrommexico.com\\\/\",\"name\":\"Books From Mexico\",\"description\":\"\",\"publisher\":{\"@id\":\"https:\\\/\\\/booksfrommexico.com\\\/#organization\"},\"potentialAction\":[{\"@type\":\"SearchAction\",\"target\":{\"@type\":\"EntryPoint\",\"urlTemplate\":\"https:\\\/\\\/booksfrommexico.com\\\/?s={search_term_string}\"},\"query-input\":{\"@type\":\"PropertyValueSpecification\",\"valueRequired\":true,\"valueName\":\"search_term_string\"}}],\"inLanguage\":\"es\"},{\"@type\":\"Organization\",\"@id\":\"https:\\\/\\\/booksfrommexico.com\\\/#organization\",\"name\":\"Books From Mexico\",\"url\":\"https:\\\/\\\/booksfrommexico.com\\\/\",\"logo\":{\"@type\":\"ImageObject\",\"inLanguage\":\"es\",\"@id\":\"https:\\\/\\\/booksfrommexico.com\\\/#\\\/schema\\\/logo\\\/image\\\/\",\"url\":\"https:\\\/\\\/booksfrommexico.com\\\/app\\\/uploads\\\/2023\\\/05\\\/logo-booksfrommexico.svg\",\"contentUrl\":\"https:\\\/\\\/booksfrommexico.com\\\/app\\\/uploads\\\/2023\\\/05\\\/logo-booksfrommexico.svg\",\"width\":86,\"height\":56,\"caption\":\"Books From Mexico\"},\"image\":{\"@id\":\"https:\\\/\\\/booksfrommexico.com\\\/#\\\/schema\\\/logo\\\/image\\\/\"}}]}<\/script>\n<!-- \/ Yoast SEO plugin. -->","yoast_head_json":{"title":"Nunca jam\u00e1s","description":"Andr\u00e9s Villalobos Cuevas. Fondo Nacional para la Cultura y las Artes ; Guga C\u00f3mits. Includes chiefly color illustrations. (Colecci\u00f3n Vacaciones de trabajo).","robots":{"index":"index","follow":"follow","max-snippet":"max-snippet:-1","max-image-preview":"max-image-preview:large","max-video-preview":"max-video-preview:-1"},"canonical":"https:\/\/booksfrommexico.com\/es\/producto\/nunca-jamas\/","og_locale":"es_ES","og_type":"article","og_title":"Nunca jam\u00e1s","og_description":"Andr\u00e9s Villalobos Cuevas. Fondo Nacional para la Cultura y las Artes ; Guga C\u00f3mits. Includes chiefly color illustrations. (Colecci\u00f3n Vacaciones de trabajo).","og_url":"https:\/\/booksfrommexico.com\/es\/producto\/nunca-jamas\/","og_site_name":"Books From Mexico","article_modified_time":"2024-04-26T20:11:20+00:00","og_image":[{"width":629,"height":810,"url":"http:\/\/booksfrommexico.com\/app\/uploads\/2024\/04\/190720.jpeg","type":"image\/jpeg"}],"twitter_card":"summary_large_image","twitter_misc":{"Tiempo de lectura":"1 minuto"},"schema":{"@context":"https:\/\/schema.org","@graph":[{"@type":"WebPage","@id":"https:\/\/booksfrommexico.com\/es\/producto\/nunca-jamas\/","url":"https:\/\/booksfrommexico.com\/es\/producto\/nunca-jamas\/","name":"Nunca jam\u00e1s","isPartOf":{"@id":"https:\/\/booksfrommexico.com\/#website"},"primaryImageOfPage":{"@id":"https:\/\/booksfrommexico.com\/es\/producto\/nunca-jamas\/#primaryimage"},"image":{"@id":"https:\/\/booksfrommexico.com\/es\/producto\/nunca-jamas\/#primaryimage"},"thumbnailUrl":"https:\/\/booksfrommexico.com\/app\/uploads\/2024\/04\/190720.jpeg","datePublished":"2024-04-25T20:18:12+00:00","dateModified":"2024-04-26T20:11:20+00:00","description":"Andr\u00e9s Villalobos Cuevas. Fondo Nacional para la Cultura y las Artes ; Guga C\u00f3mits. Includes chiefly color illustrations. (Colecci\u00f3n Vacaciones de trabajo).","breadcrumb":{"@id":"https:\/\/booksfrommexico.com\/es\/producto\/nunca-jamas\/#breadcrumb"},"inLanguage":"es","potentialAction":[{"@type":"ReadAction","target":["https:\/\/booksfrommexico.com\/es\/producto\/nunca-jamas\/"]}]},{"@type":"ImageObject","inLanguage":"es","@id":"https:\/\/booksfrommexico.com\/es\/producto\/nunca-jamas\/#primaryimage","url":"https:\/\/booksfrommexico.com\/app\/uploads\/2024\/04\/190720.jpeg","contentUrl":"https:\/\/booksfrommexico.com\/app\/uploads\/2024\/04\/190720.jpeg","width":629,"height":810,"caption":"nunca jam\u00e1s"},{"@type":"BreadcrumbList","@id":"https:\/\/booksfrommexico.com\/es\/producto\/nunca-jamas\/#breadcrumb","itemListElement":[{"@type":"ListItem","position":1,"name":"Home","item":"https:\/\/booksfrommexico.com\/es\/"},{"@type":"ListItem","position":2,"name":"Libros","item":"https:\/\/booksfrommexico.com\/es\/libros\/"},{"@type":"ListItem","position":3,"name":"Nunca Jam\u00e1s"}]},{"@type":"WebSite","@id":"https:\/\/booksfrommexico.com\/#website","url":"https:\/\/booksfrommexico.com\/","name":"Books From Mexico","description":"","publisher":{"@id":"https:\/\/booksfrommexico.com\/#organization"},"potentialAction":[{"@type":"SearchAction","target":{"@type":"EntryPoint","urlTemplate":"https:\/\/booksfrommexico.com\/?s={search_term_string}"},"query-input":{"@type":"PropertyValueSpecification","valueRequired":true,"valueName":"search_term_string"}}],"inLanguage":"es"},{"@type":"Organization","@id":"https:\/\/booksfrommexico.com\/#organization","name":"Books From Mexico","url":"https:\/\/booksfrommexico.com\/","logo":{"@type":"ImageObject","inLanguage":"es","@id":"https:\/\/booksfrommexico.com\/#\/schema\/logo\/image\/","url":"https:\/\/booksfrommexico.com\/app\/uploads\/2023\/05\/logo-booksfrommexico.svg","contentUrl":"https:\/\/booksfrommexico.com\/app\/uploads\/2023\/05\/logo-booksfrommexico.svg","width":86,"height":56,"caption":"Books From Mexico"},"image":{"@id":"https:\/\/booksfrommexico.com\/#\/schema\/logo\/image\/"}}]}},"_links":{"self":[{"href":"https:\/\/booksfrommexico.com\/es\/wp-json\/wp\/v2\/product\/5843","targetHints":{"allow":["GET"]}}],"collection":[{"href":"https:\/\/booksfrommexico.com\/es\/wp-json\/wp\/v2\/product"}],"about":[{"href":"https:\/\/booksfrommexico.com\/es\/wp-json\/wp\/v2\/types\/product"}],"wp:featuredmedia":[{"embeddable":true,"href":"https:\/\/booksfrommexico.com\/es\/wp-json\/wp\/v2\/media\/5928"}],"wp:attachment":[{"href":"https:\/\/booksfrommexico.com\/es\/wp-json\/wp\/v2\/media?parent=5843"}],"wp:term":[{"taxonomy":"product_brand","embeddable":true,"href":"https:\/\/booksfrommexico.com\/es\/wp-json\/wp\/v2\/product_brand?post=5843"},{"taxonomy":"product_cat","embeddable":true,"href":"https:\/\/booksfrommexico.com\/es\/wp-json\/wp\/v2\/product_cat?post=5843"},{"taxonomy":"product_tag","embeddable":true,"href":"https:\/\/booksfrommexico.com\/es\/wp-json\/wp\/v2\/product_tag?post=5843"}],"curies":[{"name":"wp","href":"https:\/\/api.w.org\/{rel}","templated":true}]}}