{"id":5844,"date":"2024-04-25T20:18:12","date_gmt":"2024-04-25T20:18:12","guid":{"rendered":"https:\/\/booksfrommexico.com\/product\/racismo-cuerpo-y-violencia-en-america-latina\/"},"modified":"2024-04-26T19:03:49","modified_gmt":"2024-04-26T19:03:49","slug":"racismo-cuerpo-y-violencia-en-america-latina","status":"publish","type":"product","link":"https:\/\/booksfrommexico.com\/es\/producto\/racismo-cuerpo-y-violencia-en-america-latina\/","title":{"rendered":"Racismo, cuerpo y violencia en Am\u00e9rica Latina"},"content":{"rendered":"<p><span style=\"font-weight: 400;\">Recopilaci\u00f3n de 18 art\u00edculos divididos en tres ejes principales: \u201cracismo\u201d, \u201ccuerpo\u201d y \u201cviolencia\u201d, teniendo a cada texto una visi\u00f3n \u00fanica debido a los distintos campos de estudio de cada escritor. Estos temas son explorados a trav\u00e9s de los a\u00f1os, desde el siglo XVI hasta la actualidad, situ\u00e1ndose principalmente dentro del contexto de la construcci\u00f3n de los Estados nacionales latinoamericanos. Se trata de una reflexi\u00f3n colectiva, que dentro de su multiplicidad y puntos de partida, tanto espaciales como temporales, queda unificada en torno a la necesidad de seguir profundizando en la discusi\u00f3n y an\u00e1lisis de estos conceptos.<\/span><\/p>\n<p><br style=\"font-weight: 400;\" \/><br style=\"font-weight: 400;\" \/><\/p>\n","protected":false},"excerpt":{"rendered":"<p>RACISMO, CUERPO Y VIOLENCIA EN AM\u00c9RICA LATINA<span style=\"font-weight: 400;\">. \/ Lizette Jacinto (coordinator). Puebla, M\u00e9xico : Benem\u00e9rita Universidad Aut\u00f3noma de Puebla , Vicerrector\u00eda de Investigaci\u00f3n y Estudios de Posgrado ;\u00a0 Instituto de Ciencias Sociales y Humanidades \u00abAlfonso V\u00e9lez Pliego\u00bb ; Ciudad de M\u00e9xico, M\u00e9xico : Ediciones del Lirio, 2019. 517 pages : includes photos, tables, charts, references at the end of each chapter ; 23 cm. ISBN : 9786075256207 (BUAP) ; 9786078569991 (EDL).<\/span><\/p>\n","protected":false},"featured_media":5914,"template":"","meta":{"_acf_changed":false,"inline_featured_image":false},"product_brand":[],"product_cat":[78,699],"product_tag":[3620,3659,4287],"class_list":{"0":"post-5844","1":"product","2":"type-product","3":"status-publish","4":"has-post-thumbnail","6":"product_cat-sociologia","7":"product_cat-violencia-en-la-sociedad-sociologia","8":"product_tag-america-latina","9":"product_tag-condiciones-sociales","10":"product_tag-racismo","12":"first","13":"instock","14":"taxable","15":"shipping-taxable","16":"purchasable","17":"product-type-simple"},"acf":[],"yoast_head":"<!-- This site is optimized with the Yoast SEO plugin v27.3 - https:\/\/yoast.com\/product\/yoast-seo-wordpress\/ -->\n<title>Racismo, cuerpo y violencia en Am\u00e9rica Latina<\/title>\n<meta name=\"description\" content=\"Lizette Jacinto (coordinator). BUAP ; Instituto de Ciencias Sociales y Humanidades &quot;Alfonso V\u00e9lez Pliego&quot; ; : Ediciones del Lirio, 2019.\" \/>\n<meta name=\"robots\" content=\"index, follow, max-snippet:-1, max-image-preview:large, max-video-preview:-1\" \/>\n<link rel=\"canonical\" href=\"https:\/\/booksfrommexico.com\/es\/producto\/racismo-cuerpo-y-violencia-en-america-latina\/\" \/>\n<meta property=\"og:locale\" content=\"es_ES\" \/>\n<meta property=\"og:type\" content=\"article\" \/>\n<meta property=\"og:title\" content=\"Racismo, cuerpo y violencia en Am\u00e9rica Latina\" \/>\n<meta property=\"og:description\" content=\"Lizette Jacinto (coordinator). BUAP ; Instituto de Ciencias Sociales y Humanidades &quot;Alfonso V\u00e9lez Pliego&quot; ; : Ediciones del Lirio, 2019.\" \/>\n<meta property=\"og:url\" content=\"https:\/\/booksfrommexico.com\/es\/producto\/racismo-cuerpo-y-violencia-en-america-latina\/\" \/>\n<meta property=\"og:site_name\" content=\"Books From Mexico\" \/>\n<meta property=\"article:modified_time\" content=\"2024-04-26T19:03:49+00:00\" \/>\n<meta property=\"og:image\" content=\"http:\/\/booksfrommexico.com\/app\/uploads\/2024\/04\/189579.jpg\" \/>\n\t<meta property=\"og:image:width\" content=\"650\" \/>\n\t<meta property=\"og:image:height\" content=\"893\" \/>\n\t<meta property=\"og:image:type\" content=\"image\/jpeg\" \/>\n<meta name=\"twitter:card\" content=\"summary_large_image\" \/>\n<meta name=\"twitter:label1\" content=\"Tiempo de lectura\" \/>\n\t<meta name=\"twitter:data1\" content=\"1 minuto\" \/>\n<script type=\"application\/ld+json\" class=\"yoast-schema-graph\">{\"@context\":\"https:\\\/\\\/schema.org\",\"@graph\":[{\"@type\":\"WebPage\",\"@id\":\"https:\\\/\\\/booksfrommexico.com\\\/es\\\/producto\\\/racismo-cuerpo-y-violencia-en-america-latina\\\/\",\"url\":\"https:\\\/\\\/booksfrommexico.com\\\/es\\\/producto\\\/racismo-cuerpo-y-violencia-en-america-latina\\\/\",\"name\":\"Racismo, cuerpo y violencia en Am\u00e9rica Latina\",\"isPartOf\":{\"@id\":\"https:\\\/\\\/booksfrommexico.com\\\/#website\"},\"primaryImageOfPage\":{\"@id\":\"https:\\\/\\\/booksfrommexico.com\\\/es\\\/producto\\\/racismo-cuerpo-y-violencia-en-america-latina\\\/#primaryimage\"},\"image\":{\"@id\":\"https:\\\/\\\/booksfrommexico.com\\\/es\\\/producto\\\/racismo-cuerpo-y-violencia-en-america-latina\\\/#primaryimage\"},\"thumbnailUrl\":\"https:\\\/\\\/booksfrommexico.com\\\/app\\\/uploads\\\/2024\\\/04\\\/189579.jpg\",\"datePublished\":\"2024-04-25T20:18:12+00:00\",\"dateModified\":\"2024-04-26T19:03:49+00:00\",\"description\":\"Lizette Jacinto (coordinator). BUAP ; Instituto de Ciencias Sociales y Humanidades \\\"Alfonso V\u00e9lez Pliego\\\" ; : Ediciones del Lirio, 2019.\",\"breadcrumb\":{\"@id\":\"https:\\\/\\\/booksfrommexico.com\\\/es\\\/producto\\\/racismo-cuerpo-y-violencia-en-america-latina\\\/#breadcrumb\"},\"inLanguage\":\"es\",\"potentialAction\":[{\"@type\":\"ReadAction\",\"target\":[\"https:\\\/\\\/booksfrommexico.com\\\/es\\\/producto\\\/racismo-cuerpo-y-violencia-en-america-latina\\\/\"]}]},{\"@type\":\"ImageObject\",\"inLanguage\":\"es\",\"@id\":\"https:\\\/\\\/booksfrommexico.com\\\/es\\\/producto\\\/racismo-cuerpo-y-violencia-en-america-latina\\\/#primaryimage\",\"url\":\"https:\\\/\\\/booksfrommexico.com\\\/app\\\/uploads\\\/2024\\\/04\\\/189579.jpg\",\"contentUrl\":\"https:\\\/\\\/booksfrommexico.com\\\/app\\\/uploads\\\/2024\\\/04\\\/189579.jpg\",\"width\":650,\"height\":893,\"caption\":\"Racismo, cuerpo y violencia en Am\u00e9rica Latina\"},{\"@type\":\"BreadcrumbList\",\"@id\":\"https:\\\/\\\/booksfrommexico.com\\\/es\\\/producto\\\/racismo-cuerpo-y-violencia-en-america-latina\\\/#breadcrumb\",\"itemListElement\":[{\"@type\":\"ListItem\",\"position\":1,\"name\":\"Home\",\"item\":\"https:\\\/\\\/booksfrommexico.com\\\/es\\\/\"},{\"@type\":\"ListItem\",\"position\":2,\"name\":\"Libros\",\"item\":\"https:\\\/\\\/booksfrommexico.com\\\/es\\\/libros\\\/\"},{\"@type\":\"ListItem\",\"position\":3,\"name\":\"Racismo, cuerpo y violencia en Am\u00e9rica Latina\"}]},{\"@type\":\"WebSite\",\"@id\":\"https:\\\/\\\/booksfrommexico.com\\\/#website\",\"url\":\"https:\\\/\\\/booksfrommexico.com\\\/\",\"name\":\"Books From Mexico\",\"description\":\"\",\"publisher\":{\"@id\":\"https:\\\/\\\/booksfrommexico.com\\\/#organization\"},\"potentialAction\":[{\"@type\":\"SearchAction\",\"target\":{\"@type\":\"EntryPoint\",\"urlTemplate\":\"https:\\\/\\\/booksfrommexico.com\\\/?s={search_term_string}\"},\"query-input\":{\"@type\":\"PropertyValueSpecification\",\"valueRequired\":true,\"valueName\":\"search_term_string\"}}],\"inLanguage\":\"es\"},{\"@type\":\"Organization\",\"@id\":\"https:\\\/\\\/booksfrommexico.com\\\/#organization\",\"name\":\"Books From Mexico\",\"url\":\"https:\\\/\\\/booksfrommexico.com\\\/\",\"logo\":{\"@type\":\"ImageObject\",\"inLanguage\":\"es\",\"@id\":\"https:\\\/\\\/booksfrommexico.com\\\/#\\\/schema\\\/logo\\\/image\\\/\",\"url\":\"https:\\\/\\\/booksfrommexico.com\\\/app\\\/uploads\\\/2023\\\/05\\\/logo-booksfrommexico.svg\",\"contentUrl\":\"https:\\\/\\\/booksfrommexico.com\\\/app\\\/uploads\\\/2023\\\/05\\\/logo-booksfrommexico.svg\",\"width\":86,\"height\":56,\"caption\":\"Books From Mexico\"},\"image\":{\"@id\":\"https:\\\/\\\/booksfrommexico.com\\\/#\\\/schema\\\/logo\\\/image\\\/\"}}]}<\/script>\n<!-- \/ Yoast SEO plugin. -->","yoast_head_json":{"title":"Racismo, cuerpo y violencia en Am\u00e9rica Latina","description":"Lizette Jacinto (coordinator). BUAP ; Instituto de Ciencias Sociales y Humanidades \"Alfonso V\u00e9lez Pliego\" ; : Ediciones del Lirio, 2019.","robots":{"index":"index","follow":"follow","max-snippet":"max-snippet:-1","max-image-preview":"max-image-preview:large","max-video-preview":"max-video-preview:-1"},"canonical":"https:\/\/booksfrommexico.com\/es\/producto\/racismo-cuerpo-y-violencia-en-america-latina\/","og_locale":"es_ES","og_type":"article","og_title":"Racismo, cuerpo y violencia en Am\u00e9rica Latina","og_description":"Lizette Jacinto (coordinator). BUAP ; Instituto de Ciencias Sociales y Humanidades \"Alfonso V\u00e9lez Pliego\" ; : Ediciones del Lirio, 2019.","og_url":"https:\/\/booksfrommexico.com\/es\/producto\/racismo-cuerpo-y-violencia-en-america-latina\/","og_site_name":"Books From Mexico","article_modified_time":"2024-04-26T19:03:49+00:00","og_image":[{"width":650,"height":893,"url":"http:\/\/booksfrommexico.com\/app\/uploads\/2024\/04\/189579.jpg","type":"image\/jpeg"}],"twitter_card":"summary_large_image","twitter_misc":{"Tiempo de lectura":"1 minuto"},"schema":{"@context":"https:\/\/schema.org","@graph":[{"@type":"WebPage","@id":"https:\/\/booksfrommexico.com\/es\/producto\/racismo-cuerpo-y-violencia-en-america-latina\/","url":"https:\/\/booksfrommexico.com\/es\/producto\/racismo-cuerpo-y-violencia-en-america-latina\/","name":"Racismo, cuerpo y violencia en Am\u00e9rica Latina","isPartOf":{"@id":"https:\/\/booksfrommexico.com\/#website"},"primaryImageOfPage":{"@id":"https:\/\/booksfrommexico.com\/es\/producto\/racismo-cuerpo-y-violencia-en-america-latina\/#primaryimage"},"image":{"@id":"https:\/\/booksfrommexico.com\/es\/producto\/racismo-cuerpo-y-violencia-en-america-latina\/#primaryimage"},"thumbnailUrl":"https:\/\/booksfrommexico.com\/app\/uploads\/2024\/04\/189579.jpg","datePublished":"2024-04-25T20:18:12+00:00","dateModified":"2024-04-26T19:03:49+00:00","description":"Lizette Jacinto (coordinator). BUAP ; Instituto de Ciencias Sociales y Humanidades \"Alfonso V\u00e9lez Pliego\" ; : Ediciones del Lirio, 2019.","breadcrumb":{"@id":"https:\/\/booksfrommexico.com\/es\/producto\/racismo-cuerpo-y-violencia-en-america-latina\/#breadcrumb"},"inLanguage":"es","potentialAction":[{"@type":"ReadAction","target":["https:\/\/booksfrommexico.com\/es\/producto\/racismo-cuerpo-y-violencia-en-america-latina\/"]}]},{"@type":"ImageObject","inLanguage":"es","@id":"https:\/\/booksfrommexico.com\/es\/producto\/racismo-cuerpo-y-violencia-en-america-latina\/#primaryimage","url":"https:\/\/booksfrommexico.com\/app\/uploads\/2024\/04\/189579.jpg","contentUrl":"https:\/\/booksfrommexico.com\/app\/uploads\/2024\/04\/189579.jpg","width":650,"height":893,"caption":"Racismo, cuerpo y violencia en Am\u00e9rica Latina"},{"@type":"BreadcrumbList","@id":"https:\/\/booksfrommexico.com\/es\/producto\/racismo-cuerpo-y-violencia-en-america-latina\/#breadcrumb","itemListElement":[{"@type":"ListItem","position":1,"name":"Home","item":"https:\/\/booksfrommexico.com\/es\/"},{"@type":"ListItem","position":2,"name":"Libros","item":"https:\/\/booksfrommexico.com\/es\/libros\/"},{"@type":"ListItem","position":3,"name":"Racismo, cuerpo y violencia en Am\u00e9rica Latina"}]},{"@type":"WebSite","@id":"https:\/\/booksfrommexico.com\/#website","url":"https:\/\/booksfrommexico.com\/","name":"Books From Mexico","description":"","publisher":{"@id":"https:\/\/booksfrommexico.com\/#organization"},"potentialAction":[{"@type":"SearchAction","target":{"@type":"EntryPoint","urlTemplate":"https:\/\/booksfrommexico.com\/?s={search_term_string}"},"query-input":{"@type":"PropertyValueSpecification","valueRequired":true,"valueName":"search_term_string"}}],"inLanguage":"es"},{"@type":"Organization","@id":"https:\/\/booksfrommexico.com\/#organization","name":"Books From Mexico","url":"https:\/\/booksfrommexico.com\/","logo":{"@type":"ImageObject","inLanguage":"es","@id":"https:\/\/booksfrommexico.com\/#\/schema\/logo\/image\/","url":"https:\/\/booksfrommexico.com\/app\/uploads\/2023\/05\/logo-booksfrommexico.svg","contentUrl":"https:\/\/booksfrommexico.com\/app\/uploads\/2023\/05\/logo-booksfrommexico.svg","width":86,"height":56,"caption":"Books From Mexico"},"image":{"@id":"https:\/\/booksfrommexico.com\/#\/schema\/logo\/image\/"}}]}},"_links":{"self":[{"href":"https:\/\/booksfrommexico.com\/es\/wp-json\/wp\/v2\/product\/5844","targetHints":{"allow":["GET"]}}],"collection":[{"href":"https:\/\/booksfrommexico.com\/es\/wp-json\/wp\/v2\/product"}],"about":[{"href":"https:\/\/booksfrommexico.com\/es\/wp-json\/wp\/v2\/types\/product"}],"wp:featuredmedia":[{"embeddable":true,"href":"https:\/\/booksfrommexico.com\/es\/wp-json\/wp\/v2\/media\/5914"}],"wp:attachment":[{"href":"https:\/\/booksfrommexico.com\/es\/wp-json\/wp\/v2\/media?parent=5844"}],"wp:term":[{"taxonomy":"product_brand","embeddable":true,"href":"https:\/\/booksfrommexico.com\/es\/wp-json\/wp\/v2\/product_brand?post=5844"},{"taxonomy":"product_cat","embeddable":true,"href":"https:\/\/booksfrommexico.com\/es\/wp-json\/wp\/v2\/product_cat?post=5844"},{"taxonomy":"product_tag","embeddable":true,"href":"https:\/\/booksfrommexico.com\/es\/wp-json\/wp\/v2\/product_tag?post=5844"}],"curies":[{"name":"wp","href":"https:\/\/api.w.org\/{rel}","templated":true}]}}