{"id":5845,"date":"2024-04-25T20:18:12","date_gmt":"2024-04-25T20:18:12","guid":{"rendered":"https:\/\/booksfrommexico.com\/product\/ruralidades-cultura-laboral-y-feminismos-en-el-sureste-de-mexico\/"},"modified":"2024-04-26T16:58:00","modified_gmt":"2024-04-26T16:58:00","slug":"ruralidades-cultura-laboral-y-feminismos-en-el-sureste-de-mexico","status":"publish","type":"product","link":"https:\/\/booksfrommexico.com\/es\/producto\/ruralidades-cultura-laboral-y-feminismos-en-el-sureste-de-mexico\/","title":{"rendered":"Ruralidades, Cultura Laboral y Feminismos en el sureste de M\u00e9xico"},"content":{"rendered":"<p><span style=\"font-weight: 400;\">Serie de 13 art\u00edculos escritos en su mayor\u00eda por tesistas de los programas de maestr\u00eda y doctorado de universidades de Chiapas, quienes buscan resaltar la necesidad de aunar diversas disciplinas sociales como la historia, la sociolog\u00eda y la antropolog\u00eda. Estas reflexiones describen y analizan realidades actuales en el sureste de M\u00e9xico, a trav\u00e9s de varios enfoques de la teor\u00eda social y de la interdisciplina, compartiendo, la mirada etnogr\u00e1fica. Este texto se ha dividido en 3 secciones: \u201cIm\u00e1genes de la ritualidad chiapaneca del siglo XXI\u201d, \u201cMiradas desde el feminismo y el g\u00e9nero en el sureste de M\u00e9xico\u201d y \u201cCultura: haceres y saberes en torno de la artesan\u00eda\u201d. <\/span><\/p>\n","protected":false},"excerpt":{"rendered":"<p>RURALIDADES, CULTURA LABORAL Y FEMINISMOS EN EL SURESTE DE M\u00c9XICO.<span style=\"font-weight: 400;\"> \/ Teresa Ramos Maza (coordinator). Chiapas, M\u00e9xico : Universidad de Ciencias y Artes de Chiapas ; Gobierno del Estado de Chiapas : Consejo de Ciencia y Tecnolog\u00eda del Estado de Chiapas ; Centro de Estudios Superiores de M\u00e9xico y Centroam\u00e9rica, 2018. 437 pages : includes photos , maps, tables, bibliography at the end of each chapter ; 23 cm. ISBN : 9786075430577.<\/span><\/p>\n","protected":false},"featured_media":5898,"template":"","meta":{"_acf_changed":false,"inline_featured_image":false},"product_brand":[],"product_cat":[1520,4110,1551],"product_tag":[3700,4211,3880],"class_list":{"0":"post-5845","1":"product","2":"type-product","3":"status-publish","4":"has-post-thumbnail","6":"product_cat-estudios-laborales-sociologia","7":"product_cat-estudios-latinoamericanos","8":"product_cat-feminismo-estudios-de-genero","9":"product_tag-chiapas-mexico","10":"product_tag-feminismo","11":"product_tag-identidad-cultural","13":"first","14":"instock","15":"taxable","16":"shipping-taxable","17":"purchasable","18":"product-type-simple"},"acf":[],"yoast_head":"<!-- This site is optimized with the Yoast SEO plugin v27.3 - https:\/\/yoast.com\/product\/yoast-seo-wordpress\/ -->\n<title>Ruralidades, Cultura Laboral y Feminismos en el sureste de M\u00e9xico<\/title>\n<meta name=\"description\" content=\"Teresa Ramos Maza. UNICACH ; Consejo de Ciencia y Tecnolog\u00eda del Estado de Chiapas ; Centro de Estudios Superiores de M\u00e9xico y Centroam\u00e9rica, 2018.\" \/>\n<meta name=\"robots\" content=\"index, follow, max-snippet:-1, max-image-preview:large, max-video-preview:-1\" \/>\n<link rel=\"canonical\" href=\"https:\/\/booksfrommexico.com\/es\/producto\/ruralidades-cultura-laboral-y-feminismos-en-el-sureste-de-mexico\/\" \/>\n<meta property=\"og:locale\" content=\"es_ES\" \/>\n<meta property=\"og:type\" content=\"article\" \/>\n<meta property=\"og:title\" content=\"Ruralidades, Cultura Laboral y Feminismos en el sureste de M\u00e9xico\" \/>\n<meta property=\"og:description\" content=\"Teresa Ramos Maza. UNICACH ; Consejo de Ciencia y Tecnolog\u00eda del Estado de Chiapas ; Centro de Estudios Superiores de M\u00e9xico y Centroam\u00e9rica, 2018.\" \/>\n<meta property=\"og:url\" content=\"https:\/\/booksfrommexico.com\/es\/producto\/ruralidades-cultura-laboral-y-feminismos-en-el-sureste-de-mexico\/\" \/>\n<meta property=\"og:site_name\" content=\"Books From Mexico\" \/>\n<meta property=\"article:modified_time\" content=\"2024-04-26T16:58:00+00:00\" \/>\n<meta property=\"og:image\" content=\"http:\/\/booksfrommexico.com\/app\/uploads\/2024\/04\/189934.jpeg\" \/>\n\t<meta property=\"og:image:width\" content=\"461\" \/>\n\t<meta property=\"og:image:height\" content=\"645\" \/>\n\t<meta property=\"og:image:type\" content=\"image\/jpeg\" \/>\n<meta name=\"twitter:card\" content=\"summary_large_image\" \/>\n<meta name=\"twitter:label1\" content=\"Tiempo de lectura\" \/>\n\t<meta name=\"twitter:data1\" content=\"1 minuto\" \/>\n<script type=\"application\/ld+json\" class=\"yoast-schema-graph\">{\"@context\":\"https:\\\/\\\/schema.org\",\"@graph\":[{\"@type\":\"WebPage\",\"@id\":\"https:\\\/\\\/booksfrommexico.com\\\/es\\\/producto\\\/ruralidades-cultura-laboral-y-feminismos-en-el-sureste-de-mexico\\\/\",\"url\":\"https:\\\/\\\/booksfrommexico.com\\\/es\\\/producto\\\/ruralidades-cultura-laboral-y-feminismos-en-el-sureste-de-mexico\\\/\",\"name\":\"Ruralidades, Cultura Laboral y Feminismos en el sureste de M\u00e9xico\",\"isPartOf\":{\"@id\":\"https:\\\/\\\/booksfrommexico.com\\\/#website\"},\"primaryImageOfPage\":{\"@id\":\"https:\\\/\\\/booksfrommexico.com\\\/es\\\/producto\\\/ruralidades-cultura-laboral-y-feminismos-en-el-sureste-de-mexico\\\/#primaryimage\"},\"image\":{\"@id\":\"https:\\\/\\\/booksfrommexico.com\\\/es\\\/producto\\\/ruralidades-cultura-laboral-y-feminismos-en-el-sureste-de-mexico\\\/#primaryimage\"},\"thumbnailUrl\":\"https:\\\/\\\/booksfrommexico.com\\\/app\\\/uploads\\\/2024\\\/04\\\/189934.jpeg\",\"datePublished\":\"2024-04-25T20:18:12+00:00\",\"dateModified\":\"2024-04-26T16:58:00+00:00\",\"description\":\"Teresa Ramos Maza. UNICACH ; Consejo de Ciencia y Tecnolog\u00eda del Estado de Chiapas ; Centro de Estudios Superiores de M\u00e9xico y Centroam\u00e9rica, 2018.\",\"breadcrumb\":{\"@id\":\"https:\\\/\\\/booksfrommexico.com\\\/es\\\/producto\\\/ruralidades-cultura-laboral-y-feminismos-en-el-sureste-de-mexico\\\/#breadcrumb\"},\"inLanguage\":\"es\",\"potentialAction\":[{\"@type\":\"ReadAction\",\"target\":[\"https:\\\/\\\/booksfrommexico.com\\\/es\\\/producto\\\/ruralidades-cultura-laboral-y-feminismos-en-el-sureste-de-mexico\\\/\"]}]},{\"@type\":\"ImageObject\",\"inLanguage\":\"es\",\"@id\":\"https:\\\/\\\/booksfrommexico.com\\\/es\\\/producto\\\/ruralidades-cultura-laboral-y-feminismos-en-el-sureste-de-mexico\\\/#primaryimage\",\"url\":\"https:\\\/\\\/booksfrommexico.com\\\/app\\\/uploads\\\/2024\\\/04\\\/189934.jpeg\",\"contentUrl\":\"https:\\\/\\\/booksfrommexico.com\\\/app\\\/uploads\\\/2024\\\/04\\\/189934.jpeg\",\"width\":461,\"height\":645,\"caption\":\"ruralidades, cultura laboral y feminismos\"},{\"@type\":\"BreadcrumbList\",\"@id\":\"https:\\\/\\\/booksfrommexico.com\\\/es\\\/producto\\\/ruralidades-cultura-laboral-y-feminismos-en-el-sureste-de-mexico\\\/#breadcrumb\",\"itemListElement\":[{\"@type\":\"ListItem\",\"position\":1,\"name\":\"Home\",\"item\":\"https:\\\/\\\/booksfrommexico.com\\\/es\\\/\"},{\"@type\":\"ListItem\",\"position\":2,\"name\":\"Libros\",\"item\":\"https:\\\/\\\/booksfrommexico.com\\\/es\\\/libros\\\/\"},{\"@type\":\"ListItem\",\"position\":3,\"name\":\"Ruralidades, Cultura Laboral y Feminismos en el sureste de M\u00e9xico\"}]},{\"@type\":\"WebSite\",\"@id\":\"https:\\\/\\\/booksfrommexico.com\\\/#website\",\"url\":\"https:\\\/\\\/booksfrommexico.com\\\/\",\"name\":\"Books From Mexico\",\"description\":\"\",\"publisher\":{\"@id\":\"https:\\\/\\\/booksfrommexico.com\\\/#organization\"},\"potentialAction\":[{\"@type\":\"SearchAction\",\"target\":{\"@type\":\"EntryPoint\",\"urlTemplate\":\"https:\\\/\\\/booksfrommexico.com\\\/?s={search_term_string}\"},\"query-input\":{\"@type\":\"PropertyValueSpecification\",\"valueRequired\":true,\"valueName\":\"search_term_string\"}}],\"inLanguage\":\"es\"},{\"@type\":\"Organization\",\"@id\":\"https:\\\/\\\/booksfrommexico.com\\\/#organization\",\"name\":\"Books From Mexico\",\"url\":\"https:\\\/\\\/booksfrommexico.com\\\/\",\"logo\":{\"@type\":\"ImageObject\",\"inLanguage\":\"es\",\"@id\":\"https:\\\/\\\/booksfrommexico.com\\\/#\\\/schema\\\/logo\\\/image\\\/\",\"url\":\"https:\\\/\\\/booksfrommexico.com\\\/app\\\/uploads\\\/2023\\\/05\\\/logo-booksfrommexico.svg\",\"contentUrl\":\"https:\\\/\\\/booksfrommexico.com\\\/app\\\/uploads\\\/2023\\\/05\\\/logo-booksfrommexico.svg\",\"width\":86,\"height\":56,\"caption\":\"Books From Mexico\"},\"image\":{\"@id\":\"https:\\\/\\\/booksfrommexico.com\\\/#\\\/schema\\\/logo\\\/image\\\/\"}}]}<\/script>\n<!-- \/ Yoast SEO plugin. -->","yoast_head_json":{"title":"Ruralidades, Cultura Laboral y Feminismos en el sureste de M\u00e9xico","description":"Teresa Ramos Maza. UNICACH ; Consejo de Ciencia y Tecnolog\u00eda del Estado de Chiapas ; Centro de Estudios Superiores de M\u00e9xico y Centroam\u00e9rica, 2018.","robots":{"index":"index","follow":"follow","max-snippet":"max-snippet:-1","max-image-preview":"max-image-preview:large","max-video-preview":"max-video-preview:-1"},"canonical":"https:\/\/booksfrommexico.com\/es\/producto\/ruralidades-cultura-laboral-y-feminismos-en-el-sureste-de-mexico\/","og_locale":"es_ES","og_type":"article","og_title":"Ruralidades, Cultura Laboral y Feminismos en el sureste de M\u00e9xico","og_description":"Teresa Ramos Maza. UNICACH ; Consejo de Ciencia y Tecnolog\u00eda del Estado de Chiapas ; Centro de Estudios Superiores de M\u00e9xico y Centroam\u00e9rica, 2018.","og_url":"https:\/\/booksfrommexico.com\/es\/producto\/ruralidades-cultura-laboral-y-feminismos-en-el-sureste-de-mexico\/","og_site_name":"Books From Mexico","article_modified_time":"2024-04-26T16:58:00+00:00","og_image":[{"width":461,"height":645,"url":"http:\/\/booksfrommexico.com\/app\/uploads\/2024\/04\/189934.jpeg","type":"image\/jpeg"}],"twitter_card":"summary_large_image","twitter_misc":{"Tiempo de lectura":"1 minuto"},"schema":{"@context":"https:\/\/schema.org","@graph":[{"@type":"WebPage","@id":"https:\/\/booksfrommexico.com\/es\/producto\/ruralidades-cultura-laboral-y-feminismos-en-el-sureste-de-mexico\/","url":"https:\/\/booksfrommexico.com\/es\/producto\/ruralidades-cultura-laboral-y-feminismos-en-el-sureste-de-mexico\/","name":"Ruralidades, Cultura Laboral y Feminismos en el sureste de M\u00e9xico","isPartOf":{"@id":"https:\/\/booksfrommexico.com\/#website"},"primaryImageOfPage":{"@id":"https:\/\/booksfrommexico.com\/es\/producto\/ruralidades-cultura-laboral-y-feminismos-en-el-sureste-de-mexico\/#primaryimage"},"image":{"@id":"https:\/\/booksfrommexico.com\/es\/producto\/ruralidades-cultura-laboral-y-feminismos-en-el-sureste-de-mexico\/#primaryimage"},"thumbnailUrl":"https:\/\/booksfrommexico.com\/app\/uploads\/2024\/04\/189934.jpeg","datePublished":"2024-04-25T20:18:12+00:00","dateModified":"2024-04-26T16:58:00+00:00","description":"Teresa Ramos Maza. UNICACH ; Consejo de Ciencia y Tecnolog\u00eda del Estado de Chiapas ; Centro de Estudios Superiores de M\u00e9xico y Centroam\u00e9rica, 2018.","breadcrumb":{"@id":"https:\/\/booksfrommexico.com\/es\/producto\/ruralidades-cultura-laboral-y-feminismos-en-el-sureste-de-mexico\/#breadcrumb"},"inLanguage":"es","potentialAction":[{"@type":"ReadAction","target":["https:\/\/booksfrommexico.com\/es\/producto\/ruralidades-cultura-laboral-y-feminismos-en-el-sureste-de-mexico\/"]}]},{"@type":"ImageObject","inLanguage":"es","@id":"https:\/\/booksfrommexico.com\/es\/producto\/ruralidades-cultura-laboral-y-feminismos-en-el-sureste-de-mexico\/#primaryimage","url":"https:\/\/booksfrommexico.com\/app\/uploads\/2024\/04\/189934.jpeg","contentUrl":"https:\/\/booksfrommexico.com\/app\/uploads\/2024\/04\/189934.jpeg","width":461,"height":645,"caption":"ruralidades, cultura laboral y feminismos"},{"@type":"BreadcrumbList","@id":"https:\/\/booksfrommexico.com\/es\/producto\/ruralidades-cultura-laboral-y-feminismos-en-el-sureste-de-mexico\/#breadcrumb","itemListElement":[{"@type":"ListItem","position":1,"name":"Home","item":"https:\/\/booksfrommexico.com\/es\/"},{"@type":"ListItem","position":2,"name":"Libros","item":"https:\/\/booksfrommexico.com\/es\/libros\/"},{"@type":"ListItem","position":3,"name":"Ruralidades, Cultura Laboral y Feminismos en el sureste de M\u00e9xico"}]},{"@type":"WebSite","@id":"https:\/\/booksfrommexico.com\/#website","url":"https:\/\/booksfrommexico.com\/","name":"Books From Mexico","description":"","publisher":{"@id":"https:\/\/booksfrommexico.com\/#organization"},"potentialAction":[{"@type":"SearchAction","target":{"@type":"EntryPoint","urlTemplate":"https:\/\/booksfrommexico.com\/?s={search_term_string}"},"query-input":{"@type":"PropertyValueSpecification","valueRequired":true,"valueName":"search_term_string"}}],"inLanguage":"es"},{"@type":"Organization","@id":"https:\/\/booksfrommexico.com\/#organization","name":"Books From Mexico","url":"https:\/\/booksfrommexico.com\/","logo":{"@type":"ImageObject","inLanguage":"es","@id":"https:\/\/booksfrommexico.com\/#\/schema\/logo\/image\/","url":"https:\/\/booksfrommexico.com\/app\/uploads\/2023\/05\/logo-booksfrommexico.svg","contentUrl":"https:\/\/booksfrommexico.com\/app\/uploads\/2023\/05\/logo-booksfrommexico.svg","width":86,"height":56,"caption":"Books From Mexico"},"image":{"@id":"https:\/\/booksfrommexico.com\/#\/schema\/logo\/image\/"}}]}},"_links":{"self":[{"href":"https:\/\/booksfrommexico.com\/es\/wp-json\/wp\/v2\/product\/5845","targetHints":{"allow":["GET"]}}],"collection":[{"href":"https:\/\/booksfrommexico.com\/es\/wp-json\/wp\/v2\/product"}],"about":[{"href":"https:\/\/booksfrommexico.com\/es\/wp-json\/wp\/v2\/types\/product"}],"wp:featuredmedia":[{"embeddable":true,"href":"https:\/\/booksfrommexico.com\/es\/wp-json\/wp\/v2\/media\/5898"}],"wp:attachment":[{"href":"https:\/\/booksfrommexico.com\/es\/wp-json\/wp\/v2\/media?parent=5845"}],"wp:term":[{"taxonomy":"product_brand","embeddable":true,"href":"https:\/\/booksfrommexico.com\/es\/wp-json\/wp\/v2\/product_brand?post=5845"},{"taxonomy":"product_cat","embeddable":true,"href":"https:\/\/booksfrommexico.com\/es\/wp-json\/wp\/v2\/product_cat?post=5845"},{"taxonomy":"product_tag","embeddable":true,"href":"https:\/\/booksfrommexico.com\/es\/wp-json\/wp\/v2\/product_tag?post=5845"}],"curies":[{"name":"wp","href":"https:\/\/api.w.org\/{rel}","templated":true}]}}