{"id":5846,"date":"2024-04-25T20:18:12","date_gmt":"2024-04-25T20:18:12","guid":{"rendered":"https:\/\/booksfrommexico.com\/product\/skejimol-chulelaltik\/"},"modified":"2025-02-26T01:20:34","modified_gmt":"2025-02-26T01:20:34","slug":"skejimol-chulelaltik","status":"publish","type":"product","link":"https:\/\/booksfrommexico.com\/es\/producto\/skejimol-chulelaltik\/","title":{"rendered":"Sk&#8217;ejimol Ch&#8217;ulelaltik: El canto de las almas"},"content":{"rendered":"<p><span style=\"font-weight: 400;\">Mar\u00eda Concepci\u00f3n Bautista V\u00e1zquez estudi\u00f3 Pedagog\u00eda en la Universidad Maya y fue acreedora a una beca del Fondo Nacional para la Cultura y las Artes para desarrollarse en literatura, guion cinematogr\u00e1fico y lenguas ind\u00edgenas. Originaria de la comunidad tsotsil, la autora presenta una serie de poemas inspirados en el pensar-sentir de los huixtecos, representando con sutileza los aspectos relevantes para esta comunidad, como lo son la naturaleza y la espiritualidad.\u00a0 Este ejemplar se trata de una edici\u00f3n biling\u00fce entre espa\u00f1ol-tsotsil y cuenta con un alfabeto en tsotsil para enriquecer la experiencia de lectura.\u00a0<\/span><\/p>\n","protected":false},"excerpt":{"rendered":"<p>SK&#8217;EJIMOL CH&#8217;ULELALTIK : EL CANTO DE LAS ALMAS<span style=\"font-weight: 400;\">. \/ Mar\u00eda Concepci\u00f3n Bautista V\u00e1zquez. Tuxtla Guti\u00e9rrez, Chiapas, M\u00e9xico : Gobierno de Chiapas , Direcci\u00f3n General de Vinculaci\u00f3n Cultural , Consejo Estatal para las Culturas y las Artes, 2019. 85 pages : includes illustrations ; 21 cm. (Serie Tz&#8217;akbu Ajaw. Poes\u00eda Jaime Sabines). ISBN : 9786078471911.<\/span><\/p>\n","protected":false},"featured_media":5938,"template":"","meta":{"_acf_changed":false,"inline_featured_image":false},"product_brand":[],"product_cat":[3345,25,32],"product_tag":[4060,4115,4026],"class_list":{"0":"post-5846","1":"product","2":"type-product","3":"status-publish","4":"has-post-thumbnail","6":"product_cat-lengua-maya-lenguas-y-linguisticas-indigenas","7":"product_cat-literatura","8":"product_cat-poesia-literatura","9":"product_tag-lenguas-indigenas-es","10":"product_tag-poesia-es","11":"product_tag-poesia-en-lenguas-originarias","13":"first","14":"outofstock","15":"featured","16":"taxable","17":"shipping-taxable","18":"purchasable","19":"product-type-simple"},"acf":[],"yoast_head":"<!-- This site is optimized with the Yoast SEO plugin v27.2 - https:\/\/yoast.com\/product\/yoast-seo-wordpress\/ -->\n<title>Sk&#039;ejimol Ch&#039;ulelaltik: El canto de las almas<\/title>\n<meta name=\"description\" content=\"Mar\u00eda Concepci\u00f3n Bautista V\u00e1zquez. Gobierno de Chiapas , Direcci\u00f3n General de Vinculaci\u00f3n Cultural , Consejo Estatal para las Culturas y las Artes, 2019.\" \/>\n<meta name=\"robots\" content=\"index, follow, max-snippet:-1, max-image-preview:large, max-video-preview:-1\" \/>\n<link rel=\"canonical\" href=\"https:\/\/booksfrommexico.com\/es\/producto\/skejimol-chulelaltik\/\" \/>\n<meta property=\"og:locale\" content=\"es_ES\" \/>\n<meta property=\"og:type\" content=\"article\" \/>\n<meta property=\"og:title\" content=\"Sk&#039;ejimol Ch&#039;ulelaltik: El canto de las almas\" \/>\n<meta property=\"og:description\" content=\"Mar\u00eda Concepci\u00f3n Bautista V\u00e1zquez. Gobierno de Chiapas , Direcci\u00f3n General de Vinculaci\u00f3n Cultural , Consejo Estatal para las Culturas y las Artes, 2019.\" \/>\n<meta property=\"og:url\" content=\"https:\/\/booksfrommexico.com\/es\/producto\/skejimol-chulelaltik\/\" \/>\n<meta property=\"og:site_name\" content=\"Books From Mexico\" \/>\n<meta property=\"article:modified_time\" content=\"2025-02-26T01:20:34+00:00\" \/>\n<meta property=\"og:image\" content=\"http:\/\/booksfrommexico.com\/app\/uploads\/2024\/04\/191011.jpeg\" \/>\n\t<meta property=\"og:image:width\" content=\"384\" \/>\n\t<meta property=\"og:image:height\" content=\"592\" \/>\n\t<meta property=\"og:image:type\" content=\"image\/jpeg\" \/>\n<meta name=\"twitter:card\" content=\"summary_large_image\" \/>\n<meta name=\"twitter:label1\" content=\"Tiempo de lectura\" \/>\n\t<meta name=\"twitter:data1\" content=\"1 minuto\" \/>\n<script type=\"application\/ld+json\" class=\"yoast-schema-graph\">{\"@context\":\"https:\/\/schema.org\",\"@graph\":[{\"@type\":\"WebPage\",\"@id\":\"https:\/\/booksfrommexico.com\/es\/producto\/skejimol-chulelaltik\/\",\"url\":\"https:\/\/booksfrommexico.com\/es\/producto\/skejimol-chulelaltik\/\",\"name\":\"Sk'ejimol Ch'ulelaltik: El canto de las almas\",\"isPartOf\":{\"@id\":\"https:\/\/booksfrommexico.com\/#website\"},\"primaryImageOfPage\":{\"@id\":\"https:\/\/booksfrommexico.com\/es\/producto\/skejimol-chulelaltik\/#primaryimage\"},\"image\":{\"@id\":\"https:\/\/booksfrommexico.com\/es\/producto\/skejimol-chulelaltik\/#primaryimage\"},\"thumbnailUrl\":\"https:\/\/booksfrommexico.com\/app\/uploads\/2024\/04\/191011.jpeg\",\"datePublished\":\"2024-04-25T20:18:12+00:00\",\"dateModified\":\"2025-02-26T01:20:34+00:00\",\"description\":\"Mar\u00eda Concepci\u00f3n Bautista V\u00e1zquez. Gobierno de Chiapas , Direcci\u00f3n General de Vinculaci\u00f3n Cultural , Consejo Estatal para las Culturas y las Artes, 2019.\",\"breadcrumb\":{\"@id\":\"https:\/\/booksfrommexico.com\/es\/producto\/skejimol-chulelaltik\/#breadcrumb\"},\"inLanguage\":\"es\",\"potentialAction\":[{\"@type\":\"ReadAction\",\"target\":[\"https:\/\/booksfrommexico.com\/es\/producto\/skejimol-chulelaltik\/\"]}]},{\"@type\":\"ImageObject\",\"inLanguage\":\"es\",\"@id\":\"https:\/\/booksfrommexico.com\/es\/producto\/skejimol-chulelaltik\/#primaryimage\",\"url\":\"https:\/\/booksfrommexico.com\/app\/uploads\/2024\/04\/191011.jpeg\",\"contentUrl\":\"https:\/\/booksfrommexico.com\/app\/uploads\/2024\/04\/191011.jpeg\",\"width\":384,\"height\":592,\"caption\":\"SK'EJIMOL CH'ULELALTIK : EL CANTO DE LAS ALMAS\"},{\"@type\":\"BreadcrumbList\",\"@id\":\"https:\/\/booksfrommexico.com\/es\/producto\/skejimol-chulelaltik\/#breadcrumb\",\"itemListElement\":[{\"@type\":\"ListItem\",\"position\":1,\"name\":\"Home\",\"item\":\"https:\/\/booksfrommexico.com\/es\/\"},{\"@type\":\"ListItem\",\"position\":2,\"name\":\"Libros\",\"item\":\"https:\/\/booksfrommexico.com\/es\/libros\/\"},{\"@type\":\"ListItem\",\"position\":3,\"name\":\"Sk&#8217;ejimol Ch&#8217;ulelaltik: El canto de las almas\"}]},{\"@type\":\"WebSite\",\"@id\":\"https:\/\/booksfrommexico.com\/#website\",\"url\":\"https:\/\/booksfrommexico.com\/\",\"name\":\"Books From Mexico\",\"description\":\"\",\"publisher\":{\"@id\":\"https:\/\/booksfrommexico.com\/#organization\"},\"potentialAction\":[{\"@type\":\"SearchAction\",\"target\":{\"@type\":\"EntryPoint\",\"urlTemplate\":\"https:\/\/booksfrommexico.com\/?s={search_term_string}\"},\"query-input\":{\"@type\":\"PropertyValueSpecification\",\"valueRequired\":true,\"valueName\":\"search_term_string\"}}],\"inLanguage\":\"es\"},{\"@type\":\"Organization\",\"@id\":\"https:\/\/booksfrommexico.com\/#organization\",\"name\":\"Books From Mexico\",\"url\":\"https:\/\/booksfrommexico.com\/\",\"logo\":{\"@type\":\"ImageObject\",\"inLanguage\":\"es\",\"@id\":\"https:\/\/booksfrommexico.com\/#\/schema\/logo\/image\/\",\"url\":\"https:\/\/booksfrommexico.com\/app\/uploads\/2023\/05\/logo-booksfrommexico.svg\",\"contentUrl\":\"https:\/\/booksfrommexico.com\/app\/uploads\/2023\/05\/logo-booksfrommexico.svg\",\"width\":86,\"height\":56,\"caption\":\"Books From Mexico\"},\"image\":{\"@id\":\"https:\/\/booksfrommexico.com\/#\/schema\/logo\/image\/\"}}]}<\/script>\n<!-- \/ Yoast SEO plugin. -->","yoast_head_json":{"title":"Sk'ejimol Ch'ulelaltik: El canto de las almas","description":"Mar\u00eda Concepci\u00f3n Bautista V\u00e1zquez. Gobierno de Chiapas , Direcci\u00f3n General de Vinculaci\u00f3n Cultural , Consejo Estatal para las Culturas y las Artes, 2019.","robots":{"index":"index","follow":"follow","max-snippet":"max-snippet:-1","max-image-preview":"max-image-preview:large","max-video-preview":"max-video-preview:-1"},"canonical":"https:\/\/booksfrommexico.com\/es\/producto\/skejimol-chulelaltik\/","og_locale":"es_ES","og_type":"article","og_title":"Sk'ejimol Ch'ulelaltik: El canto de las almas","og_description":"Mar\u00eda Concepci\u00f3n Bautista V\u00e1zquez. Gobierno de Chiapas , Direcci\u00f3n General de Vinculaci\u00f3n Cultural , Consejo Estatal para las Culturas y las Artes, 2019.","og_url":"https:\/\/booksfrommexico.com\/es\/producto\/skejimol-chulelaltik\/","og_site_name":"Books From Mexico","article_modified_time":"2025-02-26T01:20:34+00:00","og_image":[{"width":384,"height":592,"url":"http:\/\/booksfrommexico.com\/app\/uploads\/2024\/04\/191011.jpeg","type":"image\/jpeg"}],"twitter_card":"summary_large_image","twitter_misc":{"Tiempo de lectura":"1 minuto"},"schema":{"@context":"https:\/\/schema.org","@graph":[{"@type":"WebPage","@id":"https:\/\/booksfrommexico.com\/es\/producto\/skejimol-chulelaltik\/","url":"https:\/\/booksfrommexico.com\/es\/producto\/skejimol-chulelaltik\/","name":"Sk'ejimol Ch'ulelaltik: El canto de las almas","isPartOf":{"@id":"https:\/\/booksfrommexico.com\/#website"},"primaryImageOfPage":{"@id":"https:\/\/booksfrommexico.com\/es\/producto\/skejimol-chulelaltik\/#primaryimage"},"image":{"@id":"https:\/\/booksfrommexico.com\/es\/producto\/skejimol-chulelaltik\/#primaryimage"},"thumbnailUrl":"https:\/\/booksfrommexico.com\/app\/uploads\/2024\/04\/191011.jpeg","datePublished":"2024-04-25T20:18:12+00:00","dateModified":"2025-02-26T01:20:34+00:00","description":"Mar\u00eda Concepci\u00f3n Bautista V\u00e1zquez. Gobierno de Chiapas , Direcci\u00f3n General de Vinculaci\u00f3n Cultural , Consejo Estatal para las Culturas y las Artes, 2019.","breadcrumb":{"@id":"https:\/\/booksfrommexico.com\/es\/producto\/skejimol-chulelaltik\/#breadcrumb"},"inLanguage":"es","potentialAction":[{"@type":"ReadAction","target":["https:\/\/booksfrommexico.com\/es\/producto\/skejimol-chulelaltik\/"]}]},{"@type":"ImageObject","inLanguage":"es","@id":"https:\/\/booksfrommexico.com\/es\/producto\/skejimol-chulelaltik\/#primaryimage","url":"https:\/\/booksfrommexico.com\/app\/uploads\/2024\/04\/191011.jpeg","contentUrl":"https:\/\/booksfrommexico.com\/app\/uploads\/2024\/04\/191011.jpeg","width":384,"height":592,"caption":"SK'EJIMOL CH'ULELALTIK : EL CANTO DE LAS ALMAS"},{"@type":"BreadcrumbList","@id":"https:\/\/booksfrommexico.com\/es\/producto\/skejimol-chulelaltik\/#breadcrumb","itemListElement":[{"@type":"ListItem","position":1,"name":"Home","item":"https:\/\/booksfrommexico.com\/es\/"},{"@type":"ListItem","position":2,"name":"Libros","item":"https:\/\/booksfrommexico.com\/es\/libros\/"},{"@type":"ListItem","position":3,"name":"Sk&#8217;ejimol Ch&#8217;ulelaltik: El canto de las almas"}]},{"@type":"WebSite","@id":"https:\/\/booksfrommexico.com\/#website","url":"https:\/\/booksfrommexico.com\/","name":"Books From Mexico","description":"","publisher":{"@id":"https:\/\/booksfrommexico.com\/#organization"},"potentialAction":[{"@type":"SearchAction","target":{"@type":"EntryPoint","urlTemplate":"https:\/\/booksfrommexico.com\/?s={search_term_string}"},"query-input":{"@type":"PropertyValueSpecification","valueRequired":true,"valueName":"search_term_string"}}],"inLanguage":"es"},{"@type":"Organization","@id":"https:\/\/booksfrommexico.com\/#organization","name":"Books From Mexico","url":"https:\/\/booksfrommexico.com\/","logo":{"@type":"ImageObject","inLanguage":"es","@id":"https:\/\/booksfrommexico.com\/#\/schema\/logo\/image\/","url":"https:\/\/booksfrommexico.com\/app\/uploads\/2023\/05\/logo-booksfrommexico.svg","contentUrl":"https:\/\/booksfrommexico.com\/app\/uploads\/2023\/05\/logo-booksfrommexico.svg","width":86,"height":56,"caption":"Books From Mexico"},"image":{"@id":"https:\/\/booksfrommexico.com\/#\/schema\/logo\/image\/"}}]}},"_links":{"self":[{"href":"https:\/\/booksfrommexico.com\/es\/wp-json\/wp\/v2\/product\/5846","targetHints":{"allow":["GET"]}}],"collection":[{"href":"https:\/\/booksfrommexico.com\/es\/wp-json\/wp\/v2\/product"}],"about":[{"href":"https:\/\/booksfrommexico.com\/es\/wp-json\/wp\/v2\/types\/product"}],"wp:featuredmedia":[{"embeddable":true,"href":"https:\/\/booksfrommexico.com\/es\/wp-json\/wp\/v2\/media\/5938"}],"wp:attachment":[{"href":"https:\/\/booksfrommexico.com\/es\/wp-json\/wp\/v2\/media?parent=5846"}],"wp:term":[{"taxonomy":"product_brand","embeddable":true,"href":"https:\/\/booksfrommexico.com\/es\/wp-json\/wp\/v2\/product_brand?post=5846"},{"taxonomy":"product_cat","embeddable":true,"href":"https:\/\/booksfrommexico.com\/es\/wp-json\/wp\/v2\/product_cat?post=5846"},{"taxonomy":"product_tag","embeddable":true,"href":"https:\/\/booksfrommexico.com\/es\/wp-json\/wp\/v2\/product_tag?post=5846"}],"curies":[{"name":"wp","href":"https:\/\/api.w.org\/{rel}","templated":true}]}}