{"id":5847,"date":"2024-04-25T20:18:12","date_gmt":"2024-04-25T20:18:12","guid":{"rendered":"https:\/\/booksfrommexico.com\/product\/wirikuta-contra-la-hidra-capitalista\/"},"modified":"2024-04-25T23:18:52","modified_gmt":"2024-04-25T23:18:52","slug":"wirikuta-contra-la-hidra-capitalista","status":"publish","type":"product","link":"https:\/\/booksfrommexico.com\/es\/producto\/wirikuta-contra-la-hidra-capitalista\/","title":{"rendered":"Wirikuta contra la Hidra capitalista"},"content":{"rendered":"<p><span style=\"font-weight: 400;\">Wirikuta es un municipio del estado de San Luis Potos\u00ed y es considerado un territorio sagrado en la cosmogon\u00eda de los ind\u00edgenas wixarika porque, seg\u00fan sus creencias, el mundo se cre\u00f3 all\u00ed. En los \u00faltimos a\u00f1os Wirikuta se ha estado enfrentado al mercado capitalista que pretende reducir dicho territorio a taller ampliado de producci\u00f3n, dejando de lado la importancia sociocultural que representa este sitio. Wirikuta est\u00e1 experimentando una lucha de las tantas que se viven en M\u00e9xico surgidas por las l\u00f3gicas de acumulaci\u00f3n por desposesi\u00f3n llevadas a cabo por el extractivismo neoliberal, as\u00ed como por el capitalismo en general.<\/span><\/p>\n","protected":false},"excerpt":{"rendered":"<p>WIRIKUTA CONTRA LA HIDRA CAPITALISTA : UNA LUCHA POR LA VIDA Y LO SAGRADO<b>.<\/b><span style=\"font-weight: 400;\"> \/ David Alan Guti\u00e9rrez Mannix. Aguascalientes, M\u00e9xico : Centro de Estudios Jur\u00eddicos y Sociales Mispat ; San Luis Potos\u00ed, M\u00e9xico : Maestr\u00eda en Derecho de la Universidad Aut\u00f3noma de San Luis Potos\u00ed, 2019. 249 pages : includes table, maps, bibliography ; 21 cm. (Colecci\u00f3n Pensamiento Cr\u00edtico del Derecho). ISBN : 9786078645053. <\/span><\/p>\n","protected":false},"featured_media":5867,"template":"","meta":{"_acf_changed":false,"inline_featured_image":false},"product_brand":[],"product_cat":[279,83],"product_tag":[4281,4005,4284],"class_list":{"0":"post-5847","1":"product","2":"type-product","3":"status-publish","4":"has-post-thumbnail","6":"product_cat-analisis-sectorial-regionales-economia","7":"product_cat-ecologia-y-cuestiones-ambientales","8":"product_tag-capitalismo","9":"product_tag-propiedad-cultural","10":"product_tag-san-luis-potosi-mexico-es","12":"first","13":"instock","14":"taxable","15":"shipping-taxable","16":"purchasable","17":"product-type-simple"},"acf":[],"yoast_head":"<!-- This site is optimized with the Yoast SEO plugin v27.3 - https:\/\/yoast.com\/product\/yoast-seo-wordpress\/ -->\n<title>Wirikuta contra la Hidra capitalista<\/title>\n<meta name=\"description\" content=\"WIRIKUTA CONTRA LA HIDRA CAPITALISTA : UNA LUCHA POR LA VIDA Y LO SAGRADO. \/ David Alan Guti\u00e9rrez Mannix. (Colecci\u00f3n Pensamiento Cr\u00edtico del Derecho).\" \/>\n<meta name=\"robots\" content=\"index, follow, max-snippet:-1, max-image-preview:large, max-video-preview:-1\" \/>\n<link rel=\"canonical\" href=\"https:\/\/booksfrommexico.com\/es\/producto\/wirikuta-contra-la-hidra-capitalista\/\" \/>\n<meta property=\"og:locale\" content=\"es_ES\" \/>\n<meta property=\"og:type\" content=\"article\" \/>\n<meta property=\"og:title\" content=\"Wirikuta contra la Hidra capitalista\" \/>\n<meta property=\"og:description\" content=\"WIRIKUTA CONTRA LA HIDRA CAPITALISTA : UNA LUCHA POR LA VIDA Y LO SAGRADO. \/ David Alan Guti\u00e9rrez Mannix. (Colecci\u00f3n Pensamiento Cr\u00edtico del Derecho).\" \/>\n<meta property=\"og:url\" content=\"https:\/\/booksfrommexico.com\/es\/producto\/wirikuta-contra-la-hidra-capitalista\/\" \/>\n<meta property=\"og:site_name\" content=\"Books From Mexico\" \/>\n<meta property=\"article:modified_time\" content=\"2024-04-25T23:18:52+00:00\" \/>\n<meta property=\"og:image\" content=\"http:\/\/booksfrommexico.com\/app\/uploads\/2024\/04\/190088.jpeg\" \/>\n\t<meta property=\"og:image:width\" content=\"457\" \/>\n\t<meta property=\"og:image:height\" content=\"609\" \/>\n\t<meta property=\"og:image:type\" content=\"image\/jpeg\" \/>\n<meta name=\"twitter:card\" content=\"summary_large_image\" \/>\n<meta name=\"twitter:label1\" content=\"Tiempo de lectura\" \/>\n\t<meta name=\"twitter:data1\" content=\"1 minuto\" \/>\n<script type=\"application\/ld+json\" class=\"yoast-schema-graph\">{\"@context\":\"https:\\\/\\\/schema.org\",\"@graph\":[{\"@type\":\"WebPage\",\"@id\":\"https:\\\/\\\/booksfrommexico.com\\\/es\\\/producto\\\/wirikuta-contra-la-hidra-capitalista\\\/\",\"url\":\"https:\\\/\\\/booksfrommexico.com\\\/es\\\/producto\\\/wirikuta-contra-la-hidra-capitalista\\\/\",\"name\":\"Wirikuta contra la Hidra capitalista\",\"isPartOf\":{\"@id\":\"https:\\\/\\\/booksfrommexico.com\\\/#website\"},\"primaryImageOfPage\":{\"@id\":\"https:\\\/\\\/booksfrommexico.com\\\/es\\\/producto\\\/wirikuta-contra-la-hidra-capitalista\\\/#primaryimage\"},\"image\":{\"@id\":\"https:\\\/\\\/booksfrommexico.com\\\/es\\\/producto\\\/wirikuta-contra-la-hidra-capitalista\\\/#primaryimage\"},\"thumbnailUrl\":\"https:\\\/\\\/booksfrommexico.com\\\/app\\\/uploads\\\/2024\\\/04\\\/190088.jpeg\",\"datePublished\":\"2024-04-25T20:18:12+00:00\",\"dateModified\":\"2024-04-25T23:18:52+00:00\",\"description\":\"WIRIKUTA CONTRA LA HIDRA CAPITALISTA : UNA LUCHA POR LA VIDA Y LO SAGRADO. \\\/ David Alan Guti\u00e9rrez Mannix. (Colecci\u00f3n Pensamiento Cr\u00edtico del Derecho).\",\"breadcrumb\":{\"@id\":\"https:\\\/\\\/booksfrommexico.com\\\/es\\\/producto\\\/wirikuta-contra-la-hidra-capitalista\\\/#breadcrumb\"},\"inLanguage\":\"es\",\"potentialAction\":[{\"@type\":\"ReadAction\",\"target\":[\"https:\\\/\\\/booksfrommexico.com\\\/es\\\/producto\\\/wirikuta-contra-la-hidra-capitalista\\\/\"]}]},{\"@type\":\"ImageObject\",\"inLanguage\":\"es\",\"@id\":\"https:\\\/\\\/booksfrommexico.com\\\/es\\\/producto\\\/wirikuta-contra-la-hidra-capitalista\\\/#primaryimage\",\"url\":\"https:\\\/\\\/booksfrommexico.com\\\/app\\\/uploads\\\/2024\\\/04\\\/190088.jpeg\",\"contentUrl\":\"https:\\\/\\\/booksfrommexico.com\\\/app\\\/uploads\\\/2024\\\/04\\\/190088.jpeg\",\"width\":457,\"height\":609,\"caption\":\"wirikuta\"},{\"@type\":\"BreadcrumbList\",\"@id\":\"https:\\\/\\\/booksfrommexico.com\\\/es\\\/producto\\\/wirikuta-contra-la-hidra-capitalista\\\/#breadcrumb\",\"itemListElement\":[{\"@type\":\"ListItem\",\"position\":1,\"name\":\"Home\",\"item\":\"https:\\\/\\\/booksfrommexico.com\\\/es\\\/\"},{\"@type\":\"ListItem\",\"position\":2,\"name\":\"Libros\",\"item\":\"https:\\\/\\\/booksfrommexico.com\\\/es\\\/libros\\\/\"},{\"@type\":\"ListItem\",\"position\":3,\"name\":\"Wirikuta contra la Hidra capitalista\"}]},{\"@type\":\"WebSite\",\"@id\":\"https:\\\/\\\/booksfrommexico.com\\\/#website\",\"url\":\"https:\\\/\\\/booksfrommexico.com\\\/\",\"name\":\"Books From Mexico\",\"description\":\"\",\"publisher\":{\"@id\":\"https:\\\/\\\/booksfrommexico.com\\\/#organization\"},\"potentialAction\":[{\"@type\":\"SearchAction\",\"target\":{\"@type\":\"EntryPoint\",\"urlTemplate\":\"https:\\\/\\\/booksfrommexico.com\\\/?s={search_term_string}\"},\"query-input\":{\"@type\":\"PropertyValueSpecification\",\"valueRequired\":true,\"valueName\":\"search_term_string\"}}],\"inLanguage\":\"es\"},{\"@type\":\"Organization\",\"@id\":\"https:\\\/\\\/booksfrommexico.com\\\/#organization\",\"name\":\"Books From Mexico\",\"url\":\"https:\\\/\\\/booksfrommexico.com\\\/\",\"logo\":{\"@type\":\"ImageObject\",\"inLanguage\":\"es\",\"@id\":\"https:\\\/\\\/booksfrommexico.com\\\/#\\\/schema\\\/logo\\\/image\\\/\",\"url\":\"https:\\\/\\\/booksfrommexico.com\\\/app\\\/uploads\\\/2023\\\/05\\\/logo-booksfrommexico.svg\",\"contentUrl\":\"https:\\\/\\\/booksfrommexico.com\\\/app\\\/uploads\\\/2023\\\/05\\\/logo-booksfrommexico.svg\",\"width\":86,\"height\":56,\"caption\":\"Books From Mexico\"},\"image\":{\"@id\":\"https:\\\/\\\/booksfrommexico.com\\\/#\\\/schema\\\/logo\\\/image\\\/\"}}]}<\/script>\n<!-- \/ Yoast SEO plugin. -->","yoast_head_json":{"title":"Wirikuta contra la Hidra capitalista","description":"WIRIKUTA CONTRA LA HIDRA CAPITALISTA : UNA LUCHA POR LA VIDA Y LO SAGRADO. \/ David Alan Guti\u00e9rrez Mannix. (Colecci\u00f3n Pensamiento Cr\u00edtico del Derecho).","robots":{"index":"index","follow":"follow","max-snippet":"max-snippet:-1","max-image-preview":"max-image-preview:large","max-video-preview":"max-video-preview:-1"},"canonical":"https:\/\/booksfrommexico.com\/es\/producto\/wirikuta-contra-la-hidra-capitalista\/","og_locale":"es_ES","og_type":"article","og_title":"Wirikuta contra la Hidra capitalista","og_description":"WIRIKUTA CONTRA LA HIDRA CAPITALISTA : UNA LUCHA POR LA VIDA Y LO SAGRADO. \/ David Alan Guti\u00e9rrez Mannix. (Colecci\u00f3n Pensamiento Cr\u00edtico del Derecho).","og_url":"https:\/\/booksfrommexico.com\/es\/producto\/wirikuta-contra-la-hidra-capitalista\/","og_site_name":"Books From Mexico","article_modified_time":"2024-04-25T23:18:52+00:00","og_image":[{"width":457,"height":609,"url":"http:\/\/booksfrommexico.com\/app\/uploads\/2024\/04\/190088.jpeg","type":"image\/jpeg"}],"twitter_card":"summary_large_image","twitter_misc":{"Tiempo de lectura":"1 minuto"},"schema":{"@context":"https:\/\/schema.org","@graph":[{"@type":"WebPage","@id":"https:\/\/booksfrommexico.com\/es\/producto\/wirikuta-contra-la-hidra-capitalista\/","url":"https:\/\/booksfrommexico.com\/es\/producto\/wirikuta-contra-la-hidra-capitalista\/","name":"Wirikuta contra la Hidra capitalista","isPartOf":{"@id":"https:\/\/booksfrommexico.com\/#website"},"primaryImageOfPage":{"@id":"https:\/\/booksfrommexico.com\/es\/producto\/wirikuta-contra-la-hidra-capitalista\/#primaryimage"},"image":{"@id":"https:\/\/booksfrommexico.com\/es\/producto\/wirikuta-contra-la-hidra-capitalista\/#primaryimage"},"thumbnailUrl":"https:\/\/booksfrommexico.com\/app\/uploads\/2024\/04\/190088.jpeg","datePublished":"2024-04-25T20:18:12+00:00","dateModified":"2024-04-25T23:18:52+00:00","description":"WIRIKUTA CONTRA LA HIDRA CAPITALISTA : UNA LUCHA POR LA VIDA Y LO SAGRADO. \/ David Alan Guti\u00e9rrez Mannix. (Colecci\u00f3n Pensamiento Cr\u00edtico del Derecho).","breadcrumb":{"@id":"https:\/\/booksfrommexico.com\/es\/producto\/wirikuta-contra-la-hidra-capitalista\/#breadcrumb"},"inLanguage":"es","potentialAction":[{"@type":"ReadAction","target":["https:\/\/booksfrommexico.com\/es\/producto\/wirikuta-contra-la-hidra-capitalista\/"]}]},{"@type":"ImageObject","inLanguage":"es","@id":"https:\/\/booksfrommexico.com\/es\/producto\/wirikuta-contra-la-hidra-capitalista\/#primaryimage","url":"https:\/\/booksfrommexico.com\/app\/uploads\/2024\/04\/190088.jpeg","contentUrl":"https:\/\/booksfrommexico.com\/app\/uploads\/2024\/04\/190088.jpeg","width":457,"height":609,"caption":"wirikuta"},{"@type":"BreadcrumbList","@id":"https:\/\/booksfrommexico.com\/es\/producto\/wirikuta-contra-la-hidra-capitalista\/#breadcrumb","itemListElement":[{"@type":"ListItem","position":1,"name":"Home","item":"https:\/\/booksfrommexico.com\/es\/"},{"@type":"ListItem","position":2,"name":"Libros","item":"https:\/\/booksfrommexico.com\/es\/libros\/"},{"@type":"ListItem","position":3,"name":"Wirikuta contra la Hidra capitalista"}]},{"@type":"WebSite","@id":"https:\/\/booksfrommexico.com\/#website","url":"https:\/\/booksfrommexico.com\/","name":"Books From Mexico","description":"","publisher":{"@id":"https:\/\/booksfrommexico.com\/#organization"},"potentialAction":[{"@type":"SearchAction","target":{"@type":"EntryPoint","urlTemplate":"https:\/\/booksfrommexico.com\/?s={search_term_string}"},"query-input":{"@type":"PropertyValueSpecification","valueRequired":true,"valueName":"search_term_string"}}],"inLanguage":"es"},{"@type":"Organization","@id":"https:\/\/booksfrommexico.com\/#organization","name":"Books From Mexico","url":"https:\/\/booksfrommexico.com\/","logo":{"@type":"ImageObject","inLanguage":"es","@id":"https:\/\/booksfrommexico.com\/#\/schema\/logo\/image\/","url":"https:\/\/booksfrommexico.com\/app\/uploads\/2023\/05\/logo-booksfrommexico.svg","contentUrl":"https:\/\/booksfrommexico.com\/app\/uploads\/2023\/05\/logo-booksfrommexico.svg","width":86,"height":56,"caption":"Books From Mexico"},"image":{"@id":"https:\/\/booksfrommexico.com\/#\/schema\/logo\/image\/"}}]}},"_links":{"self":[{"href":"https:\/\/booksfrommexico.com\/es\/wp-json\/wp\/v2\/product\/5847","targetHints":{"allow":["GET"]}}],"collection":[{"href":"https:\/\/booksfrommexico.com\/es\/wp-json\/wp\/v2\/product"}],"about":[{"href":"https:\/\/booksfrommexico.com\/es\/wp-json\/wp\/v2\/types\/product"}],"wp:featuredmedia":[{"embeddable":true,"href":"https:\/\/booksfrommexico.com\/es\/wp-json\/wp\/v2\/media\/5867"}],"wp:attachment":[{"href":"https:\/\/booksfrommexico.com\/es\/wp-json\/wp\/v2\/media?parent=5847"}],"wp:term":[{"taxonomy":"product_brand","embeddable":true,"href":"https:\/\/booksfrommexico.com\/es\/wp-json\/wp\/v2\/product_brand?post=5847"},{"taxonomy":"product_cat","embeddable":true,"href":"https:\/\/booksfrommexico.com\/es\/wp-json\/wp\/v2\/product_cat?post=5847"},{"taxonomy":"product_tag","embeddable":true,"href":"https:\/\/booksfrommexico.com\/es\/wp-json\/wp\/v2\/product_tag?post=5847"}],"curies":[{"name":"wp","href":"https:\/\/api.w.org\/{rel}","templated":true}]}}