{"id":5848,"date":"2024-04-25T20:18:12","date_gmt":"2024-04-25T20:18:12","guid":{"rendered":"https:\/\/booksfrommexico.com\/product\/a-estudiar-a-luchar\/"},"modified":"2024-04-25T22:43:25","modified_gmt":"2024-04-25T22:43:25","slug":"a-estudiar-a-luchar","status":"publish","type":"product","link":"https:\/\/booksfrommexico.com\/es\/producto\/a-estudiar-a-luchar\/","title":{"rendered":"\u00a1A Estudiar, A Luchar!"},"content":{"rendered":"<p><span style=\"font-weight: 400;\">Los estudiantes universitarios se han caracterizado por levantar la voz para denunciar lo que a su juicio constituyen faltas contra un ideal de democracia, participaci\u00f3n social e igualdad y justicia social. La b\u00fasqueda de una democracia m\u00e1s pura y profunda se ha visto reflejada en las movilizaciones y protestas estudiantiles en M\u00e9xico y Colombia. Con este t\u00edtulo los autores pretenden concentrar las brechas de conocimiento que existen sobre los alcances y las especificidades de la movilizaci\u00f3n universitaria en estos dos pa\u00edses, haciendo un repaso hist\u00f3rico de los aportes que estos movimientos han tenido desde inicios del siglo XX, hasta los \u00faltimos movimientos conocidos de la \u00faltima d\u00e9cada.<\/span><\/p>\n","protected":false},"excerpt":{"rendered":"<p>\u00a1A ESTUDIAR, A LUCHAR! : MOVIMIENTOS ESTUDIANTILES EN COLOMBIA Y M\u00c9XICO : SIGLOS XX Y XXI.<span style=\"font-weight: 400;\"> \/ \u00c1lvaro Acevedo Tarazona, Sergio Arturo S\u00e1nchez Parra, Gabriel David Samac\u00e1 Alonso (coordinators). Culiac\u00e1n, Sinaloa, M\u00e9xocp : Universidad Aut\u00f3noma de Sinaloa, 2014. 251 pages : includes photos, references at the end of each chapter, semblances ; 22 cm. ISBN : 9786077370604.<\/span><\/p>\n<p><br style=\"font-weight: 400;\" \/><br style=\"font-weight: 400;\" \/><\/p>\n","protected":false},"featured_media":5854,"template":"","meta":{"_acf_changed":false,"inline_featured_image":false},"product_brand":[],"product_cat":[651,113,441],"product_tag":[4176,3661,4269],"class_list":{"0":"post-5848","1":"product","2":"type-product","3":"status-publish","4":"has-post-thumbnail","6":"product_cat-historia-politica","7":"product_cat-historia-social","8":"product_cat-movimientos-sociales-sociologia","9":"product_tag-activismo-y-protesta","10":"product_tag-juventud","11":"product_tag-movimiento-de-1968","13":"first","14":"instock","15":"taxable","16":"shipping-taxable","17":"purchasable","18":"product-type-simple"},"acf":[],"yoast_head":"<!-- This site is optimized with the Yoast SEO plugin v27.3 - https:\/\/yoast.com\/product\/yoast-seo-wordpress\/ -->\n<title>\u00a1A Estudiar, A Luchar!<\/title>\n<meta name=\"description\" content=\"\u00a1A ESTUDIAR, A LUCHAR! : MOVIMIENTOS ESTUDIANTILES EN COLOMBIA Y M\u00c9XICO : SIGLOS XX Y XXI. \/ Acevedo Tarazona, S\u00e1nchez Parra, Samac\u00e1 Alonso (coordinators).\" \/>\n<meta name=\"robots\" content=\"index, follow, max-snippet:-1, max-image-preview:large, max-video-preview:-1\" \/>\n<link rel=\"canonical\" href=\"https:\/\/booksfrommexico.com\/es\/producto\/a-estudiar-a-luchar\/\" \/>\n<meta property=\"og:locale\" content=\"es_ES\" \/>\n<meta property=\"og:type\" content=\"article\" \/>\n<meta property=\"og:title\" content=\"\u00a1A Estudiar, A Luchar!\" \/>\n<meta property=\"og:description\" content=\"\u00a1A ESTUDIAR, A LUCHAR! : MOVIMIENTOS ESTUDIANTILES EN COLOMBIA Y M\u00c9XICO : SIGLOS XX Y XXI. \/ Acevedo Tarazona, S\u00e1nchez Parra, Samac\u00e1 Alonso (coordinators).\" \/>\n<meta property=\"og:url\" content=\"https:\/\/booksfrommexico.com\/es\/producto\/a-estudiar-a-luchar\/\" \/>\n<meta property=\"og:site_name\" content=\"Books From Mexico\" \/>\n<meta property=\"article:modified_time\" content=\"2024-04-25T22:43:25+00:00\" \/>\n<meta property=\"og:image\" content=\"http:\/\/booksfrommexico.com\/app\/uploads\/2024\/04\/190170.jpeg\" \/>\n\t<meta property=\"og:image:width\" content=\"437\" \/>\n\t<meta property=\"og:image:height\" content=\"632\" \/>\n\t<meta property=\"og:image:type\" content=\"image\/jpeg\" \/>\n<meta name=\"twitter:card\" content=\"summary_large_image\" \/>\n<meta name=\"twitter:label1\" content=\"Tiempo de lectura\" \/>\n\t<meta name=\"twitter:data1\" content=\"1 minuto\" \/>\n<script type=\"application\/ld+json\" class=\"yoast-schema-graph\">{\"@context\":\"https:\\\/\\\/schema.org\",\"@graph\":[{\"@type\":\"WebPage\",\"@id\":\"https:\\\/\\\/booksfrommexico.com\\\/es\\\/producto\\\/a-estudiar-a-luchar\\\/\",\"url\":\"https:\\\/\\\/booksfrommexico.com\\\/es\\\/producto\\\/a-estudiar-a-luchar\\\/\",\"name\":\"\u00a1A Estudiar, A Luchar!\",\"isPartOf\":{\"@id\":\"https:\\\/\\\/booksfrommexico.com\\\/#website\"},\"primaryImageOfPage\":{\"@id\":\"https:\\\/\\\/booksfrommexico.com\\\/es\\\/producto\\\/a-estudiar-a-luchar\\\/#primaryimage\"},\"image\":{\"@id\":\"https:\\\/\\\/booksfrommexico.com\\\/es\\\/producto\\\/a-estudiar-a-luchar\\\/#primaryimage\"},\"thumbnailUrl\":\"https:\\\/\\\/booksfrommexico.com\\\/app\\\/uploads\\\/2024\\\/04\\\/190170.jpeg\",\"datePublished\":\"2024-04-25T20:18:12+00:00\",\"dateModified\":\"2024-04-25T22:43:25+00:00\",\"description\":\"\u00a1A ESTUDIAR, A LUCHAR! : MOVIMIENTOS ESTUDIANTILES EN COLOMBIA Y M\u00c9XICO : SIGLOS XX Y XXI. \\\/ Acevedo Tarazona, S\u00e1nchez Parra, Samac\u00e1 Alonso (coordinators).\",\"breadcrumb\":{\"@id\":\"https:\\\/\\\/booksfrommexico.com\\\/es\\\/producto\\\/a-estudiar-a-luchar\\\/#breadcrumb\"},\"inLanguage\":\"es\",\"potentialAction\":[{\"@type\":\"ReadAction\",\"target\":[\"https:\\\/\\\/booksfrommexico.com\\\/es\\\/producto\\\/a-estudiar-a-luchar\\\/\"]}]},{\"@type\":\"ImageObject\",\"inLanguage\":\"es\",\"@id\":\"https:\\\/\\\/booksfrommexico.com\\\/es\\\/producto\\\/a-estudiar-a-luchar\\\/#primaryimage\",\"url\":\"https:\\\/\\\/booksfrommexico.com\\\/app\\\/uploads\\\/2024\\\/04\\\/190170.jpeg\",\"contentUrl\":\"https:\\\/\\\/booksfrommexico.com\\\/app\\\/uploads\\\/2024\\\/04\\\/190170.jpeg\",\"width\":437,\"height\":632,\"caption\":\"a estudiar a luchar\"},{\"@type\":\"BreadcrumbList\",\"@id\":\"https:\\\/\\\/booksfrommexico.com\\\/es\\\/producto\\\/a-estudiar-a-luchar\\\/#breadcrumb\",\"itemListElement\":[{\"@type\":\"ListItem\",\"position\":1,\"name\":\"Home\",\"item\":\"https:\\\/\\\/booksfrommexico.com\\\/es\\\/\"},{\"@type\":\"ListItem\",\"position\":2,\"name\":\"Libros\",\"item\":\"https:\\\/\\\/booksfrommexico.com\\\/es\\\/libros\\\/\"},{\"@type\":\"ListItem\",\"position\":3,\"name\":\"\u00a1A Estudiar, A Luchar!\"}]},{\"@type\":\"WebSite\",\"@id\":\"https:\\\/\\\/booksfrommexico.com\\\/#website\",\"url\":\"https:\\\/\\\/booksfrommexico.com\\\/\",\"name\":\"Books From Mexico\",\"description\":\"\",\"publisher\":{\"@id\":\"https:\\\/\\\/booksfrommexico.com\\\/#organization\"},\"potentialAction\":[{\"@type\":\"SearchAction\",\"target\":{\"@type\":\"EntryPoint\",\"urlTemplate\":\"https:\\\/\\\/booksfrommexico.com\\\/?s={search_term_string}\"},\"query-input\":{\"@type\":\"PropertyValueSpecification\",\"valueRequired\":true,\"valueName\":\"search_term_string\"}}],\"inLanguage\":\"es\"},{\"@type\":\"Organization\",\"@id\":\"https:\\\/\\\/booksfrommexico.com\\\/#organization\",\"name\":\"Books From Mexico\",\"url\":\"https:\\\/\\\/booksfrommexico.com\\\/\",\"logo\":{\"@type\":\"ImageObject\",\"inLanguage\":\"es\",\"@id\":\"https:\\\/\\\/booksfrommexico.com\\\/#\\\/schema\\\/logo\\\/image\\\/\",\"url\":\"https:\\\/\\\/booksfrommexico.com\\\/app\\\/uploads\\\/2023\\\/05\\\/logo-booksfrommexico.svg\",\"contentUrl\":\"https:\\\/\\\/booksfrommexico.com\\\/app\\\/uploads\\\/2023\\\/05\\\/logo-booksfrommexico.svg\",\"width\":86,\"height\":56,\"caption\":\"Books From Mexico\"},\"image\":{\"@id\":\"https:\\\/\\\/booksfrommexico.com\\\/#\\\/schema\\\/logo\\\/image\\\/\"}}]}<\/script>\n<!-- \/ Yoast SEO plugin. -->","yoast_head_json":{"title":"\u00a1A Estudiar, A Luchar!","description":"\u00a1A ESTUDIAR, A LUCHAR! : MOVIMIENTOS ESTUDIANTILES EN COLOMBIA Y M\u00c9XICO : SIGLOS XX Y XXI. \/ Acevedo Tarazona, S\u00e1nchez Parra, Samac\u00e1 Alonso (coordinators).","robots":{"index":"index","follow":"follow","max-snippet":"max-snippet:-1","max-image-preview":"max-image-preview:large","max-video-preview":"max-video-preview:-1"},"canonical":"https:\/\/booksfrommexico.com\/es\/producto\/a-estudiar-a-luchar\/","og_locale":"es_ES","og_type":"article","og_title":"\u00a1A Estudiar, A Luchar!","og_description":"\u00a1A ESTUDIAR, A LUCHAR! : MOVIMIENTOS ESTUDIANTILES EN COLOMBIA Y M\u00c9XICO : SIGLOS XX Y XXI. \/ Acevedo Tarazona, S\u00e1nchez Parra, Samac\u00e1 Alonso (coordinators).","og_url":"https:\/\/booksfrommexico.com\/es\/producto\/a-estudiar-a-luchar\/","og_site_name":"Books From Mexico","article_modified_time":"2024-04-25T22:43:25+00:00","og_image":[{"width":437,"height":632,"url":"http:\/\/booksfrommexico.com\/app\/uploads\/2024\/04\/190170.jpeg","type":"image\/jpeg"}],"twitter_card":"summary_large_image","twitter_misc":{"Tiempo de lectura":"1 minuto"},"schema":{"@context":"https:\/\/schema.org","@graph":[{"@type":"WebPage","@id":"https:\/\/booksfrommexico.com\/es\/producto\/a-estudiar-a-luchar\/","url":"https:\/\/booksfrommexico.com\/es\/producto\/a-estudiar-a-luchar\/","name":"\u00a1A Estudiar, A Luchar!","isPartOf":{"@id":"https:\/\/booksfrommexico.com\/#website"},"primaryImageOfPage":{"@id":"https:\/\/booksfrommexico.com\/es\/producto\/a-estudiar-a-luchar\/#primaryimage"},"image":{"@id":"https:\/\/booksfrommexico.com\/es\/producto\/a-estudiar-a-luchar\/#primaryimage"},"thumbnailUrl":"https:\/\/booksfrommexico.com\/app\/uploads\/2024\/04\/190170.jpeg","datePublished":"2024-04-25T20:18:12+00:00","dateModified":"2024-04-25T22:43:25+00:00","description":"\u00a1A ESTUDIAR, A LUCHAR! : MOVIMIENTOS ESTUDIANTILES EN COLOMBIA Y M\u00c9XICO : SIGLOS XX Y XXI. \/ Acevedo Tarazona, S\u00e1nchez Parra, Samac\u00e1 Alonso (coordinators).","breadcrumb":{"@id":"https:\/\/booksfrommexico.com\/es\/producto\/a-estudiar-a-luchar\/#breadcrumb"},"inLanguage":"es","potentialAction":[{"@type":"ReadAction","target":["https:\/\/booksfrommexico.com\/es\/producto\/a-estudiar-a-luchar\/"]}]},{"@type":"ImageObject","inLanguage":"es","@id":"https:\/\/booksfrommexico.com\/es\/producto\/a-estudiar-a-luchar\/#primaryimage","url":"https:\/\/booksfrommexico.com\/app\/uploads\/2024\/04\/190170.jpeg","contentUrl":"https:\/\/booksfrommexico.com\/app\/uploads\/2024\/04\/190170.jpeg","width":437,"height":632,"caption":"a estudiar a luchar"},{"@type":"BreadcrumbList","@id":"https:\/\/booksfrommexico.com\/es\/producto\/a-estudiar-a-luchar\/#breadcrumb","itemListElement":[{"@type":"ListItem","position":1,"name":"Home","item":"https:\/\/booksfrommexico.com\/es\/"},{"@type":"ListItem","position":2,"name":"Libros","item":"https:\/\/booksfrommexico.com\/es\/libros\/"},{"@type":"ListItem","position":3,"name":"\u00a1A Estudiar, A Luchar!"}]},{"@type":"WebSite","@id":"https:\/\/booksfrommexico.com\/#website","url":"https:\/\/booksfrommexico.com\/","name":"Books From Mexico","description":"","publisher":{"@id":"https:\/\/booksfrommexico.com\/#organization"},"potentialAction":[{"@type":"SearchAction","target":{"@type":"EntryPoint","urlTemplate":"https:\/\/booksfrommexico.com\/?s={search_term_string}"},"query-input":{"@type":"PropertyValueSpecification","valueRequired":true,"valueName":"search_term_string"}}],"inLanguage":"es"},{"@type":"Organization","@id":"https:\/\/booksfrommexico.com\/#organization","name":"Books From Mexico","url":"https:\/\/booksfrommexico.com\/","logo":{"@type":"ImageObject","inLanguage":"es","@id":"https:\/\/booksfrommexico.com\/#\/schema\/logo\/image\/","url":"https:\/\/booksfrommexico.com\/app\/uploads\/2023\/05\/logo-booksfrommexico.svg","contentUrl":"https:\/\/booksfrommexico.com\/app\/uploads\/2023\/05\/logo-booksfrommexico.svg","width":86,"height":56,"caption":"Books From Mexico"},"image":{"@id":"https:\/\/booksfrommexico.com\/#\/schema\/logo\/image\/"}}]}},"_links":{"self":[{"href":"https:\/\/booksfrommexico.com\/es\/wp-json\/wp\/v2\/product\/5848","targetHints":{"allow":["GET"]}}],"collection":[{"href":"https:\/\/booksfrommexico.com\/es\/wp-json\/wp\/v2\/product"}],"about":[{"href":"https:\/\/booksfrommexico.com\/es\/wp-json\/wp\/v2\/types\/product"}],"wp:featuredmedia":[{"embeddable":true,"href":"https:\/\/booksfrommexico.com\/es\/wp-json\/wp\/v2\/media\/5854"}],"wp:attachment":[{"href":"https:\/\/booksfrommexico.com\/es\/wp-json\/wp\/v2\/media?parent=5848"}],"wp:term":[{"taxonomy":"product_brand","embeddable":true,"href":"https:\/\/booksfrommexico.com\/es\/wp-json\/wp\/v2\/product_brand?post=5848"},{"taxonomy":"product_cat","embeddable":true,"href":"https:\/\/booksfrommexico.com\/es\/wp-json\/wp\/v2\/product_cat?post=5848"},{"taxonomy":"product_tag","embeddable":true,"href":"https:\/\/booksfrommexico.com\/es\/wp-json\/wp\/v2\/product_tag?post=5848"}],"curies":[{"name":"wp","href":"https:\/\/api.w.org\/{rel}","templated":true}]}}