{"id":585,"date":"2023-05-08T17:04:19","date_gmt":"2023-05-08T17:04:19","guid":{"rendered":"http:\/\/booksfrommexico.com\/product\/diarios-de-guerra-che-guevara-y-raul-castro-diciembre-de-1956-febrero-de-1957\/"},"modified":"2024-07-29T22:19:04","modified_gmt":"2024-07-29T22:19:04","slug":"diarios-de-guerra-che-guevara-y-raul-castro-diciembre-de-1956-febrero-de-1957","status":"publish","type":"product","link":"https:\/\/booksfrommexico.com\/es\/producto\/diarios-de-guerra-che-guevara-y-raul-castro-diciembre-de-1956-febrero-de-1957\/","title":{"rendered":"Diarios de guerra: Che Guevara y Ra\u00fal Castro: Diciembre de 1956-febrero de 1957"},"content":{"rendered":"<p><span style=\"font-weight: 400;\">Los diarios in\u00e9ditos redactados por Ernesto Guevara y Ra\u00fal Castro entre diciembre de 1956 y febrero de 1957 retratan la guerrilla cubana y se vuelve necesaria su reedici\u00f3n para que los j\u00f3venes latinoamericanos volteen al pasado reciente. Estos <\/span><i><span style=\"font-weight: 400;\">diarios de guerra <\/span><\/i><span style=\"font-weight: 400;\">presentan la cr\u00f3nica del ej\u00e9rcito de guerrilleros cubanos e internacionalistas, quienes deciden enfrentar a la dictadura del Sargento Fulgencio Batista, instalada por Estados Unidos en el Caribe. En los testimonios del Comandante \u201cChe Guevara\u201d y del guerrillero Ra\u00fal Castro, se rescata la historia de los tres primeros meses de la guerrilla del Movimiento 26 de Julio (M-26-7).<\/span><\/p>\n","protected":false},"excerpt":{"rendered":"<p>DIARIOS DE GUERRA : CHE GUEVARA Y RA\u00daL CASTRO: DICIEMBRE DE 1956-FEBRERO DE 1957<span style=\"font-weight: 400;\">. \/ Heinz Dieterich, Paco Ignacio Taibo II, Pedro Alvarez Tab\u00edo. M\u00e9xico, D.F. : Jorale Editores, 2005. 284 pages : includes photos, map ; 23 cm. (Colecci\u00f3n Autores de la Historia). ISBN : 9685863091. <\/span><\/p>\n","protected":false},"featured_media":584,"template":"","meta":{"_acf_changed":false,"inline_featured_image":false},"product_brand":[],"product_cat":[27,73],"product_tag":[3849,4365,3657,3799,4434],"class_list":{"0":"post-585","1":"product","2":"type-product","3":"status-publish","4":"has-post-thumbnail","6":"product_cat-historia","7":"product_cat-revolucion-historia","8":"product_tag-cuba","9":"product_tag-guerrilla","10":"product_tag-historia","11":"product_tag-historia-politica","12":"product_tag-movimientos-sociales","14":"first","15":"instock","16":"taxable","17":"shipping-taxable","18":"purchasable","19":"product-type-simple"},"acf":[],"yoast_head":"<!-- This site is optimized with the Yoast SEO plugin v27.3 - https:\/\/yoast.com\/product\/yoast-seo-wordpress\/ -->\n<title>Diarios de guerra: Che Guevara y Ra\u00fal Castro<\/title>\n<meta name=\"description\" content=\"DIARIOS DE GUERRA : CHE GUEVARA Y RA\u00daL CASTRO: DICIEMBRE DE 1956-FEBRERO DE 1957. \/ Dieterich, Taibo II, Alvarez Tab\u00edo.(Colecci\u00f3n Autores de la Historia).\" \/>\n<meta name=\"robots\" content=\"index, follow, max-snippet:-1, max-image-preview:large, max-video-preview:-1\" \/>\n<link rel=\"canonical\" href=\"https:\/\/booksfrommexico.com\/es\/producto\/diarios-de-guerra-che-guevara-y-raul-castro-diciembre-de-1956-febrero-de-1957\/\" \/>\n<meta property=\"og:locale\" content=\"es_ES\" \/>\n<meta property=\"og:type\" content=\"article\" \/>\n<meta property=\"og:title\" content=\"Diarios de guerra: Che Guevara y Ra\u00fal Castro\" \/>\n<meta property=\"og:description\" content=\"DIARIOS DE GUERRA : CHE GUEVARA Y RA\u00daL CASTRO: DICIEMBRE DE 1956-FEBRERO DE 1957. \/ Dieterich, Taibo II, Alvarez Tab\u00edo.(Colecci\u00f3n Autores de la Historia).\" \/>\n<meta property=\"og:url\" content=\"https:\/\/booksfrommexico.com\/es\/producto\/diarios-de-guerra-che-guevara-y-raul-castro-diciembre-de-1956-febrero-de-1957\/\" \/>\n<meta property=\"og:site_name\" content=\"Books From Mexico\" \/>\n<meta property=\"article:modified_time\" content=\"2024-07-29T22:19:04+00:00\" \/>\n<meta property=\"og:image\" content=\"http:\/\/booksfrommexico.com\/app\/uploads\/2023\/05\/129693.jpeg\" \/>\n\t<meta property=\"og:image:width\" content=\"435\" \/>\n\t<meta property=\"og:image:height\" content=\"669\" \/>\n\t<meta property=\"og:image:type\" content=\"image\/jpeg\" \/>\n<meta name=\"twitter:card\" content=\"summary_large_image\" \/>\n<meta name=\"twitter:label1\" content=\"Tiempo de lectura\" \/>\n\t<meta name=\"twitter:data1\" content=\"1 minuto\" \/>\n<script type=\"application\/ld+json\" class=\"yoast-schema-graph\">{\"@context\":\"https:\\\/\\\/schema.org\",\"@graph\":[{\"@type\":\"WebPage\",\"@id\":\"https:\\\/\\\/booksfrommexico.com\\\/es\\\/producto\\\/diarios-de-guerra-che-guevara-y-raul-castro-diciembre-de-1956-febrero-de-1957\\\/\",\"url\":\"https:\\\/\\\/booksfrommexico.com\\\/es\\\/producto\\\/diarios-de-guerra-che-guevara-y-raul-castro-diciembre-de-1956-febrero-de-1957\\\/\",\"name\":\"Diarios de guerra: Che Guevara y Ra\u00fal Castro\",\"isPartOf\":{\"@id\":\"https:\\\/\\\/booksfrommexico.com\\\/#website\"},\"primaryImageOfPage\":{\"@id\":\"https:\\\/\\\/booksfrommexico.com\\\/es\\\/producto\\\/diarios-de-guerra-che-guevara-y-raul-castro-diciembre-de-1956-febrero-de-1957\\\/#primaryimage\"},\"image\":{\"@id\":\"https:\\\/\\\/booksfrommexico.com\\\/es\\\/producto\\\/diarios-de-guerra-che-guevara-y-raul-castro-diciembre-de-1956-febrero-de-1957\\\/#primaryimage\"},\"thumbnailUrl\":\"https:\\\/\\\/booksfrommexico.com\\\/app\\\/uploads\\\/2023\\\/05\\\/129693.jpeg\",\"datePublished\":\"2023-05-08T17:04:19+00:00\",\"dateModified\":\"2024-07-29T22:19:04+00:00\",\"description\":\"DIARIOS DE GUERRA : CHE GUEVARA Y RA\u00daL CASTRO: DICIEMBRE DE 1956-FEBRERO DE 1957. \\\/ Dieterich, Taibo II, Alvarez Tab\u00edo.(Colecci\u00f3n Autores de la Historia).\",\"breadcrumb\":{\"@id\":\"https:\\\/\\\/booksfrommexico.com\\\/es\\\/producto\\\/diarios-de-guerra-che-guevara-y-raul-castro-diciembre-de-1956-febrero-de-1957\\\/#breadcrumb\"},\"inLanguage\":\"es\",\"potentialAction\":[{\"@type\":\"ReadAction\",\"target\":[\"https:\\\/\\\/booksfrommexico.com\\\/es\\\/producto\\\/diarios-de-guerra-che-guevara-y-raul-castro-diciembre-de-1956-febrero-de-1957\\\/\"]}]},{\"@type\":\"ImageObject\",\"inLanguage\":\"es\",\"@id\":\"https:\\\/\\\/booksfrommexico.com\\\/es\\\/producto\\\/diarios-de-guerra-che-guevara-y-raul-castro-diciembre-de-1956-febrero-de-1957\\\/#primaryimage\",\"url\":\"https:\\\/\\\/booksfrommexico.com\\\/app\\\/uploads\\\/2023\\\/05\\\/129693.jpeg\",\"contentUrl\":\"https:\\\/\\\/booksfrommexico.com\\\/app\\\/uploads\\\/2023\\\/05\\\/129693.jpeg\",\"width\":435,\"height\":669},{\"@type\":\"BreadcrumbList\",\"@id\":\"https:\\\/\\\/booksfrommexico.com\\\/es\\\/producto\\\/diarios-de-guerra-che-guevara-y-raul-castro-diciembre-de-1956-febrero-de-1957\\\/#breadcrumb\",\"itemListElement\":[{\"@type\":\"ListItem\",\"position\":1,\"name\":\"Home\",\"item\":\"https:\\\/\\\/booksfrommexico.com\\\/es\\\/\"},{\"@type\":\"ListItem\",\"position\":2,\"name\":\"Libros\",\"item\":\"https:\\\/\\\/booksfrommexico.com\\\/es\\\/libros\\\/\"},{\"@type\":\"ListItem\",\"position\":3,\"name\":\"Diarios de guerra: Che Guevara y Ra\u00fal Castro: Diciembre de 1956-febrero de 1957\"}]},{\"@type\":\"WebSite\",\"@id\":\"https:\\\/\\\/booksfrommexico.com\\\/#website\",\"url\":\"https:\\\/\\\/booksfrommexico.com\\\/\",\"name\":\"Books From Mexico\",\"description\":\"\",\"publisher\":{\"@id\":\"https:\\\/\\\/booksfrommexico.com\\\/#organization\"},\"potentialAction\":[{\"@type\":\"SearchAction\",\"target\":{\"@type\":\"EntryPoint\",\"urlTemplate\":\"https:\\\/\\\/booksfrommexico.com\\\/?s={search_term_string}\"},\"query-input\":{\"@type\":\"PropertyValueSpecification\",\"valueRequired\":true,\"valueName\":\"search_term_string\"}}],\"inLanguage\":\"es\"},{\"@type\":\"Organization\",\"@id\":\"https:\\\/\\\/booksfrommexico.com\\\/#organization\",\"name\":\"Books From Mexico\",\"url\":\"https:\\\/\\\/booksfrommexico.com\\\/\",\"logo\":{\"@type\":\"ImageObject\",\"inLanguage\":\"es\",\"@id\":\"https:\\\/\\\/booksfrommexico.com\\\/#\\\/schema\\\/logo\\\/image\\\/\",\"url\":\"https:\\\/\\\/booksfrommexico.com\\\/app\\\/uploads\\\/2023\\\/05\\\/logo-booksfrommexico.svg\",\"contentUrl\":\"https:\\\/\\\/booksfrommexico.com\\\/app\\\/uploads\\\/2023\\\/05\\\/logo-booksfrommexico.svg\",\"width\":86,\"height\":56,\"caption\":\"Books From Mexico\"},\"image\":{\"@id\":\"https:\\\/\\\/booksfrommexico.com\\\/#\\\/schema\\\/logo\\\/image\\\/\"}}]}<\/script>\n<!-- \/ Yoast SEO plugin. -->","yoast_head_json":{"title":"Diarios de guerra: Che Guevara y Ra\u00fal Castro","description":"DIARIOS DE GUERRA : CHE GUEVARA Y RA\u00daL CASTRO: DICIEMBRE DE 1956-FEBRERO DE 1957. \/ Dieterich, Taibo II, Alvarez Tab\u00edo.(Colecci\u00f3n Autores de la Historia).","robots":{"index":"index","follow":"follow","max-snippet":"max-snippet:-1","max-image-preview":"max-image-preview:large","max-video-preview":"max-video-preview:-1"},"canonical":"https:\/\/booksfrommexico.com\/es\/producto\/diarios-de-guerra-che-guevara-y-raul-castro-diciembre-de-1956-febrero-de-1957\/","og_locale":"es_ES","og_type":"article","og_title":"Diarios de guerra: Che Guevara y Ra\u00fal Castro","og_description":"DIARIOS DE GUERRA : CHE GUEVARA Y RA\u00daL CASTRO: DICIEMBRE DE 1956-FEBRERO DE 1957. \/ Dieterich, Taibo II, Alvarez Tab\u00edo.(Colecci\u00f3n Autores de la Historia).","og_url":"https:\/\/booksfrommexico.com\/es\/producto\/diarios-de-guerra-che-guevara-y-raul-castro-diciembre-de-1956-febrero-de-1957\/","og_site_name":"Books From Mexico","article_modified_time":"2024-07-29T22:19:04+00:00","og_image":[{"width":435,"height":669,"url":"http:\/\/booksfrommexico.com\/app\/uploads\/2023\/05\/129693.jpeg","type":"image\/jpeg"}],"twitter_card":"summary_large_image","twitter_misc":{"Tiempo de lectura":"1 minuto"},"schema":{"@context":"https:\/\/schema.org","@graph":[{"@type":"WebPage","@id":"https:\/\/booksfrommexico.com\/es\/producto\/diarios-de-guerra-che-guevara-y-raul-castro-diciembre-de-1956-febrero-de-1957\/","url":"https:\/\/booksfrommexico.com\/es\/producto\/diarios-de-guerra-che-guevara-y-raul-castro-diciembre-de-1956-febrero-de-1957\/","name":"Diarios de guerra: Che Guevara y Ra\u00fal Castro","isPartOf":{"@id":"https:\/\/booksfrommexico.com\/#website"},"primaryImageOfPage":{"@id":"https:\/\/booksfrommexico.com\/es\/producto\/diarios-de-guerra-che-guevara-y-raul-castro-diciembre-de-1956-febrero-de-1957\/#primaryimage"},"image":{"@id":"https:\/\/booksfrommexico.com\/es\/producto\/diarios-de-guerra-che-guevara-y-raul-castro-diciembre-de-1956-febrero-de-1957\/#primaryimage"},"thumbnailUrl":"https:\/\/booksfrommexico.com\/app\/uploads\/2023\/05\/129693.jpeg","datePublished":"2023-05-08T17:04:19+00:00","dateModified":"2024-07-29T22:19:04+00:00","description":"DIARIOS DE GUERRA : CHE GUEVARA Y RA\u00daL CASTRO: DICIEMBRE DE 1956-FEBRERO DE 1957. \/ Dieterich, Taibo II, Alvarez Tab\u00edo.(Colecci\u00f3n Autores de la Historia).","breadcrumb":{"@id":"https:\/\/booksfrommexico.com\/es\/producto\/diarios-de-guerra-che-guevara-y-raul-castro-diciembre-de-1956-febrero-de-1957\/#breadcrumb"},"inLanguage":"es","potentialAction":[{"@type":"ReadAction","target":["https:\/\/booksfrommexico.com\/es\/producto\/diarios-de-guerra-che-guevara-y-raul-castro-diciembre-de-1956-febrero-de-1957\/"]}]},{"@type":"ImageObject","inLanguage":"es","@id":"https:\/\/booksfrommexico.com\/es\/producto\/diarios-de-guerra-che-guevara-y-raul-castro-diciembre-de-1956-febrero-de-1957\/#primaryimage","url":"https:\/\/booksfrommexico.com\/app\/uploads\/2023\/05\/129693.jpeg","contentUrl":"https:\/\/booksfrommexico.com\/app\/uploads\/2023\/05\/129693.jpeg","width":435,"height":669},{"@type":"BreadcrumbList","@id":"https:\/\/booksfrommexico.com\/es\/producto\/diarios-de-guerra-che-guevara-y-raul-castro-diciembre-de-1956-febrero-de-1957\/#breadcrumb","itemListElement":[{"@type":"ListItem","position":1,"name":"Home","item":"https:\/\/booksfrommexico.com\/es\/"},{"@type":"ListItem","position":2,"name":"Libros","item":"https:\/\/booksfrommexico.com\/es\/libros\/"},{"@type":"ListItem","position":3,"name":"Diarios de guerra: Che Guevara y Ra\u00fal Castro: Diciembre de 1956-febrero de 1957"}]},{"@type":"WebSite","@id":"https:\/\/booksfrommexico.com\/#website","url":"https:\/\/booksfrommexico.com\/","name":"Books From Mexico","description":"","publisher":{"@id":"https:\/\/booksfrommexico.com\/#organization"},"potentialAction":[{"@type":"SearchAction","target":{"@type":"EntryPoint","urlTemplate":"https:\/\/booksfrommexico.com\/?s={search_term_string}"},"query-input":{"@type":"PropertyValueSpecification","valueRequired":true,"valueName":"search_term_string"}}],"inLanguage":"es"},{"@type":"Organization","@id":"https:\/\/booksfrommexico.com\/#organization","name":"Books From Mexico","url":"https:\/\/booksfrommexico.com\/","logo":{"@type":"ImageObject","inLanguage":"es","@id":"https:\/\/booksfrommexico.com\/#\/schema\/logo\/image\/","url":"https:\/\/booksfrommexico.com\/app\/uploads\/2023\/05\/logo-booksfrommexico.svg","contentUrl":"https:\/\/booksfrommexico.com\/app\/uploads\/2023\/05\/logo-booksfrommexico.svg","width":86,"height":56,"caption":"Books From Mexico"},"image":{"@id":"https:\/\/booksfrommexico.com\/#\/schema\/logo\/image\/"}}]}},"_links":{"self":[{"href":"https:\/\/booksfrommexico.com\/es\/wp-json\/wp\/v2\/product\/585","targetHints":{"allow":["GET"]}}],"collection":[{"href":"https:\/\/booksfrommexico.com\/es\/wp-json\/wp\/v2\/product"}],"about":[{"href":"https:\/\/booksfrommexico.com\/es\/wp-json\/wp\/v2\/types\/product"}],"wp:featuredmedia":[{"embeddable":true,"href":"https:\/\/booksfrommexico.com\/es\/wp-json\/wp\/v2\/media\/584"}],"wp:attachment":[{"href":"https:\/\/booksfrommexico.com\/es\/wp-json\/wp\/v2\/media?parent=585"}],"wp:term":[{"taxonomy":"product_brand","embeddable":true,"href":"https:\/\/booksfrommexico.com\/es\/wp-json\/wp\/v2\/product_brand?post=585"},{"taxonomy":"product_cat","embeddable":true,"href":"https:\/\/booksfrommexico.com\/es\/wp-json\/wp\/v2\/product_cat?post=585"},{"taxonomy":"product_tag","embeddable":true,"href":"https:\/\/booksfrommexico.com\/es\/wp-json\/wp\/v2\/product_tag?post=585"}],"curies":[{"name":"wp","href":"https:\/\/api.w.org\/{rel}","templated":true}]}}