{"id":587,"date":"2023-05-08T17:04:20","date_gmt":"2023-05-08T17:04:20","guid":{"rendered":"http:\/\/booksfrommexico.com\/product\/guendaguti-nee-sisi\/"},"modified":"2024-07-26T20:48:30","modified_gmt":"2024-07-26T20:48:30","slug":"guendaguti-nee-sisi","status":"publish","type":"product","link":"https:\/\/booksfrommexico.com\/es\/producto\/guendaguti-nee-sisi\/","title":{"rendered":"Guendaguti \u00f1ee sisi: La muerte pies ligeros"},"content":{"rendered":"<p><span style=\"font-weight: 400;\">A lo largo de estas p\u00e1ginas se presenta una historia, de cuando la Muerte no exist\u00eda para las personas ni para los animales, cuando nadie mor\u00eda sobre la Tierra y todos los seres vivos se reproduc\u00edan sin parar. Esta historia est\u00e1 escrita por la poeta biling\u00fce Natalia Toledo a partir de unos grabados realizados por el artista pl\u00e1stico Francisco Toledo, su padre \u2013los cuales acompa\u00f1an a la historia que aqu\u00ed se narra\u2013. Originalmente, este cuento fue escrito en zapoteco, la lengua natal de la autora, sin embargo \u00e9sta es una edici\u00f3n biling\u00fce zapoteco-espa\u00f1ol.<\/span><\/p>\n","protected":false},"excerpt":{"rendered":"<p>GUENDAGUTI \u00d1EE SISI : LA MUERTE PIES LIGEROS<span style=\"font-weight: 400;\">. \/ Natalia Toledo, Francisco Toledo. M\u00e9xico, D.F. : Fondo de Cultura Econ\u00f3mica ; Oaxaca, M\u00e9xico : Instituto Estatal de Educaci\u00f3n P\u00fablica de Oaxaca, 2005. 50 pages : chiefly color illustrations ; 21 cm. ISBN : 9681676718. <\/span><\/p>\n","protected":false},"featured_media":586,"template":"","meta":{"_acf_changed":false,"inline_featured_image":false},"product_brand":[],"product_cat":[37,25],"product_tag":[4127,3603,4124,4232,3769],"class_list":{"0":"post-587","1":"product","2":"type-product","3":"status-publish","4":"has-post-thumbnail","6":"product_cat-cuento-literatura","7":"product_cat-literatura","8":"product_tag-cuento","9":"product_tag-cuentos-mexicanos","10":"product_tag-literatura-es","11":"product_tag-literatura-infantil-y-juvenil","12":"product_tag-obras-ilustradas","14":"first","15":"instock","16":"taxable","17":"shipping-taxable","18":"purchasable","19":"product-type-simple"},"acf":[],"yoast_head":"<!-- This site is optimized with the Yoast SEO plugin v27.3 - https:\/\/yoast.com\/product\/yoast-seo-wordpress\/ -->\n<title>Guendaguti \u00f1ee sisi: La muerte pies ligeros<\/title>\n<meta name=\"description\" content=\"GUENDAGUTI \u00d1EE SISI : LA MUERTE PIES LIGEROS. \/ Natalia Toledo, Francisco Toledo. FCE ; Instituto Estatal de Educaci\u00f3n P\u00fablica de Oaxaca, 2005.\" \/>\n<meta name=\"robots\" content=\"index, follow, max-snippet:-1, max-image-preview:large, max-video-preview:-1\" \/>\n<link rel=\"canonical\" href=\"https:\/\/booksfrommexico.com\/es\/producto\/guendaguti-nee-sisi\/\" \/>\n<meta property=\"og:locale\" content=\"es_ES\" \/>\n<meta property=\"og:type\" content=\"article\" \/>\n<meta property=\"og:title\" content=\"Guendaguti \u00f1ee sisi: La muerte pies ligeros\" \/>\n<meta property=\"og:description\" content=\"GUENDAGUTI \u00d1EE SISI : LA MUERTE PIES LIGEROS. \/ Natalia Toledo, Francisco Toledo. FCE ; Instituto Estatal de Educaci\u00f3n P\u00fablica de Oaxaca, 2005.\" \/>\n<meta property=\"og:url\" content=\"https:\/\/booksfrommexico.com\/es\/producto\/guendaguti-nee-sisi\/\" \/>\n<meta property=\"og:site_name\" content=\"Books From Mexico\" \/>\n<meta property=\"article:modified_time\" content=\"2024-07-26T20:48:30+00:00\" \/>\n<meta property=\"og:image\" content=\"http:\/\/booksfrommexico.com\/app\/uploads\/2023\/05\/129749.jpeg\" \/>\n\t<meta property=\"og:image:width\" content=\"594\" \/>\n\t<meta property=\"og:image:height\" content=\"741\" \/>\n\t<meta property=\"og:image:type\" content=\"image\/jpeg\" \/>\n<meta name=\"twitter:card\" content=\"summary_large_image\" \/>\n<meta name=\"twitter:label1\" content=\"Tiempo de lectura\" \/>\n\t<meta name=\"twitter:data1\" content=\"1 minuto\" \/>\n<script type=\"application\/ld+json\" class=\"yoast-schema-graph\">{\"@context\":\"https:\\\/\\\/schema.org\",\"@graph\":[{\"@type\":\"WebPage\",\"@id\":\"https:\\\/\\\/booksfrommexico.com\\\/es\\\/producto\\\/guendaguti-nee-sisi\\\/\",\"url\":\"https:\\\/\\\/booksfrommexico.com\\\/es\\\/producto\\\/guendaguti-nee-sisi\\\/\",\"name\":\"Guendaguti \u00f1ee sisi: La muerte pies ligeros\",\"isPartOf\":{\"@id\":\"https:\\\/\\\/booksfrommexico.com\\\/#website\"},\"primaryImageOfPage\":{\"@id\":\"https:\\\/\\\/booksfrommexico.com\\\/es\\\/producto\\\/guendaguti-nee-sisi\\\/#primaryimage\"},\"image\":{\"@id\":\"https:\\\/\\\/booksfrommexico.com\\\/es\\\/producto\\\/guendaguti-nee-sisi\\\/#primaryimage\"},\"thumbnailUrl\":\"https:\\\/\\\/booksfrommexico.com\\\/app\\\/uploads\\\/2023\\\/05\\\/129749.jpeg\",\"datePublished\":\"2023-05-08T17:04:20+00:00\",\"dateModified\":\"2024-07-26T20:48:30+00:00\",\"description\":\"GUENDAGUTI \u00d1EE SISI : LA MUERTE PIES LIGEROS. \\\/ Natalia Toledo, Francisco Toledo. FCE ; Instituto Estatal de Educaci\u00f3n P\u00fablica de Oaxaca, 2005.\",\"breadcrumb\":{\"@id\":\"https:\\\/\\\/booksfrommexico.com\\\/es\\\/producto\\\/guendaguti-nee-sisi\\\/#breadcrumb\"},\"inLanguage\":\"es\",\"potentialAction\":[{\"@type\":\"ReadAction\",\"target\":[\"https:\\\/\\\/booksfrommexico.com\\\/es\\\/producto\\\/guendaguti-nee-sisi\\\/\"]}]},{\"@type\":\"ImageObject\",\"inLanguage\":\"es\",\"@id\":\"https:\\\/\\\/booksfrommexico.com\\\/es\\\/producto\\\/guendaguti-nee-sisi\\\/#primaryimage\",\"url\":\"https:\\\/\\\/booksfrommexico.com\\\/app\\\/uploads\\\/2023\\\/05\\\/129749.jpeg\",\"contentUrl\":\"https:\\\/\\\/booksfrommexico.com\\\/app\\\/uploads\\\/2023\\\/05\\\/129749.jpeg\",\"width\":594,\"height\":741},{\"@type\":\"BreadcrumbList\",\"@id\":\"https:\\\/\\\/booksfrommexico.com\\\/es\\\/producto\\\/guendaguti-nee-sisi\\\/#breadcrumb\",\"itemListElement\":[{\"@type\":\"ListItem\",\"position\":1,\"name\":\"Home\",\"item\":\"https:\\\/\\\/booksfrommexico.com\\\/es\\\/\"},{\"@type\":\"ListItem\",\"position\":2,\"name\":\"Libros\",\"item\":\"https:\\\/\\\/booksfrommexico.com\\\/es\\\/libros\\\/\"},{\"@type\":\"ListItem\",\"position\":3,\"name\":\"Guendaguti \u00f1ee sisi: La muerte pies ligeros\"}]},{\"@type\":\"WebSite\",\"@id\":\"https:\\\/\\\/booksfrommexico.com\\\/#website\",\"url\":\"https:\\\/\\\/booksfrommexico.com\\\/\",\"name\":\"Books From Mexico\",\"description\":\"\",\"publisher\":{\"@id\":\"https:\\\/\\\/booksfrommexico.com\\\/#organization\"},\"potentialAction\":[{\"@type\":\"SearchAction\",\"target\":{\"@type\":\"EntryPoint\",\"urlTemplate\":\"https:\\\/\\\/booksfrommexico.com\\\/?s={search_term_string}\"},\"query-input\":{\"@type\":\"PropertyValueSpecification\",\"valueRequired\":true,\"valueName\":\"search_term_string\"}}],\"inLanguage\":\"es\"},{\"@type\":\"Organization\",\"@id\":\"https:\\\/\\\/booksfrommexico.com\\\/#organization\",\"name\":\"Books From Mexico\",\"url\":\"https:\\\/\\\/booksfrommexico.com\\\/\",\"logo\":{\"@type\":\"ImageObject\",\"inLanguage\":\"es\",\"@id\":\"https:\\\/\\\/booksfrommexico.com\\\/#\\\/schema\\\/logo\\\/image\\\/\",\"url\":\"https:\\\/\\\/booksfrommexico.com\\\/app\\\/uploads\\\/2023\\\/05\\\/logo-booksfrommexico.svg\",\"contentUrl\":\"https:\\\/\\\/booksfrommexico.com\\\/app\\\/uploads\\\/2023\\\/05\\\/logo-booksfrommexico.svg\",\"width\":86,\"height\":56,\"caption\":\"Books From Mexico\"},\"image\":{\"@id\":\"https:\\\/\\\/booksfrommexico.com\\\/#\\\/schema\\\/logo\\\/image\\\/\"}}]}<\/script>\n<!-- \/ Yoast SEO plugin. -->","yoast_head_json":{"title":"Guendaguti \u00f1ee sisi: La muerte pies ligeros","description":"GUENDAGUTI \u00d1EE SISI : LA MUERTE PIES LIGEROS. \/ Natalia Toledo, Francisco Toledo. FCE ; Instituto Estatal de Educaci\u00f3n P\u00fablica de Oaxaca, 2005.","robots":{"index":"index","follow":"follow","max-snippet":"max-snippet:-1","max-image-preview":"max-image-preview:large","max-video-preview":"max-video-preview:-1"},"canonical":"https:\/\/booksfrommexico.com\/es\/producto\/guendaguti-nee-sisi\/","og_locale":"es_ES","og_type":"article","og_title":"Guendaguti \u00f1ee sisi: La muerte pies ligeros","og_description":"GUENDAGUTI \u00d1EE SISI : LA MUERTE PIES LIGEROS. \/ Natalia Toledo, Francisco Toledo. FCE ; Instituto Estatal de Educaci\u00f3n P\u00fablica de Oaxaca, 2005.","og_url":"https:\/\/booksfrommexico.com\/es\/producto\/guendaguti-nee-sisi\/","og_site_name":"Books From Mexico","article_modified_time":"2024-07-26T20:48:30+00:00","og_image":[{"width":594,"height":741,"url":"http:\/\/booksfrommexico.com\/app\/uploads\/2023\/05\/129749.jpeg","type":"image\/jpeg"}],"twitter_card":"summary_large_image","twitter_misc":{"Tiempo de lectura":"1 minuto"},"schema":{"@context":"https:\/\/schema.org","@graph":[{"@type":"WebPage","@id":"https:\/\/booksfrommexico.com\/es\/producto\/guendaguti-nee-sisi\/","url":"https:\/\/booksfrommexico.com\/es\/producto\/guendaguti-nee-sisi\/","name":"Guendaguti \u00f1ee sisi: La muerte pies ligeros","isPartOf":{"@id":"https:\/\/booksfrommexico.com\/#website"},"primaryImageOfPage":{"@id":"https:\/\/booksfrommexico.com\/es\/producto\/guendaguti-nee-sisi\/#primaryimage"},"image":{"@id":"https:\/\/booksfrommexico.com\/es\/producto\/guendaguti-nee-sisi\/#primaryimage"},"thumbnailUrl":"https:\/\/booksfrommexico.com\/app\/uploads\/2023\/05\/129749.jpeg","datePublished":"2023-05-08T17:04:20+00:00","dateModified":"2024-07-26T20:48:30+00:00","description":"GUENDAGUTI \u00d1EE SISI : LA MUERTE PIES LIGEROS. \/ Natalia Toledo, Francisco Toledo. FCE ; Instituto Estatal de Educaci\u00f3n P\u00fablica de Oaxaca, 2005.","breadcrumb":{"@id":"https:\/\/booksfrommexico.com\/es\/producto\/guendaguti-nee-sisi\/#breadcrumb"},"inLanguage":"es","potentialAction":[{"@type":"ReadAction","target":["https:\/\/booksfrommexico.com\/es\/producto\/guendaguti-nee-sisi\/"]}]},{"@type":"ImageObject","inLanguage":"es","@id":"https:\/\/booksfrommexico.com\/es\/producto\/guendaguti-nee-sisi\/#primaryimage","url":"https:\/\/booksfrommexico.com\/app\/uploads\/2023\/05\/129749.jpeg","contentUrl":"https:\/\/booksfrommexico.com\/app\/uploads\/2023\/05\/129749.jpeg","width":594,"height":741},{"@type":"BreadcrumbList","@id":"https:\/\/booksfrommexico.com\/es\/producto\/guendaguti-nee-sisi\/#breadcrumb","itemListElement":[{"@type":"ListItem","position":1,"name":"Home","item":"https:\/\/booksfrommexico.com\/es\/"},{"@type":"ListItem","position":2,"name":"Libros","item":"https:\/\/booksfrommexico.com\/es\/libros\/"},{"@type":"ListItem","position":3,"name":"Guendaguti \u00f1ee sisi: La muerte pies ligeros"}]},{"@type":"WebSite","@id":"https:\/\/booksfrommexico.com\/#website","url":"https:\/\/booksfrommexico.com\/","name":"Books From Mexico","description":"","publisher":{"@id":"https:\/\/booksfrommexico.com\/#organization"},"potentialAction":[{"@type":"SearchAction","target":{"@type":"EntryPoint","urlTemplate":"https:\/\/booksfrommexico.com\/?s={search_term_string}"},"query-input":{"@type":"PropertyValueSpecification","valueRequired":true,"valueName":"search_term_string"}}],"inLanguage":"es"},{"@type":"Organization","@id":"https:\/\/booksfrommexico.com\/#organization","name":"Books From Mexico","url":"https:\/\/booksfrommexico.com\/","logo":{"@type":"ImageObject","inLanguage":"es","@id":"https:\/\/booksfrommexico.com\/#\/schema\/logo\/image\/","url":"https:\/\/booksfrommexico.com\/app\/uploads\/2023\/05\/logo-booksfrommexico.svg","contentUrl":"https:\/\/booksfrommexico.com\/app\/uploads\/2023\/05\/logo-booksfrommexico.svg","width":86,"height":56,"caption":"Books From Mexico"},"image":{"@id":"https:\/\/booksfrommexico.com\/#\/schema\/logo\/image\/"}}]}},"_links":{"self":[{"href":"https:\/\/booksfrommexico.com\/es\/wp-json\/wp\/v2\/product\/587","targetHints":{"allow":["GET"]}}],"collection":[{"href":"https:\/\/booksfrommexico.com\/es\/wp-json\/wp\/v2\/product"}],"about":[{"href":"https:\/\/booksfrommexico.com\/es\/wp-json\/wp\/v2\/types\/product"}],"wp:featuredmedia":[{"embeddable":true,"href":"https:\/\/booksfrommexico.com\/es\/wp-json\/wp\/v2\/media\/586"}],"wp:attachment":[{"href":"https:\/\/booksfrommexico.com\/es\/wp-json\/wp\/v2\/media?parent=587"}],"wp:term":[{"taxonomy":"product_brand","embeddable":true,"href":"https:\/\/booksfrommexico.com\/es\/wp-json\/wp\/v2\/product_brand?post=587"},{"taxonomy":"product_cat","embeddable":true,"href":"https:\/\/booksfrommexico.com\/es\/wp-json\/wp\/v2\/product_cat?post=587"},{"taxonomy":"product_tag","embeddable":true,"href":"https:\/\/booksfrommexico.com\/es\/wp-json\/wp\/v2\/product_tag?post=587"}],"curies":[{"name":"wp","href":"https:\/\/api.w.org\/{rel}","templated":true}]}}