{"id":589,"date":"2023-05-08T17:04:22","date_gmt":"2023-05-08T17:04:22","guid":{"rendered":"http:\/\/booksfrommexico.com\/product\/general-lazaro-cardenas-fundador-de-pueblos-la-ruana-felipe-carrillo-puerto-michoacan-1955-2005\/"},"modified":"2024-07-26T19:44:29","modified_gmt":"2024-07-26T19:44:29","slug":"general-lazaro-cardenas-fundador-de-pueblos-la-ruana-felipe-carrillo-puerto-michoacan-1955-2005","status":"publish","type":"product","link":"https:\/\/booksfrommexico.com\/es\/producto\/general-lazaro-cardenas-fundador-de-pueblos-la-ruana-felipe-carrillo-puerto-michoacan-1955-2005\/","title":{"rendered":"General L\u00e1zaro C\u00e1rdenas: Fundador de pueblos: La Ruana Felipe Carrillo Puerto, Michoac\u00e1n 1955-2005"},"content":{"rendered":"<p><span style=\"font-weight: 400;\">En la Cuenca del R\u00edo Tepalcatepec, entre los estados de Jalisco y Michoac\u00e1n, la reforma agraria, los sistemas de irrigaci\u00f3n, las plantas de energ\u00eda el\u00e9ctrica, el desarrollo de la metalurgia, el repoblamiento y fundaci\u00f3n de localidades, las campa\u00f1as de salud y la infraestructura educativa, tuvieron como precursor al general L\u00e1zaro C\u00e1rdenas. Es por lo anterior que a m\u00e1s de 50 a\u00f1os de la fundaci\u00f3n del Centro Ejidal Felipe Carrillo Puerto, tambi\u00e9n conocido como La Ruana, se recuerda con este t\u00edtulo al visionario que tuvo la sensibilidad de comprender la problem\u00e1tica de los habitantes de la cuenca. Aqu\u00ed se exponen notas, un ap\u00e9ndice documental y un ap\u00e9ndice iconogr\u00e1fico de inicios del siglo XX.<\/span><\/p>\n","protected":false},"excerpt":{"rendered":"<p>GENERAL L\u00c1ZARO C\u00c1RDENAS : FUNDADOR DE PUEBLOS : LA RUANA : FELIPE CARRILLO PUERTO, MICHOAC\u00c1N 1955-2005<span style=\"font-weight: 400;\">. \/ Juan Ortiz Escamilla. Zamora, Michoac\u00e1n, M\u00e9xico : Gobierno del Estado de Michoac\u00e1n ; El Colegio de Michoac\u00e1n , Proyecto Tepaltepec\u00a0 ; Veracruz, M\u00e9xico : Universidad Veracruzana, 2005. 231 pages : includes notes, map, photos ; 27 cm. ISBN : 9706791817. <\/span><\/p>\n","protected":false},"featured_media":588,"template":"","meta":{"_acf_changed":false,"inline_featured_image":false},"product_brand":[],"product_cat":[27],"product_tag":[4398,3607,4427,3705],"class_list":{"0":"post-589","1":"product","2":"type-product","3":"status-publish","4":"has-post-thumbnail","6":"product_cat-historia","7":"product_tag-historia-mexico","8":"product_tag-historia-local","9":"product_tag-jalisco-mexico","10":"product_tag-michoacan-mexico","12":"first","13":"instock","14":"taxable","15":"shipping-taxable","16":"purchasable","17":"product-type-simple"},"acf":[],"yoast_head":"<!-- This site is optimized with the Yoast SEO plugin v27.3 - https:\/\/yoast.com\/product\/yoast-seo-wordpress\/ -->\n<title>General L\u00e1zaro C\u00e1rdenas: Fundador de pueblos: La Ruana<\/title>\n<meta name=\"description\" content=\"GENERAL L\u00c1ZARO C\u00c1RDENAS : FUNDADOR DE PUEBLOS : LA RUANA : FELIPE CARRILLO PUERTO, MICHOAC\u00c1N 1955-2005. \/ Juan Ortiz Escamilla. ISBN : 9706791817.\" \/>\n<meta name=\"robots\" content=\"index, follow, max-snippet:-1, max-image-preview:large, max-video-preview:-1\" \/>\n<link rel=\"canonical\" href=\"https:\/\/booksfrommexico.com\/es\/producto\/general-lazaro-cardenas-fundador-de-pueblos-la-ruana-felipe-carrillo-puerto-michoacan-1955-2005\/\" \/>\n<meta property=\"og:locale\" content=\"es_ES\" \/>\n<meta property=\"og:type\" content=\"article\" \/>\n<meta property=\"og:title\" content=\"General L\u00e1zaro C\u00e1rdenas: Fundador de pueblos: La Ruana\" \/>\n<meta property=\"og:description\" content=\"GENERAL L\u00c1ZARO C\u00c1RDENAS : FUNDADOR DE PUEBLOS : LA RUANA : FELIPE CARRILLO PUERTO, MICHOAC\u00c1N 1955-2005. \/ Juan Ortiz Escamilla. ISBN : 9706791817.\" \/>\n<meta property=\"og:url\" content=\"https:\/\/booksfrommexico.com\/es\/producto\/general-lazaro-cardenas-fundador-de-pueblos-la-ruana-felipe-carrillo-puerto-michoacan-1955-2005\/\" \/>\n<meta property=\"og:site_name\" content=\"Books From Mexico\" \/>\n<meta property=\"article:modified_time\" content=\"2024-07-26T19:44:29+00:00\" \/>\n<meta property=\"og:image\" content=\"http:\/\/booksfrommexico.com\/app\/uploads\/2023\/05\/129770.jpeg\" \/>\n\t<meta property=\"og:image:width\" content=\"535\" \/>\n\t<meta property=\"og:image:height\" content=\"783\" \/>\n\t<meta property=\"og:image:type\" content=\"image\/jpeg\" \/>\n<meta name=\"twitter:card\" content=\"summary_large_image\" \/>\n<meta name=\"twitter:label1\" content=\"Tiempo de lectura\" \/>\n\t<meta name=\"twitter:data1\" content=\"1 minuto\" \/>\n<script type=\"application\/ld+json\" class=\"yoast-schema-graph\">{\"@context\":\"https:\\\/\\\/schema.org\",\"@graph\":[{\"@type\":\"WebPage\",\"@id\":\"https:\\\/\\\/booksfrommexico.com\\\/es\\\/producto\\\/general-lazaro-cardenas-fundador-de-pueblos-la-ruana-felipe-carrillo-puerto-michoacan-1955-2005\\\/\",\"url\":\"https:\\\/\\\/booksfrommexico.com\\\/es\\\/producto\\\/general-lazaro-cardenas-fundador-de-pueblos-la-ruana-felipe-carrillo-puerto-michoacan-1955-2005\\\/\",\"name\":\"General L\u00e1zaro C\u00e1rdenas: Fundador de pueblos: La Ruana\",\"isPartOf\":{\"@id\":\"https:\\\/\\\/booksfrommexico.com\\\/#website\"},\"primaryImageOfPage\":{\"@id\":\"https:\\\/\\\/booksfrommexico.com\\\/es\\\/producto\\\/general-lazaro-cardenas-fundador-de-pueblos-la-ruana-felipe-carrillo-puerto-michoacan-1955-2005\\\/#primaryimage\"},\"image\":{\"@id\":\"https:\\\/\\\/booksfrommexico.com\\\/es\\\/producto\\\/general-lazaro-cardenas-fundador-de-pueblos-la-ruana-felipe-carrillo-puerto-michoacan-1955-2005\\\/#primaryimage\"},\"thumbnailUrl\":\"https:\\\/\\\/booksfrommexico.com\\\/app\\\/uploads\\\/2023\\\/05\\\/129770.jpeg\",\"datePublished\":\"2023-05-08T17:04:22+00:00\",\"dateModified\":\"2024-07-26T19:44:29+00:00\",\"description\":\"GENERAL L\u00c1ZARO C\u00c1RDENAS : FUNDADOR DE PUEBLOS : LA RUANA : FELIPE CARRILLO PUERTO, MICHOAC\u00c1N 1955-2005. \\\/ Juan Ortiz Escamilla. ISBN : 9706791817.\",\"breadcrumb\":{\"@id\":\"https:\\\/\\\/booksfrommexico.com\\\/es\\\/producto\\\/general-lazaro-cardenas-fundador-de-pueblos-la-ruana-felipe-carrillo-puerto-michoacan-1955-2005\\\/#breadcrumb\"},\"inLanguage\":\"es\",\"potentialAction\":[{\"@type\":\"ReadAction\",\"target\":[\"https:\\\/\\\/booksfrommexico.com\\\/es\\\/producto\\\/general-lazaro-cardenas-fundador-de-pueblos-la-ruana-felipe-carrillo-puerto-michoacan-1955-2005\\\/\"]}]},{\"@type\":\"ImageObject\",\"inLanguage\":\"es\",\"@id\":\"https:\\\/\\\/booksfrommexico.com\\\/es\\\/producto\\\/general-lazaro-cardenas-fundador-de-pueblos-la-ruana-felipe-carrillo-puerto-michoacan-1955-2005\\\/#primaryimage\",\"url\":\"https:\\\/\\\/booksfrommexico.com\\\/app\\\/uploads\\\/2023\\\/05\\\/129770.jpeg\",\"contentUrl\":\"https:\\\/\\\/booksfrommexico.com\\\/app\\\/uploads\\\/2023\\\/05\\\/129770.jpeg\",\"width\":535,\"height\":783},{\"@type\":\"BreadcrumbList\",\"@id\":\"https:\\\/\\\/booksfrommexico.com\\\/es\\\/producto\\\/general-lazaro-cardenas-fundador-de-pueblos-la-ruana-felipe-carrillo-puerto-michoacan-1955-2005\\\/#breadcrumb\",\"itemListElement\":[{\"@type\":\"ListItem\",\"position\":1,\"name\":\"Home\",\"item\":\"https:\\\/\\\/booksfrommexico.com\\\/es\\\/\"},{\"@type\":\"ListItem\",\"position\":2,\"name\":\"Libros\",\"item\":\"https:\\\/\\\/booksfrommexico.com\\\/es\\\/libros\\\/\"},{\"@type\":\"ListItem\",\"position\":3,\"name\":\"General L\u00e1zaro C\u00e1rdenas: Fundador de pueblos: La Ruana Felipe Carrillo Puerto, Michoac\u00e1n 1955-2005\"}]},{\"@type\":\"WebSite\",\"@id\":\"https:\\\/\\\/booksfrommexico.com\\\/#website\",\"url\":\"https:\\\/\\\/booksfrommexico.com\\\/\",\"name\":\"Books From Mexico\",\"description\":\"\",\"publisher\":{\"@id\":\"https:\\\/\\\/booksfrommexico.com\\\/#organization\"},\"potentialAction\":[{\"@type\":\"SearchAction\",\"target\":{\"@type\":\"EntryPoint\",\"urlTemplate\":\"https:\\\/\\\/booksfrommexico.com\\\/?s={search_term_string}\"},\"query-input\":{\"@type\":\"PropertyValueSpecification\",\"valueRequired\":true,\"valueName\":\"search_term_string\"}}],\"inLanguage\":\"es\"},{\"@type\":\"Organization\",\"@id\":\"https:\\\/\\\/booksfrommexico.com\\\/#organization\",\"name\":\"Books From Mexico\",\"url\":\"https:\\\/\\\/booksfrommexico.com\\\/\",\"logo\":{\"@type\":\"ImageObject\",\"inLanguage\":\"es\",\"@id\":\"https:\\\/\\\/booksfrommexico.com\\\/#\\\/schema\\\/logo\\\/image\\\/\",\"url\":\"https:\\\/\\\/booksfrommexico.com\\\/app\\\/uploads\\\/2023\\\/05\\\/logo-booksfrommexico.svg\",\"contentUrl\":\"https:\\\/\\\/booksfrommexico.com\\\/app\\\/uploads\\\/2023\\\/05\\\/logo-booksfrommexico.svg\",\"width\":86,\"height\":56,\"caption\":\"Books From Mexico\"},\"image\":{\"@id\":\"https:\\\/\\\/booksfrommexico.com\\\/#\\\/schema\\\/logo\\\/image\\\/\"}}]}<\/script>\n<!-- \/ Yoast SEO plugin. -->","yoast_head_json":{"title":"General L\u00e1zaro C\u00e1rdenas: Fundador de pueblos: La Ruana","description":"GENERAL L\u00c1ZARO C\u00c1RDENAS : FUNDADOR DE PUEBLOS : LA RUANA : FELIPE CARRILLO PUERTO, MICHOAC\u00c1N 1955-2005. \/ Juan Ortiz Escamilla. ISBN : 9706791817.","robots":{"index":"index","follow":"follow","max-snippet":"max-snippet:-1","max-image-preview":"max-image-preview:large","max-video-preview":"max-video-preview:-1"},"canonical":"https:\/\/booksfrommexico.com\/es\/producto\/general-lazaro-cardenas-fundador-de-pueblos-la-ruana-felipe-carrillo-puerto-michoacan-1955-2005\/","og_locale":"es_ES","og_type":"article","og_title":"General L\u00e1zaro C\u00e1rdenas: Fundador de pueblos: La Ruana","og_description":"GENERAL L\u00c1ZARO C\u00c1RDENAS : FUNDADOR DE PUEBLOS : LA RUANA : FELIPE CARRILLO PUERTO, MICHOAC\u00c1N 1955-2005. \/ Juan Ortiz Escamilla. ISBN : 9706791817.","og_url":"https:\/\/booksfrommexico.com\/es\/producto\/general-lazaro-cardenas-fundador-de-pueblos-la-ruana-felipe-carrillo-puerto-michoacan-1955-2005\/","og_site_name":"Books From Mexico","article_modified_time":"2024-07-26T19:44:29+00:00","og_image":[{"width":535,"height":783,"url":"http:\/\/booksfrommexico.com\/app\/uploads\/2023\/05\/129770.jpeg","type":"image\/jpeg"}],"twitter_card":"summary_large_image","twitter_misc":{"Tiempo de lectura":"1 minuto"},"schema":{"@context":"https:\/\/schema.org","@graph":[{"@type":"WebPage","@id":"https:\/\/booksfrommexico.com\/es\/producto\/general-lazaro-cardenas-fundador-de-pueblos-la-ruana-felipe-carrillo-puerto-michoacan-1955-2005\/","url":"https:\/\/booksfrommexico.com\/es\/producto\/general-lazaro-cardenas-fundador-de-pueblos-la-ruana-felipe-carrillo-puerto-michoacan-1955-2005\/","name":"General L\u00e1zaro C\u00e1rdenas: Fundador de pueblos: La Ruana","isPartOf":{"@id":"https:\/\/booksfrommexico.com\/#website"},"primaryImageOfPage":{"@id":"https:\/\/booksfrommexico.com\/es\/producto\/general-lazaro-cardenas-fundador-de-pueblos-la-ruana-felipe-carrillo-puerto-michoacan-1955-2005\/#primaryimage"},"image":{"@id":"https:\/\/booksfrommexico.com\/es\/producto\/general-lazaro-cardenas-fundador-de-pueblos-la-ruana-felipe-carrillo-puerto-michoacan-1955-2005\/#primaryimage"},"thumbnailUrl":"https:\/\/booksfrommexico.com\/app\/uploads\/2023\/05\/129770.jpeg","datePublished":"2023-05-08T17:04:22+00:00","dateModified":"2024-07-26T19:44:29+00:00","description":"GENERAL L\u00c1ZARO C\u00c1RDENAS : FUNDADOR DE PUEBLOS : LA RUANA : FELIPE CARRILLO PUERTO, MICHOAC\u00c1N 1955-2005. \/ Juan Ortiz Escamilla. ISBN : 9706791817.","breadcrumb":{"@id":"https:\/\/booksfrommexico.com\/es\/producto\/general-lazaro-cardenas-fundador-de-pueblos-la-ruana-felipe-carrillo-puerto-michoacan-1955-2005\/#breadcrumb"},"inLanguage":"es","potentialAction":[{"@type":"ReadAction","target":["https:\/\/booksfrommexico.com\/es\/producto\/general-lazaro-cardenas-fundador-de-pueblos-la-ruana-felipe-carrillo-puerto-michoacan-1955-2005\/"]}]},{"@type":"ImageObject","inLanguage":"es","@id":"https:\/\/booksfrommexico.com\/es\/producto\/general-lazaro-cardenas-fundador-de-pueblos-la-ruana-felipe-carrillo-puerto-michoacan-1955-2005\/#primaryimage","url":"https:\/\/booksfrommexico.com\/app\/uploads\/2023\/05\/129770.jpeg","contentUrl":"https:\/\/booksfrommexico.com\/app\/uploads\/2023\/05\/129770.jpeg","width":535,"height":783},{"@type":"BreadcrumbList","@id":"https:\/\/booksfrommexico.com\/es\/producto\/general-lazaro-cardenas-fundador-de-pueblos-la-ruana-felipe-carrillo-puerto-michoacan-1955-2005\/#breadcrumb","itemListElement":[{"@type":"ListItem","position":1,"name":"Home","item":"https:\/\/booksfrommexico.com\/es\/"},{"@type":"ListItem","position":2,"name":"Libros","item":"https:\/\/booksfrommexico.com\/es\/libros\/"},{"@type":"ListItem","position":3,"name":"General L\u00e1zaro C\u00e1rdenas: Fundador de pueblos: La Ruana Felipe Carrillo Puerto, Michoac\u00e1n 1955-2005"}]},{"@type":"WebSite","@id":"https:\/\/booksfrommexico.com\/#website","url":"https:\/\/booksfrommexico.com\/","name":"Books From Mexico","description":"","publisher":{"@id":"https:\/\/booksfrommexico.com\/#organization"},"potentialAction":[{"@type":"SearchAction","target":{"@type":"EntryPoint","urlTemplate":"https:\/\/booksfrommexico.com\/?s={search_term_string}"},"query-input":{"@type":"PropertyValueSpecification","valueRequired":true,"valueName":"search_term_string"}}],"inLanguage":"es"},{"@type":"Organization","@id":"https:\/\/booksfrommexico.com\/#organization","name":"Books From Mexico","url":"https:\/\/booksfrommexico.com\/","logo":{"@type":"ImageObject","inLanguage":"es","@id":"https:\/\/booksfrommexico.com\/#\/schema\/logo\/image\/","url":"https:\/\/booksfrommexico.com\/app\/uploads\/2023\/05\/logo-booksfrommexico.svg","contentUrl":"https:\/\/booksfrommexico.com\/app\/uploads\/2023\/05\/logo-booksfrommexico.svg","width":86,"height":56,"caption":"Books From Mexico"},"image":{"@id":"https:\/\/booksfrommexico.com\/#\/schema\/logo\/image\/"}}]}},"_links":{"self":[{"href":"https:\/\/booksfrommexico.com\/es\/wp-json\/wp\/v2\/product\/589","targetHints":{"allow":["GET"]}}],"collection":[{"href":"https:\/\/booksfrommexico.com\/es\/wp-json\/wp\/v2\/product"}],"about":[{"href":"https:\/\/booksfrommexico.com\/es\/wp-json\/wp\/v2\/types\/product"}],"wp:featuredmedia":[{"embeddable":true,"href":"https:\/\/booksfrommexico.com\/es\/wp-json\/wp\/v2\/media\/588"}],"wp:attachment":[{"href":"https:\/\/booksfrommexico.com\/es\/wp-json\/wp\/v2\/media?parent=589"}],"wp:term":[{"taxonomy":"product_brand","embeddable":true,"href":"https:\/\/booksfrommexico.com\/es\/wp-json\/wp\/v2\/product_brand?post=589"},{"taxonomy":"product_cat","embeddable":true,"href":"https:\/\/booksfrommexico.com\/es\/wp-json\/wp\/v2\/product_cat?post=589"},{"taxonomy":"product_tag","embeddable":true,"href":"https:\/\/booksfrommexico.com\/es\/wp-json\/wp\/v2\/product_tag?post=589"}],"curies":[{"name":"wp","href":"https:\/\/api.w.org\/{rel}","templated":true}]}}