{"id":593,"date":"2023-05-08T17:04:25","date_gmt":"2023-05-08T17:04:25","guid":{"rendered":"http:\/\/booksfrommexico.com\/product\/la-fiesta-de-san-nicolas-tolentino-de-ometepec-guerrero\/"},"modified":"2024-11-12T19:52:29","modified_gmt":"2024-11-12T19:52:29","slug":"la-fiesta-de-san-nicolas-tolentino-de-ometepec-guerrero","status":"publish","type":"product","link":"https:\/\/booksfrommexico.com\/es\/producto\/la-fiesta-de-san-nicolas-tolentino-de-ometepec-guerrero\/","title":{"rendered":"La Fiesta de San Nicol\u00e1s Tolentino de Ometepec, Guerrero"},"content":{"rendered":"<p><span style=\"font-weight: 400;\">En la Fiesta de San Nicol\u00e1s de Tolentino las danzas y tradiciones tienen un origen prehisp\u00e1nico y mestizo; y tienen el prop\u00f3sito de representar acontecimientos religiosos de importancia para la comunidad, vinculados con los rituales del nacimiento de la semilla, la fertilizaci\u00f3n de la cosecha o las labores propias de la ganader\u00eda. Aqu\u00ed se incluye la ubicaci\u00f3n exacta de la ciudad de Ometepec, la vida de San Nicol\u00e1s de Tolentino, un amplio comentario de las mayordom\u00edas, de la organizaci\u00f3n de comit\u00e9, as\u00ed como de los principales d\u00edas de los festejos religiosos. Acompa\u00f1ado por fotograf\u00edas a color de la fiesta y las letras de canciones que suelen sonar, se ofrece una investigaci\u00f3n que busca preservar las tradiciones y la cultura.<\/span><\/p>\n","protected":false},"excerpt":{"rendered":"<p>LA FIESTA DE SAN NICOL\u00c1S TOLENTINO DE OMETEPEC, GUERRERO<span style=\"font-weight: 400;\">. \/ Adri\u00e1n Alfonso Calder\u00f3n Serrano, Mariana Gonz\u00e1lez Focke, Beda Mota Ram\u00edrez. Ometepec, Guerrero, M\u00e9xico : Heroico Ayuntamiento de Ometepec ; Universidad Aut\u00f3noma del Estado de Morelos, Facultad de Humanidades, 2005. 95 pages : includes color photos, glossary ; 21 cm. (Colecci\u00f3n Culturas). ISBN : 968878248. <\/span><\/p>\n","protected":false},"featured_media":592,"template":"","meta":{"_acf_changed":false,"inline_featured_image":false},"product_brand":[],"product_cat":[19,66,372],"product_tag":[4054,3924,3607,4481,3608],"class_list":{"0":"post-593","1":"product","2":"type-product","3":"status-publish","4":"has-post-thumbnail","6":"product_cat-antropologia","7":"product_cat-sociocultural","8":"product_cat-tradiciones-culturales","9":"product_tag-antropologia-es","10":"product_tag-guerrero-mexico","11":"product_tag-historia-local","12":"product_tag-tradicion-y-costumbres","13":"product_tag-vida-social-y-costumbres","15":"first","16":"outofstock","17":"taxable","18":"shipping-taxable","19":"purchasable","20":"product-type-simple"},"acf":[],"yoast_head":"<!-- This site is optimized with the Yoast SEO plugin v27.2 - https:\/\/yoast.com\/product\/yoast-seo-wordpress\/ -->\n<title>La Fiesta de San Nicol\u00e1s Tolentino de Ometepec, Guerrero<\/title>\n<meta name=\"description\" content=\"LA FIESTA DE SAN NICOL\u00c1S TOLENTINO DE OMETEPEC, GUERRERO. \/ Calder\u00f3n Serrano, Gonz\u00e1lez Focke, Mota Ram\u00edrez. (Colecci\u00f3n Culturas). ISBN : 968878248.\" \/>\n<meta name=\"robots\" content=\"index, follow, max-snippet:-1, max-image-preview:large, max-video-preview:-1\" \/>\n<link rel=\"canonical\" href=\"https:\/\/booksfrommexico.com\/es\/producto\/la-fiesta-de-san-nicolas-tolentino-de-ometepec-guerrero\/\" \/>\n<meta property=\"og:locale\" content=\"es_ES\" \/>\n<meta property=\"og:type\" content=\"article\" \/>\n<meta property=\"og:title\" content=\"La Fiesta de San Nicol\u00e1s Tolentino de Ometepec, Guerrero\" \/>\n<meta property=\"og:description\" content=\"LA FIESTA DE SAN NICOL\u00c1S TOLENTINO DE OMETEPEC, GUERRERO. \/ Calder\u00f3n Serrano, Gonz\u00e1lez Focke, Mota Ram\u00edrez. (Colecci\u00f3n Culturas). ISBN : 968878248.\" \/>\n<meta property=\"og:url\" content=\"https:\/\/booksfrommexico.com\/es\/producto\/la-fiesta-de-san-nicolas-tolentino-de-ometepec-guerrero\/\" \/>\n<meta property=\"og:site_name\" content=\"Books From Mexico\" \/>\n<meta property=\"article:modified_time\" content=\"2024-11-12T19:52:29+00:00\" \/>\n<meta property=\"og:image\" content=\"http:\/\/booksfrommexico.com\/app\/uploads\/2023\/05\/130020.jpeg\" \/>\n\t<meta property=\"og:image:width\" content=\"432\" \/>\n\t<meta property=\"og:image:height\" content=\"617\" \/>\n\t<meta property=\"og:image:type\" content=\"image\/jpeg\" \/>\n<meta name=\"twitter:card\" content=\"summary_large_image\" \/>\n<meta name=\"twitter:label1\" content=\"Tiempo de lectura\" \/>\n\t<meta name=\"twitter:data1\" content=\"1 minuto\" \/>\n<script type=\"application\/ld+json\" class=\"yoast-schema-graph\">{\"@context\":\"https:\/\/schema.org\",\"@graph\":[{\"@type\":\"WebPage\",\"@id\":\"https:\/\/booksfrommexico.com\/es\/producto\/la-fiesta-de-san-nicolas-tolentino-de-ometepec-guerrero\/\",\"url\":\"https:\/\/booksfrommexico.com\/es\/producto\/la-fiesta-de-san-nicolas-tolentino-de-ometepec-guerrero\/\",\"name\":\"La Fiesta de San Nicol\u00e1s Tolentino de Ometepec, Guerrero\",\"isPartOf\":{\"@id\":\"https:\/\/booksfrommexico.com\/#website\"},\"primaryImageOfPage\":{\"@id\":\"https:\/\/booksfrommexico.com\/es\/producto\/la-fiesta-de-san-nicolas-tolentino-de-ometepec-guerrero\/#primaryimage\"},\"image\":{\"@id\":\"https:\/\/booksfrommexico.com\/es\/producto\/la-fiesta-de-san-nicolas-tolentino-de-ometepec-guerrero\/#primaryimage\"},\"thumbnailUrl\":\"https:\/\/booksfrommexico.com\/app\/uploads\/2023\/05\/130020.jpeg\",\"datePublished\":\"2023-05-08T17:04:25+00:00\",\"dateModified\":\"2024-11-12T19:52:29+00:00\",\"description\":\"LA FIESTA DE SAN NICOL\u00c1S TOLENTINO DE OMETEPEC, GUERRERO. \/ Calder\u00f3n Serrano, Gonz\u00e1lez Focke, Mota Ram\u00edrez. (Colecci\u00f3n Culturas). ISBN : 968878248.\",\"breadcrumb\":{\"@id\":\"https:\/\/booksfrommexico.com\/es\/producto\/la-fiesta-de-san-nicolas-tolentino-de-ometepec-guerrero\/#breadcrumb\"},\"inLanguage\":\"es\",\"potentialAction\":[{\"@type\":\"ReadAction\",\"target\":[\"https:\/\/booksfrommexico.com\/es\/producto\/la-fiesta-de-san-nicolas-tolentino-de-ometepec-guerrero\/\"]}]},{\"@type\":\"ImageObject\",\"inLanguage\":\"es\",\"@id\":\"https:\/\/booksfrommexico.com\/es\/producto\/la-fiesta-de-san-nicolas-tolentino-de-ometepec-guerrero\/#primaryimage\",\"url\":\"https:\/\/booksfrommexico.com\/app\/uploads\/2023\/05\/130020.jpeg\",\"contentUrl\":\"https:\/\/booksfrommexico.com\/app\/uploads\/2023\/05\/130020.jpeg\",\"width\":432,\"height\":617},{\"@type\":\"BreadcrumbList\",\"@id\":\"https:\/\/booksfrommexico.com\/es\/producto\/la-fiesta-de-san-nicolas-tolentino-de-ometepec-guerrero\/#breadcrumb\",\"itemListElement\":[{\"@type\":\"ListItem\",\"position\":1,\"name\":\"Home\",\"item\":\"https:\/\/booksfrommexico.com\/es\/\"},{\"@type\":\"ListItem\",\"position\":2,\"name\":\"Libros\",\"item\":\"https:\/\/booksfrommexico.com\/es\/libros\/\"},{\"@type\":\"ListItem\",\"position\":3,\"name\":\"La Fiesta de San Nicol\u00e1s Tolentino de Ometepec, Guerrero\"}]},{\"@type\":\"WebSite\",\"@id\":\"https:\/\/booksfrommexico.com\/#website\",\"url\":\"https:\/\/booksfrommexico.com\/\",\"name\":\"Books From Mexico\",\"description\":\"\",\"publisher\":{\"@id\":\"https:\/\/booksfrommexico.com\/#organization\"},\"potentialAction\":[{\"@type\":\"SearchAction\",\"target\":{\"@type\":\"EntryPoint\",\"urlTemplate\":\"https:\/\/booksfrommexico.com\/?s={search_term_string}\"},\"query-input\":{\"@type\":\"PropertyValueSpecification\",\"valueRequired\":true,\"valueName\":\"search_term_string\"}}],\"inLanguage\":\"es\"},{\"@type\":\"Organization\",\"@id\":\"https:\/\/booksfrommexico.com\/#organization\",\"name\":\"Books From Mexico\",\"url\":\"https:\/\/booksfrommexico.com\/\",\"logo\":{\"@type\":\"ImageObject\",\"inLanguage\":\"es\",\"@id\":\"https:\/\/booksfrommexico.com\/#\/schema\/logo\/image\/\",\"url\":\"https:\/\/booksfrommexico.com\/app\/uploads\/2023\/05\/logo-booksfrommexico.svg\",\"contentUrl\":\"https:\/\/booksfrommexico.com\/app\/uploads\/2023\/05\/logo-booksfrommexico.svg\",\"width\":86,\"height\":56,\"caption\":\"Books From Mexico\"},\"image\":{\"@id\":\"https:\/\/booksfrommexico.com\/#\/schema\/logo\/image\/\"}}]}<\/script>\n<!-- \/ Yoast SEO plugin. -->","yoast_head_json":{"title":"La Fiesta de San Nicol\u00e1s Tolentino de Ometepec, Guerrero","description":"LA FIESTA DE SAN NICOL\u00c1S TOLENTINO DE OMETEPEC, GUERRERO. \/ Calder\u00f3n Serrano, Gonz\u00e1lez Focke, Mota Ram\u00edrez. (Colecci\u00f3n Culturas). ISBN : 968878248.","robots":{"index":"index","follow":"follow","max-snippet":"max-snippet:-1","max-image-preview":"max-image-preview:large","max-video-preview":"max-video-preview:-1"},"canonical":"https:\/\/booksfrommexico.com\/es\/producto\/la-fiesta-de-san-nicolas-tolentino-de-ometepec-guerrero\/","og_locale":"es_ES","og_type":"article","og_title":"La Fiesta de San Nicol\u00e1s Tolentino de Ometepec, Guerrero","og_description":"LA FIESTA DE SAN NICOL\u00c1S TOLENTINO DE OMETEPEC, GUERRERO. \/ Calder\u00f3n Serrano, Gonz\u00e1lez Focke, Mota Ram\u00edrez. (Colecci\u00f3n Culturas). ISBN : 968878248.","og_url":"https:\/\/booksfrommexico.com\/es\/producto\/la-fiesta-de-san-nicolas-tolentino-de-ometepec-guerrero\/","og_site_name":"Books From Mexico","article_modified_time":"2024-11-12T19:52:29+00:00","og_image":[{"width":432,"height":617,"url":"http:\/\/booksfrommexico.com\/app\/uploads\/2023\/05\/130020.jpeg","type":"image\/jpeg"}],"twitter_card":"summary_large_image","twitter_misc":{"Tiempo de lectura":"1 minuto"},"schema":{"@context":"https:\/\/schema.org","@graph":[{"@type":"WebPage","@id":"https:\/\/booksfrommexico.com\/es\/producto\/la-fiesta-de-san-nicolas-tolentino-de-ometepec-guerrero\/","url":"https:\/\/booksfrommexico.com\/es\/producto\/la-fiesta-de-san-nicolas-tolentino-de-ometepec-guerrero\/","name":"La Fiesta de San Nicol\u00e1s Tolentino de Ometepec, Guerrero","isPartOf":{"@id":"https:\/\/booksfrommexico.com\/#website"},"primaryImageOfPage":{"@id":"https:\/\/booksfrommexico.com\/es\/producto\/la-fiesta-de-san-nicolas-tolentino-de-ometepec-guerrero\/#primaryimage"},"image":{"@id":"https:\/\/booksfrommexico.com\/es\/producto\/la-fiesta-de-san-nicolas-tolentino-de-ometepec-guerrero\/#primaryimage"},"thumbnailUrl":"https:\/\/booksfrommexico.com\/app\/uploads\/2023\/05\/130020.jpeg","datePublished":"2023-05-08T17:04:25+00:00","dateModified":"2024-11-12T19:52:29+00:00","description":"LA FIESTA DE SAN NICOL\u00c1S TOLENTINO DE OMETEPEC, GUERRERO. \/ Calder\u00f3n Serrano, Gonz\u00e1lez Focke, Mota Ram\u00edrez. (Colecci\u00f3n Culturas). ISBN : 968878248.","breadcrumb":{"@id":"https:\/\/booksfrommexico.com\/es\/producto\/la-fiesta-de-san-nicolas-tolentino-de-ometepec-guerrero\/#breadcrumb"},"inLanguage":"es","potentialAction":[{"@type":"ReadAction","target":["https:\/\/booksfrommexico.com\/es\/producto\/la-fiesta-de-san-nicolas-tolentino-de-ometepec-guerrero\/"]}]},{"@type":"ImageObject","inLanguage":"es","@id":"https:\/\/booksfrommexico.com\/es\/producto\/la-fiesta-de-san-nicolas-tolentino-de-ometepec-guerrero\/#primaryimage","url":"https:\/\/booksfrommexico.com\/app\/uploads\/2023\/05\/130020.jpeg","contentUrl":"https:\/\/booksfrommexico.com\/app\/uploads\/2023\/05\/130020.jpeg","width":432,"height":617},{"@type":"BreadcrumbList","@id":"https:\/\/booksfrommexico.com\/es\/producto\/la-fiesta-de-san-nicolas-tolentino-de-ometepec-guerrero\/#breadcrumb","itemListElement":[{"@type":"ListItem","position":1,"name":"Home","item":"https:\/\/booksfrommexico.com\/es\/"},{"@type":"ListItem","position":2,"name":"Libros","item":"https:\/\/booksfrommexico.com\/es\/libros\/"},{"@type":"ListItem","position":3,"name":"La Fiesta de San Nicol\u00e1s Tolentino de Ometepec, Guerrero"}]},{"@type":"WebSite","@id":"https:\/\/booksfrommexico.com\/#website","url":"https:\/\/booksfrommexico.com\/","name":"Books From Mexico","description":"","publisher":{"@id":"https:\/\/booksfrommexico.com\/#organization"},"potentialAction":[{"@type":"SearchAction","target":{"@type":"EntryPoint","urlTemplate":"https:\/\/booksfrommexico.com\/?s={search_term_string}"},"query-input":{"@type":"PropertyValueSpecification","valueRequired":true,"valueName":"search_term_string"}}],"inLanguage":"es"},{"@type":"Organization","@id":"https:\/\/booksfrommexico.com\/#organization","name":"Books From Mexico","url":"https:\/\/booksfrommexico.com\/","logo":{"@type":"ImageObject","inLanguage":"es","@id":"https:\/\/booksfrommexico.com\/#\/schema\/logo\/image\/","url":"https:\/\/booksfrommexico.com\/app\/uploads\/2023\/05\/logo-booksfrommexico.svg","contentUrl":"https:\/\/booksfrommexico.com\/app\/uploads\/2023\/05\/logo-booksfrommexico.svg","width":86,"height":56,"caption":"Books From Mexico"},"image":{"@id":"https:\/\/booksfrommexico.com\/#\/schema\/logo\/image\/"}}]}},"_links":{"self":[{"href":"https:\/\/booksfrommexico.com\/es\/wp-json\/wp\/v2\/product\/593","targetHints":{"allow":["GET"]}}],"collection":[{"href":"https:\/\/booksfrommexico.com\/es\/wp-json\/wp\/v2\/product"}],"about":[{"href":"https:\/\/booksfrommexico.com\/es\/wp-json\/wp\/v2\/types\/product"}],"wp:featuredmedia":[{"embeddable":true,"href":"https:\/\/booksfrommexico.com\/es\/wp-json\/wp\/v2\/media\/592"}],"wp:attachment":[{"href":"https:\/\/booksfrommexico.com\/es\/wp-json\/wp\/v2\/media?parent=593"}],"wp:term":[{"taxonomy":"product_brand","embeddable":true,"href":"https:\/\/booksfrommexico.com\/es\/wp-json\/wp\/v2\/product_brand?post=593"},{"taxonomy":"product_cat","embeddable":true,"href":"https:\/\/booksfrommexico.com\/es\/wp-json\/wp\/v2\/product_cat?post=593"},{"taxonomy":"product_tag","embeddable":true,"href":"https:\/\/booksfrommexico.com\/es\/wp-json\/wp\/v2\/product_tag?post=593"}],"curies":[{"name":"wp","href":"https:\/\/api.w.org\/{rel}","templated":true}]}}