{"id":595,"date":"2023-05-08T17:04:26","date_gmt":"2023-05-08T17:04:26","guid":{"rendered":"http:\/\/booksfrommexico.com\/product\/tradicion-oral-mitos-y-leyendas-de-tamaulipas\/"},"modified":"2024-07-25T23:48:12","modified_gmt":"2024-07-25T23:48:12","slug":"tradicion-oral-mitos-y-leyendas-de-tamaulipas","status":"publish","type":"product","link":"https:\/\/booksfrommexico.com\/es\/producto\/tradicion-oral-mitos-y-leyendas-de-tamaulipas\/","title":{"rendered":"Tradici\u00f3n oral, mitos y leyendas de Tamaulipas"},"content":{"rendered":"<p><span style=\"font-weight: 400;\">La tradici\u00f3n oral es una forma de herencia de la cultura, dando como resultado la literatura oral, que es la que se presenta aqu\u00ed. Los relatos que se incluyen en este t\u00edtulo son resultado de una serie de pr\u00e1cticas de campo realizadas por el estado de Tamaulipas, a trav\u00e9s de las cuales un grupo de investigadores se dio a la tarea de investigar, grabar y filmar los relatos de cada uno de los informantes contactados, verdaderos autores de estos relatos. De este proyecto hay en total 150 narraciones, recogidas de distintos lugares y municipios del estado de Tamaulipas, sin embargo aqu\u00ed se re\u00fanen las que van acorde al t\u00edtulo del libro: mitos y leyendas.<\/span><\/p>\n","protected":false},"excerpt":{"rendered":"<p>TRADICI\u00d3N ORAL, MITOS Y LEYENDAS DE TAMAULIPAS<span style=\"font-weight: 400;\">. \/ Isabel Contreras Islas. M\u00e9xico, D.F. : Universidad Iberoamericana ; Editorial Praxis, 2005. 105 pages ; 21 cm. ISBN : 9706822399. <\/span><\/p>\n","protected":false},"featured_media":594,"template":"","meta":{"_acf_changed":false,"inline_featured_image":false},"product_brand":[],"product_cat":[25,4061],"product_tag":[4124,3938,4223,4481],"class_list":{"0":"post-595","1":"product","2":"type-product","3":"status-publish","4":"has-post-thumbnail","6":"product_cat-literatura","7":"product_cat-relato","8":"product_tag-literatura-es","9":"product_tag-literatura-mexicana","10":"product_tag-mitos-y-leyendas","11":"product_tag-tradicion-y-costumbres","13":"first","14":"instock","15":"taxable","16":"shipping-taxable","17":"purchasable","18":"product-type-simple"},"acf":[],"yoast_head":"<!-- This site is optimized with the Yoast SEO plugin v27.3 - https:\/\/yoast.com\/product\/yoast-seo-wordpress\/ -->\n<title>Tradici\u00f3n oral, mitos y leyendas de Tamaulipas<\/title>\n<meta name=\"description\" content=\"TRADICI\u00d3N ORAL, MITOS Y LEYENDAS DE TAMAULIPAS. \/ Isabel Contreras Islas. M\u00e9xico, D.F. : Universidad Iberoamericana ; Editorial Praxis, 2005.\" \/>\n<meta name=\"robots\" content=\"index, follow, max-snippet:-1, max-image-preview:large, max-video-preview:-1\" \/>\n<link rel=\"canonical\" href=\"https:\/\/booksfrommexico.com\/es\/producto\/tradicion-oral-mitos-y-leyendas-de-tamaulipas\/\" \/>\n<meta property=\"og:locale\" content=\"es_ES\" \/>\n<meta property=\"og:type\" content=\"article\" \/>\n<meta property=\"og:title\" content=\"Tradici\u00f3n oral, mitos y leyendas de Tamaulipas\" \/>\n<meta property=\"og:description\" content=\"TRADICI\u00d3N ORAL, MITOS Y LEYENDAS DE TAMAULIPAS. \/ Isabel Contreras Islas. M\u00e9xico, D.F. : Universidad Iberoamericana ; Editorial Praxis, 2005.\" \/>\n<meta property=\"og:url\" content=\"https:\/\/booksfrommexico.com\/es\/producto\/tradicion-oral-mitos-y-leyendas-de-tamaulipas\/\" \/>\n<meta property=\"og:site_name\" content=\"Books From Mexico\" \/>\n<meta property=\"article:modified_time\" content=\"2024-07-25T23:48:12+00:00\" \/>\n<meta property=\"og:image\" content=\"http:\/\/booksfrommexico.com\/app\/uploads\/2023\/05\/129861.jpeg\" \/>\n\t<meta property=\"og:image:width\" content=\"393\" \/>\n\t<meta property=\"og:image:height\" content=\"605\" \/>\n\t<meta property=\"og:image:type\" content=\"image\/jpeg\" \/>\n<meta name=\"twitter:card\" content=\"summary_large_image\" \/>\n<meta name=\"twitter:label1\" content=\"Tiempo de lectura\" \/>\n\t<meta name=\"twitter:data1\" content=\"1 minuto\" \/>\n<script type=\"application\/ld+json\" class=\"yoast-schema-graph\">{\"@context\":\"https:\\\/\\\/schema.org\",\"@graph\":[{\"@type\":\"WebPage\",\"@id\":\"https:\\\/\\\/booksfrommexico.com\\\/es\\\/producto\\\/tradicion-oral-mitos-y-leyendas-de-tamaulipas\\\/\",\"url\":\"https:\\\/\\\/booksfrommexico.com\\\/es\\\/producto\\\/tradicion-oral-mitos-y-leyendas-de-tamaulipas\\\/\",\"name\":\"Tradici\u00f3n oral, mitos y leyendas de Tamaulipas\",\"isPartOf\":{\"@id\":\"https:\\\/\\\/booksfrommexico.com\\\/#website\"},\"primaryImageOfPage\":{\"@id\":\"https:\\\/\\\/booksfrommexico.com\\\/es\\\/producto\\\/tradicion-oral-mitos-y-leyendas-de-tamaulipas\\\/#primaryimage\"},\"image\":{\"@id\":\"https:\\\/\\\/booksfrommexico.com\\\/es\\\/producto\\\/tradicion-oral-mitos-y-leyendas-de-tamaulipas\\\/#primaryimage\"},\"thumbnailUrl\":\"https:\\\/\\\/booksfrommexico.com\\\/app\\\/uploads\\\/2023\\\/05\\\/129861.jpeg\",\"datePublished\":\"2023-05-08T17:04:26+00:00\",\"dateModified\":\"2024-07-25T23:48:12+00:00\",\"description\":\"TRADICI\u00d3N ORAL, MITOS Y LEYENDAS DE TAMAULIPAS. \\\/ Isabel Contreras Islas. M\u00e9xico, D.F. : Universidad Iberoamericana ; Editorial Praxis, 2005.\",\"breadcrumb\":{\"@id\":\"https:\\\/\\\/booksfrommexico.com\\\/es\\\/producto\\\/tradicion-oral-mitos-y-leyendas-de-tamaulipas\\\/#breadcrumb\"},\"inLanguage\":\"es\",\"potentialAction\":[{\"@type\":\"ReadAction\",\"target\":[\"https:\\\/\\\/booksfrommexico.com\\\/es\\\/producto\\\/tradicion-oral-mitos-y-leyendas-de-tamaulipas\\\/\"]}]},{\"@type\":\"ImageObject\",\"inLanguage\":\"es\",\"@id\":\"https:\\\/\\\/booksfrommexico.com\\\/es\\\/producto\\\/tradicion-oral-mitos-y-leyendas-de-tamaulipas\\\/#primaryimage\",\"url\":\"https:\\\/\\\/booksfrommexico.com\\\/app\\\/uploads\\\/2023\\\/05\\\/129861.jpeg\",\"contentUrl\":\"https:\\\/\\\/booksfrommexico.com\\\/app\\\/uploads\\\/2023\\\/05\\\/129861.jpeg\",\"width\":393,\"height\":605},{\"@type\":\"BreadcrumbList\",\"@id\":\"https:\\\/\\\/booksfrommexico.com\\\/es\\\/producto\\\/tradicion-oral-mitos-y-leyendas-de-tamaulipas\\\/#breadcrumb\",\"itemListElement\":[{\"@type\":\"ListItem\",\"position\":1,\"name\":\"Home\",\"item\":\"https:\\\/\\\/booksfrommexico.com\\\/es\\\/\"},{\"@type\":\"ListItem\",\"position\":2,\"name\":\"Libros\",\"item\":\"https:\\\/\\\/booksfrommexico.com\\\/es\\\/libros\\\/\"},{\"@type\":\"ListItem\",\"position\":3,\"name\":\"Tradici\u00f3n oral, mitos y leyendas de Tamaulipas\"}]},{\"@type\":\"WebSite\",\"@id\":\"https:\\\/\\\/booksfrommexico.com\\\/#website\",\"url\":\"https:\\\/\\\/booksfrommexico.com\\\/\",\"name\":\"Books From Mexico\",\"description\":\"\",\"publisher\":{\"@id\":\"https:\\\/\\\/booksfrommexico.com\\\/#organization\"},\"potentialAction\":[{\"@type\":\"SearchAction\",\"target\":{\"@type\":\"EntryPoint\",\"urlTemplate\":\"https:\\\/\\\/booksfrommexico.com\\\/?s={search_term_string}\"},\"query-input\":{\"@type\":\"PropertyValueSpecification\",\"valueRequired\":true,\"valueName\":\"search_term_string\"}}],\"inLanguage\":\"es\"},{\"@type\":\"Organization\",\"@id\":\"https:\\\/\\\/booksfrommexico.com\\\/#organization\",\"name\":\"Books From Mexico\",\"url\":\"https:\\\/\\\/booksfrommexico.com\\\/\",\"logo\":{\"@type\":\"ImageObject\",\"inLanguage\":\"es\",\"@id\":\"https:\\\/\\\/booksfrommexico.com\\\/#\\\/schema\\\/logo\\\/image\\\/\",\"url\":\"https:\\\/\\\/booksfrommexico.com\\\/app\\\/uploads\\\/2023\\\/05\\\/logo-booksfrommexico.svg\",\"contentUrl\":\"https:\\\/\\\/booksfrommexico.com\\\/app\\\/uploads\\\/2023\\\/05\\\/logo-booksfrommexico.svg\",\"width\":86,\"height\":56,\"caption\":\"Books From Mexico\"},\"image\":{\"@id\":\"https:\\\/\\\/booksfrommexico.com\\\/#\\\/schema\\\/logo\\\/image\\\/\"}}]}<\/script>\n<!-- \/ Yoast SEO plugin. -->","yoast_head_json":{"title":"Tradici\u00f3n oral, mitos y leyendas de Tamaulipas","description":"TRADICI\u00d3N ORAL, MITOS Y LEYENDAS DE TAMAULIPAS. \/ Isabel Contreras Islas. M\u00e9xico, D.F. : Universidad Iberoamericana ; Editorial Praxis, 2005.","robots":{"index":"index","follow":"follow","max-snippet":"max-snippet:-1","max-image-preview":"max-image-preview:large","max-video-preview":"max-video-preview:-1"},"canonical":"https:\/\/booksfrommexico.com\/es\/producto\/tradicion-oral-mitos-y-leyendas-de-tamaulipas\/","og_locale":"es_ES","og_type":"article","og_title":"Tradici\u00f3n oral, mitos y leyendas de Tamaulipas","og_description":"TRADICI\u00d3N ORAL, MITOS Y LEYENDAS DE TAMAULIPAS. \/ Isabel Contreras Islas. M\u00e9xico, D.F. : Universidad Iberoamericana ; Editorial Praxis, 2005.","og_url":"https:\/\/booksfrommexico.com\/es\/producto\/tradicion-oral-mitos-y-leyendas-de-tamaulipas\/","og_site_name":"Books From Mexico","article_modified_time":"2024-07-25T23:48:12+00:00","og_image":[{"width":393,"height":605,"url":"http:\/\/booksfrommexico.com\/app\/uploads\/2023\/05\/129861.jpeg","type":"image\/jpeg"}],"twitter_card":"summary_large_image","twitter_misc":{"Tiempo de lectura":"1 minuto"},"schema":{"@context":"https:\/\/schema.org","@graph":[{"@type":"WebPage","@id":"https:\/\/booksfrommexico.com\/es\/producto\/tradicion-oral-mitos-y-leyendas-de-tamaulipas\/","url":"https:\/\/booksfrommexico.com\/es\/producto\/tradicion-oral-mitos-y-leyendas-de-tamaulipas\/","name":"Tradici\u00f3n oral, mitos y leyendas de Tamaulipas","isPartOf":{"@id":"https:\/\/booksfrommexico.com\/#website"},"primaryImageOfPage":{"@id":"https:\/\/booksfrommexico.com\/es\/producto\/tradicion-oral-mitos-y-leyendas-de-tamaulipas\/#primaryimage"},"image":{"@id":"https:\/\/booksfrommexico.com\/es\/producto\/tradicion-oral-mitos-y-leyendas-de-tamaulipas\/#primaryimage"},"thumbnailUrl":"https:\/\/booksfrommexico.com\/app\/uploads\/2023\/05\/129861.jpeg","datePublished":"2023-05-08T17:04:26+00:00","dateModified":"2024-07-25T23:48:12+00:00","description":"TRADICI\u00d3N ORAL, MITOS Y LEYENDAS DE TAMAULIPAS. \/ Isabel Contreras Islas. M\u00e9xico, D.F. : Universidad Iberoamericana ; Editorial Praxis, 2005.","breadcrumb":{"@id":"https:\/\/booksfrommexico.com\/es\/producto\/tradicion-oral-mitos-y-leyendas-de-tamaulipas\/#breadcrumb"},"inLanguage":"es","potentialAction":[{"@type":"ReadAction","target":["https:\/\/booksfrommexico.com\/es\/producto\/tradicion-oral-mitos-y-leyendas-de-tamaulipas\/"]}]},{"@type":"ImageObject","inLanguage":"es","@id":"https:\/\/booksfrommexico.com\/es\/producto\/tradicion-oral-mitos-y-leyendas-de-tamaulipas\/#primaryimage","url":"https:\/\/booksfrommexico.com\/app\/uploads\/2023\/05\/129861.jpeg","contentUrl":"https:\/\/booksfrommexico.com\/app\/uploads\/2023\/05\/129861.jpeg","width":393,"height":605},{"@type":"BreadcrumbList","@id":"https:\/\/booksfrommexico.com\/es\/producto\/tradicion-oral-mitos-y-leyendas-de-tamaulipas\/#breadcrumb","itemListElement":[{"@type":"ListItem","position":1,"name":"Home","item":"https:\/\/booksfrommexico.com\/es\/"},{"@type":"ListItem","position":2,"name":"Libros","item":"https:\/\/booksfrommexico.com\/es\/libros\/"},{"@type":"ListItem","position":3,"name":"Tradici\u00f3n oral, mitos y leyendas de Tamaulipas"}]},{"@type":"WebSite","@id":"https:\/\/booksfrommexico.com\/#website","url":"https:\/\/booksfrommexico.com\/","name":"Books From Mexico","description":"","publisher":{"@id":"https:\/\/booksfrommexico.com\/#organization"},"potentialAction":[{"@type":"SearchAction","target":{"@type":"EntryPoint","urlTemplate":"https:\/\/booksfrommexico.com\/?s={search_term_string}"},"query-input":{"@type":"PropertyValueSpecification","valueRequired":true,"valueName":"search_term_string"}}],"inLanguage":"es"},{"@type":"Organization","@id":"https:\/\/booksfrommexico.com\/#organization","name":"Books From Mexico","url":"https:\/\/booksfrommexico.com\/","logo":{"@type":"ImageObject","inLanguage":"es","@id":"https:\/\/booksfrommexico.com\/#\/schema\/logo\/image\/","url":"https:\/\/booksfrommexico.com\/app\/uploads\/2023\/05\/logo-booksfrommexico.svg","contentUrl":"https:\/\/booksfrommexico.com\/app\/uploads\/2023\/05\/logo-booksfrommexico.svg","width":86,"height":56,"caption":"Books From Mexico"},"image":{"@id":"https:\/\/booksfrommexico.com\/#\/schema\/logo\/image\/"}}]}},"_links":{"self":[{"href":"https:\/\/booksfrommexico.com\/es\/wp-json\/wp\/v2\/product\/595","targetHints":{"allow":["GET"]}}],"collection":[{"href":"https:\/\/booksfrommexico.com\/es\/wp-json\/wp\/v2\/product"}],"about":[{"href":"https:\/\/booksfrommexico.com\/es\/wp-json\/wp\/v2\/types\/product"}],"wp:featuredmedia":[{"embeddable":true,"href":"https:\/\/booksfrommexico.com\/es\/wp-json\/wp\/v2\/media\/594"}],"wp:attachment":[{"href":"https:\/\/booksfrommexico.com\/es\/wp-json\/wp\/v2\/media?parent=595"}],"wp:term":[{"taxonomy":"product_brand","embeddable":true,"href":"https:\/\/booksfrommexico.com\/es\/wp-json\/wp\/v2\/product_brand?post=595"},{"taxonomy":"product_cat","embeddable":true,"href":"https:\/\/booksfrommexico.com\/es\/wp-json\/wp\/v2\/product_cat?post=595"},{"taxonomy":"product_tag","embeddable":true,"href":"https:\/\/booksfrommexico.com\/es\/wp-json\/wp\/v2\/product_tag?post=595"}],"curies":[{"name":"wp","href":"https:\/\/api.w.org\/{rel}","templated":true}]}}