{"id":597,"date":"2023-05-08T17:04:27","date_gmt":"2023-05-08T17:04:27","guid":{"rendered":"http:\/\/booksfrommexico.com\/product\/el-romantico-amigo-de-la-imparcialidad-preludios-de-vida-literaria-en-francisco-medina-1896-1900\/"},"modified":"2024-07-30T23:50:25","modified_gmt":"2024-07-30T23:50:25","slug":"el-romantico-amigo-de-la-imparcialidad-preludios-de-vida-literaria-en-francisco-medina-1896-1900","status":"publish","type":"product","link":"https:\/\/booksfrommexico.com\/es\/producto\/el-romantico-amigo-de-la-imparcialidad-preludios-de-vida-literaria-en-francisco-medina-1896-1900\/","title":{"rendered":"El rom\u00e1ntico amigo de la imparcialidad: Preludios de vida literaria en Francisco Medina (1896-1900)"},"content":{"rendered":"<p><span style=\"font-weight: 400;\">Francisco Medina fue un escritor sinaloense rom\u00e1ntico en la efervescencia modernista, un prematuro anarquista, un revolucionario humanista y, considerado por algunos, un poeta adelantado a su tiempo. El autor de este t\u00edtulo considera que la obra de Medina debe ser conocida por los estudiosos de la cultura sinaloense por muchas razones: empez\u00f3 a crearla desde muy joven, es muy variada y extensa, tiene calidad y es muy original en cuanto a que propone transmitir im\u00e1genes solamente creadas por \u00e9l. Aqu\u00ed se re\u00fane una serie de poemas recopilados desde revistas, antolog\u00edas y publicaciones\u00a0 propias, los cuales son comentados por el autor que, a su vez, invita al lector a adentrarse m\u00e1s en la poes\u00eda de Medina.<\/span><\/p>\n","protected":false},"excerpt":{"rendered":"<p>EL ROM\u00c1NTICO AMIGO DE LA IMPARCIALIDAD : PRELUDIOS DE VIDA LITERARIA EN FRANCISCO MEDINA (1896-1900)<span style=\"font-weight: 400;\">. \/ Agust\u00edn Vel\u00e1zquez Soto. Sinaloa, M\u00e9xico : Gobierno del Estado de Sinaloa , Direcci\u00f3n de Investigaci\u00f3n y Fomento de la Cultura Regional, 2005. 280 pages : includes references, bibliographic notes ; 21 cm. ISBN : 9685442363. <\/span><\/p>\n","protected":false},"featured_media":596,"template":"","meta":{"_acf_changed":false,"inline_featured_image":false},"product_brand":[],"product_cat":[4393,25],"product_tag":[3630,3707,4124,4115],"class_list":{"0":"post-597","1":"product","2":"type-product","3":"status-publish","4":"has-post-thumbnail","6":"product_cat-analisis-literario","7":"product_cat-literatura","8":"product_tag-biografia","9":"product_tag-critica-e-interpretacion","10":"product_tag-literatura-es","11":"product_tag-poesia-es","13":"first","14":"instock","15":"taxable","16":"shipping-taxable","17":"purchasable","18":"product-type-simple"},"acf":[],"yoast_head":"<!-- This site is optimized with the Yoast SEO plugin v27.3 - https:\/\/yoast.com\/product\/yoast-seo-wordpress\/ -->\n<title>El rom\u00e1ntico amigo de la imparcialidad: Preludios de vida literaria...<\/title>\n<meta name=\"description\" content=\"EL ROM\u00c1NTICO AMIGO DE LA IMPARCIALIDAD : PRELUDIOS DE VIDA LITERARIA EN FRANCISCO MEDINA (1896-1900). \/ Agust\u00edn Vel\u00e1zquez Soto. 2005.\" \/>\n<meta name=\"robots\" content=\"index, follow, max-snippet:-1, max-image-preview:large, max-video-preview:-1\" \/>\n<link rel=\"canonical\" href=\"https:\/\/booksfrommexico.com\/es\/producto\/el-romantico-amigo-de-la-imparcialidad-preludios-de-vida-literaria-en-francisco-medina-1896-1900\/\" \/>\n<meta property=\"og:locale\" content=\"es_ES\" \/>\n<meta property=\"og:type\" content=\"article\" \/>\n<meta property=\"og:title\" content=\"El rom\u00e1ntico amigo de la imparcialidad: Preludios de vida literaria...\" \/>\n<meta property=\"og:description\" content=\"EL ROM\u00c1NTICO AMIGO DE LA IMPARCIALIDAD : PRELUDIOS DE VIDA LITERARIA EN FRANCISCO MEDINA (1896-1900). \/ Agust\u00edn Vel\u00e1zquez Soto. 2005.\" \/>\n<meta property=\"og:url\" content=\"https:\/\/booksfrommexico.com\/es\/producto\/el-romantico-amigo-de-la-imparcialidad-preludios-de-vida-literaria-en-francisco-medina-1896-1900\/\" \/>\n<meta property=\"og:site_name\" content=\"Books From Mexico\" \/>\n<meta property=\"article:modified_time\" content=\"2024-07-30T23:50:25+00:00\" \/>\n<meta property=\"og:image\" content=\"http:\/\/booksfrommexico.com\/app\/uploads\/2023\/05\/129532.jpeg\" \/>\n\t<meta property=\"og:image:width\" content=\"384\" \/>\n\t<meta property=\"og:image:height\" content=\"596\" \/>\n\t<meta property=\"og:image:type\" content=\"image\/jpeg\" \/>\n<meta name=\"twitter:card\" content=\"summary_large_image\" \/>\n<meta name=\"twitter:label1\" content=\"Tiempo de lectura\" \/>\n\t<meta name=\"twitter:data1\" content=\"1 minuto\" \/>\n<script type=\"application\/ld+json\" class=\"yoast-schema-graph\">{\"@context\":\"https:\\\/\\\/schema.org\",\"@graph\":[{\"@type\":\"WebPage\",\"@id\":\"https:\\\/\\\/booksfrommexico.com\\\/es\\\/producto\\\/el-romantico-amigo-de-la-imparcialidad-preludios-de-vida-literaria-en-francisco-medina-1896-1900\\\/\",\"url\":\"https:\\\/\\\/booksfrommexico.com\\\/es\\\/producto\\\/el-romantico-amigo-de-la-imparcialidad-preludios-de-vida-literaria-en-francisco-medina-1896-1900\\\/\",\"name\":\"El rom\u00e1ntico amigo de la imparcialidad: Preludios de vida literaria...\",\"isPartOf\":{\"@id\":\"https:\\\/\\\/booksfrommexico.com\\\/#website\"},\"primaryImageOfPage\":{\"@id\":\"https:\\\/\\\/booksfrommexico.com\\\/es\\\/producto\\\/el-romantico-amigo-de-la-imparcialidad-preludios-de-vida-literaria-en-francisco-medina-1896-1900\\\/#primaryimage\"},\"image\":{\"@id\":\"https:\\\/\\\/booksfrommexico.com\\\/es\\\/producto\\\/el-romantico-amigo-de-la-imparcialidad-preludios-de-vida-literaria-en-francisco-medina-1896-1900\\\/#primaryimage\"},\"thumbnailUrl\":\"https:\\\/\\\/booksfrommexico.com\\\/app\\\/uploads\\\/2023\\\/05\\\/129532.jpeg\",\"datePublished\":\"2023-05-08T17:04:27+00:00\",\"dateModified\":\"2024-07-30T23:50:25+00:00\",\"description\":\"EL ROM\u00c1NTICO AMIGO DE LA IMPARCIALIDAD : PRELUDIOS DE VIDA LITERARIA EN FRANCISCO MEDINA (1896-1900). \\\/ Agust\u00edn Vel\u00e1zquez Soto. 2005.\",\"breadcrumb\":{\"@id\":\"https:\\\/\\\/booksfrommexico.com\\\/es\\\/producto\\\/el-romantico-amigo-de-la-imparcialidad-preludios-de-vida-literaria-en-francisco-medina-1896-1900\\\/#breadcrumb\"},\"inLanguage\":\"es\",\"potentialAction\":[{\"@type\":\"ReadAction\",\"target\":[\"https:\\\/\\\/booksfrommexico.com\\\/es\\\/producto\\\/el-romantico-amigo-de-la-imparcialidad-preludios-de-vida-literaria-en-francisco-medina-1896-1900\\\/\"]}]},{\"@type\":\"ImageObject\",\"inLanguage\":\"es\",\"@id\":\"https:\\\/\\\/booksfrommexico.com\\\/es\\\/producto\\\/el-romantico-amigo-de-la-imparcialidad-preludios-de-vida-literaria-en-francisco-medina-1896-1900\\\/#primaryimage\",\"url\":\"https:\\\/\\\/booksfrommexico.com\\\/app\\\/uploads\\\/2023\\\/05\\\/129532.jpeg\",\"contentUrl\":\"https:\\\/\\\/booksfrommexico.com\\\/app\\\/uploads\\\/2023\\\/05\\\/129532.jpeg\",\"width\":384,\"height\":596},{\"@type\":\"BreadcrumbList\",\"@id\":\"https:\\\/\\\/booksfrommexico.com\\\/es\\\/producto\\\/el-romantico-amigo-de-la-imparcialidad-preludios-de-vida-literaria-en-francisco-medina-1896-1900\\\/#breadcrumb\",\"itemListElement\":[{\"@type\":\"ListItem\",\"position\":1,\"name\":\"Home\",\"item\":\"https:\\\/\\\/booksfrommexico.com\\\/es\\\/\"},{\"@type\":\"ListItem\",\"position\":2,\"name\":\"Libros\",\"item\":\"https:\\\/\\\/booksfrommexico.com\\\/es\\\/libros\\\/\"},{\"@type\":\"ListItem\",\"position\":3,\"name\":\"El rom\u00e1ntico amigo de la imparcialidad: Preludios de vida literaria en Francisco Medina (1896-1900)\"}]},{\"@type\":\"WebSite\",\"@id\":\"https:\\\/\\\/booksfrommexico.com\\\/#website\",\"url\":\"https:\\\/\\\/booksfrommexico.com\\\/\",\"name\":\"Books From Mexico\",\"description\":\"\",\"publisher\":{\"@id\":\"https:\\\/\\\/booksfrommexico.com\\\/#organization\"},\"potentialAction\":[{\"@type\":\"SearchAction\",\"target\":{\"@type\":\"EntryPoint\",\"urlTemplate\":\"https:\\\/\\\/booksfrommexico.com\\\/?s={search_term_string}\"},\"query-input\":{\"@type\":\"PropertyValueSpecification\",\"valueRequired\":true,\"valueName\":\"search_term_string\"}}],\"inLanguage\":\"es\"},{\"@type\":\"Organization\",\"@id\":\"https:\\\/\\\/booksfrommexico.com\\\/#organization\",\"name\":\"Books From Mexico\",\"url\":\"https:\\\/\\\/booksfrommexico.com\\\/\",\"logo\":{\"@type\":\"ImageObject\",\"inLanguage\":\"es\",\"@id\":\"https:\\\/\\\/booksfrommexico.com\\\/#\\\/schema\\\/logo\\\/image\\\/\",\"url\":\"https:\\\/\\\/booksfrommexico.com\\\/app\\\/uploads\\\/2023\\\/05\\\/logo-booksfrommexico.svg\",\"contentUrl\":\"https:\\\/\\\/booksfrommexico.com\\\/app\\\/uploads\\\/2023\\\/05\\\/logo-booksfrommexico.svg\",\"width\":86,\"height\":56,\"caption\":\"Books From Mexico\"},\"image\":{\"@id\":\"https:\\\/\\\/booksfrommexico.com\\\/#\\\/schema\\\/logo\\\/image\\\/\"}}]}<\/script>\n<!-- \/ Yoast SEO plugin. -->","yoast_head_json":{"title":"El rom\u00e1ntico amigo de la imparcialidad: Preludios de vida literaria...","description":"EL ROM\u00c1NTICO AMIGO DE LA IMPARCIALIDAD : PRELUDIOS DE VIDA LITERARIA EN FRANCISCO MEDINA (1896-1900). \/ Agust\u00edn Vel\u00e1zquez Soto. 2005.","robots":{"index":"index","follow":"follow","max-snippet":"max-snippet:-1","max-image-preview":"max-image-preview:large","max-video-preview":"max-video-preview:-1"},"canonical":"https:\/\/booksfrommexico.com\/es\/producto\/el-romantico-amigo-de-la-imparcialidad-preludios-de-vida-literaria-en-francisco-medina-1896-1900\/","og_locale":"es_ES","og_type":"article","og_title":"El rom\u00e1ntico amigo de la imparcialidad: Preludios de vida literaria...","og_description":"EL ROM\u00c1NTICO AMIGO DE LA IMPARCIALIDAD : PRELUDIOS DE VIDA LITERARIA EN FRANCISCO MEDINA (1896-1900). \/ Agust\u00edn Vel\u00e1zquez Soto. 2005.","og_url":"https:\/\/booksfrommexico.com\/es\/producto\/el-romantico-amigo-de-la-imparcialidad-preludios-de-vida-literaria-en-francisco-medina-1896-1900\/","og_site_name":"Books From Mexico","article_modified_time":"2024-07-30T23:50:25+00:00","og_image":[{"width":384,"height":596,"url":"http:\/\/booksfrommexico.com\/app\/uploads\/2023\/05\/129532.jpeg","type":"image\/jpeg"}],"twitter_card":"summary_large_image","twitter_misc":{"Tiempo de lectura":"1 minuto"},"schema":{"@context":"https:\/\/schema.org","@graph":[{"@type":"WebPage","@id":"https:\/\/booksfrommexico.com\/es\/producto\/el-romantico-amigo-de-la-imparcialidad-preludios-de-vida-literaria-en-francisco-medina-1896-1900\/","url":"https:\/\/booksfrommexico.com\/es\/producto\/el-romantico-amigo-de-la-imparcialidad-preludios-de-vida-literaria-en-francisco-medina-1896-1900\/","name":"El rom\u00e1ntico amigo de la imparcialidad: Preludios de vida literaria...","isPartOf":{"@id":"https:\/\/booksfrommexico.com\/#website"},"primaryImageOfPage":{"@id":"https:\/\/booksfrommexico.com\/es\/producto\/el-romantico-amigo-de-la-imparcialidad-preludios-de-vida-literaria-en-francisco-medina-1896-1900\/#primaryimage"},"image":{"@id":"https:\/\/booksfrommexico.com\/es\/producto\/el-romantico-amigo-de-la-imparcialidad-preludios-de-vida-literaria-en-francisco-medina-1896-1900\/#primaryimage"},"thumbnailUrl":"https:\/\/booksfrommexico.com\/app\/uploads\/2023\/05\/129532.jpeg","datePublished":"2023-05-08T17:04:27+00:00","dateModified":"2024-07-30T23:50:25+00:00","description":"EL ROM\u00c1NTICO AMIGO DE LA IMPARCIALIDAD : PRELUDIOS DE VIDA LITERARIA EN FRANCISCO MEDINA (1896-1900). \/ Agust\u00edn Vel\u00e1zquez Soto. 2005.","breadcrumb":{"@id":"https:\/\/booksfrommexico.com\/es\/producto\/el-romantico-amigo-de-la-imparcialidad-preludios-de-vida-literaria-en-francisco-medina-1896-1900\/#breadcrumb"},"inLanguage":"es","potentialAction":[{"@type":"ReadAction","target":["https:\/\/booksfrommexico.com\/es\/producto\/el-romantico-amigo-de-la-imparcialidad-preludios-de-vida-literaria-en-francisco-medina-1896-1900\/"]}]},{"@type":"ImageObject","inLanguage":"es","@id":"https:\/\/booksfrommexico.com\/es\/producto\/el-romantico-amigo-de-la-imparcialidad-preludios-de-vida-literaria-en-francisco-medina-1896-1900\/#primaryimage","url":"https:\/\/booksfrommexico.com\/app\/uploads\/2023\/05\/129532.jpeg","contentUrl":"https:\/\/booksfrommexico.com\/app\/uploads\/2023\/05\/129532.jpeg","width":384,"height":596},{"@type":"BreadcrumbList","@id":"https:\/\/booksfrommexico.com\/es\/producto\/el-romantico-amigo-de-la-imparcialidad-preludios-de-vida-literaria-en-francisco-medina-1896-1900\/#breadcrumb","itemListElement":[{"@type":"ListItem","position":1,"name":"Home","item":"https:\/\/booksfrommexico.com\/es\/"},{"@type":"ListItem","position":2,"name":"Libros","item":"https:\/\/booksfrommexico.com\/es\/libros\/"},{"@type":"ListItem","position":3,"name":"El rom\u00e1ntico amigo de la imparcialidad: Preludios de vida literaria en Francisco Medina (1896-1900)"}]},{"@type":"WebSite","@id":"https:\/\/booksfrommexico.com\/#website","url":"https:\/\/booksfrommexico.com\/","name":"Books From Mexico","description":"","publisher":{"@id":"https:\/\/booksfrommexico.com\/#organization"},"potentialAction":[{"@type":"SearchAction","target":{"@type":"EntryPoint","urlTemplate":"https:\/\/booksfrommexico.com\/?s={search_term_string}"},"query-input":{"@type":"PropertyValueSpecification","valueRequired":true,"valueName":"search_term_string"}}],"inLanguage":"es"},{"@type":"Organization","@id":"https:\/\/booksfrommexico.com\/#organization","name":"Books From Mexico","url":"https:\/\/booksfrommexico.com\/","logo":{"@type":"ImageObject","inLanguage":"es","@id":"https:\/\/booksfrommexico.com\/#\/schema\/logo\/image\/","url":"https:\/\/booksfrommexico.com\/app\/uploads\/2023\/05\/logo-booksfrommexico.svg","contentUrl":"https:\/\/booksfrommexico.com\/app\/uploads\/2023\/05\/logo-booksfrommexico.svg","width":86,"height":56,"caption":"Books From Mexico"},"image":{"@id":"https:\/\/booksfrommexico.com\/#\/schema\/logo\/image\/"}}]}},"_links":{"self":[{"href":"https:\/\/booksfrommexico.com\/es\/wp-json\/wp\/v2\/product\/597","targetHints":{"allow":["GET"]}}],"collection":[{"href":"https:\/\/booksfrommexico.com\/es\/wp-json\/wp\/v2\/product"}],"about":[{"href":"https:\/\/booksfrommexico.com\/es\/wp-json\/wp\/v2\/types\/product"}],"wp:featuredmedia":[{"embeddable":true,"href":"https:\/\/booksfrommexico.com\/es\/wp-json\/wp\/v2\/media\/596"}],"wp:attachment":[{"href":"https:\/\/booksfrommexico.com\/es\/wp-json\/wp\/v2\/media?parent=597"}],"wp:term":[{"taxonomy":"product_brand","embeddable":true,"href":"https:\/\/booksfrommexico.com\/es\/wp-json\/wp\/v2\/product_brand?post=597"},{"taxonomy":"product_cat","embeddable":true,"href":"https:\/\/booksfrommexico.com\/es\/wp-json\/wp\/v2\/product_cat?post=597"},{"taxonomy":"product_tag","embeddable":true,"href":"https:\/\/booksfrommexico.com\/es\/wp-json\/wp\/v2\/product_tag?post=597"}],"curies":[{"name":"wp","href":"https:\/\/api.w.org\/{rel}","templated":true}]}}