{"id":5974,"date":"2024-04-29T23:47:14","date_gmt":"2024-04-29T23:47:14","guid":{"rendered":"https:\/\/booksfrommexico.com\/product\/la-edad-de-hierro\/"},"modified":"2024-05-03T19:33:28","modified_gmt":"2024-05-03T19:33:28","slug":"la-edad-de-hierro","status":"publish","type":"product","link":"https:\/\/booksfrommexico.com\/es\/producto\/la-edad-de-hierro\/","title":{"rendered":"La edad de hierro"},"content":{"rendered":"<p><span style=\"font-weight: 400;\">Victoria Mar\u00edn Fallas es fil\u00f3loga graduada de la Universidad de Costa Rica y estudiante de la maestr\u00eda en Literatura Cl\u00e1sica en la misma casa de estudios. Todos estos estudios e intereses se ven reflejados en su poes\u00eda, la cual ha sido publicada en poemarios, antolog\u00edas y revistas, tanto digitales como f\u00edsicas. A lo largo de los 33 poemas contenidos en este t\u00edtulo, la autora, a trav\u00e9s de simbolog\u00edas personales, hace un repaso por las mujeres de la mitolog\u00eda griega, para retratarlas con la misma importancia que tienen las mujeres de la vida cotidiana. Estos versos est\u00e1n dedicados a lo femenino, a las mujeres\u00a0 y\u00a0 al lugar que se han hecho a lo largo de la historia.<\/span><\/p>\n","protected":false},"excerpt":{"rendered":"<p>LA EDAD DE HIERRO<span style=\"font-weight: 400;\">. \/ Victoria Mar\u00edn Fallas. Chihuahua, M\u00e9xico : Medusa Editores, 2022. 81 pages : includes illustrations, bibliography ; 24 cm. (Colecci\u00f3n Luna de mar. Poes\u00eda). ISBN : 9786075931609.<\/span><\/p>\n","protected":false},"featured_media":6090,"template":"","meta":{"_acf_changed":false,"inline_featured_image":false},"product_brand":[],"product_cat":[25,32],"product_tag":[4101,4225,4115],"class_list":{"0":"post-5974","1":"product","2":"type-product","3":"status-publish","4":"has-post-thumbnail","6":"product_cat-literatura","7":"product_cat-poesia-literatura","8":"product_tag-mujeres-es","9":"product_tag-mujeres-literatura","10":"product_tag-poesia-es","12":"first","13":"instock","14":"taxable","15":"shipping-taxable","16":"purchasable","17":"product-type-simple"},"acf":[],"yoast_head":"<!-- This site is optimized with the Yoast SEO plugin v27.3 - https:\/\/yoast.com\/product\/yoast-seo-wordpress\/ -->\n<title>La edad de hierro - Books From Mexico<\/title>\n<meta name=\"description\" content=\"LA EDAD DE HIERRO. \/ Victoria Mar\u00edn Fallas. Chihuahua, M\u00e9xico : Medusa Editores, 2022. (Colecci\u00f3n Luna de mar. Poes\u00eda). ISBN : 9786075931609.\" \/>\n<meta name=\"robots\" content=\"index, follow, max-snippet:-1, max-image-preview:large, max-video-preview:-1\" \/>\n<link rel=\"canonical\" href=\"https:\/\/booksfrommexico.com\/es\/producto\/la-edad-de-hierro\/\" \/>\n<meta property=\"og:locale\" content=\"es_ES\" \/>\n<meta property=\"og:type\" content=\"article\" \/>\n<meta property=\"og:title\" content=\"La edad de hierro - Books From Mexico\" \/>\n<meta property=\"og:description\" content=\"LA EDAD DE HIERRO. \/ Victoria Mar\u00edn Fallas. Chihuahua, M\u00e9xico : Medusa Editores, 2022. (Colecci\u00f3n Luna de mar. Poes\u00eda). ISBN : 9786075931609.\" \/>\n<meta property=\"og:url\" content=\"https:\/\/booksfrommexico.com\/es\/producto\/la-edad-de-hierro\/\" \/>\n<meta property=\"og:site_name\" content=\"Books From Mexico\" \/>\n<meta property=\"article:modified_time\" content=\"2024-05-03T19:33:28+00:00\" \/>\n<meta property=\"og:image\" content=\"http:\/\/booksfrommexico.com\/app\/uploads\/2024\/04\/201045.jpeg\" \/>\n\t<meta property=\"og:image:width\" content=\"374\" \/>\n\t<meta property=\"og:image:height\" content=\"582\" \/>\n\t<meta property=\"og:image:type\" content=\"image\/jpeg\" \/>\n<meta name=\"twitter:card\" content=\"summary_large_image\" \/>\n<meta name=\"twitter:label1\" content=\"Tiempo de lectura\" \/>\n\t<meta name=\"twitter:data1\" content=\"1 minuto\" \/>\n<script type=\"application\/ld+json\" class=\"yoast-schema-graph\">{\"@context\":\"https:\\\/\\\/schema.org\",\"@graph\":[{\"@type\":\"WebPage\",\"@id\":\"https:\\\/\\\/booksfrommexico.com\\\/es\\\/producto\\\/la-edad-de-hierro\\\/\",\"url\":\"https:\\\/\\\/booksfrommexico.com\\\/es\\\/producto\\\/la-edad-de-hierro\\\/\",\"name\":\"La edad de hierro - Books From Mexico\",\"isPartOf\":{\"@id\":\"https:\\\/\\\/booksfrommexico.com\\\/#website\"},\"primaryImageOfPage\":{\"@id\":\"https:\\\/\\\/booksfrommexico.com\\\/es\\\/producto\\\/la-edad-de-hierro\\\/#primaryimage\"},\"image\":{\"@id\":\"https:\\\/\\\/booksfrommexico.com\\\/es\\\/producto\\\/la-edad-de-hierro\\\/#primaryimage\"},\"thumbnailUrl\":\"https:\\\/\\\/booksfrommexico.com\\\/app\\\/uploads\\\/2024\\\/04\\\/201045.jpeg\",\"datePublished\":\"2024-04-29T23:47:14+00:00\",\"dateModified\":\"2024-05-03T19:33:28+00:00\",\"description\":\"LA EDAD DE HIERRO. \\\/ Victoria Mar\u00edn Fallas. Chihuahua, M\u00e9xico : Medusa Editores, 2022. (Colecci\u00f3n Luna de mar. Poes\u00eda). ISBN : 9786075931609.\",\"breadcrumb\":{\"@id\":\"https:\\\/\\\/booksfrommexico.com\\\/es\\\/producto\\\/la-edad-de-hierro\\\/#breadcrumb\"},\"inLanguage\":\"es\",\"potentialAction\":[{\"@type\":\"ReadAction\",\"target\":[\"https:\\\/\\\/booksfrommexico.com\\\/es\\\/producto\\\/la-edad-de-hierro\\\/\"]}]},{\"@type\":\"ImageObject\",\"inLanguage\":\"es\",\"@id\":\"https:\\\/\\\/booksfrommexico.com\\\/es\\\/producto\\\/la-edad-de-hierro\\\/#primaryimage\",\"url\":\"https:\\\/\\\/booksfrommexico.com\\\/app\\\/uploads\\\/2024\\\/04\\\/201045.jpeg\",\"contentUrl\":\"https:\\\/\\\/booksfrommexico.com\\\/app\\\/uploads\\\/2024\\\/04\\\/201045.jpeg\",\"width\":374,\"height\":582,\"caption\":\"La edad de hierro\"},{\"@type\":\"BreadcrumbList\",\"@id\":\"https:\\\/\\\/booksfrommexico.com\\\/es\\\/producto\\\/la-edad-de-hierro\\\/#breadcrumb\",\"itemListElement\":[{\"@type\":\"ListItem\",\"position\":1,\"name\":\"Home\",\"item\":\"https:\\\/\\\/booksfrommexico.com\\\/es\\\/\"},{\"@type\":\"ListItem\",\"position\":2,\"name\":\"Libros\",\"item\":\"https:\\\/\\\/booksfrommexico.com\\\/es\\\/libros\\\/\"},{\"@type\":\"ListItem\",\"position\":3,\"name\":\"La edad de hierro\"}]},{\"@type\":\"WebSite\",\"@id\":\"https:\\\/\\\/booksfrommexico.com\\\/#website\",\"url\":\"https:\\\/\\\/booksfrommexico.com\\\/\",\"name\":\"Books From Mexico\",\"description\":\"\",\"publisher\":{\"@id\":\"https:\\\/\\\/booksfrommexico.com\\\/#organization\"},\"potentialAction\":[{\"@type\":\"SearchAction\",\"target\":{\"@type\":\"EntryPoint\",\"urlTemplate\":\"https:\\\/\\\/booksfrommexico.com\\\/?s={search_term_string}\"},\"query-input\":{\"@type\":\"PropertyValueSpecification\",\"valueRequired\":true,\"valueName\":\"search_term_string\"}}],\"inLanguage\":\"es\"},{\"@type\":\"Organization\",\"@id\":\"https:\\\/\\\/booksfrommexico.com\\\/#organization\",\"name\":\"Books From Mexico\",\"url\":\"https:\\\/\\\/booksfrommexico.com\\\/\",\"logo\":{\"@type\":\"ImageObject\",\"inLanguage\":\"es\",\"@id\":\"https:\\\/\\\/booksfrommexico.com\\\/#\\\/schema\\\/logo\\\/image\\\/\",\"url\":\"https:\\\/\\\/booksfrommexico.com\\\/app\\\/uploads\\\/2023\\\/05\\\/logo-booksfrommexico.svg\",\"contentUrl\":\"https:\\\/\\\/booksfrommexico.com\\\/app\\\/uploads\\\/2023\\\/05\\\/logo-booksfrommexico.svg\",\"width\":86,\"height\":56,\"caption\":\"Books From Mexico\"},\"image\":{\"@id\":\"https:\\\/\\\/booksfrommexico.com\\\/#\\\/schema\\\/logo\\\/image\\\/\"}}]}<\/script>\n<!-- \/ Yoast SEO plugin. -->","yoast_head_json":{"title":"La edad de hierro - Books From Mexico","description":"LA EDAD DE HIERRO. \/ Victoria Mar\u00edn Fallas. Chihuahua, M\u00e9xico : Medusa Editores, 2022. (Colecci\u00f3n Luna de mar. Poes\u00eda). ISBN : 9786075931609.","robots":{"index":"index","follow":"follow","max-snippet":"max-snippet:-1","max-image-preview":"max-image-preview:large","max-video-preview":"max-video-preview:-1"},"canonical":"https:\/\/booksfrommexico.com\/es\/producto\/la-edad-de-hierro\/","og_locale":"es_ES","og_type":"article","og_title":"La edad de hierro - Books From Mexico","og_description":"LA EDAD DE HIERRO. \/ Victoria Mar\u00edn Fallas. Chihuahua, M\u00e9xico : Medusa Editores, 2022. (Colecci\u00f3n Luna de mar. Poes\u00eda). ISBN : 9786075931609.","og_url":"https:\/\/booksfrommexico.com\/es\/producto\/la-edad-de-hierro\/","og_site_name":"Books From Mexico","article_modified_time":"2024-05-03T19:33:28+00:00","og_image":[{"width":374,"height":582,"url":"http:\/\/booksfrommexico.com\/app\/uploads\/2024\/04\/201045.jpeg","type":"image\/jpeg"}],"twitter_card":"summary_large_image","twitter_misc":{"Tiempo de lectura":"1 minuto"},"schema":{"@context":"https:\/\/schema.org","@graph":[{"@type":"WebPage","@id":"https:\/\/booksfrommexico.com\/es\/producto\/la-edad-de-hierro\/","url":"https:\/\/booksfrommexico.com\/es\/producto\/la-edad-de-hierro\/","name":"La edad de hierro - Books From Mexico","isPartOf":{"@id":"https:\/\/booksfrommexico.com\/#website"},"primaryImageOfPage":{"@id":"https:\/\/booksfrommexico.com\/es\/producto\/la-edad-de-hierro\/#primaryimage"},"image":{"@id":"https:\/\/booksfrommexico.com\/es\/producto\/la-edad-de-hierro\/#primaryimage"},"thumbnailUrl":"https:\/\/booksfrommexico.com\/app\/uploads\/2024\/04\/201045.jpeg","datePublished":"2024-04-29T23:47:14+00:00","dateModified":"2024-05-03T19:33:28+00:00","description":"LA EDAD DE HIERRO. \/ Victoria Mar\u00edn Fallas. Chihuahua, M\u00e9xico : Medusa Editores, 2022. (Colecci\u00f3n Luna de mar. Poes\u00eda). ISBN : 9786075931609.","breadcrumb":{"@id":"https:\/\/booksfrommexico.com\/es\/producto\/la-edad-de-hierro\/#breadcrumb"},"inLanguage":"es","potentialAction":[{"@type":"ReadAction","target":["https:\/\/booksfrommexico.com\/es\/producto\/la-edad-de-hierro\/"]}]},{"@type":"ImageObject","inLanguage":"es","@id":"https:\/\/booksfrommexico.com\/es\/producto\/la-edad-de-hierro\/#primaryimage","url":"https:\/\/booksfrommexico.com\/app\/uploads\/2024\/04\/201045.jpeg","contentUrl":"https:\/\/booksfrommexico.com\/app\/uploads\/2024\/04\/201045.jpeg","width":374,"height":582,"caption":"La edad de hierro"},{"@type":"BreadcrumbList","@id":"https:\/\/booksfrommexico.com\/es\/producto\/la-edad-de-hierro\/#breadcrumb","itemListElement":[{"@type":"ListItem","position":1,"name":"Home","item":"https:\/\/booksfrommexico.com\/es\/"},{"@type":"ListItem","position":2,"name":"Libros","item":"https:\/\/booksfrommexico.com\/es\/libros\/"},{"@type":"ListItem","position":3,"name":"La edad de hierro"}]},{"@type":"WebSite","@id":"https:\/\/booksfrommexico.com\/#website","url":"https:\/\/booksfrommexico.com\/","name":"Books From Mexico","description":"","publisher":{"@id":"https:\/\/booksfrommexico.com\/#organization"},"potentialAction":[{"@type":"SearchAction","target":{"@type":"EntryPoint","urlTemplate":"https:\/\/booksfrommexico.com\/?s={search_term_string}"},"query-input":{"@type":"PropertyValueSpecification","valueRequired":true,"valueName":"search_term_string"}}],"inLanguage":"es"},{"@type":"Organization","@id":"https:\/\/booksfrommexico.com\/#organization","name":"Books From Mexico","url":"https:\/\/booksfrommexico.com\/","logo":{"@type":"ImageObject","inLanguage":"es","@id":"https:\/\/booksfrommexico.com\/#\/schema\/logo\/image\/","url":"https:\/\/booksfrommexico.com\/app\/uploads\/2023\/05\/logo-booksfrommexico.svg","contentUrl":"https:\/\/booksfrommexico.com\/app\/uploads\/2023\/05\/logo-booksfrommexico.svg","width":86,"height":56,"caption":"Books From Mexico"},"image":{"@id":"https:\/\/booksfrommexico.com\/#\/schema\/logo\/image\/"}}]}},"_links":{"self":[{"href":"https:\/\/booksfrommexico.com\/es\/wp-json\/wp\/v2\/product\/5974","targetHints":{"allow":["GET"]}}],"collection":[{"href":"https:\/\/booksfrommexico.com\/es\/wp-json\/wp\/v2\/product"}],"about":[{"href":"https:\/\/booksfrommexico.com\/es\/wp-json\/wp\/v2\/types\/product"}],"wp:featuredmedia":[{"embeddable":true,"href":"https:\/\/booksfrommexico.com\/es\/wp-json\/wp\/v2\/media\/6090"}],"wp:attachment":[{"href":"https:\/\/booksfrommexico.com\/es\/wp-json\/wp\/v2\/media?parent=5974"}],"wp:term":[{"taxonomy":"product_brand","embeddable":true,"href":"https:\/\/booksfrommexico.com\/es\/wp-json\/wp\/v2\/product_brand?post=5974"},{"taxonomy":"product_cat","embeddable":true,"href":"https:\/\/booksfrommexico.com\/es\/wp-json\/wp\/v2\/product_cat?post=5974"},{"taxonomy":"product_tag","embeddable":true,"href":"https:\/\/booksfrommexico.com\/es\/wp-json\/wp\/v2\/product_tag?post=5974"}],"curies":[{"name":"wp","href":"https:\/\/api.w.org\/{rel}","templated":true}]}}