{"id":5975,"date":"2024-04-29T23:47:14","date_gmt":"2024-04-29T23:47:14","guid":{"rendered":"https:\/\/booksfrommexico.com\/product\/la-raiz-de-la-humedad\/"},"modified":"2024-05-02T22:50:52","modified_gmt":"2024-05-02T22:50:52","slug":"la-raiz-de-la-humedad","status":"publish","type":"product","link":"https:\/\/booksfrommexico.com\/es\/producto\/la-raiz-de-la-humedad\/","title":{"rendered":"La ra\u00edz de la humedad"},"content":{"rendered":"<p><span style=\"font-weight: 400;\">La autora plasma mediante poemas parte de sus vivencias como mujer nacida en un ambiente de carencia econ\u00f3mica del norte de M\u00e9xico, contando su infancia, pasando por la adolescencia, hasta su edad adulta. Se tratan de poemas largos, cuyos versos no buscan la rima ni estrofas grandes, pues lo que se busca resaltar son principalmente los temas: la desigualdad social y econ\u00f3mica, la problem\u00e1tica educativa en zonas de provincia \u2015cuya visi\u00f3n es m\u00e1s contundente por el hecho de que la autora tambi\u00e9n maestra\u2015 y las trabas que el hecho de ser mujer le han supuesto en su contexto, sobre todo cuando vive en el desierto de Ciudad Ju\u00e1rez donde han desaparecido a incontables mujeres a lo largo de los a\u00f1os.<\/span><\/p>\n","protected":false},"excerpt":{"rendered":"<p>LA RA\u00cdZ DE LA HUMEDAD<span style=\"font-weight: 400;\">. \/ Nithia Castorena-Sa\u00e9nz. Chihuahua, M\u00e9xico : Medusa Editores, 2023. 98 pages : 20 cm. ISBN : 9786075985527.<\/span><\/p>\n<p><br style=\"font-weight: 400;\" \/><br style=\"font-weight: 400;\" \/><\/p>\n","protected":false},"featured_media":6068,"template":"","meta":{"_acf_changed":false,"inline_featured_image":false},"product_brand":[],"product_cat":[25,32],"product_tag":[4209,4101,4225],"class_list":{"0":"post-5975","1":"product","2":"type-product","3":"status-publish","4":"has-post-thumbnail","6":"product_cat-literatura","7":"product_cat-poesia-literatura","8":"product_tag-educacion-rural","9":"product_tag-mujeres-es","10":"product_tag-mujeres-literatura","12":"first","13":"instock","14":"taxable","15":"shipping-taxable","16":"purchasable","17":"product-type-simple"},"acf":[],"yoast_head":"<!-- This site is optimized with the Yoast SEO plugin v27.3 - https:\/\/yoast.com\/product\/yoast-seo-wordpress\/ -->\n<title>La ra\u00edz de la humedad<\/title>\n<meta name=\"description\" content=\"LA RA\u00cdZ DE LA HUMEDAD. \/ Nithia Castorena-Sa\u00e9nz. Chihuahua, M\u00e9xico : Medusa Editores, 2023. 98 pages : 20 cm. ISBN : 9786075985527.\" \/>\n<meta name=\"robots\" content=\"index, follow, max-snippet:-1, max-image-preview:large, max-video-preview:-1\" \/>\n<link rel=\"canonical\" href=\"https:\/\/booksfrommexico.com\/es\/producto\/la-raiz-de-la-humedad\/\" \/>\n<meta property=\"og:locale\" content=\"es_ES\" \/>\n<meta property=\"og:type\" content=\"article\" \/>\n<meta property=\"og:title\" content=\"La ra\u00edz de la humedad\" \/>\n<meta property=\"og:description\" content=\"LA RA\u00cdZ DE LA HUMEDAD. \/ Nithia Castorena-Sa\u00e9nz. Chihuahua, M\u00e9xico : Medusa Editores, 2023. 98 pages : 20 cm. ISBN : 9786075985527.\" \/>\n<meta property=\"og:url\" content=\"https:\/\/booksfrommexico.com\/es\/producto\/la-raiz-de-la-humedad\/\" \/>\n<meta property=\"og:site_name\" content=\"Books From Mexico\" \/>\n<meta property=\"article:modified_time\" content=\"2024-05-02T22:50:52+00:00\" \/>\n<meta property=\"og:image\" content=\"http:\/\/booksfrommexico.com\/app\/uploads\/2024\/04\/202095.jpeg\" \/>\n\t<meta property=\"og:image:width\" content=\"370\" \/>\n\t<meta property=\"og:image:height\" content=\"576\" \/>\n\t<meta property=\"og:image:type\" content=\"image\/jpeg\" \/>\n<meta name=\"twitter:card\" content=\"summary_large_image\" \/>\n<meta name=\"twitter:label1\" content=\"Tiempo de lectura\" \/>\n\t<meta name=\"twitter:data1\" content=\"1 minuto\" \/>\n<script type=\"application\/ld+json\" class=\"yoast-schema-graph\">{\"@context\":\"https:\\\/\\\/schema.org\",\"@graph\":[{\"@type\":\"WebPage\",\"@id\":\"https:\\\/\\\/booksfrommexico.com\\\/es\\\/producto\\\/la-raiz-de-la-humedad\\\/\",\"url\":\"https:\\\/\\\/booksfrommexico.com\\\/es\\\/producto\\\/la-raiz-de-la-humedad\\\/\",\"name\":\"La ra\u00edz de la humedad\",\"isPartOf\":{\"@id\":\"https:\\\/\\\/booksfrommexico.com\\\/#website\"},\"primaryImageOfPage\":{\"@id\":\"https:\\\/\\\/booksfrommexico.com\\\/es\\\/producto\\\/la-raiz-de-la-humedad\\\/#primaryimage\"},\"image\":{\"@id\":\"https:\\\/\\\/booksfrommexico.com\\\/es\\\/producto\\\/la-raiz-de-la-humedad\\\/#primaryimage\"},\"thumbnailUrl\":\"https:\\\/\\\/booksfrommexico.com\\\/app\\\/uploads\\\/2024\\\/04\\\/202095.jpeg\",\"datePublished\":\"2024-04-29T23:47:14+00:00\",\"dateModified\":\"2024-05-02T22:50:52+00:00\",\"description\":\"LA RA\u00cdZ DE LA HUMEDAD. \\\/ Nithia Castorena-Sa\u00e9nz. Chihuahua, M\u00e9xico : Medusa Editores, 2023. 98 pages : 20 cm. ISBN : 9786075985527.\",\"breadcrumb\":{\"@id\":\"https:\\\/\\\/booksfrommexico.com\\\/es\\\/producto\\\/la-raiz-de-la-humedad\\\/#breadcrumb\"},\"inLanguage\":\"es\",\"potentialAction\":[{\"@type\":\"ReadAction\",\"target\":[\"https:\\\/\\\/booksfrommexico.com\\\/es\\\/producto\\\/la-raiz-de-la-humedad\\\/\"]}]},{\"@type\":\"ImageObject\",\"inLanguage\":\"es\",\"@id\":\"https:\\\/\\\/booksfrommexico.com\\\/es\\\/producto\\\/la-raiz-de-la-humedad\\\/#primaryimage\",\"url\":\"https:\\\/\\\/booksfrommexico.com\\\/app\\\/uploads\\\/2024\\\/04\\\/202095.jpeg\",\"contentUrl\":\"https:\\\/\\\/booksfrommexico.com\\\/app\\\/uploads\\\/2024\\\/04\\\/202095.jpeg\",\"width\":370,\"height\":576,\"caption\":\"La ra\u00edz de la humedad\"},{\"@type\":\"BreadcrumbList\",\"@id\":\"https:\\\/\\\/booksfrommexico.com\\\/es\\\/producto\\\/la-raiz-de-la-humedad\\\/#breadcrumb\",\"itemListElement\":[{\"@type\":\"ListItem\",\"position\":1,\"name\":\"Home\",\"item\":\"https:\\\/\\\/booksfrommexico.com\\\/es\\\/\"},{\"@type\":\"ListItem\",\"position\":2,\"name\":\"Libros\",\"item\":\"https:\\\/\\\/booksfrommexico.com\\\/es\\\/libros\\\/\"},{\"@type\":\"ListItem\",\"position\":3,\"name\":\"La ra\u00edz de la humedad\"}]},{\"@type\":\"WebSite\",\"@id\":\"https:\\\/\\\/booksfrommexico.com\\\/#website\",\"url\":\"https:\\\/\\\/booksfrommexico.com\\\/\",\"name\":\"Books From Mexico\",\"description\":\"\",\"publisher\":{\"@id\":\"https:\\\/\\\/booksfrommexico.com\\\/#organization\"},\"potentialAction\":[{\"@type\":\"SearchAction\",\"target\":{\"@type\":\"EntryPoint\",\"urlTemplate\":\"https:\\\/\\\/booksfrommexico.com\\\/?s={search_term_string}\"},\"query-input\":{\"@type\":\"PropertyValueSpecification\",\"valueRequired\":true,\"valueName\":\"search_term_string\"}}],\"inLanguage\":\"es\"},{\"@type\":\"Organization\",\"@id\":\"https:\\\/\\\/booksfrommexico.com\\\/#organization\",\"name\":\"Books From Mexico\",\"url\":\"https:\\\/\\\/booksfrommexico.com\\\/\",\"logo\":{\"@type\":\"ImageObject\",\"inLanguage\":\"es\",\"@id\":\"https:\\\/\\\/booksfrommexico.com\\\/#\\\/schema\\\/logo\\\/image\\\/\",\"url\":\"https:\\\/\\\/booksfrommexico.com\\\/app\\\/uploads\\\/2023\\\/05\\\/logo-booksfrommexico.svg\",\"contentUrl\":\"https:\\\/\\\/booksfrommexico.com\\\/app\\\/uploads\\\/2023\\\/05\\\/logo-booksfrommexico.svg\",\"width\":86,\"height\":56,\"caption\":\"Books From Mexico\"},\"image\":{\"@id\":\"https:\\\/\\\/booksfrommexico.com\\\/#\\\/schema\\\/logo\\\/image\\\/\"}}]}<\/script>\n<!-- \/ Yoast SEO plugin. -->","yoast_head_json":{"title":"La ra\u00edz de la humedad","description":"LA RA\u00cdZ DE LA HUMEDAD. \/ Nithia Castorena-Sa\u00e9nz. Chihuahua, M\u00e9xico : Medusa Editores, 2023. 98 pages : 20 cm. ISBN : 9786075985527.","robots":{"index":"index","follow":"follow","max-snippet":"max-snippet:-1","max-image-preview":"max-image-preview:large","max-video-preview":"max-video-preview:-1"},"canonical":"https:\/\/booksfrommexico.com\/es\/producto\/la-raiz-de-la-humedad\/","og_locale":"es_ES","og_type":"article","og_title":"La ra\u00edz de la humedad","og_description":"LA RA\u00cdZ DE LA HUMEDAD. \/ Nithia Castorena-Sa\u00e9nz. Chihuahua, M\u00e9xico : Medusa Editores, 2023. 98 pages : 20 cm. ISBN : 9786075985527.","og_url":"https:\/\/booksfrommexico.com\/es\/producto\/la-raiz-de-la-humedad\/","og_site_name":"Books From Mexico","article_modified_time":"2024-05-02T22:50:52+00:00","og_image":[{"width":370,"height":576,"url":"http:\/\/booksfrommexico.com\/app\/uploads\/2024\/04\/202095.jpeg","type":"image\/jpeg"}],"twitter_card":"summary_large_image","twitter_misc":{"Tiempo de lectura":"1 minuto"},"schema":{"@context":"https:\/\/schema.org","@graph":[{"@type":"WebPage","@id":"https:\/\/booksfrommexico.com\/es\/producto\/la-raiz-de-la-humedad\/","url":"https:\/\/booksfrommexico.com\/es\/producto\/la-raiz-de-la-humedad\/","name":"La ra\u00edz de la humedad","isPartOf":{"@id":"https:\/\/booksfrommexico.com\/#website"},"primaryImageOfPage":{"@id":"https:\/\/booksfrommexico.com\/es\/producto\/la-raiz-de-la-humedad\/#primaryimage"},"image":{"@id":"https:\/\/booksfrommexico.com\/es\/producto\/la-raiz-de-la-humedad\/#primaryimage"},"thumbnailUrl":"https:\/\/booksfrommexico.com\/app\/uploads\/2024\/04\/202095.jpeg","datePublished":"2024-04-29T23:47:14+00:00","dateModified":"2024-05-02T22:50:52+00:00","description":"LA RA\u00cdZ DE LA HUMEDAD. \/ Nithia Castorena-Sa\u00e9nz. Chihuahua, M\u00e9xico : Medusa Editores, 2023. 98 pages : 20 cm. ISBN : 9786075985527.","breadcrumb":{"@id":"https:\/\/booksfrommexico.com\/es\/producto\/la-raiz-de-la-humedad\/#breadcrumb"},"inLanguage":"es","potentialAction":[{"@type":"ReadAction","target":["https:\/\/booksfrommexico.com\/es\/producto\/la-raiz-de-la-humedad\/"]}]},{"@type":"ImageObject","inLanguage":"es","@id":"https:\/\/booksfrommexico.com\/es\/producto\/la-raiz-de-la-humedad\/#primaryimage","url":"https:\/\/booksfrommexico.com\/app\/uploads\/2024\/04\/202095.jpeg","contentUrl":"https:\/\/booksfrommexico.com\/app\/uploads\/2024\/04\/202095.jpeg","width":370,"height":576,"caption":"La ra\u00edz de la humedad"},{"@type":"BreadcrumbList","@id":"https:\/\/booksfrommexico.com\/es\/producto\/la-raiz-de-la-humedad\/#breadcrumb","itemListElement":[{"@type":"ListItem","position":1,"name":"Home","item":"https:\/\/booksfrommexico.com\/es\/"},{"@type":"ListItem","position":2,"name":"Libros","item":"https:\/\/booksfrommexico.com\/es\/libros\/"},{"@type":"ListItem","position":3,"name":"La ra\u00edz de la humedad"}]},{"@type":"WebSite","@id":"https:\/\/booksfrommexico.com\/#website","url":"https:\/\/booksfrommexico.com\/","name":"Books From Mexico","description":"","publisher":{"@id":"https:\/\/booksfrommexico.com\/#organization"},"potentialAction":[{"@type":"SearchAction","target":{"@type":"EntryPoint","urlTemplate":"https:\/\/booksfrommexico.com\/?s={search_term_string}"},"query-input":{"@type":"PropertyValueSpecification","valueRequired":true,"valueName":"search_term_string"}}],"inLanguage":"es"},{"@type":"Organization","@id":"https:\/\/booksfrommexico.com\/#organization","name":"Books From Mexico","url":"https:\/\/booksfrommexico.com\/","logo":{"@type":"ImageObject","inLanguage":"es","@id":"https:\/\/booksfrommexico.com\/#\/schema\/logo\/image\/","url":"https:\/\/booksfrommexico.com\/app\/uploads\/2023\/05\/logo-booksfrommexico.svg","contentUrl":"https:\/\/booksfrommexico.com\/app\/uploads\/2023\/05\/logo-booksfrommexico.svg","width":86,"height":56,"caption":"Books From Mexico"},"image":{"@id":"https:\/\/booksfrommexico.com\/#\/schema\/logo\/image\/"}}]}},"_links":{"self":[{"href":"https:\/\/booksfrommexico.com\/es\/wp-json\/wp\/v2\/product\/5975","targetHints":{"allow":["GET"]}}],"collection":[{"href":"https:\/\/booksfrommexico.com\/es\/wp-json\/wp\/v2\/product"}],"about":[{"href":"https:\/\/booksfrommexico.com\/es\/wp-json\/wp\/v2\/types\/product"}],"wp:featuredmedia":[{"embeddable":true,"href":"https:\/\/booksfrommexico.com\/es\/wp-json\/wp\/v2\/media\/6068"}],"wp:attachment":[{"href":"https:\/\/booksfrommexico.com\/es\/wp-json\/wp\/v2\/media?parent=5975"}],"wp:term":[{"taxonomy":"product_brand","embeddable":true,"href":"https:\/\/booksfrommexico.com\/es\/wp-json\/wp\/v2\/product_brand?post=5975"},{"taxonomy":"product_cat","embeddable":true,"href":"https:\/\/booksfrommexico.com\/es\/wp-json\/wp\/v2\/product_cat?post=5975"},{"taxonomy":"product_tag","embeddable":true,"href":"https:\/\/booksfrommexico.com\/es\/wp-json\/wp\/v2\/product_tag?post=5975"}],"curies":[{"name":"wp","href":"https:\/\/api.w.org\/{rel}","templated":true}]}}