{"id":5976,"date":"2024-04-29T23:47:15","date_gmt":"2024-04-29T23:47:15","guid":{"rendered":"https:\/\/booksfrommexico.com\/product\/nayo-alewa-cuatro-almas-por-una-vida-sin-violencia-hacia-las-mujeres-en-nuestras-comunidades-indigenas-urbanas-de-la-ciudad-de-chihuahua\/"},"modified":"2024-05-03T18:52:35","modified_gmt":"2024-05-03T18:52:35","slug":"nayo-alewa-cuatro-almas-por-una-vida-sin-violencia-hacia-las-mujeres-en-nuestras-comunidades-indigenas-urbanas-de-la-ciudad-de-chihuahua","status":"publish","type":"product","link":"https:\/\/booksfrommexico.com\/es\/producto\/nayo-alewa-cuatro-almas-por-una-vida-sin-violencia-hacia-las-mujeres-en-nuestras-comunidades-indigenas-urbanas-de-la-ciudad-de-chihuahua\/","title":{"rendered":"Nay\u00f3 Alew\u00e1 (Cuatro almas): Por una vida sin violencia hacia las mujeres en nuestras comunidades ind\u00edgenas urbanas de la Ciudad de Chihuahua"},"content":{"rendered":"<p><span style=\"font-weight: 400;\">La Red de Mujeres Ral\u00e1muli Napawika U\u2019muk\u00ed (Mujeres Unidas) trabajan para que se respeten sus derechos y vivan libres de violencia; este libro, junto con el video documental financiado por el Programa de Acciones Culturales Multiling\u00fces y Comunitarias, buscan que gobernadoras, l\u00edderes y mujeres que residen en comunidades ind\u00edgenas urbanas de la ciudad de Chihuahua, se sumen a la iniciativa del colectivo. En este t\u00edtulo se relatan experiencias y reflexiones acerca del lugar que las mujeres ocuparon antiguamente en las sociedades y el que ejercen actualmente, el derecho de las mujeres al trabajo y la b\u00fasqueda de una vida libre de maltrato. <\/span><\/p>\n","protected":false},"excerpt":{"rendered":"<p>NAY\u00d3 ALEW\u00c1 : (CUATRO ALMAS) : POR UNA VIDA SIN VIOLENCIA HACIA LAS MUJERES EN NUESTRAS COMUNIDADES IND\u00cdGENAS URBANAS DE LA CIUDAD DE CHIHUAHUA<span style=\"font-weight: 400;\">. \/ Red de Mujeres Ral\u00e1muli Napawika U\u2019muk\u00ed (Mujeres unidas) ; Ana Cecilia Arteaga Bohrt (colaborator). Chihuahua, M\u00e9xico : Medusa Editores, 2022. 95 pages : includes photos\u00a0 ; 23 cm. ISBN : 9786075931661.<\/span><\/p>\n","protected":false},"featured_media":6086,"template":"","meta":{"_acf_changed":false,"inline_featured_image":false},"product_brand":[],"product_cat":[148,78],"product_tag":[3659,3752,4101,3863,3978],"class_list":{"0":"post-5976","1":"product","2":"type-product","3":"status-publish","4":"has-post-thumbnail","6":"product_cat-estudios-sobre-las-mujeres-estudios-de-genero","7":"product_cat-sociologia","8":"product_tag-condiciones-sociales","9":"product_tag-derechos-mujeres","10":"product_tag-mujeres-es","11":"product_tag-mujeres-indigenas","12":"product_tag-mujeres-trabajadoras","14":"first","15":"instock","16":"taxable","17":"shipping-taxable","18":"purchasable","19":"product-type-simple"},"acf":[],"yoast_head":"<!-- This site is optimized with the Yoast SEO plugin v27.3 - https:\/\/yoast.com\/product\/yoast-seo-wordpress\/ -->\n<title>Nay\u00f3 Alew\u00e1 (Cuatro almas)<\/title>\n<meta name=\"description\" content=\"NAY\u00d3 ALEW\u00c1 (CUATRO ALMAS) : POR UNA VIDA SIN VIOLENCIA HACIA LAS MUJERES EN NUESTRAS COMUNIDADES IND\u00cdGENAS URBANAS DE LA CIUDAD DE CHIHUAHUA. \/\" \/>\n<meta name=\"robots\" content=\"index, follow, max-snippet:-1, max-image-preview:large, max-video-preview:-1\" \/>\n<link rel=\"canonical\" href=\"https:\/\/booksfrommexico.com\/es\/producto\/nayo-alewa-cuatro-almas-por-una-vida-sin-violencia-hacia-las-mujeres-en-nuestras-comunidades-indigenas-urbanas-de-la-ciudad-de-chihuahua\/\" \/>\n<meta property=\"og:locale\" content=\"es_ES\" \/>\n<meta property=\"og:type\" content=\"article\" \/>\n<meta property=\"og:title\" content=\"Nay\u00f3 Alew\u00e1 (Cuatro almas)\" \/>\n<meta property=\"og:description\" content=\"NAY\u00d3 ALEW\u00c1 (CUATRO ALMAS) : POR UNA VIDA SIN VIOLENCIA HACIA LAS MUJERES EN NUESTRAS COMUNIDADES IND\u00cdGENAS URBANAS DE LA CIUDAD DE CHIHUAHUA. \/\" \/>\n<meta property=\"og:url\" content=\"https:\/\/booksfrommexico.com\/es\/producto\/nayo-alewa-cuatro-almas-por-una-vida-sin-violencia-hacia-las-mujeres-en-nuestras-comunidades-indigenas-urbanas-de-la-ciudad-de-chihuahua\/\" \/>\n<meta property=\"og:site_name\" content=\"Books From Mexico\" \/>\n<meta property=\"article:modified_time\" content=\"2024-05-03T18:52:35+00:00\" \/>\n<meta property=\"og:image\" content=\"http:\/\/booksfrommexico.com\/app\/uploads\/2024\/04\/201044.jpeg\" \/>\n\t<meta property=\"og:image:width\" content=\"431\" \/>\n\t<meta property=\"og:image:height\" content=\"660\" \/>\n\t<meta property=\"og:image:type\" content=\"image\/jpeg\" \/>\n<meta name=\"twitter:card\" content=\"summary_large_image\" \/>\n<meta name=\"twitter:label1\" content=\"Tiempo de lectura\" \/>\n\t<meta name=\"twitter:data1\" content=\"1 minuto\" \/>\n<script type=\"application\/ld+json\" class=\"yoast-schema-graph\">{\"@context\":\"https:\\\/\\\/schema.org\",\"@graph\":[{\"@type\":\"WebPage\",\"@id\":\"https:\\\/\\\/booksfrommexico.com\\\/es\\\/producto\\\/nayo-alewa-cuatro-almas-por-una-vida-sin-violencia-hacia-las-mujeres-en-nuestras-comunidades-indigenas-urbanas-de-la-ciudad-de-chihuahua\\\/\",\"url\":\"https:\\\/\\\/booksfrommexico.com\\\/es\\\/producto\\\/nayo-alewa-cuatro-almas-por-una-vida-sin-violencia-hacia-las-mujeres-en-nuestras-comunidades-indigenas-urbanas-de-la-ciudad-de-chihuahua\\\/\",\"name\":\"Nay\u00f3 Alew\u00e1 (Cuatro almas)\",\"isPartOf\":{\"@id\":\"https:\\\/\\\/booksfrommexico.com\\\/#website\"},\"primaryImageOfPage\":{\"@id\":\"https:\\\/\\\/booksfrommexico.com\\\/es\\\/producto\\\/nayo-alewa-cuatro-almas-por-una-vida-sin-violencia-hacia-las-mujeres-en-nuestras-comunidades-indigenas-urbanas-de-la-ciudad-de-chihuahua\\\/#primaryimage\"},\"image\":{\"@id\":\"https:\\\/\\\/booksfrommexico.com\\\/es\\\/producto\\\/nayo-alewa-cuatro-almas-por-una-vida-sin-violencia-hacia-las-mujeres-en-nuestras-comunidades-indigenas-urbanas-de-la-ciudad-de-chihuahua\\\/#primaryimage\"},\"thumbnailUrl\":\"https:\\\/\\\/booksfrommexico.com\\\/app\\\/uploads\\\/2024\\\/04\\\/201044.jpeg\",\"datePublished\":\"2024-04-29T23:47:15+00:00\",\"dateModified\":\"2024-05-03T18:52:35+00:00\",\"description\":\"NAY\u00d3 ALEW\u00c1 (CUATRO ALMAS) : POR UNA VIDA SIN VIOLENCIA HACIA LAS MUJERES EN NUESTRAS COMUNIDADES IND\u00cdGENAS URBANAS DE LA CIUDAD DE CHIHUAHUA. \\\/\",\"breadcrumb\":{\"@id\":\"https:\\\/\\\/booksfrommexico.com\\\/es\\\/producto\\\/nayo-alewa-cuatro-almas-por-una-vida-sin-violencia-hacia-las-mujeres-en-nuestras-comunidades-indigenas-urbanas-de-la-ciudad-de-chihuahua\\\/#breadcrumb\"},\"inLanguage\":\"es\",\"potentialAction\":[{\"@type\":\"ReadAction\",\"target\":[\"https:\\\/\\\/booksfrommexico.com\\\/es\\\/producto\\\/nayo-alewa-cuatro-almas-por-una-vida-sin-violencia-hacia-las-mujeres-en-nuestras-comunidades-indigenas-urbanas-de-la-ciudad-de-chihuahua\\\/\"]}]},{\"@type\":\"ImageObject\",\"inLanguage\":\"es\",\"@id\":\"https:\\\/\\\/booksfrommexico.com\\\/es\\\/producto\\\/nayo-alewa-cuatro-almas-por-una-vida-sin-violencia-hacia-las-mujeres-en-nuestras-comunidades-indigenas-urbanas-de-la-ciudad-de-chihuahua\\\/#primaryimage\",\"url\":\"https:\\\/\\\/booksfrommexico.com\\\/app\\\/uploads\\\/2024\\\/04\\\/201044.jpeg\",\"contentUrl\":\"https:\\\/\\\/booksfrommexico.com\\\/app\\\/uploads\\\/2024\\\/04\\\/201044.jpeg\",\"width\":431,\"height\":660,\"caption\":\"Nay\u00f3 Alew\u00e1\"},{\"@type\":\"BreadcrumbList\",\"@id\":\"https:\\\/\\\/booksfrommexico.com\\\/es\\\/producto\\\/nayo-alewa-cuatro-almas-por-una-vida-sin-violencia-hacia-las-mujeres-en-nuestras-comunidades-indigenas-urbanas-de-la-ciudad-de-chihuahua\\\/#breadcrumb\",\"itemListElement\":[{\"@type\":\"ListItem\",\"position\":1,\"name\":\"Home\",\"item\":\"https:\\\/\\\/booksfrommexico.com\\\/es\\\/\"},{\"@type\":\"ListItem\",\"position\":2,\"name\":\"Libros\",\"item\":\"https:\\\/\\\/booksfrommexico.com\\\/es\\\/libros\\\/\"},{\"@type\":\"ListItem\",\"position\":3,\"name\":\"Nay\u00f3 Alew\u00e1 (Cuatro almas): Por una vida sin violencia hacia las mujeres en nuestras comunidades ind\u00edgenas urbanas de la Ciudad de Chihuahua\"}]},{\"@type\":\"WebSite\",\"@id\":\"https:\\\/\\\/booksfrommexico.com\\\/#website\",\"url\":\"https:\\\/\\\/booksfrommexico.com\\\/\",\"name\":\"Books From Mexico\",\"description\":\"\",\"publisher\":{\"@id\":\"https:\\\/\\\/booksfrommexico.com\\\/#organization\"},\"potentialAction\":[{\"@type\":\"SearchAction\",\"target\":{\"@type\":\"EntryPoint\",\"urlTemplate\":\"https:\\\/\\\/booksfrommexico.com\\\/?s={search_term_string}\"},\"query-input\":{\"@type\":\"PropertyValueSpecification\",\"valueRequired\":true,\"valueName\":\"search_term_string\"}}],\"inLanguage\":\"es\"},{\"@type\":\"Organization\",\"@id\":\"https:\\\/\\\/booksfrommexico.com\\\/#organization\",\"name\":\"Books From Mexico\",\"url\":\"https:\\\/\\\/booksfrommexico.com\\\/\",\"logo\":{\"@type\":\"ImageObject\",\"inLanguage\":\"es\",\"@id\":\"https:\\\/\\\/booksfrommexico.com\\\/#\\\/schema\\\/logo\\\/image\\\/\",\"url\":\"https:\\\/\\\/booksfrommexico.com\\\/app\\\/uploads\\\/2023\\\/05\\\/logo-booksfrommexico.svg\",\"contentUrl\":\"https:\\\/\\\/booksfrommexico.com\\\/app\\\/uploads\\\/2023\\\/05\\\/logo-booksfrommexico.svg\",\"width\":86,\"height\":56,\"caption\":\"Books From Mexico\"},\"image\":{\"@id\":\"https:\\\/\\\/booksfrommexico.com\\\/#\\\/schema\\\/logo\\\/image\\\/\"}}]}<\/script>\n<!-- \/ Yoast SEO plugin. -->","yoast_head_json":{"title":"Nay\u00f3 Alew\u00e1 (Cuatro almas)","description":"NAY\u00d3 ALEW\u00c1 (CUATRO ALMAS) : POR UNA VIDA SIN VIOLENCIA HACIA LAS MUJERES EN NUESTRAS COMUNIDADES IND\u00cdGENAS URBANAS DE LA CIUDAD DE CHIHUAHUA. \/","robots":{"index":"index","follow":"follow","max-snippet":"max-snippet:-1","max-image-preview":"max-image-preview:large","max-video-preview":"max-video-preview:-1"},"canonical":"https:\/\/booksfrommexico.com\/es\/producto\/nayo-alewa-cuatro-almas-por-una-vida-sin-violencia-hacia-las-mujeres-en-nuestras-comunidades-indigenas-urbanas-de-la-ciudad-de-chihuahua\/","og_locale":"es_ES","og_type":"article","og_title":"Nay\u00f3 Alew\u00e1 (Cuatro almas)","og_description":"NAY\u00d3 ALEW\u00c1 (CUATRO ALMAS) : POR UNA VIDA SIN VIOLENCIA HACIA LAS MUJERES EN NUESTRAS COMUNIDADES IND\u00cdGENAS URBANAS DE LA CIUDAD DE CHIHUAHUA. \/","og_url":"https:\/\/booksfrommexico.com\/es\/producto\/nayo-alewa-cuatro-almas-por-una-vida-sin-violencia-hacia-las-mujeres-en-nuestras-comunidades-indigenas-urbanas-de-la-ciudad-de-chihuahua\/","og_site_name":"Books From Mexico","article_modified_time":"2024-05-03T18:52:35+00:00","og_image":[{"width":431,"height":660,"url":"http:\/\/booksfrommexico.com\/app\/uploads\/2024\/04\/201044.jpeg","type":"image\/jpeg"}],"twitter_card":"summary_large_image","twitter_misc":{"Tiempo de lectura":"1 minuto"},"schema":{"@context":"https:\/\/schema.org","@graph":[{"@type":"WebPage","@id":"https:\/\/booksfrommexico.com\/es\/producto\/nayo-alewa-cuatro-almas-por-una-vida-sin-violencia-hacia-las-mujeres-en-nuestras-comunidades-indigenas-urbanas-de-la-ciudad-de-chihuahua\/","url":"https:\/\/booksfrommexico.com\/es\/producto\/nayo-alewa-cuatro-almas-por-una-vida-sin-violencia-hacia-las-mujeres-en-nuestras-comunidades-indigenas-urbanas-de-la-ciudad-de-chihuahua\/","name":"Nay\u00f3 Alew\u00e1 (Cuatro almas)","isPartOf":{"@id":"https:\/\/booksfrommexico.com\/#website"},"primaryImageOfPage":{"@id":"https:\/\/booksfrommexico.com\/es\/producto\/nayo-alewa-cuatro-almas-por-una-vida-sin-violencia-hacia-las-mujeres-en-nuestras-comunidades-indigenas-urbanas-de-la-ciudad-de-chihuahua\/#primaryimage"},"image":{"@id":"https:\/\/booksfrommexico.com\/es\/producto\/nayo-alewa-cuatro-almas-por-una-vida-sin-violencia-hacia-las-mujeres-en-nuestras-comunidades-indigenas-urbanas-de-la-ciudad-de-chihuahua\/#primaryimage"},"thumbnailUrl":"https:\/\/booksfrommexico.com\/app\/uploads\/2024\/04\/201044.jpeg","datePublished":"2024-04-29T23:47:15+00:00","dateModified":"2024-05-03T18:52:35+00:00","description":"NAY\u00d3 ALEW\u00c1 (CUATRO ALMAS) : POR UNA VIDA SIN VIOLENCIA HACIA LAS MUJERES EN NUESTRAS COMUNIDADES IND\u00cdGENAS URBANAS DE LA CIUDAD DE CHIHUAHUA. \/","breadcrumb":{"@id":"https:\/\/booksfrommexico.com\/es\/producto\/nayo-alewa-cuatro-almas-por-una-vida-sin-violencia-hacia-las-mujeres-en-nuestras-comunidades-indigenas-urbanas-de-la-ciudad-de-chihuahua\/#breadcrumb"},"inLanguage":"es","potentialAction":[{"@type":"ReadAction","target":["https:\/\/booksfrommexico.com\/es\/producto\/nayo-alewa-cuatro-almas-por-una-vida-sin-violencia-hacia-las-mujeres-en-nuestras-comunidades-indigenas-urbanas-de-la-ciudad-de-chihuahua\/"]}]},{"@type":"ImageObject","inLanguage":"es","@id":"https:\/\/booksfrommexico.com\/es\/producto\/nayo-alewa-cuatro-almas-por-una-vida-sin-violencia-hacia-las-mujeres-en-nuestras-comunidades-indigenas-urbanas-de-la-ciudad-de-chihuahua\/#primaryimage","url":"https:\/\/booksfrommexico.com\/app\/uploads\/2024\/04\/201044.jpeg","contentUrl":"https:\/\/booksfrommexico.com\/app\/uploads\/2024\/04\/201044.jpeg","width":431,"height":660,"caption":"Nay\u00f3 Alew\u00e1"},{"@type":"BreadcrumbList","@id":"https:\/\/booksfrommexico.com\/es\/producto\/nayo-alewa-cuatro-almas-por-una-vida-sin-violencia-hacia-las-mujeres-en-nuestras-comunidades-indigenas-urbanas-de-la-ciudad-de-chihuahua\/#breadcrumb","itemListElement":[{"@type":"ListItem","position":1,"name":"Home","item":"https:\/\/booksfrommexico.com\/es\/"},{"@type":"ListItem","position":2,"name":"Libros","item":"https:\/\/booksfrommexico.com\/es\/libros\/"},{"@type":"ListItem","position":3,"name":"Nay\u00f3 Alew\u00e1 (Cuatro almas): Por una vida sin violencia hacia las mujeres en nuestras comunidades ind\u00edgenas urbanas de la Ciudad de Chihuahua"}]},{"@type":"WebSite","@id":"https:\/\/booksfrommexico.com\/#website","url":"https:\/\/booksfrommexico.com\/","name":"Books From Mexico","description":"","publisher":{"@id":"https:\/\/booksfrommexico.com\/#organization"},"potentialAction":[{"@type":"SearchAction","target":{"@type":"EntryPoint","urlTemplate":"https:\/\/booksfrommexico.com\/?s={search_term_string}"},"query-input":{"@type":"PropertyValueSpecification","valueRequired":true,"valueName":"search_term_string"}}],"inLanguage":"es"},{"@type":"Organization","@id":"https:\/\/booksfrommexico.com\/#organization","name":"Books From Mexico","url":"https:\/\/booksfrommexico.com\/","logo":{"@type":"ImageObject","inLanguage":"es","@id":"https:\/\/booksfrommexico.com\/#\/schema\/logo\/image\/","url":"https:\/\/booksfrommexico.com\/app\/uploads\/2023\/05\/logo-booksfrommexico.svg","contentUrl":"https:\/\/booksfrommexico.com\/app\/uploads\/2023\/05\/logo-booksfrommexico.svg","width":86,"height":56,"caption":"Books From Mexico"},"image":{"@id":"https:\/\/booksfrommexico.com\/#\/schema\/logo\/image\/"}}]}},"_links":{"self":[{"href":"https:\/\/booksfrommexico.com\/es\/wp-json\/wp\/v2\/product\/5976","targetHints":{"allow":["GET"]}}],"collection":[{"href":"https:\/\/booksfrommexico.com\/es\/wp-json\/wp\/v2\/product"}],"about":[{"href":"https:\/\/booksfrommexico.com\/es\/wp-json\/wp\/v2\/types\/product"}],"wp:featuredmedia":[{"embeddable":true,"href":"https:\/\/booksfrommexico.com\/es\/wp-json\/wp\/v2\/media\/6086"}],"wp:attachment":[{"href":"https:\/\/booksfrommexico.com\/es\/wp-json\/wp\/v2\/media?parent=5976"}],"wp:term":[{"taxonomy":"product_brand","embeddable":true,"href":"https:\/\/booksfrommexico.com\/es\/wp-json\/wp\/v2\/product_brand?post=5976"},{"taxonomy":"product_cat","embeddable":true,"href":"https:\/\/booksfrommexico.com\/es\/wp-json\/wp\/v2\/product_cat?post=5976"},{"taxonomy":"product_tag","embeddable":true,"href":"https:\/\/booksfrommexico.com\/es\/wp-json\/wp\/v2\/product_tag?post=5976"}],"curies":[{"name":"wp","href":"https:\/\/api.w.org\/{rel}","templated":true}]}}