{"id":5978,"date":"2024-04-29T23:47:15","date_gmt":"2024-04-29T23:47:15","guid":{"rendered":"https:\/\/booksfrommexico.com\/product\/pequenas-golondrinas-revolotean-bajo-la-lluvia\/"},"modified":"2024-05-02T23:33:54","modified_gmt":"2024-05-02T23:33:54","slug":"pequenas-golondrinas-revolotean-bajo-la-lluvia","status":"publish","type":"product","link":"https:\/\/booksfrommexico.com\/es\/producto\/pequenas-golondrinas-revolotean-bajo-la-lluvia\/","title":{"rendered":"Peque\u00f1as golondrinas revolotean bajo la lluvia"},"content":{"rendered":"<p><span style=\"font-weight: 400;\">En este t\u00edtulo la autora presenta una serie de poemas sintetizados que bien podr\u00edan considerarse haik\u00fas por su estructura, longitud y temas, ya que se decantan por resaltar la belleza de la naturaleza, la flora y la fauna. Aunado a ello, aporta una visi\u00f3n amplia de las cosas, no s\u00f3lo de las cosas m\u00e1s grandes y evidentes como el cielo y la lluvia, sino tambi\u00e9n de lo peque\u00f1o como los caracoles, o lo intangible, como el roc\u00edo. El mismo t\u00edtulo ofrece de manera po\u00e9tica una introducci\u00f3n a los dem\u00e1s poemas contenidos en las p\u00e1ginas, pues hace alusi\u00f3n a la correlaci\u00f3n que hay entre las golondrinas y el anuncio que traen sobre el clima dependiendo de su vuelo.<\/span><\/p>\n<p><br style=\"font-weight: 400;\" \/><br style=\"font-weight: 400;\" \/><\/p>\n","protected":false},"excerpt":{"rendered":"<p>PEQUE\u00d1AS GOLONDRINAS REVOLOTEAN BAJO LA LLUVIA<span style=\"font-weight: 400;\">. \/ Mar\u00eda Vega R. Chihuahua, M\u00e9xico : Medusa Editores, 2023. 74 pages ; 17 cm. (Colecci\u00f3n Luna de mar. Poes\u00eda). ISBN : 9786075956510.<\/span><\/p>\n<p><br style=\"font-weight: 400;\" \/><br style=\"font-weight: 400;\" \/><\/p>\n","protected":false},"featured_media":6070,"template":"","meta":{"_acf_changed":false,"inline_featured_image":false},"product_brand":[],"product_cat":[25,32],"product_tag":[4276,4115],"class_list":{"0":"post-5978","1":"product","2":"type-product","3":"status-publish","4":"has-post-thumbnail","6":"product_cat-literatura","7":"product_cat-poesia-literatura","8":"product_tag-haiku-es","9":"product_tag-poesia-es","11":"first","12":"instock","13":"taxable","14":"shipping-taxable","15":"purchasable","16":"product-type-simple"},"acf":[],"yoast_head":"<!-- This site is optimized with the Yoast SEO plugin v27.3 - https:\/\/yoast.com\/product\/yoast-seo-wordpress\/ -->\n<title>Peque\u00f1as golondrinas revolotean bajo la lluvia<\/title>\n<meta name=\"description\" content=\"Peque\u00f1as golondrinas revolotean bajo la lluvia. \/ Mar\u00eda Vega R. Chihuahua, M\u00e9xico : Medusa Editores, 2023. (Colecci\u00f3n Luna de mar. Poes\u00eda).\" \/>\n<meta name=\"robots\" content=\"index, follow, max-snippet:-1, max-image-preview:large, max-video-preview:-1\" \/>\n<link rel=\"canonical\" href=\"https:\/\/booksfrommexico.com\/es\/producto\/pequenas-golondrinas-revolotean-bajo-la-lluvia\/\" \/>\n<meta property=\"og:locale\" content=\"es_ES\" \/>\n<meta property=\"og:type\" content=\"article\" \/>\n<meta property=\"og:title\" content=\"Peque\u00f1as golondrinas revolotean bajo la lluvia\" \/>\n<meta property=\"og:description\" content=\"Peque\u00f1as golondrinas revolotean bajo la lluvia. \/ Mar\u00eda Vega R. Chihuahua, M\u00e9xico : Medusa Editores, 2023. (Colecci\u00f3n Luna de mar. Poes\u00eda).\" \/>\n<meta property=\"og:url\" content=\"https:\/\/booksfrommexico.com\/es\/producto\/pequenas-golondrinas-revolotean-bajo-la-lluvia\/\" \/>\n<meta property=\"og:site_name\" content=\"Books From Mexico\" \/>\n<meta property=\"article:modified_time\" content=\"2024-05-02T23:33:54+00:00\" \/>\n<meta property=\"og:image\" content=\"http:\/\/booksfrommexico.com\/app\/uploads\/2024\/04\/201040.jpeg\" \/>\n\t<meta property=\"og:image:width\" content=\"315\" \/>\n\t<meta property=\"og:image:height\" content=\"496\" \/>\n\t<meta property=\"og:image:type\" content=\"image\/jpeg\" \/>\n<meta name=\"twitter:card\" content=\"summary_large_image\" \/>\n<meta name=\"twitter:label1\" content=\"Tiempo de lectura\" \/>\n\t<meta name=\"twitter:data1\" content=\"1 minuto\" \/>\n<script type=\"application\/ld+json\" class=\"yoast-schema-graph\">{\"@context\":\"https:\\\/\\\/schema.org\",\"@graph\":[{\"@type\":\"WebPage\",\"@id\":\"https:\\\/\\\/booksfrommexico.com\\\/es\\\/producto\\\/pequenas-golondrinas-revolotean-bajo-la-lluvia\\\/\",\"url\":\"https:\\\/\\\/booksfrommexico.com\\\/es\\\/producto\\\/pequenas-golondrinas-revolotean-bajo-la-lluvia\\\/\",\"name\":\"Peque\u00f1as golondrinas revolotean bajo la lluvia\",\"isPartOf\":{\"@id\":\"https:\\\/\\\/booksfrommexico.com\\\/#website\"},\"primaryImageOfPage\":{\"@id\":\"https:\\\/\\\/booksfrommexico.com\\\/es\\\/producto\\\/pequenas-golondrinas-revolotean-bajo-la-lluvia\\\/#primaryimage\"},\"image\":{\"@id\":\"https:\\\/\\\/booksfrommexico.com\\\/es\\\/producto\\\/pequenas-golondrinas-revolotean-bajo-la-lluvia\\\/#primaryimage\"},\"thumbnailUrl\":\"https:\\\/\\\/booksfrommexico.com\\\/app\\\/uploads\\\/2024\\\/04\\\/201040.jpeg\",\"datePublished\":\"2024-04-29T23:47:15+00:00\",\"dateModified\":\"2024-05-02T23:33:54+00:00\",\"description\":\"Peque\u00f1as golondrinas revolotean bajo la lluvia. \\\/ Mar\u00eda Vega R. Chihuahua, M\u00e9xico : Medusa Editores, 2023. (Colecci\u00f3n Luna de mar. Poes\u00eda).\",\"breadcrumb\":{\"@id\":\"https:\\\/\\\/booksfrommexico.com\\\/es\\\/producto\\\/pequenas-golondrinas-revolotean-bajo-la-lluvia\\\/#breadcrumb\"},\"inLanguage\":\"es\",\"potentialAction\":[{\"@type\":\"ReadAction\",\"target\":[\"https:\\\/\\\/booksfrommexico.com\\\/es\\\/producto\\\/pequenas-golondrinas-revolotean-bajo-la-lluvia\\\/\"]}]},{\"@type\":\"ImageObject\",\"inLanguage\":\"es\",\"@id\":\"https:\\\/\\\/booksfrommexico.com\\\/es\\\/producto\\\/pequenas-golondrinas-revolotean-bajo-la-lluvia\\\/#primaryimage\",\"url\":\"https:\\\/\\\/booksfrommexico.com\\\/app\\\/uploads\\\/2024\\\/04\\\/201040.jpeg\",\"contentUrl\":\"https:\\\/\\\/booksfrommexico.com\\\/app\\\/uploads\\\/2024\\\/04\\\/201040.jpeg\",\"width\":315,\"height\":496,\"caption\":\"peque\u00f1as golondrinas revolotean bajo la lluvia\"},{\"@type\":\"BreadcrumbList\",\"@id\":\"https:\\\/\\\/booksfrommexico.com\\\/es\\\/producto\\\/pequenas-golondrinas-revolotean-bajo-la-lluvia\\\/#breadcrumb\",\"itemListElement\":[{\"@type\":\"ListItem\",\"position\":1,\"name\":\"Home\",\"item\":\"https:\\\/\\\/booksfrommexico.com\\\/es\\\/\"},{\"@type\":\"ListItem\",\"position\":2,\"name\":\"Libros\",\"item\":\"https:\\\/\\\/booksfrommexico.com\\\/es\\\/libros\\\/\"},{\"@type\":\"ListItem\",\"position\":3,\"name\":\"Peque\u00f1as golondrinas revolotean bajo la lluvia\"}]},{\"@type\":\"WebSite\",\"@id\":\"https:\\\/\\\/booksfrommexico.com\\\/#website\",\"url\":\"https:\\\/\\\/booksfrommexico.com\\\/\",\"name\":\"Books From Mexico\",\"description\":\"\",\"publisher\":{\"@id\":\"https:\\\/\\\/booksfrommexico.com\\\/#organization\"},\"potentialAction\":[{\"@type\":\"SearchAction\",\"target\":{\"@type\":\"EntryPoint\",\"urlTemplate\":\"https:\\\/\\\/booksfrommexico.com\\\/?s={search_term_string}\"},\"query-input\":{\"@type\":\"PropertyValueSpecification\",\"valueRequired\":true,\"valueName\":\"search_term_string\"}}],\"inLanguage\":\"es\"},{\"@type\":\"Organization\",\"@id\":\"https:\\\/\\\/booksfrommexico.com\\\/#organization\",\"name\":\"Books From Mexico\",\"url\":\"https:\\\/\\\/booksfrommexico.com\\\/\",\"logo\":{\"@type\":\"ImageObject\",\"inLanguage\":\"es\",\"@id\":\"https:\\\/\\\/booksfrommexico.com\\\/#\\\/schema\\\/logo\\\/image\\\/\",\"url\":\"https:\\\/\\\/booksfrommexico.com\\\/app\\\/uploads\\\/2023\\\/05\\\/logo-booksfrommexico.svg\",\"contentUrl\":\"https:\\\/\\\/booksfrommexico.com\\\/app\\\/uploads\\\/2023\\\/05\\\/logo-booksfrommexico.svg\",\"width\":86,\"height\":56,\"caption\":\"Books From Mexico\"},\"image\":{\"@id\":\"https:\\\/\\\/booksfrommexico.com\\\/#\\\/schema\\\/logo\\\/image\\\/\"}}]}<\/script>\n<!-- \/ Yoast SEO plugin. -->","yoast_head_json":{"title":"Peque\u00f1as golondrinas revolotean bajo la lluvia","description":"Peque\u00f1as golondrinas revolotean bajo la lluvia. \/ Mar\u00eda Vega R. Chihuahua, M\u00e9xico : Medusa Editores, 2023. (Colecci\u00f3n Luna de mar. Poes\u00eda).","robots":{"index":"index","follow":"follow","max-snippet":"max-snippet:-1","max-image-preview":"max-image-preview:large","max-video-preview":"max-video-preview:-1"},"canonical":"https:\/\/booksfrommexico.com\/es\/producto\/pequenas-golondrinas-revolotean-bajo-la-lluvia\/","og_locale":"es_ES","og_type":"article","og_title":"Peque\u00f1as golondrinas revolotean bajo la lluvia","og_description":"Peque\u00f1as golondrinas revolotean bajo la lluvia. \/ Mar\u00eda Vega R. Chihuahua, M\u00e9xico : Medusa Editores, 2023. (Colecci\u00f3n Luna de mar. Poes\u00eda).","og_url":"https:\/\/booksfrommexico.com\/es\/producto\/pequenas-golondrinas-revolotean-bajo-la-lluvia\/","og_site_name":"Books From Mexico","article_modified_time":"2024-05-02T23:33:54+00:00","og_image":[{"width":315,"height":496,"url":"http:\/\/booksfrommexico.com\/app\/uploads\/2024\/04\/201040.jpeg","type":"image\/jpeg"}],"twitter_card":"summary_large_image","twitter_misc":{"Tiempo de lectura":"1 minuto"},"schema":{"@context":"https:\/\/schema.org","@graph":[{"@type":"WebPage","@id":"https:\/\/booksfrommexico.com\/es\/producto\/pequenas-golondrinas-revolotean-bajo-la-lluvia\/","url":"https:\/\/booksfrommexico.com\/es\/producto\/pequenas-golondrinas-revolotean-bajo-la-lluvia\/","name":"Peque\u00f1as golondrinas revolotean bajo la lluvia","isPartOf":{"@id":"https:\/\/booksfrommexico.com\/#website"},"primaryImageOfPage":{"@id":"https:\/\/booksfrommexico.com\/es\/producto\/pequenas-golondrinas-revolotean-bajo-la-lluvia\/#primaryimage"},"image":{"@id":"https:\/\/booksfrommexico.com\/es\/producto\/pequenas-golondrinas-revolotean-bajo-la-lluvia\/#primaryimage"},"thumbnailUrl":"https:\/\/booksfrommexico.com\/app\/uploads\/2024\/04\/201040.jpeg","datePublished":"2024-04-29T23:47:15+00:00","dateModified":"2024-05-02T23:33:54+00:00","description":"Peque\u00f1as golondrinas revolotean bajo la lluvia. \/ Mar\u00eda Vega R. Chihuahua, M\u00e9xico : Medusa Editores, 2023. (Colecci\u00f3n Luna de mar. Poes\u00eda).","breadcrumb":{"@id":"https:\/\/booksfrommexico.com\/es\/producto\/pequenas-golondrinas-revolotean-bajo-la-lluvia\/#breadcrumb"},"inLanguage":"es","potentialAction":[{"@type":"ReadAction","target":["https:\/\/booksfrommexico.com\/es\/producto\/pequenas-golondrinas-revolotean-bajo-la-lluvia\/"]}]},{"@type":"ImageObject","inLanguage":"es","@id":"https:\/\/booksfrommexico.com\/es\/producto\/pequenas-golondrinas-revolotean-bajo-la-lluvia\/#primaryimage","url":"https:\/\/booksfrommexico.com\/app\/uploads\/2024\/04\/201040.jpeg","contentUrl":"https:\/\/booksfrommexico.com\/app\/uploads\/2024\/04\/201040.jpeg","width":315,"height":496,"caption":"peque\u00f1as golondrinas revolotean bajo la lluvia"},{"@type":"BreadcrumbList","@id":"https:\/\/booksfrommexico.com\/es\/producto\/pequenas-golondrinas-revolotean-bajo-la-lluvia\/#breadcrumb","itemListElement":[{"@type":"ListItem","position":1,"name":"Home","item":"https:\/\/booksfrommexico.com\/es\/"},{"@type":"ListItem","position":2,"name":"Libros","item":"https:\/\/booksfrommexico.com\/es\/libros\/"},{"@type":"ListItem","position":3,"name":"Peque\u00f1as golondrinas revolotean bajo la lluvia"}]},{"@type":"WebSite","@id":"https:\/\/booksfrommexico.com\/#website","url":"https:\/\/booksfrommexico.com\/","name":"Books From Mexico","description":"","publisher":{"@id":"https:\/\/booksfrommexico.com\/#organization"},"potentialAction":[{"@type":"SearchAction","target":{"@type":"EntryPoint","urlTemplate":"https:\/\/booksfrommexico.com\/?s={search_term_string}"},"query-input":{"@type":"PropertyValueSpecification","valueRequired":true,"valueName":"search_term_string"}}],"inLanguage":"es"},{"@type":"Organization","@id":"https:\/\/booksfrommexico.com\/#organization","name":"Books From Mexico","url":"https:\/\/booksfrommexico.com\/","logo":{"@type":"ImageObject","inLanguage":"es","@id":"https:\/\/booksfrommexico.com\/#\/schema\/logo\/image\/","url":"https:\/\/booksfrommexico.com\/app\/uploads\/2023\/05\/logo-booksfrommexico.svg","contentUrl":"https:\/\/booksfrommexico.com\/app\/uploads\/2023\/05\/logo-booksfrommexico.svg","width":86,"height":56,"caption":"Books From Mexico"},"image":{"@id":"https:\/\/booksfrommexico.com\/#\/schema\/logo\/image\/"}}]}},"_links":{"self":[{"href":"https:\/\/booksfrommexico.com\/es\/wp-json\/wp\/v2\/product\/5978","targetHints":{"allow":["GET"]}}],"collection":[{"href":"https:\/\/booksfrommexico.com\/es\/wp-json\/wp\/v2\/product"}],"about":[{"href":"https:\/\/booksfrommexico.com\/es\/wp-json\/wp\/v2\/types\/product"}],"wp:featuredmedia":[{"embeddable":true,"href":"https:\/\/booksfrommexico.com\/es\/wp-json\/wp\/v2\/media\/6070"}],"wp:attachment":[{"href":"https:\/\/booksfrommexico.com\/es\/wp-json\/wp\/v2\/media?parent=5978"}],"wp:term":[{"taxonomy":"product_brand","embeddable":true,"href":"https:\/\/booksfrommexico.com\/es\/wp-json\/wp\/v2\/product_brand?post=5978"},{"taxonomy":"product_cat","embeddable":true,"href":"https:\/\/booksfrommexico.com\/es\/wp-json\/wp\/v2\/product_cat?post=5978"},{"taxonomy":"product_tag","embeddable":true,"href":"https:\/\/booksfrommexico.com\/es\/wp-json\/wp\/v2\/product_tag?post=5978"}],"curies":[{"name":"wp","href":"https:\/\/api.w.org\/{rel}","templated":true}]}}