{"id":5979,"date":"2024-04-29T23:47:15","date_gmt":"2024-04-29T23:47:15","guid":{"rendered":"https:\/\/booksfrommexico.com\/product\/perdedores\/"},"modified":"2024-05-03T20:14:02","modified_gmt":"2024-05-03T20:14:02","slug":"perdedores","status":"publish","type":"product","link":"https:\/\/booksfrommexico.com\/es\/producto\/perdedores\/","title":{"rendered":"Perdedores"},"content":{"rendered":"<p><span style=\"font-weight: 400;\">Hugo Servando S\u00e1nchez es un poeta y narrador chihuahuense que ha publicado tanto de manera individual como en diversas antolog\u00edas, as\u00ed como ha participado en encuentros literarios nacionales e internacionales. En los poemas contenidos aqu\u00ed el autor muestra una realidad lejos del poder econ\u00f3mico y los beneficios que \u00e9ste confiere, dejando ver al lector peque\u00f1as piezas de lo que la precariedad implica en el d\u00eda a d\u00eda. Estos versos no se empe\u00f1an en dar un juicio de valor acerca de las escenas que muestran, sino en narrarlas con naturalidad, con todo lo positivo y negativo que implican, impregnadas con un aire de tiempos pasados.<\/span><\/p>\n","protected":false},"excerpt":{"rendered":"<p>PERDEDORES<span style=\"font-weight: 400;\">. \/ Hugo Servando S\u00e1nchez. Chihuahua, M\u00e9xico : Medusa Editores, 2023. 109 pages ; 22 cm. ISBN : 9786075956541.<\/span><\/p>\n<p><br style=\"font-weight: 400;\" \/><br style=\"font-weight: 400;\" \/><\/p>\n","protected":false},"featured_media":6094,"template":"","meta":{"_acf_changed":false,"inline_featured_image":false},"product_brand":[],"product_cat":[25,32],"product_tag":[4115,4180,3598],"class_list":{"0":"post-5979","1":"product","2":"type-product","3":"status-publish","4":"has-post-thumbnail","6":"product_cat-literatura","7":"product_cat-poesia-literatura","8":"product_tag-poesia-es","9":"product_tag-poesia-contemporanea","10":"product_tag-poesia-mexicana","12":"first","13":"instock","14":"taxable","15":"shipping-taxable","16":"purchasable","17":"product-type-simple"},"acf":[],"yoast_head":"<!-- This site is optimized with the Yoast SEO plugin v27.2 - https:\/\/yoast.com\/product\/yoast-seo-wordpress\/ -->\n<title>Perdedores<\/title>\n<meta name=\"description\" content=\"PERDEDORES. \/ Hugo Servando S\u00e1nchez. Chihuahua, M\u00e9xico : Medusa Editores, 2023. 109 pages ; 22 cm. ISBN : 9786075956541. [Poes\u00eda].\" \/>\n<meta name=\"robots\" content=\"index, follow, max-snippet:-1, max-image-preview:large, max-video-preview:-1\" \/>\n<link rel=\"canonical\" href=\"https:\/\/booksfrommexico.com\/es\/producto\/perdedores\/\" \/>\n<meta property=\"og:locale\" content=\"es_ES\" \/>\n<meta property=\"og:type\" content=\"article\" \/>\n<meta property=\"og:title\" content=\"Perdedores\" \/>\n<meta property=\"og:description\" content=\"PERDEDORES. \/ Hugo Servando S\u00e1nchez. Chihuahua, M\u00e9xico : Medusa Editores, 2023. 109 pages ; 22 cm. ISBN : 9786075956541. [Poes\u00eda].\" \/>\n<meta property=\"og:url\" content=\"https:\/\/booksfrommexico.com\/es\/producto\/perdedores\/\" \/>\n<meta property=\"og:site_name\" content=\"Books From Mexico\" \/>\n<meta property=\"article:modified_time\" content=\"2024-05-03T20:14:02+00:00\" \/>\n<meta property=\"og:image\" content=\"http:\/\/booksfrommexico.com\/app\/uploads\/2024\/04\/201047.jpeg\" \/>\n\t<meta property=\"og:image:width\" content=\"402\" \/>\n\t<meta property=\"og:image:height\" content=\"616\" \/>\n\t<meta property=\"og:image:type\" content=\"image\/jpeg\" \/>\n<meta name=\"twitter:card\" content=\"summary_large_image\" \/>\n<meta name=\"twitter:label1\" content=\"Tiempo de lectura\" \/>\n\t<meta name=\"twitter:data1\" content=\"1 minuto\" \/>\n<script type=\"application\/ld+json\" class=\"yoast-schema-graph\">{\"@context\":\"https:\/\/schema.org\",\"@graph\":[{\"@type\":\"WebPage\",\"@id\":\"https:\/\/booksfrommexico.com\/es\/producto\/perdedores\/\",\"url\":\"https:\/\/booksfrommexico.com\/es\/producto\/perdedores\/\",\"name\":\"Perdedores\",\"isPartOf\":{\"@id\":\"https:\/\/booksfrommexico.com\/#website\"},\"primaryImageOfPage\":{\"@id\":\"https:\/\/booksfrommexico.com\/es\/producto\/perdedores\/#primaryimage\"},\"image\":{\"@id\":\"https:\/\/booksfrommexico.com\/es\/producto\/perdedores\/#primaryimage\"},\"thumbnailUrl\":\"https:\/\/booksfrommexico.com\/app\/uploads\/2024\/04\/201047.jpeg\",\"datePublished\":\"2024-04-29T23:47:15+00:00\",\"dateModified\":\"2024-05-03T20:14:02+00:00\",\"description\":\"PERDEDORES. \/ Hugo Servando S\u00e1nchez. Chihuahua, M\u00e9xico : Medusa Editores, 2023. 109 pages ; 22 cm. ISBN : 9786075956541. [Poes\u00eda].\",\"breadcrumb\":{\"@id\":\"https:\/\/booksfrommexico.com\/es\/producto\/perdedores\/#breadcrumb\"},\"inLanguage\":\"es\",\"potentialAction\":[{\"@type\":\"ReadAction\",\"target\":[\"https:\/\/booksfrommexico.com\/es\/producto\/perdedores\/\"]}]},{\"@type\":\"ImageObject\",\"inLanguage\":\"es\",\"@id\":\"https:\/\/booksfrommexico.com\/es\/producto\/perdedores\/#primaryimage\",\"url\":\"https:\/\/booksfrommexico.com\/app\/uploads\/2024\/04\/201047.jpeg\",\"contentUrl\":\"https:\/\/booksfrommexico.com\/app\/uploads\/2024\/04\/201047.jpeg\",\"width\":402,\"height\":616,\"caption\":\"Perdedores\"},{\"@type\":\"BreadcrumbList\",\"@id\":\"https:\/\/booksfrommexico.com\/es\/producto\/perdedores\/#breadcrumb\",\"itemListElement\":[{\"@type\":\"ListItem\",\"position\":1,\"name\":\"Home\",\"item\":\"https:\/\/booksfrommexico.com\/es\/\"},{\"@type\":\"ListItem\",\"position\":2,\"name\":\"Libros\",\"item\":\"https:\/\/booksfrommexico.com\/es\/libros\/\"},{\"@type\":\"ListItem\",\"position\":3,\"name\":\"Perdedores\"}]},{\"@type\":\"WebSite\",\"@id\":\"https:\/\/booksfrommexico.com\/#website\",\"url\":\"https:\/\/booksfrommexico.com\/\",\"name\":\"Books From Mexico\",\"description\":\"\",\"publisher\":{\"@id\":\"https:\/\/booksfrommexico.com\/#organization\"},\"potentialAction\":[{\"@type\":\"SearchAction\",\"target\":{\"@type\":\"EntryPoint\",\"urlTemplate\":\"https:\/\/booksfrommexico.com\/?s={search_term_string}\"},\"query-input\":{\"@type\":\"PropertyValueSpecification\",\"valueRequired\":true,\"valueName\":\"search_term_string\"}}],\"inLanguage\":\"es\"},{\"@type\":\"Organization\",\"@id\":\"https:\/\/booksfrommexico.com\/#organization\",\"name\":\"Books From Mexico\",\"url\":\"https:\/\/booksfrommexico.com\/\",\"logo\":{\"@type\":\"ImageObject\",\"inLanguage\":\"es\",\"@id\":\"https:\/\/booksfrommexico.com\/#\/schema\/logo\/image\/\",\"url\":\"https:\/\/booksfrommexico.com\/app\/uploads\/2023\/05\/logo-booksfrommexico.svg\",\"contentUrl\":\"https:\/\/booksfrommexico.com\/app\/uploads\/2023\/05\/logo-booksfrommexico.svg\",\"width\":86,\"height\":56,\"caption\":\"Books From Mexico\"},\"image\":{\"@id\":\"https:\/\/booksfrommexico.com\/#\/schema\/logo\/image\/\"}}]}<\/script>\n<!-- \/ Yoast SEO plugin. -->","yoast_head_json":{"title":"Perdedores","description":"PERDEDORES. \/ Hugo Servando S\u00e1nchez. Chihuahua, M\u00e9xico : Medusa Editores, 2023. 109 pages ; 22 cm. ISBN : 9786075956541. [Poes\u00eda].","robots":{"index":"index","follow":"follow","max-snippet":"max-snippet:-1","max-image-preview":"max-image-preview:large","max-video-preview":"max-video-preview:-1"},"canonical":"https:\/\/booksfrommexico.com\/es\/producto\/perdedores\/","og_locale":"es_ES","og_type":"article","og_title":"Perdedores","og_description":"PERDEDORES. \/ Hugo Servando S\u00e1nchez. Chihuahua, M\u00e9xico : Medusa Editores, 2023. 109 pages ; 22 cm. ISBN : 9786075956541. [Poes\u00eda].","og_url":"https:\/\/booksfrommexico.com\/es\/producto\/perdedores\/","og_site_name":"Books From Mexico","article_modified_time":"2024-05-03T20:14:02+00:00","og_image":[{"width":402,"height":616,"url":"http:\/\/booksfrommexico.com\/app\/uploads\/2024\/04\/201047.jpeg","type":"image\/jpeg"}],"twitter_card":"summary_large_image","twitter_misc":{"Tiempo de lectura":"1 minuto"},"schema":{"@context":"https:\/\/schema.org","@graph":[{"@type":"WebPage","@id":"https:\/\/booksfrommexico.com\/es\/producto\/perdedores\/","url":"https:\/\/booksfrommexico.com\/es\/producto\/perdedores\/","name":"Perdedores","isPartOf":{"@id":"https:\/\/booksfrommexico.com\/#website"},"primaryImageOfPage":{"@id":"https:\/\/booksfrommexico.com\/es\/producto\/perdedores\/#primaryimage"},"image":{"@id":"https:\/\/booksfrommexico.com\/es\/producto\/perdedores\/#primaryimage"},"thumbnailUrl":"https:\/\/booksfrommexico.com\/app\/uploads\/2024\/04\/201047.jpeg","datePublished":"2024-04-29T23:47:15+00:00","dateModified":"2024-05-03T20:14:02+00:00","description":"PERDEDORES. \/ Hugo Servando S\u00e1nchez. Chihuahua, M\u00e9xico : Medusa Editores, 2023. 109 pages ; 22 cm. ISBN : 9786075956541. [Poes\u00eda].","breadcrumb":{"@id":"https:\/\/booksfrommexico.com\/es\/producto\/perdedores\/#breadcrumb"},"inLanguage":"es","potentialAction":[{"@type":"ReadAction","target":["https:\/\/booksfrommexico.com\/es\/producto\/perdedores\/"]}]},{"@type":"ImageObject","inLanguage":"es","@id":"https:\/\/booksfrommexico.com\/es\/producto\/perdedores\/#primaryimage","url":"https:\/\/booksfrommexico.com\/app\/uploads\/2024\/04\/201047.jpeg","contentUrl":"https:\/\/booksfrommexico.com\/app\/uploads\/2024\/04\/201047.jpeg","width":402,"height":616,"caption":"Perdedores"},{"@type":"BreadcrumbList","@id":"https:\/\/booksfrommexico.com\/es\/producto\/perdedores\/#breadcrumb","itemListElement":[{"@type":"ListItem","position":1,"name":"Home","item":"https:\/\/booksfrommexico.com\/es\/"},{"@type":"ListItem","position":2,"name":"Libros","item":"https:\/\/booksfrommexico.com\/es\/libros\/"},{"@type":"ListItem","position":3,"name":"Perdedores"}]},{"@type":"WebSite","@id":"https:\/\/booksfrommexico.com\/#website","url":"https:\/\/booksfrommexico.com\/","name":"Books From Mexico","description":"","publisher":{"@id":"https:\/\/booksfrommexico.com\/#organization"},"potentialAction":[{"@type":"SearchAction","target":{"@type":"EntryPoint","urlTemplate":"https:\/\/booksfrommexico.com\/?s={search_term_string}"},"query-input":{"@type":"PropertyValueSpecification","valueRequired":true,"valueName":"search_term_string"}}],"inLanguage":"es"},{"@type":"Organization","@id":"https:\/\/booksfrommexico.com\/#organization","name":"Books From Mexico","url":"https:\/\/booksfrommexico.com\/","logo":{"@type":"ImageObject","inLanguage":"es","@id":"https:\/\/booksfrommexico.com\/#\/schema\/logo\/image\/","url":"https:\/\/booksfrommexico.com\/app\/uploads\/2023\/05\/logo-booksfrommexico.svg","contentUrl":"https:\/\/booksfrommexico.com\/app\/uploads\/2023\/05\/logo-booksfrommexico.svg","width":86,"height":56,"caption":"Books From Mexico"},"image":{"@id":"https:\/\/booksfrommexico.com\/#\/schema\/logo\/image\/"}}]}},"_links":{"self":[{"href":"https:\/\/booksfrommexico.com\/es\/wp-json\/wp\/v2\/product\/5979","targetHints":{"allow":["GET"]}}],"collection":[{"href":"https:\/\/booksfrommexico.com\/es\/wp-json\/wp\/v2\/product"}],"about":[{"href":"https:\/\/booksfrommexico.com\/es\/wp-json\/wp\/v2\/types\/product"}],"wp:featuredmedia":[{"embeddable":true,"href":"https:\/\/booksfrommexico.com\/es\/wp-json\/wp\/v2\/media\/6094"}],"wp:attachment":[{"href":"https:\/\/booksfrommexico.com\/es\/wp-json\/wp\/v2\/media?parent=5979"}],"wp:term":[{"taxonomy":"product_brand","embeddable":true,"href":"https:\/\/booksfrommexico.com\/es\/wp-json\/wp\/v2\/product_brand?post=5979"},{"taxonomy":"product_cat","embeddable":true,"href":"https:\/\/booksfrommexico.com\/es\/wp-json\/wp\/v2\/product_cat?post=5979"},{"taxonomy":"product_tag","embeddable":true,"href":"https:\/\/booksfrommexico.com\/es\/wp-json\/wp\/v2\/product_tag?post=5979"}],"curies":[{"name":"wp","href":"https:\/\/api.w.org\/{rel}","templated":true}]}}