{"id":5980,"date":"2024-04-29T23:47:15","date_gmt":"2024-04-29T23:47:15","guid":{"rendered":"https:\/\/booksfrommexico.com\/product\/pero-lo-recuerdo-como-si-fuera-cierto\/"},"modified":"2024-09-03T23:41:02","modified_gmt":"2024-09-03T23:41:02","slug":"pero-lo-recuerdo-como-si-fuera-cierto","status":"publish","type":"product","link":"https:\/\/booksfrommexico.com\/es\/producto\/pero-lo-recuerdo-como-si-fuera-cierto\/","title":{"rendered":"Pero lo recuerdo como si fuera cierto"},"content":{"rendered":"<p><span style=\"font-weight: 400;\">Ruby Myers ha escrito y colaborado en diversos poemarios, as\u00ed como ha aportado su trabajo para antolog\u00edas y revistas en la secci\u00f3n de poes\u00eda. Con un estilo cargado de melancol\u00eda y reflexi\u00f3n, en este t\u00edtulo, se presentan una serie de poemas que son una oda al pasado y todo lo que reside en \u00e9l: las personas, las experiencias, los sentimientos. En estos versos la autora plasma las nostalgias de\u00a0 su familia y de amores pasados, errores y resentimientos que tiene con ella misma y con las circunstancias, cuestionamientos sobre sus decisiones, as\u00ed como heridas y ausencias que le han dejado la p\u00e9rdida.<\/span><\/p>\n","protected":false},"excerpt":{"rendered":"<p>PERO LO RECUERDO COMO SI FUERA CIERTO<span style=\"font-weight: 400;\">. \/ Ruby Myers. Chihuahua, M\u00e9xico : Medusa Editores, 2023. 189 pages ; 22 cm. ISBN : 9786075956503.<\/span><\/p>\n","protected":false},"featured_media":6082,"template":"","meta":{"_acf_changed":false,"inline_featured_image":false},"product_brand":[],"product_cat":[25,32],"product_tag":[4225,4115,4180],"class_list":{"0":"post-5980","1":"product","2":"type-product","3":"status-publish","4":"has-post-thumbnail","6":"product_cat-literatura","7":"product_cat-poesia-literatura","8":"product_tag-mujeres-literatura","9":"product_tag-poesia-es","10":"product_tag-poesia-contemporanea","12":"first","13":"outofstock","14":"taxable","15":"shipping-taxable","16":"purchasable","17":"product-type-simple"},"acf":[],"yoast_head":"<!-- This site is optimized with the Yoast SEO plugin v27.3 - https:\/\/yoast.com\/product\/yoast-seo-wordpress\/ -->\n<title>Pero lo recuerdo como si fuera cierto<\/title>\n<meta name=\"description\" content=\"PERO LO RECUERDO COMO SI FUERA CIERTO. \/ Ruby Myers. Chihuahua, M\u00e9xico : Medusa Editores, 2023. 189 pages ; 22 cm. ISBN : 9786075956503.\" \/>\n<meta name=\"robots\" content=\"index, follow, max-snippet:-1, max-image-preview:large, max-video-preview:-1\" \/>\n<link rel=\"canonical\" href=\"https:\/\/booksfrommexico.com\/es\/producto\/pero-lo-recuerdo-como-si-fuera-cierto\/\" \/>\n<meta property=\"og:locale\" content=\"es_ES\" \/>\n<meta property=\"og:type\" content=\"article\" \/>\n<meta property=\"og:title\" content=\"Pero lo recuerdo como si fuera cierto\" \/>\n<meta property=\"og:description\" content=\"PERO LO RECUERDO COMO SI FUERA CIERTO. \/ Ruby Myers. Chihuahua, M\u00e9xico : Medusa Editores, 2023. 189 pages ; 22 cm. ISBN : 9786075956503.\" \/>\n<meta property=\"og:url\" content=\"https:\/\/booksfrommexico.com\/es\/producto\/pero-lo-recuerdo-como-si-fuera-cierto\/\" \/>\n<meta property=\"og:site_name\" content=\"Books From Mexico\" \/>\n<meta property=\"article:modified_time\" content=\"2024-09-03T23:41:02+00:00\" \/>\n<meta property=\"og:image\" content=\"http:\/\/booksfrommexico.com\/app\/uploads\/2024\/04\/201042.jpeg\" \/>\n\t<meta property=\"og:image:width\" content=\"398\" \/>\n\t<meta property=\"og:image:height\" content=\"624\" \/>\n\t<meta property=\"og:image:type\" content=\"image\/jpeg\" \/>\n<meta name=\"twitter:card\" content=\"summary_large_image\" \/>\n<meta name=\"twitter:label1\" content=\"Tiempo de lectura\" \/>\n\t<meta name=\"twitter:data1\" content=\"1 minuto\" \/>\n<script type=\"application\/ld+json\" class=\"yoast-schema-graph\">{\"@context\":\"https:\\\/\\\/schema.org\",\"@graph\":[{\"@type\":\"WebPage\",\"@id\":\"https:\\\/\\\/booksfrommexico.com\\\/es\\\/producto\\\/pero-lo-recuerdo-como-si-fuera-cierto\\\/\",\"url\":\"https:\\\/\\\/booksfrommexico.com\\\/es\\\/producto\\\/pero-lo-recuerdo-como-si-fuera-cierto\\\/\",\"name\":\"Pero lo recuerdo como si fuera cierto\",\"isPartOf\":{\"@id\":\"https:\\\/\\\/booksfrommexico.com\\\/#website\"},\"primaryImageOfPage\":{\"@id\":\"https:\\\/\\\/booksfrommexico.com\\\/es\\\/producto\\\/pero-lo-recuerdo-como-si-fuera-cierto\\\/#primaryimage\"},\"image\":{\"@id\":\"https:\\\/\\\/booksfrommexico.com\\\/es\\\/producto\\\/pero-lo-recuerdo-como-si-fuera-cierto\\\/#primaryimage\"},\"thumbnailUrl\":\"https:\\\/\\\/booksfrommexico.com\\\/app\\\/uploads\\\/2024\\\/04\\\/201042.jpeg\",\"datePublished\":\"2024-04-29T23:47:15+00:00\",\"dateModified\":\"2024-09-03T23:41:02+00:00\",\"description\":\"PERO LO RECUERDO COMO SI FUERA CIERTO. \\\/ Ruby Myers. Chihuahua, M\u00e9xico : Medusa Editores, 2023. 189 pages ; 22 cm. ISBN : 9786075956503.\",\"breadcrumb\":{\"@id\":\"https:\\\/\\\/booksfrommexico.com\\\/es\\\/producto\\\/pero-lo-recuerdo-como-si-fuera-cierto\\\/#breadcrumb\"},\"inLanguage\":\"es\",\"potentialAction\":[{\"@type\":\"ReadAction\",\"target\":[\"https:\\\/\\\/booksfrommexico.com\\\/es\\\/producto\\\/pero-lo-recuerdo-como-si-fuera-cierto\\\/\"]}]},{\"@type\":\"ImageObject\",\"inLanguage\":\"es\",\"@id\":\"https:\\\/\\\/booksfrommexico.com\\\/es\\\/producto\\\/pero-lo-recuerdo-como-si-fuera-cierto\\\/#primaryimage\",\"url\":\"https:\\\/\\\/booksfrommexico.com\\\/app\\\/uploads\\\/2024\\\/04\\\/201042.jpeg\",\"contentUrl\":\"https:\\\/\\\/booksfrommexico.com\\\/app\\\/uploads\\\/2024\\\/04\\\/201042.jpeg\",\"width\":398,\"height\":624,\"caption\":\"Pero lo recuerdo como si fuera cierto\"},{\"@type\":\"BreadcrumbList\",\"@id\":\"https:\\\/\\\/booksfrommexico.com\\\/es\\\/producto\\\/pero-lo-recuerdo-como-si-fuera-cierto\\\/#breadcrumb\",\"itemListElement\":[{\"@type\":\"ListItem\",\"position\":1,\"name\":\"Home\",\"item\":\"https:\\\/\\\/booksfrommexico.com\\\/es\\\/\"},{\"@type\":\"ListItem\",\"position\":2,\"name\":\"Libros\",\"item\":\"https:\\\/\\\/booksfrommexico.com\\\/es\\\/libros\\\/\"},{\"@type\":\"ListItem\",\"position\":3,\"name\":\"Pero lo recuerdo como si fuera cierto\"}]},{\"@type\":\"WebSite\",\"@id\":\"https:\\\/\\\/booksfrommexico.com\\\/#website\",\"url\":\"https:\\\/\\\/booksfrommexico.com\\\/\",\"name\":\"Books From Mexico\",\"description\":\"\",\"publisher\":{\"@id\":\"https:\\\/\\\/booksfrommexico.com\\\/#organization\"},\"potentialAction\":[{\"@type\":\"SearchAction\",\"target\":{\"@type\":\"EntryPoint\",\"urlTemplate\":\"https:\\\/\\\/booksfrommexico.com\\\/?s={search_term_string}\"},\"query-input\":{\"@type\":\"PropertyValueSpecification\",\"valueRequired\":true,\"valueName\":\"search_term_string\"}}],\"inLanguage\":\"es\"},{\"@type\":\"Organization\",\"@id\":\"https:\\\/\\\/booksfrommexico.com\\\/#organization\",\"name\":\"Books From Mexico\",\"url\":\"https:\\\/\\\/booksfrommexico.com\\\/\",\"logo\":{\"@type\":\"ImageObject\",\"inLanguage\":\"es\",\"@id\":\"https:\\\/\\\/booksfrommexico.com\\\/#\\\/schema\\\/logo\\\/image\\\/\",\"url\":\"https:\\\/\\\/booksfrommexico.com\\\/app\\\/uploads\\\/2023\\\/05\\\/logo-booksfrommexico.svg\",\"contentUrl\":\"https:\\\/\\\/booksfrommexico.com\\\/app\\\/uploads\\\/2023\\\/05\\\/logo-booksfrommexico.svg\",\"width\":86,\"height\":56,\"caption\":\"Books From Mexico\"},\"image\":{\"@id\":\"https:\\\/\\\/booksfrommexico.com\\\/#\\\/schema\\\/logo\\\/image\\\/\"}}]}<\/script>\n<!-- \/ Yoast SEO plugin. -->","yoast_head_json":{"title":"Pero lo recuerdo como si fuera cierto","description":"PERO LO RECUERDO COMO SI FUERA CIERTO. \/ Ruby Myers. Chihuahua, M\u00e9xico : Medusa Editores, 2023. 189 pages ; 22 cm. ISBN : 9786075956503.","robots":{"index":"index","follow":"follow","max-snippet":"max-snippet:-1","max-image-preview":"max-image-preview:large","max-video-preview":"max-video-preview:-1"},"canonical":"https:\/\/booksfrommexico.com\/es\/producto\/pero-lo-recuerdo-como-si-fuera-cierto\/","og_locale":"es_ES","og_type":"article","og_title":"Pero lo recuerdo como si fuera cierto","og_description":"PERO LO RECUERDO COMO SI FUERA CIERTO. \/ Ruby Myers. Chihuahua, M\u00e9xico : Medusa Editores, 2023. 189 pages ; 22 cm. ISBN : 9786075956503.","og_url":"https:\/\/booksfrommexico.com\/es\/producto\/pero-lo-recuerdo-como-si-fuera-cierto\/","og_site_name":"Books From Mexico","article_modified_time":"2024-09-03T23:41:02+00:00","og_image":[{"width":398,"height":624,"url":"http:\/\/booksfrommexico.com\/app\/uploads\/2024\/04\/201042.jpeg","type":"image\/jpeg"}],"twitter_card":"summary_large_image","twitter_misc":{"Tiempo de lectura":"1 minuto"},"schema":{"@context":"https:\/\/schema.org","@graph":[{"@type":"WebPage","@id":"https:\/\/booksfrommexico.com\/es\/producto\/pero-lo-recuerdo-como-si-fuera-cierto\/","url":"https:\/\/booksfrommexico.com\/es\/producto\/pero-lo-recuerdo-como-si-fuera-cierto\/","name":"Pero lo recuerdo como si fuera cierto","isPartOf":{"@id":"https:\/\/booksfrommexico.com\/#website"},"primaryImageOfPage":{"@id":"https:\/\/booksfrommexico.com\/es\/producto\/pero-lo-recuerdo-como-si-fuera-cierto\/#primaryimage"},"image":{"@id":"https:\/\/booksfrommexico.com\/es\/producto\/pero-lo-recuerdo-como-si-fuera-cierto\/#primaryimage"},"thumbnailUrl":"https:\/\/booksfrommexico.com\/app\/uploads\/2024\/04\/201042.jpeg","datePublished":"2024-04-29T23:47:15+00:00","dateModified":"2024-09-03T23:41:02+00:00","description":"PERO LO RECUERDO COMO SI FUERA CIERTO. \/ Ruby Myers. Chihuahua, M\u00e9xico : Medusa Editores, 2023. 189 pages ; 22 cm. ISBN : 9786075956503.","breadcrumb":{"@id":"https:\/\/booksfrommexico.com\/es\/producto\/pero-lo-recuerdo-como-si-fuera-cierto\/#breadcrumb"},"inLanguage":"es","potentialAction":[{"@type":"ReadAction","target":["https:\/\/booksfrommexico.com\/es\/producto\/pero-lo-recuerdo-como-si-fuera-cierto\/"]}]},{"@type":"ImageObject","inLanguage":"es","@id":"https:\/\/booksfrommexico.com\/es\/producto\/pero-lo-recuerdo-como-si-fuera-cierto\/#primaryimage","url":"https:\/\/booksfrommexico.com\/app\/uploads\/2024\/04\/201042.jpeg","contentUrl":"https:\/\/booksfrommexico.com\/app\/uploads\/2024\/04\/201042.jpeg","width":398,"height":624,"caption":"Pero lo recuerdo como si fuera cierto"},{"@type":"BreadcrumbList","@id":"https:\/\/booksfrommexico.com\/es\/producto\/pero-lo-recuerdo-como-si-fuera-cierto\/#breadcrumb","itemListElement":[{"@type":"ListItem","position":1,"name":"Home","item":"https:\/\/booksfrommexico.com\/es\/"},{"@type":"ListItem","position":2,"name":"Libros","item":"https:\/\/booksfrommexico.com\/es\/libros\/"},{"@type":"ListItem","position":3,"name":"Pero lo recuerdo como si fuera cierto"}]},{"@type":"WebSite","@id":"https:\/\/booksfrommexico.com\/#website","url":"https:\/\/booksfrommexico.com\/","name":"Books From Mexico","description":"","publisher":{"@id":"https:\/\/booksfrommexico.com\/#organization"},"potentialAction":[{"@type":"SearchAction","target":{"@type":"EntryPoint","urlTemplate":"https:\/\/booksfrommexico.com\/?s={search_term_string}"},"query-input":{"@type":"PropertyValueSpecification","valueRequired":true,"valueName":"search_term_string"}}],"inLanguage":"es"},{"@type":"Organization","@id":"https:\/\/booksfrommexico.com\/#organization","name":"Books From Mexico","url":"https:\/\/booksfrommexico.com\/","logo":{"@type":"ImageObject","inLanguage":"es","@id":"https:\/\/booksfrommexico.com\/#\/schema\/logo\/image\/","url":"https:\/\/booksfrommexico.com\/app\/uploads\/2023\/05\/logo-booksfrommexico.svg","contentUrl":"https:\/\/booksfrommexico.com\/app\/uploads\/2023\/05\/logo-booksfrommexico.svg","width":86,"height":56,"caption":"Books From Mexico"},"image":{"@id":"https:\/\/booksfrommexico.com\/#\/schema\/logo\/image\/"}}]}},"_links":{"self":[{"href":"https:\/\/booksfrommexico.com\/es\/wp-json\/wp\/v2\/product\/5980","targetHints":{"allow":["GET"]}}],"collection":[{"href":"https:\/\/booksfrommexico.com\/es\/wp-json\/wp\/v2\/product"}],"about":[{"href":"https:\/\/booksfrommexico.com\/es\/wp-json\/wp\/v2\/types\/product"}],"wp:featuredmedia":[{"embeddable":true,"href":"https:\/\/booksfrommexico.com\/es\/wp-json\/wp\/v2\/media\/6082"}],"wp:attachment":[{"href":"https:\/\/booksfrommexico.com\/es\/wp-json\/wp\/v2\/media?parent=5980"}],"wp:term":[{"taxonomy":"product_brand","embeddable":true,"href":"https:\/\/booksfrommexico.com\/es\/wp-json\/wp\/v2\/product_brand?post=5980"},{"taxonomy":"product_cat","embeddable":true,"href":"https:\/\/booksfrommexico.com\/es\/wp-json\/wp\/v2\/product_cat?post=5980"},{"taxonomy":"product_tag","embeddable":true,"href":"https:\/\/booksfrommexico.com\/es\/wp-json\/wp\/v2\/product_tag?post=5980"}],"curies":[{"name":"wp","href":"https:\/\/api.w.org\/{rel}","templated":true}]}}