{"id":5982,"date":"2024-04-29T23:47:15","date_gmt":"2024-04-29T23:47:15","guid":{"rendered":"https:\/\/booksfrommexico.com\/product\/una-cancion-pavimentada\/"},"modified":"2024-05-03T17:12:53","modified_gmt":"2024-05-03T17:12:53","slug":"una-cancion-pavimentada","status":"publish","type":"product","link":"https:\/\/booksfrommexico.com\/es\/producto\/una-cancion-pavimentada\/","title":{"rendered":"Una canci\u00f3n pavimentada"},"content":{"rendered":"<p><span style=\"font-weight: 400;\">Carlos S\u00e1nchez Ram\u00edrez \u201cEmir\u201d ha escrito diversos poemarios y fue ganador del segundo premio del 51<\/span><span style=\"font-weight: 400;\">\u00b0 Concurso Punto de Partida en el \u00e1rea de poes\u00eda.<\/span><span style=\"font-weight: 400;\"> Como parte de la colecci\u00f3n de poes\u00eda \u201cLuna de mar\u201d, el autor presenta aqu\u00ed una serie de poemas dividido en 5 partes: <\/span><i><span style=\"font-weight: 400;\">Notas dispersas de los pen\u00faltimos transe\u00fantes, Diario rev\u00f3lver, (Des)aviario, Baladas para cl\u00e1xones y organilleros <\/span><\/i><span style=\"font-weight: 400;\">y<\/span><i><span style=\"font-weight: 400;\"> Corolarios del humo. <\/span><\/i><span style=\"font-weight: 400;\">Muchos de estos poemas nacen a partir de versos escritos por otros autores, con los cuales S\u00e1nchez Ram\u00edrez juega hasta transformarlos en algo propio, a trav\u00e9s de los cuales consigue hablar sobre la naturaleza y la ciudad, y c\u00f3mo estas chocan en el mundo moderno.<\/span><\/p>\n","protected":false},"excerpt":{"rendered":"<p>UNA CANCI\u00d3N PAVIMENTADA<span style=\"font-weight: 400;\">. \/ Carlos S\u00e1nchez Ram\u00edrez \u201cEmir\u201d. Chihuahua, M\u00e9xico : Medusa Editores, 2023. 60 pages ; 20 cm. (Colecci\u00f3n Luna de mar. Poes\u00eda). ISBN : 9786075985541.<\/span><\/p>\n","protected":false},"featured_media":6074,"template":"","meta":{"_acf_changed":false,"inline_featured_image":false},"product_brand":[],"product_cat":[25,32],"product_tag":[4115,4180,3598],"class_list":{"0":"post-5982","1":"product","2":"type-product","3":"status-publish","4":"has-post-thumbnail","6":"product_cat-literatura","7":"product_cat-poesia-literatura","8":"product_tag-poesia-es","9":"product_tag-poesia-contemporanea","10":"product_tag-poesia-mexicana","12":"first","13":"instock","14":"taxable","15":"shipping-taxable","16":"purchasable","17":"product-type-simple"},"acf":[],"yoast_head":"<!-- This site is optimized with the Yoast SEO plugin v27.2 - https:\/\/yoast.com\/product\/yoast-seo-wordpress\/ -->\n<title>Una canci\u00f3n pavimentada<\/title>\n<meta name=\"description\" content=\"UNA CANCI\u00d3N PAVIMENTADA. \/ Carlos S\u00e1nchez Ram\u00edrez \u201cEmir\u201d. Chihuahua, M\u00e9xico : Medusa Editores, 2023. 60 pages ; 20 cm. (Colecci\u00f3n Luna de mar. Poes\u00eda).\" \/>\n<meta name=\"robots\" content=\"index, follow, max-snippet:-1, max-image-preview:large, max-video-preview:-1\" \/>\n<link rel=\"canonical\" href=\"https:\/\/booksfrommexico.com\/es\/producto\/una-cancion-pavimentada\/\" \/>\n<meta property=\"og:locale\" content=\"es_ES\" \/>\n<meta property=\"og:type\" content=\"article\" \/>\n<meta property=\"og:title\" content=\"Una canci\u00f3n pavimentada\" \/>\n<meta property=\"og:description\" content=\"UNA CANCI\u00d3N PAVIMENTADA. \/ Carlos S\u00e1nchez Ram\u00edrez \u201cEmir\u201d. Chihuahua, M\u00e9xico : Medusa Editores, 2023. 60 pages ; 20 cm. (Colecci\u00f3n Luna de mar. Poes\u00eda).\" \/>\n<meta property=\"og:url\" content=\"https:\/\/booksfrommexico.com\/es\/producto\/una-cancion-pavimentada\/\" \/>\n<meta property=\"og:site_name\" content=\"Books From Mexico\" \/>\n<meta property=\"article:modified_time\" content=\"2024-05-03T17:12:53+00:00\" \/>\n<meta property=\"og:image\" content=\"http:\/\/booksfrommexico.com\/app\/uploads\/2024\/04\/202093.jpeg\" \/>\n\t<meta property=\"og:image:width\" content=\"367\" \/>\n\t<meta property=\"og:image:height\" content=\"572\" \/>\n\t<meta property=\"og:image:type\" content=\"image\/jpeg\" \/>\n<meta name=\"twitter:card\" content=\"summary_large_image\" \/>\n<meta name=\"twitter:label1\" content=\"Tiempo de lectura\" \/>\n\t<meta name=\"twitter:data1\" content=\"1 minuto\" \/>\n<script type=\"application\/ld+json\" class=\"yoast-schema-graph\">{\"@context\":\"https:\/\/schema.org\",\"@graph\":[{\"@type\":\"WebPage\",\"@id\":\"https:\/\/booksfrommexico.com\/es\/producto\/una-cancion-pavimentada\/\",\"url\":\"https:\/\/booksfrommexico.com\/es\/producto\/una-cancion-pavimentada\/\",\"name\":\"Una canci\u00f3n pavimentada\",\"isPartOf\":{\"@id\":\"https:\/\/booksfrommexico.com\/#website\"},\"primaryImageOfPage\":{\"@id\":\"https:\/\/booksfrommexico.com\/es\/producto\/una-cancion-pavimentada\/#primaryimage\"},\"image\":{\"@id\":\"https:\/\/booksfrommexico.com\/es\/producto\/una-cancion-pavimentada\/#primaryimage\"},\"thumbnailUrl\":\"https:\/\/booksfrommexico.com\/app\/uploads\/2024\/04\/202093.jpeg\",\"datePublished\":\"2024-04-29T23:47:15+00:00\",\"dateModified\":\"2024-05-03T17:12:53+00:00\",\"description\":\"UNA CANCI\u00d3N PAVIMENTADA. \/ Carlos S\u00e1nchez Ram\u00edrez \u201cEmir\u201d. Chihuahua, M\u00e9xico : Medusa Editores, 2023. 60 pages ; 20 cm. (Colecci\u00f3n Luna de mar. Poes\u00eda).\",\"breadcrumb\":{\"@id\":\"https:\/\/booksfrommexico.com\/es\/producto\/una-cancion-pavimentada\/#breadcrumb\"},\"inLanguage\":\"es\",\"potentialAction\":[{\"@type\":\"ReadAction\",\"target\":[\"https:\/\/booksfrommexico.com\/es\/producto\/una-cancion-pavimentada\/\"]}]},{\"@type\":\"ImageObject\",\"inLanguage\":\"es\",\"@id\":\"https:\/\/booksfrommexico.com\/es\/producto\/una-cancion-pavimentada\/#primaryimage\",\"url\":\"https:\/\/booksfrommexico.com\/app\/uploads\/2024\/04\/202093.jpeg\",\"contentUrl\":\"https:\/\/booksfrommexico.com\/app\/uploads\/2024\/04\/202093.jpeg\",\"width\":367,\"height\":572,\"caption\":\"Una canci\u00f3n pavimentada\"},{\"@type\":\"BreadcrumbList\",\"@id\":\"https:\/\/booksfrommexico.com\/es\/producto\/una-cancion-pavimentada\/#breadcrumb\",\"itemListElement\":[{\"@type\":\"ListItem\",\"position\":1,\"name\":\"Home\",\"item\":\"https:\/\/booksfrommexico.com\/es\/\"},{\"@type\":\"ListItem\",\"position\":2,\"name\":\"Libros\",\"item\":\"https:\/\/booksfrommexico.com\/es\/libros\/\"},{\"@type\":\"ListItem\",\"position\":3,\"name\":\"Una canci\u00f3n pavimentada\"}]},{\"@type\":\"WebSite\",\"@id\":\"https:\/\/booksfrommexico.com\/#website\",\"url\":\"https:\/\/booksfrommexico.com\/\",\"name\":\"Books From Mexico\",\"description\":\"\",\"publisher\":{\"@id\":\"https:\/\/booksfrommexico.com\/#organization\"},\"potentialAction\":[{\"@type\":\"SearchAction\",\"target\":{\"@type\":\"EntryPoint\",\"urlTemplate\":\"https:\/\/booksfrommexico.com\/?s={search_term_string}\"},\"query-input\":{\"@type\":\"PropertyValueSpecification\",\"valueRequired\":true,\"valueName\":\"search_term_string\"}}],\"inLanguage\":\"es\"},{\"@type\":\"Organization\",\"@id\":\"https:\/\/booksfrommexico.com\/#organization\",\"name\":\"Books From Mexico\",\"url\":\"https:\/\/booksfrommexico.com\/\",\"logo\":{\"@type\":\"ImageObject\",\"inLanguage\":\"es\",\"@id\":\"https:\/\/booksfrommexico.com\/#\/schema\/logo\/image\/\",\"url\":\"https:\/\/booksfrommexico.com\/app\/uploads\/2023\/05\/logo-booksfrommexico.svg\",\"contentUrl\":\"https:\/\/booksfrommexico.com\/app\/uploads\/2023\/05\/logo-booksfrommexico.svg\",\"width\":86,\"height\":56,\"caption\":\"Books From Mexico\"},\"image\":{\"@id\":\"https:\/\/booksfrommexico.com\/#\/schema\/logo\/image\/\"}}]}<\/script>\n<!-- \/ Yoast SEO plugin. -->","yoast_head_json":{"title":"Una canci\u00f3n pavimentada","description":"UNA CANCI\u00d3N PAVIMENTADA. \/ Carlos S\u00e1nchez Ram\u00edrez \u201cEmir\u201d. Chihuahua, M\u00e9xico : Medusa Editores, 2023. 60 pages ; 20 cm. (Colecci\u00f3n Luna de mar. Poes\u00eda).","robots":{"index":"index","follow":"follow","max-snippet":"max-snippet:-1","max-image-preview":"max-image-preview:large","max-video-preview":"max-video-preview:-1"},"canonical":"https:\/\/booksfrommexico.com\/es\/producto\/una-cancion-pavimentada\/","og_locale":"es_ES","og_type":"article","og_title":"Una canci\u00f3n pavimentada","og_description":"UNA CANCI\u00d3N PAVIMENTADA. \/ Carlos S\u00e1nchez Ram\u00edrez \u201cEmir\u201d. Chihuahua, M\u00e9xico : Medusa Editores, 2023. 60 pages ; 20 cm. (Colecci\u00f3n Luna de mar. Poes\u00eda).","og_url":"https:\/\/booksfrommexico.com\/es\/producto\/una-cancion-pavimentada\/","og_site_name":"Books From Mexico","article_modified_time":"2024-05-03T17:12:53+00:00","og_image":[{"width":367,"height":572,"url":"http:\/\/booksfrommexico.com\/app\/uploads\/2024\/04\/202093.jpeg","type":"image\/jpeg"}],"twitter_card":"summary_large_image","twitter_misc":{"Tiempo de lectura":"1 minuto"},"schema":{"@context":"https:\/\/schema.org","@graph":[{"@type":"WebPage","@id":"https:\/\/booksfrommexico.com\/es\/producto\/una-cancion-pavimentada\/","url":"https:\/\/booksfrommexico.com\/es\/producto\/una-cancion-pavimentada\/","name":"Una canci\u00f3n pavimentada","isPartOf":{"@id":"https:\/\/booksfrommexico.com\/#website"},"primaryImageOfPage":{"@id":"https:\/\/booksfrommexico.com\/es\/producto\/una-cancion-pavimentada\/#primaryimage"},"image":{"@id":"https:\/\/booksfrommexico.com\/es\/producto\/una-cancion-pavimentada\/#primaryimage"},"thumbnailUrl":"https:\/\/booksfrommexico.com\/app\/uploads\/2024\/04\/202093.jpeg","datePublished":"2024-04-29T23:47:15+00:00","dateModified":"2024-05-03T17:12:53+00:00","description":"UNA CANCI\u00d3N PAVIMENTADA. \/ Carlos S\u00e1nchez Ram\u00edrez \u201cEmir\u201d. Chihuahua, M\u00e9xico : Medusa Editores, 2023. 60 pages ; 20 cm. (Colecci\u00f3n Luna de mar. Poes\u00eda).","breadcrumb":{"@id":"https:\/\/booksfrommexico.com\/es\/producto\/una-cancion-pavimentada\/#breadcrumb"},"inLanguage":"es","potentialAction":[{"@type":"ReadAction","target":["https:\/\/booksfrommexico.com\/es\/producto\/una-cancion-pavimentada\/"]}]},{"@type":"ImageObject","inLanguage":"es","@id":"https:\/\/booksfrommexico.com\/es\/producto\/una-cancion-pavimentada\/#primaryimage","url":"https:\/\/booksfrommexico.com\/app\/uploads\/2024\/04\/202093.jpeg","contentUrl":"https:\/\/booksfrommexico.com\/app\/uploads\/2024\/04\/202093.jpeg","width":367,"height":572,"caption":"Una canci\u00f3n pavimentada"},{"@type":"BreadcrumbList","@id":"https:\/\/booksfrommexico.com\/es\/producto\/una-cancion-pavimentada\/#breadcrumb","itemListElement":[{"@type":"ListItem","position":1,"name":"Home","item":"https:\/\/booksfrommexico.com\/es\/"},{"@type":"ListItem","position":2,"name":"Libros","item":"https:\/\/booksfrommexico.com\/es\/libros\/"},{"@type":"ListItem","position":3,"name":"Una canci\u00f3n pavimentada"}]},{"@type":"WebSite","@id":"https:\/\/booksfrommexico.com\/#website","url":"https:\/\/booksfrommexico.com\/","name":"Books From Mexico","description":"","publisher":{"@id":"https:\/\/booksfrommexico.com\/#organization"},"potentialAction":[{"@type":"SearchAction","target":{"@type":"EntryPoint","urlTemplate":"https:\/\/booksfrommexico.com\/?s={search_term_string}"},"query-input":{"@type":"PropertyValueSpecification","valueRequired":true,"valueName":"search_term_string"}}],"inLanguage":"es"},{"@type":"Organization","@id":"https:\/\/booksfrommexico.com\/#organization","name":"Books From Mexico","url":"https:\/\/booksfrommexico.com\/","logo":{"@type":"ImageObject","inLanguage":"es","@id":"https:\/\/booksfrommexico.com\/#\/schema\/logo\/image\/","url":"https:\/\/booksfrommexico.com\/app\/uploads\/2023\/05\/logo-booksfrommexico.svg","contentUrl":"https:\/\/booksfrommexico.com\/app\/uploads\/2023\/05\/logo-booksfrommexico.svg","width":86,"height":56,"caption":"Books From Mexico"},"image":{"@id":"https:\/\/booksfrommexico.com\/#\/schema\/logo\/image\/"}}]}},"_links":{"self":[{"href":"https:\/\/booksfrommexico.com\/es\/wp-json\/wp\/v2\/product\/5982","targetHints":{"allow":["GET"]}}],"collection":[{"href":"https:\/\/booksfrommexico.com\/es\/wp-json\/wp\/v2\/product"}],"about":[{"href":"https:\/\/booksfrommexico.com\/es\/wp-json\/wp\/v2\/types\/product"}],"wp:featuredmedia":[{"embeddable":true,"href":"https:\/\/booksfrommexico.com\/es\/wp-json\/wp\/v2\/media\/6074"}],"wp:attachment":[{"href":"https:\/\/booksfrommexico.com\/es\/wp-json\/wp\/v2\/media?parent=5982"}],"wp:term":[{"taxonomy":"product_brand","embeddable":true,"href":"https:\/\/booksfrommexico.com\/es\/wp-json\/wp\/v2\/product_brand?post=5982"},{"taxonomy":"product_cat","embeddable":true,"href":"https:\/\/booksfrommexico.com\/es\/wp-json\/wp\/v2\/product_cat?post=5982"},{"taxonomy":"product_tag","embeddable":true,"href":"https:\/\/booksfrommexico.com\/es\/wp-json\/wp\/v2\/product_tag?post=5982"}],"curies":[{"name":"wp","href":"https:\/\/api.w.org\/{rel}","templated":true}]}}