{"id":5986,"date":"2024-04-30T00:04:06","date_gmt":"2024-04-30T00:04:06","guid":{"rendered":"https:\/\/booksfrommexico.com\/product\/comunicacion-y-cultura\/"},"modified":"2024-05-02T19:20:06","modified_gmt":"2024-05-02T19:20:06","slug":"comunicacion-y-cultura","status":"publish","type":"product","link":"https:\/\/booksfrommexico.com\/es\/producto\/comunicacion-y-cultura\/","title":{"rendered":"Comunicaci\u00f3n y cultura"},"content":{"rendered":"<p><span style=\"font-weight: 400;\">A lo largo de estos ensayos se presenta una propuesta de reflexi\u00f3n te\u00f3rico-metodol\u00f3gica para pensar la identidad y el poder en el marco de la transformaci\u00f3n que ocurre en torno a los consumos y las industrias culturales en Am\u00e9rica Latina. Entre los autores existe un inter\u00e9s en analizar la problem\u00e1tica de la comunicaci\u00f3n en relaci\u00f3n con el poder, la ideolog\u00eda, la imagen, las nuevas narrativas audiovisuales, el discurso, las identidades, el cuerpo, el espacio, las representaciones, los imaginarios y las pr\u00e1cticas sociales. El punto en com\u00fan de estos trabajos es la reflexi\u00f3n sobre la reconfiguraci\u00f3n de la producci\u00f3n cultural, los formatos y el reacomodo de las industrias culturales en una din\u00e1mica global-local.<\/span><\/p>\n","protected":false},"excerpt":{"rendered":"<p>COMUNICACI\u00d3N Y CULTURA : PERSPECTIVAS PARA LA RECONFIGURACI\u00d3N DE IDENTIDADES, NUEVAS DISPUTAS POR EL PODER, CONSUMOS E INDUSTRIAS CULTURALES EN TIEMPOS DE CONVERGENCIA DIGITAL<span style=\"font-weight: 400;\">. \/ Maricela Portillo, Julia Palacios (coordinators). Ciudad de M\u00e9xico, M\u00e9xico : Universidad Iberoamericana Ciudad de M\u00e9xico , Biblioteca Francisc Xavier Clavijero, 2020. 191 pages : includes photos, charts, tables, map, references at the end of each chapter ; 21 cm. ISBN : 9786074176629.<\/span><\/p>\n","protected":false},"featured_media":6040,"template":"","meta":{"_acf_changed":false,"inline_featured_image":false},"product_brand":[],"product_cat":[78],"product_tag":[4299,3855],"class_list":{"0":"post-5986","1":"product","2":"type-product","3":"status-publish","4":"has-post-thumbnail","6":"product_cat-sociologia","7":"product_tag-comunicacion","8":"product_tag-ensayos","10":"first","11":"instock","12":"taxable","13":"shipping-taxable","14":"purchasable","15":"product-type-simple"},"acf":[],"yoast_head":"<!-- This site is optimized with the Yoast SEO plugin v27.3 - https:\/\/yoast.com\/product\/yoast-seo-wordpress\/ -->\n<title>Comunicaci\u00f3n y cultura<\/title>\n<meta name=\"description\" content=\"PERSPECTIVAS PARA LA RECONFIGURACI\u00d3N DE IDENTIDADES, NUEVAS DISPUTAS POR EL PODER, CONSUMOS E INDUSTRIAS CULTURALES EN TIEMPOS DE CONVERGENCIA DIGITAL.\" \/>\n<meta name=\"robots\" content=\"index, follow, max-snippet:-1, max-image-preview:large, max-video-preview:-1\" \/>\n<link rel=\"canonical\" href=\"https:\/\/booksfrommexico.com\/es\/producto\/comunicacion-y-cultura\/\" \/>\n<meta property=\"og:locale\" content=\"es_ES\" \/>\n<meta property=\"og:type\" content=\"article\" \/>\n<meta property=\"og:title\" content=\"Comunicaci\u00f3n y cultura\" \/>\n<meta property=\"og:description\" content=\"PERSPECTIVAS PARA LA RECONFIGURACI\u00d3N DE IDENTIDADES, NUEVAS DISPUTAS POR EL PODER, CONSUMOS E INDUSTRIAS CULTURALES EN TIEMPOS DE CONVERGENCIA DIGITAL.\" \/>\n<meta property=\"og:url\" content=\"https:\/\/booksfrommexico.com\/es\/producto\/comunicacion-y-cultura\/\" \/>\n<meta property=\"og:site_name\" content=\"Books From Mexico\" \/>\n<meta property=\"article:modified_time\" content=\"2024-05-02T19:20:06+00:00\" \/>\n<meta property=\"og:image\" content=\"http:\/\/booksfrommexico.com\/app\/uploads\/2024\/04\/192026.jpeg\" \/>\n\t<meta property=\"og:image:width\" content=\"399\" \/>\n\t<meta property=\"og:image:height\" content=\"610\" \/>\n\t<meta property=\"og:image:type\" content=\"image\/jpeg\" \/>\n<meta name=\"twitter:card\" content=\"summary_large_image\" \/>\n<meta name=\"twitter:label1\" content=\"Tiempo de lectura\" \/>\n\t<meta name=\"twitter:data1\" content=\"1 minuto\" \/>\n<script type=\"application\/ld+json\" class=\"yoast-schema-graph\">{\"@context\":\"https:\\\/\\\/schema.org\",\"@graph\":[{\"@type\":\"WebPage\",\"@id\":\"https:\\\/\\\/booksfrommexico.com\\\/es\\\/producto\\\/comunicacion-y-cultura\\\/\",\"url\":\"https:\\\/\\\/booksfrommexico.com\\\/es\\\/producto\\\/comunicacion-y-cultura\\\/\",\"name\":\"Comunicaci\u00f3n y cultura\",\"isPartOf\":{\"@id\":\"https:\\\/\\\/booksfrommexico.com\\\/#website\"},\"primaryImageOfPage\":{\"@id\":\"https:\\\/\\\/booksfrommexico.com\\\/es\\\/producto\\\/comunicacion-y-cultura\\\/#primaryimage\"},\"image\":{\"@id\":\"https:\\\/\\\/booksfrommexico.com\\\/es\\\/producto\\\/comunicacion-y-cultura\\\/#primaryimage\"},\"thumbnailUrl\":\"https:\\\/\\\/booksfrommexico.com\\\/app\\\/uploads\\\/2024\\\/04\\\/192026.jpeg\",\"datePublished\":\"2024-04-30T00:04:06+00:00\",\"dateModified\":\"2024-05-02T19:20:06+00:00\",\"description\":\"PERSPECTIVAS PARA LA RECONFIGURACI\u00d3N DE IDENTIDADES, NUEVAS DISPUTAS POR EL PODER, CONSUMOS E INDUSTRIAS CULTURALES EN TIEMPOS DE CONVERGENCIA DIGITAL.\",\"breadcrumb\":{\"@id\":\"https:\\\/\\\/booksfrommexico.com\\\/es\\\/producto\\\/comunicacion-y-cultura\\\/#breadcrumb\"},\"inLanguage\":\"es\",\"potentialAction\":[{\"@type\":\"ReadAction\",\"target\":[\"https:\\\/\\\/booksfrommexico.com\\\/es\\\/producto\\\/comunicacion-y-cultura\\\/\"]}]},{\"@type\":\"ImageObject\",\"inLanguage\":\"es\",\"@id\":\"https:\\\/\\\/booksfrommexico.com\\\/es\\\/producto\\\/comunicacion-y-cultura\\\/#primaryimage\",\"url\":\"https:\\\/\\\/booksfrommexico.com\\\/app\\\/uploads\\\/2024\\\/04\\\/192026.jpeg\",\"contentUrl\":\"https:\\\/\\\/booksfrommexico.com\\\/app\\\/uploads\\\/2024\\\/04\\\/192026.jpeg\",\"width\":399,\"height\":610,\"caption\":\"Comunicaci\u00f3n y cultura\"},{\"@type\":\"BreadcrumbList\",\"@id\":\"https:\\\/\\\/booksfrommexico.com\\\/es\\\/producto\\\/comunicacion-y-cultura\\\/#breadcrumb\",\"itemListElement\":[{\"@type\":\"ListItem\",\"position\":1,\"name\":\"Home\",\"item\":\"https:\\\/\\\/booksfrommexico.com\\\/es\\\/\"},{\"@type\":\"ListItem\",\"position\":2,\"name\":\"Libros\",\"item\":\"https:\\\/\\\/booksfrommexico.com\\\/es\\\/libros\\\/\"},{\"@type\":\"ListItem\",\"position\":3,\"name\":\"Comunicaci\u00f3n y cultura\"}]},{\"@type\":\"WebSite\",\"@id\":\"https:\\\/\\\/booksfrommexico.com\\\/#website\",\"url\":\"https:\\\/\\\/booksfrommexico.com\\\/\",\"name\":\"Books From Mexico\",\"description\":\"\",\"publisher\":{\"@id\":\"https:\\\/\\\/booksfrommexico.com\\\/#organization\"},\"potentialAction\":[{\"@type\":\"SearchAction\",\"target\":{\"@type\":\"EntryPoint\",\"urlTemplate\":\"https:\\\/\\\/booksfrommexico.com\\\/?s={search_term_string}\"},\"query-input\":{\"@type\":\"PropertyValueSpecification\",\"valueRequired\":true,\"valueName\":\"search_term_string\"}}],\"inLanguage\":\"es\"},{\"@type\":\"Organization\",\"@id\":\"https:\\\/\\\/booksfrommexico.com\\\/#organization\",\"name\":\"Books From Mexico\",\"url\":\"https:\\\/\\\/booksfrommexico.com\\\/\",\"logo\":{\"@type\":\"ImageObject\",\"inLanguage\":\"es\",\"@id\":\"https:\\\/\\\/booksfrommexico.com\\\/#\\\/schema\\\/logo\\\/image\\\/\",\"url\":\"https:\\\/\\\/booksfrommexico.com\\\/app\\\/uploads\\\/2023\\\/05\\\/logo-booksfrommexico.svg\",\"contentUrl\":\"https:\\\/\\\/booksfrommexico.com\\\/app\\\/uploads\\\/2023\\\/05\\\/logo-booksfrommexico.svg\",\"width\":86,\"height\":56,\"caption\":\"Books From Mexico\"},\"image\":{\"@id\":\"https:\\\/\\\/booksfrommexico.com\\\/#\\\/schema\\\/logo\\\/image\\\/\"}}]}<\/script>\n<!-- \/ Yoast SEO plugin. -->","yoast_head_json":{"title":"Comunicaci\u00f3n y cultura","description":"PERSPECTIVAS PARA LA RECONFIGURACI\u00d3N DE IDENTIDADES, NUEVAS DISPUTAS POR EL PODER, CONSUMOS E INDUSTRIAS CULTURALES EN TIEMPOS DE CONVERGENCIA DIGITAL.","robots":{"index":"index","follow":"follow","max-snippet":"max-snippet:-1","max-image-preview":"max-image-preview:large","max-video-preview":"max-video-preview:-1"},"canonical":"https:\/\/booksfrommexico.com\/es\/producto\/comunicacion-y-cultura\/","og_locale":"es_ES","og_type":"article","og_title":"Comunicaci\u00f3n y cultura","og_description":"PERSPECTIVAS PARA LA RECONFIGURACI\u00d3N DE IDENTIDADES, NUEVAS DISPUTAS POR EL PODER, CONSUMOS E INDUSTRIAS CULTURALES EN TIEMPOS DE CONVERGENCIA DIGITAL.","og_url":"https:\/\/booksfrommexico.com\/es\/producto\/comunicacion-y-cultura\/","og_site_name":"Books From Mexico","article_modified_time":"2024-05-02T19:20:06+00:00","og_image":[{"width":399,"height":610,"url":"http:\/\/booksfrommexico.com\/app\/uploads\/2024\/04\/192026.jpeg","type":"image\/jpeg"}],"twitter_card":"summary_large_image","twitter_misc":{"Tiempo de lectura":"1 minuto"},"schema":{"@context":"https:\/\/schema.org","@graph":[{"@type":"WebPage","@id":"https:\/\/booksfrommexico.com\/es\/producto\/comunicacion-y-cultura\/","url":"https:\/\/booksfrommexico.com\/es\/producto\/comunicacion-y-cultura\/","name":"Comunicaci\u00f3n y cultura","isPartOf":{"@id":"https:\/\/booksfrommexico.com\/#website"},"primaryImageOfPage":{"@id":"https:\/\/booksfrommexico.com\/es\/producto\/comunicacion-y-cultura\/#primaryimage"},"image":{"@id":"https:\/\/booksfrommexico.com\/es\/producto\/comunicacion-y-cultura\/#primaryimage"},"thumbnailUrl":"https:\/\/booksfrommexico.com\/app\/uploads\/2024\/04\/192026.jpeg","datePublished":"2024-04-30T00:04:06+00:00","dateModified":"2024-05-02T19:20:06+00:00","description":"PERSPECTIVAS PARA LA RECONFIGURACI\u00d3N DE IDENTIDADES, NUEVAS DISPUTAS POR EL PODER, CONSUMOS E INDUSTRIAS CULTURALES EN TIEMPOS DE CONVERGENCIA DIGITAL.","breadcrumb":{"@id":"https:\/\/booksfrommexico.com\/es\/producto\/comunicacion-y-cultura\/#breadcrumb"},"inLanguage":"es","potentialAction":[{"@type":"ReadAction","target":["https:\/\/booksfrommexico.com\/es\/producto\/comunicacion-y-cultura\/"]}]},{"@type":"ImageObject","inLanguage":"es","@id":"https:\/\/booksfrommexico.com\/es\/producto\/comunicacion-y-cultura\/#primaryimage","url":"https:\/\/booksfrommexico.com\/app\/uploads\/2024\/04\/192026.jpeg","contentUrl":"https:\/\/booksfrommexico.com\/app\/uploads\/2024\/04\/192026.jpeg","width":399,"height":610,"caption":"Comunicaci\u00f3n y cultura"},{"@type":"BreadcrumbList","@id":"https:\/\/booksfrommexico.com\/es\/producto\/comunicacion-y-cultura\/#breadcrumb","itemListElement":[{"@type":"ListItem","position":1,"name":"Home","item":"https:\/\/booksfrommexico.com\/es\/"},{"@type":"ListItem","position":2,"name":"Libros","item":"https:\/\/booksfrommexico.com\/es\/libros\/"},{"@type":"ListItem","position":3,"name":"Comunicaci\u00f3n y cultura"}]},{"@type":"WebSite","@id":"https:\/\/booksfrommexico.com\/#website","url":"https:\/\/booksfrommexico.com\/","name":"Books From Mexico","description":"","publisher":{"@id":"https:\/\/booksfrommexico.com\/#organization"},"potentialAction":[{"@type":"SearchAction","target":{"@type":"EntryPoint","urlTemplate":"https:\/\/booksfrommexico.com\/?s={search_term_string}"},"query-input":{"@type":"PropertyValueSpecification","valueRequired":true,"valueName":"search_term_string"}}],"inLanguage":"es"},{"@type":"Organization","@id":"https:\/\/booksfrommexico.com\/#organization","name":"Books From Mexico","url":"https:\/\/booksfrommexico.com\/","logo":{"@type":"ImageObject","inLanguage":"es","@id":"https:\/\/booksfrommexico.com\/#\/schema\/logo\/image\/","url":"https:\/\/booksfrommexico.com\/app\/uploads\/2023\/05\/logo-booksfrommexico.svg","contentUrl":"https:\/\/booksfrommexico.com\/app\/uploads\/2023\/05\/logo-booksfrommexico.svg","width":86,"height":56,"caption":"Books From Mexico"},"image":{"@id":"https:\/\/booksfrommexico.com\/#\/schema\/logo\/image\/"}}]}},"_links":{"self":[{"href":"https:\/\/booksfrommexico.com\/es\/wp-json\/wp\/v2\/product\/5986","targetHints":{"allow":["GET"]}}],"collection":[{"href":"https:\/\/booksfrommexico.com\/es\/wp-json\/wp\/v2\/product"}],"about":[{"href":"https:\/\/booksfrommexico.com\/es\/wp-json\/wp\/v2\/types\/product"}],"wp:featuredmedia":[{"embeddable":true,"href":"https:\/\/booksfrommexico.com\/es\/wp-json\/wp\/v2\/media\/6040"}],"wp:attachment":[{"href":"https:\/\/booksfrommexico.com\/es\/wp-json\/wp\/v2\/media?parent=5986"}],"wp:term":[{"taxonomy":"product_brand","embeddable":true,"href":"https:\/\/booksfrommexico.com\/es\/wp-json\/wp\/v2\/product_brand?post=5986"},{"taxonomy":"product_cat","embeddable":true,"href":"https:\/\/booksfrommexico.com\/es\/wp-json\/wp\/v2\/product_cat?post=5986"},{"taxonomy":"product_tag","embeddable":true,"href":"https:\/\/booksfrommexico.com\/es\/wp-json\/wp\/v2\/product_tag?post=5986"}],"curies":[{"name":"wp","href":"https:\/\/api.w.org\/{rel}","templated":true}]}}