{"id":5987,"date":"2024-04-30T00:04:06","date_gmt":"2024-04-30T00:04:06","guid":{"rendered":"https:\/\/booksfrommexico.com\/product\/correspondencia-tomo-i-libro-copiador-de-cartas-1889-1895\/"},"modified":"2024-05-03T17:34:14","modified_gmt":"2024-05-03T17:34:14","slug":"correspondencia-tomo-i-libro-copiador-de-cartas-1889-1895","status":"publish","type":"product","link":"https:\/\/booksfrommexico.com\/es\/producto\/correspondencia-tomo-i-libro-copiador-de-cartas-1889-1895\/","title":{"rendered":"Crescencio Carrillo y Ancona: Libro copiador de cartas 1889-1895"},"content":{"rendered":"<p><span style=\"font-weight: 400;\">Crescencio Carrillo y Ancona\u00a0 es una figura de la historia e historiograf\u00eda yucateca, siendo una fuente muy citada por los estudiosos de la pen\u00ednsula yucateca. El <\/span><i><span style=\"font-weight: 400;\">Libro copiador <\/span><\/i><span style=\"font-weight: 400;\">contiene la correspondencia del obispo escrita entre el 1\u00ba de enero de 1889 y el 28 de noviembre de 1895 y copiada por su secretario Arturo Gambia Guzm\u00e1n, cuyo hijo conserv\u00f3 el manuscrito hasta el 30 de abril de 1974, cuando decidi\u00f3 cederlo a Ruz Men\u00e9ndez. Esta colecci\u00f3n de cartas es particularmente valiosa y variopinta, pues a trav\u00e9s de ella se da un viaje a diversos destinos que dan cuenta del ambiente que imperaba en Yucat\u00e1n en la segunda mitad del siglo XIX.<\/span><\/p>\n","protected":false},"excerpt":{"rendered":"<p>CRESCENCIO CARRILLO Y ANCONA : CORRESPONDENCIA : TOMO I : LIBRO COPIADOR DE CARTAS 1889-1895<span style=\"font-weight: 400;\">. \/ Crescencio Carrillo y Ancona ; Mario Humberto Ruz (editor). Ciudad de M\u00e9xico, M\u00e9xico : Universidad Nacional Aut\u00f3noma de M\u00e9xico ; M\u00e9rida, Yucat\u00e1n, M\u00e9xico : Centro Peninsular en Humanidades y Ciencias Sociales 2012. 309 pages : includes photos, references, bibliography ; 28 cm.\u00a0 (Serie Documentalia : N\u00famero 5). ISBN : 978-6070239366 (R\u00fastica).<\/span><\/p>\n","protected":false},"featured_media":6079,"template":"","meta":{"_acf_changed":false,"inline_featured_image":false},"product_brand":[],"product_cat":[117,66],"product_tag":[3607,3608,3831],"class_list":{"0":"post-5987","1":"product","2":"type-product","3":"status-publish","4":"has-post-thumbnail","6":"product_cat-etnoantropolgia","7":"product_cat-sociocultural","8":"product_tag-historia-local","9":"product_tag-vida-social-y-costumbres","10":"product_tag-yucatan-mexico","12":"first","13":"instock","14":"taxable","15":"shipping-taxable","16":"purchasable","17":"product-type-simple"},"acf":[],"yoast_head":"<!-- This site is optimized with the Yoast SEO plugin v27.4 - https:\/\/yoast.com\/product\/yoast-seo-wordpress\/ -->\n<title>Crescencio Carrillo y Ancona: Libro copiador de cartas<\/title>\n<meta name=\"description\" content=\"CRESCENCIO CARRILLO Y ANCONA : CORRESPONDENCIA : TOMO I : LIBRO COPIADOR DE CARTAS 1889-1895. \/ Crescencio Carrillo y Ancona ; Mario Humberto Ruz (editor).\" \/>\n<meta name=\"robots\" content=\"index, follow, max-snippet:-1, max-image-preview:large, max-video-preview:-1\" \/>\n<link rel=\"canonical\" href=\"https:\/\/booksfrommexico.com\/es\/producto\/correspondencia-tomo-i-libro-copiador-de-cartas-1889-1895\/\" \/>\n<meta property=\"og:locale\" content=\"es_ES\" \/>\n<meta property=\"og:type\" content=\"article\" \/>\n<meta property=\"og:title\" content=\"Crescencio Carrillo y Ancona: Libro copiador de cartas\" \/>\n<meta property=\"og:description\" content=\"CRESCENCIO CARRILLO Y ANCONA : CORRESPONDENCIA : TOMO I : LIBRO COPIADOR DE CARTAS 1889-1895. \/ Crescencio Carrillo y Ancona ; Mario Humberto Ruz (editor).\" \/>\n<meta property=\"og:url\" content=\"https:\/\/booksfrommexico.com\/es\/producto\/correspondencia-tomo-i-libro-copiador-de-cartas-1889-1895\/\" \/>\n<meta property=\"og:site_name\" content=\"Books From Mexico\" \/>\n<meta property=\"article:modified_time\" content=\"2024-05-03T17:34:14+00:00\" \/>\n<meta property=\"og:image\" content=\"http:\/\/booksfrommexico.com\/app\/uploads\/2024\/04\/166739.jpeg\" \/>\n\t<meta property=\"og:image:width\" content=\"619\" \/>\n\t<meta property=\"og:image:height\" content=\"814\" \/>\n\t<meta property=\"og:image:type\" content=\"image\/jpeg\" \/>\n<meta name=\"twitter:card\" content=\"summary_large_image\" \/>\n<meta name=\"twitter:label1\" content=\"Tiempo de lectura\" \/>\n\t<meta name=\"twitter:data1\" content=\"1 minuto\" \/>\n<script type=\"application\/ld+json\" class=\"yoast-schema-graph\">{\"@context\":\"https:\\\/\\\/schema.org\",\"@graph\":[{\"@type\":\"WebPage\",\"@id\":\"https:\\\/\\\/booksfrommexico.com\\\/es\\\/producto\\\/correspondencia-tomo-i-libro-copiador-de-cartas-1889-1895\\\/\",\"url\":\"https:\\\/\\\/booksfrommexico.com\\\/es\\\/producto\\\/correspondencia-tomo-i-libro-copiador-de-cartas-1889-1895\\\/\",\"name\":\"Crescencio Carrillo y Ancona: Libro copiador de cartas\",\"isPartOf\":{\"@id\":\"https:\\\/\\\/booksfrommexico.com\\\/#website\"},\"primaryImageOfPage\":{\"@id\":\"https:\\\/\\\/booksfrommexico.com\\\/es\\\/producto\\\/correspondencia-tomo-i-libro-copiador-de-cartas-1889-1895\\\/#primaryimage\"},\"image\":{\"@id\":\"https:\\\/\\\/booksfrommexico.com\\\/es\\\/producto\\\/correspondencia-tomo-i-libro-copiador-de-cartas-1889-1895\\\/#primaryimage\"},\"thumbnailUrl\":\"https:\\\/\\\/booksfrommexico.com\\\/app\\\/uploads\\\/2024\\\/04\\\/166739.jpeg\",\"datePublished\":\"2024-04-30T00:04:06+00:00\",\"dateModified\":\"2024-05-03T17:34:14+00:00\",\"description\":\"CRESCENCIO CARRILLO Y ANCONA : CORRESPONDENCIA : TOMO I : LIBRO COPIADOR DE CARTAS 1889-1895. \\\/ Crescencio Carrillo y Ancona ; Mario Humberto Ruz (editor).\",\"breadcrumb\":{\"@id\":\"https:\\\/\\\/booksfrommexico.com\\\/es\\\/producto\\\/correspondencia-tomo-i-libro-copiador-de-cartas-1889-1895\\\/#breadcrumb\"},\"inLanguage\":\"es\",\"potentialAction\":[{\"@type\":\"ReadAction\",\"target\":[\"https:\\\/\\\/booksfrommexico.com\\\/es\\\/producto\\\/correspondencia-tomo-i-libro-copiador-de-cartas-1889-1895\\\/\"]}]},{\"@type\":\"ImageObject\",\"inLanguage\":\"es\",\"@id\":\"https:\\\/\\\/booksfrommexico.com\\\/es\\\/producto\\\/correspondencia-tomo-i-libro-copiador-de-cartas-1889-1895\\\/#primaryimage\",\"url\":\"https:\\\/\\\/booksfrommexico.com\\\/app\\\/uploads\\\/2024\\\/04\\\/166739.jpeg\",\"contentUrl\":\"https:\\\/\\\/booksfrommexico.com\\\/app\\\/uploads\\\/2024\\\/04\\\/166739.jpeg\",\"width\":619,\"height\":814,\"caption\":\"Crescencio Carrillo y Ancona\"},{\"@type\":\"BreadcrumbList\",\"@id\":\"https:\\\/\\\/booksfrommexico.com\\\/es\\\/producto\\\/correspondencia-tomo-i-libro-copiador-de-cartas-1889-1895\\\/#breadcrumb\",\"itemListElement\":[{\"@type\":\"ListItem\",\"position\":1,\"name\":\"Home\",\"item\":\"https:\\\/\\\/booksfrommexico.com\\\/es\\\/\"},{\"@type\":\"ListItem\",\"position\":2,\"name\":\"Libros\",\"item\":\"https:\\\/\\\/booksfrommexico.com\\\/es\\\/libros\\\/\"},{\"@type\":\"ListItem\",\"position\":3,\"name\":\"Crescencio Carrillo y Ancona: Libro copiador de cartas 1889-1895\"}]},{\"@type\":\"WebSite\",\"@id\":\"https:\\\/\\\/booksfrommexico.com\\\/#website\",\"url\":\"https:\\\/\\\/booksfrommexico.com\\\/\",\"name\":\"Books From Mexico\",\"description\":\"\",\"publisher\":{\"@id\":\"https:\\\/\\\/booksfrommexico.com\\\/#organization\"},\"potentialAction\":[{\"@type\":\"SearchAction\",\"target\":{\"@type\":\"EntryPoint\",\"urlTemplate\":\"https:\\\/\\\/booksfrommexico.com\\\/?s={search_term_string}\"},\"query-input\":{\"@type\":\"PropertyValueSpecification\",\"valueRequired\":true,\"valueName\":\"search_term_string\"}}],\"inLanguage\":\"es\"},{\"@type\":\"Organization\",\"@id\":\"https:\\\/\\\/booksfrommexico.com\\\/#organization\",\"name\":\"Books From Mexico\",\"url\":\"https:\\\/\\\/booksfrommexico.com\\\/\",\"logo\":{\"@type\":\"ImageObject\",\"inLanguage\":\"es\",\"@id\":\"https:\\\/\\\/booksfrommexico.com\\\/#\\\/schema\\\/logo\\\/image\\\/\",\"url\":\"https:\\\/\\\/booksfrommexico.com\\\/app\\\/uploads\\\/2023\\\/05\\\/logo-booksfrommexico.svg\",\"contentUrl\":\"https:\\\/\\\/booksfrommexico.com\\\/app\\\/uploads\\\/2023\\\/05\\\/logo-booksfrommexico.svg\",\"width\":86,\"height\":56,\"caption\":\"Books From Mexico\"},\"image\":{\"@id\":\"https:\\\/\\\/booksfrommexico.com\\\/#\\\/schema\\\/logo\\\/image\\\/\"}}]}<\/script>\n<!-- \/ Yoast SEO plugin. -->","yoast_head_json":{"title":"Crescencio Carrillo y Ancona: Libro copiador de cartas","description":"CRESCENCIO CARRILLO Y ANCONA : CORRESPONDENCIA : TOMO I : LIBRO COPIADOR DE CARTAS 1889-1895. \/ Crescencio Carrillo y Ancona ; Mario Humberto Ruz (editor).","robots":{"index":"index","follow":"follow","max-snippet":"max-snippet:-1","max-image-preview":"max-image-preview:large","max-video-preview":"max-video-preview:-1"},"canonical":"https:\/\/booksfrommexico.com\/es\/producto\/correspondencia-tomo-i-libro-copiador-de-cartas-1889-1895\/","og_locale":"es_ES","og_type":"article","og_title":"Crescencio Carrillo y Ancona: Libro copiador de cartas","og_description":"CRESCENCIO CARRILLO Y ANCONA : CORRESPONDENCIA : TOMO I : LIBRO COPIADOR DE CARTAS 1889-1895. \/ Crescencio Carrillo y Ancona ; Mario Humberto Ruz (editor).","og_url":"https:\/\/booksfrommexico.com\/es\/producto\/correspondencia-tomo-i-libro-copiador-de-cartas-1889-1895\/","og_site_name":"Books From Mexico","article_modified_time":"2024-05-03T17:34:14+00:00","og_image":[{"width":619,"height":814,"url":"http:\/\/booksfrommexico.com\/app\/uploads\/2024\/04\/166739.jpeg","type":"image\/jpeg"}],"twitter_card":"summary_large_image","twitter_misc":{"Tiempo de lectura":"1 minuto"},"schema":{"@context":"https:\/\/schema.org","@graph":[{"@type":"WebPage","@id":"https:\/\/booksfrommexico.com\/es\/producto\/correspondencia-tomo-i-libro-copiador-de-cartas-1889-1895\/","url":"https:\/\/booksfrommexico.com\/es\/producto\/correspondencia-tomo-i-libro-copiador-de-cartas-1889-1895\/","name":"Crescencio Carrillo y Ancona: Libro copiador de cartas","isPartOf":{"@id":"https:\/\/booksfrommexico.com\/#website"},"primaryImageOfPage":{"@id":"https:\/\/booksfrommexico.com\/es\/producto\/correspondencia-tomo-i-libro-copiador-de-cartas-1889-1895\/#primaryimage"},"image":{"@id":"https:\/\/booksfrommexico.com\/es\/producto\/correspondencia-tomo-i-libro-copiador-de-cartas-1889-1895\/#primaryimage"},"thumbnailUrl":"https:\/\/booksfrommexico.com\/app\/uploads\/2024\/04\/166739.jpeg","datePublished":"2024-04-30T00:04:06+00:00","dateModified":"2024-05-03T17:34:14+00:00","description":"CRESCENCIO CARRILLO Y ANCONA : CORRESPONDENCIA : TOMO I : LIBRO COPIADOR DE CARTAS 1889-1895. \/ Crescencio Carrillo y Ancona ; Mario Humberto Ruz (editor).","breadcrumb":{"@id":"https:\/\/booksfrommexico.com\/es\/producto\/correspondencia-tomo-i-libro-copiador-de-cartas-1889-1895\/#breadcrumb"},"inLanguage":"es","potentialAction":[{"@type":"ReadAction","target":["https:\/\/booksfrommexico.com\/es\/producto\/correspondencia-tomo-i-libro-copiador-de-cartas-1889-1895\/"]}]},{"@type":"ImageObject","inLanguage":"es","@id":"https:\/\/booksfrommexico.com\/es\/producto\/correspondencia-tomo-i-libro-copiador-de-cartas-1889-1895\/#primaryimage","url":"https:\/\/booksfrommexico.com\/app\/uploads\/2024\/04\/166739.jpeg","contentUrl":"https:\/\/booksfrommexico.com\/app\/uploads\/2024\/04\/166739.jpeg","width":619,"height":814,"caption":"Crescencio Carrillo y Ancona"},{"@type":"BreadcrumbList","@id":"https:\/\/booksfrommexico.com\/es\/producto\/correspondencia-tomo-i-libro-copiador-de-cartas-1889-1895\/#breadcrumb","itemListElement":[{"@type":"ListItem","position":1,"name":"Home","item":"https:\/\/booksfrommexico.com\/es\/"},{"@type":"ListItem","position":2,"name":"Libros","item":"https:\/\/booksfrommexico.com\/es\/libros\/"},{"@type":"ListItem","position":3,"name":"Crescencio Carrillo y Ancona: Libro copiador de cartas 1889-1895"}]},{"@type":"WebSite","@id":"https:\/\/booksfrommexico.com\/#website","url":"https:\/\/booksfrommexico.com\/","name":"Books From Mexico","description":"","publisher":{"@id":"https:\/\/booksfrommexico.com\/#organization"},"potentialAction":[{"@type":"SearchAction","target":{"@type":"EntryPoint","urlTemplate":"https:\/\/booksfrommexico.com\/?s={search_term_string}"},"query-input":{"@type":"PropertyValueSpecification","valueRequired":true,"valueName":"search_term_string"}}],"inLanguage":"es"},{"@type":"Organization","@id":"https:\/\/booksfrommexico.com\/#organization","name":"Books From Mexico","url":"https:\/\/booksfrommexico.com\/","logo":{"@type":"ImageObject","inLanguage":"es","@id":"https:\/\/booksfrommexico.com\/#\/schema\/logo\/image\/","url":"https:\/\/booksfrommexico.com\/app\/uploads\/2023\/05\/logo-booksfrommexico.svg","contentUrl":"https:\/\/booksfrommexico.com\/app\/uploads\/2023\/05\/logo-booksfrommexico.svg","width":86,"height":56,"caption":"Books From Mexico"},"image":{"@id":"https:\/\/booksfrommexico.com\/#\/schema\/logo\/image\/"}}]}},"_links":{"self":[{"href":"https:\/\/booksfrommexico.com\/es\/wp-json\/wp\/v2\/product\/5987","targetHints":{"allow":["GET"]}}],"collection":[{"href":"https:\/\/booksfrommexico.com\/es\/wp-json\/wp\/v2\/product"}],"about":[{"href":"https:\/\/booksfrommexico.com\/es\/wp-json\/wp\/v2\/types\/product"}],"wp:featuredmedia":[{"embeddable":true,"href":"https:\/\/booksfrommexico.com\/es\/wp-json\/wp\/v2\/media\/6079"}],"wp:attachment":[{"href":"https:\/\/booksfrommexico.com\/es\/wp-json\/wp\/v2\/media?parent=5987"}],"wp:term":[{"taxonomy":"product_brand","embeddable":true,"href":"https:\/\/booksfrommexico.com\/es\/wp-json\/wp\/v2\/product_brand?post=5987"},{"taxonomy":"product_cat","embeddable":true,"href":"https:\/\/booksfrommexico.com\/es\/wp-json\/wp\/v2\/product_cat?post=5987"},{"taxonomy":"product_tag","embeddable":true,"href":"https:\/\/booksfrommexico.com\/es\/wp-json\/wp\/v2\/product_tag?post=5987"}],"curies":[{"name":"wp","href":"https:\/\/api.w.org\/{rel}","templated":true}]}}