{"id":5988,"date":"2024-04-30T00:04:06","date_gmt":"2024-04-30T00:04:06","guid":{"rendered":"https:\/\/booksfrommexico.com\/product\/cultura-zapoteca\/"},"modified":"2024-11-21T23:11:03","modified_gmt":"2024-11-21T23:11:03","slug":"cultura-zapoteca","status":"publish","type":"product","link":"https:\/\/booksfrommexico.com\/es\/producto\/cultura-zapoteca\/","title":{"rendered":"Cultura Zapoteca: Tradici\u00f3n y renovaci\u00f3n"},"content":{"rendered":"<p><span style=\"font-weight: 400;\">El objetivo de esta investigaci\u00f3n es crear una agenda de discusi\u00f3n que ofrezca una revisi\u00f3n de las acciones gubernamentales en materia de cultura apelando a los derechos y diversidad cultural, exhortando al estudio de la cultura producida actualmente en Oaxaca. Los t\u00f3picos que se desarrollan son: pol\u00edticas culturales en Oaxaca, instrumentos musicales, hallazgos de la arqueolog\u00eda zapoteca, arte rupestre y elementos pictogr\u00e1ficos y los procesos pol\u00edticos y comunidad en Oaxaca. Este trabajo ofrece la posibilidad de conocer la cultura zapoteca a trav\u00e9s del proceso hist\u00f3rico, desplegando las particularidades de los diferentes trabajos aqu\u00ed contenidos, acercando al lector a la realidad oaxaque\u00f1a.\u00a0<\/span><\/p>\n","protected":false},"excerpt":{"rendered":"<p>CULTURA ZAPOTECA : TRADICI\u00d3N Y RENOVACI\u00d3N<span style=\"font-weight: 400;\">. \/ Eva Elena Ram\u00edrez Gasga, Juquila Araceli Gonz\u00e1lez Nolasco (coordinators). Oaxaca, M\u00e9xico : Universidad del Istmo, 2019. 310 pages : includes illustrations, color photos, maps, tables, bibliography at the end of each chapter ; 24 cm. ISBN : 9786077831143 ; 607783114X.<\/span><\/p>\n","protected":false},"featured_media":6045,"template":"","meta":{"_acf_changed":false,"inline_featured_image":false},"product_brand":[],"product_cat":[19,117,3219],"product_tag":[4262,3880,3797],"class_list":{"0":"post-5988","1":"product","2":"type-product","3":"status-publish","4":"has-post-thumbnail","6":"product_cat-antropologia","7":"product_cat-etnoantropolgia","8":"product_cat-prehispanica","9":"product_tag-cultura-prehispanica","10":"product_tag-identidad-cultural","11":"product_tag-oaxaca-mexico","13":"first","14":"instock","15":"taxable","16":"shipping-taxable","17":"purchasable","18":"product-type-simple"},"acf":[],"yoast_head":"<!-- This site is optimized with the Yoast SEO plugin v27.3 - https:\/\/yoast.com\/product\/yoast-seo-wordpress\/ -->\n<title>Cultura zapoteca: Tradici\u00f3n y renovaci\u00f3n<\/title>\n<meta name=\"description\" content=\"CULTURA ZAPOTECA : TRADICI\u00d3N Y RENOVACI\u00d3N. \/ Eva Elena Ram\u00edrez Gasga, Juquila Araceli Gonz\u00e1lez Nolasco (coordinators). Universidad del Istmo, 2019.\" \/>\n<meta name=\"robots\" content=\"index, follow, max-snippet:-1, max-image-preview:large, max-video-preview:-1\" \/>\n<link rel=\"canonical\" href=\"https:\/\/booksfrommexico.com\/es\/producto\/cultura-zapoteca\/\" \/>\n<meta property=\"og:locale\" content=\"es_ES\" \/>\n<meta property=\"og:type\" content=\"article\" \/>\n<meta property=\"og:title\" content=\"Cultura zapoteca: Tradici\u00f3n y renovaci\u00f3n\" \/>\n<meta property=\"og:description\" content=\"CULTURA ZAPOTECA : TRADICI\u00d3N Y RENOVACI\u00d3N. \/ Eva Elena Ram\u00edrez Gasga, Juquila Araceli Gonz\u00e1lez Nolasco (coordinators). Universidad del Istmo, 2019.\" \/>\n<meta property=\"og:url\" content=\"https:\/\/booksfrommexico.com\/es\/producto\/cultura-zapoteca\/\" \/>\n<meta property=\"og:site_name\" content=\"Books From Mexico\" \/>\n<meta property=\"article:modified_time\" content=\"2024-11-21T23:11:03+00:00\" \/>\n<meta property=\"og:image\" content=\"http:\/\/booksfrommexico.com\/app\/uploads\/2024\/04\/192177.jpg\" \/>\n\t<meta property=\"og:image:width\" content=\"642\" \/>\n\t<meta property=\"og:image:height\" content=\"927\" \/>\n\t<meta property=\"og:image:type\" content=\"image\/jpeg\" \/>\n<meta name=\"twitter:card\" content=\"summary_large_image\" \/>\n<meta name=\"twitter:label1\" content=\"Tiempo de lectura\" \/>\n\t<meta name=\"twitter:data1\" content=\"1 minuto\" \/>\n<script type=\"application\/ld+json\" class=\"yoast-schema-graph\">{\"@context\":\"https:\\\/\\\/schema.org\",\"@graph\":[{\"@type\":\"WebPage\",\"@id\":\"https:\\\/\\\/booksfrommexico.com\\\/es\\\/producto\\\/cultura-zapoteca\\\/\",\"url\":\"https:\\\/\\\/booksfrommexico.com\\\/es\\\/producto\\\/cultura-zapoteca\\\/\",\"name\":\"Cultura zapoteca: Tradici\u00f3n y renovaci\u00f3n\",\"isPartOf\":{\"@id\":\"https:\\\/\\\/booksfrommexico.com\\\/#website\"},\"primaryImageOfPage\":{\"@id\":\"https:\\\/\\\/booksfrommexico.com\\\/es\\\/producto\\\/cultura-zapoteca\\\/#primaryimage\"},\"image\":{\"@id\":\"https:\\\/\\\/booksfrommexico.com\\\/es\\\/producto\\\/cultura-zapoteca\\\/#primaryimage\"},\"thumbnailUrl\":\"https:\\\/\\\/booksfrommexico.com\\\/app\\\/uploads\\\/2024\\\/04\\\/192177.jpg\",\"datePublished\":\"2024-04-30T00:04:06+00:00\",\"dateModified\":\"2024-11-21T23:11:03+00:00\",\"description\":\"CULTURA ZAPOTECA : TRADICI\u00d3N Y RENOVACI\u00d3N. \\\/ Eva Elena Ram\u00edrez Gasga, Juquila Araceli Gonz\u00e1lez Nolasco (coordinators). Universidad del Istmo, 2019.\",\"breadcrumb\":{\"@id\":\"https:\\\/\\\/booksfrommexico.com\\\/es\\\/producto\\\/cultura-zapoteca\\\/#breadcrumb\"},\"inLanguage\":\"es\",\"potentialAction\":[{\"@type\":\"ReadAction\",\"target\":[\"https:\\\/\\\/booksfrommexico.com\\\/es\\\/producto\\\/cultura-zapoteca\\\/\"]}]},{\"@type\":\"ImageObject\",\"inLanguage\":\"es\",\"@id\":\"https:\\\/\\\/booksfrommexico.com\\\/es\\\/producto\\\/cultura-zapoteca\\\/#primaryimage\",\"url\":\"https:\\\/\\\/booksfrommexico.com\\\/app\\\/uploads\\\/2024\\\/04\\\/192177.jpg\",\"contentUrl\":\"https:\\\/\\\/booksfrommexico.com\\\/app\\\/uploads\\\/2024\\\/04\\\/192177.jpg\",\"width\":642,\"height\":927,\"caption\":\"Cultura zapoteca\"},{\"@type\":\"BreadcrumbList\",\"@id\":\"https:\\\/\\\/booksfrommexico.com\\\/es\\\/producto\\\/cultura-zapoteca\\\/#breadcrumb\",\"itemListElement\":[{\"@type\":\"ListItem\",\"position\":1,\"name\":\"Home\",\"item\":\"https:\\\/\\\/booksfrommexico.com\\\/es\\\/\"},{\"@type\":\"ListItem\",\"position\":2,\"name\":\"Libros\",\"item\":\"https:\\\/\\\/booksfrommexico.com\\\/es\\\/libros\\\/\"},{\"@type\":\"ListItem\",\"position\":3,\"name\":\"Cultura Zapoteca: Tradici\u00f3n y renovaci\u00f3n\"}]},{\"@type\":\"WebSite\",\"@id\":\"https:\\\/\\\/booksfrommexico.com\\\/#website\",\"url\":\"https:\\\/\\\/booksfrommexico.com\\\/\",\"name\":\"Books From Mexico\",\"description\":\"\",\"publisher\":{\"@id\":\"https:\\\/\\\/booksfrommexico.com\\\/#organization\"},\"potentialAction\":[{\"@type\":\"SearchAction\",\"target\":{\"@type\":\"EntryPoint\",\"urlTemplate\":\"https:\\\/\\\/booksfrommexico.com\\\/?s={search_term_string}\"},\"query-input\":{\"@type\":\"PropertyValueSpecification\",\"valueRequired\":true,\"valueName\":\"search_term_string\"}}],\"inLanguage\":\"es\"},{\"@type\":\"Organization\",\"@id\":\"https:\\\/\\\/booksfrommexico.com\\\/#organization\",\"name\":\"Books From Mexico\",\"url\":\"https:\\\/\\\/booksfrommexico.com\\\/\",\"logo\":{\"@type\":\"ImageObject\",\"inLanguage\":\"es\",\"@id\":\"https:\\\/\\\/booksfrommexico.com\\\/#\\\/schema\\\/logo\\\/image\\\/\",\"url\":\"https:\\\/\\\/booksfrommexico.com\\\/app\\\/uploads\\\/2023\\\/05\\\/logo-booksfrommexico.svg\",\"contentUrl\":\"https:\\\/\\\/booksfrommexico.com\\\/app\\\/uploads\\\/2023\\\/05\\\/logo-booksfrommexico.svg\",\"width\":86,\"height\":56,\"caption\":\"Books From Mexico\"},\"image\":{\"@id\":\"https:\\\/\\\/booksfrommexico.com\\\/#\\\/schema\\\/logo\\\/image\\\/\"}}]}<\/script>\n<!-- \/ Yoast SEO plugin. -->","yoast_head_json":{"title":"Cultura zapoteca: Tradici\u00f3n y renovaci\u00f3n","description":"CULTURA ZAPOTECA : TRADICI\u00d3N Y RENOVACI\u00d3N. \/ Eva Elena Ram\u00edrez Gasga, Juquila Araceli Gonz\u00e1lez Nolasco (coordinators). Universidad del Istmo, 2019.","robots":{"index":"index","follow":"follow","max-snippet":"max-snippet:-1","max-image-preview":"max-image-preview:large","max-video-preview":"max-video-preview:-1"},"canonical":"https:\/\/booksfrommexico.com\/es\/producto\/cultura-zapoteca\/","og_locale":"es_ES","og_type":"article","og_title":"Cultura zapoteca: Tradici\u00f3n y renovaci\u00f3n","og_description":"CULTURA ZAPOTECA : TRADICI\u00d3N Y RENOVACI\u00d3N. \/ Eva Elena Ram\u00edrez Gasga, Juquila Araceli Gonz\u00e1lez Nolasco (coordinators). Universidad del Istmo, 2019.","og_url":"https:\/\/booksfrommexico.com\/es\/producto\/cultura-zapoteca\/","og_site_name":"Books From Mexico","article_modified_time":"2024-11-21T23:11:03+00:00","og_image":[{"width":642,"height":927,"url":"http:\/\/booksfrommexico.com\/app\/uploads\/2024\/04\/192177.jpg","type":"image\/jpeg"}],"twitter_card":"summary_large_image","twitter_misc":{"Tiempo de lectura":"1 minuto"},"schema":{"@context":"https:\/\/schema.org","@graph":[{"@type":"WebPage","@id":"https:\/\/booksfrommexico.com\/es\/producto\/cultura-zapoteca\/","url":"https:\/\/booksfrommexico.com\/es\/producto\/cultura-zapoteca\/","name":"Cultura zapoteca: Tradici\u00f3n y renovaci\u00f3n","isPartOf":{"@id":"https:\/\/booksfrommexico.com\/#website"},"primaryImageOfPage":{"@id":"https:\/\/booksfrommexico.com\/es\/producto\/cultura-zapoteca\/#primaryimage"},"image":{"@id":"https:\/\/booksfrommexico.com\/es\/producto\/cultura-zapoteca\/#primaryimage"},"thumbnailUrl":"https:\/\/booksfrommexico.com\/app\/uploads\/2024\/04\/192177.jpg","datePublished":"2024-04-30T00:04:06+00:00","dateModified":"2024-11-21T23:11:03+00:00","description":"CULTURA ZAPOTECA : TRADICI\u00d3N Y RENOVACI\u00d3N. \/ Eva Elena Ram\u00edrez Gasga, Juquila Araceli Gonz\u00e1lez Nolasco (coordinators). Universidad del Istmo, 2019.","breadcrumb":{"@id":"https:\/\/booksfrommexico.com\/es\/producto\/cultura-zapoteca\/#breadcrumb"},"inLanguage":"es","potentialAction":[{"@type":"ReadAction","target":["https:\/\/booksfrommexico.com\/es\/producto\/cultura-zapoteca\/"]}]},{"@type":"ImageObject","inLanguage":"es","@id":"https:\/\/booksfrommexico.com\/es\/producto\/cultura-zapoteca\/#primaryimage","url":"https:\/\/booksfrommexico.com\/app\/uploads\/2024\/04\/192177.jpg","contentUrl":"https:\/\/booksfrommexico.com\/app\/uploads\/2024\/04\/192177.jpg","width":642,"height":927,"caption":"Cultura zapoteca"},{"@type":"BreadcrumbList","@id":"https:\/\/booksfrommexico.com\/es\/producto\/cultura-zapoteca\/#breadcrumb","itemListElement":[{"@type":"ListItem","position":1,"name":"Home","item":"https:\/\/booksfrommexico.com\/es\/"},{"@type":"ListItem","position":2,"name":"Libros","item":"https:\/\/booksfrommexico.com\/es\/libros\/"},{"@type":"ListItem","position":3,"name":"Cultura Zapoteca: Tradici\u00f3n y renovaci\u00f3n"}]},{"@type":"WebSite","@id":"https:\/\/booksfrommexico.com\/#website","url":"https:\/\/booksfrommexico.com\/","name":"Books From Mexico","description":"","publisher":{"@id":"https:\/\/booksfrommexico.com\/#organization"},"potentialAction":[{"@type":"SearchAction","target":{"@type":"EntryPoint","urlTemplate":"https:\/\/booksfrommexico.com\/?s={search_term_string}"},"query-input":{"@type":"PropertyValueSpecification","valueRequired":true,"valueName":"search_term_string"}}],"inLanguage":"es"},{"@type":"Organization","@id":"https:\/\/booksfrommexico.com\/#organization","name":"Books From Mexico","url":"https:\/\/booksfrommexico.com\/","logo":{"@type":"ImageObject","inLanguage":"es","@id":"https:\/\/booksfrommexico.com\/#\/schema\/logo\/image\/","url":"https:\/\/booksfrommexico.com\/app\/uploads\/2023\/05\/logo-booksfrommexico.svg","contentUrl":"https:\/\/booksfrommexico.com\/app\/uploads\/2023\/05\/logo-booksfrommexico.svg","width":86,"height":56,"caption":"Books From Mexico"},"image":{"@id":"https:\/\/booksfrommexico.com\/#\/schema\/logo\/image\/"}}]}},"_links":{"self":[{"href":"https:\/\/booksfrommexico.com\/es\/wp-json\/wp\/v2\/product\/5988","targetHints":{"allow":["GET"]}}],"collection":[{"href":"https:\/\/booksfrommexico.com\/es\/wp-json\/wp\/v2\/product"}],"about":[{"href":"https:\/\/booksfrommexico.com\/es\/wp-json\/wp\/v2\/types\/product"}],"wp:featuredmedia":[{"embeddable":true,"href":"https:\/\/booksfrommexico.com\/es\/wp-json\/wp\/v2\/media\/6045"}],"wp:attachment":[{"href":"https:\/\/booksfrommexico.com\/es\/wp-json\/wp\/v2\/media?parent=5988"}],"wp:term":[{"taxonomy":"product_brand","embeddable":true,"href":"https:\/\/booksfrommexico.com\/es\/wp-json\/wp\/v2\/product_brand?post=5988"},{"taxonomy":"product_cat","embeddable":true,"href":"https:\/\/booksfrommexico.com\/es\/wp-json\/wp\/v2\/product_cat?post=5988"},{"taxonomy":"product_tag","embeddable":true,"href":"https:\/\/booksfrommexico.com\/es\/wp-json\/wp\/v2\/product_tag?post=5988"}],"curies":[{"name":"wp","href":"https:\/\/api.w.org\/{rel}","templated":true}]}}