{"id":5989,"date":"2024-04-30T00:04:07","date_gmt":"2024-04-30T00:04:07","guid":{"rendered":"https:\/\/booksfrommexico.com\/product\/estudios-latinoamericanos-nueva-epoca-num-42-julio-diciembre-2018\/"},"modified":"2024-05-06T19:42:33","modified_gmt":"2024-05-06T19:42:33","slug":"estudios-latinoamericanos-nueva-epoca-num-42-julio-diciembre-2018","status":"publish","type":"product","link":"https:\/\/booksfrommexico.com\/es\/producto\/estudios-latinoamericanos-nueva-epoca-num-42-julio-diciembre-2018\/","title":{"rendered":"Estudios Latinoamericanos, Nueva \u00e9poca, N\u00fam 42 Julio-diciembre 2018"},"content":{"rendered":"<p><span style=\"font-weight: 400;\">N\u00famero 42 de la revista Estudios Latinoamericanos de Nueva \u00c9poca, que abarca publicaciones de julio a diciembre de 2018. En la secci\u00f3n <\/span><i><span style=\"font-weight: 400;\">A Debate<\/span><\/i><span style=\"font-weight: 400;\">, se puede encontrar un texto de Lucio Fernando Oliver Costilla donde habla sobre la crisis de Brasil y el ciclo del Estado de 1988-2017. En la secci\u00f3n <\/span><i><span style=\"font-weight: 400;\">Identidades y formas culturales <\/span><\/i><span style=\"font-weight: 400;\">Mar\u00eda In\u00e9s Ortiz\u00a0 hace un an\u00e1lisis de los or\u00edgenes de la puertorrique\u00f1idad a trav\u00e9s del discurso culinario en las Cr\u00f3nicas de Indias. Para la secci\u00f3n <\/span><i><span style=\"font-weight: 400;\">Procesos y tendencias<\/span><\/i><span style=\"font-weight: 400;\">, Lia Pinheiro Barbosa escribe sobre los dilemas para los movimientos campesinos en Brasil en la \u201cera PT\u201d. Contando con m\u00e1s colaboraciones en diferentes secciones, este n\u00famero se presenta en edici\u00f3n biling\u00fce portugu\u00e9s-espa\u00f1ol.<\/span><\/p>\n","protected":false},"excerpt":{"rendered":"<p>ESTUDIOS LATINOAMERICANOS, NUEVA \u00c9POCA, N\u00daM 42 JULIO-DICIEMBRE 2018<span style=\"font-weight: 400;\">. \/ Ciudad de M\u00e9xico, M\u00e9xico : Universidad Nacional Aut\u00f3noma de M\u00e9xico , Facultad de Ciencias Pol\u00edticas y Sociales,\u00a0 Centro de Estudios Latinoamericanos, 2018. 175 pages : includes bibliography ; 23 cm. (Serie Estudios Latinoamericanos). ISSN : 01871811.<\/span><\/p>\n","protected":false},"featured_media":6011,"template":"","meta":{"_acf_changed":false,"inline_featured_image":false},"product_brand":[],"product_cat":[4110,78],"product_tag":[4108,3880],"class_list":{"0":"post-5989","1":"product","2":"type-product","3":"status-publish","4":"has-post-thumbnail","6":"product_cat-estudios-latinoamericanos","7":"product_cat-sociologia","8":"product_tag-estudios-latinoamericanos","9":"product_tag-identidad-cultural","11":"first","12":"instock","13":"taxable","14":"shipping-taxable","15":"purchasable","16":"product-type-simple"},"acf":[],"yoast_head":"<!-- This site is optimized with the Yoast SEO plugin v27.3 - https:\/\/yoast.com\/product\/yoast-seo-wordpress\/ -->\n<title>Estudios Latinoamericanos, Nueva \u00e9poca 42 Jul-Dic<\/title>\n<meta name=\"description\" content=\"ESTUDIOS LATINOAMERICANOS, NUEVA \u00c9POCA, N\u00daM 42 JULIO-DICIEMBRE 2018. \/ UNAM , FCPyS , Centro de Estudios Latinoamericanos, 2018. ISSN : 01871811.\" \/>\n<meta name=\"robots\" content=\"index, follow, max-snippet:-1, max-image-preview:large, max-video-preview:-1\" \/>\n<link rel=\"canonical\" href=\"https:\/\/booksfrommexico.com\/es\/producto\/estudios-latinoamericanos-nueva-epoca-num-42-julio-diciembre-2018\/\" \/>\n<meta property=\"og:locale\" content=\"es_ES\" \/>\n<meta property=\"og:type\" content=\"article\" \/>\n<meta property=\"og:title\" content=\"Estudios Latinoamericanos, Nueva \u00e9poca 42 Jul-Dic\" \/>\n<meta property=\"og:description\" content=\"ESTUDIOS LATINOAMERICANOS, NUEVA \u00c9POCA, N\u00daM 42 JULIO-DICIEMBRE 2018. \/ UNAM , FCPyS , Centro de Estudios Latinoamericanos, 2018. ISSN : 01871811.\" \/>\n<meta property=\"og:url\" content=\"https:\/\/booksfrommexico.com\/es\/producto\/estudios-latinoamericanos-nueva-epoca-num-42-julio-diciembre-2018\/\" \/>\n<meta property=\"og:site_name\" content=\"Books From Mexico\" \/>\n<meta property=\"article:modified_time\" content=\"2024-05-06T19:42:33+00:00\" \/>\n<meta property=\"og:image\" content=\"http:\/\/booksfrommexico.com\/app\/uploads\/2024\/04\/189907.jpeg\" \/>\n\t<meta property=\"og:image:width\" content=\"471\" \/>\n\t<meta property=\"og:image:height\" content=\"665\" \/>\n\t<meta property=\"og:image:type\" content=\"image\/jpeg\" \/>\n<meta name=\"twitter:card\" content=\"summary_large_image\" \/>\n<meta name=\"twitter:label1\" content=\"Tiempo de lectura\" \/>\n\t<meta name=\"twitter:data1\" content=\"1 minuto\" \/>\n<script type=\"application\/ld+json\" class=\"yoast-schema-graph\">{\"@context\":\"https:\\\/\\\/schema.org\",\"@graph\":[{\"@type\":\"WebPage\",\"@id\":\"https:\\\/\\\/booksfrommexico.com\\\/es\\\/producto\\\/estudios-latinoamericanos-nueva-epoca-num-42-julio-diciembre-2018\\\/\",\"url\":\"https:\\\/\\\/booksfrommexico.com\\\/es\\\/producto\\\/estudios-latinoamericanos-nueva-epoca-num-42-julio-diciembre-2018\\\/\",\"name\":\"Estudios Latinoamericanos, Nueva \u00e9poca 42 Jul-Dic\",\"isPartOf\":{\"@id\":\"https:\\\/\\\/booksfrommexico.com\\\/#website\"},\"primaryImageOfPage\":{\"@id\":\"https:\\\/\\\/booksfrommexico.com\\\/es\\\/producto\\\/estudios-latinoamericanos-nueva-epoca-num-42-julio-diciembre-2018\\\/#primaryimage\"},\"image\":{\"@id\":\"https:\\\/\\\/booksfrommexico.com\\\/es\\\/producto\\\/estudios-latinoamericanos-nueva-epoca-num-42-julio-diciembre-2018\\\/#primaryimage\"},\"thumbnailUrl\":\"https:\\\/\\\/booksfrommexico.com\\\/app\\\/uploads\\\/2024\\\/04\\\/189907.jpeg\",\"datePublished\":\"2024-04-30T00:04:07+00:00\",\"dateModified\":\"2024-05-06T19:42:33+00:00\",\"description\":\"ESTUDIOS LATINOAMERICANOS, NUEVA \u00c9POCA, N\u00daM 42 JULIO-DICIEMBRE 2018. \\\/ UNAM , FCPyS , Centro de Estudios Latinoamericanos, 2018. ISSN : 01871811.\",\"breadcrumb\":{\"@id\":\"https:\\\/\\\/booksfrommexico.com\\\/es\\\/producto\\\/estudios-latinoamericanos-nueva-epoca-num-42-julio-diciembre-2018\\\/#breadcrumb\"},\"inLanguage\":\"es\",\"potentialAction\":[{\"@type\":\"ReadAction\",\"target\":[\"https:\\\/\\\/booksfrommexico.com\\\/es\\\/producto\\\/estudios-latinoamericanos-nueva-epoca-num-42-julio-diciembre-2018\\\/\"]}]},{\"@type\":\"ImageObject\",\"inLanguage\":\"es\",\"@id\":\"https:\\\/\\\/booksfrommexico.com\\\/es\\\/producto\\\/estudios-latinoamericanos-nueva-epoca-num-42-julio-diciembre-2018\\\/#primaryimage\",\"url\":\"https:\\\/\\\/booksfrommexico.com\\\/app\\\/uploads\\\/2024\\\/04\\\/189907.jpeg\",\"contentUrl\":\"https:\\\/\\\/booksfrommexico.com\\\/app\\\/uploads\\\/2024\\\/04\\\/189907.jpeg\",\"width\":471,\"height\":665,\"caption\":\"Estudios Latinoamericanos 42 2018\"},{\"@type\":\"BreadcrumbList\",\"@id\":\"https:\\\/\\\/booksfrommexico.com\\\/es\\\/producto\\\/estudios-latinoamericanos-nueva-epoca-num-42-julio-diciembre-2018\\\/#breadcrumb\",\"itemListElement\":[{\"@type\":\"ListItem\",\"position\":1,\"name\":\"Home\",\"item\":\"https:\\\/\\\/booksfrommexico.com\\\/es\\\/\"},{\"@type\":\"ListItem\",\"position\":2,\"name\":\"Libros\",\"item\":\"https:\\\/\\\/booksfrommexico.com\\\/es\\\/libros\\\/\"},{\"@type\":\"ListItem\",\"position\":3,\"name\":\"Estudios Latinoamericanos, Nueva \u00e9poca, N\u00fam 42 Julio-diciembre 2018\"}]},{\"@type\":\"WebSite\",\"@id\":\"https:\\\/\\\/booksfrommexico.com\\\/#website\",\"url\":\"https:\\\/\\\/booksfrommexico.com\\\/\",\"name\":\"Books From Mexico\",\"description\":\"\",\"publisher\":{\"@id\":\"https:\\\/\\\/booksfrommexico.com\\\/#organization\"},\"potentialAction\":[{\"@type\":\"SearchAction\",\"target\":{\"@type\":\"EntryPoint\",\"urlTemplate\":\"https:\\\/\\\/booksfrommexico.com\\\/?s={search_term_string}\"},\"query-input\":{\"@type\":\"PropertyValueSpecification\",\"valueRequired\":true,\"valueName\":\"search_term_string\"}}],\"inLanguage\":\"es\"},{\"@type\":\"Organization\",\"@id\":\"https:\\\/\\\/booksfrommexico.com\\\/#organization\",\"name\":\"Books From Mexico\",\"url\":\"https:\\\/\\\/booksfrommexico.com\\\/\",\"logo\":{\"@type\":\"ImageObject\",\"inLanguage\":\"es\",\"@id\":\"https:\\\/\\\/booksfrommexico.com\\\/#\\\/schema\\\/logo\\\/image\\\/\",\"url\":\"https:\\\/\\\/booksfrommexico.com\\\/app\\\/uploads\\\/2023\\\/05\\\/logo-booksfrommexico.svg\",\"contentUrl\":\"https:\\\/\\\/booksfrommexico.com\\\/app\\\/uploads\\\/2023\\\/05\\\/logo-booksfrommexico.svg\",\"width\":86,\"height\":56,\"caption\":\"Books From Mexico\"},\"image\":{\"@id\":\"https:\\\/\\\/booksfrommexico.com\\\/#\\\/schema\\\/logo\\\/image\\\/\"}}]}<\/script>\n<!-- \/ Yoast SEO plugin. -->","yoast_head_json":{"title":"Estudios Latinoamericanos, Nueva \u00e9poca 42 Jul-Dic","description":"ESTUDIOS LATINOAMERICANOS, NUEVA \u00c9POCA, N\u00daM 42 JULIO-DICIEMBRE 2018. \/ UNAM , FCPyS , Centro de Estudios Latinoamericanos, 2018. ISSN : 01871811.","robots":{"index":"index","follow":"follow","max-snippet":"max-snippet:-1","max-image-preview":"max-image-preview:large","max-video-preview":"max-video-preview:-1"},"canonical":"https:\/\/booksfrommexico.com\/es\/producto\/estudios-latinoamericanos-nueva-epoca-num-42-julio-diciembre-2018\/","og_locale":"es_ES","og_type":"article","og_title":"Estudios Latinoamericanos, Nueva \u00e9poca 42 Jul-Dic","og_description":"ESTUDIOS LATINOAMERICANOS, NUEVA \u00c9POCA, N\u00daM 42 JULIO-DICIEMBRE 2018. \/ UNAM , FCPyS , Centro de Estudios Latinoamericanos, 2018. ISSN : 01871811.","og_url":"https:\/\/booksfrommexico.com\/es\/producto\/estudios-latinoamericanos-nueva-epoca-num-42-julio-diciembre-2018\/","og_site_name":"Books From Mexico","article_modified_time":"2024-05-06T19:42:33+00:00","og_image":[{"width":471,"height":665,"url":"http:\/\/booksfrommexico.com\/app\/uploads\/2024\/04\/189907.jpeg","type":"image\/jpeg"}],"twitter_card":"summary_large_image","twitter_misc":{"Tiempo de lectura":"1 minuto"},"schema":{"@context":"https:\/\/schema.org","@graph":[{"@type":"WebPage","@id":"https:\/\/booksfrommexico.com\/es\/producto\/estudios-latinoamericanos-nueva-epoca-num-42-julio-diciembre-2018\/","url":"https:\/\/booksfrommexico.com\/es\/producto\/estudios-latinoamericanos-nueva-epoca-num-42-julio-diciembre-2018\/","name":"Estudios Latinoamericanos, Nueva \u00e9poca 42 Jul-Dic","isPartOf":{"@id":"https:\/\/booksfrommexico.com\/#website"},"primaryImageOfPage":{"@id":"https:\/\/booksfrommexico.com\/es\/producto\/estudios-latinoamericanos-nueva-epoca-num-42-julio-diciembre-2018\/#primaryimage"},"image":{"@id":"https:\/\/booksfrommexico.com\/es\/producto\/estudios-latinoamericanos-nueva-epoca-num-42-julio-diciembre-2018\/#primaryimage"},"thumbnailUrl":"https:\/\/booksfrommexico.com\/app\/uploads\/2024\/04\/189907.jpeg","datePublished":"2024-04-30T00:04:07+00:00","dateModified":"2024-05-06T19:42:33+00:00","description":"ESTUDIOS LATINOAMERICANOS, NUEVA \u00c9POCA, N\u00daM 42 JULIO-DICIEMBRE 2018. \/ UNAM , FCPyS , Centro de Estudios Latinoamericanos, 2018. ISSN : 01871811.","breadcrumb":{"@id":"https:\/\/booksfrommexico.com\/es\/producto\/estudios-latinoamericanos-nueva-epoca-num-42-julio-diciembre-2018\/#breadcrumb"},"inLanguage":"es","potentialAction":[{"@type":"ReadAction","target":["https:\/\/booksfrommexico.com\/es\/producto\/estudios-latinoamericanos-nueva-epoca-num-42-julio-diciembre-2018\/"]}]},{"@type":"ImageObject","inLanguage":"es","@id":"https:\/\/booksfrommexico.com\/es\/producto\/estudios-latinoamericanos-nueva-epoca-num-42-julio-diciembre-2018\/#primaryimage","url":"https:\/\/booksfrommexico.com\/app\/uploads\/2024\/04\/189907.jpeg","contentUrl":"https:\/\/booksfrommexico.com\/app\/uploads\/2024\/04\/189907.jpeg","width":471,"height":665,"caption":"Estudios Latinoamericanos 42 2018"},{"@type":"BreadcrumbList","@id":"https:\/\/booksfrommexico.com\/es\/producto\/estudios-latinoamericanos-nueva-epoca-num-42-julio-diciembre-2018\/#breadcrumb","itemListElement":[{"@type":"ListItem","position":1,"name":"Home","item":"https:\/\/booksfrommexico.com\/es\/"},{"@type":"ListItem","position":2,"name":"Libros","item":"https:\/\/booksfrommexico.com\/es\/libros\/"},{"@type":"ListItem","position":3,"name":"Estudios Latinoamericanos, Nueva \u00e9poca, N\u00fam 42 Julio-diciembre 2018"}]},{"@type":"WebSite","@id":"https:\/\/booksfrommexico.com\/#website","url":"https:\/\/booksfrommexico.com\/","name":"Books From Mexico","description":"","publisher":{"@id":"https:\/\/booksfrommexico.com\/#organization"},"potentialAction":[{"@type":"SearchAction","target":{"@type":"EntryPoint","urlTemplate":"https:\/\/booksfrommexico.com\/?s={search_term_string}"},"query-input":{"@type":"PropertyValueSpecification","valueRequired":true,"valueName":"search_term_string"}}],"inLanguage":"es"},{"@type":"Organization","@id":"https:\/\/booksfrommexico.com\/#organization","name":"Books From Mexico","url":"https:\/\/booksfrommexico.com\/","logo":{"@type":"ImageObject","inLanguage":"es","@id":"https:\/\/booksfrommexico.com\/#\/schema\/logo\/image\/","url":"https:\/\/booksfrommexico.com\/app\/uploads\/2023\/05\/logo-booksfrommexico.svg","contentUrl":"https:\/\/booksfrommexico.com\/app\/uploads\/2023\/05\/logo-booksfrommexico.svg","width":86,"height":56,"caption":"Books From Mexico"},"image":{"@id":"https:\/\/booksfrommexico.com\/#\/schema\/logo\/image\/"}}]}},"_links":{"self":[{"href":"https:\/\/booksfrommexico.com\/es\/wp-json\/wp\/v2\/product\/5989","targetHints":{"allow":["GET"]}}],"collection":[{"href":"https:\/\/booksfrommexico.com\/es\/wp-json\/wp\/v2\/product"}],"about":[{"href":"https:\/\/booksfrommexico.com\/es\/wp-json\/wp\/v2\/types\/product"}],"wp:featuredmedia":[{"embeddable":true,"href":"https:\/\/booksfrommexico.com\/es\/wp-json\/wp\/v2\/media\/6011"}],"wp:attachment":[{"href":"https:\/\/booksfrommexico.com\/es\/wp-json\/wp\/v2\/media?parent=5989"}],"wp:term":[{"taxonomy":"product_brand","embeddable":true,"href":"https:\/\/booksfrommexico.com\/es\/wp-json\/wp\/v2\/product_brand?post=5989"},{"taxonomy":"product_cat","embeddable":true,"href":"https:\/\/booksfrommexico.com\/es\/wp-json\/wp\/v2\/product_cat?post=5989"},{"taxonomy":"product_tag","embeddable":true,"href":"https:\/\/booksfrommexico.com\/es\/wp-json\/wp\/v2\/product_tag?post=5989"}],"curies":[{"name":"wp","href":"https:\/\/api.w.org\/{rel}","templated":true}]}}