{"id":599,"date":"2023-05-08T17:04:28","date_gmt":"2023-05-08T17:04:28","guid":{"rendered":"http:\/\/booksfrommexico.com\/product\/a-violencia-social-en-mexico-y-sus-manifetaciones-una-aproximacion-multidisciplinaria\/"},"modified":"2024-07-18T23:39:40","modified_gmt":"2024-07-18T23:39:40","slug":"a-violencia-social-en-mexico-y-sus-manifetaciones-una-aproximacion-multidisciplinaria","status":"publish","type":"product","link":"https:\/\/booksfrommexico.com\/es\/producto\/a-violencia-social-en-mexico-y-sus-manifetaciones-una-aproximacion-multidisciplinaria\/","title":{"rendered":"La violencia social en M\u00e9xico y sus manifestaciones: Una aproximaci\u00f3n multidisciplinaria"},"content":{"rendered":"<p><span style=\"font-weight: 400;\">En este t\u00edtulo se recopila el trabajo de diversos especialistas en disciplinas sociales como la psicolog\u00eda, el trabajo social, la sociolog\u00eda, la comunicaci\u00f3n y las ciencias pol\u00edticas, para as\u00ed conformar diversos \u00e1ngulos de la investigaci\u00f3n cient\u00edfica sobre el fen\u00f3meno de la violencia. La b\u00fasqueda de los significados culturales de pr\u00e1cticas violentas en sociedades como la mexicana, la din\u00e1mica de las relaciones de g\u00e9nero en familias afectados por la violencia, el dise\u00f1o de los programas de prevenci\u00f3n, la degradaci\u00f3n ambiental como expresi\u00f3n de un tipo de violencia, son algunos de los t\u00f3picos que se abordan en este texto, invitando, ante todo, a la reflexi\u00f3n.<\/span><\/p>\n<p><br style=\"font-weight: 400;\" \/><br style=\"font-weight: 400;\" \/><\/p>\n","protected":false},"excerpt":{"rendered":"<p>LA VIOLENCIA SOCIAL EN M\u00c9XICO Y SUS MANIFESTACIONES : UNA APROXIMACI\u00d3N MULTIDISCIPLINARIA<span style=\"font-weight: 400;\">. \/ Claudia Campillo Toledano, Jos\u00e9 Guillermo Z\u00fa\u00f1iga Z\u00e1rate (coordinators). Nuevo Le\u00f3n, M\u00e9xico:\u00a0 Universidad Aut\u00f3noma de Nuevo Le\u00f3n, 2006. 560 pages : includes tables, charts, semblances, bibliography ; 21 cm. (Colecci\u00f3n Tendencias). ISBN : 9706942270.<\/span><\/p>\n","protected":false},"featured_media":598,"template":"","meta":{"_acf_changed":false,"inline_featured_image":false},"product_brand":[],"product_cat":[78,699],"product_tag":[3659],"class_list":{"0":"post-599","1":"product","2":"type-product","3":"status-publish","4":"has-post-thumbnail","6":"product_cat-sociologia","7":"product_cat-violencia-en-la-sociedad-sociologia","8":"product_tag-condiciones-sociales","10":"first","11":"instock","12":"taxable","13":"shipping-taxable","14":"purchasable","15":"product-type-simple"},"acf":[],"yoast_head":"<!-- This site is optimized with the Yoast SEO plugin v27.3 - https:\/\/yoast.com\/product\/yoast-seo-wordpress\/ -->\n<title>La violencia social en M\u00e9xico y sus manifestaciones<\/title>\n<meta name=\"description\" content=\"LA VIOLENCIA SOCIAL EN M\u00c9XICO Y SUS MANIFESTACIONES : UNA APROXIMACI\u00d3N MULTIDISCIPLINARIA. \/ Campillo Toledano, Z\u00fa\u00f1iga Z\u00e1rate (coordinators). 2006.\" \/>\n<meta name=\"robots\" content=\"index, follow, max-snippet:-1, max-image-preview:large, max-video-preview:-1\" \/>\n<link rel=\"canonical\" href=\"https:\/\/booksfrommexico.com\/es\/producto\/a-violencia-social-en-mexico-y-sus-manifetaciones-una-aproximacion-multidisciplinaria\/\" \/>\n<meta property=\"og:locale\" content=\"es_ES\" \/>\n<meta property=\"og:type\" content=\"article\" \/>\n<meta property=\"og:title\" content=\"La violencia social en M\u00e9xico y sus manifestaciones\" \/>\n<meta property=\"og:description\" content=\"LA VIOLENCIA SOCIAL EN M\u00c9XICO Y SUS MANIFESTACIONES : UNA APROXIMACI\u00d3N MULTIDISCIPLINARIA. \/ Campillo Toledano, Z\u00fa\u00f1iga Z\u00e1rate (coordinators). 2006.\" \/>\n<meta property=\"og:url\" content=\"https:\/\/booksfrommexico.com\/es\/producto\/a-violencia-social-en-mexico-y-sus-manifetaciones-una-aproximacion-multidisciplinaria\/\" \/>\n<meta property=\"og:site_name\" content=\"Books From Mexico\" \/>\n<meta property=\"article:modified_time\" content=\"2024-07-18T23:39:40+00:00\" \/>\n<meta property=\"og:image\" content=\"http:\/\/booksfrommexico.com\/app\/uploads\/2023\/05\/131557.jpeg\" \/>\n\t<meta property=\"og:image:width\" content=\"457\" \/>\n\t<meta property=\"og:image:height\" content=\"608\" \/>\n\t<meta property=\"og:image:type\" content=\"image\/jpeg\" \/>\n<meta name=\"twitter:card\" content=\"summary_large_image\" \/>\n<meta name=\"twitter:label1\" content=\"Tiempo de lectura\" \/>\n\t<meta name=\"twitter:data1\" content=\"1 minuto\" \/>\n<script type=\"application\/ld+json\" class=\"yoast-schema-graph\">{\"@context\":\"https:\\\/\\\/schema.org\",\"@graph\":[{\"@type\":\"WebPage\",\"@id\":\"https:\\\/\\\/booksfrommexico.com\\\/es\\\/producto\\\/a-violencia-social-en-mexico-y-sus-manifetaciones-una-aproximacion-multidisciplinaria\\\/\",\"url\":\"https:\\\/\\\/booksfrommexico.com\\\/es\\\/producto\\\/a-violencia-social-en-mexico-y-sus-manifetaciones-una-aproximacion-multidisciplinaria\\\/\",\"name\":\"La violencia social en M\u00e9xico y sus manifestaciones\",\"isPartOf\":{\"@id\":\"https:\\\/\\\/booksfrommexico.com\\\/#website\"},\"primaryImageOfPage\":{\"@id\":\"https:\\\/\\\/booksfrommexico.com\\\/es\\\/producto\\\/a-violencia-social-en-mexico-y-sus-manifetaciones-una-aproximacion-multidisciplinaria\\\/#primaryimage\"},\"image\":{\"@id\":\"https:\\\/\\\/booksfrommexico.com\\\/es\\\/producto\\\/a-violencia-social-en-mexico-y-sus-manifetaciones-una-aproximacion-multidisciplinaria\\\/#primaryimage\"},\"thumbnailUrl\":\"https:\\\/\\\/booksfrommexico.com\\\/app\\\/uploads\\\/2023\\\/05\\\/131557.jpeg\",\"datePublished\":\"2023-05-08T17:04:28+00:00\",\"dateModified\":\"2024-07-18T23:39:40+00:00\",\"description\":\"LA VIOLENCIA SOCIAL EN M\u00c9XICO Y SUS MANIFESTACIONES : UNA APROXIMACI\u00d3N MULTIDISCIPLINARIA. \\\/ Campillo Toledano, Z\u00fa\u00f1iga Z\u00e1rate (coordinators). 2006.\",\"breadcrumb\":{\"@id\":\"https:\\\/\\\/booksfrommexico.com\\\/es\\\/producto\\\/a-violencia-social-en-mexico-y-sus-manifetaciones-una-aproximacion-multidisciplinaria\\\/#breadcrumb\"},\"inLanguage\":\"es\",\"potentialAction\":[{\"@type\":\"ReadAction\",\"target\":[\"https:\\\/\\\/booksfrommexico.com\\\/es\\\/producto\\\/a-violencia-social-en-mexico-y-sus-manifetaciones-una-aproximacion-multidisciplinaria\\\/\"]}]},{\"@type\":\"ImageObject\",\"inLanguage\":\"es\",\"@id\":\"https:\\\/\\\/booksfrommexico.com\\\/es\\\/producto\\\/a-violencia-social-en-mexico-y-sus-manifetaciones-una-aproximacion-multidisciplinaria\\\/#primaryimage\",\"url\":\"https:\\\/\\\/booksfrommexico.com\\\/app\\\/uploads\\\/2023\\\/05\\\/131557.jpeg\",\"contentUrl\":\"https:\\\/\\\/booksfrommexico.com\\\/app\\\/uploads\\\/2023\\\/05\\\/131557.jpeg\",\"width\":457,\"height\":608},{\"@type\":\"BreadcrumbList\",\"@id\":\"https:\\\/\\\/booksfrommexico.com\\\/es\\\/producto\\\/a-violencia-social-en-mexico-y-sus-manifetaciones-una-aproximacion-multidisciplinaria\\\/#breadcrumb\",\"itemListElement\":[{\"@type\":\"ListItem\",\"position\":1,\"name\":\"Home\",\"item\":\"https:\\\/\\\/booksfrommexico.com\\\/es\\\/\"},{\"@type\":\"ListItem\",\"position\":2,\"name\":\"Libros\",\"item\":\"https:\\\/\\\/booksfrommexico.com\\\/es\\\/libros\\\/\"},{\"@type\":\"ListItem\",\"position\":3,\"name\":\"La violencia social en M\u00e9xico y sus manifestaciones: Una aproximaci\u00f3n multidisciplinaria\"}]},{\"@type\":\"WebSite\",\"@id\":\"https:\\\/\\\/booksfrommexico.com\\\/#website\",\"url\":\"https:\\\/\\\/booksfrommexico.com\\\/\",\"name\":\"Books From Mexico\",\"description\":\"\",\"publisher\":{\"@id\":\"https:\\\/\\\/booksfrommexico.com\\\/#organization\"},\"potentialAction\":[{\"@type\":\"SearchAction\",\"target\":{\"@type\":\"EntryPoint\",\"urlTemplate\":\"https:\\\/\\\/booksfrommexico.com\\\/?s={search_term_string}\"},\"query-input\":{\"@type\":\"PropertyValueSpecification\",\"valueRequired\":true,\"valueName\":\"search_term_string\"}}],\"inLanguage\":\"es\"},{\"@type\":\"Organization\",\"@id\":\"https:\\\/\\\/booksfrommexico.com\\\/#organization\",\"name\":\"Books From Mexico\",\"url\":\"https:\\\/\\\/booksfrommexico.com\\\/\",\"logo\":{\"@type\":\"ImageObject\",\"inLanguage\":\"es\",\"@id\":\"https:\\\/\\\/booksfrommexico.com\\\/#\\\/schema\\\/logo\\\/image\\\/\",\"url\":\"https:\\\/\\\/booksfrommexico.com\\\/app\\\/uploads\\\/2023\\\/05\\\/logo-booksfrommexico.svg\",\"contentUrl\":\"https:\\\/\\\/booksfrommexico.com\\\/app\\\/uploads\\\/2023\\\/05\\\/logo-booksfrommexico.svg\",\"width\":86,\"height\":56,\"caption\":\"Books From Mexico\"},\"image\":{\"@id\":\"https:\\\/\\\/booksfrommexico.com\\\/#\\\/schema\\\/logo\\\/image\\\/\"}}]}<\/script>\n<!-- \/ Yoast SEO plugin. -->","yoast_head_json":{"title":"La violencia social en M\u00e9xico y sus manifestaciones","description":"LA VIOLENCIA SOCIAL EN M\u00c9XICO Y SUS MANIFESTACIONES : UNA APROXIMACI\u00d3N MULTIDISCIPLINARIA. \/ Campillo Toledano, Z\u00fa\u00f1iga Z\u00e1rate (coordinators). 2006.","robots":{"index":"index","follow":"follow","max-snippet":"max-snippet:-1","max-image-preview":"max-image-preview:large","max-video-preview":"max-video-preview:-1"},"canonical":"https:\/\/booksfrommexico.com\/es\/producto\/a-violencia-social-en-mexico-y-sus-manifetaciones-una-aproximacion-multidisciplinaria\/","og_locale":"es_ES","og_type":"article","og_title":"La violencia social en M\u00e9xico y sus manifestaciones","og_description":"LA VIOLENCIA SOCIAL EN M\u00c9XICO Y SUS MANIFESTACIONES : UNA APROXIMACI\u00d3N MULTIDISCIPLINARIA. \/ Campillo Toledano, Z\u00fa\u00f1iga Z\u00e1rate (coordinators). 2006.","og_url":"https:\/\/booksfrommexico.com\/es\/producto\/a-violencia-social-en-mexico-y-sus-manifetaciones-una-aproximacion-multidisciplinaria\/","og_site_name":"Books From Mexico","article_modified_time":"2024-07-18T23:39:40+00:00","og_image":[{"width":457,"height":608,"url":"http:\/\/booksfrommexico.com\/app\/uploads\/2023\/05\/131557.jpeg","type":"image\/jpeg"}],"twitter_card":"summary_large_image","twitter_misc":{"Tiempo de lectura":"1 minuto"},"schema":{"@context":"https:\/\/schema.org","@graph":[{"@type":"WebPage","@id":"https:\/\/booksfrommexico.com\/es\/producto\/a-violencia-social-en-mexico-y-sus-manifetaciones-una-aproximacion-multidisciplinaria\/","url":"https:\/\/booksfrommexico.com\/es\/producto\/a-violencia-social-en-mexico-y-sus-manifetaciones-una-aproximacion-multidisciplinaria\/","name":"La violencia social en M\u00e9xico y sus manifestaciones","isPartOf":{"@id":"https:\/\/booksfrommexico.com\/#website"},"primaryImageOfPage":{"@id":"https:\/\/booksfrommexico.com\/es\/producto\/a-violencia-social-en-mexico-y-sus-manifetaciones-una-aproximacion-multidisciplinaria\/#primaryimage"},"image":{"@id":"https:\/\/booksfrommexico.com\/es\/producto\/a-violencia-social-en-mexico-y-sus-manifetaciones-una-aproximacion-multidisciplinaria\/#primaryimage"},"thumbnailUrl":"https:\/\/booksfrommexico.com\/app\/uploads\/2023\/05\/131557.jpeg","datePublished":"2023-05-08T17:04:28+00:00","dateModified":"2024-07-18T23:39:40+00:00","description":"LA VIOLENCIA SOCIAL EN M\u00c9XICO Y SUS MANIFESTACIONES : UNA APROXIMACI\u00d3N MULTIDISCIPLINARIA. \/ Campillo Toledano, Z\u00fa\u00f1iga Z\u00e1rate (coordinators). 2006.","breadcrumb":{"@id":"https:\/\/booksfrommexico.com\/es\/producto\/a-violencia-social-en-mexico-y-sus-manifetaciones-una-aproximacion-multidisciplinaria\/#breadcrumb"},"inLanguage":"es","potentialAction":[{"@type":"ReadAction","target":["https:\/\/booksfrommexico.com\/es\/producto\/a-violencia-social-en-mexico-y-sus-manifetaciones-una-aproximacion-multidisciplinaria\/"]}]},{"@type":"ImageObject","inLanguage":"es","@id":"https:\/\/booksfrommexico.com\/es\/producto\/a-violencia-social-en-mexico-y-sus-manifetaciones-una-aproximacion-multidisciplinaria\/#primaryimage","url":"https:\/\/booksfrommexico.com\/app\/uploads\/2023\/05\/131557.jpeg","contentUrl":"https:\/\/booksfrommexico.com\/app\/uploads\/2023\/05\/131557.jpeg","width":457,"height":608},{"@type":"BreadcrumbList","@id":"https:\/\/booksfrommexico.com\/es\/producto\/a-violencia-social-en-mexico-y-sus-manifetaciones-una-aproximacion-multidisciplinaria\/#breadcrumb","itemListElement":[{"@type":"ListItem","position":1,"name":"Home","item":"https:\/\/booksfrommexico.com\/es\/"},{"@type":"ListItem","position":2,"name":"Libros","item":"https:\/\/booksfrommexico.com\/es\/libros\/"},{"@type":"ListItem","position":3,"name":"La violencia social en M\u00e9xico y sus manifestaciones: Una aproximaci\u00f3n multidisciplinaria"}]},{"@type":"WebSite","@id":"https:\/\/booksfrommexico.com\/#website","url":"https:\/\/booksfrommexico.com\/","name":"Books From Mexico","description":"","publisher":{"@id":"https:\/\/booksfrommexico.com\/#organization"},"potentialAction":[{"@type":"SearchAction","target":{"@type":"EntryPoint","urlTemplate":"https:\/\/booksfrommexico.com\/?s={search_term_string}"},"query-input":{"@type":"PropertyValueSpecification","valueRequired":true,"valueName":"search_term_string"}}],"inLanguage":"es"},{"@type":"Organization","@id":"https:\/\/booksfrommexico.com\/#organization","name":"Books From Mexico","url":"https:\/\/booksfrommexico.com\/","logo":{"@type":"ImageObject","inLanguage":"es","@id":"https:\/\/booksfrommexico.com\/#\/schema\/logo\/image\/","url":"https:\/\/booksfrommexico.com\/app\/uploads\/2023\/05\/logo-booksfrommexico.svg","contentUrl":"https:\/\/booksfrommexico.com\/app\/uploads\/2023\/05\/logo-booksfrommexico.svg","width":86,"height":56,"caption":"Books From Mexico"},"image":{"@id":"https:\/\/booksfrommexico.com\/#\/schema\/logo\/image\/"}}]}},"_links":{"self":[{"href":"https:\/\/booksfrommexico.com\/es\/wp-json\/wp\/v2\/product\/599","targetHints":{"allow":["GET"]}}],"collection":[{"href":"https:\/\/booksfrommexico.com\/es\/wp-json\/wp\/v2\/product"}],"about":[{"href":"https:\/\/booksfrommexico.com\/es\/wp-json\/wp\/v2\/types\/product"}],"wp:featuredmedia":[{"embeddable":true,"href":"https:\/\/booksfrommexico.com\/es\/wp-json\/wp\/v2\/media\/598"}],"wp:attachment":[{"href":"https:\/\/booksfrommexico.com\/es\/wp-json\/wp\/v2\/media?parent=599"}],"wp:term":[{"taxonomy":"product_brand","embeddable":true,"href":"https:\/\/booksfrommexico.com\/es\/wp-json\/wp\/v2\/product_brand?post=599"},{"taxonomy":"product_cat","embeddable":true,"href":"https:\/\/booksfrommexico.com\/es\/wp-json\/wp\/v2\/product_cat?post=599"},{"taxonomy":"product_tag","embeddable":true,"href":"https:\/\/booksfrommexico.com\/es\/wp-json\/wp\/v2\/product_tag?post=599"}],"curies":[{"name":"wp","href":"https:\/\/api.w.org\/{rel}","templated":true}]}}