{"id":5991,"date":"2024-04-30T00:04:07","date_gmt":"2024-04-30T00:04:07","guid":{"rendered":"https:\/\/booksfrommexico.com\/product\/juventud-trabajo-y-narcotrafico\/"},"modified":"2024-04-30T22:49:38","modified_gmt":"2024-04-30T22:49:38","slug":"juventud-trabajo-y-narcotrafico","status":"publish","type":"product","link":"https:\/\/booksfrommexico.com\/es\/producto\/juventud-trabajo-y-narcotrafico\/","title":{"rendered":"Juventud, trabajo y narcotr\u00e1fico"},"content":{"rendered":"<p><span style=\"font-weight: 400;\">Conjunto de ensayos de especialistas universitarios que analizan el devenir de la participaci\u00f3n juvenil en el aparato del crimen organizado, sus perfiles, modalidades de negocio, riesgos, usos, costumbres y lenguaje. Uno de los efectos m\u00e1s tangibles del sexenio de Felipe Calder\u00f3n en M\u00e9xico, adem\u00e1s del aumento de la violencia homicida, fue la criminalizaci\u00f3n de los j\u00f3venes menores de edad. En este trabajo se habla de juventudes, tomando en cuenta las categor\u00edas centrales de las relaciones sociales: raza, g\u00e9nero, clase y edad, para analizar estas categor\u00edas y lograr identificar las din\u00e1micas juveniles que provocan la decantaci\u00f3n por el crimen.<\/span><\/p>\n","protected":false},"excerpt":{"rendered":"<p>JUVENTUD, TRABAJO Y NARCOTR\u00c1FICO : INSERCI\u00d3N LABORAL DE LOS J\u00d3VENES EN ORGANIZACIONES DELINCUENCIALES<span style=\"font-weight: 400;\">. \/ Hugo C\u00e9sar Moreno, Maritza Urteaga (compilators). Puebla, M\u00e9xico : Benem\u00e9rita Universidad Aut\u00f3noma de Puebla , Direcci\u00f3n General de Publicaciones, 2019. 342 pages : includes tables, maps, charts, references at the end of each chapter ; 23 cm. (Colecci\u00f3n Homo Ludens). ISBN : 9786075256269. <\/span><\/p>\n","protected":false},"featured_media":6020,"template":"","meta":{"_acf_changed":false,"inline_featured_image":false},"product_brand":[],"product_cat":[3331,699],"product_tag":[4289,3661],"class_list":{"0":"post-5991","1":"product","2":"type-product","3":"status-publish","4":"has-post-thumbnail","6":"product_cat-drogas-narcotrafico-narcopolitica-y-narcosociedad","7":"product_cat-violencia-en-la-sociedad-sociologia","8":"product_tag-crimen","9":"product_tag-juventud","11":"first","12":"instock","13":"taxable","14":"shipping-taxable","15":"purchasable","16":"product-type-simple"},"acf":[],"yoast_head":"<!-- This site is optimized with the Yoast SEO plugin v27.3 - https:\/\/yoast.com\/product\/yoast-seo-wordpress\/ -->\n<title>Juventud, trabajo y narcotr\u00e1fico - Books From Mexico<\/title>\n<meta name=\"description\" content=\"JUVENTUD, TRABAJO Y NARCOTR\u00c1FICO : INSERCI\u00d3N LABORAL DE LOS J\u00d3VENES EN ORGANIZACIONES DELINCUENCIALES. \/ Hugo C\u00e9sar Moreno, Maritza Urteaga (compilators).\" \/>\n<meta name=\"robots\" content=\"index, follow, max-snippet:-1, max-image-preview:large, max-video-preview:-1\" \/>\n<link rel=\"canonical\" href=\"https:\/\/booksfrommexico.com\/es\/producto\/juventud-trabajo-y-narcotrafico\/\" \/>\n<meta property=\"og:locale\" content=\"es_ES\" \/>\n<meta property=\"og:type\" content=\"article\" \/>\n<meta property=\"og:title\" content=\"Juventud, trabajo y narcotr\u00e1fico - Books From Mexico\" \/>\n<meta property=\"og:description\" content=\"JUVENTUD, TRABAJO Y NARCOTR\u00c1FICO : INSERCI\u00d3N LABORAL DE LOS J\u00d3VENES EN ORGANIZACIONES DELINCUENCIALES. \/ Hugo C\u00e9sar Moreno, Maritza Urteaga (compilators).\" \/>\n<meta property=\"og:url\" content=\"https:\/\/booksfrommexico.com\/es\/producto\/juventud-trabajo-y-narcotrafico\/\" \/>\n<meta property=\"og:site_name\" content=\"Books From Mexico\" \/>\n<meta property=\"article:modified_time\" content=\"2024-04-30T22:49:38+00:00\" \/>\n<meta property=\"og:image\" content=\"http:\/\/booksfrommexico.com\/app\/uploads\/2024\/04\/190287.jpg\" \/>\n\t<meta property=\"og:image:width\" content=\"585\" \/>\n\t<meta property=\"og:image:height\" content=\"901\" \/>\n\t<meta property=\"og:image:type\" content=\"image\/jpeg\" \/>\n<meta name=\"twitter:card\" content=\"summary_large_image\" \/>\n<meta name=\"twitter:label1\" content=\"Tiempo de lectura\" \/>\n\t<meta name=\"twitter:data1\" content=\"1 minuto\" \/>\n<script type=\"application\/ld+json\" class=\"yoast-schema-graph\">{\"@context\":\"https:\\\/\\\/schema.org\",\"@graph\":[{\"@type\":\"WebPage\",\"@id\":\"https:\\\/\\\/booksfrommexico.com\\\/es\\\/producto\\\/juventud-trabajo-y-narcotrafico\\\/\",\"url\":\"https:\\\/\\\/booksfrommexico.com\\\/es\\\/producto\\\/juventud-trabajo-y-narcotrafico\\\/\",\"name\":\"Juventud, trabajo y narcotr\u00e1fico - Books From Mexico\",\"isPartOf\":{\"@id\":\"https:\\\/\\\/booksfrommexico.com\\\/#website\"},\"primaryImageOfPage\":{\"@id\":\"https:\\\/\\\/booksfrommexico.com\\\/es\\\/producto\\\/juventud-trabajo-y-narcotrafico\\\/#primaryimage\"},\"image\":{\"@id\":\"https:\\\/\\\/booksfrommexico.com\\\/es\\\/producto\\\/juventud-trabajo-y-narcotrafico\\\/#primaryimage\"},\"thumbnailUrl\":\"https:\\\/\\\/booksfrommexico.com\\\/app\\\/uploads\\\/2024\\\/04\\\/190287.jpg\",\"datePublished\":\"2024-04-30T00:04:07+00:00\",\"dateModified\":\"2024-04-30T22:49:38+00:00\",\"description\":\"JUVENTUD, TRABAJO Y NARCOTR\u00c1FICO : INSERCI\u00d3N LABORAL DE LOS J\u00d3VENES EN ORGANIZACIONES DELINCUENCIALES. \\\/ Hugo C\u00e9sar Moreno, Maritza Urteaga (compilators).\",\"breadcrumb\":{\"@id\":\"https:\\\/\\\/booksfrommexico.com\\\/es\\\/producto\\\/juventud-trabajo-y-narcotrafico\\\/#breadcrumb\"},\"inLanguage\":\"es\",\"potentialAction\":[{\"@type\":\"ReadAction\",\"target\":[\"https:\\\/\\\/booksfrommexico.com\\\/es\\\/producto\\\/juventud-trabajo-y-narcotrafico\\\/\"]}]},{\"@type\":\"ImageObject\",\"inLanguage\":\"es\",\"@id\":\"https:\\\/\\\/booksfrommexico.com\\\/es\\\/producto\\\/juventud-trabajo-y-narcotrafico\\\/#primaryimage\",\"url\":\"https:\\\/\\\/booksfrommexico.com\\\/app\\\/uploads\\\/2024\\\/04\\\/190287.jpg\",\"contentUrl\":\"https:\\\/\\\/booksfrommexico.com\\\/app\\\/uploads\\\/2024\\\/04\\\/190287.jpg\",\"width\":585,\"height\":901,\"caption\":\"Juventud, trabajo y narcotr\u00e1fico\"},{\"@type\":\"BreadcrumbList\",\"@id\":\"https:\\\/\\\/booksfrommexico.com\\\/es\\\/producto\\\/juventud-trabajo-y-narcotrafico\\\/#breadcrumb\",\"itemListElement\":[{\"@type\":\"ListItem\",\"position\":1,\"name\":\"Home\",\"item\":\"https:\\\/\\\/booksfrommexico.com\\\/es\\\/\"},{\"@type\":\"ListItem\",\"position\":2,\"name\":\"Libros\",\"item\":\"https:\\\/\\\/booksfrommexico.com\\\/es\\\/libros\\\/\"},{\"@type\":\"ListItem\",\"position\":3,\"name\":\"Juventud, trabajo y narcotr\u00e1fico\"}]},{\"@type\":\"WebSite\",\"@id\":\"https:\\\/\\\/booksfrommexico.com\\\/#website\",\"url\":\"https:\\\/\\\/booksfrommexico.com\\\/\",\"name\":\"Books From Mexico\",\"description\":\"\",\"publisher\":{\"@id\":\"https:\\\/\\\/booksfrommexico.com\\\/#organization\"},\"potentialAction\":[{\"@type\":\"SearchAction\",\"target\":{\"@type\":\"EntryPoint\",\"urlTemplate\":\"https:\\\/\\\/booksfrommexico.com\\\/?s={search_term_string}\"},\"query-input\":{\"@type\":\"PropertyValueSpecification\",\"valueRequired\":true,\"valueName\":\"search_term_string\"}}],\"inLanguage\":\"es\"},{\"@type\":\"Organization\",\"@id\":\"https:\\\/\\\/booksfrommexico.com\\\/#organization\",\"name\":\"Books From Mexico\",\"url\":\"https:\\\/\\\/booksfrommexico.com\\\/\",\"logo\":{\"@type\":\"ImageObject\",\"inLanguage\":\"es\",\"@id\":\"https:\\\/\\\/booksfrommexico.com\\\/#\\\/schema\\\/logo\\\/image\\\/\",\"url\":\"https:\\\/\\\/booksfrommexico.com\\\/app\\\/uploads\\\/2023\\\/05\\\/logo-booksfrommexico.svg\",\"contentUrl\":\"https:\\\/\\\/booksfrommexico.com\\\/app\\\/uploads\\\/2023\\\/05\\\/logo-booksfrommexico.svg\",\"width\":86,\"height\":56,\"caption\":\"Books From Mexico\"},\"image\":{\"@id\":\"https:\\\/\\\/booksfrommexico.com\\\/#\\\/schema\\\/logo\\\/image\\\/\"}}]}<\/script>\n<!-- \/ Yoast SEO plugin. -->","yoast_head_json":{"title":"Juventud, trabajo y narcotr\u00e1fico - Books From Mexico","description":"JUVENTUD, TRABAJO Y NARCOTR\u00c1FICO : INSERCI\u00d3N LABORAL DE LOS J\u00d3VENES EN ORGANIZACIONES DELINCUENCIALES. \/ Hugo C\u00e9sar Moreno, Maritza Urteaga (compilators).","robots":{"index":"index","follow":"follow","max-snippet":"max-snippet:-1","max-image-preview":"max-image-preview:large","max-video-preview":"max-video-preview:-1"},"canonical":"https:\/\/booksfrommexico.com\/es\/producto\/juventud-trabajo-y-narcotrafico\/","og_locale":"es_ES","og_type":"article","og_title":"Juventud, trabajo y narcotr\u00e1fico - Books From Mexico","og_description":"JUVENTUD, TRABAJO Y NARCOTR\u00c1FICO : INSERCI\u00d3N LABORAL DE LOS J\u00d3VENES EN ORGANIZACIONES DELINCUENCIALES. \/ Hugo C\u00e9sar Moreno, Maritza Urteaga (compilators).","og_url":"https:\/\/booksfrommexico.com\/es\/producto\/juventud-trabajo-y-narcotrafico\/","og_site_name":"Books From Mexico","article_modified_time":"2024-04-30T22:49:38+00:00","og_image":[{"width":585,"height":901,"url":"http:\/\/booksfrommexico.com\/app\/uploads\/2024\/04\/190287.jpg","type":"image\/jpeg"}],"twitter_card":"summary_large_image","twitter_misc":{"Tiempo de lectura":"1 minuto"},"schema":{"@context":"https:\/\/schema.org","@graph":[{"@type":"WebPage","@id":"https:\/\/booksfrommexico.com\/es\/producto\/juventud-trabajo-y-narcotrafico\/","url":"https:\/\/booksfrommexico.com\/es\/producto\/juventud-trabajo-y-narcotrafico\/","name":"Juventud, trabajo y narcotr\u00e1fico - Books From Mexico","isPartOf":{"@id":"https:\/\/booksfrommexico.com\/#website"},"primaryImageOfPage":{"@id":"https:\/\/booksfrommexico.com\/es\/producto\/juventud-trabajo-y-narcotrafico\/#primaryimage"},"image":{"@id":"https:\/\/booksfrommexico.com\/es\/producto\/juventud-trabajo-y-narcotrafico\/#primaryimage"},"thumbnailUrl":"https:\/\/booksfrommexico.com\/app\/uploads\/2024\/04\/190287.jpg","datePublished":"2024-04-30T00:04:07+00:00","dateModified":"2024-04-30T22:49:38+00:00","description":"JUVENTUD, TRABAJO Y NARCOTR\u00c1FICO : INSERCI\u00d3N LABORAL DE LOS J\u00d3VENES EN ORGANIZACIONES DELINCUENCIALES. \/ Hugo C\u00e9sar Moreno, Maritza Urteaga (compilators).","breadcrumb":{"@id":"https:\/\/booksfrommexico.com\/es\/producto\/juventud-trabajo-y-narcotrafico\/#breadcrumb"},"inLanguage":"es","potentialAction":[{"@type":"ReadAction","target":["https:\/\/booksfrommexico.com\/es\/producto\/juventud-trabajo-y-narcotrafico\/"]}]},{"@type":"ImageObject","inLanguage":"es","@id":"https:\/\/booksfrommexico.com\/es\/producto\/juventud-trabajo-y-narcotrafico\/#primaryimage","url":"https:\/\/booksfrommexico.com\/app\/uploads\/2024\/04\/190287.jpg","contentUrl":"https:\/\/booksfrommexico.com\/app\/uploads\/2024\/04\/190287.jpg","width":585,"height":901,"caption":"Juventud, trabajo y narcotr\u00e1fico"},{"@type":"BreadcrumbList","@id":"https:\/\/booksfrommexico.com\/es\/producto\/juventud-trabajo-y-narcotrafico\/#breadcrumb","itemListElement":[{"@type":"ListItem","position":1,"name":"Home","item":"https:\/\/booksfrommexico.com\/es\/"},{"@type":"ListItem","position":2,"name":"Libros","item":"https:\/\/booksfrommexico.com\/es\/libros\/"},{"@type":"ListItem","position":3,"name":"Juventud, trabajo y narcotr\u00e1fico"}]},{"@type":"WebSite","@id":"https:\/\/booksfrommexico.com\/#website","url":"https:\/\/booksfrommexico.com\/","name":"Books From Mexico","description":"","publisher":{"@id":"https:\/\/booksfrommexico.com\/#organization"},"potentialAction":[{"@type":"SearchAction","target":{"@type":"EntryPoint","urlTemplate":"https:\/\/booksfrommexico.com\/?s={search_term_string}"},"query-input":{"@type":"PropertyValueSpecification","valueRequired":true,"valueName":"search_term_string"}}],"inLanguage":"es"},{"@type":"Organization","@id":"https:\/\/booksfrommexico.com\/#organization","name":"Books From Mexico","url":"https:\/\/booksfrommexico.com\/","logo":{"@type":"ImageObject","inLanguage":"es","@id":"https:\/\/booksfrommexico.com\/#\/schema\/logo\/image\/","url":"https:\/\/booksfrommexico.com\/app\/uploads\/2023\/05\/logo-booksfrommexico.svg","contentUrl":"https:\/\/booksfrommexico.com\/app\/uploads\/2023\/05\/logo-booksfrommexico.svg","width":86,"height":56,"caption":"Books From Mexico"},"image":{"@id":"https:\/\/booksfrommexico.com\/#\/schema\/logo\/image\/"}}]}},"_links":{"self":[{"href":"https:\/\/booksfrommexico.com\/es\/wp-json\/wp\/v2\/product\/5991","targetHints":{"allow":["GET"]}}],"collection":[{"href":"https:\/\/booksfrommexico.com\/es\/wp-json\/wp\/v2\/product"}],"about":[{"href":"https:\/\/booksfrommexico.com\/es\/wp-json\/wp\/v2\/types\/product"}],"wp:featuredmedia":[{"embeddable":true,"href":"https:\/\/booksfrommexico.com\/es\/wp-json\/wp\/v2\/media\/6020"}],"wp:attachment":[{"href":"https:\/\/booksfrommexico.com\/es\/wp-json\/wp\/v2\/media?parent=5991"}],"wp:term":[{"taxonomy":"product_brand","embeddable":true,"href":"https:\/\/booksfrommexico.com\/es\/wp-json\/wp\/v2\/product_brand?post=5991"},{"taxonomy":"product_cat","embeddable":true,"href":"https:\/\/booksfrommexico.com\/es\/wp-json\/wp\/v2\/product_cat?post=5991"},{"taxonomy":"product_tag","embeddable":true,"href":"https:\/\/booksfrommexico.com\/es\/wp-json\/wp\/v2\/product_tag?post=5991"}],"curies":[{"name":"wp","href":"https:\/\/api.w.org\/{rel}","templated":true}]}}