{"id":5992,"date":"2024-04-30T00:04:07","date_gmt":"2024-04-30T00:04:07","guid":{"rendered":"https:\/\/booksfrommexico.com\/product\/la-vocacion-intercultural-de-la-comunicacion\/"},"modified":"2024-05-13T22:49:34","modified_gmt":"2024-05-13T22:49:34","slug":"la-vocacion-intercultural-de-la-comunicacion","status":"publish","type":"product","link":"https:\/\/booksfrommexico.com\/es\/producto\/la-vocacion-intercultural-de-la-comunicacion\/","title":{"rendered":"La vocaci\u00f3n intercultural de la comunicaci\u00f3n"},"content":{"rendered":"<p><span style=\"font-weight: 400;\">Serie de trabajos en los que la interculturalidad se estudia en primera instancia bajo una \u00f3ptica epistemol\u00f3gica, para continuar con el an\u00e1lisis de casos espec\u00edficos donde una cultura mira a otra. Bajo la premisa de que todo encuentro de dos o m\u00e1s culturas es un proceso comunicativo, parte la observaci\u00f3n de la interculturalidad desde las ciencias de la comunicaci\u00f3n. En este volumen de la serie <\/span><i><span style=\"font-weight: 400;\">Fragmentario de la comunicaci\u00f3n rupestre<\/span><\/i><span style=\"font-weight: 400;\"> se confirma la pertinencia de convocar diversas miradas al estudio de la actualidad, de la forma que en este caso los investigadores tratan temas como la comunicaci\u00f3n en las aulas, en las artes pl\u00e1sticas, en los rituales identitarios, en el periodismo y en las redes sociales.\u00a0<\/span><\/p>\n","protected":false},"excerpt":{"rendered":"<p>LA VOCACI\u00d3N INTERCULTURAL DE LA COMUNICACI\u00d3N<span style=\"font-weight: 400;\">. \/ Elvira Hern\u00e1ndez Carballido, Sarelly Mart\u00ednez Mendoza (coordinators). Chiapas, Mexico : Universidad Aut\u00f3noma de Chiapas ; Pachuca de Soto, M\u00e9xico : Editorial Elementum , Creativa Independiente, 2020. 319 pages : includes tables, bibliography at the end of each chapter ; 21 cm. (Fragmentario de la comunicaci\u00f3n rupestre) ; (Colecci\u00f3n : Investigaci\u00f3n rupestre). ISBN : 9786079298746 (volumen) ; 978609298371 (collection).<\/span><\/p>\n","protected":false},"featured_media":6035,"template":"","meta":{"_acf_changed":false,"inline_featured_image":false},"product_brand":[],"product_cat":[182,78],"product_tag":[3880,4295],"class_list":{"0":"post-5992","1":"product","2":"type-product","3":"status-publish","4":"has-post-thumbnail","6":"product_cat-estudios-culturales-y-de-identidad-sociologia","7":"product_cat-sociologia","8":"product_tag-identidad-cultural","9":"product_tag-interculturalidad","11":"first","12":"instock","13":"taxable","14":"shipping-taxable","15":"purchasable","16":"product-type-simple"},"acf":[],"yoast_head":"<!-- This site is optimized with the Yoast SEO plugin v27.3 - https:\/\/yoast.com\/product\/yoast-seo-wordpress\/ -->\n<title>La vocaci\u00f3n intercultural de la comunicaci\u00f3n<\/title>\n<meta name=\"description\" content=\"Elvira Hern\u00e1ndez Carballido, Sarelly Mart\u00ednez Mendoza (coordinators). UACH ; Editorial Elementum , Creativa Independiente, 2020. ISBN : 9786079298746.\" \/>\n<meta name=\"robots\" content=\"index, follow, max-snippet:-1, max-image-preview:large, max-video-preview:-1\" \/>\n<link rel=\"canonical\" href=\"https:\/\/booksfrommexico.com\/es\/producto\/la-vocacion-intercultural-de-la-comunicacion\/\" \/>\n<meta property=\"og:locale\" content=\"es_ES\" \/>\n<meta property=\"og:type\" content=\"article\" \/>\n<meta property=\"og:title\" content=\"La vocaci\u00f3n intercultural de la comunicaci\u00f3n\" \/>\n<meta property=\"og:description\" content=\"Elvira Hern\u00e1ndez Carballido, Sarelly Mart\u00ednez Mendoza (coordinators). UACH ; Editorial Elementum , Creativa Independiente, 2020. ISBN : 9786079298746.\" \/>\n<meta property=\"og:url\" content=\"https:\/\/booksfrommexico.com\/es\/producto\/la-vocacion-intercultural-de-la-comunicacion\/\" \/>\n<meta property=\"og:site_name\" content=\"Books From Mexico\" \/>\n<meta property=\"article:modified_time\" content=\"2024-05-13T22:49:34+00:00\" \/>\n<meta property=\"og:image\" content=\"http:\/\/booksfrommexico.com\/app\/uploads\/2024\/04\/191957.jpeg\" \/>\n\t<meta property=\"og:image:width\" content=\"388\" \/>\n\t<meta property=\"og:image:height\" content=\"612\" \/>\n\t<meta property=\"og:image:type\" content=\"image\/jpeg\" \/>\n<meta name=\"twitter:card\" content=\"summary_large_image\" \/>\n<meta name=\"twitter:label1\" content=\"Tiempo de lectura\" \/>\n\t<meta name=\"twitter:data1\" content=\"1 minuto\" \/>\n<script type=\"application\/ld+json\" class=\"yoast-schema-graph\">{\"@context\":\"https:\\\/\\\/schema.org\",\"@graph\":[{\"@type\":\"WebPage\",\"@id\":\"https:\\\/\\\/booksfrommexico.com\\\/es\\\/producto\\\/la-vocacion-intercultural-de-la-comunicacion\\\/\",\"url\":\"https:\\\/\\\/booksfrommexico.com\\\/es\\\/producto\\\/la-vocacion-intercultural-de-la-comunicacion\\\/\",\"name\":\"La vocaci\u00f3n intercultural de la comunicaci\u00f3n\",\"isPartOf\":{\"@id\":\"https:\\\/\\\/booksfrommexico.com\\\/#website\"},\"primaryImageOfPage\":{\"@id\":\"https:\\\/\\\/booksfrommexico.com\\\/es\\\/producto\\\/la-vocacion-intercultural-de-la-comunicacion\\\/#primaryimage\"},\"image\":{\"@id\":\"https:\\\/\\\/booksfrommexico.com\\\/es\\\/producto\\\/la-vocacion-intercultural-de-la-comunicacion\\\/#primaryimage\"},\"thumbnailUrl\":\"https:\\\/\\\/booksfrommexico.com\\\/app\\\/uploads\\\/2024\\\/04\\\/191957.jpeg\",\"datePublished\":\"2024-04-30T00:04:07+00:00\",\"dateModified\":\"2024-05-13T22:49:34+00:00\",\"description\":\"Elvira Hern\u00e1ndez Carballido, Sarelly Mart\u00ednez Mendoza (coordinators). UACH ; Editorial Elementum , Creativa Independiente, 2020. ISBN : 9786079298746.\",\"breadcrumb\":{\"@id\":\"https:\\\/\\\/booksfrommexico.com\\\/es\\\/producto\\\/la-vocacion-intercultural-de-la-comunicacion\\\/#breadcrumb\"},\"inLanguage\":\"es\",\"potentialAction\":[{\"@type\":\"ReadAction\",\"target\":[\"https:\\\/\\\/booksfrommexico.com\\\/es\\\/producto\\\/la-vocacion-intercultural-de-la-comunicacion\\\/\"]}]},{\"@type\":\"ImageObject\",\"inLanguage\":\"es\",\"@id\":\"https:\\\/\\\/booksfrommexico.com\\\/es\\\/producto\\\/la-vocacion-intercultural-de-la-comunicacion\\\/#primaryimage\",\"url\":\"https:\\\/\\\/booksfrommexico.com\\\/app\\\/uploads\\\/2024\\\/04\\\/191957.jpeg\",\"contentUrl\":\"https:\\\/\\\/booksfrommexico.com\\\/app\\\/uploads\\\/2024\\\/04\\\/191957.jpeg\",\"width\":388,\"height\":612,\"caption\":\"La vocaci\u00f3n intercultural de la comunicaci\u00f3n\"},{\"@type\":\"BreadcrumbList\",\"@id\":\"https:\\\/\\\/booksfrommexico.com\\\/es\\\/producto\\\/la-vocacion-intercultural-de-la-comunicacion\\\/#breadcrumb\",\"itemListElement\":[{\"@type\":\"ListItem\",\"position\":1,\"name\":\"Home\",\"item\":\"https:\\\/\\\/booksfrommexico.com\\\/es\\\/\"},{\"@type\":\"ListItem\",\"position\":2,\"name\":\"Libros\",\"item\":\"https:\\\/\\\/booksfrommexico.com\\\/es\\\/libros\\\/\"},{\"@type\":\"ListItem\",\"position\":3,\"name\":\"La vocaci\u00f3n intercultural de la comunicaci\u00f3n\"}]},{\"@type\":\"WebSite\",\"@id\":\"https:\\\/\\\/booksfrommexico.com\\\/#website\",\"url\":\"https:\\\/\\\/booksfrommexico.com\\\/\",\"name\":\"Books From Mexico\",\"description\":\"\",\"publisher\":{\"@id\":\"https:\\\/\\\/booksfrommexico.com\\\/#organization\"},\"potentialAction\":[{\"@type\":\"SearchAction\",\"target\":{\"@type\":\"EntryPoint\",\"urlTemplate\":\"https:\\\/\\\/booksfrommexico.com\\\/?s={search_term_string}\"},\"query-input\":{\"@type\":\"PropertyValueSpecification\",\"valueRequired\":true,\"valueName\":\"search_term_string\"}}],\"inLanguage\":\"es\"},{\"@type\":\"Organization\",\"@id\":\"https:\\\/\\\/booksfrommexico.com\\\/#organization\",\"name\":\"Books From Mexico\",\"url\":\"https:\\\/\\\/booksfrommexico.com\\\/\",\"logo\":{\"@type\":\"ImageObject\",\"inLanguage\":\"es\",\"@id\":\"https:\\\/\\\/booksfrommexico.com\\\/#\\\/schema\\\/logo\\\/image\\\/\",\"url\":\"https:\\\/\\\/booksfrommexico.com\\\/app\\\/uploads\\\/2023\\\/05\\\/logo-booksfrommexico.svg\",\"contentUrl\":\"https:\\\/\\\/booksfrommexico.com\\\/app\\\/uploads\\\/2023\\\/05\\\/logo-booksfrommexico.svg\",\"width\":86,\"height\":56,\"caption\":\"Books From Mexico\"},\"image\":{\"@id\":\"https:\\\/\\\/booksfrommexico.com\\\/#\\\/schema\\\/logo\\\/image\\\/\"}}]}<\/script>\n<!-- \/ Yoast SEO plugin. -->","yoast_head_json":{"title":"La vocaci\u00f3n intercultural de la comunicaci\u00f3n","description":"Elvira Hern\u00e1ndez Carballido, Sarelly Mart\u00ednez Mendoza (coordinators). UACH ; Editorial Elementum , Creativa Independiente, 2020. ISBN : 9786079298746.","robots":{"index":"index","follow":"follow","max-snippet":"max-snippet:-1","max-image-preview":"max-image-preview:large","max-video-preview":"max-video-preview:-1"},"canonical":"https:\/\/booksfrommexico.com\/es\/producto\/la-vocacion-intercultural-de-la-comunicacion\/","og_locale":"es_ES","og_type":"article","og_title":"La vocaci\u00f3n intercultural de la comunicaci\u00f3n","og_description":"Elvira Hern\u00e1ndez Carballido, Sarelly Mart\u00ednez Mendoza (coordinators). UACH ; Editorial Elementum , Creativa Independiente, 2020. ISBN : 9786079298746.","og_url":"https:\/\/booksfrommexico.com\/es\/producto\/la-vocacion-intercultural-de-la-comunicacion\/","og_site_name":"Books From Mexico","article_modified_time":"2024-05-13T22:49:34+00:00","og_image":[{"width":388,"height":612,"url":"http:\/\/booksfrommexico.com\/app\/uploads\/2024\/04\/191957.jpeg","type":"image\/jpeg"}],"twitter_card":"summary_large_image","twitter_misc":{"Tiempo de lectura":"1 minuto"},"schema":{"@context":"https:\/\/schema.org","@graph":[{"@type":"WebPage","@id":"https:\/\/booksfrommexico.com\/es\/producto\/la-vocacion-intercultural-de-la-comunicacion\/","url":"https:\/\/booksfrommexico.com\/es\/producto\/la-vocacion-intercultural-de-la-comunicacion\/","name":"La vocaci\u00f3n intercultural de la comunicaci\u00f3n","isPartOf":{"@id":"https:\/\/booksfrommexico.com\/#website"},"primaryImageOfPage":{"@id":"https:\/\/booksfrommexico.com\/es\/producto\/la-vocacion-intercultural-de-la-comunicacion\/#primaryimage"},"image":{"@id":"https:\/\/booksfrommexico.com\/es\/producto\/la-vocacion-intercultural-de-la-comunicacion\/#primaryimage"},"thumbnailUrl":"https:\/\/booksfrommexico.com\/app\/uploads\/2024\/04\/191957.jpeg","datePublished":"2024-04-30T00:04:07+00:00","dateModified":"2024-05-13T22:49:34+00:00","description":"Elvira Hern\u00e1ndez Carballido, Sarelly Mart\u00ednez Mendoza (coordinators). UACH ; Editorial Elementum , Creativa Independiente, 2020. ISBN : 9786079298746.","breadcrumb":{"@id":"https:\/\/booksfrommexico.com\/es\/producto\/la-vocacion-intercultural-de-la-comunicacion\/#breadcrumb"},"inLanguage":"es","potentialAction":[{"@type":"ReadAction","target":["https:\/\/booksfrommexico.com\/es\/producto\/la-vocacion-intercultural-de-la-comunicacion\/"]}]},{"@type":"ImageObject","inLanguage":"es","@id":"https:\/\/booksfrommexico.com\/es\/producto\/la-vocacion-intercultural-de-la-comunicacion\/#primaryimage","url":"https:\/\/booksfrommexico.com\/app\/uploads\/2024\/04\/191957.jpeg","contentUrl":"https:\/\/booksfrommexico.com\/app\/uploads\/2024\/04\/191957.jpeg","width":388,"height":612,"caption":"La vocaci\u00f3n intercultural de la comunicaci\u00f3n"},{"@type":"BreadcrumbList","@id":"https:\/\/booksfrommexico.com\/es\/producto\/la-vocacion-intercultural-de-la-comunicacion\/#breadcrumb","itemListElement":[{"@type":"ListItem","position":1,"name":"Home","item":"https:\/\/booksfrommexico.com\/es\/"},{"@type":"ListItem","position":2,"name":"Libros","item":"https:\/\/booksfrommexico.com\/es\/libros\/"},{"@type":"ListItem","position":3,"name":"La vocaci\u00f3n intercultural de la comunicaci\u00f3n"}]},{"@type":"WebSite","@id":"https:\/\/booksfrommexico.com\/#website","url":"https:\/\/booksfrommexico.com\/","name":"Books From Mexico","description":"","publisher":{"@id":"https:\/\/booksfrommexico.com\/#organization"},"potentialAction":[{"@type":"SearchAction","target":{"@type":"EntryPoint","urlTemplate":"https:\/\/booksfrommexico.com\/?s={search_term_string}"},"query-input":{"@type":"PropertyValueSpecification","valueRequired":true,"valueName":"search_term_string"}}],"inLanguage":"es"},{"@type":"Organization","@id":"https:\/\/booksfrommexico.com\/#organization","name":"Books From Mexico","url":"https:\/\/booksfrommexico.com\/","logo":{"@type":"ImageObject","inLanguage":"es","@id":"https:\/\/booksfrommexico.com\/#\/schema\/logo\/image\/","url":"https:\/\/booksfrommexico.com\/app\/uploads\/2023\/05\/logo-booksfrommexico.svg","contentUrl":"https:\/\/booksfrommexico.com\/app\/uploads\/2023\/05\/logo-booksfrommexico.svg","width":86,"height":56,"caption":"Books From Mexico"},"image":{"@id":"https:\/\/booksfrommexico.com\/#\/schema\/logo\/image\/"}}]}},"_links":{"self":[{"href":"https:\/\/booksfrommexico.com\/es\/wp-json\/wp\/v2\/product\/5992","targetHints":{"allow":["GET"]}}],"collection":[{"href":"https:\/\/booksfrommexico.com\/es\/wp-json\/wp\/v2\/product"}],"about":[{"href":"https:\/\/booksfrommexico.com\/es\/wp-json\/wp\/v2\/types\/product"}],"wp:featuredmedia":[{"embeddable":true,"href":"https:\/\/booksfrommexico.com\/es\/wp-json\/wp\/v2\/media\/6035"}],"wp:attachment":[{"href":"https:\/\/booksfrommexico.com\/es\/wp-json\/wp\/v2\/media?parent=5992"}],"wp:term":[{"taxonomy":"product_brand","embeddable":true,"href":"https:\/\/booksfrommexico.com\/es\/wp-json\/wp\/v2\/product_brand?post=5992"},{"taxonomy":"product_cat","embeddable":true,"href":"https:\/\/booksfrommexico.com\/es\/wp-json\/wp\/v2\/product_cat?post=5992"},{"taxonomy":"product_tag","embeddable":true,"href":"https:\/\/booksfrommexico.com\/es\/wp-json\/wp\/v2\/product_tag?post=5992"}],"curies":[{"name":"wp","href":"https:\/\/api.w.org\/{rel}","templated":true}]}}