{"id":5993,"date":"2024-04-30T00:04:07","date_gmt":"2024-04-30T00:04:07","guid":{"rendered":"https:\/\/booksfrommexico.com\/product\/mitos-creencias-e-iconografia-mixteca\/"},"modified":"2025-03-03T03:27:16","modified_gmt":"2025-03-03T03:27:16","slug":"mitos-creencias-e-iconografia-mixteca","status":"publish","type":"product","link":"https:\/\/booksfrommexico.com\/es\/producto\/mitos-creencias-e-iconografia-mixteca\/","title":{"rendered":"Mitos: Creencias e iconograf\u00eda mixteca"},"content":{"rendered":"<p><span style=\"font-weight: 400;\">Serie de 9 trabajos que buscan dar a conocer representaciones y simbolismos que refieren a la profundidad hist\u00f3rica de la cultura mixteca, as\u00ed como la estabilidad y persistencia de sus valores y formas de expresi\u00f3n. Estas investigaciones giran en torno a tres temas sustanciales en la vida de la regi\u00f3n mixteca: los componentes arqueol\u00f3gicos y culturales, enfatizando cer\u00e1micas, estelas, tumbas; lienzos y mapas coloniales que muestran continuidades y rupturas con el periodo prehisp\u00e1nico; la importancia de la alimentaci\u00f3n del individuo a temprana edad, t\u00f3pico que alcanza a los mixtecos actuales. Estos textos est\u00e1n acompa\u00f1ados con im\u00e1genes, fotograf\u00edas y mapas que facilitan la comprensi\u00f3n del tema. <\/span><\/p>\n","protected":false},"excerpt":{"rendered":"<p>MITOS : CREENCIAS E ICONOGRAF\u00cdA MIXTECA<span style=\"font-weight: 400;\">. \/ Reina Ortiz Escamilla (compilator). Oaxaca, M\u00e9xico : Universidad Tecnol\u00f3gica de la Mixteca, 2019. 279 pages : includes illustrations, color photos, charts, maps, tables, bibliography at the end of each chapter ; 23 cm. ISBN : 9786079802035 ; 6079802031<\/span><\/p>\n","protected":false},"featured_media":6031,"template":"","meta":{"_acf_changed":false,"inline_featured_image":false},"product_brand":[],"product_cat":[19,3219],"product_tag":[4262,3918,3587],"class_list":{"0":"post-5993","1":"product","2":"type-product","3":"status-publish","4":"has-post-thumbnail","6":"product_cat-antropologia","7":"product_cat-prehispanica","8":"product_tag-cultura-prehispanica","9":"product_tag-mixtecos","10":"product_tag-prehispanico","12":"first","13":"outofstock","14":"taxable","15":"shipping-taxable","16":"purchasable","17":"product-type-simple"},"acf":[],"yoast_head":"<!-- This site is optimized with the Yoast SEO plugin v27.3 - https:\/\/yoast.com\/product\/yoast-seo-wordpress\/ -->\n<title>Mitos: Creencias e iconograf\u00eda mixteca<\/title>\n<meta name=\"description\" content=\"MITOS : CREENCIAS E ICONOGRAF\u00cdA MIXTECA. \/ Reina Ortiz Escamilla (compilator). Universidad Tecnol\u00f3gica de la Mixteca, 2019. ISBN : 9786079802035.\" \/>\n<meta name=\"robots\" content=\"index, follow, max-snippet:-1, max-image-preview:large, max-video-preview:-1\" \/>\n<link rel=\"canonical\" href=\"https:\/\/booksfrommexico.com\/es\/producto\/mitos-creencias-e-iconografia-mixteca\/\" \/>\n<meta property=\"og:locale\" content=\"es_ES\" \/>\n<meta property=\"og:type\" content=\"article\" \/>\n<meta property=\"og:title\" content=\"Mitos: Creencias e iconograf\u00eda mixteca\" \/>\n<meta property=\"og:description\" content=\"MITOS : CREENCIAS E ICONOGRAF\u00cdA MIXTECA. \/ Reina Ortiz Escamilla (compilator). Universidad Tecnol\u00f3gica de la Mixteca, 2019. ISBN : 9786079802035.\" \/>\n<meta property=\"og:url\" content=\"https:\/\/booksfrommexico.com\/es\/producto\/mitos-creencias-e-iconografia-mixteca\/\" \/>\n<meta property=\"og:site_name\" content=\"Books From Mexico\" \/>\n<meta property=\"article:modified_time\" content=\"2025-03-03T03:27:16+00:00\" \/>\n<meta property=\"og:image\" content=\"http:\/\/booksfrommexico.com\/app\/uploads\/2024\/04\/192153.jpeg\" \/>\n\t<meta property=\"og:image:width\" content=\"491\" \/>\n\t<meta property=\"og:image:height\" content=\"665\" \/>\n\t<meta property=\"og:image:type\" content=\"image\/jpeg\" \/>\n<meta name=\"twitter:card\" content=\"summary_large_image\" \/>\n<meta name=\"twitter:label1\" content=\"Tiempo de lectura\" \/>\n\t<meta name=\"twitter:data1\" content=\"1 minuto\" \/>\n<script type=\"application\/ld+json\" class=\"yoast-schema-graph\">{\"@context\":\"https:\\\/\\\/schema.org\",\"@graph\":[{\"@type\":\"WebPage\",\"@id\":\"https:\\\/\\\/booksfrommexico.com\\\/es\\\/producto\\\/mitos-creencias-e-iconografia-mixteca\\\/\",\"url\":\"https:\\\/\\\/booksfrommexico.com\\\/es\\\/producto\\\/mitos-creencias-e-iconografia-mixteca\\\/\",\"name\":\"Mitos: Creencias e iconograf\u00eda mixteca\",\"isPartOf\":{\"@id\":\"https:\\\/\\\/booksfrommexico.com\\\/#website\"},\"primaryImageOfPage\":{\"@id\":\"https:\\\/\\\/booksfrommexico.com\\\/es\\\/producto\\\/mitos-creencias-e-iconografia-mixteca\\\/#primaryimage\"},\"image\":{\"@id\":\"https:\\\/\\\/booksfrommexico.com\\\/es\\\/producto\\\/mitos-creencias-e-iconografia-mixteca\\\/#primaryimage\"},\"thumbnailUrl\":\"https:\\\/\\\/booksfrommexico.com\\\/app\\\/uploads\\\/2024\\\/04\\\/192153.jpeg\",\"datePublished\":\"2024-04-30T00:04:07+00:00\",\"dateModified\":\"2025-03-03T03:27:16+00:00\",\"description\":\"MITOS : CREENCIAS E ICONOGRAF\u00cdA MIXTECA. \\\/ Reina Ortiz Escamilla (compilator). Universidad Tecnol\u00f3gica de la Mixteca, 2019. ISBN : 9786079802035.\",\"breadcrumb\":{\"@id\":\"https:\\\/\\\/booksfrommexico.com\\\/es\\\/producto\\\/mitos-creencias-e-iconografia-mixteca\\\/#breadcrumb\"},\"inLanguage\":\"es\",\"potentialAction\":[{\"@type\":\"ReadAction\",\"target\":[\"https:\\\/\\\/booksfrommexico.com\\\/es\\\/producto\\\/mitos-creencias-e-iconografia-mixteca\\\/\"]}]},{\"@type\":\"ImageObject\",\"inLanguage\":\"es\",\"@id\":\"https:\\\/\\\/booksfrommexico.com\\\/es\\\/producto\\\/mitos-creencias-e-iconografia-mixteca\\\/#primaryimage\",\"url\":\"https:\\\/\\\/booksfrommexico.com\\\/app\\\/uploads\\\/2024\\\/04\\\/192153.jpeg\",\"contentUrl\":\"https:\\\/\\\/booksfrommexico.com\\\/app\\\/uploads\\\/2024\\\/04\\\/192153.jpeg\",\"width\":491,\"height\":665,\"caption\":\"Mitos: creencias e iconograf\u00eda mixteca\"},{\"@type\":\"BreadcrumbList\",\"@id\":\"https:\\\/\\\/booksfrommexico.com\\\/es\\\/producto\\\/mitos-creencias-e-iconografia-mixteca\\\/#breadcrumb\",\"itemListElement\":[{\"@type\":\"ListItem\",\"position\":1,\"name\":\"Home\",\"item\":\"https:\\\/\\\/booksfrommexico.com\\\/es\\\/\"},{\"@type\":\"ListItem\",\"position\":2,\"name\":\"Libros\",\"item\":\"https:\\\/\\\/booksfrommexico.com\\\/es\\\/libros\\\/\"},{\"@type\":\"ListItem\",\"position\":3,\"name\":\"Mitos: Creencias e iconograf\u00eda mixteca\"}]},{\"@type\":\"WebSite\",\"@id\":\"https:\\\/\\\/booksfrommexico.com\\\/#website\",\"url\":\"https:\\\/\\\/booksfrommexico.com\\\/\",\"name\":\"Books From Mexico\",\"description\":\"\",\"publisher\":{\"@id\":\"https:\\\/\\\/booksfrommexico.com\\\/#organization\"},\"potentialAction\":[{\"@type\":\"SearchAction\",\"target\":{\"@type\":\"EntryPoint\",\"urlTemplate\":\"https:\\\/\\\/booksfrommexico.com\\\/?s={search_term_string}\"},\"query-input\":{\"@type\":\"PropertyValueSpecification\",\"valueRequired\":true,\"valueName\":\"search_term_string\"}}],\"inLanguage\":\"es\"},{\"@type\":\"Organization\",\"@id\":\"https:\\\/\\\/booksfrommexico.com\\\/#organization\",\"name\":\"Books From Mexico\",\"url\":\"https:\\\/\\\/booksfrommexico.com\\\/\",\"logo\":{\"@type\":\"ImageObject\",\"inLanguage\":\"es\",\"@id\":\"https:\\\/\\\/booksfrommexico.com\\\/#\\\/schema\\\/logo\\\/image\\\/\",\"url\":\"https:\\\/\\\/booksfrommexico.com\\\/app\\\/uploads\\\/2023\\\/05\\\/logo-booksfrommexico.svg\",\"contentUrl\":\"https:\\\/\\\/booksfrommexico.com\\\/app\\\/uploads\\\/2023\\\/05\\\/logo-booksfrommexico.svg\",\"width\":86,\"height\":56,\"caption\":\"Books From Mexico\"},\"image\":{\"@id\":\"https:\\\/\\\/booksfrommexico.com\\\/#\\\/schema\\\/logo\\\/image\\\/\"}}]}<\/script>\n<!-- \/ Yoast SEO plugin. -->","yoast_head_json":{"title":"Mitos: Creencias e iconograf\u00eda mixteca","description":"MITOS : CREENCIAS E ICONOGRAF\u00cdA MIXTECA. \/ Reina Ortiz Escamilla (compilator). Universidad Tecnol\u00f3gica de la Mixteca, 2019. ISBN : 9786079802035.","robots":{"index":"index","follow":"follow","max-snippet":"max-snippet:-1","max-image-preview":"max-image-preview:large","max-video-preview":"max-video-preview:-1"},"canonical":"https:\/\/booksfrommexico.com\/es\/producto\/mitos-creencias-e-iconografia-mixteca\/","og_locale":"es_ES","og_type":"article","og_title":"Mitos: Creencias e iconograf\u00eda mixteca","og_description":"MITOS : CREENCIAS E ICONOGRAF\u00cdA MIXTECA. \/ Reina Ortiz Escamilla (compilator). Universidad Tecnol\u00f3gica de la Mixteca, 2019. ISBN : 9786079802035.","og_url":"https:\/\/booksfrommexico.com\/es\/producto\/mitos-creencias-e-iconografia-mixteca\/","og_site_name":"Books From Mexico","article_modified_time":"2025-03-03T03:27:16+00:00","og_image":[{"width":491,"height":665,"url":"http:\/\/booksfrommexico.com\/app\/uploads\/2024\/04\/192153.jpeg","type":"image\/jpeg"}],"twitter_card":"summary_large_image","twitter_misc":{"Tiempo de lectura":"1 minuto"},"schema":{"@context":"https:\/\/schema.org","@graph":[{"@type":"WebPage","@id":"https:\/\/booksfrommexico.com\/es\/producto\/mitos-creencias-e-iconografia-mixteca\/","url":"https:\/\/booksfrommexico.com\/es\/producto\/mitos-creencias-e-iconografia-mixteca\/","name":"Mitos: Creencias e iconograf\u00eda mixteca","isPartOf":{"@id":"https:\/\/booksfrommexico.com\/#website"},"primaryImageOfPage":{"@id":"https:\/\/booksfrommexico.com\/es\/producto\/mitos-creencias-e-iconografia-mixteca\/#primaryimage"},"image":{"@id":"https:\/\/booksfrommexico.com\/es\/producto\/mitos-creencias-e-iconografia-mixteca\/#primaryimage"},"thumbnailUrl":"https:\/\/booksfrommexico.com\/app\/uploads\/2024\/04\/192153.jpeg","datePublished":"2024-04-30T00:04:07+00:00","dateModified":"2025-03-03T03:27:16+00:00","description":"MITOS : CREENCIAS E ICONOGRAF\u00cdA MIXTECA. \/ Reina Ortiz Escamilla (compilator). Universidad Tecnol\u00f3gica de la Mixteca, 2019. ISBN : 9786079802035.","breadcrumb":{"@id":"https:\/\/booksfrommexico.com\/es\/producto\/mitos-creencias-e-iconografia-mixteca\/#breadcrumb"},"inLanguage":"es","potentialAction":[{"@type":"ReadAction","target":["https:\/\/booksfrommexico.com\/es\/producto\/mitos-creencias-e-iconografia-mixteca\/"]}]},{"@type":"ImageObject","inLanguage":"es","@id":"https:\/\/booksfrommexico.com\/es\/producto\/mitos-creencias-e-iconografia-mixteca\/#primaryimage","url":"https:\/\/booksfrommexico.com\/app\/uploads\/2024\/04\/192153.jpeg","contentUrl":"https:\/\/booksfrommexico.com\/app\/uploads\/2024\/04\/192153.jpeg","width":491,"height":665,"caption":"Mitos: creencias e iconograf\u00eda mixteca"},{"@type":"BreadcrumbList","@id":"https:\/\/booksfrommexico.com\/es\/producto\/mitos-creencias-e-iconografia-mixteca\/#breadcrumb","itemListElement":[{"@type":"ListItem","position":1,"name":"Home","item":"https:\/\/booksfrommexico.com\/es\/"},{"@type":"ListItem","position":2,"name":"Libros","item":"https:\/\/booksfrommexico.com\/es\/libros\/"},{"@type":"ListItem","position":3,"name":"Mitos: Creencias e iconograf\u00eda mixteca"}]},{"@type":"WebSite","@id":"https:\/\/booksfrommexico.com\/#website","url":"https:\/\/booksfrommexico.com\/","name":"Books From Mexico","description":"","publisher":{"@id":"https:\/\/booksfrommexico.com\/#organization"},"potentialAction":[{"@type":"SearchAction","target":{"@type":"EntryPoint","urlTemplate":"https:\/\/booksfrommexico.com\/?s={search_term_string}"},"query-input":{"@type":"PropertyValueSpecification","valueRequired":true,"valueName":"search_term_string"}}],"inLanguage":"es"},{"@type":"Organization","@id":"https:\/\/booksfrommexico.com\/#organization","name":"Books From Mexico","url":"https:\/\/booksfrommexico.com\/","logo":{"@type":"ImageObject","inLanguage":"es","@id":"https:\/\/booksfrommexico.com\/#\/schema\/logo\/image\/","url":"https:\/\/booksfrommexico.com\/app\/uploads\/2023\/05\/logo-booksfrommexico.svg","contentUrl":"https:\/\/booksfrommexico.com\/app\/uploads\/2023\/05\/logo-booksfrommexico.svg","width":86,"height":56,"caption":"Books From Mexico"},"image":{"@id":"https:\/\/booksfrommexico.com\/#\/schema\/logo\/image\/"}}]}},"_links":{"self":[{"href":"https:\/\/booksfrommexico.com\/es\/wp-json\/wp\/v2\/product\/5993","targetHints":{"allow":["GET"]}}],"collection":[{"href":"https:\/\/booksfrommexico.com\/es\/wp-json\/wp\/v2\/product"}],"about":[{"href":"https:\/\/booksfrommexico.com\/es\/wp-json\/wp\/v2\/types\/product"}],"wp:featuredmedia":[{"embeddable":true,"href":"https:\/\/booksfrommexico.com\/es\/wp-json\/wp\/v2\/media\/6031"}],"wp:attachment":[{"href":"https:\/\/booksfrommexico.com\/es\/wp-json\/wp\/v2\/media?parent=5993"}],"wp:term":[{"taxonomy":"product_brand","embeddable":true,"href":"https:\/\/booksfrommexico.com\/es\/wp-json\/wp\/v2\/product_brand?post=5993"},{"taxonomy":"product_cat","embeddable":true,"href":"https:\/\/booksfrommexico.com\/es\/wp-json\/wp\/v2\/product_cat?post=5993"},{"taxonomy":"product_tag","embeddable":true,"href":"https:\/\/booksfrommexico.com\/es\/wp-json\/wp\/v2\/product_tag?post=5993"}],"curies":[{"name":"wp","href":"https:\/\/api.w.org\/{rel}","templated":true}]}}