{"id":5994,"date":"2024-04-30T00:04:07","date_gmt":"2024-04-30T00:04:07","guid":{"rendered":"https:\/\/booksfrommexico.com\/product\/ta-jkoptik\/"},"modified":"2025-02-26T01:20:35","modified_gmt":"2025-02-26T01:20:35","slug":"ta-jkoptik","status":"publish","type":"product","link":"https:\/\/booksfrommexico.com\/es\/producto\/ta-jkoptik\/","title":{"rendered":"Ta JK&#8217;optik"},"content":{"rendered":"<p><span style=\"font-weight: 400;\">Xun Betan estudi\u00f3 Antropolog\u00eda social en la Universidad Aut\u00f3noma de Chiapas y es un poeta, investigador, traductor, int\u00e9rprete y promotor de la lengua Tsotsil<\/span><i><span style=\"font-weight: 400;\">. Ta jK&#8217;optik<\/span><\/i><span style=\"font-weight: 400;\"> es una revista independiente y autogestiva que pretende promover, difundir y compartir la literatura escrita en lenguas originarias tsotsil y tseltal, liderado por Xun Betan, coordinador de la revista y el colectivo literario Snichimal Vayuchil. En este n\u00famero de la revista se pueden encontrar art\u00edculos sobre el tejido en Chiapas, el ma\u00edz, el c\u00f3mo se ve a la mujer; as\u00ed como algunos poemas. Todos estos textos se encuentran en lenguas originarias y est\u00e1n acompa\u00f1ados de fotograf\u00edas a color.<\/span><\/p>\n","protected":false},"excerpt":{"rendered":"<p>TA JK&#8217;OPTIK<span style=\"font-weight: 400;\">. \/ Xun Betan (editor). Jobel, Chiapas, M\u00e9xico : Ediciones Sna Jkoptik, 2019. 40 pages : includes illustrations, color photos ; 21 cm. <\/span><\/p>\n","protected":false},"featured_media":6049,"template":"","meta":{"_acf_changed":false,"inline_featured_image":false},"product_brand":[],"product_cat":[3166],"product_tag":[4060,4026,4301],"class_list":{"0":"post-5994","1":"product","2":"type-product","3":"status-publish","4":"has-post-thumbnail","6":"product_cat-lenguas-y-linguisticas-indigenas-lengua-y-linguistica","7":"product_tag-lenguas-indigenas-es","8":"product_tag-poesia-en-lenguas-originarias","9":"product_tag-tsotsil-es","11":"first","12":"outofstock","13":"taxable","14":"shipping-taxable","15":"purchasable","16":"product-type-simple"},"acf":[],"yoast_head":"<!-- This site is optimized with the Yoast SEO plugin v27.3 - https:\/\/yoast.com\/product\/yoast-seo-wordpress\/ -->\n<title>Ta jK&#039;optik<\/title>\n<meta name=\"description\" content=\"TA JK&#039;OPTIK. \/ Xun Betan (editor). Jobel, Chiapas, M\u00e9xico : Ediciones Sna Jkoptik, 2019. 40 pages : includes illustrations, color photos ; 21 cm.\" \/>\n<meta name=\"robots\" content=\"index, follow, max-snippet:-1, max-image-preview:large, max-video-preview:-1\" \/>\n<link rel=\"canonical\" href=\"https:\/\/booksfrommexico.com\/es\/producto\/ta-jkoptik\/\" \/>\n<meta property=\"og:locale\" content=\"es_ES\" \/>\n<meta property=\"og:type\" content=\"article\" \/>\n<meta property=\"og:title\" content=\"Ta jK&#039;optik\" \/>\n<meta property=\"og:description\" content=\"TA JK&#039;OPTIK. \/ Xun Betan (editor). Jobel, Chiapas, M\u00e9xico : Ediciones Sna Jkoptik, 2019. 40 pages : includes illustrations, color photos ; 21 cm.\" \/>\n<meta property=\"og:url\" content=\"https:\/\/booksfrommexico.com\/es\/producto\/ta-jkoptik\/\" \/>\n<meta property=\"og:site_name\" content=\"Books From Mexico\" \/>\n<meta property=\"article:modified_time\" content=\"2025-02-26T01:20:35+00:00\" \/>\n<meta property=\"og:image\" content=\"http:\/\/booksfrommexico.com\/app\/uploads\/2024\/04\/192574.jpeg\" \/>\n\t<meta property=\"og:image:width\" content=\"476\" \/>\n\t<meta property=\"og:image:height\" content=\"612\" \/>\n\t<meta property=\"og:image:type\" content=\"image\/jpeg\" \/>\n<meta name=\"twitter:card\" content=\"summary_large_image\" \/>\n<meta name=\"twitter:label1\" content=\"Tiempo de lectura\" \/>\n\t<meta name=\"twitter:data1\" content=\"1 minuto\" \/>\n<script type=\"application\/ld+json\" class=\"yoast-schema-graph\">{\"@context\":\"https:\\\/\\\/schema.org\",\"@graph\":[{\"@type\":\"WebPage\",\"@id\":\"https:\\\/\\\/booksfrommexico.com\\\/es\\\/producto\\\/ta-jkoptik\\\/\",\"url\":\"https:\\\/\\\/booksfrommexico.com\\\/es\\\/producto\\\/ta-jkoptik\\\/\",\"name\":\"Ta jK'optik\",\"isPartOf\":{\"@id\":\"https:\\\/\\\/booksfrommexico.com\\\/#website\"},\"primaryImageOfPage\":{\"@id\":\"https:\\\/\\\/booksfrommexico.com\\\/es\\\/producto\\\/ta-jkoptik\\\/#primaryimage\"},\"image\":{\"@id\":\"https:\\\/\\\/booksfrommexico.com\\\/es\\\/producto\\\/ta-jkoptik\\\/#primaryimage\"},\"thumbnailUrl\":\"https:\\\/\\\/booksfrommexico.com\\\/app\\\/uploads\\\/2024\\\/04\\\/192574.jpeg\",\"datePublished\":\"2024-04-30T00:04:07+00:00\",\"dateModified\":\"2025-02-26T01:20:35+00:00\",\"description\":\"TA JK'OPTIK. \\\/ Xun Betan (editor). Jobel, Chiapas, M\u00e9xico : Ediciones Sna Jkoptik, 2019. 40 pages : includes illustrations, color photos ; 21 cm.\",\"breadcrumb\":{\"@id\":\"https:\\\/\\\/booksfrommexico.com\\\/es\\\/producto\\\/ta-jkoptik\\\/#breadcrumb\"},\"inLanguage\":\"es\",\"potentialAction\":[{\"@type\":\"ReadAction\",\"target\":[\"https:\\\/\\\/booksfrommexico.com\\\/es\\\/producto\\\/ta-jkoptik\\\/\"]}]},{\"@type\":\"ImageObject\",\"inLanguage\":\"es\",\"@id\":\"https:\\\/\\\/booksfrommexico.com\\\/es\\\/producto\\\/ta-jkoptik\\\/#primaryimage\",\"url\":\"https:\\\/\\\/booksfrommexico.com\\\/app\\\/uploads\\\/2024\\\/04\\\/192574.jpeg\",\"contentUrl\":\"https:\\\/\\\/booksfrommexico.com\\\/app\\\/uploads\\\/2024\\\/04\\\/192574.jpeg\",\"width\":476,\"height\":612,\"caption\":\"TA JK'OPTIK\"},{\"@type\":\"BreadcrumbList\",\"@id\":\"https:\\\/\\\/booksfrommexico.com\\\/es\\\/producto\\\/ta-jkoptik\\\/#breadcrumb\",\"itemListElement\":[{\"@type\":\"ListItem\",\"position\":1,\"name\":\"Home\",\"item\":\"https:\\\/\\\/booksfrommexico.com\\\/es\\\/\"},{\"@type\":\"ListItem\",\"position\":2,\"name\":\"Libros\",\"item\":\"https:\\\/\\\/booksfrommexico.com\\\/es\\\/libros\\\/\"},{\"@type\":\"ListItem\",\"position\":3,\"name\":\"Ta JK&#8217;optik\"}]},{\"@type\":\"WebSite\",\"@id\":\"https:\\\/\\\/booksfrommexico.com\\\/#website\",\"url\":\"https:\\\/\\\/booksfrommexico.com\\\/\",\"name\":\"Books From Mexico\",\"description\":\"\",\"publisher\":{\"@id\":\"https:\\\/\\\/booksfrommexico.com\\\/#organization\"},\"potentialAction\":[{\"@type\":\"SearchAction\",\"target\":{\"@type\":\"EntryPoint\",\"urlTemplate\":\"https:\\\/\\\/booksfrommexico.com\\\/?s={search_term_string}\"},\"query-input\":{\"@type\":\"PropertyValueSpecification\",\"valueRequired\":true,\"valueName\":\"search_term_string\"}}],\"inLanguage\":\"es\"},{\"@type\":\"Organization\",\"@id\":\"https:\\\/\\\/booksfrommexico.com\\\/#organization\",\"name\":\"Books From Mexico\",\"url\":\"https:\\\/\\\/booksfrommexico.com\\\/\",\"logo\":{\"@type\":\"ImageObject\",\"inLanguage\":\"es\",\"@id\":\"https:\\\/\\\/booksfrommexico.com\\\/#\\\/schema\\\/logo\\\/image\\\/\",\"url\":\"https:\\\/\\\/booksfrommexico.com\\\/app\\\/uploads\\\/2023\\\/05\\\/logo-booksfrommexico.svg\",\"contentUrl\":\"https:\\\/\\\/booksfrommexico.com\\\/app\\\/uploads\\\/2023\\\/05\\\/logo-booksfrommexico.svg\",\"width\":86,\"height\":56,\"caption\":\"Books From Mexico\"},\"image\":{\"@id\":\"https:\\\/\\\/booksfrommexico.com\\\/#\\\/schema\\\/logo\\\/image\\\/\"}}]}<\/script>\n<!-- \/ Yoast SEO plugin. -->","yoast_head_json":{"title":"Ta jK'optik","description":"TA JK'OPTIK. \/ Xun Betan (editor). Jobel, Chiapas, M\u00e9xico : Ediciones Sna Jkoptik, 2019. 40 pages : includes illustrations, color photos ; 21 cm.","robots":{"index":"index","follow":"follow","max-snippet":"max-snippet:-1","max-image-preview":"max-image-preview:large","max-video-preview":"max-video-preview:-1"},"canonical":"https:\/\/booksfrommexico.com\/es\/producto\/ta-jkoptik\/","og_locale":"es_ES","og_type":"article","og_title":"Ta jK'optik","og_description":"TA JK'OPTIK. \/ Xun Betan (editor). Jobel, Chiapas, M\u00e9xico : Ediciones Sna Jkoptik, 2019. 40 pages : includes illustrations, color photos ; 21 cm.","og_url":"https:\/\/booksfrommexico.com\/es\/producto\/ta-jkoptik\/","og_site_name":"Books From Mexico","article_modified_time":"2025-02-26T01:20:35+00:00","og_image":[{"width":476,"height":612,"url":"http:\/\/booksfrommexico.com\/app\/uploads\/2024\/04\/192574.jpeg","type":"image\/jpeg"}],"twitter_card":"summary_large_image","twitter_misc":{"Tiempo de lectura":"1 minuto"},"schema":{"@context":"https:\/\/schema.org","@graph":[{"@type":"WebPage","@id":"https:\/\/booksfrommexico.com\/es\/producto\/ta-jkoptik\/","url":"https:\/\/booksfrommexico.com\/es\/producto\/ta-jkoptik\/","name":"Ta jK'optik","isPartOf":{"@id":"https:\/\/booksfrommexico.com\/#website"},"primaryImageOfPage":{"@id":"https:\/\/booksfrommexico.com\/es\/producto\/ta-jkoptik\/#primaryimage"},"image":{"@id":"https:\/\/booksfrommexico.com\/es\/producto\/ta-jkoptik\/#primaryimage"},"thumbnailUrl":"https:\/\/booksfrommexico.com\/app\/uploads\/2024\/04\/192574.jpeg","datePublished":"2024-04-30T00:04:07+00:00","dateModified":"2025-02-26T01:20:35+00:00","description":"TA JK'OPTIK. \/ Xun Betan (editor). Jobel, Chiapas, M\u00e9xico : Ediciones Sna Jkoptik, 2019. 40 pages : includes illustrations, color photos ; 21 cm.","breadcrumb":{"@id":"https:\/\/booksfrommexico.com\/es\/producto\/ta-jkoptik\/#breadcrumb"},"inLanguage":"es","potentialAction":[{"@type":"ReadAction","target":["https:\/\/booksfrommexico.com\/es\/producto\/ta-jkoptik\/"]}]},{"@type":"ImageObject","inLanguage":"es","@id":"https:\/\/booksfrommexico.com\/es\/producto\/ta-jkoptik\/#primaryimage","url":"https:\/\/booksfrommexico.com\/app\/uploads\/2024\/04\/192574.jpeg","contentUrl":"https:\/\/booksfrommexico.com\/app\/uploads\/2024\/04\/192574.jpeg","width":476,"height":612,"caption":"TA JK'OPTIK"},{"@type":"BreadcrumbList","@id":"https:\/\/booksfrommexico.com\/es\/producto\/ta-jkoptik\/#breadcrumb","itemListElement":[{"@type":"ListItem","position":1,"name":"Home","item":"https:\/\/booksfrommexico.com\/es\/"},{"@type":"ListItem","position":2,"name":"Libros","item":"https:\/\/booksfrommexico.com\/es\/libros\/"},{"@type":"ListItem","position":3,"name":"Ta JK&#8217;optik"}]},{"@type":"WebSite","@id":"https:\/\/booksfrommexico.com\/#website","url":"https:\/\/booksfrommexico.com\/","name":"Books From Mexico","description":"","publisher":{"@id":"https:\/\/booksfrommexico.com\/#organization"},"potentialAction":[{"@type":"SearchAction","target":{"@type":"EntryPoint","urlTemplate":"https:\/\/booksfrommexico.com\/?s={search_term_string}"},"query-input":{"@type":"PropertyValueSpecification","valueRequired":true,"valueName":"search_term_string"}}],"inLanguage":"es"},{"@type":"Organization","@id":"https:\/\/booksfrommexico.com\/#organization","name":"Books From Mexico","url":"https:\/\/booksfrommexico.com\/","logo":{"@type":"ImageObject","inLanguage":"es","@id":"https:\/\/booksfrommexico.com\/#\/schema\/logo\/image\/","url":"https:\/\/booksfrommexico.com\/app\/uploads\/2023\/05\/logo-booksfrommexico.svg","contentUrl":"https:\/\/booksfrommexico.com\/app\/uploads\/2023\/05\/logo-booksfrommexico.svg","width":86,"height":56,"caption":"Books From Mexico"},"image":{"@id":"https:\/\/booksfrommexico.com\/#\/schema\/logo\/image\/"}}]}},"_links":{"self":[{"href":"https:\/\/booksfrommexico.com\/es\/wp-json\/wp\/v2\/product\/5994","targetHints":{"allow":["GET"]}}],"collection":[{"href":"https:\/\/booksfrommexico.com\/es\/wp-json\/wp\/v2\/product"}],"about":[{"href":"https:\/\/booksfrommexico.com\/es\/wp-json\/wp\/v2\/types\/product"}],"wp:featuredmedia":[{"embeddable":true,"href":"https:\/\/booksfrommexico.com\/es\/wp-json\/wp\/v2\/media\/6049"}],"wp:attachment":[{"href":"https:\/\/booksfrommexico.com\/es\/wp-json\/wp\/v2\/media?parent=5994"}],"wp:term":[{"taxonomy":"product_brand","embeddable":true,"href":"https:\/\/booksfrommexico.com\/es\/wp-json\/wp\/v2\/product_brand?post=5994"},{"taxonomy":"product_cat","embeddable":true,"href":"https:\/\/booksfrommexico.com\/es\/wp-json\/wp\/v2\/product_cat?post=5994"},{"taxonomy":"product_tag","embeddable":true,"href":"https:\/\/booksfrommexico.com\/es\/wp-json\/wp\/v2\/product_tag?post=5994"}],"curies":[{"name":"wp","href":"https:\/\/api.w.org\/{rel}","templated":true}]}}