{"id":5995,"date":"2024-04-30T00:04:07","date_gmt":"2024-04-30T00:04:07","guid":{"rendered":"https:\/\/booksfrommexico.com\/product\/un-mundo-sin-tabu\/"},"modified":"2024-11-21T20:55:18","modified_gmt":"2024-11-21T20:55:18","slug":"un-mundo-sin-tabu","status":"publish","type":"product","link":"https:\/\/booksfrommexico.com\/es\/producto\/un-mundo-sin-tabu\/","title":{"rendered":"Un mundo sin tab\u00fa: Diversas sexualidades"},"content":{"rendered":"<p><span style=\"font-weight: 400;\">Los ensayos que se presentan en este t\u00edtulo plantean el reto de mirar la realidad de las diversas sexualidades como un hecho de la psique y la cultura moderna. El movimiento hippie, la liberaci\u00f3n femenina y la liberaci\u00f3n homosexual comenzaron con la revoluci\u00f3n de los g\u00e9ners y la diversidad sexual, haciendo eco hasta la actualidad. En estos textos se discuten diversos temas en torno a la comunidad LGBTTTI, principalmente el c\u00f3mo se han convertido en nuevos y poderosos actores sociales que proponen sus propias f\u00f3rmulas para la convivencia humana, la concepci\u00f3n y la crianza de los hijos, gestionando nuevas configuraciones sociales, educativas, art\u00edsticas, sexuales e identitarias.<\/span><\/p>\n","protected":false},"excerpt":{"rendered":"<p>UN MUNDO SIN TAB\u00da : DIVERSAS SEXUALIDADES<span style=\"font-weight: 400;\">. \/ Janine Rodiles (editor). Ciudad de M\u00e9xico, M\u00e9xico : Editorial Herder, 2019. 462 pages : includes photos, illustrations, tables, charts, map, bibliography at the end of each chapter ; 21 cm. ISBN : 9786077727798 (M\u00e9xico) ; 9788425443282 (Espa\u00f1a).<\/span><\/p>\n<p><br style=\"font-weight: 400;\" \/><br style=\"font-weight: 400;\" \/><\/p>\n","protected":false},"featured_media":6015,"template":"","meta":{"_acf_changed":false,"inline_featured_image":false},"product_brand":[],"product_cat":[182,78],"product_tag":[4198,4197,4161],"class_list":{"0":"post-5995","1":"product","2":"type-product","3":"status-publish","4":"has-post-thumbnail","6":"product_cat-estudios-culturales-y-de-identidad-sociologia","7":"product_cat-sociologia","8":"product_tag-derechos-lgbt","9":"product_tag-identidad-lgbt","10":"product_tag-lgbt","12":"first","13":"instock","14":"taxable","15":"shipping-taxable","16":"purchasable","17":"product-type-simple"},"acf":[],"yoast_head":"<!-- This site is optimized with the Yoast SEO plugin v27.3 - https:\/\/yoast.com\/product\/yoast-seo-wordpress\/ -->\n<title>Un mundo sin tab\u00fa: Diversas sexualidades<\/title>\n<meta name=\"description\" content=\"UN MUNDO SIN TAB\u00da : DIVERSAS SEXUALIDADES. \/ Janine Rodiles (editor). Editorial Herder, 2019. ISBN : 9786077727798 (M\u00e9xico) ; 9788425443282 (Espa\u00f1a).\" \/>\n<meta name=\"robots\" content=\"index, follow, max-snippet:-1, max-image-preview:large, max-video-preview:-1\" \/>\n<link rel=\"canonical\" href=\"https:\/\/booksfrommexico.com\/es\/producto\/un-mundo-sin-tabu\/\" \/>\n<meta property=\"og:locale\" content=\"es_ES\" \/>\n<meta property=\"og:type\" content=\"article\" \/>\n<meta property=\"og:title\" content=\"Un mundo sin tab\u00fa: Diversas sexualidades\" \/>\n<meta property=\"og:description\" content=\"UN MUNDO SIN TAB\u00da : DIVERSAS SEXUALIDADES. \/ Janine Rodiles (editor). Editorial Herder, 2019. ISBN : 9786077727798 (M\u00e9xico) ; 9788425443282 (Espa\u00f1a).\" \/>\n<meta property=\"og:url\" content=\"https:\/\/booksfrommexico.com\/es\/producto\/un-mundo-sin-tabu\/\" \/>\n<meta property=\"og:site_name\" content=\"Books From Mexico\" \/>\n<meta property=\"article:modified_time\" content=\"2024-11-21T20:55:18+00:00\" \/>\n<meta property=\"og:image\" content=\"http:\/\/booksfrommexico.com\/app\/uploads\/2024\/04\/190473.jpeg\" \/>\n\t<meta property=\"og:image:width\" content=\"384\" \/>\n\t<meta property=\"og:image:height\" content=\"606\" \/>\n\t<meta property=\"og:image:type\" content=\"image\/jpeg\" \/>\n<meta name=\"twitter:card\" content=\"summary_large_image\" \/>\n<meta name=\"twitter:label1\" content=\"Tiempo de lectura\" \/>\n\t<meta name=\"twitter:data1\" content=\"1 minuto\" \/>\n<script type=\"application\/ld+json\" class=\"yoast-schema-graph\">{\"@context\":\"https:\\\/\\\/schema.org\",\"@graph\":[{\"@type\":\"WebPage\",\"@id\":\"https:\\\/\\\/booksfrommexico.com\\\/es\\\/producto\\\/un-mundo-sin-tabu\\\/\",\"url\":\"https:\\\/\\\/booksfrommexico.com\\\/es\\\/producto\\\/un-mundo-sin-tabu\\\/\",\"name\":\"Un mundo sin tab\u00fa: Diversas sexualidades\",\"isPartOf\":{\"@id\":\"https:\\\/\\\/booksfrommexico.com\\\/#website\"},\"primaryImageOfPage\":{\"@id\":\"https:\\\/\\\/booksfrommexico.com\\\/es\\\/producto\\\/un-mundo-sin-tabu\\\/#primaryimage\"},\"image\":{\"@id\":\"https:\\\/\\\/booksfrommexico.com\\\/es\\\/producto\\\/un-mundo-sin-tabu\\\/#primaryimage\"},\"thumbnailUrl\":\"https:\\\/\\\/booksfrommexico.com\\\/app\\\/uploads\\\/2024\\\/04\\\/190473.jpeg\",\"datePublished\":\"2024-04-30T00:04:07+00:00\",\"dateModified\":\"2024-11-21T20:55:18+00:00\",\"description\":\"UN MUNDO SIN TAB\u00da : DIVERSAS SEXUALIDADES. \\\/ Janine Rodiles (editor). Editorial Herder, 2019. ISBN : 9786077727798 (M\u00e9xico) ; 9788425443282 (Espa\u00f1a).\",\"breadcrumb\":{\"@id\":\"https:\\\/\\\/booksfrommexico.com\\\/es\\\/producto\\\/un-mundo-sin-tabu\\\/#breadcrumb\"},\"inLanguage\":\"es\",\"potentialAction\":[{\"@type\":\"ReadAction\",\"target\":[\"https:\\\/\\\/booksfrommexico.com\\\/es\\\/producto\\\/un-mundo-sin-tabu\\\/\"]}]},{\"@type\":\"ImageObject\",\"inLanguage\":\"es\",\"@id\":\"https:\\\/\\\/booksfrommexico.com\\\/es\\\/producto\\\/un-mundo-sin-tabu\\\/#primaryimage\",\"url\":\"https:\\\/\\\/booksfrommexico.com\\\/app\\\/uploads\\\/2024\\\/04\\\/190473.jpeg\",\"contentUrl\":\"https:\\\/\\\/booksfrommexico.com\\\/app\\\/uploads\\\/2024\\\/04\\\/190473.jpeg\",\"width\":384,\"height\":606,\"caption\":\"Un mundo sin tab\u00fa\"},{\"@type\":\"BreadcrumbList\",\"@id\":\"https:\\\/\\\/booksfrommexico.com\\\/es\\\/producto\\\/un-mundo-sin-tabu\\\/#breadcrumb\",\"itemListElement\":[{\"@type\":\"ListItem\",\"position\":1,\"name\":\"Home\",\"item\":\"https:\\\/\\\/booksfrommexico.com\\\/es\\\/\"},{\"@type\":\"ListItem\",\"position\":2,\"name\":\"Libros\",\"item\":\"https:\\\/\\\/booksfrommexico.com\\\/es\\\/libros\\\/\"},{\"@type\":\"ListItem\",\"position\":3,\"name\":\"Un mundo sin tab\u00fa: Diversas sexualidades\"}]},{\"@type\":\"WebSite\",\"@id\":\"https:\\\/\\\/booksfrommexico.com\\\/#website\",\"url\":\"https:\\\/\\\/booksfrommexico.com\\\/\",\"name\":\"Books From Mexico\",\"description\":\"\",\"publisher\":{\"@id\":\"https:\\\/\\\/booksfrommexico.com\\\/#organization\"},\"potentialAction\":[{\"@type\":\"SearchAction\",\"target\":{\"@type\":\"EntryPoint\",\"urlTemplate\":\"https:\\\/\\\/booksfrommexico.com\\\/?s={search_term_string}\"},\"query-input\":{\"@type\":\"PropertyValueSpecification\",\"valueRequired\":true,\"valueName\":\"search_term_string\"}}],\"inLanguage\":\"es\"},{\"@type\":\"Organization\",\"@id\":\"https:\\\/\\\/booksfrommexico.com\\\/#organization\",\"name\":\"Books From Mexico\",\"url\":\"https:\\\/\\\/booksfrommexico.com\\\/\",\"logo\":{\"@type\":\"ImageObject\",\"inLanguage\":\"es\",\"@id\":\"https:\\\/\\\/booksfrommexico.com\\\/#\\\/schema\\\/logo\\\/image\\\/\",\"url\":\"https:\\\/\\\/booksfrommexico.com\\\/app\\\/uploads\\\/2023\\\/05\\\/logo-booksfrommexico.svg\",\"contentUrl\":\"https:\\\/\\\/booksfrommexico.com\\\/app\\\/uploads\\\/2023\\\/05\\\/logo-booksfrommexico.svg\",\"width\":86,\"height\":56,\"caption\":\"Books From Mexico\"},\"image\":{\"@id\":\"https:\\\/\\\/booksfrommexico.com\\\/#\\\/schema\\\/logo\\\/image\\\/\"}}]}<\/script>\n<!-- \/ Yoast SEO plugin. -->","yoast_head_json":{"title":"Un mundo sin tab\u00fa: Diversas sexualidades","description":"UN MUNDO SIN TAB\u00da : DIVERSAS SEXUALIDADES. \/ Janine Rodiles (editor). Editorial Herder, 2019. ISBN : 9786077727798 (M\u00e9xico) ; 9788425443282 (Espa\u00f1a).","robots":{"index":"index","follow":"follow","max-snippet":"max-snippet:-1","max-image-preview":"max-image-preview:large","max-video-preview":"max-video-preview:-1"},"canonical":"https:\/\/booksfrommexico.com\/es\/producto\/un-mundo-sin-tabu\/","og_locale":"es_ES","og_type":"article","og_title":"Un mundo sin tab\u00fa: Diversas sexualidades","og_description":"UN MUNDO SIN TAB\u00da : DIVERSAS SEXUALIDADES. \/ Janine Rodiles (editor). Editorial Herder, 2019. ISBN : 9786077727798 (M\u00e9xico) ; 9788425443282 (Espa\u00f1a).","og_url":"https:\/\/booksfrommexico.com\/es\/producto\/un-mundo-sin-tabu\/","og_site_name":"Books From Mexico","article_modified_time":"2024-11-21T20:55:18+00:00","og_image":[{"width":384,"height":606,"url":"http:\/\/booksfrommexico.com\/app\/uploads\/2024\/04\/190473.jpeg","type":"image\/jpeg"}],"twitter_card":"summary_large_image","twitter_misc":{"Tiempo de lectura":"1 minuto"},"schema":{"@context":"https:\/\/schema.org","@graph":[{"@type":"WebPage","@id":"https:\/\/booksfrommexico.com\/es\/producto\/un-mundo-sin-tabu\/","url":"https:\/\/booksfrommexico.com\/es\/producto\/un-mundo-sin-tabu\/","name":"Un mundo sin tab\u00fa: Diversas sexualidades","isPartOf":{"@id":"https:\/\/booksfrommexico.com\/#website"},"primaryImageOfPage":{"@id":"https:\/\/booksfrommexico.com\/es\/producto\/un-mundo-sin-tabu\/#primaryimage"},"image":{"@id":"https:\/\/booksfrommexico.com\/es\/producto\/un-mundo-sin-tabu\/#primaryimage"},"thumbnailUrl":"https:\/\/booksfrommexico.com\/app\/uploads\/2024\/04\/190473.jpeg","datePublished":"2024-04-30T00:04:07+00:00","dateModified":"2024-11-21T20:55:18+00:00","description":"UN MUNDO SIN TAB\u00da : DIVERSAS SEXUALIDADES. \/ Janine Rodiles (editor). Editorial Herder, 2019. ISBN : 9786077727798 (M\u00e9xico) ; 9788425443282 (Espa\u00f1a).","breadcrumb":{"@id":"https:\/\/booksfrommexico.com\/es\/producto\/un-mundo-sin-tabu\/#breadcrumb"},"inLanguage":"es","potentialAction":[{"@type":"ReadAction","target":["https:\/\/booksfrommexico.com\/es\/producto\/un-mundo-sin-tabu\/"]}]},{"@type":"ImageObject","inLanguage":"es","@id":"https:\/\/booksfrommexico.com\/es\/producto\/un-mundo-sin-tabu\/#primaryimage","url":"https:\/\/booksfrommexico.com\/app\/uploads\/2024\/04\/190473.jpeg","contentUrl":"https:\/\/booksfrommexico.com\/app\/uploads\/2024\/04\/190473.jpeg","width":384,"height":606,"caption":"Un mundo sin tab\u00fa"},{"@type":"BreadcrumbList","@id":"https:\/\/booksfrommexico.com\/es\/producto\/un-mundo-sin-tabu\/#breadcrumb","itemListElement":[{"@type":"ListItem","position":1,"name":"Home","item":"https:\/\/booksfrommexico.com\/es\/"},{"@type":"ListItem","position":2,"name":"Libros","item":"https:\/\/booksfrommexico.com\/es\/libros\/"},{"@type":"ListItem","position":3,"name":"Un mundo sin tab\u00fa: Diversas sexualidades"}]},{"@type":"WebSite","@id":"https:\/\/booksfrommexico.com\/#website","url":"https:\/\/booksfrommexico.com\/","name":"Books From Mexico","description":"","publisher":{"@id":"https:\/\/booksfrommexico.com\/#organization"},"potentialAction":[{"@type":"SearchAction","target":{"@type":"EntryPoint","urlTemplate":"https:\/\/booksfrommexico.com\/?s={search_term_string}"},"query-input":{"@type":"PropertyValueSpecification","valueRequired":true,"valueName":"search_term_string"}}],"inLanguage":"es"},{"@type":"Organization","@id":"https:\/\/booksfrommexico.com\/#organization","name":"Books From Mexico","url":"https:\/\/booksfrommexico.com\/","logo":{"@type":"ImageObject","inLanguage":"es","@id":"https:\/\/booksfrommexico.com\/#\/schema\/logo\/image\/","url":"https:\/\/booksfrommexico.com\/app\/uploads\/2023\/05\/logo-booksfrommexico.svg","contentUrl":"https:\/\/booksfrommexico.com\/app\/uploads\/2023\/05\/logo-booksfrommexico.svg","width":86,"height":56,"caption":"Books From Mexico"},"image":{"@id":"https:\/\/booksfrommexico.com\/#\/schema\/logo\/image\/"}}]}},"_links":{"self":[{"href":"https:\/\/booksfrommexico.com\/es\/wp-json\/wp\/v2\/product\/5995","targetHints":{"allow":["GET"]}}],"collection":[{"href":"https:\/\/booksfrommexico.com\/es\/wp-json\/wp\/v2\/product"}],"about":[{"href":"https:\/\/booksfrommexico.com\/es\/wp-json\/wp\/v2\/types\/product"}],"wp:featuredmedia":[{"embeddable":true,"href":"https:\/\/booksfrommexico.com\/es\/wp-json\/wp\/v2\/media\/6015"}],"wp:attachment":[{"href":"https:\/\/booksfrommexico.com\/es\/wp-json\/wp\/v2\/media?parent=5995"}],"wp:term":[{"taxonomy":"product_brand","embeddable":true,"href":"https:\/\/booksfrommexico.com\/es\/wp-json\/wp\/v2\/product_brand?post=5995"},{"taxonomy":"product_cat","embeddable":true,"href":"https:\/\/booksfrommexico.com\/es\/wp-json\/wp\/v2\/product_cat?post=5995"},{"taxonomy":"product_tag","embeddable":true,"href":"https:\/\/booksfrommexico.com\/es\/wp-json\/wp\/v2\/product_tag?post=5995"}],"curies":[{"name":"wp","href":"https:\/\/api.w.org\/{rel}","templated":true}]}}