{"id":601,"date":"2023-05-08T17:04:30","date_gmt":"2023-05-08T17:04:30","guid":{"rendered":"http:\/\/booksfrommexico.com\/product\/grana-cochinilla-fina-regalo-de-mexico-para-el-mundo\/"},"modified":"2024-07-18T23:00:38","modified_gmt":"2024-07-18T23:00:38","slug":"grana-cochinilla-fina-regalo-de-mexico-para-el-mundo","status":"publish","type":"product","link":"https:\/\/booksfrommexico.com\/es\/producto\/grana-cochinilla-fina-regalo-de-mexico-para-el-mundo\/","title":{"rendered":"Grana cochinilla fina: Regalo de M\u00e9xico para el mundo"},"content":{"rendered":"<p><span style=\"font-weight: 400;\">En la actualidad, el uso excesivo de colorantes industrializados ha comenzado a reflejar su impacto negativo en la salud y el ambiente, lo cual ha hecho volver la atenci\u00f3n a los colorantes naturales y hace necesario incentivar el cultivo de este insecto generador del color carm\u00edn. El uso de la grana cochinilla fina como colorante durante la \u00e9poca prehisp\u00e1nica constituy\u00f3 un tributo de gran valor, y en la \u00e9poca de la Colonia represent\u00f3 grandes ingresos econ\u00f3micos para Oaxaca y M\u00e9xico. El prop\u00f3sito de este texto es incentivar el inter\u00e9s por la producci\u00f3n de grana cochinilla fina con el deseo de que recobre alg\u00fan d\u00eda el esplendor que tuvo, recopilando t\u00e9cnicas comunes de cultivo y fotograf\u00edas a color.<\/span><\/p>\n<p><br style=\"font-weight: 400;\" \/><br style=\"font-weight: 400;\" \/><\/p>\n","protected":false},"excerpt":{"rendered":"<p>GRANA COCHINILLA FINA : REGALO DE M\u00c9XICO PARA EL MUNDO<span style=\"font-weight: 400;\">. \/ Ignacio del R\u00edo y Due\u00f1as. Oaxaca, M\u00e9xico : Gobierno del Estado de Oaxaca :\u00a0 Instituto Estatal de Ecolog\u00eda del Estado de Oaxaca, 2006. 95 pages : includes color photos, illustrations,\u00a0 bibliography ; 21 cm.<\/span><\/p>\n","protected":false},"featured_media":600,"template":"","meta":{"_acf_changed":false,"inline_featured_image":false},"product_brand":[],"product_cat":[3321],"product_tag":[4075,3797],"class_list":{"0":"post-601","1":"product","2":"type-product","3":"status-publish","4":"has-post-thumbnail","6":"product_cat-biologia","7":"product_tag-ecologia","8":"product_tag-oaxaca-mexico","10":"first","11":"outofstock","12":"taxable","13":"shipping-taxable","14":"purchasable","15":"product-type-simple"},"acf":[],"yoast_head":"<!-- This site is optimized with the Yoast SEO plugin v27.3 - https:\/\/yoast.com\/product\/yoast-seo-wordpress\/ -->\n<title>rana cochinilla fina: Regalo de M\u00e9xico para el mundo<\/title>\n<meta name=\"description\" content=\"GRANA COCHINILLA FINA : REGALO DE M\u00c9XICO PARA EL MUNDO. \/ Ignacio del R\u00edo y Due\u00f1as. Instituto Estatal de Ecolog\u00eda del Estado de Oaxaca, 2006.\" \/>\n<meta name=\"robots\" content=\"index, follow, max-snippet:-1, max-image-preview:large, max-video-preview:-1\" \/>\n<link rel=\"canonical\" href=\"https:\/\/booksfrommexico.com\/es\/producto\/grana-cochinilla-fina-regalo-de-mexico-para-el-mundo\/\" \/>\n<meta property=\"og:locale\" content=\"es_ES\" \/>\n<meta property=\"og:type\" content=\"article\" \/>\n<meta property=\"og:title\" content=\"rana cochinilla fina: Regalo de M\u00e9xico para el mundo\" \/>\n<meta property=\"og:description\" content=\"GRANA COCHINILLA FINA : REGALO DE M\u00c9XICO PARA EL MUNDO. \/ Ignacio del R\u00edo y Due\u00f1as. Instituto Estatal de Ecolog\u00eda del Estado de Oaxaca, 2006.\" \/>\n<meta property=\"og:url\" content=\"https:\/\/booksfrommexico.com\/es\/producto\/grana-cochinilla-fina-regalo-de-mexico-para-el-mundo\/\" \/>\n<meta property=\"og:site_name\" content=\"Books From Mexico\" \/>\n<meta property=\"article:modified_time\" content=\"2024-07-18T23:00:38+00:00\" \/>\n<meta property=\"og:image\" content=\"http:\/\/booksfrommexico.com\/app\/uploads\/2023\/05\/131813.jpeg\" \/>\n\t<meta property=\"og:image:width\" content=\"600\" \/>\n\t<meta property=\"og:image:height\" content=\"606\" \/>\n\t<meta property=\"og:image:type\" content=\"image\/jpeg\" \/>\n<meta name=\"twitter:card\" content=\"summary_large_image\" \/>\n<meta name=\"twitter:label1\" content=\"Tiempo de lectura\" \/>\n\t<meta name=\"twitter:data1\" content=\"1 minuto\" \/>\n<script type=\"application\/ld+json\" class=\"yoast-schema-graph\">{\"@context\":\"https:\\\/\\\/schema.org\",\"@graph\":[{\"@type\":\"WebPage\",\"@id\":\"https:\\\/\\\/booksfrommexico.com\\\/es\\\/producto\\\/grana-cochinilla-fina-regalo-de-mexico-para-el-mundo\\\/\",\"url\":\"https:\\\/\\\/booksfrommexico.com\\\/es\\\/producto\\\/grana-cochinilla-fina-regalo-de-mexico-para-el-mundo\\\/\",\"name\":\"rana cochinilla fina: Regalo de M\u00e9xico para el mundo\",\"isPartOf\":{\"@id\":\"https:\\\/\\\/booksfrommexico.com\\\/#website\"},\"primaryImageOfPage\":{\"@id\":\"https:\\\/\\\/booksfrommexico.com\\\/es\\\/producto\\\/grana-cochinilla-fina-regalo-de-mexico-para-el-mundo\\\/#primaryimage\"},\"image\":{\"@id\":\"https:\\\/\\\/booksfrommexico.com\\\/es\\\/producto\\\/grana-cochinilla-fina-regalo-de-mexico-para-el-mundo\\\/#primaryimage\"},\"thumbnailUrl\":\"https:\\\/\\\/booksfrommexico.com\\\/app\\\/uploads\\\/2023\\\/05\\\/131813.jpeg\",\"datePublished\":\"2023-05-08T17:04:30+00:00\",\"dateModified\":\"2024-07-18T23:00:38+00:00\",\"description\":\"GRANA COCHINILLA FINA : REGALO DE M\u00c9XICO PARA EL MUNDO. \\\/ Ignacio del R\u00edo y Due\u00f1as. Instituto Estatal de Ecolog\u00eda del Estado de Oaxaca, 2006.\",\"breadcrumb\":{\"@id\":\"https:\\\/\\\/booksfrommexico.com\\\/es\\\/producto\\\/grana-cochinilla-fina-regalo-de-mexico-para-el-mundo\\\/#breadcrumb\"},\"inLanguage\":\"es\",\"potentialAction\":[{\"@type\":\"ReadAction\",\"target\":[\"https:\\\/\\\/booksfrommexico.com\\\/es\\\/producto\\\/grana-cochinilla-fina-regalo-de-mexico-para-el-mundo\\\/\"]}]},{\"@type\":\"ImageObject\",\"inLanguage\":\"es\",\"@id\":\"https:\\\/\\\/booksfrommexico.com\\\/es\\\/producto\\\/grana-cochinilla-fina-regalo-de-mexico-para-el-mundo\\\/#primaryimage\",\"url\":\"https:\\\/\\\/booksfrommexico.com\\\/app\\\/uploads\\\/2023\\\/05\\\/131813.jpeg\",\"contentUrl\":\"https:\\\/\\\/booksfrommexico.com\\\/app\\\/uploads\\\/2023\\\/05\\\/131813.jpeg\",\"width\":600,\"height\":606},{\"@type\":\"BreadcrumbList\",\"@id\":\"https:\\\/\\\/booksfrommexico.com\\\/es\\\/producto\\\/grana-cochinilla-fina-regalo-de-mexico-para-el-mundo\\\/#breadcrumb\",\"itemListElement\":[{\"@type\":\"ListItem\",\"position\":1,\"name\":\"Home\",\"item\":\"https:\\\/\\\/booksfrommexico.com\\\/es\\\/\"},{\"@type\":\"ListItem\",\"position\":2,\"name\":\"Libros\",\"item\":\"https:\\\/\\\/booksfrommexico.com\\\/es\\\/libros\\\/\"},{\"@type\":\"ListItem\",\"position\":3,\"name\":\"Grana cochinilla fina: Regalo de M\u00e9xico para el mundo\"}]},{\"@type\":\"WebSite\",\"@id\":\"https:\\\/\\\/booksfrommexico.com\\\/#website\",\"url\":\"https:\\\/\\\/booksfrommexico.com\\\/\",\"name\":\"Books From Mexico\",\"description\":\"\",\"publisher\":{\"@id\":\"https:\\\/\\\/booksfrommexico.com\\\/#organization\"},\"potentialAction\":[{\"@type\":\"SearchAction\",\"target\":{\"@type\":\"EntryPoint\",\"urlTemplate\":\"https:\\\/\\\/booksfrommexico.com\\\/?s={search_term_string}\"},\"query-input\":{\"@type\":\"PropertyValueSpecification\",\"valueRequired\":true,\"valueName\":\"search_term_string\"}}],\"inLanguage\":\"es\"},{\"@type\":\"Organization\",\"@id\":\"https:\\\/\\\/booksfrommexico.com\\\/#organization\",\"name\":\"Books From Mexico\",\"url\":\"https:\\\/\\\/booksfrommexico.com\\\/\",\"logo\":{\"@type\":\"ImageObject\",\"inLanguage\":\"es\",\"@id\":\"https:\\\/\\\/booksfrommexico.com\\\/#\\\/schema\\\/logo\\\/image\\\/\",\"url\":\"https:\\\/\\\/booksfrommexico.com\\\/app\\\/uploads\\\/2023\\\/05\\\/logo-booksfrommexico.svg\",\"contentUrl\":\"https:\\\/\\\/booksfrommexico.com\\\/app\\\/uploads\\\/2023\\\/05\\\/logo-booksfrommexico.svg\",\"width\":86,\"height\":56,\"caption\":\"Books From Mexico\"},\"image\":{\"@id\":\"https:\\\/\\\/booksfrommexico.com\\\/#\\\/schema\\\/logo\\\/image\\\/\"}}]}<\/script>\n<!-- \/ Yoast SEO plugin. -->","yoast_head_json":{"title":"rana cochinilla fina: Regalo de M\u00e9xico para el mundo","description":"GRANA COCHINILLA FINA : REGALO DE M\u00c9XICO PARA EL MUNDO. \/ Ignacio del R\u00edo y Due\u00f1as. Instituto Estatal de Ecolog\u00eda del Estado de Oaxaca, 2006.","robots":{"index":"index","follow":"follow","max-snippet":"max-snippet:-1","max-image-preview":"max-image-preview:large","max-video-preview":"max-video-preview:-1"},"canonical":"https:\/\/booksfrommexico.com\/es\/producto\/grana-cochinilla-fina-regalo-de-mexico-para-el-mundo\/","og_locale":"es_ES","og_type":"article","og_title":"rana cochinilla fina: Regalo de M\u00e9xico para el mundo","og_description":"GRANA COCHINILLA FINA : REGALO DE M\u00c9XICO PARA EL MUNDO. \/ Ignacio del R\u00edo y Due\u00f1as. Instituto Estatal de Ecolog\u00eda del Estado de Oaxaca, 2006.","og_url":"https:\/\/booksfrommexico.com\/es\/producto\/grana-cochinilla-fina-regalo-de-mexico-para-el-mundo\/","og_site_name":"Books From Mexico","article_modified_time":"2024-07-18T23:00:38+00:00","og_image":[{"width":600,"height":606,"url":"http:\/\/booksfrommexico.com\/app\/uploads\/2023\/05\/131813.jpeg","type":"image\/jpeg"}],"twitter_card":"summary_large_image","twitter_misc":{"Tiempo de lectura":"1 minuto"},"schema":{"@context":"https:\/\/schema.org","@graph":[{"@type":"WebPage","@id":"https:\/\/booksfrommexico.com\/es\/producto\/grana-cochinilla-fina-regalo-de-mexico-para-el-mundo\/","url":"https:\/\/booksfrommexico.com\/es\/producto\/grana-cochinilla-fina-regalo-de-mexico-para-el-mundo\/","name":"rana cochinilla fina: Regalo de M\u00e9xico para el mundo","isPartOf":{"@id":"https:\/\/booksfrommexico.com\/#website"},"primaryImageOfPage":{"@id":"https:\/\/booksfrommexico.com\/es\/producto\/grana-cochinilla-fina-regalo-de-mexico-para-el-mundo\/#primaryimage"},"image":{"@id":"https:\/\/booksfrommexico.com\/es\/producto\/grana-cochinilla-fina-regalo-de-mexico-para-el-mundo\/#primaryimage"},"thumbnailUrl":"https:\/\/booksfrommexico.com\/app\/uploads\/2023\/05\/131813.jpeg","datePublished":"2023-05-08T17:04:30+00:00","dateModified":"2024-07-18T23:00:38+00:00","description":"GRANA COCHINILLA FINA : REGALO DE M\u00c9XICO PARA EL MUNDO. \/ Ignacio del R\u00edo y Due\u00f1as. Instituto Estatal de Ecolog\u00eda del Estado de Oaxaca, 2006.","breadcrumb":{"@id":"https:\/\/booksfrommexico.com\/es\/producto\/grana-cochinilla-fina-regalo-de-mexico-para-el-mundo\/#breadcrumb"},"inLanguage":"es","potentialAction":[{"@type":"ReadAction","target":["https:\/\/booksfrommexico.com\/es\/producto\/grana-cochinilla-fina-regalo-de-mexico-para-el-mundo\/"]}]},{"@type":"ImageObject","inLanguage":"es","@id":"https:\/\/booksfrommexico.com\/es\/producto\/grana-cochinilla-fina-regalo-de-mexico-para-el-mundo\/#primaryimage","url":"https:\/\/booksfrommexico.com\/app\/uploads\/2023\/05\/131813.jpeg","contentUrl":"https:\/\/booksfrommexico.com\/app\/uploads\/2023\/05\/131813.jpeg","width":600,"height":606},{"@type":"BreadcrumbList","@id":"https:\/\/booksfrommexico.com\/es\/producto\/grana-cochinilla-fina-regalo-de-mexico-para-el-mundo\/#breadcrumb","itemListElement":[{"@type":"ListItem","position":1,"name":"Home","item":"https:\/\/booksfrommexico.com\/es\/"},{"@type":"ListItem","position":2,"name":"Libros","item":"https:\/\/booksfrommexico.com\/es\/libros\/"},{"@type":"ListItem","position":3,"name":"Grana cochinilla fina: Regalo de M\u00e9xico para el mundo"}]},{"@type":"WebSite","@id":"https:\/\/booksfrommexico.com\/#website","url":"https:\/\/booksfrommexico.com\/","name":"Books From Mexico","description":"","publisher":{"@id":"https:\/\/booksfrommexico.com\/#organization"},"potentialAction":[{"@type":"SearchAction","target":{"@type":"EntryPoint","urlTemplate":"https:\/\/booksfrommexico.com\/?s={search_term_string}"},"query-input":{"@type":"PropertyValueSpecification","valueRequired":true,"valueName":"search_term_string"}}],"inLanguage":"es"},{"@type":"Organization","@id":"https:\/\/booksfrommexico.com\/#organization","name":"Books From Mexico","url":"https:\/\/booksfrommexico.com\/","logo":{"@type":"ImageObject","inLanguage":"es","@id":"https:\/\/booksfrommexico.com\/#\/schema\/logo\/image\/","url":"https:\/\/booksfrommexico.com\/app\/uploads\/2023\/05\/logo-booksfrommexico.svg","contentUrl":"https:\/\/booksfrommexico.com\/app\/uploads\/2023\/05\/logo-booksfrommexico.svg","width":86,"height":56,"caption":"Books From Mexico"},"image":{"@id":"https:\/\/booksfrommexico.com\/#\/schema\/logo\/image\/"}}]}},"_links":{"self":[{"href":"https:\/\/booksfrommexico.com\/es\/wp-json\/wp\/v2\/product\/601","targetHints":{"allow":["GET"]}}],"collection":[{"href":"https:\/\/booksfrommexico.com\/es\/wp-json\/wp\/v2\/product"}],"about":[{"href":"https:\/\/booksfrommexico.com\/es\/wp-json\/wp\/v2\/types\/product"}],"wp:featuredmedia":[{"embeddable":true,"href":"https:\/\/booksfrommexico.com\/es\/wp-json\/wp\/v2\/media\/600"}],"wp:attachment":[{"href":"https:\/\/booksfrommexico.com\/es\/wp-json\/wp\/v2\/media?parent=601"}],"wp:term":[{"taxonomy":"product_brand","embeddable":true,"href":"https:\/\/booksfrommexico.com\/es\/wp-json\/wp\/v2\/product_brand?post=601"},{"taxonomy":"product_cat","embeddable":true,"href":"https:\/\/booksfrommexico.com\/es\/wp-json\/wp\/v2\/product_cat?post=601"},{"taxonomy":"product_tag","embeddable":true,"href":"https:\/\/booksfrommexico.com\/es\/wp-json\/wp\/v2\/product_tag?post=601"}],"curies":[{"name":"wp","href":"https:\/\/api.w.org\/{rel}","templated":true}]}}