{"id":609,"date":"2023-05-08T17:04:36","date_gmt":"2023-05-08T17:04:36","guid":{"rendered":"http:\/\/booksfrommexico.com\/product\/el-aguijon-del-espiritu-historia-contemporanea-de-la-iglesia-en-mexico-1892-1992\/"},"modified":"2024-07-17T23:30:26","modified_gmt":"2024-07-17T23:30:26","slug":"el-aguijon-del-espiritu-historia-contemporanea-de-la-iglesia-en-mexico-1892-1992","status":"publish","type":"product","link":"https:\/\/booksfrommexico.com\/es\/producto\/el-aguijon-del-espiritu-historia-contemporanea-de-la-iglesia-en-mexico-1892-1992\/","title":{"rendered":"El aguij\u00f3n del esp\u00edritu: Historia contempor\u00e1nea de la iglesia en M\u00e9xico, 1892-1992"},"content":{"rendered":"<p><span style=\"font-weight: 400;\">Para el creyente, la historia es el espacio y el tiempo en el que Dios act\u00faa su salvaci\u00f3n a trav\u00e9s del ministerio de la Iglesia. Bajo esta premisa, el autor escribi\u00f3 en 1986 \u2013junto a otros colegas\u2013, <\/span><i><span style=\"font-weight: 400;\">Los a\u00f1os de crisis de hace cien a\u00f1os: Colima, 1880-1889<\/span><\/i><span style=\"font-weight: 400;\">, donde se incluy\u00f3 un cap\u00edtulo sobre el levantamiento de la di\u00f3cesis de Colima, dando pie para retomar el hilo y el inter\u00e9s por la Iglesia mexicana del siglo XIX. Aqu\u00ed se hace un recorrido por la historia contempor\u00e1nea de la Iglesia en M\u00e9xico, abarcando los a\u00f1os 1892 a 1992. En esta segunda edici\u00f3n se incluyen correcci\u00f3n de estilo, retoques a las notas a pie de p\u00e1gina y una bibliograf\u00eda ampliada.<\/span><\/p>\n","protected":false},"excerpt":{"rendered":"<p>EL AGUIJ\u00d3N DEL ESP\u00cdRITU : HISTORIA CONTEMPOR\u00c1NEA DE LA IGLESIA EN M\u00c9XICO, 1892-1992<span style=\"font-weight: 400;\">. \/ Second edition. Jos\u00e9 Miguel Romero de Sol\u00eds. M\u00e9xico, D.F. : Instituto Mexicano de Doctrina Social Cristiana ; Michoac\u00e1n, M\u00e9xico : El Colegio de Michoac\u00e1n ; Colima, M\u00e9xico : Archivo Hist\u00f3rico del Municipio de Colima ; Universidad de Colima, 2006. 750 pages : includes tables, notes, references, bibliography ; 21 cm. ISBN : 9686839798.<\/span><\/p>\n","protected":false},"featured_media":608,"template":"","meta":{"_acf_changed":false,"inline_featured_image":false},"product_brand":[],"product_cat":[27,158],"product_tag":[4398,3843,3729,3762],"class_list":{"0":"post-609","1":"product","2":"type-product","3":"status-publish","4":"has-post-thumbnail","6":"product_cat-historia","7":"product_cat-religion-y-sociedad","8":"product_tag-historia-mexico","9":"product_tag-historia-eclesiastica","10":"product_tag-religion","11":"product_tag-vida-religiosa-y-costumbres","13":"first","14":"instock","15":"taxable","16":"shipping-taxable","17":"purchasable","18":"product-type-simple"},"acf":[],"yoast_head":"<!-- This site is optimized with the Yoast SEO plugin v27.3 - https:\/\/yoast.com\/product\/yoast-seo-wordpress\/ -->\n<title>El aguij\u00f3n del esp\u00edritu<\/title>\n<meta name=\"description\" content=\"EL AGUIJ\u00d3N DEL ESP\u00cdRITU : HISTORIA CONTEMPOR\u00c1NEA DE LA IGLESIA EN M\u00c9XICO, 1892-1992. \/ Second edition. Jos\u00e9 Miguel Romero de Sol\u00eds. ISBN : 9686839798.\" \/>\n<meta name=\"robots\" content=\"index, follow, max-snippet:-1, max-image-preview:large, max-video-preview:-1\" \/>\n<link rel=\"canonical\" href=\"https:\/\/booksfrommexico.com\/es\/producto\/el-aguijon-del-espiritu-historia-contemporanea-de-la-iglesia-en-mexico-1892-1992\/\" \/>\n<meta property=\"og:locale\" content=\"es_ES\" \/>\n<meta property=\"og:type\" content=\"article\" \/>\n<meta property=\"og:title\" content=\"El aguij\u00f3n del esp\u00edritu\" \/>\n<meta property=\"og:description\" content=\"EL AGUIJ\u00d3N DEL ESP\u00cdRITU : HISTORIA CONTEMPOR\u00c1NEA DE LA IGLESIA EN M\u00c9XICO, 1892-1992. \/ Second edition. Jos\u00e9 Miguel Romero de Sol\u00eds. ISBN : 9686839798.\" \/>\n<meta property=\"og:url\" content=\"https:\/\/booksfrommexico.com\/es\/producto\/el-aguijon-del-espiritu-historia-contemporanea-de-la-iglesia-en-mexico-1892-1992\/\" \/>\n<meta property=\"og:site_name\" content=\"Books From Mexico\" \/>\n<meta property=\"article:modified_time\" content=\"2024-07-17T23:30:26+00:00\" \/>\n<meta property=\"og:image\" content=\"http:\/\/booksfrommexico.com\/app\/uploads\/2023\/05\/131915.jpeg\" \/>\n\t<meta property=\"og:image:width\" content=\"383\" \/>\n\t<meta property=\"og:image:height\" content=\"602\" \/>\n\t<meta property=\"og:image:type\" content=\"image\/jpeg\" \/>\n<meta name=\"twitter:card\" content=\"summary_large_image\" \/>\n<meta name=\"twitter:label1\" content=\"Tiempo de lectura\" \/>\n\t<meta name=\"twitter:data1\" content=\"1 minuto\" \/>\n<script type=\"application\/ld+json\" class=\"yoast-schema-graph\">{\"@context\":\"https:\\\/\\\/schema.org\",\"@graph\":[{\"@type\":\"WebPage\",\"@id\":\"https:\\\/\\\/booksfrommexico.com\\\/es\\\/producto\\\/el-aguijon-del-espiritu-historia-contemporanea-de-la-iglesia-en-mexico-1892-1992\\\/\",\"url\":\"https:\\\/\\\/booksfrommexico.com\\\/es\\\/producto\\\/el-aguijon-del-espiritu-historia-contemporanea-de-la-iglesia-en-mexico-1892-1992\\\/\",\"name\":\"El aguij\u00f3n del esp\u00edritu\",\"isPartOf\":{\"@id\":\"https:\\\/\\\/booksfrommexico.com\\\/#website\"},\"primaryImageOfPage\":{\"@id\":\"https:\\\/\\\/booksfrommexico.com\\\/es\\\/producto\\\/el-aguijon-del-espiritu-historia-contemporanea-de-la-iglesia-en-mexico-1892-1992\\\/#primaryimage\"},\"image\":{\"@id\":\"https:\\\/\\\/booksfrommexico.com\\\/es\\\/producto\\\/el-aguijon-del-espiritu-historia-contemporanea-de-la-iglesia-en-mexico-1892-1992\\\/#primaryimage\"},\"thumbnailUrl\":\"https:\\\/\\\/booksfrommexico.com\\\/app\\\/uploads\\\/2023\\\/05\\\/131915.jpeg\",\"datePublished\":\"2023-05-08T17:04:36+00:00\",\"dateModified\":\"2024-07-17T23:30:26+00:00\",\"description\":\"EL AGUIJ\u00d3N DEL ESP\u00cdRITU : HISTORIA CONTEMPOR\u00c1NEA DE LA IGLESIA EN M\u00c9XICO, 1892-1992. \\\/ Second edition. Jos\u00e9 Miguel Romero de Sol\u00eds. ISBN : 9686839798.\",\"breadcrumb\":{\"@id\":\"https:\\\/\\\/booksfrommexico.com\\\/es\\\/producto\\\/el-aguijon-del-espiritu-historia-contemporanea-de-la-iglesia-en-mexico-1892-1992\\\/#breadcrumb\"},\"inLanguage\":\"es\",\"potentialAction\":[{\"@type\":\"ReadAction\",\"target\":[\"https:\\\/\\\/booksfrommexico.com\\\/es\\\/producto\\\/el-aguijon-del-espiritu-historia-contemporanea-de-la-iglesia-en-mexico-1892-1992\\\/\"]}]},{\"@type\":\"ImageObject\",\"inLanguage\":\"es\",\"@id\":\"https:\\\/\\\/booksfrommexico.com\\\/es\\\/producto\\\/el-aguijon-del-espiritu-historia-contemporanea-de-la-iglesia-en-mexico-1892-1992\\\/#primaryimage\",\"url\":\"https:\\\/\\\/booksfrommexico.com\\\/app\\\/uploads\\\/2023\\\/05\\\/131915.jpeg\",\"contentUrl\":\"https:\\\/\\\/booksfrommexico.com\\\/app\\\/uploads\\\/2023\\\/05\\\/131915.jpeg\",\"width\":383,\"height\":602},{\"@type\":\"BreadcrumbList\",\"@id\":\"https:\\\/\\\/booksfrommexico.com\\\/es\\\/producto\\\/el-aguijon-del-espiritu-historia-contemporanea-de-la-iglesia-en-mexico-1892-1992\\\/#breadcrumb\",\"itemListElement\":[{\"@type\":\"ListItem\",\"position\":1,\"name\":\"Home\",\"item\":\"https:\\\/\\\/booksfrommexico.com\\\/es\\\/\"},{\"@type\":\"ListItem\",\"position\":2,\"name\":\"Libros\",\"item\":\"https:\\\/\\\/booksfrommexico.com\\\/es\\\/libros\\\/\"},{\"@type\":\"ListItem\",\"position\":3,\"name\":\"El aguij\u00f3n del esp\u00edritu: Historia contempor\u00e1nea de la iglesia en M\u00e9xico, 1892-1992\"}]},{\"@type\":\"WebSite\",\"@id\":\"https:\\\/\\\/booksfrommexico.com\\\/#website\",\"url\":\"https:\\\/\\\/booksfrommexico.com\\\/\",\"name\":\"Books From Mexico\",\"description\":\"\",\"publisher\":{\"@id\":\"https:\\\/\\\/booksfrommexico.com\\\/#organization\"},\"potentialAction\":[{\"@type\":\"SearchAction\",\"target\":{\"@type\":\"EntryPoint\",\"urlTemplate\":\"https:\\\/\\\/booksfrommexico.com\\\/?s={search_term_string}\"},\"query-input\":{\"@type\":\"PropertyValueSpecification\",\"valueRequired\":true,\"valueName\":\"search_term_string\"}}],\"inLanguage\":\"es\"},{\"@type\":\"Organization\",\"@id\":\"https:\\\/\\\/booksfrommexico.com\\\/#organization\",\"name\":\"Books From Mexico\",\"url\":\"https:\\\/\\\/booksfrommexico.com\\\/\",\"logo\":{\"@type\":\"ImageObject\",\"inLanguage\":\"es\",\"@id\":\"https:\\\/\\\/booksfrommexico.com\\\/#\\\/schema\\\/logo\\\/image\\\/\",\"url\":\"https:\\\/\\\/booksfrommexico.com\\\/app\\\/uploads\\\/2023\\\/05\\\/logo-booksfrommexico.svg\",\"contentUrl\":\"https:\\\/\\\/booksfrommexico.com\\\/app\\\/uploads\\\/2023\\\/05\\\/logo-booksfrommexico.svg\",\"width\":86,\"height\":56,\"caption\":\"Books From Mexico\"},\"image\":{\"@id\":\"https:\\\/\\\/booksfrommexico.com\\\/#\\\/schema\\\/logo\\\/image\\\/\"}}]}<\/script>\n<!-- \/ Yoast SEO plugin. -->","yoast_head_json":{"title":"El aguij\u00f3n del esp\u00edritu","description":"EL AGUIJ\u00d3N DEL ESP\u00cdRITU : HISTORIA CONTEMPOR\u00c1NEA DE LA IGLESIA EN M\u00c9XICO, 1892-1992. \/ Second edition. Jos\u00e9 Miguel Romero de Sol\u00eds. ISBN : 9686839798.","robots":{"index":"index","follow":"follow","max-snippet":"max-snippet:-1","max-image-preview":"max-image-preview:large","max-video-preview":"max-video-preview:-1"},"canonical":"https:\/\/booksfrommexico.com\/es\/producto\/el-aguijon-del-espiritu-historia-contemporanea-de-la-iglesia-en-mexico-1892-1992\/","og_locale":"es_ES","og_type":"article","og_title":"El aguij\u00f3n del esp\u00edritu","og_description":"EL AGUIJ\u00d3N DEL ESP\u00cdRITU : HISTORIA CONTEMPOR\u00c1NEA DE LA IGLESIA EN M\u00c9XICO, 1892-1992. \/ Second edition. Jos\u00e9 Miguel Romero de Sol\u00eds. ISBN : 9686839798.","og_url":"https:\/\/booksfrommexico.com\/es\/producto\/el-aguijon-del-espiritu-historia-contemporanea-de-la-iglesia-en-mexico-1892-1992\/","og_site_name":"Books From Mexico","article_modified_time":"2024-07-17T23:30:26+00:00","og_image":[{"width":383,"height":602,"url":"http:\/\/booksfrommexico.com\/app\/uploads\/2023\/05\/131915.jpeg","type":"image\/jpeg"}],"twitter_card":"summary_large_image","twitter_misc":{"Tiempo de lectura":"1 minuto"},"schema":{"@context":"https:\/\/schema.org","@graph":[{"@type":"WebPage","@id":"https:\/\/booksfrommexico.com\/es\/producto\/el-aguijon-del-espiritu-historia-contemporanea-de-la-iglesia-en-mexico-1892-1992\/","url":"https:\/\/booksfrommexico.com\/es\/producto\/el-aguijon-del-espiritu-historia-contemporanea-de-la-iglesia-en-mexico-1892-1992\/","name":"El aguij\u00f3n del esp\u00edritu","isPartOf":{"@id":"https:\/\/booksfrommexico.com\/#website"},"primaryImageOfPage":{"@id":"https:\/\/booksfrommexico.com\/es\/producto\/el-aguijon-del-espiritu-historia-contemporanea-de-la-iglesia-en-mexico-1892-1992\/#primaryimage"},"image":{"@id":"https:\/\/booksfrommexico.com\/es\/producto\/el-aguijon-del-espiritu-historia-contemporanea-de-la-iglesia-en-mexico-1892-1992\/#primaryimage"},"thumbnailUrl":"https:\/\/booksfrommexico.com\/app\/uploads\/2023\/05\/131915.jpeg","datePublished":"2023-05-08T17:04:36+00:00","dateModified":"2024-07-17T23:30:26+00:00","description":"EL AGUIJ\u00d3N DEL ESP\u00cdRITU : HISTORIA CONTEMPOR\u00c1NEA DE LA IGLESIA EN M\u00c9XICO, 1892-1992. \/ Second edition. Jos\u00e9 Miguel Romero de Sol\u00eds. ISBN : 9686839798.","breadcrumb":{"@id":"https:\/\/booksfrommexico.com\/es\/producto\/el-aguijon-del-espiritu-historia-contemporanea-de-la-iglesia-en-mexico-1892-1992\/#breadcrumb"},"inLanguage":"es","potentialAction":[{"@type":"ReadAction","target":["https:\/\/booksfrommexico.com\/es\/producto\/el-aguijon-del-espiritu-historia-contemporanea-de-la-iglesia-en-mexico-1892-1992\/"]}]},{"@type":"ImageObject","inLanguage":"es","@id":"https:\/\/booksfrommexico.com\/es\/producto\/el-aguijon-del-espiritu-historia-contemporanea-de-la-iglesia-en-mexico-1892-1992\/#primaryimage","url":"https:\/\/booksfrommexico.com\/app\/uploads\/2023\/05\/131915.jpeg","contentUrl":"https:\/\/booksfrommexico.com\/app\/uploads\/2023\/05\/131915.jpeg","width":383,"height":602},{"@type":"BreadcrumbList","@id":"https:\/\/booksfrommexico.com\/es\/producto\/el-aguijon-del-espiritu-historia-contemporanea-de-la-iglesia-en-mexico-1892-1992\/#breadcrumb","itemListElement":[{"@type":"ListItem","position":1,"name":"Home","item":"https:\/\/booksfrommexico.com\/es\/"},{"@type":"ListItem","position":2,"name":"Libros","item":"https:\/\/booksfrommexico.com\/es\/libros\/"},{"@type":"ListItem","position":3,"name":"El aguij\u00f3n del esp\u00edritu: Historia contempor\u00e1nea de la iglesia en M\u00e9xico, 1892-1992"}]},{"@type":"WebSite","@id":"https:\/\/booksfrommexico.com\/#website","url":"https:\/\/booksfrommexico.com\/","name":"Books From Mexico","description":"","publisher":{"@id":"https:\/\/booksfrommexico.com\/#organization"},"potentialAction":[{"@type":"SearchAction","target":{"@type":"EntryPoint","urlTemplate":"https:\/\/booksfrommexico.com\/?s={search_term_string}"},"query-input":{"@type":"PropertyValueSpecification","valueRequired":true,"valueName":"search_term_string"}}],"inLanguage":"es"},{"@type":"Organization","@id":"https:\/\/booksfrommexico.com\/#organization","name":"Books From Mexico","url":"https:\/\/booksfrommexico.com\/","logo":{"@type":"ImageObject","inLanguage":"es","@id":"https:\/\/booksfrommexico.com\/#\/schema\/logo\/image\/","url":"https:\/\/booksfrommexico.com\/app\/uploads\/2023\/05\/logo-booksfrommexico.svg","contentUrl":"https:\/\/booksfrommexico.com\/app\/uploads\/2023\/05\/logo-booksfrommexico.svg","width":86,"height":56,"caption":"Books From Mexico"},"image":{"@id":"https:\/\/booksfrommexico.com\/#\/schema\/logo\/image\/"}}]}},"_links":{"self":[{"href":"https:\/\/booksfrommexico.com\/es\/wp-json\/wp\/v2\/product\/609","targetHints":{"allow":["GET"]}}],"collection":[{"href":"https:\/\/booksfrommexico.com\/es\/wp-json\/wp\/v2\/product"}],"about":[{"href":"https:\/\/booksfrommexico.com\/es\/wp-json\/wp\/v2\/types\/product"}],"wp:featuredmedia":[{"embeddable":true,"href":"https:\/\/booksfrommexico.com\/es\/wp-json\/wp\/v2\/media\/608"}],"wp:attachment":[{"href":"https:\/\/booksfrommexico.com\/es\/wp-json\/wp\/v2\/media?parent=609"}],"wp:term":[{"taxonomy":"product_brand","embeddable":true,"href":"https:\/\/booksfrommexico.com\/es\/wp-json\/wp\/v2\/product_brand?post=609"},{"taxonomy":"product_cat","embeddable":true,"href":"https:\/\/booksfrommexico.com\/es\/wp-json\/wp\/v2\/product_cat?post=609"},{"taxonomy":"product_tag","embeddable":true,"href":"https:\/\/booksfrommexico.com\/es\/wp-json\/wp\/v2\/product_tag?post=609"}],"curies":[{"name":"wp","href":"https:\/\/api.w.org\/{rel}","templated":true}]}}