{"id":613,"date":"2023-05-08T17:04:39","date_gmt":"2023-05-08T17:04:39","guid":{"rendered":"http:\/\/booksfrommexico.com\/product\/leyendas-apocrifas-del-panteon-de-belen\/"},"modified":"2024-07-17T22:49:54","modified_gmt":"2024-07-17T22:49:54","slug":"leyendas-apocrifas-del-panteon-de-belen","status":"publish","type":"product","link":"https:\/\/booksfrommexico.com\/es\/producto\/leyendas-apocrifas-del-panteon-de-belen\/","title":{"rendered":"Leyendas ap\u00f3crifas del pante\u00f3n de Bel\u00e9n"},"content":{"rendered":"<p><span style=\"font-weight: 400;\">Hablar del Pante\u00f3n de Bel\u00e9n o el de Santa Paula es remitirse al siglo XIX, en espec\u00edfico de 1849 a 1896, una \u00e9poca en la Guadalajara del romanticismo y del oscurantismo religioso; sin embargo qued\u00f3 en el olvido con el tiempo, hasta su redescubrimiento a mediados del siglo pasado donde se valor\u00f3 lo hermoso de sus monumentos funerarios, convirti\u00e9ndose en un sitio obligado entre turistas y fot\u00f3grafos. Las leyendas ap\u00f3crifas que se re\u00fanen en este t\u00edtulo se presentan en forma de cuento, evocando a la nostalgia y la sensaci\u00f3n de inseguridad que provoca el miedo a lo desconocido, en especial lo que se relaciona con los muertos y con este emblem\u00e1tico sitio.<\/span><\/p>\n","protected":false},"excerpt":{"rendered":"<p>LEYENDAS AP\u00d3CRIFAS DEL PANTE\u00d3N DE BEL\u00c9N<span style=\"font-weight: 400;\">. \/ Cecilia Dalmacia, Blanca Idalia Galindo, Laura Hern\u00e1ndez, Elsa Levy, Ruth Levy, Constancio Porras, Jos\u00e9 Amador Santana, Marco Tejeda, Gabriel Velasco, Yolanda Zamora. Guadalajara, Jalisco, M\u00e9xico : La Mesa Literaria, 2006. 101 pages ; 20 cm. ISBN : 9709374842.<\/span><\/p>\n","protected":false},"featured_media":612,"template":"","meta":{"_acf_changed":false,"inline_featured_image":false},"product_brand":[],"product_cat":[37,25],"product_tag":[4127,3871,4124,4481],"class_list":{"0":"post-613","1":"product","2":"type-product","3":"status-publish","4":"has-post-thumbnail","6":"product_cat-cuento-literatura","7":"product_cat-literatura","8":"product_tag-cuento","9":"product_tag-leyendas","10":"product_tag-literatura-es","11":"product_tag-tradicion-y-costumbres","13":"first","14":"instock","15":"taxable","16":"shipping-taxable","17":"purchasable","18":"product-type-simple"},"acf":[],"yoast_head":"<!-- This site is optimized with the Yoast SEO plugin v27.3 - https:\/\/yoast.com\/product\/yoast-seo-wordpress\/ -->\n<title>Leyendas ap\u00f3crifas del pante\u00f3n de Bel\u00e9n<\/title>\n<meta name=\"description\" content=\"LEYENDAS AP\u00d3CRIFAS DEL PANTE\u00d3N DE BEL\u00c9N. \/ Guadalajara, Jalisco, M\u00e9xico : La Mesa Literaria, 2006. 101 pages ; 20 cm. ISBN : 9709374842.\" \/>\n<meta name=\"robots\" content=\"index, follow, max-snippet:-1, max-image-preview:large, max-video-preview:-1\" \/>\n<link rel=\"canonical\" href=\"https:\/\/booksfrommexico.com\/es\/producto\/leyendas-apocrifas-del-panteon-de-belen\/\" \/>\n<meta property=\"og:locale\" content=\"es_ES\" \/>\n<meta property=\"og:type\" content=\"article\" \/>\n<meta property=\"og:title\" content=\"Leyendas ap\u00f3crifas del pante\u00f3n de Bel\u00e9n\" \/>\n<meta property=\"og:description\" content=\"LEYENDAS AP\u00d3CRIFAS DEL PANTE\u00d3N DE BEL\u00c9N. \/ Guadalajara, Jalisco, M\u00e9xico : La Mesa Literaria, 2006. 101 pages ; 20 cm. ISBN : 9709374842.\" \/>\n<meta property=\"og:url\" content=\"https:\/\/booksfrommexico.com\/es\/producto\/leyendas-apocrifas-del-panteon-de-belen\/\" \/>\n<meta property=\"og:site_name\" content=\"Books From Mexico\" \/>\n<meta property=\"article:modified_time\" content=\"2024-07-17T22:49:54+00:00\" \/>\n<meta property=\"og:image\" content=\"http:\/\/booksfrommexico.com\/app\/uploads\/2023\/05\/131993.jpeg\" \/>\n\t<meta property=\"og:image:width\" content=\"370\" \/>\n\t<meta property=\"og:image:height\" content=\"554\" \/>\n\t<meta property=\"og:image:type\" content=\"image\/jpeg\" \/>\n<meta name=\"twitter:card\" content=\"summary_large_image\" \/>\n<meta name=\"twitter:label1\" content=\"Tiempo de lectura\" \/>\n\t<meta name=\"twitter:data1\" content=\"1 minuto\" \/>\n<script type=\"application\/ld+json\" class=\"yoast-schema-graph\">{\"@context\":\"https:\\\/\\\/schema.org\",\"@graph\":[{\"@type\":\"WebPage\",\"@id\":\"https:\\\/\\\/booksfrommexico.com\\\/es\\\/producto\\\/leyendas-apocrifas-del-panteon-de-belen\\\/\",\"url\":\"https:\\\/\\\/booksfrommexico.com\\\/es\\\/producto\\\/leyendas-apocrifas-del-panteon-de-belen\\\/\",\"name\":\"Leyendas ap\u00f3crifas del pante\u00f3n de Bel\u00e9n\",\"isPartOf\":{\"@id\":\"https:\\\/\\\/booksfrommexico.com\\\/#website\"},\"primaryImageOfPage\":{\"@id\":\"https:\\\/\\\/booksfrommexico.com\\\/es\\\/producto\\\/leyendas-apocrifas-del-panteon-de-belen\\\/#primaryimage\"},\"image\":{\"@id\":\"https:\\\/\\\/booksfrommexico.com\\\/es\\\/producto\\\/leyendas-apocrifas-del-panteon-de-belen\\\/#primaryimage\"},\"thumbnailUrl\":\"https:\\\/\\\/booksfrommexico.com\\\/app\\\/uploads\\\/2023\\\/05\\\/131993.jpeg\",\"datePublished\":\"2023-05-08T17:04:39+00:00\",\"dateModified\":\"2024-07-17T22:49:54+00:00\",\"description\":\"LEYENDAS AP\u00d3CRIFAS DEL PANTE\u00d3N DE BEL\u00c9N. \\\/ Guadalajara, Jalisco, M\u00e9xico : La Mesa Literaria, 2006. 101 pages ; 20 cm. ISBN : 9709374842.\",\"breadcrumb\":{\"@id\":\"https:\\\/\\\/booksfrommexico.com\\\/es\\\/producto\\\/leyendas-apocrifas-del-panteon-de-belen\\\/#breadcrumb\"},\"inLanguage\":\"es\",\"potentialAction\":[{\"@type\":\"ReadAction\",\"target\":[\"https:\\\/\\\/booksfrommexico.com\\\/es\\\/producto\\\/leyendas-apocrifas-del-panteon-de-belen\\\/\"]}]},{\"@type\":\"ImageObject\",\"inLanguage\":\"es\",\"@id\":\"https:\\\/\\\/booksfrommexico.com\\\/es\\\/producto\\\/leyendas-apocrifas-del-panteon-de-belen\\\/#primaryimage\",\"url\":\"https:\\\/\\\/booksfrommexico.com\\\/app\\\/uploads\\\/2023\\\/05\\\/131993.jpeg\",\"contentUrl\":\"https:\\\/\\\/booksfrommexico.com\\\/app\\\/uploads\\\/2023\\\/05\\\/131993.jpeg\",\"width\":370,\"height\":554},{\"@type\":\"BreadcrumbList\",\"@id\":\"https:\\\/\\\/booksfrommexico.com\\\/es\\\/producto\\\/leyendas-apocrifas-del-panteon-de-belen\\\/#breadcrumb\",\"itemListElement\":[{\"@type\":\"ListItem\",\"position\":1,\"name\":\"Home\",\"item\":\"https:\\\/\\\/booksfrommexico.com\\\/es\\\/\"},{\"@type\":\"ListItem\",\"position\":2,\"name\":\"Libros\",\"item\":\"https:\\\/\\\/booksfrommexico.com\\\/es\\\/libros\\\/\"},{\"@type\":\"ListItem\",\"position\":3,\"name\":\"Leyendas ap\u00f3crifas del pante\u00f3n de Bel\u00e9n\"}]},{\"@type\":\"WebSite\",\"@id\":\"https:\\\/\\\/booksfrommexico.com\\\/#website\",\"url\":\"https:\\\/\\\/booksfrommexico.com\\\/\",\"name\":\"Books From Mexico\",\"description\":\"\",\"publisher\":{\"@id\":\"https:\\\/\\\/booksfrommexico.com\\\/#organization\"},\"potentialAction\":[{\"@type\":\"SearchAction\",\"target\":{\"@type\":\"EntryPoint\",\"urlTemplate\":\"https:\\\/\\\/booksfrommexico.com\\\/?s={search_term_string}\"},\"query-input\":{\"@type\":\"PropertyValueSpecification\",\"valueRequired\":true,\"valueName\":\"search_term_string\"}}],\"inLanguage\":\"es\"},{\"@type\":\"Organization\",\"@id\":\"https:\\\/\\\/booksfrommexico.com\\\/#organization\",\"name\":\"Books From Mexico\",\"url\":\"https:\\\/\\\/booksfrommexico.com\\\/\",\"logo\":{\"@type\":\"ImageObject\",\"inLanguage\":\"es\",\"@id\":\"https:\\\/\\\/booksfrommexico.com\\\/#\\\/schema\\\/logo\\\/image\\\/\",\"url\":\"https:\\\/\\\/booksfrommexico.com\\\/app\\\/uploads\\\/2023\\\/05\\\/logo-booksfrommexico.svg\",\"contentUrl\":\"https:\\\/\\\/booksfrommexico.com\\\/app\\\/uploads\\\/2023\\\/05\\\/logo-booksfrommexico.svg\",\"width\":86,\"height\":56,\"caption\":\"Books From Mexico\"},\"image\":{\"@id\":\"https:\\\/\\\/booksfrommexico.com\\\/#\\\/schema\\\/logo\\\/image\\\/\"}}]}<\/script>\n<!-- \/ Yoast SEO plugin. -->","yoast_head_json":{"title":"Leyendas ap\u00f3crifas del pante\u00f3n de Bel\u00e9n","description":"LEYENDAS AP\u00d3CRIFAS DEL PANTE\u00d3N DE BEL\u00c9N. \/ Guadalajara, Jalisco, M\u00e9xico : La Mesa Literaria, 2006. 101 pages ; 20 cm. ISBN : 9709374842.","robots":{"index":"index","follow":"follow","max-snippet":"max-snippet:-1","max-image-preview":"max-image-preview:large","max-video-preview":"max-video-preview:-1"},"canonical":"https:\/\/booksfrommexico.com\/es\/producto\/leyendas-apocrifas-del-panteon-de-belen\/","og_locale":"es_ES","og_type":"article","og_title":"Leyendas ap\u00f3crifas del pante\u00f3n de Bel\u00e9n","og_description":"LEYENDAS AP\u00d3CRIFAS DEL PANTE\u00d3N DE BEL\u00c9N. \/ Guadalajara, Jalisco, M\u00e9xico : La Mesa Literaria, 2006. 101 pages ; 20 cm. ISBN : 9709374842.","og_url":"https:\/\/booksfrommexico.com\/es\/producto\/leyendas-apocrifas-del-panteon-de-belen\/","og_site_name":"Books From Mexico","article_modified_time":"2024-07-17T22:49:54+00:00","og_image":[{"width":370,"height":554,"url":"http:\/\/booksfrommexico.com\/app\/uploads\/2023\/05\/131993.jpeg","type":"image\/jpeg"}],"twitter_card":"summary_large_image","twitter_misc":{"Tiempo de lectura":"1 minuto"},"schema":{"@context":"https:\/\/schema.org","@graph":[{"@type":"WebPage","@id":"https:\/\/booksfrommexico.com\/es\/producto\/leyendas-apocrifas-del-panteon-de-belen\/","url":"https:\/\/booksfrommexico.com\/es\/producto\/leyendas-apocrifas-del-panteon-de-belen\/","name":"Leyendas ap\u00f3crifas del pante\u00f3n de Bel\u00e9n","isPartOf":{"@id":"https:\/\/booksfrommexico.com\/#website"},"primaryImageOfPage":{"@id":"https:\/\/booksfrommexico.com\/es\/producto\/leyendas-apocrifas-del-panteon-de-belen\/#primaryimage"},"image":{"@id":"https:\/\/booksfrommexico.com\/es\/producto\/leyendas-apocrifas-del-panteon-de-belen\/#primaryimage"},"thumbnailUrl":"https:\/\/booksfrommexico.com\/app\/uploads\/2023\/05\/131993.jpeg","datePublished":"2023-05-08T17:04:39+00:00","dateModified":"2024-07-17T22:49:54+00:00","description":"LEYENDAS AP\u00d3CRIFAS DEL PANTE\u00d3N DE BEL\u00c9N. \/ Guadalajara, Jalisco, M\u00e9xico : La Mesa Literaria, 2006. 101 pages ; 20 cm. ISBN : 9709374842.","breadcrumb":{"@id":"https:\/\/booksfrommexico.com\/es\/producto\/leyendas-apocrifas-del-panteon-de-belen\/#breadcrumb"},"inLanguage":"es","potentialAction":[{"@type":"ReadAction","target":["https:\/\/booksfrommexico.com\/es\/producto\/leyendas-apocrifas-del-panteon-de-belen\/"]}]},{"@type":"ImageObject","inLanguage":"es","@id":"https:\/\/booksfrommexico.com\/es\/producto\/leyendas-apocrifas-del-panteon-de-belen\/#primaryimage","url":"https:\/\/booksfrommexico.com\/app\/uploads\/2023\/05\/131993.jpeg","contentUrl":"https:\/\/booksfrommexico.com\/app\/uploads\/2023\/05\/131993.jpeg","width":370,"height":554},{"@type":"BreadcrumbList","@id":"https:\/\/booksfrommexico.com\/es\/producto\/leyendas-apocrifas-del-panteon-de-belen\/#breadcrumb","itemListElement":[{"@type":"ListItem","position":1,"name":"Home","item":"https:\/\/booksfrommexico.com\/es\/"},{"@type":"ListItem","position":2,"name":"Libros","item":"https:\/\/booksfrommexico.com\/es\/libros\/"},{"@type":"ListItem","position":3,"name":"Leyendas ap\u00f3crifas del pante\u00f3n de Bel\u00e9n"}]},{"@type":"WebSite","@id":"https:\/\/booksfrommexico.com\/#website","url":"https:\/\/booksfrommexico.com\/","name":"Books From Mexico","description":"","publisher":{"@id":"https:\/\/booksfrommexico.com\/#organization"},"potentialAction":[{"@type":"SearchAction","target":{"@type":"EntryPoint","urlTemplate":"https:\/\/booksfrommexico.com\/?s={search_term_string}"},"query-input":{"@type":"PropertyValueSpecification","valueRequired":true,"valueName":"search_term_string"}}],"inLanguage":"es"},{"@type":"Organization","@id":"https:\/\/booksfrommexico.com\/#organization","name":"Books From Mexico","url":"https:\/\/booksfrommexico.com\/","logo":{"@type":"ImageObject","inLanguage":"es","@id":"https:\/\/booksfrommexico.com\/#\/schema\/logo\/image\/","url":"https:\/\/booksfrommexico.com\/app\/uploads\/2023\/05\/logo-booksfrommexico.svg","contentUrl":"https:\/\/booksfrommexico.com\/app\/uploads\/2023\/05\/logo-booksfrommexico.svg","width":86,"height":56,"caption":"Books From Mexico"},"image":{"@id":"https:\/\/booksfrommexico.com\/#\/schema\/logo\/image\/"}}]}},"_links":{"self":[{"href":"https:\/\/booksfrommexico.com\/es\/wp-json\/wp\/v2\/product\/613","targetHints":{"allow":["GET"]}}],"collection":[{"href":"https:\/\/booksfrommexico.com\/es\/wp-json\/wp\/v2\/product"}],"about":[{"href":"https:\/\/booksfrommexico.com\/es\/wp-json\/wp\/v2\/types\/product"}],"wp:featuredmedia":[{"embeddable":true,"href":"https:\/\/booksfrommexico.com\/es\/wp-json\/wp\/v2\/media\/612"}],"wp:attachment":[{"href":"https:\/\/booksfrommexico.com\/es\/wp-json\/wp\/v2\/media?parent=613"}],"wp:term":[{"taxonomy":"product_brand","embeddable":true,"href":"https:\/\/booksfrommexico.com\/es\/wp-json\/wp\/v2\/product_brand?post=613"},{"taxonomy":"product_cat","embeddable":true,"href":"https:\/\/booksfrommexico.com\/es\/wp-json\/wp\/v2\/product_cat?post=613"},{"taxonomy":"product_tag","embeddable":true,"href":"https:\/\/booksfrommexico.com\/es\/wp-json\/wp\/v2\/product_tag?post=613"}],"curies":[{"name":"wp","href":"https:\/\/api.w.org\/{rel}","templated":true}]}}