{"id":615,"date":"2023-05-08T17:04:40","date_gmt":"2023-05-08T17:04:40","guid":{"rendered":"http:\/\/booksfrommexico.com\/product\/castas-feligresia-y-ciudadania-en-yucatan-los-afromestizos-bajo-el-regimen-constitucional-espanol-175\/"},"modified":"2024-07-18T23:58:46","modified_gmt":"2024-07-18T23:58:46","slug":"castas-feligresia-y-ciudadania-en-yucatan-los-afromestizos-bajo-el-regimen-constitucional-espanol-175","status":"publish","type":"product","link":"https:\/\/booksfrommexico.com\/es\/producto\/castas-feligresia-y-ciudadania-en-yucatan-los-afromestizos-bajo-el-regimen-constitucional-espanol-175\/","title":{"rendered":"Castas, feligres\u00eda y ciudadan\u00eda en Yucat\u00e1n: Los afromestizos bajo el r\u00e9gimen constitucional espa\u00f1ol, 1750-1822"},"content":{"rendered":"<p><span style=\"font-weight: 400;\">Este libro ofrece un an\u00e1lisis sobre la irrupci\u00f3n de las normas que las Cortes reunidas en C\u00e1diz emitieron para caracterizar al ciudadano en la estructura socio-racial de la sociedad yucateca peninsular de principios del siglo XIX. Se explica la relaci\u00f3n compleja en que los africanos y afromestizos guardaban con las \u201ccastas\u201d blancas, mestiza e ind\u00edgena, para comprender la manera en que la comunidad de ciudadanos con origen com\u00fan, trastoc\u00f3 el estatuto de las \u201ccastas negras\u201d en Yucat\u00e1n. Tambi\u00e9n se establece que el rechazo de la ciudadan\u00eda no negra por parte de los insurgentes afromestizos, provoc\u00f3 reajustes en las feligres\u00edas yucatecas adscritas a las parroquias de acuerdo a sus clasificaciones de castas.<\/span><\/p>\n","protected":false},"excerpt":{"rendered":"<p>CASTAS, FELIGRES\u00cdA Y CIUDADAN\u00cdA EN YUCAT\u00c1N : LOS AFROMESTIZOS BAJO EL R\u00c9GIMEN CONSTITUCIONAL ESPA\u00d1OL, 1750-1822<span style=\"font-weight: 400;\">. \/ Melchor Campos Garc\u00eda. M\u00e9rida, Yucat\u00e1n: Consejo Nacional de Ciencia y Tecnolog\u00eda ; Universidad Aut\u00f3noma de Yucat\u00e1n, 2005. 177 pages : tables, bibliographic references, bibliography ; 23 cm. ISBN : 9706981063.<\/span><\/p>\n","protected":false},"featured_media":614,"template":"","meta":{"_acf_changed":false,"inline_featured_image":false},"product_brand":[],"product_cat":[129,27],"product_tag":[4398,4483,3831],"class_list":{"0":"post-615","1":"product","2":"type-product","3":"status-publish","4":"has-post-thumbnail","6":"product_cat-colonial-historia","7":"product_cat-historia","8":"product_tag-historia-mexico","9":"product_tag-mestizaje-y-sistema-de-castas","10":"product_tag-yucatan-mexico","12":"first","13":"instock","14":"taxable","15":"shipping-taxable","16":"purchasable","17":"product-type-simple"},"acf":[],"yoast_head":"<!-- This site is optimized with the Yoast SEO plugin v27.3 - https:\/\/yoast.com\/product\/yoast-seo-wordpress\/ -->\n<title>Castas, feligres\u00eda y ciudadan\u00eda en Yucat\u00e1n<\/title>\n<meta name=\"description\" content=\"CASTAS, FELIGRES\u00cdA Y CIUDADAN\u00cdA EN YUCAT\u00c1N : LOS AFROMESTIZOS BAJO EL R\u00c9GIMEN CONSTITUCIONAL ESPA\u00d1OL, 1750-1822. \/ Melchor Campos Garc\u00eda. 2005.\" \/>\n<meta name=\"robots\" content=\"index, follow, max-snippet:-1, max-image-preview:large, max-video-preview:-1\" \/>\n<link rel=\"canonical\" href=\"https:\/\/booksfrommexico.com\/es\/producto\/castas-feligresia-y-ciudadania-en-yucatan-los-afromestizos-bajo-el-regimen-constitucional-espanol-175\/\" \/>\n<meta property=\"og:locale\" content=\"es_ES\" \/>\n<meta property=\"og:type\" content=\"article\" \/>\n<meta property=\"og:title\" content=\"Castas, feligres\u00eda y ciudadan\u00eda en Yucat\u00e1n\" \/>\n<meta property=\"og:description\" content=\"CASTAS, FELIGRES\u00cdA Y CIUDADAN\u00cdA EN YUCAT\u00c1N : LOS AFROMESTIZOS BAJO EL R\u00c9GIMEN CONSTITUCIONAL ESPA\u00d1OL, 1750-1822. \/ Melchor Campos Garc\u00eda. 2005.\" \/>\n<meta property=\"og:url\" content=\"https:\/\/booksfrommexico.com\/es\/producto\/castas-feligresia-y-ciudadania-en-yucatan-los-afromestizos-bajo-el-regimen-constitucional-espanol-175\/\" \/>\n<meta property=\"og:site_name\" content=\"Books From Mexico\" \/>\n<meta property=\"article:modified_time\" content=\"2024-07-18T23:58:46+00:00\" \/>\n<meta property=\"og:image\" content=\"http:\/\/booksfrommexico.com\/app\/uploads\/2023\/05\/131547.jpeg\" \/>\n\t<meta property=\"og:image:width\" content=\"429\" \/>\n\t<meta property=\"og:image:height\" content=\"659\" \/>\n\t<meta property=\"og:image:type\" content=\"image\/jpeg\" \/>\n<meta name=\"twitter:card\" content=\"summary_large_image\" \/>\n<meta name=\"twitter:label1\" content=\"Tiempo de lectura\" \/>\n\t<meta name=\"twitter:data1\" content=\"1 minuto\" \/>\n<script type=\"application\/ld+json\" class=\"yoast-schema-graph\">{\"@context\":\"https:\\\/\\\/schema.org\",\"@graph\":[{\"@type\":\"WebPage\",\"@id\":\"https:\\\/\\\/booksfrommexico.com\\\/es\\\/producto\\\/castas-feligresia-y-ciudadania-en-yucatan-los-afromestizos-bajo-el-regimen-constitucional-espanol-175\\\/\",\"url\":\"https:\\\/\\\/booksfrommexico.com\\\/es\\\/producto\\\/castas-feligresia-y-ciudadania-en-yucatan-los-afromestizos-bajo-el-regimen-constitucional-espanol-175\\\/\",\"name\":\"Castas, feligres\u00eda y ciudadan\u00eda en Yucat\u00e1n\",\"isPartOf\":{\"@id\":\"https:\\\/\\\/booksfrommexico.com\\\/#website\"},\"primaryImageOfPage\":{\"@id\":\"https:\\\/\\\/booksfrommexico.com\\\/es\\\/producto\\\/castas-feligresia-y-ciudadania-en-yucatan-los-afromestizos-bajo-el-regimen-constitucional-espanol-175\\\/#primaryimage\"},\"image\":{\"@id\":\"https:\\\/\\\/booksfrommexico.com\\\/es\\\/producto\\\/castas-feligresia-y-ciudadania-en-yucatan-los-afromestizos-bajo-el-regimen-constitucional-espanol-175\\\/#primaryimage\"},\"thumbnailUrl\":\"https:\\\/\\\/booksfrommexico.com\\\/app\\\/uploads\\\/2023\\\/05\\\/131547.jpeg\",\"datePublished\":\"2023-05-08T17:04:40+00:00\",\"dateModified\":\"2024-07-18T23:58:46+00:00\",\"description\":\"CASTAS, FELIGRES\u00cdA Y CIUDADAN\u00cdA EN YUCAT\u00c1N : LOS AFROMESTIZOS BAJO EL R\u00c9GIMEN CONSTITUCIONAL ESPA\u00d1OL, 1750-1822. \\\/ Melchor Campos Garc\u00eda. 2005.\",\"breadcrumb\":{\"@id\":\"https:\\\/\\\/booksfrommexico.com\\\/es\\\/producto\\\/castas-feligresia-y-ciudadania-en-yucatan-los-afromestizos-bajo-el-regimen-constitucional-espanol-175\\\/#breadcrumb\"},\"inLanguage\":\"es\",\"potentialAction\":[{\"@type\":\"ReadAction\",\"target\":[\"https:\\\/\\\/booksfrommexico.com\\\/es\\\/producto\\\/castas-feligresia-y-ciudadania-en-yucatan-los-afromestizos-bajo-el-regimen-constitucional-espanol-175\\\/\"]}]},{\"@type\":\"ImageObject\",\"inLanguage\":\"es\",\"@id\":\"https:\\\/\\\/booksfrommexico.com\\\/es\\\/producto\\\/castas-feligresia-y-ciudadania-en-yucatan-los-afromestizos-bajo-el-regimen-constitucional-espanol-175\\\/#primaryimage\",\"url\":\"https:\\\/\\\/booksfrommexico.com\\\/app\\\/uploads\\\/2023\\\/05\\\/131547.jpeg\",\"contentUrl\":\"https:\\\/\\\/booksfrommexico.com\\\/app\\\/uploads\\\/2023\\\/05\\\/131547.jpeg\",\"width\":429,\"height\":659},{\"@type\":\"BreadcrumbList\",\"@id\":\"https:\\\/\\\/booksfrommexico.com\\\/es\\\/producto\\\/castas-feligresia-y-ciudadania-en-yucatan-los-afromestizos-bajo-el-regimen-constitucional-espanol-175\\\/#breadcrumb\",\"itemListElement\":[{\"@type\":\"ListItem\",\"position\":1,\"name\":\"Home\",\"item\":\"https:\\\/\\\/booksfrommexico.com\\\/es\\\/\"},{\"@type\":\"ListItem\",\"position\":2,\"name\":\"Libros\",\"item\":\"https:\\\/\\\/booksfrommexico.com\\\/es\\\/libros\\\/\"},{\"@type\":\"ListItem\",\"position\":3,\"name\":\"Castas, feligres\u00eda y ciudadan\u00eda en Yucat\u00e1n: Los afromestizos bajo el r\u00e9gimen constitucional espa\u00f1ol, 1750-1822\"}]},{\"@type\":\"WebSite\",\"@id\":\"https:\\\/\\\/booksfrommexico.com\\\/#website\",\"url\":\"https:\\\/\\\/booksfrommexico.com\\\/\",\"name\":\"Books From Mexico\",\"description\":\"\",\"publisher\":{\"@id\":\"https:\\\/\\\/booksfrommexico.com\\\/#organization\"},\"potentialAction\":[{\"@type\":\"SearchAction\",\"target\":{\"@type\":\"EntryPoint\",\"urlTemplate\":\"https:\\\/\\\/booksfrommexico.com\\\/?s={search_term_string}\"},\"query-input\":{\"@type\":\"PropertyValueSpecification\",\"valueRequired\":true,\"valueName\":\"search_term_string\"}}],\"inLanguage\":\"es\"},{\"@type\":\"Organization\",\"@id\":\"https:\\\/\\\/booksfrommexico.com\\\/#organization\",\"name\":\"Books From Mexico\",\"url\":\"https:\\\/\\\/booksfrommexico.com\\\/\",\"logo\":{\"@type\":\"ImageObject\",\"inLanguage\":\"es\",\"@id\":\"https:\\\/\\\/booksfrommexico.com\\\/#\\\/schema\\\/logo\\\/image\\\/\",\"url\":\"https:\\\/\\\/booksfrommexico.com\\\/app\\\/uploads\\\/2023\\\/05\\\/logo-booksfrommexico.svg\",\"contentUrl\":\"https:\\\/\\\/booksfrommexico.com\\\/app\\\/uploads\\\/2023\\\/05\\\/logo-booksfrommexico.svg\",\"width\":86,\"height\":56,\"caption\":\"Books From Mexico\"},\"image\":{\"@id\":\"https:\\\/\\\/booksfrommexico.com\\\/#\\\/schema\\\/logo\\\/image\\\/\"}}]}<\/script>\n<!-- \/ Yoast SEO plugin. -->","yoast_head_json":{"title":"Castas, feligres\u00eda y ciudadan\u00eda en Yucat\u00e1n","description":"CASTAS, FELIGRES\u00cdA Y CIUDADAN\u00cdA EN YUCAT\u00c1N : LOS AFROMESTIZOS BAJO EL R\u00c9GIMEN CONSTITUCIONAL ESPA\u00d1OL, 1750-1822. \/ Melchor Campos Garc\u00eda. 2005.","robots":{"index":"index","follow":"follow","max-snippet":"max-snippet:-1","max-image-preview":"max-image-preview:large","max-video-preview":"max-video-preview:-1"},"canonical":"https:\/\/booksfrommexico.com\/es\/producto\/castas-feligresia-y-ciudadania-en-yucatan-los-afromestizos-bajo-el-regimen-constitucional-espanol-175\/","og_locale":"es_ES","og_type":"article","og_title":"Castas, feligres\u00eda y ciudadan\u00eda en Yucat\u00e1n","og_description":"CASTAS, FELIGRES\u00cdA Y CIUDADAN\u00cdA EN YUCAT\u00c1N : LOS AFROMESTIZOS BAJO EL R\u00c9GIMEN CONSTITUCIONAL ESPA\u00d1OL, 1750-1822. \/ Melchor Campos Garc\u00eda. 2005.","og_url":"https:\/\/booksfrommexico.com\/es\/producto\/castas-feligresia-y-ciudadania-en-yucatan-los-afromestizos-bajo-el-regimen-constitucional-espanol-175\/","og_site_name":"Books From Mexico","article_modified_time":"2024-07-18T23:58:46+00:00","og_image":[{"width":429,"height":659,"url":"http:\/\/booksfrommexico.com\/app\/uploads\/2023\/05\/131547.jpeg","type":"image\/jpeg"}],"twitter_card":"summary_large_image","twitter_misc":{"Tiempo de lectura":"1 minuto"},"schema":{"@context":"https:\/\/schema.org","@graph":[{"@type":"WebPage","@id":"https:\/\/booksfrommexico.com\/es\/producto\/castas-feligresia-y-ciudadania-en-yucatan-los-afromestizos-bajo-el-regimen-constitucional-espanol-175\/","url":"https:\/\/booksfrommexico.com\/es\/producto\/castas-feligresia-y-ciudadania-en-yucatan-los-afromestizos-bajo-el-regimen-constitucional-espanol-175\/","name":"Castas, feligres\u00eda y ciudadan\u00eda en Yucat\u00e1n","isPartOf":{"@id":"https:\/\/booksfrommexico.com\/#website"},"primaryImageOfPage":{"@id":"https:\/\/booksfrommexico.com\/es\/producto\/castas-feligresia-y-ciudadania-en-yucatan-los-afromestizos-bajo-el-regimen-constitucional-espanol-175\/#primaryimage"},"image":{"@id":"https:\/\/booksfrommexico.com\/es\/producto\/castas-feligresia-y-ciudadania-en-yucatan-los-afromestizos-bajo-el-regimen-constitucional-espanol-175\/#primaryimage"},"thumbnailUrl":"https:\/\/booksfrommexico.com\/app\/uploads\/2023\/05\/131547.jpeg","datePublished":"2023-05-08T17:04:40+00:00","dateModified":"2024-07-18T23:58:46+00:00","description":"CASTAS, FELIGRES\u00cdA Y CIUDADAN\u00cdA EN YUCAT\u00c1N : LOS AFROMESTIZOS BAJO EL R\u00c9GIMEN CONSTITUCIONAL ESPA\u00d1OL, 1750-1822. \/ Melchor Campos Garc\u00eda. 2005.","breadcrumb":{"@id":"https:\/\/booksfrommexico.com\/es\/producto\/castas-feligresia-y-ciudadania-en-yucatan-los-afromestizos-bajo-el-regimen-constitucional-espanol-175\/#breadcrumb"},"inLanguage":"es","potentialAction":[{"@type":"ReadAction","target":["https:\/\/booksfrommexico.com\/es\/producto\/castas-feligresia-y-ciudadania-en-yucatan-los-afromestizos-bajo-el-regimen-constitucional-espanol-175\/"]}]},{"@type":"ImageObject","inLanguage":"es","@id":"https:\/\/booksfrommexico.com\/es\/producto\/castas-feligresia-y-ciudadania-en-yucatan-los-afromestizos-bajo-el-regimen-constitucional-espanol-175\/#primaryimage","url":"https:\/\/booksfrommexico.com\/app\/uploads\/2023\/05\/131547.jpeg","contentUrl":"https:\/\/booksfrommexico.com\/app\/uploads\/2023\/05\/131547.jpeg","width":429,"height":659},{"@type":"BreadcrumbList","@id":"https:\/\/booksfrommexico.com\/es\/producto\/castas-feligresia-y-ciudadania-en-yucatan-los-afromestizos-bajo-el-regimen-constitucional-espanol-175\/#breadcrumb","itemListElement":[{"@type":"ListItem","position":1,"name":"Home","item":"https:\/\/booksfrommexico.com\/es\/"},{"@type":"ListItem","position":2,"name":"Libros","item":"https:\/\/booksfrommexico.com\/es\/libros\/"},{"@type":"ListItem","position":3,"name":"Castas, feligres\u00eda y ciudadan\u00eda en Yucat\u00e1n: Los afromestizos bajo el r\u00e9gimen constitucional espa\u00f1ol, 1750-1822"}]},{"@type":"WebSite","@id":"https:\/\/booksfrommexico.com\/#website","url":"https:\/\/booksfrommexico.com\/","name":"Books From Mexico","description":"","publisher":{"@id":"https:\/\/booksfrommexico.com\/#organization"},"potentialAction":[{"@type":"SearchAction","target":{"@type":"EntryPoint","urlTemplate":"https:\/\/booksfrommexico.com\/?s={search_term_string}"},"query-input":{"@type":"PropertyValueSpecification","valueRequired":true,"valueName":"search_term_string"}}],"inLanguage":"es"},{"@type":"Organization","@id":"https:\/\/booksfrommexico.com\/#organization","name":"Books From Mexico","url":"https:\/\/booksfrommexico.com\/","logo":{"@type":"ImageObject","inLanguage":"es","@id":"https:\/\/booksfrommexico.com\/#\/schema\/logo\/image\/","url":"https:\/\/booksfrommexico.com\/app\/uploads\/2023\/05\/logo-booksfrommexico.svg","contentUrl":"https:\/\/booksfrommexico.com\/app\/uploads\/2023\/05\/logo-booksfrommexico.svg","width":86,"height":56,"caption":"Books From Mexico"},"image":{"@id":"https:\/\/booksfrommexico.com\/#\/schema\/logo\/image\/"}}]}},"_links":{"self":[{"href":"https:\/\/booksfrommexico.com\/es\/wp-json\/wp\/v2\/product\/615","targetHints":{"allow":["GET"]}}],"collection":[{"href":"https:\/\/booksfrommexico.com\/es\/wp-json\/wp\/v2\/product"}],"about":[{"href":"https:\/\/booksfrommexico.com\/es\/wp-json\/wp\/v2\/types\/product"}],"wp:featuredmedia":[{"embeddable":true,"href":"https:\/\/booksfrommexico.com\/es\/wp-json\/wp\/v2\/media\/614"}],"wp:attachment":[{"href":"https:\/\/booksfrommexico.com\/es\/wp-json\/wp\/v2\/media?parent=615"}],"wp:term":[{"taxonomy":"product_brand","embeddable":true,"href":"https:\/\/booksfrommexico.com\/es\/wp-json\/wp\/v2\/product_brand?post=615"},{"taxonomy":"product_cat","embeddable":true,"href":"https:\/\/booksfrommexico.com\/es\/wp-json\/wp\/v2\/product_cat?post=615"},{"taxonomy":"product_tag","embeddable":true,"href":"https:\/\/booksfrommexico.com\/es\/wp-json\/wp\/v2\/product_tag?post=615"}],"curies":[{"name":"wp","href":"https:\/\/api.w.org\/{rel}","templated":true}]}}