{"id":617,"date":"2023-05-08T17:04:41","date_gmt":"2023-05-08T17:04:41","guid":{"rendered":"http:\/\/booksfrommexico.com\/product\/mujeres-anomalas-del-cuerpo-simbolizado-a-la-sexualidad-constrenida\/"},"modified":"2024-07-19T19:34:09","modified_gmt":"2024-07-19T19:34:09","slug":"mujeres-anomalas-del-cuerpo-simbolizado-a-la-sexualidad-constrenida","status":"publish","type":"product","link":"https:\/\/booksfrommexico.com\/es\/producto\/mujeres-anomalas-del-cuerpo-simbolizado-a-la-sexualidad-constrenida\/","title":{"rendered":"Mujeres an\u00f3malas: Del cuerpo simbolizado a la sexualidad constre\u00f1ida"},"content":{"rendered":"<p><span style=\"font-weight: 400;\">La sexualidad es uno de los fen\u00f3menos m\u00e1s complejos que conciernen al ser humano: tiene una base biol\u00f3gica pero tambi\u00e9n aspectos \u00edntimos y privados, as\u00ed como otros exteriores y p\u00fablicos.\u00a0 El inter\u00e9s por comprender los sutiles y complejos procesos mediante los cuales la cultura construye \u201cmodelos ideales\u201d con base en los cuales los sujetos sociales act\u00faan y se desempe\u00f1an como mujeres y hombres, le provoc\u00f3 a la autora la necesidad de remontarse al discurso que gu\u00eda, norma y fundamenta las prescripciones y las prohibiciones que conciernen en las relaciones entre los sexos, con la finalidad de llegar a la construcci\u00f3n social que gu\u00eda los usos del cuerpo y la sexualdiad en un grupo humano particular.<\/span><\/p>\n","protected":false},"excerpt":{"rendered":"<p>MUJERES AN\u00d3MALAS : DEL CUERPO SIMBOLIZADO A LA SEXUALIDAD CONSTRE\u00d1IDA<span style=\"font-weight: 400;\">. \/ Antonella Fagetti. Puebla, M\u00e9xico : Benem\u00e9rita Universidad Aut\u00f3noma de Puebla , Instituto de Ciencias Sociales y Humanidades ; Instituto Poblano de la Mujer, 2006. 426 pages : references, bibliographic references, bibliography ; 21 cm. ISBN : 9688638838.<\/span><\/p>\n","protected":false},"featured_media":616,"template":"","meta":{"_acf_changed":false,"inline_featured_image":false},"product_brand":[],"product_cat":[147,148],"product_tag":[4101,4456,4485],"class_list":{"0":"post-617","1":"product","2":"type-product","3":"status-publish","4":"has-post-thumbnail","6":"product_cat-estudios-de-genero","7":"product_cat-estudios-sobre-las-mujeres-estudios-de-genero","8":"product_tag-mujeres-es","9":"product_tag-sexologia","10":"product_tag-sexualidad","12":"first","13":"instock","14":"taxable","15":"shipping-taxable","16":"purchasable","17":"product-type-simple"},"acf":[],"yoast_head":"<!-- This site is optimized with the Yoast SEO plugin v27.3 - https:\/\/yoast.com\/product\/yoast-seo-wordpress\/ -->\n<title>Mujeres an\u00f3malas: Del cuerpo simbolizado a la sexualidad...<\/title>\n<meta name=\"description\" content=\"MUJERES AN\u00d3MALAS : DEL CUERPO SIMBOLIZADO A LA SEXUALIDAD CONSTRE\u00d1IDA. \/ Antonella Fagetti. BUAP ; Instituto Poblano de la Mujer, 2006.\" \/>\n<meta name=\"robots\" content=\"index, follow, max-snippet:-1, max-image-preview:large, max-video-preview:-1\" \/>\n<link rel=\"canonical\" href=\"https:\/\/booksfrommexico.com\/es\/producto\/mujeres-anomalas-del-cuerpo-simbolizado-a-la-sexualidad-constrenida\/\" \/>\n<meta property=\"og:locale\" content=\"es_ES\" \/>\n<meta property=\"og:type\" content=\"article\" \/>\n<meta property=\"og:title\" content=\"Mujeres an\u00f3malas: Del cuerpo simbolizado a la sexualidad...\" \/>\n<meta property=\"og:description\" content=\"MUJERES AN\u00d3MALAS : DEL CUERPO SIMBOLIZADO A LA SEXUALIDAD CONSTRE\u00d1IDA. \/ Antonella Fagetti. BUAP ; Instituto Poblano de la Mujer, 2006.\" \/>\n<meta property=\"og:url\" content=\"https:\/\/booksfrommexico.com\/es\/producto\/mujeres-anomalas-del-cuerpo-simbolizado-a-la-sexualidad-constrenida\/\" \/>\n<meta property=\"og:site_name\" content=\"Books From Mexico\" \/>\n<meta property=\"article:modified_time\" content=\"2024-07-19T19:34:09+00:00\" \/>\n<meta property=\"og:image\" content=\"http:\/\/booksfrommexico.com\/app\/uploads\/2023\/05\/131541.jpeg\" \/>\n\t<meta property=\"og:image:width\" content=\"381\" \/>\n\t<meta property=\"og:image:height\" content=\"605\" \/>\n\t<meta property=\"og:image:type\" content=\"image\/jpeg\" \/>\n<meta name=\"twitter:card\" content=\"summary_large_image\" \/>\n<meta name=\"twitter:label1\" content=\"Tiempo de lectura\" \/>\n\t<meta name=\"twitter:data1\" content=\"1 minuto\" \/>\n<script type=\"application\/ld+json\" class=\"yoast-schema-graph\">{\"@context\":\"https:\\\/\\\/schema.org\",\"@graph\":[{\"@type\":\"WebPage\",\"@id\":\"https:\\\/\\\/booksfrommexico.com\\\/es\\\/producto\\\/mujeres-anomalas-del-cuerpo-simbolizado-a-la-sexualidad-constrenida\\\/\",\"url\":\"https:\\\/\\\/booksfrommexico.com\\\/es\\\/producto\\\/mujeres-anomalas-del-cuerpo-simbolizado-a-la-sexualidad-constrenida\\\/\",\"name\":\"Mujeres an\u00f3malas: Del cuerpo simbolizado a la sexualidad...\",\"isPartOf\":{\"@id\":\"https:\\\/\\\/booksfrommexico.com\\\/#website\"},\"primaryImageOfPage\":{\"@id\":\"https:\\\/\\\/booksfrommexico.com\\\/es\\\/producto\\\/mujeres-anomalas-del-cuerpo-simbolizado-a-la-sexualidad-constrenida\\\/#primaryimage\"},\"image\":{\"@id\":\"https:\\\/\\\/booksfrommexico.com\\\/es\\\/producto\\\/mujeres-anomalas-del-cuerpo-simbolizado-a-la-sexualidad-constrenida\\\/#primaryimage\"},\"thumbnailUrl\":\"https:\\\/\\\/booksfrommexico.com\\\/app\\\/uploads\\\/2023\\\/05\\\/131541.jpeg\",\"datePublished\":\"2023-05-08T17:04:41+00:00\",\"dateModified\":\"2024-07-19T19:34:09+00:00\",\"description\":\"MUJERES AN\u00d3MALAS : DEL CUERPO SIMBOLIZADO A LA SEXUALIDAD CONSTRE\u00d1IDA. \\\/ Antonella Fagetti. BUAP ; Instituto Poblano de la Mujer, 2006.\",\"breadcrumb\":{\"@id\":\"https:\\\/\\\/booksfrommexico.com\\\/es\\\/producto\\\/mujeres-anomalas-del-cuerpo-simbolizado-a-la-sexualidad-constrenida\\\/#breadcrumb\"},\"inLanguage\":\"es\",\"potentialAction\":[{\"@type\":\"ReadAction\",\"target\":[\"https:\\\/\\\/booksfrommexico.com\\\/es\\\/producto\\\/mujeres-anomalas-del-cuerpo-simbolizado-a-la-sexualidad-constrenida\\\/\"]}]},{\"@type\":\"ImageObject\",\"inLanguage\":\"es\",\"@id\":\"https:\\\/\\\/booksfrommexico.com\\\/es\\\/producto\\\/mujeres-anomalas-del-cuerpo-simbolizado-a-la-sexualidad-constrenida\\\/#primaryimage\",\"url\":\"https:\\\/\\\/booksfrommexico.com\\\/app\\\/uploads\\\/2023\\\/05\\\/131541.jpeg\",\"contentUrl\":\"https:\\\/\\\/booksfrommexico.com\\\/app\\\/uploads\\\/2023\\\/05\\\/131541.jpeg\",\"width\":381,\"height\":605},{\"@type\":\"BreadcrumbList\",\"@id\":\"https:\\\/\\\/booksfrommexico.com\\\/es\\\/producto\\\/mujeres-anomalas-del-cuerpo-simbolizado-a-la-sexualidad-constrenida\\\/#breadcrumb\",\"itemListElement\":[{\"@type\":\"ListItem\",\"position\":1,\"name\":\"Home\",\"item\":\"https:\\\/\\\/booksfrommexico.com\\\/es\\\/\"},{\"@type\":\"ListItem\",\"position\":2,\"name\":\"Libros\",\"item\":\"https:\\\/\\\/booksfrommexico.com\\\/es\\\/libros\\\/\"},{\"@type\":\"ListItem\",\"position\":3,\"name\":\"Mujeres an\u00f3malas: Del cuerpo simbolizado a la sexualidad constre\u00f1ida\"}]},{\"@type\":\"WebSite\",\"@id\":\"https:\\\/\\\/booksfrommexico.com\\\/#website\",\"url\":\"https:\\\/\\\/booksfrommexico.com\\\/\",\"name\":\"Books From Mexico\",\"description\":\"\",\"publisher\":{\"@id\":\"https:\\\/\\\/booksfrommexico.com\\\/#organization\"},\"potentialAction\":[{\"@type\":\"SearchAction\",\"target\":{\"@type\":\"EntryPoint\",\"urlTemplate\":\"https:\\\/\\\/booksfrommexico.com\\\/?s={search_term_string}\"},\"query-input\":{\"@type\":\"PropertyValueSpecification\",\"valueRequired\":true,\"valueName\":\"search_term_string\"}}],\"inLanguage\":\"es\"},{\"@type\":\"Organization\",\"@id\":\"https:\\\/\\\/booksfrommexico.com\\\/#organization\",\"name\":\"Books From Mexico\",\"url\":\"https:\\\/\\\/booksfrommexico.com\\\/\",\"logo\":{\"@type\":\"ImageObject\",\"inLanguage\":\"es\",\"@id\":\"https:\\\/\\\/booksfrommexico.com\\\/#\\\/schema\\\/logo\\\/image\\\/\",\"url\":\"https:\\\/\\\/booksfrommexico.com\\\/app\\\/uploads\\\/2023\\\/05\\\/logo-booksfrommexico.svg\",\"contentUrl\":\"https:\\\/\\\/booksfrommexico.com\\\/app\\\/uploads\\\/2023\\\/05\\\/logo-booksfrommexico.svg\",\"width\":86,\"height\":56,\"caption\":\"Books From Mexico\"},\"image\":{\"@id\":\"https:\\\/\\\/booksfrommexico.com\\\/#\\\/schema\\\/logo\\\/image\\\/\"}}]}<\/script>\n<!-- \/ Yoast SEO plugin. -->","yoast_head_json":{"title":"Mujeres an\u00f3malas: Del cuerpo simbolizado a la sexualidad...","description":"MUJERES AN\u00d3MALAS : DEL CUERPO SIMBOLIZADO A LA SEXUALIDAD CONSTRE\u00d1IDA. \/ Antonella Fagetti. BUAP ; Instituto Poblano de la Mujer, 2006.","robots":{"index":"index","follow":"follow","max-snippet":"max-snippet:-1","max-image-preview":"max-image-preview:large","max-video-preview":"max-video-preview:-1"},"canonical":"https:\/\/booksfrommexico.com\/es\/producto\/mujeres-anomalas-del-cuerpo-simbolizado-a-la-sexualidad-constrenida\/","og_locale":"es_ES","og_type":"article","og_title":"Mujeres an\u00f3malas: Del cuerpo simbolizado a la sexualidad...","og_description":"MUJERES AN\u00d3MALAS : DEL CUERPO SIMBOLIZADO A LA SEXUALIDAD CONSTRE\u00d1IDA. \/ Antonella Fagetti. BUAP ; Instituto Poblano de la Mujer, 2006.","og_url":"https:\/\/booksfrommexico.com\/es\/producto\/mujeres-anomalas-del-cuerpo-simbolizado-a-la-sexualidad-constrenida\/","og_site_name":"Books From Mexico","article_modified_time":"2024-07-19T19:34:09+00:00","og_image":[{"width":381,"height":605,"url":"http:\/\/booksfrommexico.com\/app\/uploads\/2023\/05\/131541.jpeg","type":"image\/jpeg"}],"twitter_card":"summary_large_image","twitter_misc":{"Tiempo de lectura":"1 minuto"},"schema":{"@context":"https:\/\/schema.org","@graph":[{"@type":"WebPage","@id":"https:\/\/booksfrommexico.com\/es\/producto\/mujeres-anomalas-del-cuerpo-simbolizado-a-la-sexualidad-constrenida\/","url":"https:\/\/booksfrommexico.com\/es\/producto\/mujeres-anomalas-del-cuerpo-simbolizado-a-la-sexualidad-constrenida\/","name":"Mujeres an\u00f3malas: Del cuerpo simbolizado a la sexualidad...","isPartOf":{"@id":"https:\/\/booksfrommexico.com\/#website"},"primaryImageOfPage":{"@id":"https:\/\/booksfrommexico.com\/es\/producto\/mujeres-anomalas-del-cuerpo-simbolizado-a-la-sexualidad-constrenida\/#primaryimage"},"image":{"@id":"https:\/\/booksfrommexico.com\/es\/producto\/mujeres-anomalas-del-cuerpo-simbolizado-a-la-sexualidad-constrenida\/#primaryimage"},"thumbnailUrl":"https:\/\/booksfrommexico.com\/app\/uploads\/2023\/05\/131541.jpeg","datePublished":"2023-05-08T17:04:41+00:00","dateModified":"2024-07-19T19:34:09+00:00","description":"MUJERES AN\u00d3MALAS : DEL CUERPO SIMBOLIZADO A LA SEXUALIDAD CONSTRE\u00d1IDA. \/ Antonella Fagetti. BUAP ; Instituto Poblano de la Mujer, 2006.","breadcrumb":{"@id":"https:\/\/booksfrommexico.com\/es\/producto\/mujeres-anomalas-del-cuerpo-simbolizado-a-la-sexualidad-constrenida\/#breadcrumb"},"inLanguage":"es","potentialAction":[{"@type":"ReadAction","target":["https:\/\/booksfrommexico.com\/es\/producto\/mujeres-anomalas-del-cuerpo-simbolizado-a-la-sexualidad-constrenida\/"]}]},{"@type":"ImageObject","inLanguage":"es","@id":"https:\/\/booksfrommexico.com\/es\/producto\/mujeres-anomalas-del-cuerpo-simbolizado-a-la-sexualidad-constrenida\/#primaryimage","url":"https:\/\/booksfrommexico.com\/app\/uploads\/2023\/05\/131541.jpeg","contentUrl":"https:\/\/booksfrommexico.com\/app\/uploads\/2023\/05\/131541.jpeg","width":381,"height":605},{"@type":"BreadcrumbList","@id":"https:\/\/booksfrommexico.com\/es\/producto\/mujeres-anomalas-del-cuerpo-simbolizado-a-la-sexualidad-constrenida\/#breadcrumb","itemListElement":[{"@type":"ListItem","position":1,"name":"Home","item":"https:\/\/booksfrommexico.com\/es\/"},{"@type":"ListItem","position":2,"name":"Libros","item":"https:\/\/booksfrommexico.com\/es\/libros\/"},{"@type":"ListItem","position":3,"name":"Mujeres an\u00f3malas: Del cuerpo simbolizado a la sexualidad constre\u00f1ida"}]},{"@type":"WebSite","@id":"https:\/\/booksfrommexico.com\/#website","url":"https:\/\/booksfrommexico.com\/","name":"Books From Mexico","description":"","publisher":{"@id":"https:\/\/booksfrommexico.com\/#organization"},"potentialAction":[{"@type":"SearchAction","target":{"@type":"EntryPoint","urlTemplate":"https:\/\/booksfrommexico.com\/?s={search_term_string}"},"query-input":{"@type":"PropertyValueSpecification","valueRequired":true,"valueName":"search_term_string"}}],"inLanguage":"es"},{"@type":"Organization","@id":"https:\/\/booksfrommexico.com\/#organization","name":"Books From Mexico","url":"https:\/\/booksfrommexico.com\/","logo":{"@type":"ImageObject","inLanguage":"es","@id":"https:\/\/booksfrommexico.com\/#\/schema\/logo\/image\/","url":"https:\/\/booksfrommexico.com\/app\/uploads\/2023\/05\/logo-booksfrommexico.svg","contentUrl":"https:\/\/booksfrommexico.com\/app\/uploads\/2023\/05\/logo-booksfrommexico.svg","width":86,"height":56,"caption":"Books From Mexico"},"image":{"@id":"https:\/\/booksfrommexico.com\/#\/schema\/logo\/image\/"}}]}},"_links":{"self":[{"href":"https:\/\/booksfrommexico.com\/es\/wp-json\/wp\/v2\/product\/617","targetHints":{"allow":["GET"]}}],"collection":[{"href":"https:\/\/booksfrommexico.com\/es\/wp-json\/wp\/v2\/product"}],"about":[{"href":"https:\/\/booksfrommexico.com\/es\/wp-json\/wp\/v2\/types\/product"}],"wp:featuredmedia":[{"embeddable":true,"href":"https:\/\/booksfrommexico.com\/es\/wp-json\/wp\/v2\/media\/616"}],"wp:attachment":[{"href":"https:\/\/booksfrommexico.com\/es\/wp-json\/wp\/v2\/media?parent=617"}],"wp:term":[{"taxonomy":"product_brand","embeddable":true,"href":"https:\/\/booksfrommexico.com\/es\/wp-json\/wp\/v2\/product_brand?post=617"},{"taxonomy":"product_cat","embeddable":true,"href":"https:\/\/booksfrommexico.com\/es\/wp-json\/wp\/v2\/product_cat?post=617"},{"taxonomy":"product_tag","embeddable":true,"href":"https:\/\/booksfrommexico.com\/es\/wp-json\/wp\/v2\/product_tag?post=617"}],"curies":[{"name":"wp","href":"https:\/\/api.w.org\/{rel}","templated":true}]}}