{"id":619,"date":"2023-05-08T17:04:43","date_gmt":"2023-05-08T17:04:43","guid":{"rendered":"http:\/\/booksfrommexico.com\/product\/migracion-mexico-estados-unidos-implicaciones-y-retos-ambos-paises\/"},"modified":"2024-07-19T20:01:48","modified_gmt":"2024-07-19T20:01:48","slug":"migracion-mexico-estados-unidos-implicaciones-y-retos-ambos-paises","status":"publish","type":"product","link":"https:\/\/booksfrommexico.com\/es\/producto\/migracion-mexico-estados-unidos-implicaciones-y-retos-ambos-paises\/","title":{"rendered":"Migraci\u00f3n M\u00e9xico-Estados Unidos: Implicaciones y retos para ambos pa\u00edses"},"content":{"rendered":"<p><span style=\"font-weight: 400;\">El conjunto de art\u00edculos que se recopilan aqu\u00ed presentan los hallazgos m\u00e1s recientes sobre las implicaciones demogr\u00e1ficas, sociales, econ\u00f3micas y pol\u00edticas de la migraci\u00f3n que sale de M\u00e9xico a Estados Unidos. En cuanto a los impactos demogr\u00e1ficos, se da cuenta de los procesos migratorios que han propiciado que los latinos sean actualmente la primera minor\u00eda \u00e9tnica en Estados Unidos, de la magnitud y la escala que ha alcanzado la migraci\u00f3n mexicana, de sus procesos contempor\u00e1neos y de una serie de escenarios prospectivos sobre la evoluci\u00f3n del fen\u00f3meno. Por otro lado, se tratan tambi\u00e9n asuntos de la pol\u00edtica migratoria tanto de M\u00e9xico como de EUA y el impacto econ\u00f3mico de las remesas.<\/span><\/p>\n","protected":false},"excerpt":{"rendered":"<p>MIGRACI\u00d3N M\u00c9XICO-ESTADOS UNIDOS : IMPLICACIONES Y RETOS AMBOS PA\u00cdSES<span style=\"font-weight: 400;\">. \/ Elena Z\u00fa\u00f1iga Herrera, Jes\u00fas Arroyo Alejandre, Agust\u00edn Escobar Latap\u00ed, Gustavo Verduzco Igart\u00faa (coordinators). M\u00e9xico, D.F. : Consejo Nacional de Poblaci\u00f3n ; Universidad de Guadalajara ; Centro de Investigaciones y Estudios Superiores en Antropolog\u00eda Social ; Casa Juan Pablos ; El Colegio de M\u00e9xico, 2006. 355 pages : includes tables, charts, maps, bibliographic references, bibliography ; 23 cm. ISBN : 9706288422. <\/span><\/p>\n","protected":false},"featured_media":618,"template":"","meta":{"_acf_changed":false,"inline_featured_image":false},"product_brand":[],"product_cat":[42],"product_tag":[3685,4401,3627],"class_list":{"0":"post-619","1":"product","2":"type-product","3":"status-publish","4":"has-post-thumbnail","6":"product_cat-temas-de-inmigracion-y-migraciones-humanas","7":"product_tag-inmigracion","8":"product_tag-inmigrantes-es","9":"product_tag-politica-y-gobierno","11":"first","12":"instock","13":"taxable","14":"shipping-taxable","15":"purchasable","16":"product-type-simple"},"acf":[],"yoast_head":"<!-- This site is optimized with the Yoast SEO plugin v27.3 - https:\/\/yoast.com\/product\/yoast-seo-wordpress\/ -->\n<title>Migraci\u00f3n M\u00e9xico-Estados Unidos Implicaciones y retos...<\/title>\n<meta name=\"description\" content=\"MIGRACI\u00d3N M\u00c9XICO-ESTADOS UNIDOS : IMPLICACIONES Y RETOS AMBOS PA\u00cdSES. \/ Z\u00fa\u00f1iga Herrera, Arroyo Alejandre, Escobar Latap\u00ed, Verduzco Igart\u00faa (coordinators).\" \/>\n<meta name=\"robots\" content=\"index, follow, max-snippet:-1, max-image-preview:large, max-video-preview:-1\" \/>\n<link rel=\"canonical\" href=\"https:\/\/booksfrommexico.com\/es\/producto\/migracion-mexico-estados-unidos-implicaciones-y-retos-ambos-paises\/\" \/>\n<meta property=\"og:locale\" content=\"es_ES\" \/>\n<meta property=\"og:type\" content=\"article\" \/>\n<meta property=\"og:title\" content=\"Migraci\u00f3n M\u00e9xico-Estados Unidos Implicaciones y retos...\" \/>\n<meta property=\"og:description\" content=\"MIGRACI\u00d3N M\u00c9XICO-ESTADOS UNIDOS : IMPLICACIONES Y RETOS AMBOS PA\u00cdSES. \/ Z\u00fa\u00f1iga Herrera, Arroyo Alejandre, Escobar Latap\u00ed, Verduzco Igart\u00faa (coordinators).\" \/>\n<meta property=\"og:url\" content=\"https:\/\/booksfrommexico.com\/es\/producto\/migracion-mexico-estados-unidos-implicaciones-y-retos-ambos-paises\/\" \/>\n<meta property=\"og:site_name\" content=\"Books From Mexico\" \/>\n<meta property=\"article:modified_time\" content=\"2024-07-19T20:01:48+00:00\" \/>\n<meta property=\"og:image\" content=\"http:\/\/booksfrommexico.com\/app\/uploads\/2023\/05\/131343.jpeg\" \/>\n\t<meta property=\"og:image:width\" content=\"469\" \/>\n\t<meta property=\"og:image:height\" content=\"668\" \/>\n\t<meta property=\"og:image:type\" content=\"image\/jpeg\" \/>\n<meta name=\"twitter:card\" content=\"summary_large_image\" \/>\n<meta name=\"twitter:label1\" content=\"Tiempo de lectura\" \/>\n\t<meta name=\"twitter:data1\" content=\"1 minuto\" \/>\n<script type=\"application\/ld+json\" class=\"yoast-schema-graph\">{\"@context\":\"https:\\\/\\\/schema.org\",\"@graph\":[{\"@type\":\"WebPage\",\"@id\":\"https:\\\/\\\/booksfrommexico.com\\\/es\\\/producto\\\/migracion-mexico-estados-unidos-implicaciones-y-retos-ambos-paises\\\/\",\"url\":\"https:\\\/\\\/booksfrommexico.com\\\/es\\\/producto\\\/migracion-mexico-estados-unidos-implicaciones-y-retos-ambos-paises\\\/\",\"name\":\"Migraci\u00f3n M\u00e9xico-Estados Unidos Implicaciones y retos...\",\"isPartOf\":{\"@id\":\"https:\\\/\\\/booksfrommexico.com\\\/#website\"},\"primaryImageOfPage\":{\"@id\":\"https:\\\/\\\/booksfrommexico.com\\\/es\\\/producto\\\/migracion-mexico-estados-unidos-implicaciones-y-retos-ambos-paises\\\/#primaryimage\"},\"image\":{\"@id\":\"https:\\\/\\\/booksfrommexico.com\\\/es\\\/producto\\\/migracion-mexico-estados-unidos-implicaciones-y-retos-ambos-paises\\\/#primaryimage\"},\"thumbnailUrl\":\"https:\\\/\\\/booksfrommexico.com\\\/app\\\/uploads\\\/2023\\\/05\\\/131343.jpeg\",\"datePublished\":\"2023-05-08T17:04:43+00:00\",\"dateModified\":\"2024-07-19T20:01:48+00:00\",\"description\":\"MIGRACI\u00d3N M\u00c9XICO-ESTADOS UNIDOS : IMPLICACIONES Y RETOS AMBOS PA\u00cdSES. \\\/ Z\u00fa\u00f1iga Herrera, Arroyo Alejandre, Escobar Latap\u00ed, Verduzco Igart\u00faa (coordinators).\",\"breadcrumb\":{\"@id\":\"https:\\\/\\\/booksfrommexico.com\\\/es\\\/producto\\\/migracion-mexico-estados-unidos-implicaciones-y-retos-ambos-paises\\\/#breadcrumb\"},\"inLanguage\":\"es\",\"potentialAction\":[{\"@type\":\"ReadAction\",\"target\":[\"https:\\\/\\\/booksfrommexico.com\\\/es\\\/producto\\\/migracion-mexico-estados-unidos-implicaciones-y-retos-ambos-paises\\\/\"]}]},{\"@type\":\"ImageObject\",\"inLanguage\":\"es\",\"@id\":\"https:\\\/\\\/booksfrommexico.com\\\/es\\\/producto\\\/migracion-mexico-estados-unidos-implicaciones-y-retos-ambos-paises\\\/#primaryimage\",\"url\":\"https:\\\/\\\/booksfrommexico.com\\\/app\\\/uploads\\\/2023\\\/05\\\/131343.jpeg\",\"contentUrl\":\"https:\\\/\\\/booksfrommexico.com\\\/app\\\/uploads\\\/2023\\\/05\\\/131343.jpeg\",\"width\":469,\"height\":668},{\"@type\":\"BreadcrumbList\",\"@id\":\"https:\\\/\\\/booksfrommexico.com\\\/es\\\/producto\\\/migracion-mexico-estados-unidos-implicaciones-y-retos-ambos-paises\\\/#breadcrumb\",\"itemListElement\":[{\"@type\":\"ListItem\",\"position\":1,\"name\":\"Home\",\"item\":\"https:\\\/\\\/booksfrommexico.com\\\/es\\\/\"},{\"@type\":\"ListItem\",\"position\":2,\"name\":\"Libros\",\"item\":\"https:\\\/\\\/booksfrommexico.com\\\/es\\\/libros\\\/\"},{\"@type\":\"ListItem\",\"position\":3,\"name\":\"Migraci\u00f3n M\u00e9xico-Estados Unidos: Implicaciones y retos para ambos pa\u00edses\"}]},{\"@type\":\"WebSite\",\"@id\":\"https:\\\/\\\/booksfrommexico.com\\\/#website\",\"url\":\"https:\\\/\\\/booksfrommexico.com\\\/\",\"name\":\"Books From Mexico\",\"description\":\"\",\"publisher\":{\"@id\":\"https:\\\/\\\/booksfrommexico.com\\\/#organization\"},\"potentialAction\":[{\"@type\":\"SearchAction\",\"target\":{\"@type\":\"EntryPoint\",\"urlTemplate\":\"https:\\\/\\\/booksfrommexico.com\\\/?s={search_term_string}\"},\"query-input\":{\"@type\":\"PropertyValueSpecification\",\"valueRequired\":true,\"valueName\":\"search_term_string\"}}],\"inLanguage\":\"es\"},{\"@type\":\"Organization\",\"@id\":\"https:\\\/\\\/booksfrommexico.com\\\/#organization\",\"name\":\"Books From Mexico\",\"url\":\"https:\\\/\\\/booksfrommexico.com\\\/\",\"logo\":{\"@type\":\"ImageObject\",\"inLanguage\":\"es\",\"@id\":\"https:\\\/\\\/booksfrommexico.com\\\/#\\\/schema\\\/logo\\\/image\\\/\",\"url\":\"https:\\\/\\\/booksfrommexico.com\\\/app\\\/uploads\\\/2023\\\/05\\\/logo-booksfrommexico.svg\",\"contentUrl\":\"https:\\\/\\\/booksfrommexico.com\\\/app\\\/uploads\\\/2023\\\/05\\\/logo-booksfrommexico.svg\",\"width\":86,\"height\":56,\"caption\":\"Books From Mexico\"},\"image\":{\"@id\":\"https:\\\/\\\/booksfrommexico.com\\\/#\\\/schema\\\/logo\\\/image\\\/\"}}]}<\/script>\n<!-- \/ Yoast SEO plugin. -->","yoast_head_json":{"title":"Migraci\u00f3n M\u00e9xico-Estados Unidos Implicaciones y retos...","description":"MIGRACI\u00d3N M\u00c9XICO-ESTADOS UNIDOS : IMPLICACIONES Y RETOS AMBOS PA\u00cdSES. \/ Z\u00fa\u00f1iga Herrera, Arroyo Alejandre, Escobar Latap\u00ed, Verduzco Igart\u00faa (coordinators).","robots":{"index":"index","follow":"follow","max-snippet":"max-snippet:-1","max-image-preview":"max-image-preview:large","max-video-preview":"max-video-preview:-1"},"canonical":"https:\/\/booksfrommexico.com\/es\/producto\/migracion-mexico-estados-unidos-implicaciones-y-retos-ambos-paises\/","og_locale":"es_ES","og_type":"article","og_title":"Migraci\u00f3n M\u00e9xico-Estados Unidos Implicaciones y retos...","og_description":"MIGRACI\u00d3N M\u00c9XICO-ESTADOS UNIDOS : IMPLICACIONES Y RETOS AMBOS PA\u00cdSES. \/ Z\u00fa\u00f1iga Herrera, Arroyo Alejandre, Escobar Latap\u00ed, Verduzco Igart\u00faa (coordinators).","og_url":"https:\/\/booksfrommexico.com\/es\/producto\/migracion-mexico-estados-unidos-implicaciones-y-retos-ambos-paises\/","og_site_name":"Books From Mexico","article_modified_time":"2024-07-19T20:01:48+00:00","og_image":[{"width":469,"height":668,"url":"http:\/\/booksfrommexico.com\/app\/uploads\/2023\/05\/131343.jpeg","type":"image\/jpeg"}],"twitter_card":"summary_large_image","twitter_misc":{"Tiempo de lectura":"1 minuto"},"schema":{"@context":"https:\/\/schema.org","@graph":[{"@type":"WebPage","@id":"https:\/\/booksfrommexico.com\/es\/producto\/migracion-mexico-estados-unidos-implicaciones-y-retos-ambos-paises\/","url":"https:\/\/booksfrommexico.com\/es\/producto\/migracion-mexico-estados-unidos-implicaciones-y-retos-ambos-paises\/","name":"Migraci\u00f3n M\u00e9xico-Estados Unidos Implicaciones y retos...","isPartOf":{"@id":"https:\/\/booksfrommexico.com\/#website"},"primaryImageOfPage":{"@id":"https:\/\/booksfrommexico.com\/es\/producto\/migracion-mexico-estados-unidos-implicaciones-y-retos-ambos-paises\/#primaryimage"},"image":{"@id":"https:\/\/booksfrommexico.com\/es\/producto\/migracion-mexico-estados-unidos-implicaciones-y-retos-ambos-paises\/#primaryimage"},"thumbnailUrl":"https:\/\/booksfrommexico.com\/app\/uploads\/2023\/05\/131343.jpeg","datePublished":"2023-05-08T17:04:43+00:00","dateModified":"2024-07-19T20:01:48+00:00","description":"MIGRACI\u00d3N M\u00c9XICO-ESTADOS UNIDOS : IMPLICACIONES Y RETOS AMBOS PA\u00cdSES. \/ Z\u00fa\u00f1iga Herrera, Arroyo Alejandre, Escobar Latap\u00ed, Verduzco Igart\u00faa (coordinators).","breadcrumb":{"@id":"https:\/\/booksfrommexico.com\/es\/producto\/migracion-mexico-estados-unidos-implicaciones-y-retos-ambos-paises\/#breadcrumb"},"inLanguage":"es","potentialAction":[{"@type":"ReadAction","target":["https:\/\/booksfrommexico.com\/es\/producto\/migracion-mexico-estados-unidos-implicaciones-y-retos-ambos-paises\/"]}]},{"@type":"ImageObject","inLanguage":"es","@id":"https:\/\/booksfrommexico.com\/es\/producto\/migracion-mexico-estados-unidos-implicaciones-y-retos-ambos-paises\/#primaryimage","url":"https:\/\/booksfrommexico.com\/app\/uploads\/2023\/05\/131343.jpeg","contentUrl":"https:\/\/booksfrommexico.com\/app\/uploads\/2023\/05\/131343.jpeg","width":469,"height":668},{"@type":"BreadcrumbList","@id":"https:\/\/booksfrommexico.com\/es\/producto\/migracion-mexico-estados-unidos-implicaciones-y-retos-ambos-paises\/#breadcrumb","itemListElement":[{"@type":"ListItem","position":1,"name":"Home","item":"https:\/\/booksfrommexico.com\/es\/"},{"@type":"ListItem","position":2,"name":"Libros","item":"https:\/\/booksfrommexico.com\/es\/libros\/"},{"@type":"ListItem","position":3,"name":"Migraci\u00f3n M\u00e9xico-Estados Unidos: Implicaciones y retos para ambos pa\u00edses"}]},{"@type":"WebSite","@id":"https:\/\/booksfrommexico.com\/#website","url":"https:\/\/booksfrommexico.com\/","name":"Books From Mexico","description":"","publisher":{"@id":"https:\/\/booksfrommexico.com\/#organization"},"potentialAction":[{"@type":"SearchAction","target":{"@type":"EntryPoint","urlTemplate":"https:\/\/booksfrommexico.com\/?s={search_term_string}"},"query-input":{"@type":"PropertyValueSpecification","valueRequired":true,"valueName":"search_term_string"}}],"inLanguage":"es"},{"@type":"Organization","@id":"https:\/\/booksfrommexico.com\/#organization","name":"Books From Mexico","url":"https:\/\/booksfrommexico.com\/","logo":{"@type":"ImageObject","inLanguage":"es","@id":"https:\/\/booksfrommexico.com\/#\/schema\/logo\/image\/","url":"https:\/\/booksfrommexico.com\/app\/uploads\/2023\/05\/logo-booksfrommexico.svg","contentUrl":"https:\/\/booksfrommexico.com\/app\/uploads\/2023\/05\/logo-booksfrommexico.svg","width":86,"height":56,"caption":"Books From Mexico"},"image":{"@id":"https:\/\/booksfrommexico.com\/#\/schema\/logo\/image\/"}}]}},"_links":{"self":[{"href":"https:\/\/booksfrommexico.com\/es\/wp-json\/wp\/v2\/product\/619","targetHints":{"allow":["GET"]}}],"collection":[{"href":"https:\/\/booksfrommexico.com\/es\/wp-json\/wp\/v2\/product"}],"about":[{"href":"https:\/\/booksfrommexico.com\/es\/wp-json\/wp\/v2\/types\/product"}],"wp:featuredmedia":[{"embeddable":true,"href":"https:\/\/booksfrommexico.com\/es\/wp-json\/wp\/v2\/media\/618"}],"wp:attachment":[{"href":"https:\/\/booksfrommexico.com\/es\/wp-json\/wp\/v2\/media?parent=619"}],"wp:term":[{"taxonomy":"product_brand","embeddable":true,"href":"https:\/\/booksfrommexico.com\/es\/wp-json\/wp\/v2\/product_brand?post=619"},{"taxonomy":"product_cat","embeddable":true,"href":"https:\/\/booksfrommexico.com\/es\/wp-json\/wp\/v2\/product_cat?post=619"},{"taxonomy":"product_tag","embeddable":true,"href":"https:\/\/booksfrommexico.com\/es\/wp-json\/wp\/v2\/product_tag?post=619"}],"curies":[{"name":"wp","href":"https:\/\/api.w.org\/{rel}","templated":true}]}}