{"id":621,"date":"2023-05-08T17:04:44","date_gmt":"2023-05-08T17:04:44","guid":{"rendered":"http:\/\/booksfrommexico.com\/product\/entre-la-memoria-y-la-justicia-experiencias-latinoamericanas-sobre-guerra-sucia-y-defensa-de-derechos-h\/"},"modified":"2024-07-19T20:27:03","modified_gmt":"2024-07-19T20:27:03","slug":"entre-la-memoria-y-la-justicia-experiencias-latinoamericanas-sobre-guerra-sucia-y-defensa-de-derechos-h","status":"publish","type":"product","link":"https:\/\/booksfrommexico.com\/es\/producto\/entre-la-memoria-y-la-justicia-experiencias-latinoamericanas-sobre-guerra-sucia-y-defensa-de-derechos-h\/","title":{"rendered":"Entre la memoria y la justicia: Experiencias latinoamericanas sobre guerra sucia y defensa de derechos humanos"},"content":{"rendered":"<p><span style=\"font-weight: 400;\">La construcci\u00f3n del futuro de las sociedades latinoamericanas tiene como imperativo el reconocimiento de los derechos m\u00e1s elementales de todos los latinoamericanos, entre ellos de la verdad y la justicia. El reclamo social sobre el esclarecimiento de los episodios que gen\u00e9ricamente se han conocido como\u00a0 \u201cGuerra sucia\u201d no ha logrado obtener una respuesta. Este t\u00edtulo es producto del di\u00e1logo entre acad\u00e9micos, funcionarios de diversas instituciones estatales de defensa de Derechos Humanos e impartici\u00f3n de justicia, as\u00ed como de miembros de las organizaciones sociales que han hecho de la materia motivo de sus acciones.\u00a0<\/span><\/p>\n<p><br style=\"font-weight: 400;\" \/><br style=\"font-weight: 400;\" \/><\/p>\n","protected":false},"excerpt":{"rendered":"<p>ENTRE LA MEMORIA Y LA JUSTICIA : EXPERIENCIAS LATINOAMERICANAS SOBRE GUERRA SUCIA Y DEFENSA DE DERECHOS HUMANOS<span style=\"font-weight: 400;\">. \/ Rub\u00e9n Ruiz Guerra (coordinator). M\u00e9xico, D.F. : Universidad Nacional Aut\u00f3noma de M\u00e9xico , Centro Coordinador y Difusor de Estudios Latinoamericanos, 2005. 257 pages : bibliographic references, bibliography ; 21 cm. ISBN : 9703229972.<\/span><\/p>\n","protected":false},"featured_media":620,"template":"","meta":{"_acf_changed":false,"inline_featured_image":false},"product_brand":[],"product_cat":[3334,3333],"product_tag":[3837,4108,4434],"class_list":{"0":"post-621","1":"product","2":"type-product","3":"status-publish","4":"has-post-thumbnail","6":"product_cat-derechos-humanos-y-asuntos-juridicos","7":"product_cat-leyes-y-asuntos-juridicos","8":"product_tag-derechos-humanos","9":"product_tag-estudios-latinoamericanos","10":"product_tag-movimientos-sociales","12":"first","13":"instock","14":"taxable","15":"shipping-taxable","16":"purchasable","17":"product-type-simple"},"acf":[],"yoast_head":"<!-- This site is optimized with the Yoast SEO plugin v27.2 - https:\/\/yoast.com\/product\/yoast-seo-wordpress\/ -->\n<title>Entre la memoria y la justicia: Experiencias latinoamericanas...<\/title>\n<meta name=\"description\" content=\"ENTRE LA MEMORIA Y LA JUSTICIA : EXPERIENCIAS LATINOAMERICANAS SOBRE GUERRA SUCIA Y DEFENSA DE DERECHOS HUMANOS. \/ Rub\u00e9n Ruiz Guerra (coordinator). 2005.\" \/>\n<meta name=\"robots\" content=\"index, follow, max-snippet:-1, max-image-preview:large, max-video-preview:-1\" \/>\n<link rel=\"canonical\" href=\"https:\/\/booksfrommexico.com\/es\/producto\/entre-la-memoria-y-la-justicia-experiencias-latinoamericanas-sobre-guerra-sucia-y-defensa-de-derechos-h\/\" \/>\n<meta property=\"og:locale\" content=\"es_ES\" \/>\n<meta property=\"og:type\" content=\"article\" \/>\n<meta property=\"og:title\" content=\"Entre la memoria y la justicia: Experiencias latinoamericanas...\" \/>\n<meta property=\"og:description\" content=\"ENTRE LA MEMORIA Y LA JUSTICIA : EXPERIENCIAS LATINOAMERICANAS SOBRE GUERRA SUCIA Y DEFENSA DE DERECHOS HUMANOS. \/ Rub\u00e9n Ruiz Guerra (coordinator). 2005.\" \/>\n<meta property=\"og:url\" content=\"https:\/\/booksfrommexico.com\/es\/producto\/entre-la-memoria-y-la-justicia-experiencias-latinoamericanas-sobre-guerra-sucia-y-defensa-de-derechos-h\/\" \/>\n<meta property=\"og:site_name\" content=\"Books From Mexico\" \/>\n<meta property=\"article:modified_time\" content=\"2024-07-19T20:27:03+00:00\" \/>\n<meta property=\"og:image\" content=\"http:\/\/booksfrommexico.com\/app\/uploads\/2023\/05\/131226.jpeg\" \/>\n\t<meta property=\"og:image:width\" content=\"394\" \/>\n\t<meta property=\"og:image:height\" content=\"608\" \/>\n\t<meta property=\"og:image:type\" content=\"image\/jpeg\" \/>\n<meta name=\"twitter:card\" content=\"summary_large_image\" \/>\n<meta name=\"twitter:label1\" content=\"Tiempo de lectura\" \/>\n\t<meta name=\"twitter:data1\" content=\"1 minuto\" \/>\n<script type=\"application\/ld+json\" class=\"yoast-schema-graph\">{\"@context\":\"https:\/\/schema.org\",\"@graph\":[{\"@type\":\"WebPage\",\"@id\":\"https:\/\/booksfrommexico.com\/es\/producto\/entre-la-memoria-y-la-justicia-experiencias-latinoamericanas-sobre-guerra-sucia-y-defensa-de-derechos-h\/\",\"url\":\"https:\/\/booksfrommexico.com\/es\/producto\/entre-la-memoria-y-la-justicia-experiencias-latinoamericanas-sobre-guerra-sucia-y-defensa-de-derechos-h\/\",\"name\":\"Entre la memoria y la justicia: Experiencias latinoamericanas...\",\"isPartOf\":{\"@id\":\"https:\/\/booksfrommexico.com\/#website\"},\"primaryImageOfPage\":{\"@id\":\"https:\/\/booksfrommexico.com\/es\/producto\/entre-la-memoria-y-la-justicia-experiencias-latinoamericanas-sobre-guerra-sucia-y-defensa-de-derechos-h\/#primaryimage\"},\"image\":{\"@id\":\"https:\/\/booksfrommexico.com\/es\/producto\/entre-la-memoria-y-la-justicia-experiencias-latinoamericanas-sobre-guerra-sucia-y-defensa-de-derechos-h\/#primaryimage\"},\"thumbnailUrl\":\"https:\/\/booksfrommexico.com\/app\/uploads\/2023\/05\/131226.jpeg\",\"datePublished\":\"2023-05-08T17:04:44+00:00\",\"dateModified\":\"2024-07-19T20:27:03+00:00\",\"description\":\"ENTRE LA MEMORIA Y LA JUSTICIA : EXPERIENCIAS LATINOAMERICANAS SOBRE GUERRA SUCIA Y DEFENSA DE DERECHOS HUMANOS. \/ Rub\u00e9n Ruiz Guerra (coordinator). 2005.\",\"breadcrumb\":{\"@id\":\"https:\/\/booksfrommexico.com\/es\/producto\/entre-la-memoria-y-la-justicia-experiencias-latinoamericanas-sobre-guerra-sucia-y-defensa-de-derechos-h\/#breadcrumb\"},\"inLanguage\":\"es\",\"potentialAction\":[{\"@type\":\"ReadAction\",\"target\":[\"https:\/\/booksfrommexico.com\/es\/producto\/entre-la-memoria-y-la-justicia-experiencias-latinoamericanas-sobre-guerra-sucia-y-defensa-de-derechos-h\/\"]}]},{\"@type\":\"ImageObject\",\"inLanguage\":\"es\",\"@id\":\"https:\/\/booksfrommexico.com\/es\/producto\/entre-la-memoria-y-la-justicia-experiencias-latinoamericanas-sobre-guerra-sucia-y-defensa-de-derechos-h\/#primaryimage\",\"url\":\"https:\/\/booksfrommexico.com\/app\/uploads\/2023\/05\/131226.jpeg\",\"contentUrl\":\"https:\/\/booksfrommexico.com\/app\/uploads\/2023\/05\/131226.jpeg\",\"width\":394,\"height\":608},{\"@type\":\"BreadcrumbList\",\"@id\":\"https:\/\/booksfrommexico.com\/es\/producto\/entre-la-memoria-y-la-justicia-experiencias-latinoamericanas-sobre-guerra-sucia-y-defensa-de-derechos-h\/#breadcrumb\",\"itemListElement\":[{\"@type\":\"ListItem\",\"position\":1,\"name\":\"Home\",\"item\":\"https:\/\/booksfrommexico.com\/es\/\"},{\"@type\":\"ListItem\",\"position\":2,\"name\":\"Libros\",\"item\":\"https:\/\/booksfrommexico.com\/es\/libros\/\"},{\"@type\":\"ListItem\",\"position\":3,\"name\":\"Entre la memoria y la justicia: Experiencias latinoamericanas sobre guerra sucia y defensa de derechos humanos\"}]},{\"@type\":\"WebSite\",\"@id\":\"https:\/\/booksfrommexico.com\/#website\",\"url\":\"https:\/\/booksfrommexico.com\/\",\"name\":\"Books From Mexico\",\"description\":\"\",\"publisher\":{\"@id\":\"https:\/\/booksfrommexico.com\/#organization\"},\"potentialAction\":[{\"@type\":\"SearchAction\",\"target\":{\"@type\":\"EntryPoint\",\"urlTemplate\":\"https:\/\/booksfrommexico.com\/?s={search_term_string}\"},\"query-input\":{\"@type\":\"PropertyValueSpecification\",\"valueRequired\":true,\"valueName\":\"search_term_string\"}}],\"inLanguage\":\"es\"},{\"@type\":\"Organization\",\"@id\":\"https:\/\/booksfrommexico.com\/#organization\",\"name\":\"Books From Mexico\",\"url\":\"https:\/\/booksfrommexico.com\/\",\"logo\":{\"@type\":\"ImageObject\",\"inLanguage\":\"es\",\"@id\":\"https:\/\/booksfrommexico.com\/#\/schema\/logo\/image\/\",\"url\":\"https:\/\/booksfrommexico.com\/app\/uploads\/2023\/05\/logo-booksfrommexico.svg\",\"contentUrl\":\"https:\/\/booksfrommexico.com\/app\/uploads\/2023\/05\/logo-booksfrommexico.svg\",\"width\":86,\"height\":56,\"caption\":\"Books From Mexico\"},\"image\":{\"@id\":\"https:\/\/booksfrommexico.com\/#\/schema\/logo\/image\/\"}}]}<\/script>\n<!-- \/ Yoast SEO plugin. -->","yoast_head_json":{"title":"Entre la memoria y la justicia: Experiencias latinoamericanas...","description":"ENTRE LA MEMORIA Y LA JUSTICIA : EXPERIENCIAS LATINOAMERICANAS SOBRE GUERRA SUCIA Y DEFENSA DE DERECHOS HUMANOS. \/ Rub\u00e9n Ruiz Guerra (coordinator). 2005.","robots":{"index":"index","follow":"follow","max-snippet":"max-snippet:-1","max-image-preview":"max-image-preview:large","max-video-preview":"max-video-preview:-1"},"canonical":"https:\/\/booksfrommexico.com\/es\/producto\/entre-la-memoria-y-la-justicia-experiencias-latinoamericanas-sobre-guerra-sucia-y-defensa-de-derechos-h\/","og_locale":"es_ES","og_type":"article","og_title":"Entre la memoria y la justicia: Experiencias latinoamericanas...","og_description":"ENTRE LA MEMORIA Y LA JUSTICIA : EXPERIENCIAS LATINOAMERICANAS SOBRE GUERRA SUCIA Y DEFENSA DE DERECHOS HUMANOS. \/ Rub\u00e9n Ruiz Guerra (coordinator). 2005.","og_url":"https:\/\/booksfrommexico.com\/es\/producto\/entre-la-memoria-y-la-justicia-experiencias-latinoamericanas-sobre-guerra-sucia-y-defensa-de-derechos-h\/","og_site_name":"Books From Mexico","article_modified_time":"2024-07-19T20:27:03+00:00","og_image":[{"width":394,"height":608,"url":"http:\/\/booksfrommexico.com\/app\/uploads\/2023\/05\/131226.jpeg","type":"image\/jpeg"}],"twitter_card":"summary_large_image","twitter_misc":{"Tiempo de lectura":"1 minuto"},"schema":{"@context":"https:\/\/schema.org","@graph":[{"@type":"WebPage","@id":"https:\/\/booksfrommexico.com\/es\/producto\/entre-la-memoria-y-la-justicia-experiencias-latinoamericanas-sobre-guerra-sucia-y-defensa-de-derechos-h\/","url":"https:\/\/booksfrommexico.com\/es\/producto\/entre-la-memoria-y-la-justicia-experiencias-latinoamericanas-sobre-guerra-sucia-y-defensa-de-derechos-h\/","name":"Entre la memoria y la justicia: Experiencias latinoamericanas...","isPartOf":{"@id":"https:\/\/booksfrommexico.com\/#website"},"primaryImageOfPage":{"@id":"https:\/\/booksfrommexico.com\/es\/producto\/entre-la-memoria-y-la-justicia-experiencias-latinoamericanas-sobre-guerra-sucia-y-defensa-de-derechos-h\/#primaryimage"},"image":{"@id":"https:\/\/booksfrommexico.com\/es\/producto\/entre-la-memoria-y-la-justicia-experiencias-latinoamericanas-sobre-guerra-sucia-y-defensa-de-derechos-h\/#primaryimage"},"thumbnailUrl":"https:\/\/booksfrommexico.com\/app\/uploads\/2023\/05\/131226.jpeg","datePublished":"2023-05-08T17:04:44+00:00","dateModified":"2024-07-19T20:27:03+00:00","description":"ENTRE LA MEMORIA Y LA JUSTICIA : EXPERIENCIAS LATINOAMERICANAS SOBRE GUERRA SUCIA Y DEFENSA DE DERECHOS HUMANOS. \/ Rub\u00e9n Ruiz Guerra (coordinator). 2005.","breadcrumb":{"@id":"https:\/\/booksfrommexico.com\/es\/producto\/entre-la-memoria-y-la-justicia-experiencias-latinoamericanas-sobre-guerra-sucia-y-defensa-de-derechos-h\/#breadcrumb"},"inLanguage":"es","potentialAction":[{"@type":"ReadAction","target":["https:\/\/booksfrommexico.com\/es\/producto\/entre-la-memoria-y-la-justicia-experiencias-latinoamericanas-sobre-guerra-sucia-y-defensa-de-derechos-h\/"]}]},{"@type":"ImageObject","inLanguage":"es","@id":"https:\/\/booksfrommexico.com\/es\/producto\/entre-la-memoria-y-la-justicia-experiencias-latinoamericanas-sobre-guerra-sucia-y-defensa-de-derechos-h\/#primaryimage","url":"https:\/\/booksfrommexico.com\/app\/uploads\/2023\/05\/131226.jpeg","contentUrl":"https:\/\/booksfrommexico.com\/app\/uploads\/2023\/05\/131226.jpeg","width":394,"height":608},{"@type":"BreadcrumbList","@id":"https:\/\/booksfrommexico.com\/es\/producto\/entre-la-memoria-y-la-justicia-experiencias-latinoamericanas-sobre-guerra-sucia-y-defensa-de-derechos-h\/#breadcrumb","itemListElement":[{"@type":"ListItem","position":1,"name":"Home","item":"https:\/\/booksfrommexico.com\/es\/"},{"@type":"ListItem","position":2,"name":"Libros","item":"https:\/\/booksfrommexico.com\/es\/libros\/"},{"@type":"ListItem","position":3,"name":"Entre la memoria y la justicia: Experiencias latinoamericanas sobre guerra sucia y defensa de derechos humanos"}]},{"@type":"WebSite","@id":"https:\/\/booksfrommexico.com\/#website","url":"https:\/\/booksfrommexico.com\/","name":"Books From Mexico","description":"","publisher":{"@id":"https:\/\/booksfrommexico.com\/#organization"},"potentialAction":[{"@type":"SearchAction","target":{"@type":"EntryPoint","urlTemplate":"https:\/\/booksfrommexico.com\/?s={search_term_string}"},"query-input":{"@type":"PropertyValueSpecification","valueRequired":true,"valueName":"search_term_string"}}],"inLanguage":"es"},{"@type":"Organization","@id":"https:\/\/booksfrommexico.com\/#organization","name":"Books From Mexico","url":"https:\/\/booksfrommexico.com\/","logo":{"@type":"ImageObject","inLanguage":"es","@id":"https:\/\/booksfrommexico.com\/#\/schema\/logo\/image\/","url":"https:\/\/booksfrommexico.com\/app\/uploads\/2023\/05\/logo-booksfrommexico.svg","contentUrl":"https:\/\/booksfrommexico.com\/app\/uploads\/2023\/05\/logo-booksfrommexico.svg","width":86,"height":56,"caption":"Books From Mexico"},"image":{"@id":"https:\/\/booksfrommexico.com\/#\/schema\/logo\/image\/"}}]}},"_links":{"self":[{"href":"https:\/\/booksfrommexico.com\/es\/wp-json\/wp\/v2\/product\/621","targetHints":{"allow":["GET"]}}],"collection":[{"href":"https:\/\/booksfrommexico.com\/es\/wp-json\/wp\/v2\/product"}],"about":[{"href":"https:\/\/booksfrommexico.com\/es\/wp-json\/wp\/v2\/types\/product"}],"wp:featuredmedia":[{"embeddable":true,"href":"https:\/\/booksfrommexico.com\/es\/wp-json\/wp\/v2\/media\/620"}],"wp:attachment":[{"href":"https:\/\/booksfrommexico.com\/es\/wp-json\/wp\/v2\/media?parent=621"}],"wp:term":[{"taxonomy":"product_brand","embeddable":true,"href":"https:\/\/booksfrommexico.com\/es\/wp-json\/wp\/v2\/product_brand?post=621"},{"taxonomy":"product_cat","embeddable":true,"href":"https:\/\/booksfrommexico.com\/es\/wp-json\/wp\/v2\/product_cat?post=621"},{"taxonomy":"product_tag","embeddable":true,"href":"https:\/\/booksfrommexico.com\/es\/wp-json\/wp\/v2\/product_tag?post=621"}],"curies":[{"name":"wp","href":"https:\/\/api.w.org\/{rel}","templated":true}]}}