{"id":6246,"date":"2024-05-15T20:24:24","date_gmt":"2024-05-15T20:24:24","guid":{"rendered":"https:\/\/booksfrommexico.com\/product\/hacia-un-desarrollo-sostenible-del-sistema-de-produccion-consumo-de-los-hongos-comestibles-y-medicinales-en-latinoamerica\/"},"modified":"2024-06-11T17:54:54","modified_gmt":"2024-06-11T17:54:54","slug":"hacia-un-desarrollo-sostenible-del-sistema-de-produccion-consumo-de-los-hongos-comestibles-y-medicinales-en-latinoamerica","status":"publish","type":"product","link":"https:\/\/booksfrommexico.com\/es\/producto\/hacia-un-desarrollo-sostenible-del-sistema-de-produccion-consumo-de-los-hongos-comestibles-y-medicinales-en-latinoamerica\/","title":{"rendered":"Hacia un desarrollo sostenible del sistema de producci\u00f3n-consumo de los hongos comestibles y medicinales en Latinoam\u00e9rica: Avances y perspectivas en el siglo XXI"},"content":{"rendered":"<p><span style=\"font-weight: 400;\">M\u00e9xico tiene una amplia diversidad de especies de hongos, particularmente en el Estado de Morelos, donde tambi\u00e9n existe una tradici\u00f3n ancestral por el consumo de hongos comestibles silvestres; esta diversidad f\u00fangica y cultural son la base para la conservaci\u00f3n de las zonas boscosas. En este t\u00edtulo se presenta una revis\u00f3n de las caracter\u00edsticas que le confieren a los hongos macrosc\u00f3picos un promisorio potencial como alimentos funcionales, as\u00ed como en la elaboraci\u00f3n de complementos alimenticios y la importancia de su desarrollo sostenible del sistema de producci\u00f3n-consumo . Esta se trata adem\u00e1s de una edici\u00f3n biling\u00fce ingl\u00e9s-espa\u00f1ol. <\/span><\/p>\n","protected":false},"excerpt":{"rendered":"<p>HACIA UN DESARROLLO SOSTENIBLE DEL SISTEMA DE PRODUCCI\u00d3N-CONSUMO DE LOS HONGOS COMESTIBLES Y MEDICINALES EN LATINOAM\u00c9RICA : AVANCES Y PERSPECTIVAS EN EL SIGLO XXI<span style=\"font-weight: 400;\">. \/ D. Mart\u00ednez-Carrera, N. Curvetto, M. Sobal, P. Morales, V.M. Ciudad de M\u00e9xico, M\u00e9xico : Consejo Nacional de Humanidades, Ciencias y Tecnolog\u00edas ; Academia Mexicana de Ciencias ; Estado de M\u00e9xico, M\u00e9xico : Red Latinoamericana de Hongos Comestibles y Medicinales , Producci\u00f3n, Desarrollo y Consumo ; Colegio de Postgraduados ; Morelos, M\u00e9xico : Universidad Aut\u00f3noma del Estado de Morelos ; Puebla, M\u00e9xico : Universidad Popular Aut\u00f3noma del Estado de Puebla ; Argentina : Centro de Recursos Naturales Renovables de la Zona Semi\u00e1rida , Consejo Nacional de Investigaciones Cient\u00edficas y T\u00e9cnicas, 2010. 648 pages : includes color photos, maps, tables, graphics, bibliography at the end of each chapter, subject index, name index ; 23 cm. ISBN : 9709752014.<\/span><\/p>\n","protected":false},"featured_media":6278,"template":"","meta":{"_acf_changed":false,"inline_featured_image":false},"product_brand":[],"product_cat":[481,1045],"product_tag":[4075,4382,3940,4129],"class_list":{"0":"post-6246","1":"product","2":"type-product","3":"status-publish","4":"has-post-thumbnail","6":"product_cat-agricultura-y-ganaderia","7":"product_cat-medicina-tradicional","8":"product_tag-ecologia","9":"product_tag-edicion-bilingue","10":"product_tag-medicina-tradicional","11":"product_tag-medio-anbiente","13":"first","14":"instock","15":"taxable","16":"shipping-taxable","17":"purchasable","18":"product-type-simple"},"acf":[],"yoast_head":"<!-- This site is optimized with the Yoast SEO plugin v27.3 - https:\/\/yoast.com\/product\/yoast-seo-wordpress\/ -->\n<title>Hacia un desarrollo sostenible del sistema producci\u00f3n-consumo...<\/title>\n<meta name=\"description\" content=\"HACIA UN DESARROLLO SOSTENIBLE DEL SISTEMA DE PRODUCCI\u00d3N-CONSUMO DE LOS HONGOS COMESTIBLES Y MEDICINALES EN LATINOAM\u00c9RICA : AVANCES Y PERSPECTIVAS EN EL..\" \/>\n<meta name=\"robots\" content=\"index, follow, max-snippet:-1, max-image-preview:large, max-video-preview:-1\" \/>\n<link rel=\"canonical\" href=\"https:\/\/booksfrommexico.com\/es\/producto\/hacia-un-desarrollo-sostenible-del-sistema-de-produccion-consumo-de-los-hongos-comestibles-y-medicinales-en-latinoamerica\/\" \/>\n<meta property=\"og:locale\" content=\"es_ES\" \/>\n<meta property=\"og:type\" content=\"article\" \/>\n<meta property=\"og:title\" content=\"Hacia un desarrollo sostenible del sistema producci\u00f3n-consumo...\" \/>\n<meta property=\"og:description\" content=\"HACIA UN DESARROLLO SOSTENIBLE DEL SISTEMA DE PRODUCCI\u00d3N-CONSUMO DE LOS HONGOS COMESTIBLES Y MEDICINALES EN LATINOAM\u00c9RICA : AVANCES Y PERSPECTIVAS EN EL..\" \/>\n<meta property=\"og:url\" content=\"https:\/\/booksfrommexico.com\/es\/producto\/hacia-un-desarrollo-sostenible-del-sistema-de-produccion-consumo-de-los-hongos-comestibles-y-medicinales-en-latinoamerica\/\" \/>\n<meta property=\"og:site_name\" content=\"Books From Mexico\" \/>\n<meta property=\"article:modified_time\" content=\"2024-06-11T17:54:54+00:00\" \/>\n<meta property=\"og:image\" content=\"http:\/\/booksfrommexico.com\/app\/uploads\/2024\/05\/167617.jpeg\" \/>\n\t<meta property=\"og:image:width\" content=\"431\" \/>\n\t<meta property=\"og:image:height\" content=\"660\" \/>\n\t<meta property=\"og:image:type\" content=\"image\/jpeg\" \/>\n<meta name=\"twitter:card\" content=\"summary_large_image\" \/>\n<meta name=\"twitter:label1\" content=\"Tiempo de lectura\" \/>\n\t<meta name=\"twitter:data1\" content=\"1 minuto\" \/>\n<script type=\"application\/ld+json\" class=\"yoast-schema-graph\">{\"@context\":\"https:\\\/\\\/schema.org\",\"@graph\":[{\"@type\":\"WebPage\",\"@id\":\"https:\\\/\\\/booksfrommexico.com\\\/es\\\/producto\\\/hacia-un-desarrollo-sostenible-del-sistema-de-produccion-consumo-de-los-hongos-comestibles-y-medicinales-en-latinoamerica\\\/\",\"url\":\"https:\\\/\\\/booksfrommexico.com\\\/es\\\/producto\\\/hacia-un-desarrollo-sostenible-del-sistema-de-produccion-consumo-de-los-hongos-comestibles-y-medicinales-en-latinoamerica\\\/\",\"name\":\"Hacia un desarrollo sostenible del sistema producci\u00f3n-consumo...\",\"isPartOf\":{\"@id\":\"https:\\\/\\\/booksfrommexico.com\\\/#website\"},\"primaryImageOfPage\":{\"@id\":\"https:\\\/\\\/booksfrommexico.com\\\/es\\\/producto\\\/hacia-un-desarrollo-sostenible-del-sistema-de-produccion-consumo-de-los-hongos-comestibles-y-medicinales-en-latinoamerica\\\/#primaryimage\"},\"image\":{\"@id\":\"https:\\\/\\\/booksfrommexico.com\\\/es\\\/producto\\\/hacia-un-desarrollo-sostenible-del-sistema-de-produccion-consumo-de-los-hongos-comestibles-y-medicinales-en-latinoamerica\\\/#primaryimage\"},\"thumbnailUrl\":\"https:\\\/\\\/booksfrommexico.com\\\/app\\\/uploads\\\/2024\\\/05\\\/167617.jpeg\",\"datePublished\":\"2024-05-15T20:24:24+00:00\",\"dateModified\":\"2024-06-11T17:54:54+00:00\",\"description\":\"HACIA UN DESARROLLO SOSTENIBLE DEL SISTEMA DE PRODUCCI\u00d3N-CONSUMO DE LOS HONGOS COMESTIBLES Y MEDICINALES EN LATINOAM\u00c9RICA : AVANCES Y PERSPECTIVAS EN EL..\",\"breadcrumb\":{\"@id\":\"https:\\\/\\\/booksfrommexico.com\\\/es\\\/producto\\\/hacia-un-desarrollo-sostenible-del-sistema-de-produccion-consumo-de-los-hongos-comestibles-y-medicinales-en-latinoamerica\\\/#breadcrumb\"},\"inLanguage\":\"es\",\"potentialAction\":[{\"@type\":\"ReadAction\",\"target\":[\"https:\\\/\\\/booksfrommexico.com\\\/es\\\/producto\\\/hacia-un-desarrollo-sostenible-del-sistema-de-produccion-consumo-de-los-hongos-comestibles-y-medicinales-en-latinoamerica\\\/\"]}]},{\"@type\":\"ImageObject\",\"inLanguage\":\"es\",\"@id\":\"https:\\\/\\\/booksfrommexico.com\\\/es\\\/producto\\\/hacia-un-desarrollo-sostenible-del-sistema-de-produccion-consumo-de-los-hongos-comestibles-y-medicinales-en-latinoamerica\\\/#primaryimage\",\"url\":\"https:\\\/\\\/booksfrommexico.com\\\/app\\\/uploads\\\/2024\\\/05\\\/167617.jpeg\",\"contentUrl\":\"https:\\\/\\\/booksfrommexico.com\\\/app\\\/uploads\\\/2024\\\/05\\\/167617.jpeg\",\"width\":431,\"height\":660,\"caption\":\"Hacia un desarrollo sostenible del sistema de producci\u00f3n-consumo de los hongos comestibles y medicinales en Latinoam\u00e9rica\"},{\"@type\":\"BreadcrumbList\",\"@id\":\"https:\\\/\\\/booksfrommexico.com\\\/es\\\/producto\\\/hacia-un-desarrollo-sostenible-del-sistema-de-produccion-consumo-de-los-hongos-comestibles-y-medicinales-en-latinoamerica\\\/#breadcrumb\",\"itemListElement\":[{\"@type\":\"ListItem\",\"position\":1,\"name\":\"Home\",\"item\":\"https:\\\/\\\/booksfrommexico.com\\\/es\\\/\"},{\"@type\":\"ListItem\",\"position\":2,\"name\":\"Libros\",\"item\":\"https:\\\/\\\/booksfrommexico.com\\\/es\\\/libros\\\/\"},{\"@type\":\"ListItem\",\"position\":3,\"name\":\"Hacia un desarrollo sostenible del sistema de producci\u00f3n-consumo de los hongos comestibles y medicinales en Latinoam\u00e9rica: Avances y perspectivas en el siglo XXI\"}]},{\"@type\":\"WebSite\",\"@id\":\"https:\\\/\\\/booksfrommexico.com\\\/#website\",\"url\":\"https:\\\/\\\/booksfrommexico.com\\\/\",\"name\":\"Books From Mexico\",\"description\":\"\",\"publisher\":{\"@id\":\"https:\\\/\\\/booksfrommexico.com\\\/#organization\"},\"potentialAction\":[{\"@type\":\"SearchAction\",\"target\":{\"@type\":\"EntryPoint\",\"urlTemplate\":\"https:\\\/\\\/booksfrommexico.com\\\/?s={search_term_string}\"},\"query-input\":{\"@type\":\"PropertyValueSpecification\",\"valueRequired\":true,\"valueName\":\"search_term_string\"}}],\"inLanguage\":\"es\"},{\"@type\":\"Organization\",\"@id\":\"https:\\\/\\\/booksfrommexico.com\\\/#organization\",\"name\":\"Books From Mexico\",\"url\":\"https:\\\/\\\/booksfrommexico.com\\\/\",\"logo\":{\"@type\":\"ImageObject\",\"inLanguage\":\"es\",\"@id\":\"https:\\\/\\\/booksfrommexico.com\\\/#\\\/schema\\\/logo\\\/image\\\/\",\"url\":\"https:\\\/\\\/booksfrommexico.com\\\/app\\\/uploads\\\/2023\\\/05\\\/logo-booksfrommexico.svg\",\"contentUrl\":\"https:\\\/\\\/booksfrommexico.com\\\/app\\\/uploads\\\/2023\\\/05\\\/logo-booksfrommexico.svg\",\"width\":86,\"height\":56,\"caption\":\"Books From Mexico\"},\"image\":{\"@id\":\"https:\\\/\\\/booksfrommexico.com\\\/#\\\/schema\\\/logo\\\/image\\\/\"}}]}<\/script>\n<!-- \/ Yoast SEO plugin. -->","yoast_head_json":{"title":"Hacia un desarrollo sostenible del sistema producci\u00f3n-consumo...","description":"HACIA UN DESARROLLO SOSTENIBLE DEL SISTEMA DE PRODUCCI\u00d3N-CONSUMO DE LOS HONGOS COMESTIBLES Y MEDICINALES EN LATINOAM\u00c9RICA : AVANCES Y PERSPECTIVAS EN EL..","robots":{"index":"index","follow":"follow","max-snippet":"max-snippet:-1","max-image-preview":"max-image-preview:large","max-video-preview":"max-video-preview:-1"},"canonical":"https:\/\/booksfrommexico.com\/es\/producto\/hacia-un-desarrollo-sostenible-del-sistema-de-produccion-consumo-de-los-hongos-comestibles-y-medicinales-en-latinoamerica\/","og_locale":"es_ES","og_type":"article","og_title":"Hacia un desarrollo sostenible del sistema producci\u00f3n-consumo...","og_description":"HACIA UN DESARROLLO SOSTENIBLE DEL SISTEMA DE PRODUCCI\u00d3N-CONSUMO DE LOS HONGOS COMESTIBLES Y MEDICINALES EN LATINOAM\u00c9RICA : AVANCES Y PERSPECTIVAS EN EL..","og_url":"https:\/\/booksfrommexico.com\/es\/producto\/hacia-un-desarrollo-sostenible-del-sistema-de-produccion-consumo-de-los-hongos-comestibles-y-medicinales-en-latinoamerica\/","og_site_name":"Books From Mexico","article_modified_time":"2024-06-11T17:54:54+00:00","og_image":[{"width":431,"height":660,"url":"http:\/\/booksfrommexico.com\/app\/uploads\/2024\/05\/167617.jpeg","type":"image\/jpeg"}],"twitter_card":"summary_large_image","twitter_misc":{"Tiempo de lectura":"1 minuto"},"schema":{"@context":"https:\/\/schema.org","@graph":[{"@type":"WebPage","@id":"https:\/\/booksfrommexico.com\/es\/producto\/hacia-un-desarrollo-sostenible-del-sistema-de-produccion-consumo-de-los-hongos-comestibles-y-medicinales-en-latinoamerica\/","url":"https:\/\/booksfrommexico.com\/es\/producto\/hacia-un-desarrollo-sostenible-del-sistema-de-produccion-consumo-de-los-hongos-comestibles-y-medicinales-en-latinoamerica\/","name":"Hacia un desarrollo sostenible del sistema producci\u00f3n-consumo...","isPartOf":{"@id":"https:\/\/booksfrommexico.com\/#website"},"primaryImageOfPage":{"@id":"https:\/\/booksfrommexico.com\/es\/producto\/hacia-un-desarrollo-sostenible-del-sistema-de-produccion-consumo-de-los-hongos-comestibles-y-medicinales-en-latinoamerica\/#primaryimage"},"image":{"@id":"https:\/\/booksfrommexico.com\/es\/producto\/hacia-un-desarrollo-sostenible-del-sistema-de-produccion-consumo-de-los-hongos-comestibles-y-medicinales-en-latinoamerica\/#primaryimage"},"thumbnailUrl":"https:\/\/booksfrommexico.com\/app\/uploads\/2024\/05\/167617.jpeg","datePublished":"2024-05-15T20:24:24+00:00","dateModified":"2024-06-11T17:54:54+00:00","description":"HACIA UN DESARROLLO SOSTENIBLE DEL SISTEMA DE PRODUCCI\u00d3N-CONSUMO DE LOS HONGOS COMESTIBLES Y MEDICINALES EN LATINOAM\u00c9RICA : AVANCES Y PERSPECTIVAS EN EL..","breadcrumb":{"@id":"https:\/\/booksfrommexico.com\/es\/producto\/hacia-un-desarrollo-sostenible-del-sistema-de-produccion-consumo-de-los-hongos-comestibles-y-medicinales-en-latinoamerica\/#breadcrumb"},"inLanguage":"es","potentialAction":[{"@type":"ReadAction","target":["https:\/\/booksfrommexico.com\/es\/producto\/hacia-un-desarrollo-sostenible-del-sistema-de-produccion-consumo-de-los-hongos-comestibles-y-medicinales-en-latinoamerica\/"]}]},{"@type":"ImageObject","inLanguage":"es","@id":"https:\/\/booksfrommexico.com\/es\/producto\/hacia-un-desarrollo-sostenible-del-sistema-de-produccion-consumo-de-los-hongos-comestibles-y-medicinales-en-latinoamerica\/#primaryimage","url":"https:\/\/booksfrommexico.com\/app\/uploads\/2024\/05\/167617.jpeg","contentUrl":"https:\/\/booksfrommexico.com\/app\/uploads\/2024\/05\/167617.jpeg","width":431,"height":660,"caption":"Hacia un desarrollo sostenible del sistema de producci\u00f3n-consumo de los hongos comestibles y medicinales en Latinoam\u00e9rica"},{"@type":"BreadcrumbList","@id":"https:\/\/booksfrommexico.com\/es\/producto\/hacia-un-desarrollo-sostenible-del-sistema-de-produccion-consumo-de-los-hongos-comestibles-y-medicinales-en-latinoamerica\/#breadcrumb","itemListElement":[{"@type":"ListItem","position":1,"name":"Home","item":"https:\/\/booksfrommexico.com\/es\/"},{"@type":"ListItem","position":2,"name":"Libros","item":"https:\/\/booksfrommexico.com\/es\/libros\/"},{"@type":"ListItem","position":3,"name":"Hacia un desarrollo sostenible del sistema de producci\u00f3n-consumo de los hongos comestibles y medicinales en Latinoam\u00e9rica: Avances y perspectivas en el siglo XXI"}]},{"@type":"WebSite","@id":"https:\/\/booksfrommexico.com\/#website","url":"https:\/\/booksfrommexico.com\/","name":"Books From Mexico","description":"","publisher":{"@id":"https:\/\/booksfrommexico.com\/#organization"},"potentialAction":[{"@type":"SearchAction","target":{"@type":"EntryPoint","urlTemplate":"https:\/\/booksfrommexico.com\/?s={search_term_string}"},"query-input":{"@type":"PropertyValueSpecification","valueRequired":true,"valueName":"search_term_string"}}],"inLanguage":"es"},{"@type":"Organization","@id":"https:\/\/booksfrommexico.com\/#organization","name":"Books From Mexico","url":"https:\/\/booksfrommexico.com\/","logo":{"@type":"ImageObject","inLanguage":"es","@id":"https:\/\/booksfrommexico.com\/#\/schema\/logo\/image\/","url":"https:\/\/booksfrommexico.com\/app\/uploads\/2023\/05\/logo-booksfrommexico.svg","contentUrl":"https:\/\/booksfrommexico.com\/app\/uploads\/2023\/05\/logo-booksfrommexico.svg","width":86,"height":56,"caption":"Books From Mexico"},"image":{"@id":"https:\/\/booksfrommexico.com\/#\/schema\/logo\/image\/"}}]}},"_links":{"self":[{"href":"https:\/\/booksfrommexico.com\/es\/wp-json\/wp\/v2\/product\/6246","targetHints":{"allow":["GET"]}}],"collection":[{"href":"https:\/\/booksfrommexico.com\/es\/wp-json\/wp\/v2\/product"}],"about":[{"href":"https:\/\/booksfrommexico.com\/es\/wp-json\/wp\/v2\/types\/product"}],"wp:featuredmedia":[{"embeddable":true,"href":"https:\/\/booksfrommexico.com\/es\/wp-json\/wp\/v2\/media\/6278"}],"wp:attachment":[{"href":"https:\/\/booksfrommexico.com\/es\/wp-json\/wp\/v2\/media?parent=6246"}],"wp:term":[{"taxonomy":"product_brand","embeddable":true,"href":"https:\/\/booksfrommexico.com\/es\/wp-json\/wp\/v2\/product_brand?post=6246"},{"taxonomy":"product_cat","embeddable":true,"href":"https:\/\/booksfrommexico.com\/es\/wp-json\/wp\/v2\/product_cat?post=6246"},{"taxonomy":"product_tag","embeddable":true,"href":"https:\/\/booksfrommexico.com\/es\/wp-json\/wp\/v2\/product_tag?post=6246"}],"curies":[{"name":"wp","href":"https:\/\/api.w.org\/{rel}","templated":true}]}}