{"id":6248,"date":"2024-05-15T20:24:25","date_gmt":"2024-05-15T20:24:25","guid":{"rendered":"https:\/\/booksfrommexico.com\/product\/el-ensayo-en-dialogo\/"},"modified":"2024-06-11T18:30:57","modified_gmt":"2024-06-11T18:30:57","slug":"el-ensayo-en-dialogo","status":"publish","type":"product","link":"https:\/\/booksfrommexico.com\/es\/producto\/el-ensayo-en-dialogo\/","title":{"rendered":"El ensayo en di\u00e1logo II"},"content":{"rendered":"<p><span style=\"font-weight: 400;\">El prop\u00f3sito principal de esta obra es presentar el ensayo en di\u00e1logo al tiempo que propicia un di\u00e1logo sobre el ensayo, consistiendo esta din\u00e1mica en atender no s\u00f3lo al texto en s\u00ed \u2015en su especificidad, opacidad e intransitividad\u2015, sino tambi\u00e9n al texto en di\u00e1logo con el mundo. Estos ensayos se desenvuelven en torno a varios temas divididos en 3 secciones: <\/span><i><span style=\"font-weight: 400;\">Ensayo y mundo editorial, Ensayo y sociabilidad intelectual <\/span><\/i><span style=\"font-weight: 400;\">y <\/span><i><span style=\"font-weight: 400;\">Alfonso Reyes. <\/span><\/i><span style=\"font-weight: 400;\">Estos ensayos, escritos por 17 autores, mantienen el inter\u00e9s de propiciar una lectura del g\u00e9nero de ensayo, a la vez que buscan atender el v\u00ednculo de los textos con las condiciones hist\u00f3ricas y sociales de producci\u00f3n.<\/span><\/p>\n","protected":false},"excerpt":{"rendered":"<p>EL ENSAYO EN DI\u00c1LOGO II<span style=\"font-weight: 400;\">. \/ Liliana Weinberg (coordinator). Ciudad de M\u00e9xico, M\u00e9xico : Universidad Nacional Aut\u00f3noma de M\u00e9xico , Centro de Investigaciones sobre Am\u00e9rica Latina y el Caribe, 2017. 472 pages : includes photos, tables, references, semblances, bibliography at the end of each chapter ; 21 cm. (Colecci\u00f3n Literatura y Ensayo en Am\u00e9rica Latina y el Caribe). ISBN 9786070295645 (volumen) ; 9703235816 (collection).<\/span><\/p>\n","protected":false},"featured_media":6289,"template":"","meta":{"_acf_changed":false,"inline_featured_image":false},"product_brand":[],"product_cat":[26,25],"product_tag":[4387,3855],"class_list":{"0":"post-6248","1":"product","2":"type-product","3":"status-publish","4":"has-post-thumbnail","6":"product_cat-ensayo-literatura","7":"product_cat-literatura","8":"product_tag-debate","9":"product_tag-ensayos","11":"first","12":"instock","13":"taxable","14":"shipping-taxable","15":"purchasable","16":"product-type-simple"},"acf":[],"yoast_head":"<!-- This site is optimized with the Yoast SEO plugin v27.3 - https:\/\/yoast.com\/product\/yoast-seo-wordpress\/ -->\n<title>El ensayo en di\u00e1logo II<\/title>\n<meta name=\"description\" content=\"EL ENSAYO EN DI\u00c1LOGO II. \/ Liliana Weinberg (coordinator). UNAM , Centro de Investigaciones sobre Am\u00e9rica Latina y el Caribe, 2017.\" \/>\n<meta name=\"robots\" content=\"index, follow, max-snippet:-1, max-image-preview:large, max-video-preview:-1\" \/>\n<link rel=\"canonical\" href=\"https:\/\/booksfrommexico.com\/es\/producto\/el-ensayo-en-dialogo\/\" \/>\n<meta property=\"og:locale\" content=\"es_ES\" \/>\n<meta property=\"og:type\" content=\"article\" \/>\n<meta property=\"og:title\" content=\"El ensayo en di\u00e1logo II\" \/>\n<meta property=\"og:description\" content=\"EL ENSAYO EN DI\u00c1LOGO II. \/ Liliana Weinberg (coordinator). UNAM , Centro de Investigaciones sobre Am\u00e9rica Latina y el Caribe, 2017.\" \/>\n<meta property=\"og:url\" content=\"https:\/\/booksfrommexico.com\/es\/producto\/el-ensayo-en-dialogo\/\" \/>\n<meta property=\"og:site_name\" content=\"Books From Mexico\" \/>\n<meta property=\"article:modified_time\" content=\"2024-06-11T18:30:57+00:00\" \/>\n<meta property=\"og:image\" content=\"http:\/\/booksfrommexico.com\/app\/uploads\/2024\/05\/183485.jpg\" \/>\n\t<meta property=\"og:image:width\" content=\"538\" \/>\n\t<meta property=\"og:image:height\" content=\"821\" \/>\n\t<meta property=\"og:image:type\" content=\"image\/jpeg\" \/>\n<meta name=\"twitter:card\" content=\"summary_large_image\" \/>\n<meta name=\"twitter:label1\" content=\"Tiempo de lectura\" \/>\n\t<meta name=\"twitter:data1\" content=\"1 minuto\" \/>\n<script type=\"application\/ld+json\" class=\"yoast-schema-graph\">{\"@context\":\"https:\\\/\\\/schema.org\",\"@graph\":[{\"@type\":\"WebPage\",\"@id\":\"https:\\\/\\\/booksfrommexico.com\\\/es\\\/producto\\\/el-ensayo-en-dialogo\\\/\",\"url\":\"https:\\\/\\\/booksfrommexico.com\\\/es\\\/producto\\\/el-ensayo-en-dialogo\\\/\",\"name\":\"El ensayo en di\u00e1logo II\",\"isPartOf\":{\"@id\":\"https:\\\/\\\/booksfrommexico.com\\\/#website\"},\"primaryImageOfPage\":{\"@id\":\"https:\\\/\\\/booksfrommexico.com\\\/es\\\/producto\\\/el-ensayo-en-dialogo\\\/#primaryimage\"},\"image\":{\"@id\":\"https:\\\/\\\/booksfrommexico.com\\\/es\\\/producto\\\/el-ensayo-en-dialogo\\\/#primaryimage\"},\"thumbnailUrl\":\"https:\\\/\\\/booksfrommexico.com\\\/app\\\/uploads\\\/2024\\\/05\\\/183485.jpg\",\"datePublished\":\"2024-05-15T20:24:25+00:00\",\"dateModified\":\"2024-06-11T18:30:57+00:00\",\"description\":\"EL ENSAYO EN DI\u00c1LOGO II. \\\/ Liliana Weinberg (coordinator). UNAM , Centro de Investigaciones sobre Am\u00e9rica Latina y el Caribe, 2017.\",\"breadcrumb\":{\"@id\":\"https:\\\/\\\/booksfrommexico.com\\\/es\\\/producto\\\/el-ensayo-en-dialogo\\\/#breadcrumb\"},\"inLanguage\":\"es\",\"potentialAction\":[{\"@type\":\"ReadAction\",\"target\":[\"https:\\\/\\\/booksfrommexico.com\\\/es\\\/producto\\\/el-ensayo-en-dialogo\\\/\"]}]},{\"@type\":\"ImageObject\",\"inLanguage\":\"es\",\"@id\":\"https:\\\/\\\/booksfrommexico.com\\\/es\\\/producto\\\/el-ensayo-en-dialogo\\\/#primaryimage\",\"url\":\"https:\\\/\\\/booksfrommexico.com\\\/app\\\/uploads\\\/2024\\\/05\\\/183485.jpg\",\"contentUrl\":\"https:\\\/\\\/booksfrommexico.com\\\/app\\\/uploads\\\/2024\\\/05\\\/183485.jpg\",\"width\":538,\"height\":821,\"caption\":\"El ensayo en di\u00e1logo\"},{\"@type\":\"BreadcrumbList\",\"@id\":\"https:\\\/\\\/booksfrommexico.com\\\/es\\\/producto\\\/el-ensayo-en-dialogo\\\/#breadcrumb\",\"itemListElement\":[{\"@type\":\"ListItem\",\"position\":1,\"name\":\"Home\",\"item\":\"https:\\\/\\\/booksfrommexico.com\\\/es\\\/\"},{\"@type\":\"ListItem\",\"position\":2,\"name\":\"Libros\",\"item\":\"https:\\\/\\\/booksfrommexico.com\\\/es\\\/libros\\\/\"},{\"@type\":\"ListItem\",\"position\":3,\"name\":\"El ensayo en di\u00e1logo II\"}]},{\"@type\":\"WebSite\",\"@id\":\"https:\\\/\\\/booksfrommexico.com\\\/#website\",\"url\":\"https:\\\/\\\/booksfrommexico.com\\\/\",\"name\":\"Books From Mexico\",\"description\":\"\",\"publisher\":{\"@id\":\"https:\\\/\\\/booksfrommexico.com\\\/#organization\"},\"potentialAction\":[{\"@type\":\"SearchAction\",\"target\":{\"@type\":\"EntryPoint\",\"urlTemplate\":\"https:\\\/\\\/booksfrommexico.com\\\/?s={search_term_string}\"},\"query-input\":{\"@type\":\"PropertyValueSpecification\",\"valueRequired\":true,\"valueName\":\"search_term_string\"}}],\"inLanguage\":\"es\"},{\"@type\":\"Organization\",\"@id\":\"https:\\\/\\\/booksfrommexico.com\\\/#organization\",\"name\":\"Books From Mexico\",\"url\":\"https:\\\/\\\/booksfrommexico.com\\\/\",\"logo\":{\"@type\":\"ImageObject\",\"inLanguage\":\"es\",\"@id\":\"https:\\\/\\\/booksfrommexico.com\\\/#\\\/schema\\\/logo\\\/image\\\/\",\"url\":\"https:\\\/\\\/booksfrommexico.com\\\/app\\\/uploads\\\/2023\\\/05\\\/logo-booksfrommexico.svg\",\"contentUrl\":\"https:\\\/\\\/booksfrommexico.com\\\/app\\\/uploads\\\/2023\\\/05\\\/logo-booksfrommexico.svg\",\"width\":86,\"height\":56,\"caption\":\"Books From Mexico\"},\"image\":{\"@id\":\"https:\\\/\\\/booksfrommexico.com\\\/#\\\/schema\\\/logo\\\/image\\\/\"}}]}<\/script>\n<!-- \/ Yoast SEO plugin. -->","yoast_head_json":{"title":"El ensayo en di\u00e1logo II","description":"EL ENSAYO EN DI\u00c1LOGO II. \/ Liliana Weinberg (coordinator). UNAM , Centro de Investigaciones sobre Am\u00e9rica Latina y el Caribe, 2017.","robots":{"index":"index","follow":"follow","max-snippet":"max-snippet:-1","max-image-preview":"max-image-preview:large","max-video-preview":"max-video-preview:-1"},"canonical":"https:\/\/booksfrommexico.com\/es\/producto\/el-ensayo-en-dialogo\/","og_locale":"es_ES","og_type":"article","og_title":"El ensayo en di\u00e1logo II","og_description":"EL ENSAYO EN DI\u00c1LOGO II. \/ Liliana Weinberg (coordinator). UNAM , Centro de Investigaciones sobre Am\u00e9rica Latina y el Caribe, 2017.","og_url":"https:\/\/booksfrommexico.com\/es\/producto\/el-ensayo-en-dialogo\/","og_site_name":"Books From Mexico","article_modified_time":"2024-06-11T18:30:57+00:00","og_image":[{"width":538,"height":821,"url":"http:\/\/booksfrommexico.com\/app\/uploads\/2024\/05\/183485.jpg","type":"image\/jpeg"}],"twitter_card":"summary_large_image","twitter_misc":{"Tiempo de lectura":"1 minuto"},"schema":{"@context":"https:\/\/schema.org","@graph":[{"@type":"WebPage","@id":"https:\/\/booksfrommexico.com\/es\/producto\/el-ensayo-en-dialogo\/","url":"https:\/\/booksfrommexico.com\/es\/producto\/el-ensayo-en-dialogo\/","name":"El ensayo en di\u00e1logo II","isPartOf":{"@id":"https:\/\/booksfrommexico.com\/#website"},"primaryImageOfPage":{"@id":"https:\/\/booksfrommexico.com\/es\/producto\/el-ensayo-en-dialogo\/#primaryimage"},"image":{"@id":"https:\/\/booksfrommexico.com\/es\/producto\/el-ensayo-en-dialogo\/#primaryimage"},"thumbnailUrl":"https:\/\/booksfrommexico.com\/app\/uploads\/2024\/05\/183485.jpg","datePublished":"2024-05-15T20:24:25+00:00","dateModified":"2024-06-11T18:30:57+00:00","description":"EL ENSAYO EN DI\u00c1LOGO II. \/ Liliana Weinberg (coordinator). UNAM , Centro de Investigaciones sobre Am\u00e9rica Latina y el Caribe, 2017.","breadcrumb":{"@id":"https:\/\/booksfrommexico.com\/es\/producto\/el-ensayo-en-dialogo\/#breadcrumb"},"inLanguage":"es","potentialAction":[{"@type":"ReadAction","target":["https:\/\/booksfrommexico.com\/es\/producto\/el-ensayo-en-dialogo\/"]}]},{"@type":"ImageObject","inLanguage":"es","@id":"https:\/\/booksfrommexico.com\/es\/producto\/el-ensayo-en-dialogo\/#primaryimage","url":"https:\/\/booksfrommexico.com\/app\/uploads\/2024\/05\/183485.jpg","contentUrl":"https:\/\/booksfrommexico.com\/app\/uploads\/2024\/05\/183485.jpg","width":538,"height":821,"caption":"El ensayo en di\u00e1logo"},{"@type":"BreadcrumbList","@id":"https:\/\/booksfrommexico.com\/es\/producto\/el-ensayo-en-dialogo\/#breadcrumb","itemListElement":[{"@type":"ListItem","position":1,"name":"Home","item":"https:\/\/booksfrommexico.com\/es\/"},{"@type":"ListItem","position":2,"name":"Libros","item":"https:\/\/booksfrommexico.com\/es\/libros\/"},{"@type":"ListItem","position":3,"name":"El ensayo en di\u00e1logo II"}]},{"@type":"WebSite","@id":"https:\/\/booksfrommexico.com\/#website","url":"https:\/\/booksfrommexico.com\/","name":"Books From Mexico","description":"","publisher":{"@id":"https:\/\/booksfrommexico.com\/#organization"},"potentialAction":[{"@type":"SearchAction","target":{"@type":"EntryPoint","urlTemplate":"https:\/\/booksfrommexico.com\/?s={search_term_string}"},"query-input":{"@type":"PropertyValueSpecification","valueRequired":true,"valueName":"search_term_string"}}],"inLanguage":"es"},{"@type":"Organization","@id":"https:\/\/booksfrommexico.com\/#organization","name":"Books From Mexico","url":"https:\/\/booksfrommexico.com\/","logo":{"@type":"ImageObject","inLanguage":"es","@id":"https:\/\/booksfrommexico.com\/#\/schema\/logo\/image\/","url":"https:\/\/booksfrommexico.com\/app\/uploads\/2023\/05\/logo-booksfrommexico.svg","contentUrl":"https:\/\/booksfrommexico.com\/app\/uploads\/2023\/05\/logo-booksfrommexico.svg","width":86,"height":56,"caption":"Books From Mexico"},"image":{"@id":"https:\/\/booksfrommexico.com\/#\/schema\/logo\/image\/"}}]}},"_links":{"self":[{"href":"https:\/\/booksfrommexico.com\/es\/wp-json\/wp\/v2\/product\/6248","targetHints":{"allow":["GET"]}}],"collection":[{"href":"https:\/\/booksfrommexico.com\/es\/wp-json\/wp\/v2\/product"}],"about":[{"href":"https:\/\/booksfrommexico.com\/es\/wp-json\/wp\/v2\/types\/product"}],"wp:featuredmedia":[{"embeddable":true,"href":"https:\/\/booksfrommexico.com\/es\/wp-json\/wp\/v2\/media\/6289"}],"wp:attachment":[{"href":"https:\/\/booksfrommexico.com\/es\/wp-json\/wp\/v2\/media?parent=6248"}],"wp:term":[{"taxonomy":"product_brand","embeddable":true,"href":"https:\/\/booksfrommexico.com\/es\/wp-json\/wp\/v2\/product_brand?post=6248"},{"taxonomy":"product_cat","embeddable":true,"href":"https:\/\/booksfrommexico.com\/es\/wp-json\/wp\/v2\/product_cat?post=6248"},{"taxonomy":"product_tag","embeddable":true,"href":"https:\/\/booksfrommexico.com\/es\/wp-json\/wp\/v2\/product_tag?post=6248"}],"curies":[{"name":"wp","href":"https:\/\/api.w.org\/{rel}","templated":true}]}}