{"id":6250,"date":"2024-05-15T20:24:25","date_gmt":"2024-05-15T20:24:25","guid":{"rendered":"https:\/\/booksfrommexico.com\/product\/palabra-de-jaguar-antologia-literaria-tseltal-tsotsil-espanol\/"},"modified":"2025-02-28T23:58:58","modified_gmt":"2025-02-28T23:58:58","slug":"palabra-de-jaguar-antologia-literaria-tseltal-tsotsil-espanol","status":"publish","type":"product","link":"https:\/\/booksfrommexico.com\/es\/producto\/palabra-de-jaguar-antologia-literaria-tseltal-tsotsil-espanol\/","title":{"rendered":"Sk\u2019op bolom : Sk\u2019op choj : Palabra de Jaguar : Volumen I"},"content":{"rendered":"<p><span style=\"font-weight: 400;\">La Unidad de Escritores Maya-Zoque se presenta una primera antolog\u00eda de cuentos de la serie \u201cPalabra de Jaguar\u201d que alberga la creaci\u00f3n literaria de m\u00e1s de 20 autores en cada entrega. La intenci\u00f3n de este proyecto es dignificar la lengua originaria de los autores, as\u00ed como mostrar su belleza y dar voz a las costumbres y conocimientos de la sabidur\u00eda transmitida de generaci\u00f3n en generaci\u00f3n. Este t\u00edtulo contiene 35 cuentos surgidos a partir de una reflexi\u00f3n sobre el quehacer narrativo del <\/span><i><span style=\"font-weight: 400;\">Taller de Creaci\u00f3n Literaria Tseltal-Tsotsil: Juan Gallo<\/span><\/i><span style=\"font-weight: 400;\">, y se trata de una edici\u00f3n biling\u00fce entre tsotsil-tseltal y espa\u00f1ol.<\/span><\/p>\n","protected":false},"excerpt":{"rendered":"<p>SK&#8217;OP BOLOM : SK&#8217;OP CHOJ : PALABRA DE JAGUAR : VOLUMEN I<b>.<\/b><span style=\"font-weight: 400;\"> \/ Roberto P\u00e9rez S\u00e1ntiz, Humberto G\u00f3mez P\u00e9rez, Roberto Santiz K&#8217;aal (coordinators). San Crist\u00f3bal de Las Casas, Chiapas, M\u00e9xico : Unidad de Escritores Mayas-Zoques ; Secretar\u00eda de Cultura, 2019. 263 pages ; 23 cm. ISBN : 9786078533527.<\/span><\/p>\n","protected":false},"featured_media":6297,"template":"","meta":{"_acf_changed":false,"inline_featured_image":false},"product_brand":[],"product_cat":[37,25],"product_tag":[4127,3750,4339,3835,3857],"class_list":{"0":"post-6250","1":"product","2":"type-product","3":"status-publish","4":"has-post-thumbnail","6":"product_cat-cuento-literatura","7":"product_cat-literatura","8":"product_tag-cuento","9":"product_tag-lenguaje-tseltal","10":"product_tag-lenguaje-tsotsil","11":"product_tag-literatura-maya","12":"product_tag-literatura-zoque","14":"first","15":"outofstock","16":"taxable","17":"shipping-taxable","18":"purchasable","19":"product-type-simple"},"acf":[],"yoast_head":"<!-- This site is optimized with the Yoast SEO plugin v27.3 - https:\/\/yoast.com\/product\/yoast-seo-wordpress\/ -->\n<title>Sk\u2019op bolom : Sk\u2019op choj : Palabra de Jaguar : Volumen I<\/title>\n<meta name=\"description\" content=\"SK&#039;OP BOLOM : SK&#039;OP CHOJ : PALABRA DE JAGUAR : VOLUMEN I. \/ Roberto P\u00e9rez S\u00e1ntiz, Humberto G\u00f3mez P\u00e9rez, Roberto Santiz K&#039;aal (coordinators).\" \/>\n<meta name=\"robots\" content=\"index, follow, max-snippet:-1, max-image-preview:large, max-video-preview:-1\" \/>\n<link rel=\"canonical\" href=\"https:\/\/booksfrommexico.com\/es\/producto\/palabra-de-jaguar-antologia-literaria-tseltal-tsotsil-espanol\/\" \/>\n<meta property=\"og:locale\" content=\"es_ES\" \/>\n<meta property=\"og:type\" content=\"article\" \/>\n<meta property=\"og:title\" content=\"Sk\u2019op bolom : Sk\u2019op choj : Palabra de Jaguar : Volumen I\" \/>\n<meta property=\"og:description\" content=\"SK&#039;OP BOLOM : SK&#039;OP CHOJ : PALABRA DE JAGUAR : VOLUMEN I. \/ Roberto P\u00e9rez S\u00e1ntiz, Humberto G\u00f3mez P\u00e9rez, Roberto Santiz K&#039;aal (coordinators).\" \/>\n<meta property=\"og:url\" content=\"https:\/\/booksfrommexico.com\/es\/producto\/palabra-de-jaguar-antologia-literaria-tseltal-tsotsil-espanol\/\" \/>\n<meta property=\"og:site_name\" content=\"Books From Mexico\" \/>\n<meta property=\"article:modified_time\" content=\"2025-02-28T23:58:58+00:00\" \/>\n<meta property=\"og:image\" content=\"http:\/\/booksfrommexico.com\/app\/uploads\/2024\/05\/189641.jpg\" \/>\n\t<meta property=\"og:image:width\" content=\"468\" \/>\n\t<meta property=\"og:image:height\" content=\"635\" \/>\n\t<meta property=\"og:image:type\" content=\"image\/jpeg\" \/>\n<meta name=\"twitter:card\" content=\"summary_large_image\" \/>\n<meta name=\"twitter:label1\" content=\"Tiempo de lectura\" \/>\n\t<meta name=\"twitter:data1\" content=\"1 minuto\" \/>\n<script type=\"application\/ld+json\" class=\"yoast-schema-graph\">{\"@context\":\"https:\\\/\\\/schema.org\",\"@graph\":[{\"@type\":\"WebPage\",\"@id\":\"https:\\\/\\\/booksfrommexico.com\\\/es\\\/producto\\\/palabra-de-jaguar-antologia-literaria-tseltal-tsotsil-espanol\\\/\",\"url\":\"https:\\\/\\\/booksfrommexico.com\\\/es\\\/producto\\\/palabra-de-jaguar-antologia-literaria-tseltal-tsotsil-espanol\\\/\",\"name\":\"Sk\u2019op bolom : Sk\u2019op choj : Palabra de Jaguar : Volumen I\",\"isPartOf\":{\"@id\":\"https:\\\/\\\/booksfrommexico.com\\\/#website\"},\"primaryImageOfPage\":{\"@id\":\"https:\\\/\\\/booksfrommexico.com\\\/es\\\/producto\\\/palabra-de-jaguar-antologia-literaria-tseltal-tsotsil-espanol\\\/#primaryimage\"},\"image\":{\"@id\":\"https:\\\/\\\/booksfrommexico.com\\\/es\\\/producto\\\/palabra-de-jaguar-antologia-literaria-tseltal-tsotsil-espanol\\\/#primaryimage\"},\"thumbnailUrl\":\"https:\\\/\\\/booksfrommexico.com\\\/app\\\/uploads\\\/2024\\\/05\\\/189641.jpg\",\"datePublished\":\"2024-05-15T20:24:25+00:00\",\"dateModified\":\"2025-02-28T23:58:58+00:00\",\"description\":\"SK'OP BOLOM : SK'OP CHOJ : PALABRA DE JAGUAR : VOLUMEN I. \\\/ Roberto P\u00e9rez S\u00e1ntiz, Humberto G\u00f3mez P\u00e9rez, Roberto Santiz K'aal (coordinators).\",\"breadcrumb\":{\"@id\":\"https:\\\/\\\/booksfrommexico.com\\\/es\\\/producto\\\/palabra-de-jaguar-antologia-literaria-tseltal-tsotsil-espanol\\\/#breadcrumb\"},\"inLanguage\":\"es\",\"potentialAction\":[{\"@type\":\"ReadAction\",\"target\":[\"https:\\\/\\\/booksfrommexico.com\\\/es\\\/producto\\\/palabra-de-jaguar-antologia-literaria-tseltal-tsotsil-espanol\\\/\"]}]},{\"@type\":\"ImageObject\",\"inLanguage\":\"es\",\"@id\":\"https:\\\/\\\/booksfrommexico.com\\\/es\\\/producto\\\/palabra-de-jaguar-antologia-literaria-tseltal-tsotsil-espanol\\\/#primaryimage\",\"url\":\"https:\\\/\\\/booksfrommexico.com\\\/app\\\/uploads\\\/2024\\\/05\\\/189641.jpg\",\"contentUrl\":\"https:\\\/\\\/booksfrommexico.com\\\/app\\\/uploads\\\/2024\\\/05\\\/189641.jpg\",\"width\":468,\"height\":635,\"caption\":\"Palabra de Jaguar antolog\u00eda literaria tseltal-tsotsil-espa\u00f1ol\"},{\"@type\":\"BreadcrumbList\",\"@id\":\"https:\\\/\\\/booksfrommexico.com\\\/es\\\/producto\\\/palabra-de-jaguar-antologia-literaria-tseltal-tsotsil-espanol\\\/#breadcrumb\",\"itemListElement\":[{\"@type\":\"ListItem\",\"position\":1,\"name\":\"Home\",\"item\":\"https:\\\/\\\/booksfrommexico.com\\\/es\\\/\"},{\"@type\":\"ListItem\",\"position\":2,\"name\":\"Libros\",\"item\":\"https:\\\/\\\/booksfrommexico.com\\\/es\\\/libros\\\/\"},{\"@type\":\"ListItem\",\"position\":3,\"name\":\"Sk\u2019op bolom : Sk\u2019op choj : Palabra de Jaguar : Volumen I\"}]},{\"@type\":\"WebSite\",\"@id\":\"https:\\\/\\\/booksfrommexico.com\\\/#website\",\"url\":\"https:\\\/\\\/booksfrommexico.com\\\/\",\"name\":\"Books From Mexico\",\"description\":\"\",\"publisher\":{\"@id\":\"https:\\\/\\\/booksfrommexico.com\\\/#organization\"},\"potentialAction\":[{\"@type\":\"SearchAction\",\"target\":{\"@type\":\"EntryPoint\",\"urlTemplate\":\"https:\\\/\\\/booksfrommexico.com\\\/?s={search_term_string}\"},\"query-input\":{\"@type\":\"PropertyValueSpecification\",\"valueRequired\":true,\"valueName\":\"search_term_string\"}}],\"inLanguage\":\"es\"},{\"@type\":\"Organization\",\"@id\":\"https:\\\/\\\/booksfrommexico.com\\\/#organization\",\"name\":\"Books From Mexico\",\"url\":\"https:\\\/\\\/booksfrommexico.com\\\/\",\"logo\":{\"@type\":\"ImageObject\",\"inLanguage\":\"es\",\"@id\":\"https:\\\/\\\/booksfrommexico.com\\\/#\\\/schema\\\/logo\\\/image\\\/\",\"url\":\"https:\\\/\\\/booksfrommexico.com\\\/app\\\/uploads\\\/2023\\\/05\\\/logo-booksfrommexico.svg\",\"contentUrl\":\"https:\\\/\\\/booksfrommexico.com\\\/app\\\/uploads\\\/2023\\\/05\\\/logo-booksfrommexico.svg\",\"width\":86,\"height\":56,\"caption\":\"Books From Mexico\"},\"image\":{\"@id\":\"https:\\\/\\\/booksfrommexico.com\\\/#\\\/schema\\\/logo\\\/image\\\/\"}}]}<\/script>\n<!-- \/ Yoast SEO plugin. -->","yoast_head_json":{"title":"Sk\u2019op bolom : Sk\u2019op choj : Palabra de Jaguar : Volumen I","description":"SK'OP BOLOM : SK'OP CHOJ : PALABRA DE JAGUAR : VOLUMEN I. \/ Roberto P\u00e9rez S\u00e1ntiz, Humberto G\u00f3mez P\u00e9rez, Roberto Santiz K'aal (coordinators).","robots":{"index":"index","follow":"follow","max-snippet":"max-snippet:-1","max-image-preview":"max-image-preview:large","max-video-preview":"max-video-preview:-1"},"canonical":"https:\/\/booksfrommexico.com\/es\/producto\/palabra-de-jaguar-antologia-literaria-tseltal-tsotsil-espanol\/","og_locale":"es_ES","og_type":"article","og_title":"Sk\u2019op bolom : Sk\u2019op choj : Palabra de Jaguar : Volumen I","og_description":"SK'OP BOLOM : SK'OP CHOJ : PALABRA DE JAGUAR : VOLUMEN I. \/ Roberto P\u00e9rez S\u00e1ntiz, Humberto G\u00f3mez P\u00e9rez, Roberto Santiz K'aal (coordinators).","og_url":"https:\/\/booksfrommexico.com\/es\/producto\/palabra-de-jaguar-antologia-literaria-tseltal-tsotsil-espanol\/","og_site_name":"Books From Mexico","article_modified_time":"2025-02-28T23:58:58+00:00","og_image":[{"width":468,"height":635,"url":"http:\/\/booksfrommexico.com\/app\/uploads\/2024\/05\/189641.jpg","type":"image\/jpeg"}],"twitter_card":"summary_large_image","twitter_misc":{"Tiempo de lectura":"1 minuto"},"schema":{"@context":"https:\/\/schema.org","@graph":[{"@type":"WebPage","@id":"https:\/\/booksfrommexico.com\/es\/producto\/palabra-de-jaguar-antologia-literaria-tseltal-tsotsil-espanol\/","url":"https:\/\/booksfrommexico.com\/es\/producto\/palabra-de-jaguar-antologia-literaria-tseltal-tsotsil-espanol\/","name":"Sk\u2019op bolom : Sk\u2019op choj : Palabra de Jaguar : Volumen I","isPartOf":{"@id":"https:\/\/booksfrommexico.com\/#website"},"primaryImageOfPage":{"@id":"https:\/\/booksfrommexico.com\/es\/producto\/palabra-de-jaguar-antologia-literaria-tseltal-tsotsil-espanol\/#primaryimage"},"image":{"@id":"https:\/\/booksfrommexico.com\/es\/producto\/palabra-de-jaguar-antologia-literaria-tseltal-tsotsil-espanol\/#primaryimage"},"thumbnailUrl":"https:\/\/booksfrommexico.com\/app\/uploads\/2024\/05\/189641.jpg","datePublished":"2024-05-15T20:24:25+00:00","dateModified":"2025-02-28T23:58:58+00:00","description":"SK'OP BOLOM : SK'OP CHOJ : PALABRA DE JAGUAR : VOLUMEN I. \/ Roberto P\u00e9rez S\u00e1ntiz, Humberto G\u00f3mez P\u00e9rez, Roberto Santiz K'aal (coordinators).","breadcrumb":{"@id":"https:\/\/booksfrommexico.com\/es\/producto\/palabra-de-jaguar-antologia-literaria-tseltal-tsotsil-espanol\/#breadcrumb"},"inLanguage":"es","potentialAction":[{"@type":"ReadAction","target":["https:\/\/booksfrommexico.com\/es\/producto\/palabra-de-jaguar-antologia-literaria-tseltal-tsotsil-espanol\/"]}]},{"@type":"ImageObject","inLanguage":"es","@id":"https:\/\/booksfrommexico.com\/es\/producto\/palabra-de-jaguar-antologia-literaria-tseltal-tsotsil-espanol\/#primaryimage","url":"https:\/\/booksfrommexico.com\/app\/uploads\/2024\/05\/189641.jpg","contentUrl":"https:\/\/booksfrommexico.com\/app\/uploads\/2024\/05\/189641.jpg","width":468,"height":635,"caption":"Palabra de Jaguar antolog\u00eda literaria tseltal-tsotsil-espa\u00f1ol"},{"@type":"BreadcrumbList","@id":"https:\/\/booksfrommexico.com\/es\/producto\/palabra-de-jaguar-antologia-literaria-tseltal-tsotsil-espanol\/#breadcrumb","itemListElement":[{"@type":"ListItem","position":1,"name":"Home","item":"https:\/\/booksfrommexico.com\/es\/"},{"@type":"ListItem","position":2,"name":"Libros","item":"https:\/\/booksfrommexico.com\/es\/libros\/"},{"@type":"ListItem","position":3,"name":"Sk\u2019op bolom : Sk\u2019op choj : Palabra de Jaguar : Volumen I"}]},{"@type":"WebSite","@id":"https:\/\/booksfrommexico.com\/#website","url":"https:\/\/booksfrommexico.com\/","name":"Books From Mexico","description":"","publisher":{"@id":"https:\/\/booksfrommexico.com\/#organization"},"potentialAction":[{"@type":"SearchAction","target":{"@type":"EntryPoint","urlTemplate":"https:\/\/booksfrommexico.com\/?s={search_term_string}"},"query-input":{"@type":"PropertyValueSpecification","valueRequired":true,"valueName":"search_term_string"}}],"inLanguage":"es"},{"@type":"Organization","@id":"https:\/\/booksfrommexico.com\/#organization","name":"Books From Mexico","url":"https:\/\/booksfrommexico.com\/","logo":{"@type":"ImageObject","inLanguage":"es","@id":"https:\/\/booksfrommexico.com\/#\/schema\/logo\/image\/","url":"https:\/\/booksfrommexico.com\/app\/uploads\/2023\/05\/logo-booksfrommexico.svg","contentUrl":"https:\/\/booksfrommexico.com\/app\/uploads\/2023\/05\/logo-booksfrommexico.svg","width":86,"height":56,"caption":"Books From Mexico"},"image":{"@id":"https:\/\/booksfrommexico.com\/#\/schema\/logo\/image\/"}}]}},"_links":{"self":[{"href":"https:\/\/booksfrommexico.com\/es\/wp-json\/wp\/v2\/product\/6250","targetHints":{"allow":["GET"]}}],"collection":[{"href":"https:\/\/booksfrommexico.com\/es\/wp-json\/wp\/v2\/product"}],"about":[{"href":"https:\/\/booksfrommexico.com\/es\/wp-json\/wp\/v2\/types\/product"}],"wp:featuredmedia":[{"embeddable":true,"href":"https:\/\/booksfrommexico.com\/es\/wp-json\/wp\/v2\/media\/6297"}],"wp:attachment":[{"href":"https:\/\/booksfrommexico.com\/es\/wp-json\/wp\/v2\/media?parent=6250"}],"wp:term":[{"taxonomy":"product_brand","embeddable":true,"href":"https:\/\/booksfrommexico.com\/es\/wp-json\/wp\/v2\/product_brand?post=6250"},{"taxonomy":"product_cat","embeddable":true,"href":"https:\/\/booksfrommexico.com\/es\/wp-json\/wp\/v2\/product_cat?post=6250"},{"taxonomy":"product_tag","embeddable":true,"href":"https:\/\/booksfrommexico.com\/es\/wp-json\/wp\/v2\/product_tag?post=6250"}],"curies":[{"name":"wp","href":"https:\/\/api.w.org\/{rel}","templated":true}]}}