{"id":6251,"date":"2024-05-15T20:24:25","date_gmt":"2024-05-15T20:24:25","guid":{"rendered":"https:\/\/booksfrommexico.com\/product\/testamentos-de-mujeres-indigenas-culhuacanas\/"},"modified":"2024-06-11T19:13:47","modified_gmt":"2024-06-11T19:13:47","slug":"testamentos-de-mujeres-indigenas-culhuacanas","status":"publish","type":"product","link":"https:\/\/booksfrommexico.com\/es\/producto\/testamentos-de-mujeres-indigenas-culhuacanas\/","title":{"rendered":"Testamentos de mujeres ind\u00edgenas culhuacanas siglo XVI"},"content":{"rendered":"<p><span style=\"font-weight: 400;\">Este t\u00edtulo forma parte de la colecci\u00f3n \u00ab<\/span><i><span style=\"font-weight: 400;\">Escritos de Mujeres siglos XVI al XVII, <\/span><\/i><span style=\"font-weight: 400;\">la cual tiene como prop\u00f3sito rescatar y poner en circulaci\u00f3n las obras que escribieron las mujeres en aquella \u00e9poca. Las autoras pertenecieron a diversos estratos sociales y econ\u00f3micos, de modo que sus escritos y formatos son diversos. En este volumen de la colecci\u00f3n se recuperan 24 testamentos dictados a escribanos nahuatlatos entre 1577 y 1589, donde las mujeres manifestaron su \u00faltima voluntad, testando lo poco o mucho que tuvieron, sirviendo hoy para conocer la vida material de este grupo de mujeres ind\u00edgenas, sus relaciones familiares y el uso de los nombres. Esta obra es, adem\u00e1s, una edici\u00f3n n\u00e1huatl-espa\u00f1ol.<\/span><\/p>\n","protected":false},"excerpt":{"rendered":"<p>TESTAMENTOS DE MUJERES IND\u00cdGENAS CULHUACANAS : SIGLO XVI<span style=\"font-weight: 400;\">. \/ Clara Ram\u00edrez, Claudia Llanos (editors). Ciudad de M\u00e9xico, M\u00e9xico : Universidad Nacional Aut\u00f3noma de M\u00e9xico , Instituto de Investigaciones sobre la Universidad y la Educaci\u00f3n, 2020. 245 pages : includes references, bibliography,\u00a0 name index ; 19 cm. ISBN : 9786073037686 (volumen) ; 9786070253041 (collection). <\/span><\/p>\n","protected":false},"featured_media":6346,"template":"","meta":{"_acf_changed":false,"inline_featured_image":false},"product_brand":[],"product_cat":[148,117,78],"product_tag":[4060,4225,3863],"class_list":{"0":"post-6251","1":"product","2":"type-product","3":"status-publish","4":"has-post-thumbnail","6":"product_cat-estudios-sobre-las-mujeres-estudios-de-genero","7":"product_cat-etnoantropolgia","8":"product_cat-sociologia","9":"product_tag-lenguas-indigenas-es","10":"product_tag-mujeres-literatura","11":"product_tag-mujeres-indigenas","13":"first","14":"instock","15":"taxable","16":"shipping-taxable","17":"purchasable","18":"product-type-simple"},"acf":[],"yoast_head":"<!-- This site is optimized with the Yoast SEO plugin v27.3 - https:\/\/yoast.com\/product\/yoast-seo-wordpress\/ -->\n<title>Testamentos de mujeres ind\u00edgenas culhuacanas siglo XVI<\/title>\n<meta name=\"description\" content=\"TESTAMENTOS DE MUJERES IND\u00cdGENAS CULHUACANAS : SIGLO XVI. \/ Clara Ram\u00edrez, Claudia Llanos (editors). UNAM, IISUE, 2020. ISBN : 9786073037686.\" \/>\n<meta name=\"robots\" content=\"index, follow, max-snippet:-1, max-image-preview:large, max-video-preview:-1\" \/>\n<link rel=\"canonical\" href=\"https:\/\/booksfrommexico.com\/es\/producto\/testamentos-de-mujeres-indigenas-culhuacanas\/\" \/>\n<meta property=\"og:locale\" content=\"es_ES\" \/>\n<meta property=\"og:type\" content=\"article\" \/>\n<meta property=\"og:title\" content=\"Testamentos de mujeres ind\u00edgenas culhuacanas siglo XVI\" \/>\n<meta property=\"og:description\" content=\"TESTAMENTOS DE MUJERES IND\u00cdGENAS CULHUACANAS : SIGLO XVI. \/ Clara Ram\u00edrez, Claudia Llanos (editors). UNAM, IISUE, 2020. ISBN : 9786073037686.\" \/>\n<meta property=\"og:url\" content=\"https:\/\/booksfrommexico.com\/es\/producto\/testamentos-de-mujeres-indigenas-culhuacanas\/\" \/>\n<meta property=\"og:site_name\" content=\"Books From Mexico\" \/>\n<meta property=\"article:modified_time\" content=\"2024-06-11T19:13:47+00:00\" \/>\n<meta property=\"og:image\" content=\"http:\/\/booksfrommexico.com\/app\/uploads\/2024\/05\/195481.jpeg\" \/>\n\t<meta property=\"og:image:width\" content=\"404\" \/>\n\t<meta property=\"og:image:height\" content=\"551\" \/>\n\t<meta property=\"og:image:type\" content=\"image\/jpeg\" \/>\n<meta name=\"twitter:card\" content=\"summary_large_image\" \/>\n<meta name=\"twitter:label1\" content=\"Tiempo de lectura\" \/>\n\t<meta name=\"twitter:data1\" content=\"1 minuto\" \/>\n<script type=\"application\/ld+json\" class=\"yoast-schema-graph\">{\"@context\":\"https:\\\/\\\/schema.org\",\"@graph\":[{\"@type\":\"WebPage\",\"@id\":\"https:\\\/\\\/booksfrommexico.com\\\/es\\\/producto\\\/testamentos-de-mujeres-indigenas-culhuacanas\\\/\",\"url\":\"https:\\\/\\\/booksfrommexico.com\\\/es\\\/producto\\\/testamentos-de-mujeres-indigenas-culhuacanas\\\/\",\"name\":\"Testamentos de mujeres ind\u00edgenas culhuacanas siglo XVI\",\"isPartOf\":{\"@id\":\"https:\\\/\\\/booksfrommexico.com\\\/#website\"},\"primaryImageOfPage\":{\"@id\":\"https:\\\/\\\/booksfrommexico.com\\\/es\\\/producto\\\/testamentos-de-mujeres-indigenas-culhuacanas\\\/#primaryimage\"},\"image\":{\"@id\":\"https:\\\/\\\/booksfrommexico.com\\\/es\\\/producto\\\/testamentos-de-mujeres-indigenas-culhuacanas\\\/#primaryimage\"},\"thumbnailUrl\":\"https:\\\/\\\/booksfrommexico.com\\\/app\\\/uploads\\\/2024\\\/05\\\/195481.jpeg\",\"datePublished\":\"2024-05-15T20:24:25+00:00\",\"dateModified\":\"2024-06-11T19:13:47+00:00\",\"description\":\"TESTAMENTOS DE MUJERES IND\u00cdGENAS CULHUACANAS : SIGLO XVI. \\\/ Clara Ram\u00edrez, Claudia Llanos (editors). UNAM, IISUE, 2020. ISBN : 9786073037686.\",\"breadcrumb\":{\"@id\":\"https:\\\/\\\/booksfrommexico.com\\\/es\\\/producto\\\/testamentos-de-mujeres-indigenas-culhuacanas\\\/#breadcrumb\"},\"inLanguage\":\"es\",\"potentialAction\":[{\"@type\":\"ReadAction\",\"target\":[\"https:\\\/\\\/booksfrommexico.com\\\/es\\\/producto\\\/testamentos-de-mujeres-indigenas-culhuacanas\\\/\"]}]},{\"@type\":\"ImageObject\",\"inLanguage\":\"es\",\"@id\":\"https:\\\/\\\/booksfrommexico.com\\\/es\\\/producto\\\/testamentos-de-mujeres-indigenas-culhuacanas\\\/#primaryimage\",\"url\":\"https:\\\/\\\/booksfrommexico.com\\\/app\\\/uploads\\\/2024\\\/05\\\/195481.jpeg\",\"contentUrl\":\"https:\\\/\\\/booksfrommexico.com\\\/app\\\/uploads\\\/2024\\\/05\\\/195481.jpeg\",\"width\":404,\"height\":551,\"caption\":\"Testamentos de mujeres ind\u00edgenas culhuacanas\"},{\"@type\":\"BreadcrumbList\",\"@id\":\"https:\\\/\\\/booksfrommexico.com\\\/es\\\/producto\\\/testamentos-de-mujeres-indigenas-culhuacanas\\\/#breadcrumb\",\"itemListElement\":[{\"@type\":\"ListItem\",\"position\":1,\"name\":\"Home\",\"item\":\"https:\\\/\\\/booksfrommexico.com\\\/es\\\/\"},{\"@type\":\"ListItem\",\"position\":2,\"name\":\"Libros\",\"item\":\"https:\\\/\\\/booksfrommexico.com\\\/es\\\/libros\\\/\"},{\"@type\":\"ListItem\",\"position\":3,\"name\":\"Testamentos de mujeres ind\u00edgenas culhuacanas siglo XVI\"}]},{\"@type\":\"WebSite\",\"@id\":\"https:\\\/\\\/booksfrommexico.com\\\/#website\",\"url\":\"https:\\\/\\\/booksfrommexico.com\\\/\",\"name\":\"Books From Mexico\",\"description\":\"\",\"publisher\":{\"@id\":\"https:\\\/\\\/booksfrommexico.com\\\/#organization\"},\"potentialAction\":[{\"@type\":\"SearchAction\",\"target\":{\"@type\":\"EntryPoint\",\"urlTemplate\":\"https:\\\/\\\/booksfrommexico.com\\\/?s={search_term_string}\"},\"query-input\":{\"@type\":\"PropertyValueSpecification\",\"valueRequired\":true,\"valueName\":\"search_term_string\"}}],\"inLanguage\":\"es\"},{\"@type\":\"Organization\",\"@id\":\"https:\\\/\\\/booksfrommexico.com\\\/#organization\",\"name\":\"Books From Mexico\",\"url\":\"https:\\\/\\\/booksfrommexico.com\\\/\",\"logo\":{\"@type\":\"ImageObject\",\"inLanguage\":\"es\",\"@id\":\"https:\\\/\\\/booksfrommexico.com\\\/#\\\/schema\\\/logo\\\/image\\\/\",\"url\":\"https:\\\/\\\/booksfrommexico.com\\\/app\\\/uploads\\\/2023\\\/05\\\/logo-booksfrommexico.svg\",\"contentUrl\":\"https:\\\/\\\/booksfrommexico.com\\\/app\\\/uploads\\\/2023\\\/05\\\/logo-booksfrommexico.svg\",\"width\":86,\"height\":56,\"caption\":\"Books From Mexico\"},\"image\":{\"@id\":\"https:\\\/\\\/booksfrommexico.com\\\/#\\\/schema\\\/logo\\\/image\\\/\"}}]}<\/script>\n<!-- \/ Yoast SEO plugin. -->","yoast_head_json":{"title":"Testamentos de mujeres ind\u00edgenas culhuacanas siglo XVI","description":"TESTAMENTOS DE MUJERES IND\u00cdGENAS CULHUACANAS : SIGLO XVI. \/ Clara Ram\u00edrez, Claudia Llanos (editors). UNAM, IISUE, 2020. ISBN : 9786073037686.","robots":{"index":"index","follow":"follow","max-snippet":"max-snippet:-1","max-image-preview":"max-image-preview:large","max-video-preview":"max-video-preview:-1"},"canonical":"https:\/\/booksfrommexico.com\/es\/producto\/testamentos-de-mujeres-indigenas-culhuacanas\/","og_locale":"es_ES","og_type":"article","og_title":"Testamentos de mujeres ind\u00edgenas culhuacanas siglo XVI","og_description":"TESTAMENTOS DE MUJERES IND\u00cdGENAS CULHUACANAS : SIGLO XVI. \/ Clara Ram\u00edrez, Claudia Llanos (editors). UNAM, IISUE, 2020. ISBN : 9786073037686.","og_url":"https:\/\/booksfrommexico.com\/es\/producto\/testamentos-de-mujeres-indigenas-culhuacanas\/","og_site_name":"Books From Mexico","article_modified_time":"2024-06-11T19:13:47+00:00","og_image":[{"width":404,"height":551,"url":"http:\/\/booksfrommexico.com\/app\/uploads\/2024\/05\/195481.jpeg","type":"image\/jpeg"}],"twitter_card":"summary_large_image","twitter_misc":{"Tiempo de lectura":"1 minuto"},"schema":{"@context":"https:\/\/schema.org","@graph":[{"@type":"WebPage","@id":"https:\/\/booksfrommexico.com\/es\/producto\/testamentos-de-mujeres-indigenas-culhuacanas\/","url":"https:\/\/booksfrommexico.com\/es\/producto\/testamentos-de-mujeres-indigenas-culhuacanas\/","name":"Testamentos de mujeres ind\u00edgenas culhuacanas siglo XVI","isPartOf":{"@id":"https:\/\/booksfrommexico.com\/#website"},"primaryImageOfPage":{"@id":"https:\/\/booksfrommexico.com\/es\/producto\/testamentos-de-mujeres-indigenas-culhuacanas\/#primaryimage"},"image":{"@id":"https:\/\/booksfrommexico.com\/es\/producto\/testamentos-de-mujeres-indigenas-culhuacanas\/#primaryimage"},"thumbnailUrl":"https:\/\/booksfrommexico.com\/app\/uploads\/2024\/05\/195481.jpeg","datePublished":"2024-05-15T20:24:25+00:00","dateModified":"2024-06-11T19:13:47+00:00","description":"TESTAMENTOS DE MUJERES IND\u00cdGENAS CULHUACANAS : SIGLO XVI. \/ Clara Ram\u00edrez, Claudia Llanos (editors). UNAM, IISUE, 2020. ISBN : 9786073037686.","breadcrumb":{"@id":"https:\/\/booksfrommexico.com\/es\/producto\/testamentos-de-mujeres-indigenas-culhuacanas\/#breadcrumb"},"inLanguage":"es","potentialAction":[{"@type":"ReadAction","target":["https:\/\/booksfrommexico.com\/es\/producto\/testamentos-de-mujeres-indigenas-culhuacanas\/"]}]},{"@type":"ImageObject","inLanguage":"es","@id":"https:\/\/booksfrommexico.com\/es\/producto\/testamentos-de-mujeres-indigenas-culhuacanas\/#primaryimage","url":"https:\/\/booksfrommexico.com\/app\/uploads\/2024\/05\/195481.jpeg","contentUrl":"https:\/\/booksfrommexico.com\/app\/uploads\/2024\/05\/195481.jpeg","width":404,"height":551,"caption":"Testamentos de mujeres ind\u00edgenas culhuacanas"},{"@type":"BreadcrumbList","@id":"https:\/\/booksfrommexico.com\/es\/producto\/testamentos-de-mujeres-indigenas-culhuacanas\/#breadcrumb","itemListElement":[{"@type":"ListItem","position":1,"name":"Home","item":"https:\/\/booksfrommexico.com\/es\/"},{"@type":"ListItem","position":2,"name":"Libros","item":"https:\/\/booksfrommexico.com\/es\/libros\/"},{"@type":"ListItem","position":3,"name":"Testamentos de mujeres ind\u00edgenas culhuacanas siglo XVI"}]},{"@type":"WebSite","@id":"https:\/\/booksfrommexico.com\/#website","url":"https:\/\/booksfrommexico.com\/","name":"Books From Mexico","description":"","publisher":{"@id":"https:\/\/booksfrommexico.com\/#organization"},"potentialAction":[{"@type":"SearchAction","target":{"@type":"EntryPoint","urlTemplate":"https:\/\/booksfrommexico.com\/?s={search_term_string}"},"query-input":{"@type":"PropertyValueSpecification","valueRequired":true,"valueName":"search_term_string"}}],"inLanguage":"es"},{"@type":"Organization","@id":"https:\/\/booksfrommexico.com\/#organization","name":"Books From Mexico","url":"https:\/\/booksfrommexico.com\/","logo":{"@type":"ImageObject","inLanguage":"es","@id":"https:\/\/booksfrommexico.com\/#\/schema\/logo\/image\/","url":"https:\/\/booksfrommexico.com\/app\/uploads\/2023\/05\/logo-booksfrommexico.svg","contentUrl":"https:\/\/booksfrommexico.com\/app\/uploads\/2023\/05\/logo-booksfrommexico.svg","width":86,"height":56,"caption":"Books From Mexico"},"image":{"@id":"https:\/\/booksfrommexico.com\/#\/schema\/logo\/image\/"}}]}},"_links":{"self":[{"href":"https:\/\/booksfrommexico.com\/es\/wp-json\/wp\/v2\/product\/6251","targetHints":{"allow":["GET"]}}],"collection":[{"href":"https:\/\/booksfrommexico.com\/es\/wp-json\/wp\/v2\/product"}],"about":[{"href":"https:\/\/booksfrommexico.com\/es\/wp-json\/wp\/v2\/types\/product"}],"wp:featuredmedia":[{"embeddable":true,"href":"https:\/\/booksfrommexico.com\/es\/wp-json\/wp\/v2\/media\/6346"}],"wp:attachment":[{"href":"https:\/\/booksfrommexico.com\/es\/wp-json\/wp\/v2\/media?parent=6251"}],"wp:term":[{"taxonomy":"product_brand","embeddable":true,"href":"https:\/\/booksfrommexico.com\/es\/wp-json\/wp\/v2\/product_brand?post=6251"},{"taxonomy":"product_cat","embeddable":true,"href":"https:\/\/booksfrommexico.com\/es\/wp-json\/wp\/v2\/product_cat?post=6251"},{"taxonomy":"product_tag","embeddable":true,"href":"https:\/\/booksfrommexico.com\/es\/wp-json\/wp\/v2\/product_tag?post=6251"}],"curies":[{"name":"wp","href":"https:\/\/api.w.org\/{rel}","templated":true}]}}