{"id":6256,"date":"2024-05-15T20:24:25","date_gmt":"2024-05-15T20:24:25","guid":{"rendered":"https:\/\/booksfrommexico.com\/product\/hacia-otras-economias-para-dignificar-las-condiciones-de-vida-de-las-y-los-migrantes-en-mexico-colombia-argentina-y-uruguay\/"},"modified":"2024-06-25T18:56:31","modified_gmt":"2024-06-25T18:56:31","slug":"hacia-otras-economias-para-dignificar-las-condiciones-de-vida-de-las-y-los-migrantes-en-mexico-colombia-argentina-y-uruguay","status":"publish","type":"product","link":"https:\/\/booksfrommexico.com\/es\/producto\/hacia-otras-economias-para-dignificar-las-condiciones-de-vida-de-las-y-los-migrantes-en-mexico-colombia-argentina-y-uruguay\/","title":{"rendered":"Hacia otras econom\u00edas para dignificar las condiciones de vida de las y los migrantes en M\u00e9xico, Colombia, Argentina y Uruguay"},"content":{"rendered":"<p><span style=\"font-weight: 400;\">La intenci\u00f3n de estos textos es dar a conocer las realidades vividas por la gran mayor\u00eda de la poblaci\u00f3n de pa\u00edses latinoamericanos como M\u00e9xico, Colombia, Argentina y Uruguay para los cuales la migraci\u00f3n forzada y la violaci\u00f3n a los derechos humanos de los migrantes representan un problema cada vez m\u00e1s grave. A trav\u00e9s de 9 estudios de caso incluidos aqu\u00ed, los autores mantienen que es necesario construir una econom\u00eda distinta, en la cual la persona debe estar en el centro de manera independiente a su origen, g\u00e9nero, religi\u00f3n, raza o cultura; una econom\u00eda capaz de dignificar, construir, potenciar e impulsar a las personas hacia sociedades m\u00e1s justas y solidarias.<\/span><\/p>\n","protected":false},"excerpt":{"rendered":"<p>HACIA OTRAS ECONOM\u00cdAS PARA DIGNIFICAR LAS CONDICIONES DE VIDA DE LAS Y LOS MIGRANTES EN M\u00c9XICO, COLOMBIA, ARGENTINA Y URUGUAY<span style=\"font-weight: 400;\">. \/ Le\u00efla Oulhaj (coordinator). Ciudad de M\u00e9xico, M\u00e9xico : Universidad Iberoamericana, 2022. 452 pages : includes illustrations, tables, charts, graphics, bibliography at the end of each chapter ; 23 cm. ISBN : 9786074179545. <\/span><\/p>\n","protected":false},"featured_media":6310,"template":"","meta":{"_acf_changed":false,"inline_featured_image":false},"product_brand":[],"product_cat":[1065,42],"product_tag":[3610,3837],"class_list":{"0":"post-6256","1":"product","2":"type-product","3":"status-publish","4":"has-post-thumbnail","6":"product_cat-condiciones-sociales-y-politicas-de-la-migracion","7":"product_cat-temas-de-inmigracion-y-migraciones-humanas","8":"product_tag-condiciones-economicas","9":"product_tag-derechos-humanos","11":"first","12":"instock","13":"taxable","14":"shipping-taxable","15":"purchasable","16":"product-type-simple"},"acf":[],"yoast_head":"<!-- This site is optimized with the Yoast SEO plugin v27.3 - https:\/\/yoast.com\/product\/yoast-seo-wordpress\/ -->\n<title>Hacia otras econom\u00edas para dignificar las condiciones de vida...<\/title>\n<meta name=\"description\" content=\"HACIA OTRAS ECONOM\u00cdAS PARA DIGNIFICAR LAS CONDICIONES DE VIDA DE LAS Y LOS MIGRANTES EN M\u00c9XICO, COLOMBIA, ARGENTINA Y URUGUAY. \/ Le\u00efla Oulhaj (coordinator).\" \/>\n<meta name=\"robots\" content=\"index, follow, max-snippet:-1, max-image-preview:large, max-video-preview:-1\" \/>\n<link rel=\"canonical\" href=\"https:\/\/booksfrommexico.com\/es\/producto\/hacia-otras-economias-para-dignificar-las-condiciones-de-vida-de-las-y-los-migrantes-en-mexico-colombia-argentina-y-uruguay\/\" \/>\n<meta property=\"og:locale\" content=\"es_ES\" \/>\n<meta property=\"og:type\" content=\"article\" \/>\n<meta property=\"og:title\" content=\"Hacia otras econom\u00edas para dignificar las condiciones de vida...\" \/>\n<meta property=\"og:description\" content=\"HACIA OTRAS ECONOM\u00cdAS PARA DIGNIFICAR LAS CONDICIONES DE VIDA DE LAS Y LOS MIGRANTES EN M\u00c9XICO, COLOMBIA, ARGENTINA Y URUGUAY. \/ Le\u00efla Oulhaj (coordinator).\" \/>\n<meta property=\"og:url\" content=\"https:\/\/booksfrommexico.com\/es\/producto\/hacia-otras-economias-para-dignificar-las-condiciones-de-vida-de-las-y-los-migrantes-en-mexico-colombia-argentina-y-uruguay\/\" \/>\n<meta property=\"og:site_name\" content=\"Books From Mexico\" \/>\n<meta property=\"article:modified_time\" content=\"2024-06-25T18:56:31+00:00\" \/>\n<meta property=\"og:image\" content=\"http:\/\/booksfrommexico.com\/app\/uploads\/2024\/05\/198953.jpeg\" \/>\n\t<meta property=\"og:image:width\" content=\"490\" \/>\n\t<meta property=\"og:image:height\" content=\"665\" \/>\n\t<meta property=\"og:image:type\" content=\"image\/jpeg\" \/>\n<meta name=\"twitter:card\" content=\"summary_large_image\" \/>\n<meta name=\"twitter:label1\" content=\"Tiempo de lectura\" \/>\n\t<meta name=\"twitter:data1\" content=\"1 minuto\" \/>\n<script type=\"application\/ld+json\" class=\"yoast-schema-graph\">{\"@context\":\"https:\\\/\\\/schema.org\",\"@graph\":[{\"@type\":\"WebPage\",\"@id\":\"https:\\\/\\\/booksfrommexico.com\\\/es\\\/producto\\\/hacia-otras-economias-para-dignificar-las-condiciones-de-vida-de-las-y-los-migrantes-en-mexico-colombia-argentina-y-uruguay\\\/\",\"url\":\"https:\\\/\\\/booksfrommexico.com\\\/es\\\/producto\\\/hacia-otras-economias-para-dignificar-las-condiciones-de-vida-de-las-y-los-migrantes-en-mexico-colombia-argentina-y-uruguay\\\/\",\"name\":\"Hacia otras econom\u00edas para dignificar las condiciones de vida...\",\"isPartOf\":{\"@id\":\"https:\\\/\\\/booksfrommexico.com\\\/#website\"},\"primaryImageOfPage\":{\"@id\":\"https:\\\/\\\/booksfrommexico.com\\\/es\\\/producto\\\/hacia-otras-economias-para-dignificar-las-condiciones-de-vida-de-las-y-los-migrantes-en-mexico-colombia-argentina-y-uruguay\\\/#primaryimage\"},\"image\":{\"@id\":\"https:\\\/\\\/booksfrommexico.com\\\/es\\\/producto\\\/hacia-otras-economias-para-dignificar-las-condiciones-de-vida-de-las-y-los-migrantes-en-mexico-colombia-argentina-y-uruguay\\\/#primaryimage\"},\"thumbnailUrl\":\"https:\\\/\\\/booksfrommexico.com\\\/app\\\/uploads\\\/2024\\\/05\\\/198953.jpeg\",\"datePublished\":\"2024-05-15T20:24:25+00:00\",\"dateModified\":\"2024-06-25T18:56:31+00:00\",\"description\":\"HACIA OTRAS ECONOM\u00cdAS PARA DIGNIFICAR LAS CONDICIONES DE VIDA DE LAS Y LOS MIGRANTES EN M\u00c9XICO, COLOMBIA, ARGENTINA Y URUGUAY. \\\/ Le\u00efla Oulhaj (coordinator).\",\"breadcrumb\":{\"@id\":\"https:\\\/\\\/booksfrommexico.com\\\/es\\\/producto\\\/hacia-otras-economias-para-dignificar-las-condiciones-de-vida-de-las-y-los-migrantes-en-mexico-colombia-argentina-y-uruguay\\\/#breadcrumb\"},\"inLanguage\":\"es\",\"potentialAction\":[{\"@type\":\"ReadAction\",\"target\":[\"https:\\\/\\\/booksfrommexico.com\\\/es\\\/producto\\\/hacia-otras-economias-para-dignificar-las-condiciones-de-vida-de-las-y-los-migrantes-en-mexico-colombia-argentina-y-uruguay\\\/\"]}]},{\"@type\":\"ImageObject\",\"inLanguage\":\"es\",\"@id\":\"https:\\\/\\\/booksfrommexico.com\\\/es\\\/producto\\\/hacia-otras-economias-para-dignificar-las-condiciones-de-vida-de-las-y-los-migrantes-en-mexico-colombia-argentina-y-uruguay\\\/#primaryimage\",\"url\":\"https:\\\/\\\/booksfrommexico.com\\\/app\\\/uploads\\\/2024\\\/05\\\/198953.jpeg\",\"contentUrl\":\"https:\\\/\\\/booksfrommexico.com\\\/app\\\/uploads\\\/2024\\\/05\\\/198953.jpeg\",\"width\":490,\"height\":665,\"caption\":\"Hacia otras econom\u00edas para dignificar las condiciones de vida de las y los migrantes en M\u00e9xico, Colombia, Argentina y Uruguay\"},{\"@type\":\"BreadcrumbList\",\"@id\":\"https:\\\/\\\/booksfrommexico.com\\\/es\\\/producto\\\/hacia-otras-economias-para-dignificar-las-condiciones-de-vida-de-las-y-los-migrantes-en-mexico-colombia-argentina-y-uruguay\\\/#breadcrumb\",\"itemListElement\":[{\"@type\":\"ListItem\",\"position\":1,\"name\":\"Home\",\"item\":\"https:\\\/\\\/booksfrommexico.com\\\/es\\\/\"},{\"@type\":\"ListItem\",\"position\":2,\"name\":\"Libros\",\"item\":\"https:\\\/\\\/booksfrommexico.com\\\/es\\\/libros\\\/\"},{\"@type\":\"ListItem\",\"position\":3,\"name\":\"Hacia otras econom\u00edas para dignificar las condiciones de vida de las y los migrantes en M\u00e9xico, Colombia, Argentina y Uruguay\"}]},{\"@type\":\"WebSite\",\"@id\":\"https:\\\/\\\/booksfrommexico.com\\\/#website\",\"url\":\"https:\\\/\\\/booksfrommexico.com\\\/\",\"name\":\"Books From Mexico\",\"description\":\"\",\"publisher\":{\"@id\":\"https:\\\/\\\/booksfrommexico.com\\\/#organization\"},\"potentialAction\":[{\"@type\":\"SearchAction\",\"target\":{\"@type\":\"EntryPoint\",\"urlTemplate\":\"https:\\\/\\\/booksfrommexico.com\\\/?s={search_term_string}\"},\"query-input\":{\"@type\":\"PropertyValueSpecification\",\"valueRequired\":true,\"valueName\":\"search_term_string\"}}],\"inLanguage\":\"es\"},{\"@type\":\"Organization\",\"@id\":\"https:\\\/\\\/booksfrommexico.com\\\/#organization\",\"name\":\"Books From Mexico\",\"url\":\"https:\\\/\\\/booksfrommexico.com\\\/\",\"logo\":{\"@type\":\"ImageObject\",\"inLanguage\":\"es\",\"@id\":\"https:\\\/\\\/booksfrommexico.com\\\/#\\\/schema\\\/logo\\\/image\\\/\",\"url\":\"https:\\\/\\\/booksfrommexico.com\\\/app\\\/uploads\\\/2023\\\/05\\\/logo-booksfrommexico.svg\",\"contentUrl\":\"https:\\\/\\\/booksfrommexico.com\\\/app\\\/uploads\\\/2023\\\/05\\\/logo-booksfrommexico.svg\",\"width\":86,\"height\":56,\"caption\":\"Books From Mexico\"},\"image\":{\"@id\":\"https:\\\/\\\/booksfrommexico.com\\\/#\\\/schema\\\/logo\\\/image\\\/\"}}]}<\/script>\n<!-- \/ Yoast SEO plugin. -->","yoast_head_json":{"title":"Hacia otras econom\u00edas para dignificar las condiciones de vida...","description":"HACIA OTRAS ECONOM\u00cdAS PARA DIGNIFICAR LAS CONDICIONES DE VIDA DE LAS Y LOS MIGRANTES EN M\u00c9XICO, COLOMBIA, ARGENTINA Y URUGUAY. \/ Le\u00efla Oulhaj (coordinator).","robots":{"index":"index","follow":"follow","max-snippet":"max-snippet:-1","max-image-preview":"max-image-preview:large","max-video-preview":"max-video-preview:-1"},"canonical":"https:\/\/booksfrommexico.com\/es\/producto\/hacia-otras-economias-para-dignificar-las-condiciones-de-vida-de-las-y-los-migrantes-en-mexico-colombia-argentina-y-uruguay\/","og_locale":"es_ES","og_type":"article","og_title":"Hacia otras econom\u00edas para dignificar las condiciones de vida...","og_description":"HACIA OTRAS ECONOM\u00cdAS PARA DIGNIFICAR LAS CONDICIONES DE VIDA DE LAS Y LOS MIGRANTES EN M\u00c9XICO, COLOMBIA, ARGENTINA Y URUGUAY. \/ Le\u00efla Oulhaj (coordinator).","og_url":"https:\/\/booksfrommexico.com\/es\/producto\/hacia-otras-economias-para-dignificar-las-condiciones-de-vida-de-las-y-los-migrantes-en-mexico-colombia-argentina-y-uruguay\/","og_site_name":"Books From Mexico","article_modified_time":"2024-06-25T18:56:31+00:00","og_image":[{"width":490,"height":665,"url":"http:\/\/booksfrommexico.com\/app\/uploads\/2024\/05\/198953.jpeg","type":"image\/jpeg"}],"twitter_card":"summary_large_image","twitter_misc":{"Tiempo de lectura":"1 minuto"},"schema":{"@context":"https:\/\/schema.org","@graph":[{"@type":"WebPage","@id":"https:\/\/booksfrommexico.com\/es\/producto\/hacia-otras-economias-para-dignificar-las-condiciones-de-vida-de-las-y-los-migrantes-en-mexico-colombia-argentina-y-uruguay\/","url":"https:\/\/booksfrommexico.com\/es\/producto\/hacia-otras-economias-para-dignificar-las-condiciones-de-vida-de-las-y-los-migrantes-en-mexico-colombia-argentina-y-uruguay\/","name":"Hacia otras econom\u00edas para dignificar las condiciones de vida...","isPartOf":{"@id":"https:\/\/booksfrommexico.com\/#website"},"primaryImageOfPage":{"@id":"https:\/\/booksfrommexico.com\/es\/producto\/hacia-otras-economias-para-dignificar-las-condiciones-de-vida-de-las-y-los-migrantes-en-mexico-colombia-argentina-y-uruguay\/#primaryimage"},"image":{"@id":"https:\/\/booksfrommexico.com\/es\/producto\/hacia-otras-economias-para-dignificar-las-condiciones-de-vida-de-las-y-los-migrantes-en-mexico-colombia-argentina-y-uruguay\/#primaryimage"},"thumbnailUrl":"https:\/\/booksfrommexico.com\/app\/uploads\/2024\/05\/198953.jpeg","datePublished":"2024-05-15T20:24:25+00:00","dateModified":"2024-06-25T18:56:31+00:00","description":"HACIA OTRAS ECONOM\u00cdAS PARA DIGNIFICAR LAS CONDICIONES DE VIDA DE LAS Y LOS MIGRANTES EN M\u00c9XICO, COLOMBIA, ARGENTINA Y URUGUAY. \/ Le\u00efla Oulhaj (coordinator).","breadcrumb":{"@id":"https:\/\/booksfrommexico.com\/es\/producto\/hacia-otras-economias-para-dignificar-las-condiciones-de-vida-de-las-y-los-migrantes-en-mexico-colombia-argentina-y-uruguay\/#breadcrumb"},"inLanguage":"es","potentialAction":[{"@type":"ReadAction","target":["https:\/\/booksfrommexico.com\/es\/producto\/hacia-otras-economias-para-dignificar-las-condiciones-de-vida-de-las-y-los-migrantes-en-mexico-colombia-argentina-y-uruguay\/"]}]},{"@type":"ImageObject","inLanguage":"es","@id":"https:\/\/booksfrommexico.com\/es\/producto\/hacia-otras-economias-para-dignificar-las-condiciones-de-vida-de-las-y-los-migrantes-en-mexico-colombia-argentina-y-uruguay\/#primaryimage","url":"https:\/\/booksfrommexico.com\/app\/uploads\/2024\/05\/198953.jpeg","contentUrl":"https:\/\/booksfrommexico.com\/app\/uploads\/2024\/05\/198953.jpeg","width":490,"height":665,"caption":"Hacia otras econom\u00edas para dignificar las condiciones de vida de las y los migrantes en M\u00e9xico, Colombia, Argentina y Uruguay"},{"@type":"BreadcrumbList","@id":"https:\/\/booksfrommexico.com\/es\/producto\/hacia-otras-economias-para-dignificar-las-condiciones-de-vida-de-las-y-los-migrantes-en-mexico-colombia-argentina-y-uruguay\/#breadcrumb","itemListElement":[{"@type":"ListItem","position":1,"name":"Home","item":"https:\/\/booksfrommexico.com\/es\/"},{"@type":"ListItem","position":2,"name":"Libros","item":"https:\/\/booksfrommexico.com\/es\/libros\/"},{"@type":"ListItem","position":3,"name":"Hacia otras econom\u00edas para dignificar las condiciones de vida de las y los migrantes en M\u00e9xico, Colombia, Argentina y Uruguay"}]},{"@type":"WebSite","@id":"https:\/\/booksfrommexico.com\/#website","url":"https:\/\/booksfrommexico.com\/","name":"Books From Mexico","description":"","publisher":{"@id":"https:\/\/booksfrommexico.com\/#organization"},"potentialAction":[{"@type":"SearchAction","target":{"@type":"EntryPoint","urlTemplate":"https:\/\/booksfrommexico.com\/?s={search_term_string}"},"query-input":{"@type":"PropertyValueSpecification","valueRequired":true,"valueName":"search_term_string"}}],"inLanguage":"es"},{"@type":"Organization","@id":"https:\/\/booksfrommexico.com\/#organization","name":"Books From Mexico","url":"https:\/\/booksfrommexico.com\/","logo":{"@type":"ImageObject","inLanguage":"es","@id":"https:\/\/booksfrommexico.com\/#\/schema\/logo\/image\/","url":"https:\/\/booksfrommexico.com\/app\/uploads\/2023\/05\/logo-booksfrommexico.svg","contentUrl":"https:\/\/booksfrommexico.com\/app\/uploads\/2023\/05\/logo-booksfrommexico.svg","width":86,"height":56,"caption":"Books From Mexico"},"image":{"@id":"https:\/\/booksfrommexico.com\/#\/schema\/logo\/image\/"}}]}},"_links":{"self":[{"href":"https:\/\/booksfrommexico.com\/es\/wp-json\/wp\/v2\/product\/6256","targetHints":{"allow":["GET"]}}],"collection":[{"href":"https:\/\/booksfrommexico.com\/es\/wp-json\/wp\/v2\/product"}],"about":[{"href":"https:\/\/booksfrommexico.com\/es\/wp-json\/wp\/v2\/types\/product"}],"wp:featuredmedia":[{"embeddable":true,"href":"https:\/\/booksfrommexico.com\/es\/wp-json\/wp\/v2\/media\/6310"}],"wp:attachment":[{"href":"https:\/\/booksfrommexico.com\/es\/wp-json\/wp\/v2\/media?parent=6256"}],"wp:term":[{"taxonomy":"product_brand","embeddable":true,"href":"https:\/\/booksfrommexico.com\/es\/wp-json\/wp\/v2\/product_brand?post=6256"},{"taxonomy":"product_cat","embeddable":true,"href":"https:\/\/booksfrommexico.com\/es\/wp-json\/wp\/v2\/product_cat?post=6256"},{"taxonomy":"product_tag","embeddable":true,"href":"https:\/\/booksfrommexico.com\/es\/wp-json\/wp\/v2\/product_tag?post=6256"}],"curies":[{"name":"wp","href":"https:\/\/api.w.org\/{rel}","templated":true}]}}