{"id":6257,"date":"2024-05-15T20:24:26","date_gmt":"2024-05-15T20:24:26","guid":{"rendered":"https:\/\/booksfrommexico.com\/product\/bajo-un-mismo-cielo\/"},"modified":"2024-12-27T19:14:33","modified_gmt":"2024-12-27T19:14:33","slug":"bajo-un-mismo-cielo","status":"publish","type":"product","link":"https:\/\/booksfrommexico.com\/es\/producto\/bajo-un-mismo-cielo\/","title":{"rendered":"Bajo un mismo cielo"},"content":{"rendered":"<p><span style=\"font-weight: 400;\">En las iglesias para la diversidad sexual y de g\u00e9nero un grupo de personas con orientaciones sexuales e identidades de g\u00e9nero no normativas participa en la reivindicaci\u00f3n de la iglesia como instituci\u00f3n social. Las iglesias para la diversidad sexual y de g\u00e9nero se sit\u00faan en un espacio en el que convergen la religi\u00f3n, lo pol\u00edtico, la sexualidad y el g\u00e9nero, siendo as\u00ed un espacio de intersecci\u00f3n entre campos. En este t\u00edtulo se seleccionaron 3 casos de estudio que conllevan un contexto y repercusiones sociales distintas, y se explica c\u00f3mo cada una ejerce un poder que busca tanto la inclusi\u00f3n como el reconocimiento de la diversidad sexual en el campo religioso.<\/span><\/p>\n","protected":false},"excerpt":{"rendered":"<p>BAJO UN MISMO CIELO : LAS IGLESIAS PARA LA DIVERSIDAD SEXUAL Y DE G\u00c9NERO EN UN CAMPO RELIGIOSO CONSERVADOR<span style=\"font-weight: 400;\">. \/ Karina B\u00e1rcenas Bajaras. Ciudad de M\u00e9xico, M\u00e9xico : Universidad Nacional Aut\u00f3noma de M\u00e9xico , Instituto de Investigaciones Sociales , 2020. 380 pages : includes photos, tables, bibliography ; 23 cm. ISBN : 9786073026383.<\/span><\/p>\n","protected":false},"featured_media":6313,"template":"","meta":{"_acf_changed":false,"inline_featured_image":false},"product_brand":[],"product_cat":[147,158],"product_tag":[4197,4161,3729,3608],"class_list":{"0":"post-6257","1":"product","2":"type-product","3":"status-publish","4":"has-post-thumbnail","6":"product_cat-estudios-de-genero","7":"product_cat-religion-y-sociedad","8":"product_tag-identidad-lgbt","9":"product_tag-lgbt","10":"product_tag-religion","11":"product_tag-vida-social-y-costumbres","13":"first","14":"outofstock","15":"taxable","16":"shipping-taxable","17":"purchasable","18":"product-type-simple"},"acf":[],"yoast_head":"<!-- This site is optimized with the Yoast SEO plugin v27.3 - https:\/\/yoast.com\/product\/yoast-seo-wordpress\/ -->\n<title>Bajo un mismo cielo<\/title>\n<meta name=\"description\" content=\"BAJO UN MISMO CIELO : LAS IGLESIAS PARA LA DIVERSIDAD SEXUAL Y DE G\u00c9NERO EN UN CAMPO RELIGIOSO CONSERVADOR. \/ Karina B\u00e1rcenas Bajaras. UNAM, 2020.\" \/>\n<meta name=\"robots\" content=\"index, follow, max-snippet:-1, max-image-preview:large, max-video-preview:-1\" \/>\n<link rel=\"canonical\" href=\"https:\/\/booksfrommexico.com\/es\/producto\/bajo-un-mismo-cielo\/\" \/>\n<meta property=\"og:locale\" content=\"es_ES\" \/>\n<meta property=\"og:type\" content=\"article\" \/>\n<meta property=\"og:title\" content=\"Bajo un mismo cielo\" \/>\n<meta property=\"og:description\" content=\"BAJO UN MISMO CIELO : LAS IGLESIAS PARA LA DIVERSIDAD SEXUAL Y DE G\u00c9NERO EN UN CAMPO RELIGIOSO CONSERVADOR. \/ Karina B\u00e1rcenas Bajaras. UNAM, 2020.\" \/>\n<meta property=\"og:url\" content=\"https:\/\/booksfrommexico.com\/es\/producto\/bajo-un-mismo-cielo\/\" \/>\n<meta property=\"og:site_name\" content=\"Books From Mexico\" \/>\n<meta property=\"article:modified_time\" content=\"2024-12-27T19:14:33+00:00\" \/>\n<meta property=\"og:image\" content=\"http:\/\/booksfrommexico.com\/app\/uploads\/2024\/05\/199115.jpeg\" \/>\n\t<meta property=\"og:image:width\" content=\"1728\" \/>\n\t<meta property=\"og:image:height\" content=\"2653\" \/>\n\t<meta property=\"og:image:type\" content=\"image\/jpeg\" \/>\n<meta name=\"twitter:card\" content=\"summary_large_image\" \/>\n<meta name=\"twitter:label1\" content=\"Tiempo de lectura\" \/>\n\t<meta name=\"twitter:data1\" content=\"1 minuto\" \/>\n<script type=\"application\/ld+json\" class=\"yoast-schema-graph\">{\"@context\":\"https:\\\/\\\/schema.org\",\"@graph\":[{\"@type\":\"WebPage\",\"@id\":\"https:\\\/\\\/booksfrommexico.com\\\/es\\\/producto\\\/bajo-un-mismo-cielo\\\/\",\"url\":\"https:\\\/\\\/booksfrommexico.com\\\/es\\\/producto\\\/bajo-un-mismo-cielo\\\/\",\"name\":\"Bajo un mismo cielo\",\"isPartOf\":{\"@id\":\"https:\\\/\\\/booksfrommexico.com\\\/#website\"},\"primaryImageOfPage\":{\"@id\":\"https:\\\/\\\/booksfrommexico.com\\\/es\\\/producto\\\/bajo-un-mismo-cielo\\\/#primaryimage\"},\"image\":{\"@id\":\"https:\\\/\\\/booksfrommexico.com\\\/es\\\/producto\\\/bajo-un-mismo-cielo\\\/#primaryimage\"},\"thumbnailUrl\":\"https:\\\/\\\/booksfrommexico.com\\\/app\\\/uploads\\\/2024\\\/05\\\/199115.jpeg\",\"datePublished\":\"2024-05-15T20:24:26+00:00\",\"dateModified\":\"2024-12-27T19:14:33+00:00\",\"description\":\"BAJO UN MISMO CIELO : LAS IGLESIAS PARA LA DIVERSIDAD SEXUAL Y DE G\u00c9NERO EN UN CAMPO RELIGIOSO CONSERVADOR. \\\/ Karina B\u00e1rcenas Bajaras. UNAM, 2020.\",\"breadcrumb\":{\"@id\":\"https:\\\/\\\/booksfrommexico.com\\\/es\\\/producto\\\/bajo-un-mismo-cielo\\\/#breadcrumb\"},\"inLanguage\":\"es\",\"potentialAction\":[{\"@type\":\"ReadAction\",\"target\":[\"https:\\\/\\\/booksfrommexico.com\\\/es\\\/producto\\\/bajo-un-mismo-cielo\\\/\"]}]},{\"@type\":\"ImageObject\",\"inLanguage\":\"es\",\"@id\":\"https:\\\/\\\/booksfrommexico.com\\\/es\\\/producto\\\/bajo-un-mismo-cielo\\\/#primaryimage\",\"url\":\"https:\\\/\\\/booksfrommexico.com\\\/app\\\/uploads\\\/2024\\\/05\\\/199115.jpeg\",\"contentUrl\":\"https:\\\/\\\/booksfrommexico.com\\\/app\\\/uploads\\\/2024\\\/05\\\/199115.jpeg\",\"width\":1728,\"height\":2653,\"caption\":\"Bajo un mismo cielo\"},{\"@type\":\"BreadcrumbList\",\"@id\":\"https:\\\/\\\/booksfrommexico.com\\\/es\\\/producto\\\/bajo-un-mismo-cielo\\\/#breadcrumb\",\"itemListElement\":[{\"@type\":\"ListItem\",\"position\":1,\"name\":\"Home\",\"item\":\"https:\\\/\\\/booksfrommexico.com\\\/es\\\/\"},{\"@type\":\"ListItem\",\"position\":2,\"name\":\"Libros\",\"item\":\"https:\\\/\\\/booksfrommexico.com\\\/es\\\/libros\\\/\"},{\"@type\":\"ListItem\",\"position\":3,\"name\":\"Bajo un mismo cielo\"}]},{\"@type\":\"WebSite\",\"@id\":\"https:\\\/\\\/booksfrommexico.com\\\/#website\",\"url\":\"https:\\\/\\\/booksfrommexico.com\\\/\",\"name\":\"Books From Mexico\",\"description\":\"\",\"publisher\":{\"@id\":\"https:\\\/\\\/booksfrommexico.com\\\/#organization\"},\"potentialAction\":[{\"@type\":\"SearchAction\",\"target\":{\"@type\":\"EntryPoint\",\"urlTemplate\":\"https:\\\/\\\/booksfrommexico.com\\\/?s={search_term_string}\"},\"query-input\":{\"@type\":\"PropertyValueSpecification\",\"valueRequired\":true,\"valueName\":\"search_term_string\"}}],\"inLanguage\":\"es\"},{\"@type\":\"Organization\",\"@id\":\"https:\\\/\\\/booksfrommexico.com\\\/#organization\",\"name\":\"Books From Mexico\",\"url\":\"https:\\\/\\\/booksfrommexico.com\\\/\",\"logo\":{\"@type\":\"ImageObject\",\"inLanguage\":\"es\",\"@id\":\"https:\\\/\\\/booksfrommexico.com\\\/#\\\/schema\\\/logo\\\/image\\\/\",\"url\":\"https:\\\/\\\/booksfrommexico.com\\\/app\\\/uploads\\\/2023\\\/05\\\/logo-booksfrommexico.svg\",\"contentUrl\":\"https:\\\/\\\/booksfrommexico.com\\\/app\\\/uploads\\\/2023\\\/05\\\/logo-booksfrommexico.svg\",\"width\":86,\"height\":56,\"caption\":\"Books From Mexico\"},\"image\":{\"@id\":\"https:\\\/\\\/booksfrommexico.com\\\/#\\\/schema\\\/logo\\\/image\\\/\"}}]}<\/script>\n<!-- \/ Yoast SEO plugin. -->","yoast_head_json":{"title":"Bajo un mismo cielo","description":"BAJO UN MISMO CIELO : LAS IGLESIAS PARA LA DIVERSIDAD SEXUAL Y DE G\u00c9NERO EN UN CAMPO RELIGIOSO CONSERVADOR. \/ Karina B\u00e1rcenas Bajaras. UNAM, 2020.","robots":{"index":"index","follow":"follow","max-snippet":"max-snippet:-1","max-image-preview":"max-image-preview:large","max-video-preview":"max-video-preview:-1"},"canonical":"https:\/\/booksfrommexico.com\/es\/producto\/bajo-un-mismo-cielo\/","og_locale":"es_ES","og_type":"article","og_title":"Bajo un mismo cielo","og_description":"BAJO UN MISMO CIELO : LAS IGLESIAS PARA LA DIVERSIDAD SEXUAL Y DE G\u00c9NERO EN UN CAMPO RELIGIOSO CONSERVADOR. \/ Karina B\u00e1rcenas Bajaras. UNAM, 2020.","og_url":"https:\/\/booksfrommexico.com\/es\/producto\/bajo-un-mismo-cielo\/","og_site_name":"Books From Mexico","article_modified_time":"2024-12-27T19:14:33+00:00","og_image":[{"width":1728,"height":2653,"url":"http:\/\/booksfrommexico.com\/app\/uploads\/2024\/05\/199115.jpeg","type":"image\/jpeg"}],"twitter_card":"summary_large_image","twitter_misc":{"Tiempo de lectura":"1 minuto"},"schema":{"@context":"https:\/\/schema.org","@graph":[{"@type":"WebPage","@id":"https:\/\/booksfrommexico.com\/es\/producto\/bajo-un-mismo-cielo\/","url":"https:\/\/booksfrommexico.com\/es\/producto\/bajo-un-mismo-cielo\/","name":"Bajo un mismo cielo","isPartOf":{"@id":"https:\/\/booksfrommexico.com\/#website"},"primaryImageOfPage":{"@id":"https:\/\/booksfrommexico.com\/es\/producto\/bajo-un-mismo-cielo\/#primaryimage"},"image":{"@id":"https:\/\/booksfrommexico.com\/es\/producto\/bajo-un-mismo-cielo\/#primaryimage"},"thumbnailUrl":"https:\/\/booksfrommexico.com\/app\/uploads\/2024\/05\/199115.jpeg","datePublished":"2024-05-15T20:24:26+00:00","dateModified":"2024-12-27T19:14:33+00:00","description":"BAJO UN MISMO CIELO : LAS IGLESIAS PARA LA DIVERSIDAD SEXUAL Y DE G\u00c9NERO EN UN CAMPO RELIGIOSO CONSERVADOR. \/ Karina B\u00e1rcenas Bajaras. UNAM, 2020.","breadcrumb":{"@id":"https:\/\/booksfrommexico.com\/es\/producto\/bajo-un-mismo-cielo\/#breadcrumb"},"inLanguage":"es","potentialAction":[{"@type":"ReadAction","target":["https:\/\/booksfrommexico.com\/es\/producto\/bajo-un-mismo-cielo\/"]}]},{"@type":"ImageObject","inLanguage":"es","@id":"https:\/\/booksfrommexico.com\/es\/producto\/bajo-un-mismo-cielo\/#primaryimage","url":"https:\/\/booksfrommexico.com\/app\/uploads\/2024\/05\/199115.jpeg","contentUrl":"https:\/\/booksfrommexico.com\/app\/uploads\/2024\/05\/199115.jpeg","width":1728,"height":2653,"caption":"Bajo un mismo cielo"},{"@type":"BreadcrumbList","@id":"https:\/\/booksfrommexico.com\/es\/producto\/bajo-un-mismo-cielo\/#breadcrumb","itemListElement":[{"@type":"ListItem","position":1,"name":"Home","item":"https:\/\/booksfrommexico.com\/es\/"},{"@type":"ListItem","position":2,"name":"Libros","item":"https:\/\/booksfrommexico.com\/es\/libros\/"},{"@type":"ListItem","position":3,"name":"Bajo un mismo cielo"}]},{"@type":"WebSite","@id":"https:\/\/booksfrommexico.com\/#website","url":"https:\/\/booksfrommexico.com\/","name":"Books From Mexico","description":"","publisher":{"@id":"https:\/\/booksfrommexico.com\/#organization"},"potentialAction":[{"@type":"SearchAction","target":{"@type":"EntryPoint","urlTemplate":"https:\/\/booksfrommexico.com\/?s={search_term_string}"},"query-input":{"@type":"PropertyValueSpecification","valueRequired":true,"valueName":"search_term_string"}}],"inLanguage":"es"},{"@type":"Organization","@id":"https:\/\/booksfrommexico.com\/#organization","name":"Books From Mexico","url":"https:\/\/booksfrommexico.com\/","logo":{"@type":"ImageObject","inLanguage":"es","@id":"https:\/\/booksfrommexico.com\/#\/schema\/logo\/image\/","url":"https:\/\/booksfrommexico.com\/app\/uploads\/2023\/05\/logo-booksfrommexico.svg","contentUrl":"https:\/\/booksfrommexico.com\/app\/uploads\/2023\/05\/logo-booksfrommexico.svg","width":86,"height":56,"caption":"Books From Mexico"},"image":{"@id":"https:\/\/booksfrommexico.com\/#\/schema\/logo\/image\/"}}]}},"_links":{"self":[{"href":"https:\/\/booksfrommexico.com\/es\/wp-json\/wp\/v2\/product\/6257","targetHints":{"allow":["GET"]}}],"collection":[{"href":"https:\/\/booksfrommexico.com\/es\/wp-json\/wp\/v2\/product"}],"about":[{"href":"https:\/\/booksfrommexico.com\/es\/wp-json\/wp\/v2\/types\/product"}],"wp:featuredmedia":[{"embeddable":true,"href":"https:\/\/booksfrommexico.com\/es\/wp-json\/wp\/v2\/media\/6313"}],"wp:attachment":[{"href":"https:\/\/booksfrommexico.com\/es\/wp-json\/wp\/v2\/media?parent=6257"}],"wp:term":[{"taxonomy":"product_brand","embeddable":true,"href":"https:\/\/booksfrommexico.com\/es\/wp-json\/wp\/v2\/product_brand?post=6257"},{"taxonomy":"product_cat","embeddable":true,"href":"https:\/\/booksfrommexico.com\/es\/wp-json\/wp\/v2\/product_cat?post=6257"},{"taxonomy":"product_tag","embeddable":true,"href":"https:\/\/booksfrommexico.com\/es\/wp-json\/wp\/v2\/product_tag?post=6257"}],"curies":[{"name":"wp","href":"https:\/\/api.w.org\/{rel}","templated":true}]}}