{"id":6258,"date":"2024-05-15T20:24:26","date_gmt":"2024-05-15T20:24:26","guid":{"rendered":"https:\/\/booksfrommexico.com\/product\/las-estaciones-de-leslie\/"},"modified":"2024-06-25T19:11:16","modified_gmt":"2024-06-25T19:11:16","slug":"las-estaciones-de-leslie","status":"publish","type":"product","link":"https:\/\/booksfrommexico.com\/es\/producto\/las-estaciones-de-leslie\/","title":{"rendered":"Las estaciones de Leslie"},"content":{"rendered":"<p><span style=\"font-weight: 400;\">Liliana Santiago Ram\u00edrez estudi\u00f3 Estudios Literarios en la UAQ y cuenta con dos diplomados en Estudios Culturales y Gui\u00f3n Cinematogr\u00e1fico de Ficci\u00f3n; es autora de diversos cuentos que han sido seleccionados para participar en lecturas en voz alta y programas de radios. Este t\u00edtulo se trata de una antolog\u00eda de cuentos infantiles que siguen a Leslie, una ni\u00f1a curiosa, y a su abuela, quien procura guiarla en las dudas que la vida le plantea a su nieta. Estos cuentos resultan conmovedores y contienen im\u00e1genes muy detalladas sobre la naturaleza y los lugares que describe, ya que est\u00e1n inspirados en las memorias de la relaci\u00f3n de la autora con su abuela y en el recuerdo de su hermana, Leslie.\u00a0<\/span><\/p>\n","protected":false},"excerpt":{"rendered":"<p>LAS ESTACIONES DE LESLIE<span style=\"font-weight: 400;\">. \/ Liliana Santiago Ram\u00edrez. Pachuca de Soto, Hidalgo, M\u00e9xico : Editorial Cipselas , 2023. 41 pages : includes illustrations ; 21 cm. (Colecci\u00f3n Infantil Petirrojo).<\/span><\/p>\n","protected":false},"featured_media":6316,"template":"","meta":{"_acf_changed":false,"inline_featured_image":false},"product_brand":[],"product_cat":[37,25],"product_tag":[4127,3603,4232],"class_list":{"0":"post-6258","1":"product","2":"type-product","3":"status-publish","4":"has-post-thumbnail","6":"product_cat-cuento-literatura","7":"product_cat-literatura","8":"product_tag-cuento","9":"product_tag-cuentos-mexicanos","10":"product_tag-literatura-infantil-y-juvenil","12":"first","13":"instock","14":"taxable","15":"shipping-taxable","16":"purchasable","17":"product-type-simple"},"acf":[],"yoast_head":"<!-- This site is optimized with the Yoast SEO plugin v27.3 - https:\/\/yoast.com\/product\/yoast-seo-wordpress\/ -->\n<title>Las estaciones de Leslie<\/title>\n<meta name=\"description\" content=\"LAS ESTACIONES DE LESLIE. \/ Liliana Santiago Ram\u00edrez. Editorial Cipselas , 2023. 41 pages : includes illustrations ; 21 cm. (Colecci\u00f3n Infantil Petirrojo).\" \/>\n<meta name=\"robots\" content=\"index, follow, max-snippet:-1, max-image-preview:large, max-video-preview:-1\" \/>\n<link rel=\"canonical\" href=\"https:\/\/booksfrommexico.com\/es\/producto\/las-estaciones-de-leslie\/\" \/>\n<meta property=\"og:locale\" content=\"es_ES\" \/>\n<meta property=\"og:type\" content=\"article\" \/>\n<meta property=\"og:title\" content=\"Las estaciones de Leslie\" \/>\n<meta property=\"og:description\" content=\"LAS ESTACIONES DE LESLIE. \/ Liliana Santiago Ram\u00edrez. Editorial Cipselas , 2023. 41 pages : includes illustrations ; 21 cm. (Colecci\u00f3n Infantil Petirrojo).\" \/>\n<meta property=\"og:url\" content=\"https:\/\/booksfrommexico.com\/es\/producto\/las-estaciones-de-leslie\/\" \/>\n<meta property=\"og:site_name\" content=\"Books From Mexico\" \/>\n<meta property=\"article:modified_time\" content=\"2024-06-25T19:11:16+00:00\" \/>\n<meta property=\"og:image\" content=\"http:\/\/booksfrommexico.com\/app\/uploads\/2024\/05\/199155.jpeg\" \/>\n\t<meta property=\"og:image:width\" content=\"380\" \/>\n\t<meta property=\"og:image:height\" content=\"594\" \/>\n\t<meta property=\"og:image:type\" content=\"image\/jpeg\" \/>\n<meta name=\"twitter:card\" content=\"summary_large_image\" \/>\n<meta name=\"twitter:label1\" content=\"Tiempo de lectura\" \/>\n\t<meta name=\"twitter:data1\" content=\"1 minuto\" \/>\n<script type=\"application\/ld+json\" class=\"yoast-schema-graph\">{\"@context\":\"https:\\\/\\\/schema.org\",\"@graph\":[{\"@type\":\"WebPage\",\"@id\":\"https:\\\/\\\/booksfrommexico.com\\\/es\\\/producto\\\/las-estaciones-de-leslie\\\/\",\"url\":\"https:\\\/\\\/booksfrommexico.com\\\/es\\\/producto\\\/las-estaciones-de-leslie\\\/\",\"name\":\"Las estaciones de Leslie\",\"isPartOf\":{\"@id\":\"https:\\\/\\\/booksfrommexico.com\\\/#website\"},\"primaryImageOfPage\":{\"@id\":\"https:\\\/\\\/booksfrommexico.com\\\/es\\\/producto\\\/las-estaciones-de-leslie\\\/#primaryimage\"},\"image\":{\"@id\":\"https:\\\/\\\/booksfrommexico.com\\\/es\\\/producto\\\/las-estaciones-de-leslie\\\/#primaryimage\"},\"thumbnailUrl\":\"https:\\\/\\\/booksfrommexico.com\\\/app\\\/uploads\\\/2024\\\/05\\\/199155.jpeg\",\"datePublished\":\"2024-05-15T20:24:26+00:00\",\"dateModified\":\"2024-06-25T19:11:16+00:00\",\"description\":\"LAS ESTACIONES DE LESLIE. \\\/ Liliana Santiago Ram\u00edrez. Editorial Cipselas , 2023. 41 pages : includes illustrations ; 21 cm. (Colecci\u00f3n Infantil Petirrojo).\",\"breadcrumb\":{\"@id\":\"https:\\\/\\\/booksfrommexico.com\\\/es\\\/producto\\\/las-estaciones-de-leslie\\\/#breadcrumb\"},\"inLanguage\":\"es\",\"potentialAction\":[{\"@type\":\"ReadAction\",\"target\":[\"https:\\\/\\\/booksfrommexico.com\\\/es\\\/producto\\\/las-estaciones-de-leslie\\\/\"]}]},{\"@type\":\"ImageObject\",\"inLanguage\":\"es\",\"@id\":\"https:\\\/\\\/booksfrommexico.com\\\/es\\\/producto\\\/las-estaciones-de-leslie\\\/#primaryimage\",\"url\":\"https:\\\/\\\/booksfrommexico.com\\\/app\\\/uploads\\\/2024\\\/05\\\/199155.jpeg\",\"contentUrl\":\"https:\\\/\\\/booksfrommexico.com\\\/app\\\/uploads\\\/2024\\\/05\\\/199155.jpeg\",\"width\":380,\"height\":594,\"caption\":\"Las estaciones de Leslie\"},{\"@type\":\"BreadcrumbList\",\"@id\":\"https:\\\/\\\/booksfrommexico.com\\\/es\\\/producto\\\/las-estaciones-de-leslie\\\/#breadcrumb\",\"itemListElement\":[{\"@type\":\"ListItem\",\"position\":1,\"name\":\"Home\",\"item\":\"https:\\\/\\\/booksfrommexico.com\\\/es\\\/\"},{\"@type\":\"ListItem\",\"position\":2,\"name\":\"Libros\",\"item\":\"https:\\\/\\\/booksfrommexico.com\\\/es\\\/libros\\\/\"},{\"@type\":\"ListItem\",\"position\":3,\"name\":\"Las estaciones de Leslie\"}]},{\"@type\":\"WebSite\",\"@id\":\"https:\\\/\\\/booksfrommexico.com\\\/#website\",\"url\":\"https:\\\/\\\/booksfrommexico.com\\\/\",\"name\":\"Books From Mexico\",\"description\":\"\",\"publisher\":{\"@id\":\"https:\\\/\\\/booksfrommexico.com\\\/#organization\"},\"potentialAction\":[{\"@type\":\"SearchAction\",\"target\":{\"@type\":\"EntryPoint\",\"urlTemplate\":\"https:\\\/\\\/booksfrommexico.com\\\/?s={search_term_string}\"},\"query-input\":{\"@type\":\"PropertyValueSpecification\",\"valueRequired\":true,\"valueName\":\"search_term_string\"}}],\"inLanguage\":\"es\"},{\"@type\":\"Organization\",\"@id\":\"https:\\\/\\\/booksfrommexico.com\\\/#organization\",\"name\":\"Books From Mexico\",\"url\":\"https:\\\/\\\/booksfrommexico.com\\\/\",\"logo\":{\"@type\":\"ImageObject\",\"inLanguage\":\"es\",\"@id\":\"https:\\\/\\\/booksfrommexico.com\\\/#\\\/schema\\\/logo\\\/image\\\/\",\"url\":\"https:\\\/\\\/booksfrommexico.com\\\/app\\\/uploads\\\/2023\\\/05\\\/logo-booksfrommexico.svg\",\"contentUrl\":\"https:\\\/\\\/booksfrommexico.com\\\/app\\\/uploads\\\/2023\\\/05\\\/logo-booksfrommexico.svg\",\"width\":86,\"height\":56,\"caption\":\"Books From Mexico\"},\"image\":{\"@id\":\"https:\\\/\\\/booksfrommexico.com\\\/#\\\/schema\\\/logo\\\/image\\\/\"}}]}<\/script>\n<!-- \/ Yoast SEO plugin. -->","yoast_head_json":{"title":"Las estaciones de Leslie","description":"LAS ESTACIONES DE LESLIE. \/ Liliana Santiago Ram\u00edrez. Editorial Cipselas , 2023. 41 pages : includes illustrations ; 21 cm. (Colecci\u00f3n Infantil Petirrojo).","robots":{"index":"index","follow":"follow","max-snippet":"max-snippet:-1","max-image-preview":"max-image-preview:large","max-video-preview":"max-video-preview:-1"},"canonical":"https:\/\/booksfrommexico.com\/es\/producto\/las-estaciones-de-leslie\/","og_locale":"es_ES","og_type":"article","og_title":"Las estaciones de Leslie","og_description":"LAS ESTACIONES DE LESLIE. \/ Liliana Santiago Ram\u00edrez. Editorial Cipselas , 2023. 41 pages : includes illustrations ; 21 cm. (Colecci\u00f3n Infantil Petirrojo).","og_url":"https:\/\/booksfrommexico.com\/es\/producto\/las-estaciones-de-leslie\/","og_site_name":"Books From Mexico","article_modified_time":"2024-06-25T19:11:16+00:00","og_image":[{"width":380,"height":594,"url":"http:\/\/booksfrommexico.com\/app\/uploads\/2024\/05\/199155.jpeg","type":"image\/jpeg"}],"twitter_card":"summary_large_image","twitter_misc":{"Tiempo de lectura":"1 minuto"},"schema":{"@context":"https:\/\/schema.org","@graph":[{"@type":"WebPage","@id":"https:\/\/booksfrommexico.com\/es\/producto\/las-estaciones-de-leslie\/","url":"https:\/\/booksfrommexico.com\/es\/producto\/las-estaciones-de-leslie\/","name":"Las estaciones de Leslie","isPartOf":{"@id":"https:\/\/booksfrommexico.com\/#website"},"primaryImageOfPage":{"@id":"https:\/\/booksfrommexico.com\/es\/producto\/las-estaciones-de-leslie\/#primaryimage"},"image":{"@id":"https:\/\/booksfrommexico.com\/es\/producto\/las-estaciones-de-leslie\/#primaryimage"},"thumbnailUrl":"https:\/\/booksfrommexico.com\/app\/uploads\/2024\/05\/199155.jpeg","datePublished":"2024-05-15T20:24:26+00:00","dateModified":"2024-06-25T19:11:16+00:00","description":"LAS ESTACIONES DE LESLIE. \/ Liliana Santiago Ram\u00edrez. Editorial Cipselas , 2023. 41 pages : includes illustrations ; 21 cm. (Colecci\u00f3n Infantil Petirrojo).","breadcrumb":{"@id":"https:\/\/booksfrommexico.com\/es\/producto\/las-estaciones-de-leslie\/#breadcrumb"},"inLanguage":"es","potentialAction":[{"@type":"ReadAction","target":["https:\/\/booksfrommexico.com\/es\/producto\/las-estaciones-de-leslie\/"]}]},{"@type":"ImageObject","inLanguage":"es","@id":"https:\/\/booksfrommexico.com\/es\/producto\/las-estaciones-de-leslie\/#primaryimage","url":"https:\/\/booksfrommexico.com\/app\/uploads\/2024\/05\/199155.jpeg","contentUrl":"https:\/\/booksfrommexico.com\/app\/uploads\/2024\/05\/199155.jpeg","width":380,"height":594,"caption":"Las estaciones de Leslie"},{"@type":"BreadcrumbList","@id":"https:\/\/booksfrommexico.com\/es\/producto\/las-estaciones-de-leslie\/#breadcrumb","itemListElement":[{"@type":"ListItem","position":1,"name":"Home","item":"https:\/\/booksfrommexico.com\/es\/"},{"@type":"ListItem","position":2,"name":"Libros","item":"https:\/\/booksfrommexico.com\/es\/libros\/"},{"@type":"ListItem","position":3,"name":"Las estaciones de Leslie"}]},{"@type":"WebSite","@id":"https:\/\/booksfrommexico.com\/#website","url":"https:\/\/booksfrommexico.com\/","name":"Books From Mexico","description":"","publisher":{"@id":"https:\/\/booksfrommexico.com\/#organization"},"potentialAction":[{"@type":"SearchAction","target":{"@type":"EntryPoint","urlTemplate":"https:\/\/booksfrommexico.com\/?s={search_term_string}"},"query-input":{"@type":"PropertyValueSpecification","valueRequired":true,"valueName":"search_term_string"}}],"inLanguage":"es"},{"@type":"Organization","@id":"https:\/\/booksfrommexico.com\/#organization","name":"Books From Mexico","url":"https:\/\/booksfrommexico.com\/","logo":{"@type":"ImageObject","inLanguage":"es","@id":"https:\/\/booksfrommexico.com\/#\/schema\/logo\/image\/","url":"https:\/\/booksfrommexico.com\/app\/uploads\/2023\/05\/logo-booksfrommexico.svg","contentUrl":"https:\/\/booksfrommexico.com\/app\/uploads\/2023\/05\/logo-booksfrommexico.svg","width":86,"height":56,"caption":"Books From Mexico"},"image":{"@id":"https:\/\/booksfrommexico.com\/#\/schema\/logo\/image\/"}}]}},"_links":{"self":[{"href":"https:\/\/booksfrommexico.com\/es\/wp-json\/wp\/v2\/product\/6258","targetHints":{"allow":["GET"]}}],"collection":[{"href":"https:\/\/booksfrommexico.com\/es\/wp-json\/wp\/v2\/product"}],"about":[{"href":"https:\/\/booksfrommexico.com\/es\/wp-json\/wp\/v2\/types\/product"}],"wp:featuredmedia":[{"embeddable":true,"href":"https:\/\/booksfrommexico.com\/es\/wp-json\/wp\/v2\/media\/6316"}],"wp:attachment":[{"href":"https:\/\/booksfrommexico.com\/es\/wp-json\/wp\/v2\/media?parent=6258"}],"wp:term":[{"taxonomy":"product_brand","embeddable":true,"href":"https:\/\/booksfrommexico.com\/es\/wp-json\/wp\/v2\/product_brand?post=6258"},{"taxonomy":"product_cat","embeddable":true,"href":"https:\/\/booksfrommexico.com\/es\/wp-json\/wp\/v2\/product_cat?post=6258"},{"taxonomy":"product_tag","embeddable":true,"href":"https:\/\/booksfrommexico.com\/es\/wp-json\/wp\/v2\/product_tag?post=6258"}],"curies":[{"name":"wp","href":"https:\/\/api.w.org\/{rel}","templated":true}]}}