{"id":6259,"date":"2024-05-15T20:24:26","date_gmt":"2024-05-15T20:24:26","guid":{"rendered":"https:\/\/booksfrommexico.com\/product\/el-lejano-oriente-en-la-poesia-mexicana\/"},"modified":"2024-06-25T19:14:03","modified_gmt":"2024-06-25T19:14:03","slug":"el-lejano-oriente-en-la-poesia-mexicana","status":"publish","type":"product","link":"https:\/\/booksfrommexico.com\/es\/producto\/el-lejano-oriente-en-la-poesia-mexicana\/","title":{"rendered":"El Lejano Oriente en la poes\u00eda mexicana"},"content":{"rendered":"<p><span style=\"font-weight: 400;\">Lo desconocido siempre atrae la atenci\u00f3n, pudiendo generar inter\u00e9s para tratar de comprenderlo y asimilarlo. \u00c9ste es el caso del llamado \u201cLejano oriente\u201d que, para muchos mexicanos, siempre ha sido tan ajeno como intrigante, desde sus idiomas hasta sus paisajes, religi\u00f3n, arte, cultura e idiosincrasia. En esta antolog\u00eda se re\u00fanen a 141 poetas mexicanos que, desde 1900, cuando Jos\u00e9 Juan Tablada visit\u00f3 Jap\u00f3n, han dedicado algunas de sus reflexiones y poes\u00edas a estas tierras lejanas. Estos escritos obedecen a diferentes ideas de la poes\u00eda y poseen cada uno su estilo \u00fanico, as\u00ed como plasman y engrandecen diversos aspectos, de modo que este t\u00edtulo cuenta con una gran riqueza po\u00e9tica.<\/span><\/p>\n","protected":false},"excerpt":{"rendered":"<p>EL LEJANO ORIENTE EN LA POES\u00cdA MEXICANA<span style=\"font-weight: 400;\">. \/ Cross, Elsa (selector). Culiac\u00e1n Rosales, Sinaloa : Universidad Aut\u00f3noma de Sinaloa ; Ciudad de M\u00e9xico : Universidad Nacional Aut\u00f3noma de M\u00e9xico , Direcci\u00f3n General de Publicaciones y Fomento Editorial ; Monterrey, Nuevo Le\u00f3n, M\u00e9xico : Universidad Aut\u00f3noma de Nuevo Le\u00f3n , Direcci\u00f3n de Editorial Universitaria, 2022. 824 pages : includes bibliography ; 23 cm. ISBN : 9786077373858 (UAS) ; 9786073070201 (UNAM) ; 9786072719262 (UANL).<\/span><\/p>\n","protected":false},"featured_media":6319,"template":"","meta":{"_acf_changed":false,"inline_featured_image":false},"product_brand":[],"product_cat":[25,32],"product_tag":[4115,3598],"class_list":{"0":"post-6259","1":"product","2":"type-product","3":"status-publish","4":"has-post-thumbnail","6":"product_cat-literatura","7":"product_cat-poesia-literatura","8":"product_tag-poesia-es","9":"product_tag-poesia-mexicana","11":"first","12":"instock","13":"featured","14":"taxable","15":"shipping-taxable","16":"purchasable","17":"product-type-simple"},"acf":[],"yoast_head":"<!-- This site is optimized with the Yoast SEO plugin v27.3 - https:\/\/yoast.com\/product\/yoast-seo-wordpress\/ -->\n<title>El Lejano Oriente en la poes\u00eda mexicana<\/title>\n<meta name=\"description\" content=\"EL LEJANO ORIENTE EN LA POES\u00cdA MEXICANA. \/ Cross, Elsa (selector). UAS ; UNAM ; UANL. 2022. 824 pages : includes bibliography ; 23 cm.\" \/>\n<meta name=\"robots\" content=\"index, follow, max-snippet:-1, max-image-preview:large, max-video-preview:-1\" \/>\n<link rel=\"canonical\" href=\"https:\/\/booksfrommexico.com\/es\/producto\/el-lejano-oriente-en-la-poesia-mexicana\/\" \/>\n<meta property=\"og:locale\" content=\"es_ES\" \/>\n<meta property=\"og:type\" content=\"article\" \/>\n<meta property=\"og:title\" content=\"El Lejano Oriente en la poes\u00eda mexicana\" \/>\n<meta property=\"og:description\" content=\"EL LEJANO ORIENTE EN LA POES\u00cdA MEXICANA. \/ Cross, Elsa (selector). UAS ; UNAM ; UANL. 2022. 824 pages : includes bibliography ; 23 cm.\" \/>\n<meta property=\"og:url\" content=\"https:\/\/booksfrommexico.com\/es\/producto\/el-lejano-oriente-en-la-poesia-mexicana\/\" \/>\n<meta property=\"og:site_name\" content=\"Books From Mexico\" \/>\n<meta property=\"article:modified_time\" content=\"2024-06-25T19:14:03+00:00\" \/>\n<meta property=\"og:image\" content=\"http:\/\/booksfrommexico.com\/app\/uploads\/2024\/05\/199196.jpeg\" \/>\n\t<meta property=\"og:image:width\" content=\"480\" \/>\n\t<meta property=\"og:image:height\" content=\"660\" \/>\n\t<meta property=\"og:image:type\" content=\"image\/jpeg\" \/>\n<meta name=\"twitter:card\" content=\"summary_large_image\" \/>\n<meta name=\"twitter:label1\" content=\"Tiempo de lectura\" \/>\n\t<meta name=\"twitter:data1\" content=\"1 minuto\" \/>\n<script type=\"application\/ld+json\" class=\"yoast-schema-graph\">{\"@context\":\"https:\\\/\\\/schema.org\",\"@graph\":[{\"@type\":\"WebPage\",\"@id\":\"https:\\\/\\\/booksfrommexico.com\\\/es\\\/producto\\\/el-lejano-oriente-en-la-poesia-mexicana\\\/\",\"url\":\"https:\\\/\\\/booksfrommexico.com\\\/es\\\/producto\\\/el-lejano-oriente-en-la-poesia-mexicana\\\/\",\"name\":\"El Lejano Oriente en la poes\u00eda mexicana\",\"isPartOf\":{\"@id\":\"https:\\\/\\\/booksfrommexico.com\\\/#website\"},\"primaryImageOfPage\":{\"@id\":\"https:\\\/\\\/booksfrommexico.com\\\/es\\\/producto\\\/el-lejano-oriente-en-la-poesia-mexicana\\\/#primaryimage\"},\"image\":{\"@id\":\"https:\\\/\\\/booksfrommexico.com\\\/es\\\/producto\\\/el-lejano-oriente-en-la-poesia-mexicana\\\/#primaryimage\"},\"thumbnailUrl\":\"https:\\\/\\\/booksfrommexico.com\\\/app\\\/uploads\\\/2024\\\/05\\\/199196.jpeg\",\"datePublished\":\"2024-05-15T20:24:26+00:00\",\"dateModified\":\"2024-06-25T19:14:03+00:00\",\"description\":\"EL LEJANO ORIENTE EN LA POES\u00cdA MEXICANA. \\\/ Cross, Elsa (selector). UAS ; UNAM ; UANL. 2022. 824 pages : includes bibliography ; 23 cm.\",\"breadcrumb\":{\"@id\":\"https:\\\/\\\/booksfrommexico.com\\\/es\\\/producto\\\/el-lejano-oriente-en-la-poesia-mexicana\\\/#breadcrumb\"},\"inLanguage\":\"es\",\"potentialAction\":[{\"@type\":\"ReadAction\",\"target\":[\"https:\\\/\\\/booksfrommexico.com\\\/es\\\/producto\\\/el-lejano-oriente-en-la-poesia-mexicana\\\/\"]}]},{\"@type\":\"ImageObject\",\"inLanguage\":\"es\",\"@id\":\"https:\\\/\\\/booksfrommexico.com\\\/es\\\/producto\\\/el-lejano-oriente-en-la-poesia-mexicana\\\/#primaryimage\",\"url\":\"https:\\\/\\\/booksfrommexico.com\\\/app\\\/uploads\\\/2024\\\/05\\\/199196.jpeg\",\"contentUrl\":\"https:\\\/\\\/booksfrommexico.com\\\/app\\\/uploads\\\/2024\\\/05\\\/199196.jpeg\",\"width\":480,\"height\":660,\"caption\":\"El lejano oriente en la poes\u00eda mexicana\"},{\"@type\":\"BreadcrumbList\",\"@id\":\"https:\\\/\\\/booksfrommexico.com\\\/es\\\/producto\\\/el-lejano-oriente-en-la-poesia-mexicana\\\/#breadcrumb\",\"itemListElement\":[{\"@type\":\"ListItem\",\"position\":1,\"name\":\"Home\",\"item\":\"https:\\\/\\\/booksfrommexico.com\\\/es\\\/\"},{\"@type\":\"ListItem\",\"position\":2,\"name\":\"Libros\",\"item\":\"https:\\\/\\\/booksfrommexico.com\\\/es\\\/libros\\\/\"},{\"@type\":\"ListItem\",\"position\":3,\"name\":\"El Lejano Oriente en la poes\u00eda mexicana\"}]},{\"@type\":\"WebSite\",\"@id\":\"https:\\\/\\\/booksfrommexico.com\\\/#website\",\"url\":\"https:\\\/\\\/booksfrommexico.com\\\/\",\"name\":\"Books From Mexico\",\"description\":\"\",\"publisher\":{\"@id\":\"https:\\\/\\\/booksfrommexico.com\\\/#organization\"},\"potentialAction\":[{\"@type\":\"SearchAction\",\"target\":{\"@type\":\"EntryPoint\",\"urlTemplate\":\"https:\\\/\\\/booksfrommexico.com\\\/?s={search_term_string}\"},\"query-input\":{\"@type\":\"PropertyValueSpecification\",\"valueRequired\":true,\"valueName\":\"search_term_string\"}}],\"inLanguage\":\"es\"},{\"@type\":\"Organization\",\"@id\":\"https:\\\/\\\/booksfrommexico.com\\\/#organization\",\"name\":\"Books From Mexico\",\"url\":\"https:\\\/\\\/booksfrommexico.com\\\/\",\"logo\":{\"@type\":\"ImageObject\",\"inLanguage\":\"es\",\"@id\":\"https:\\\/\\\/booksfrommexico.com\\\/#\\\/schema\\\/logo\\\/image\\\/\",\"url\":\"https:\\\/\\\/booksfrommexico.com\\\/app\\\/uploads\\\/2023\\\/05\\\/logo-booksfrommexico.svg\",\"contentUrl\":\"https:\\\/\\\/booksfrommexico.com\\\/app\\\/uploads\\\/2023\\\/05\\\/logo-booksfrommexico.svg\",\"width\":86,\"height\":56,\"caption\":\"Books From Mexico\"},\"image\":{\"@id\":\"https:\\\/\\\/booksfrommexico.com\\\/#\\\/schema\\\/logo\\\/image\\\/\"}}]}<\/script>\n<!-- \/ Yoast SEO plugin. -->","yoast_head_json":{"title":"El Lejano Oriente en la poes\u00eda mexicana","description":"EL LEJANO ORIENTE EN LA POES\u00cdA MEXICANA. \/ Cross, Elsa (selector). UAS ; UNAM ; UANL. 2022. 824 pages : includes bibliography ; 23 cm.","robots":{"index":"index","follow":"follow","max-snippet":"max-snippet:-1","max-image-preview":"max-image-preview:large","max-video-preview":"max-video-preview:-1"},"canonical":"https:\/\/booksfrommexico.com\/es\/producto\/el-lejano-oriente-en-la-poesia-mexicana\/","og_locale":"es_ES","og_type":"article","og_title":"El Lejano Oriente en la poes\u00eda mexicana","og_description":"EL LEJANO ORIENTE EN LA POES\u00cdA MEXICANA. \/ Cross, Elsa (selector). UAS ; UNAM ; UANL. 2022. 824 pages : includes bibliography ; 23 cm.","og_url":"https:\/\/booksfrommexico.com\/es\/producto\/el-lejano-oriente-en-la-poesia-mexicana\/","og_site_name":"Books From Mexico","article_modified_time":"2024-06-25T19:14:03+00:00","og_image":[{"width":480,"height":660,"url":"http:\/\/booksfrommexico.com\/app\/uploads\/2024\/05\/199196.jpeg","type":"image\/jpeg"}],"twitter_card":"summary_large_image","twitter_misc":{"Tiempo de lectura":"1 minuto"},"schema":{"@context":"https:\/\/schema.org","@graph":[{"@type":"WebPage","@id":"https:\/\/booksfrommexico.com\/es\/producto\/el-lejano-oriente-en-la-poesia-mexicana\/","url":"https:\/\/booksfrommexico.com\/es\/producto\/el-lejano-oriente-en-la-poesia-mexicana\/","name":"El Lejano Oriente en la poes\u00eda mexicana","isPartOf":{"@id":"https:\/\/booksfrommexico.com\/#website"},"primaryImageOfPage":{"@id":"https:\/\/booksfrommexico.com\/es\/producto\/el-lejano-oriente-en-la-poesia-mexicana\/#primaryimage"},"image":{"@id":"https:\/\/booksfrommexico.com\/es\/producto\/el-lejano-oriente-en-la-poesia-mexicana\/#primaryimage"},"thumbnailUrl":"https:\/\/booksfrommexico.com\/app\/uploads\/2024\/05\/199196.jpeg","datePublished":"2024-05-15T20:24:26+00:00","dateModified":"2024-06-25T19:14:03+00:00","description":"EL LEJANO ORIENTE EN LA POES\u00cdA MEXICANA. \/ Cross, Elsa (selector). UAS ; UNAM ; UANL. 2022. 824 pages : includes bibliography ; 23 cm.","breadcrumb":{"@id":"https:\/\/booksfrommexico.com\/es\/producto\/el-lejano-oriente-en-la-poesia-mexicana\/#breadcrumb"},"inLanguage":"es","potentialAction":[{"@type":"ReadAction","target":["https:\/\/booksfrommexico.com\/es\/producto\/el-lejano-oriente-en-la-poesia-mexicana\/"]}]},{"@type":"ImageObject","inLanguage":"es","@id":"https:\/\/booksfrommexico.com\/es\/producto\/el-lejano-oriente-en-la-poesia-mexicana\/#primaryimage","url":"https:\/\/booksfrommexico.com\/app\/uploads\/2024\/05\/199196.jpeg","contentUrl":"https:\/\/booksfrommexico.com\/app\/uploads\/2024\/05\/199196.jpeg","width":480,"height":660,"caption":"El lejano oriente en la poes\u00eda mexicana"},{"@type":"BreadcrumbList","@id":"https:\/\/booksfrommexico.com\/es\/producto\/el-lejano-oriente-en-la-poesia-mexicana\/#breadcrumb","itemListElement":[{"@type":"ListItem","position":1,"name":"Home","item":"https:\/\/booksfrommexico.com\/es\/"},{"@type":"ListItem","position":2,"name":"Libros","item":"https:\/\/booksfrommexico.com\/es\/libros\/"},{"@type":"ListItem","position":3,"name":"El Lejano Oriente en la poes\u00eda mexicana"}]},{"@type":"WebSite","@id":"https:\/\/booksfrommexico.com\/#website","url":"https:\/\/booksfrommexico.com\/","name":"Books From Mexico","description":"","publisher":{"@id":"https:\/\/booksfrommexico.com\/#organization"},"potentialAction":[{"@type":"SearchAction","target":{"@type":"EntryPoint","urlTemplate":"https:\/\/booksfrommexico.com\/?s={search_term_string}"},"query-input":{"@type":"PropertyValueSpecification","valueRequired":true,"valueName":"search_term_string"}}],"inLanguage":"es"},{"@type":"Organization","@id":"https:\/\/booksfrommexico.com\/#organization","name":"Books From Mexico","url":"https:\/\/booksfrommexico.com\/","logo":{"@type":"ImageObject","inLanguage":"es","@id":"https:\/\/booksfrommexico.com\/#\/schema\/logo\/image\/","url":"https:\/\/booksfrommexico.com\/app\/uploads\/2023\/05\/logo-booksfrommexico.svg","contentUrl":"https:\/\/booksfrommexico.com\/app\/uploads\/2023\/05\/logo-booksfrommexico.svg","width":86,"height":56,"caption":"Books From Mexico"},"image":{"@id":"https:\/\/booksfrommexico.com\/#\/schema\/logo\/image\/"}}]}},"_links":{"self":[{"href":"https:\/\/booksfrommexico.com\/es\/wp-json\/wp\/v2\/product\/6259","targetHints":{"allow":["GET"]}}],"collection":[{"href":"https:\/\/booksfrommexico.com\/es\/wp-json\/wp\/v2\/product"}],"about":[{"href":"https:\/\/booksfrommexico.com\/es\/wp-json\/wp\/v2\/types\/product"}],"wp:featuredmedia":[{"embeddable":true,"href":"https:\/\/booksfrommexico.com\/es\/wp-json\/wp\/v2\/media\/6319"}],"wp:attachment":[{"href":"https:\/\/booksfrommexico.com\/es\/wp-json\/wp\/v2\/media?parent=6259"}],"wp:term":[{"taxonomy":"product_brand","embeddable":true,"href":"https:\/\/booksfrommexico.com\/es\/wp-json\/wp\/v2\/product_brand?post=6259"},{"taxonomy":"product_cat","embeddable":true,"href":"https:\/\/booksfrommexico.com\/es\/wp-json\/wp\/v2\/product_cat?post=6259"},{"taxonomy":"product_tag","embeddable":true,"href":"https:\/\/booksfrommexico.com\/es\/wp-json\/wp\/v2\/product_tag?post=6259"}],"curies":[{"name":"wp","href":"https:\/\/api.w.org\/{rel}","templated":true}]}}